{"id":81092,"date":"2023-12-11T16:32:01","date_gmt":"2023-12-11T16:32:01","guid":{"rendered":"https:\/\/www.loopkinglaces.com\/products\/czerwone-plaskie-bawelniane-sznurowadla-w-stylu-vintage-z-przezroczystymi-koncowkami\/"},"modified":"2023-12-11T16:32:01","modified_gmt":"2023-12-11T16:32:01","slug":"czerwone-plaskie-bawelniane-sznurowadla-w-stylu-vintage-z-przezroczystymi-koncowkami","status":"publish","type":"product","link":"https:\/\/www.loopkinglaces.com\/pl\/products\/czerwone-plaskie-bawelniane-sznurowadla-w-stylu-vintage-z-przezroczystymi-koncowkami\/","title":{"rendered":"Czerwone p\u0142askie bawe\u0142niane sznurowad\u0142a w stylu vintage z przezroczystymi ko\u0144c\u00f3wkami"},"content":{"rendered":"<p>Odkryj idealne po\u0142\u0105czenie uroku retro i nowoczesnej trwa\u0142o\u015bci dzi\u0119ki bawe\u0142nianym sznurowad\u0142om Loop King Vintage Faded Flat. Te sznurowad\u0142a, zaprojektowane z my\u015bl\u0105 o podniesieniu jako\u015bci Twojego obuwia, maj\u0105 unikalny, wyblak\u0142y wygl\u0105d w stylu vintage, kt\u00f3ry dodaje odrobin\u0119 nostalgii do ka\u017cdego stylu obuwia. Wykonane z wysokiej jako\u015bci bawe\u0142ny, zapewniaj\u0105 zar\u00f3wno komfort, jak i d\u0142ugotrwa\u0142e u\u017cytkowanie. Przezroczyste ko\u0144c\u00f3wki nie tylko podkre\u015blaj\u0105 styl vintage sznurowade\u0142, ale tak\u017ce zapewniaj\u0105 dodatkow\u0105 trwa\u0142o\u015b\u0107 przed strz\u0119pieniem. Nadaj\u0105 si\u0119 do wszystkich rodzaj\u00f3w but\u00f3w, od zwyk\u0142ych trampek po formalne buty wizytowe, te sznurowad\u0142a oferuj\u0105 wszechstronno\u015b\u0107 i styl. Ulepsz swoje buty dzi\u0119ki tym wykwintnym sznurowad\u0142om, idealnym dla tych, kt\u00f3rzy ceni\u0105 po\u0142\u0105czenie klasycznej estetyki i wsp\u00f3\u0142czesnej jako\u015bci. Nasze sznurowad\u0142a pasuj\u0105 do wszystkich rodzaj\u00f3w sneakers\u00f3w i marek, w tym Adidas, Nike, VANS i tak dalej, odwied\u017a nasz <a href=\"\/shoelace-size-chart\/\">Przewodnik po rozmiarach<\/a>, gdzie mo\u017cesz znale\u017a\u0107 idealny rozmiar sznurowade\u0142 pasuj\u0105cy do twoich but\u00f3w.     <\/p>\n<p>&nbsp;<\/p>\n","protected":false},"excerpt":{"rendered":"<p><strong>Czerwone p\u0142askie bawe\u0142niane sznurowad\u0142a w stylu vintage z przezroczystymi ko\u0144c\u00f3wkami<\/strong><\/p>\n<p>Wkrocz do \u015bwiata, w kt\u00f3rym klasyczny styl i nowoczesne rzemios\u0142o \u0142\u0105cz\u0105 si\u0119 z bawe\u0142nianymi sznurowad\u0142ami Vintage Faded Flat marki Loop King. Te sznurowad\u0142a, stworzone z my\u015bl\u0105 o mi\u0142o\u015bnikach mody, maj\u0105 charakterystyczny wyblak\u0142y wz\u00f3r, nadaj\u0105c Twoim butom niepowtarzalny styl vintage. Wysokiej jako\u015bci bawe\u0142niany materia\u0142 sprawia, \u017ce s\u0105 one nie tylko stylowe, ale tak\u017ce wytrzyma\u0142e i wygodne w codziennym u\u017cytkowaniu. Dzi\u0119ki innowacyjnym, przezroczystym ko\u0144c\u00f3wkom, sznurowad\u0142a te s\u0105 odporne na strz\u0119pienie, zapewniaj\u0105c Twoim butom nienaganny wygl\u0105d na d\u0142u\u017cej. Niezale\u017cnie od tego, czy odm\u0142adzasz stare ulubione buty, czy dodajesz wyj\u0105tkowego akcentu nowym zakupom, te sznurowad\u0142a s\u0105 idealnym wyborem dla eleganckiego, dopracowanego wygl\u0105du. Poczuj elegancj\u0119 minionych lat w nowoczesnym wydaniu dzi\u0119ki tym znakomitym sznurowad\u0142om Loop King. Zobacz cechy poni\u017cej:  <\/p>\n<ul>\n<li>R\u0119cznie barwione z osobistym akcentem (nie ma dw\u00f3ch takich samych sznur\u00f3wek)<\/li>\n<li>Materia\u0142y premium<\/li>\n<li>Wytrzymuj\u0105 <strong>3 razy d\u0142u\u017cej<\/strong> ni\u017c zwyk\u0142e sznur\u00f3wki<\/li>\n<li>Wysokiej jako\u015bci przezroczyste plastikowe ko\u0144c\u00f3wki<\/li>\n<li>Poliester Bawe\u0142na<\/li>\n<li>Pi\u0119kne opakowanie Loop King na koronk\u0119<\/li>\n<\/ul>\n","protected":false},"featured_media":81093,"comment_status":"open","ping_status":"closed","template":"","meta":{"_acf_changed":false},"product_brand":[],"product_cat":[2142,2118,2125,2147,2089,2148,2146,2098,2141,2145,2140,2035,2143,2144],"product_tag":[2056,2051,2055,2061,2053,2058,2059],"woo-feed-brand":[],"class_list":{"0":"post-81092","1":"product","2":"type-product","3":"status-publish","4":"has-post-thumbnail","6":"product_cat-52-calowe-sznurowadla","7":"product_cat-63-calowe-sznurowadla-sznurowadla-ktore-zmieniaja-wszystko","8":"product_cat-bujne-czerwone-sznurowki-do-butow-turystycznych-ktore-wytrzymuja-trudne-warunki-pogodowe","9":"product_cat-dlaczego-sznurowadla-do-biegania-maja-wieksze-znaczenie-niz-myslisz","10":"product_cat-meskie-sznurowadla-do-butow-ktore-sa-lepsze-niz-oryginaly","11":"product_cat-odkryj-urok-plaskich-bawelnianych-sznurowadel-loop-king-vintage-faded-z-przezroczystymi-koncowkami","12":"product_cat-spiralne-sznurowadla-zabawny-zwrot-w-codziennej-modzie-obuwniczej","13":"product_cat-sznurowki-do-butow-new-balance-popraw-swoj-wyglad","14":"product_cat-sznurowki-do-butow-reebok-odswiez-swoje-obuwie","15":"product_cat-sznurowki-tie-dye-zabawne-spojrzenie-na-klasyczne-obuwie","16":"product_cat-twoje-nowe-sznurowadla-jordan-1-luksusowe-materialy-klasy-premium","17":"product_cat-wszystkie-sznurowadla","18":"product_cat-wybierz-z-naszej-wysokiej-klasy-kolekcji-kolorowych-sznurowadel","19":"product_cat-wytrzymale-sznurowadla-do-butow-ktore-wygladaja-niesamowicie-i-sluza-przez-dlugi-czas","20":"product_tag-czarny","21":"product_tag-loop-king-pl","22":"product_tag-metalowa-koncowka","23":"product_tag-szary","24":"product_tag-sznurowadla","25":"product_tag-sznurowadla-pl","26":"product_tag-sznurowadla-ze-zlota-koncowka","28":"first","29":"instock","30":"taxable","31":"shipping-taxable","32":"purchasable","33":"product-type-variable"},"acf":[],"yoast_head":"<!-- This site is optimized with the Yoast SEO plugin v27.4 - https:\/\/yoast.com\/product\/yoast-seo-wordpress\/ -->\n<title>Czerwone p\u0142askie bawe\u0142niane sznurowad\u0142a z przezroczystymi ko\u0144c\u00f3wkami - Loop King<\/title>\n<meta name=\"description\" content=\"Dodaj odrobin\u0119 elegancji w stylu vintage do swoich but\u00f3w dzi\u0119ki sznurowad\u0142om Loop King&#039;s Red Vintage Faded Shoelaces. Idealne do klasycznego, ale nowoczesnego stylu. Kup teraz!\" \/>\n<meta name=\"robots\" content=\"index, follow, max-snippet:-1, max-image-preview:large, max-video-preview:-1\" \/>\n<link rel=\"canonical\" href=\"https:\/\/www.loopkinglaces.com\/pl\/products\/czerwone-plaskie-bawelniane-sznurowadla-w-stylu-vintage-z-przezroczystymi-koncowkami\/\" \/>\n<meta property=\"og:locale\" content=\"pl_PL\" \/>\n<meta property=\"og:type\" content=\"article\" \/>\n<meta property=\"og:title\" content=\"Czerwone p\u0142askie bawe\u0142niane sznurowad\u0142a z przezroczystymi ko\u0144c\u00f3wkami - Loop King\" \/>\n<meta property=\"og:description\" content=\"Dodaj odrobin\u0119 elegancji w stylu vintage do swoich but\u00f3w dzi\u0119ki sznurowad\u0142om Loop King&#039;s Red Vintage Faded Shoelaces. Idealne do klasycznego, ale nowoczesnego stylu. Kup teraz!\" \/>\n<meta property=\"og:url\" content=\"https:\/\/www.loopkinglaces.com\/pl\/products\/czerwone-plaskie-bawelniane-sznurowadla-w-stylu-vintage-z-przezroczystymi-koncowkami\/\" \/>\n<meta property=\"og:site_name\" content=\"Luxury Gold Tip Shoelaces by Loop King Laces\" \/>\n<meta property=\"article:publisher\" content=\"https:\/\/www.facebook.com\/LoopKingLaces\/\" \/>\n<meta property=\"og:image\" content=\"https:\/\/www.loopkinglaces.com\/wp-content\/uploads\/IMG_9926-scaled.jpg\" \/>\n\t<meta property=\"og:image:width\" content=\"2560\" \/>\n\t<meta property=\"og:image:height\" content=\"2560\" \/>\n\t<meta property=\"og:image:type\" content=\"image\/jpeg\" \/>\n<meta name=\"twitter:card\" content=\"summary_large_image\" \/>\n<meta name=\"twitter:site\" content=\"@loopkinglaces\" \/>\n<meta name=\"twitter:label1\" content=\"Szacowany czas czytania\" \/>\n\t<meta name=\"twitter:data1\" content=\"1 minuta\" \/>\n<script type=\"application\/ld+json\" class=\"yoast-schema-graph\">{\"@context\":\"https:\\\/\\\/schema.org\",\"@graph\":[{\"@type\":[\"WebPage\",\"ItemPage\"],\"@id\":\"https:\\\/\\\/www.loopkinglaces.com\\\/pl\\\/products\\\/czerwone-plaskie-bawelniane-sznurowadla-w-stylu-vintage-z-przezroczystymi-koncowkami\\\/\",\"url\":\"https:\\\/\\\/www.loopkinglaces.com\\\/pl\\\/products\\\/czerwone-plaskie-bawelniane-sznurowadla-w-stylu-vintage-z-przezroczystymi-koncowkami\\\/\",\"name\":\"Czerwone p\u0142askie bawe\u0142niane sznurowad\u0142a z przezroczystymi ko\u0144c\u00f3wkami - Loop King\",\"isPartOf\":{\"@id\":\"https:\\\/\\\/www.loopkinglaces.com\\\/pl\\\/#website\"},\"primaryImageOfPage\":{\"@id\":\"https:\\\/\\\/www.loopkinglaces.com\\\/pl\\\/products\\\/czerwone-plaskie-bawelniane-sznurowadla-w-stylu-vintage-z-przezroczystymi-koncowkami\\\/#primaryimage\"},\"image\":{\"@id\":\"https:\\\/\\\/www.loopkinglaces.com\\\/pl\\\/products\\\/czerwone-plaskie-bawelniane-sznurowadla-w-stylu-vintage-z-przezroczystymi-koncowkami\\\/#primaryimage\"},\"thumbnailUrl\":\"https:\\\/\\\/www.loopkinglaces.com\\\/wp-content\\\/uploads\\\/IMG_9926-scaled.jpg\",\"datePublished\":\"2023-12-11T16:32:01+00:00\",\"description\":\"Dodaj odrobin\u0119 elegancji w stylu vintage do swoich but\u00f3w dzi\u0119ki sznurowad\u0142om Loop King's Red Vintage Faded Shoelaces. Idealne do klasycznego, ale nowoczesnego stylu. Kup teraz!\",\"breadcrumb\":{\"@id\":\"https:\\\/\\\/www.loopkinglaces.com\\\/pl\\\/products\\\/czerwone-plaskie-bawelniane-sznurowadla-w-stylu-vintage-z-przezroczystymi-koncowkami\\\/#breadcrumb\"},\"inLanguage\":\"pl-PL\",\"potentialAction\":[{\"@type\":\"ReadAction\",\"target\":[\"https:\\\/\\\/www.loopkinglaces.com\\\/pl\\\/products\\\/czerwone-plaskie-bawelniane-sznurowadla-w-stylu-vintage-z-przezroczystymi-koncowkami\\\/\"]}]},{\"@type\":\"ImageObject\",\"inLanguage\":\"pl-PL\",\"@id\":\"https:\\\/\\\/www.loopkinglaces.com\\\/pl\\\/products\\\/czerwone-plaskie-bawelniane-sznurowadla-w-stylu-vintage-z-przezroczystymi-koncowkami\\\/#primaryimage\",\"url\":\"https:\\\/\\\/www.loopkinglaces.com\\\/wp-content\\\/uploads\\\/IMG_9926-scaled.jpg\",\"contentUrl\":\"https:\\\/\\\/www.loopkinglaces.com\\\/wp-content\\\/uploads\\\/IMG_9926-scaled.jpg\",\"width\":2560,\"height\":2560},{\"@type\":\"BreadcrumbList\",\"@id\":\"https:\\\/\\\/www.loopkinglaces.com\\\/pl\\\/products\\\/czerwone-plaskie-bawelniane-sznurowadla-w-stylu-vintage-z-przezroczystymi-koncowkami\\\/#breadcrumb\",\"itemListElement\":[{\"@type\":\"ListItem\",\"position\":1,\"name\":\"Home\",\"item\":\"https:\\\/\\\/www.loopkinglaces.com\\\/pl\\\/\"},{\"@type\":\"ListItem\",\"position\":2,\"name\":\"BUY LACES\",\"item\":\"https:\\\/\\\/www.loopkinglaces.com\\\/buy-laces\\\/\"},{\"@type\":\"ListItem\",\"position\":3,\"name\":\"Czerwone p\u0142askie bawe\u0142niane sznurowad\u0142a w stylu vintage z przezroczystymi ko\u0144c\u00f3wkami\"}]},{\"@type\":\"WebSite\",\"@id\":\"https:\\\/\\\/www.loopkinglaces.com\\\/pl\\\/#website\",\"url\":\"https:\\\/\\\/www.loopkinglaces.com\\\/pl\\\/\",\"name\":\"Luxury Gold Tip Shoelaces by Loop King Laces\",\"description\":\"Rope Laces, Flat Waxed Laces and Leather Laces. All With Gold Tips.\",\"publisher\":{\"@id\":\"https:\\\/\\\/www.loopkinglaces.com\\\/pl\\\/#organization\"},\"potentialAction\":[{\"@type\":\"SearchAction\",\"target\":{\"@type\":\"EntryPoint\",\"urlTemplate\":\"https:\\\/\\\/www.loopkinglaces.com\\\/pl\\\/?s={search_term_string}\"},\"query-input\":{\"@type\":\"PropertyValueSpecification\",\"valueRequired\":true,\"valueName\":\"search_term_string\"}}],\"inLanguage\":\"pl-PL\"},{\"@type\":\"Organization\",\"@id\":\"https:\\\/\\\/www.loopkinglaces.com\\\/pl\\\/#organization\",\"name\":\"Loop King Laces\",\"url\":\"https:\\\/\\\/www.loopkinglaces.com\\\/pl\\\/\",\"logo\":{\"@type\":\"ImageObject\",\"inLanguage\":\"pl-PL\",\"@id\":\"https:\\\/\\\/www.loopkinglaces.com\\\/pl\\\/#\\\/schema\\\/logo\\\/image\\\/\",\"url\":\"https:\\\/\\\/www.loopkinglaces.com\\\/wp-content\\\/uploads\\\/LOOP-KING-LACES.1.1-01-LOGO-HI-RES-OFFICIAL-1.png\",\"contentUrl\":\"https:\\\/\\\/www.loopkinglaces.com\\\/wp-content\\\/uploads\\\/LOOP-KING-LACES.1.1-01-LOGO-HI-RES-OFFICIAL-1.png\",\"width\":128,\"height\":91,\"caption\":\"Loop King Laces\"},\"image\":{\"@id\":\"https:\\\/\\\/www.loopkinglaces.com\\\/pl\\\/#\\\/schema\\\/logo\\\/image\\\/\"},\"sameAs\":[\"https:\\\/\\\/www.facebook.com\\\/LoopKingLaces\\\/\",\"https:\\\/\\\/x.com\\\/loopkinglaces\",\"https:\\\/\\\/www.instagram.com\\\/loopkinglaces\\\/\"]}]}<\/script>\n<!-- \/ Yoast SEO plugin. -->","yoast_head_json":{"title":"Czerwone p\u0142askie bawe\u0142niane sznurowad\u0142a z przezroczystymi ko\u0144c\u00f3wkami - Loop King","description":"Dodaj odrobin\u0119 elegancji w stylu vintage do swoich but\u00f3w dzi\u0119ki sznurowad\u0142om Loop King's Red Vintage Faded Shoelaces. Idealne do klasycznego, ale nowoczesnego stylu. Kup teraz!","robots":{"index":"index","follow":"follow","max-snippet":"max-snippet:-1","max-image-preview":"max-image-preview:large","max-video-preview":"max-video-preview:-1"},"canonical":"https:\/\/www.loopkinglaces.com\/pl\/products\/czerwone-plaskie-bawelniane-sznurowadla-w-stylu-vintage-z-przezroczystymi-koncowkami\/","og_locale":"pl_PL","og_type":"article","og_title":"Czerwone p\u0142askie bawe\u0142niane sznurowad\u0142a z przezroczystymi ko\u0144c\u00f3wkami - Loop King","og_description":"Dodaj odrobin\u0119 elegancji w stylu vintage do swoich but\u00f3w dzi\u0119ki sznurowad\u0142om Loop King's Red Vintage Faded Shoelaces. Idealne do klasycznego, ale nowoczesnego stylu. Kup teraz!","og_url":"https:\/\/www.loopkinglaces.com\/pl\/products\/czerwone-plaskie-bawelniane-sznurowadla-w-stylu-vintage-z-przezroczystymi-koncowkami\/","og_site_name":"Luxury Gold Tip Shoelaces by Loop King Laces","article_publisher":"https:\/\/www.facebook.com\/LoopKingLaces\/","og_image":[{"width":2560,"height":2560,"url":"https:\/\/www.loopkinglaces.com\/wp-content\/uploads\/IMG_9926-scaled.jpg","type":"image\/jpeg"}],"twitter_card":"summary_large_image","twitter_site":"@loopkinglaces","twitter_misc":{"Szacowany czas czytania":"1 minuta"},"schema":{"@context":"https:\/\/schema.org","@graph":[{"@type":["WebPage","ItemPage"],"@id":"https:\/\/www.loopkinglaces.com\/pl\/products\/czerwone-plaskie-bawelniane-sznurowadla-w-stylu-vintage-z-przezroczystymi-koncowkami\/","url":"https:\/\/www.loopkinglaces.com\/pl\/products\/czerwone-plaskie-bawelniane-sznurowadla-w-stylu-vintage-z-przezroczystymi-koncowkami\/","name":"Czerwone p\u0142askie bawe\u0142niane sznurowad\u0142a z przezroczystymi ko\u0144c\u00f3wkami - Loop King","isPartOf":{"@id":"https:\/\/www.loopkinglaces.com\/pl\/#website"},"primaryImageOfPage":{"@id":"https:\/\/www.loopkinglaces.com\/pl\/products\/czerwone-plaskie-bawelniane-sznurowadla-w-stylu-vintage-z-przezroczystymi-koncowkami\/#primaryimage"},"image":{"@id":"https:\/\/www.loopkinglaces.com\/pl\/products\/czerwone-plaskie-bawelniane-sznurowadla-w-stylu-vintage-z-przezroczystymi-koncowkami\/#primaryimage"},"thumbnailUrl":"https:\/\/www.loopkinglaces.com\/wp-content\/uploads\/IMG_9926-scaled.jpg","datePublished":"2023-12-11T16:32:01+00:00","description":"Dodaj odrobin\u0119 elegancji w stylu vintage do swoich but\u00f3w dzi\u0119ki sznurowad\u0142om Loop King's Red Vintage Faded Shoelaces. Idealne do klasycznego, ale nowoczesnego stylu. Kup teraz!","breadcrumb":{"@id":"https:\/\/www.loopkinglaces.com\/pl\/products\/czerwone-plaskie-bawelniane-sznurowadla-w-stylu-vintage-z-przezroczystymi-koncowkami\/#breadcrumb"},"inLanguage":"pl-PL","potentialAction":[{"@type":"ReadAction","target":["https:\/\/www.loopkinglaces.com\/pl\/products\/czerwone-plaskie-bawelniane-sznurowadla-w-stylu-vintage-z-przezroczystymi-koncowkami\/"]}]},{"@type":"ImageObject","inLanguage":"pl-PL","@id":"https:\/\/www.loopkinglaces.com\/pl\/products\/czerwone-plaskie-bawelniane-sznurowadla-w-stylu-vintage-z-przezroczystymi-koncowkami\/#primaryimage","url":"https:\/\/www.loopkinglaces.com\/wp-content\/uploads\/IMG_9926-scaled.jpg","contentUrl":"https:\/\/www.loopkinglaces.com\/wp-content\/uploads\/IMG_9926-scaled.jpg","width":2560,"height":2560},{"@type":"BreadcrumbList","@id":"https:\/\/www.loopkinglaces.com\/pl\/products\/czerwone-plaskie-bawelniane-sznurowadla-w-stylu-vintage-z-przezroczystymi-koncowkami\/#breadcrumb","itemListElement":[{"@type":"ListItem","position":1,"name":"Home","item":"https:\/\/www.loopkinglaces.com\/pl\/"},{"@type":"ListItem","position":2,"name":"BUY LACES","item":"https:\/\/www.loopkinglaces.com\/buy-laces\/"},{"@type":"ListItem","position":3,"name":"Czerwone p\u0142askie bawe\u0142niane sznurowad\u0142a w stylu vintage z przezroczystymi ko\u0144c\u00f3wkami"}]},{"@type":"WebSite","@id":"https:\/\/www.loopkinglaces.com\/pl\/#website","url":"https:\/\/www.loopkinglaces.com\/pl\/","name":"Luxury Gold Tip Shoelaces by Loop King Laces","description":"Rope Laces, Flat Waxed Laces and Leather Laces. All With Gold Tips.","publisher":{"@id":"https:\/\/www.loopkinglaces.com\/pl\/#organization"},"potentialAction":[{"@type":"SearchAction","target":{"@type":"EntryPoint","urlTemplate":"https:\/\/www.loopkinglaces.com\/pl\/?s={search_term_string}"},"query-input":{"@type":"PropertyValueSpecification","valueRequired":true,"valueName":"search_term_string"}}],"inLanguage":"pl-PL"},{"@type":"Organization","@id":"https:\/\/www.loopkinglaces.com\/pl\/#organization","name":"Loop King Laces","url":"https:\/\/www.loopkinglaces.com\/pl\/","logo":{"@type":"ImageObject","inLanguage":"pl-PL","@id":"https:\/\/www.loopkinglaces.com\/pl\/#\/schema\/logo\/image\/","url":"https:\/\/www.loopkinglaces.com\/wp-content\/uploads\/LOOP-KING-LACES.1.1-01-LOGO-HI-RES-OFFICIAL-1.png","contentUrl":"https:\/\/www.loopkinglaces.com\/wp-content\/uploads\/LOOP-KING-LACES.1.1-01-LOGO-HI-RES-OFFICIAL-1.png","width":128,"height":91,"caption":"Loop King Laces"},"image":{"@id":"https:\/\/www.loopkinglaces.com\/pl\/#\/schema\/logo\/image\/"},"sameAs":["https:\/\/www.facebook.com\/LoopKingLaces\/","https:\/\/x.com\/loopkinglaces","https:\/\/www.instagram.com\/loopkinglaces\/"]}]}},"_links":{"self":[{"href":"https:\/\/www.loopkinglaces.com\/pl\/wp-json\/wp\/v2\/product\/81092","targetHints":{"allow":["GET"]}}],"collection":[{"href":"https:\/\/www.loopkinglaces.com\/pl\/wp-json\/wp\/v2\/product"}],"about":[{"href":"https:\/\/www.loopkinglaces.com\/pl\/wp-json\/wp\/v2\/types\/product"}],"replies":[{"embeddable":true,"href":"https:\/\/www.loopkinglaces.com\/pl\/wp-json\/wp\/v2\/comments?post=81092"}],"wp:featuredmedia":[{"embeddable":true,"href":"https:\/\/www.loopkinglaces.com\/pl\/wp-json\/wp\/v2\/media\/81093"}],"wp:attachment":[{"href":"https:\/\/www.loopkinglaces.com\/pl\/wp-json\/wp\/v2\/media?parent=81092"}],"wp:term":[{"taxonomy":"product_brand","embeddable":true,"href":"https:\/\/www.loopkinglaces.com\/pl\/wp-json\/wp\/v2\/product_brand?post=81092"},{"taxonomy":"product_cat","embeddable":true,"href":"https:\/\/www.loopkinglaces.com\/pl\/wp-json\/wp\/v2\/product_cat?post=81092"},{"taxonomy":"product_tag","embeddable":true,"href":"https:\/\/www.loopkinglaces.com\/pl\/wp-json\/wp\/v2\/product_tag?post=81092"},{"taxonomy":"woo-feed-brand","embeddable":true,"href":"https:\/\/www.loopkinglaces.com\/pl\/wp-json\/wp\/v2\/woo-feed-brand?post=81092"}],"curies":[{"name":"wp","href":"https:\/\/api.w.org\/{rel}","templated":true}]}}