{"id":81061,"date":"2023-12-08T19:34:49","date_gmt":"2023-12-08T19:34:49","guid":{"rendered":"https:\/\/www.loopkinglaces.com\/products\/czerwone-cienkie-sznurowadla-z-przezroczystymi-koncowkami\/"},"modified":"2023-12-08T19:34:49","modified_gmt":"2023-12-08T19:34:49","slug":"czerwone-cienkie-sznurowadla-z-przezroczystymi-koncowkami","status":"publish","type":"product","link":"https:\/\/www.loopkinglaces.com\/pl\/products\/czerwone-cienkie-sznurowadla-z-przezroczystymi-koncowkami\/","title":{"rendered":"Czerwone cienkie sznurowad\u0142a z przezroczystymi ko\u0144c\u00f3wkami"},"content":{"rendered":"<h3><a href=\"https:\/\/www.loopkinglaces.com\/\">Luksusowe sznur\u00f3wki do trampek<\/a><\/h3>\n<p>Wejd\u017a w styl z Loop King Laces. Nasze cienkie sznurowad\u0142a, ozdobione przezroczystymi plastikowymi ko\u0144c\u00f3wkami, s\u0105 wykonane z wysokiej jako\u015bci materia\u0142\u00f3w. Zosta\u0142y zaprojektowane z my\u015bl\u0105 o d\u0142u\u017cszej \u017cywotno\u015bci, trzykrotnie d\u0142u\u017cszej ni\u017c w przypadku tradycyjnych sznurowade\u0142. Nasze sznurowad\u0142a pasuj\u0105 do wszystkich rodzaj\u00f3w sneakers\u00f3w i marek, w tym Adidas, Nike, VANS i tak dalej, odwied\u017a nasz <a href=\"\/shoelace-size-chart\/\">przewodnik po rozmiarach<\/a>, w kt\u00f3rym znajdziesz idealny rozmiar sznurowade\u0142 pasuj\u0105cy do twoich but\u00f3w.  <\/p>\n<p>&nbsp;<\/p>\n","protected":false},"excerpt":{"rendered":"<p><strong>Czerwone cienkie sznurowad\u0142a z przezroczystymi ko\u0144c\u00f3wkami<\/strong><\/p>\n<p>Podaruj swoim butom luksusowy wygl\u0105d dzi\u0119ki sznurowad\u0142om Loop King. Nasze cienkie sznurowad\u0142a z przezroczystymi plastikowymi ko\u0144c\u00f3wkami s\u0105 wykonane z elitarnych materia\u0142\u00f3w. Spodziewaj si\u0119 \u017cywotno\u015bci, kt\u00f3ra trzykrotnie przewy\u017csza zwyk\u0142e sznurowad\u0142a. Sprawd\u017a ich szerokie mo\u017cliwo\u015bci poni\u017cej:   <\/p>\n<ul>\n<li>Szeroko\u015b\u0107 od 2,5 do 3 mm (okr\u0105g\u0142e)<\/li>\n<li>Materia\u0142y premium<\/li>\n<li>Wytrzymuj\u0105 <strong>3 razy d\u0142u\u017cej<\/strong> ni\u017c zwyk\u0142e sznur\u00f3wki<\/li>\n<li>Wysokiej jako\u015bci przezroczyste plastikowe ko\u0144c\u00f3wki<\/li>\n<li>100% bawe\u0142na o d\u0142ugim splocie<\/li>\n<li>Pi\u0119kne opakowanie Loop King na koronk\u0119<\/li>\n<\/ul>\n","protected":false},"featured_media":81043,"comment_status":"open","ping_status":"closed","template":"","meta":{"_acf_changed":false},"product_brand":[],"product_cat":[2081,2125,2046,2039,2089,2075,2049,2124,2126,2123,2038,2091,2079,2107,2035],"product_tag":[2056,2051,2055,2061,2053,2058,2059],"woo-feed-brand":[],"class_list":{"0":"post-81061","1":"product","2":"type-product","3":"status-publish","4":"has-post-thumbnail","6":"product_cat-72-calowe-sznurowadla-do-butow-ktore-uwolnia-twoj-styl","7":"product_cat-bujne-czerwone-sznurowki-do-butow-turystycznych-ktore-wytrzymuja-trudne-warunki-pogodowe","8":"product_cat-cienkie-sznurowadla-maly-zwrot-w-twoim-klasycznym-wygladzie","9":"product_cat-eleganckie-i-wytrzymale-sznurowadla-golfowe-dzieki-ktorym-zablysniesz-na-polu-golfowym","10":"product_cat-meskie-sznurowadla-do-butow-ktore-sa-lepsze-niz-oryginaly","11":"product_cat-najwyzszej-jakosci-sznurowadla-pilkarskie-trwale-i-fantazyjne","12":"product_cat-odkryj-elegancje-cienkich-sznurowadel-z-wytrzymalymi-przezroczystymi-plastikowymi-koncowkami","13":"product_cat-oszalamiajace-czerwone-sznurowki-yeezy-380-pepper-ktore-wygladaja-znakomicie","14":"product_cat-pine-green-jordan-1-red-laces-aby-wyroznic-sie-z-tlumu","15":"product_cat-sznurowadla-48-cali","16":"product_cat-sznurowadla-do-eleganckich-butow-w-ktorych-wyjdziesz-na-miasto-w-dobrym-stylu","17":"product_cat-sznurowadla-pilkarskie-ktore-sa-czyms-wiecej-niz-tylko-zapieciem","18":"product_cat-sznurowadla-sorel-wiecej-niz-tylko-sznurek-do-twojej-podeszwy","19":"product_cat-sznurowanie-zabawnych-sznurowadel-zanurz-sie-w-ekscytujacych-sznurowadlach","20":"product_cat-wszystkie-sznurowadla","21":"product_tag-czarny","22":"product_tag-loop-king-pl","23":"product_tag-metalowa-koncowka","24":"product_tag-szary","25":"product_tag-sznurowadla","26":"product_tag-sznurowadla-pl","27":"product_tag-sznurowadla-ze-zlota-koncowka","29":"first","30":"instock","31":"taxable","32":"shipping-taxable","33":"purchasable","34":"product-type-variable"},"acf":[],"yoast_head":"<!-- This site is optimized with the Yoast SEO plugin v27.3 - https:\/\/yoast.com\/product\/yoast-seo-wordpress\/ -->\n<title>Czerwone cienkie sznurowad\u0142a z przezroczystymi ko\u0144c\u00f3wkami - od Loop King<\/title>\n<meta name=\"description\" content=\"Zrewolucjonizuj swoje buty dzi\u0119ki czerwonym cienkim sznurowad\u0142om Loop King. Najwy\u017cszej jako\u015bci materia\u0142y, wyra\u017ane ko\u0144c\u00f3wki, niezr\u00f3wnany styl. Wybierane przez mi\u0142o\u015bnik\u00f3w mody!\" \/>\n<meta name=\"robots\" content=\"index, follow, max-snippet:-1, max-image-preview:large, max-video-preview:-1\" \/>\n<link rel=\"canonical\" href=\"https:\/\/www.loopkinglaces.com\/pl\/products\/czerwone-cienkie-sznurowadla-z-przezroczystymi-koncowkami\/\" \/>\n<meta property=\"og:locale\" content=\"pl_PL\" \/>\n<meta property=\"og:type\" content=\"article\" \/>\n<meta property=\"og:title\" content=\"Czerwone cienkie sznurowad\u0142a z przezroczystymi ko\u0144c\u00f3wkami - od Loop King\" \/>\n<meta property=\"og:description\" content=\"Zrewolucjonizuj swoje buty dzi\u0119ki czerwonym cienkim sznurowad\u0142om Loop King. Najwy\u017cszej jako\u015bci materia\u0142y, wyra\u017ane ko\u0144c\u00f3wki, niezr\u00f3wnany styl. Wybierane przez mi\u0142o\u015bnik\u00f3w mody!\" \/>\n<meta property=\"og:url\" content=\"https:\/\/www.loopkinglaces.com\/pl\/products\/czerwone-cienkie-sznurowadla-z-przezroczystymi-koncowkami\/\" \/>\n<meta property=\"og:site_name\" content=\"Luxury Gold Tip Shoelaces by Loop King Laces\" \/>\n<meta property=\"article:publisher\" content=\"https:\/\/www.facebook.com\/LoopKingLaces\/\" \/>\n<meta property=\"og:image\" content=\"https:\/\/www.loopkinglaces.com\/wp-content\/uploads\/Red-Thin-Rope-scaled.jpg\" \/>\n\t<meta property=\"og:image:width\" content=\"2560\" \/>\n\t<meta property=\"og:image:height\" content=\"2560\" \/>\n\t<meta property=\"og:image:type\" content=\"image\/jpeg\" \/>\n<meta name=\"twitter:card\" content=\"summary_large_image\" \/>\n<meta name=\"twitter:site\" content=\"@loopkinglaces\" \/>\n<script type=\"application\/ld+json\" class=\"yoast-schema-graph\">{\"@context\":\"https:\\\/\\\/schema.org\",\"@graph\":[{\"@type\":[\"WebPage\",\"ItemPage\"],\"@id\":\"https:\\\/\\\/www.loopkinglaces.com\\\/pl\\\/products\\\/czerwone-cienkie-sznurowadla-z-przezroczystymi-koncowkami\\\/\",\"url\":\"https:\\\/\\\/www.loopkinglaces.com\\\/pl\\\/products\\\/czerwone-cienkie-sznurowadla-z-przezroczystymi-koncowkami\\\/\",\"name\":\"Czerwone cienkie sznurowad\u0142a z przezroczystymi ko\u0144c\u00f3wkami - od Loop King\",\"isPartOf\":{\"@id\":\"https:\\\/\\\/www.loopkinglaces.com\\\/pl\\\/#website\"},\"primaryImageOfPage\":{\"@id\":\"https:\\\/\\\/www.loopkinglaces.com\\\/pl\\\/products\\\/czerwone-cienkie-sznurowadla-z-przezroczystymi-koncowkami\\\/#primaryimage\"},\"image\":{\"@id\":\"https:\\\/\\\/www.loopkinglaces.com\\\/pl\\\/products\\\/czerwone-cienkie-sznurowadla-z-przezroczystymi-koncowkami\\\/#primaryimage\"},\"thumbnailUrl\":\"https:\\\/\\\/www.loopkinglaces.com\\\/wp-content\\\/uploads\\\/Red-Thin-Rope-scaled.jpg\",\"datePublished\":\"2023-12-08T19:34:49+00:00\",\"description\":\"Zrewolucjonizuj swoje buty dzi\u0119ki czerwonym cienkim sznurowad\u0142om Loop King. Najwy\u017cszej jako\u015bci materia\u0142y, wyra\u017ane ko\u0144c\u00f3wki, niezr\u00f3wnany styl. Wybierane przez mi\u0142o\u015bnik\u00f3w mody!\",\"breadcrumb\":{\"@id\":\"https:\\\/\\\/www.loopkinglaces.com\\\/pl\\\/products\\\/czerwone-cienkie-sznurowadla-z-przezroczystymi-koncowkami\\\/#breadcrumb\"},\"inLanguage\":\"pl-PL\",\"potentialAction\":[{\"@type\":\"ReadAction\",\"target\":[\"https:\\\/\\\/www.loopkinglaces.com\\\/pl\\\/products\\\/czerwone-cienkie-sznurowadla-z-przezroczystymi-koncowkami\\\/\"]}]},{\"@type\":\"ImageObject\",\"inLanguage\":\"pl-PL\",\"@id\":\"https:\\\/\\\/www.loopkinglaces.com\\\/pl\\\/products\\\/czerwone-cienkie-sznurowadla-z-przezroczystymi-koncowkami\\\/#primaryimage\",\"url\":\"https:\\\/\\\/www.loopkinglaces.com\\\/wp-content\\\/uploads\\\/Red-Thin-Rope-scaled.jpg\",\"contentUrl\":\"https:\\\/\\\/www.loopkinglaces.com\\\/wp-content\\\/uploads\\\/Red-Thin-Rope-scaled.jpg\",\"width\":2560,\"height\":2560},{\"@type\":\"BreadcrumbList\",\"@id\":\"https:\\\/\\\/www.loopkinglaces.com\\\/pl\\\/products\\\/czerwone-cienkie-sznurowadla-z-przezroczystymi-koncowkami\\\/#breadcrumb\",\"itemListElement\":[{\"@type\":\"ListItem\",\"position\":1,\"name\":\"Home\",\"item\":\"https:\\\/\\\/www.loopkinglaces.com\\\/pl\\\/\"},{\"@type\":\"ListItem\",\"position\":2,\"name\":\"BUY LACES\",\"item\":\"https:\\\/\\\/www.loopkinglaces.com\\\/buy-laces\\\/\"},{\"@type\":\"ListItem\",\"position\":3,\"name\":\"Czerwone cienkie sznurowad\u0142a z przezroczystymi ko\u0144c\u00f3wkami\"}]},{\"@type\":\"WebSite\",\"@id\":\"https:\\\/\\\/www.loopkinglaces.com\\\/pl\\\/#website\",\"url\":\"https:\\\/\\\/www.loopkinglaces.com\\\/pl\\\/\",\"name\":\"Luxury Gold Tip Shoelaces by Loop King Laces\",\"description\":\"Rope Laces, Flat Waxed Laces and Leather Laces. All With Gold Tips.\",\"publisher\":{\"@id\":\"https:\\\/\\\/www.loopkinglaces.com\\\/pl\\\/#organization\"},\"potentialAction\":[{\"@type\":\"SearchAction\",\"target\":{\"@type\":\"EntryPoint\",\"urlTemplate\":\"https:\\\/\\\/www.loopkinglaces.com\\\/pl\\\/?s={search_term_string}\"},\"query-input\":{\"@type\":\"PropertyValueSpecification\",\"valueRequired\":true,\"valueName\":\"search_term_string\"}}],\"inLanguage\":\"pl-PL\"},{\"@type\":\"Organization\",\"@id\":\"https:\\\/\\\/www.loopkinglaces.com\\\/pl\\\/#organization\",\"name\":\"Loop King Laces\",\"url\":\"https:\\\/\\\/www.loopkinglaces.com\\\/pl\\\/\",\"logo\":{\"@type\":\"ImageObject\",\"inLanguage\":\"pl-PL\",\"@id\":\"https:\\\/\\\/www.loopkinglaces.com\\\/pl\\\/#\\\/schema\\\/logo\\\/image\\\/\",\"url\":\"https:\\\/\\\/www.loopkinglaces.com\\\/wp-content\\\/uploads\\\/LOOP-KING-LACES.1.1-01-LOGO-HI-RES-OFFICIAL-1.png\",\"contentUrl\":\"https:\\\/\\\/www.loopkinglaces.com\\\/wp-content\\\/uploads\\\/LOOP-KING-LACES.1.1-01-LOGO-HI-RES-OFFICIAL-1.png\",\"width\":128,\"height\":91,\"caption\":\"Loop King Laces\"},\"image\":{\"@id\":\"https:\\\/\\\/www.loopkinglaces.com\\\/pl\\\/#\\\/schema\\\/logo\\\/image\\\/\"},\"sameAs\":[\"https:\\\/\\\/www.facebook.com\\\/LoopKingLaces\\\/\",\"https:\\\/\\\/x.com\\\/loopkinglaces\",\"https:\\\/\\\/www.instagram.com\\\/loopkinglaces\\\/\"]}]}<\/script>\n<!-- \/ Yoast SEO plugin. -->","yoast_head_json":{"title":"Czerwone cienkie sznurowad\u0142a z przezroczystymi ko\u0144c\u00f3wkami - od Loop King","description":"Zrewolucjonizuj swoje buty dzi\u0119ki czerwonym cienkim sznurowad\u0142om Loop King. Najwy\u017cszej jako\u015bci materia\u0142y, wyra\u017ane ko\u0144c\u00f3wki, niezr\u00f3wnany styl. Wybierane przez mi\u0142o\u015bnik\u00f3w mody!","robots":{"index":"index","follow":"follow","max-snippet":"max-snippet:-1","max-image-preview":"max-image-preview:large","max-video-preview":"max-video-preview:-1"},"canonical":"https:\/\/www.loopkinglaces.com\/pl\/products\/czerwone-cienkie-sznurowadla-z-przezroczystymi-koncowkami\/","og_locale":"pl_PL","og_type":"article","og_title":"Czerwone cienkie sznurowad\u0142a z przezroczystymi ko\u0144c\u00f3wkami - od Loop King","og_description":"Zrewolucjonizuj swoje buty dzi\u0119ki czerwonym cienkim sznurowad\u0142om Loop King. Najwy\u017cszej jako\u015bci materia\u0142y, wyra\u017ane ko\u0144c\u00f3wki, niezr\u00f3wnany styl. Wybierane przez mi\u0142o\u015bnik\u00f3w mody!","og_url":"https:\/\/www.loopkinglaces.com\/pl\/products\/czerwone-cienkie-sznurowadla-z-przezroczystymi-koncowkami\/","og_site_name":"Luxury Gold Tip Shoelaces by Loop King Laces","article_publisher":"https:\/\/www.facebook.com\/LoopKingLaces\/","og_image":[{"width":2560,"height":2560,"url":"https:\/\/www.loopkinglaces.com\/wp-content\/uploads\/Red-Thin-Rope-scaled.jpg","type":"image\/jpeg"}],"twitter_card":"summary_large_image","twitter_site":"@loopkinglaces","schema":{"@context":"https:\/\/schema.org","@graph":[{"@type":["WebPage","ItemPage"],"@id":"https:\/\/www.loopkinglaces.com\/pl\/products\/czerwone-cienkie-sznurowadla-z-przezroczystymi-koncowkami\/","url":"https:\/\/www.loopkinglaces.com\/pl\/products\/czerwone-cienkie-sznurowadla-z-przezroczystymi-koncowkami\/","name":"Czerwone cienkie sznurowad\u0142a z przezroczystymi ko\u0144c\u00f3wkami - od Loop King","isPartOf":{"@id":"https:\/\/www.loopkinglaces.com\/pl\/#website"},"primaryImageOfPage":{"@id":"https:\/\/www.loopkinglaces.com\/pl\/products\/czerwone-cienkie-sznurowadla-z-przezroczystymi-koncowkami\/#primaryimage"},"image":{"@id":"https:\/\/www.loopkinglaces.com\/pl\/products\/czerwone-cienkie-sznurowadla-z-przezroczystymi-koncowkami\/#primaryimage"},"thumbnailUrl":"https:\/\/www.loopkinglaces.com\/wp-content\/uploads\/Red-Thin-Rope-scaled.jpg","datePublished":"2023-12-08T19:34:49+00:00","description":"Zrewolucjonizuj swoje buty dzi\u0119ki czerwonym cienkim sznurowad\u0142om Loop King. Najwy\u017cszej jako\u015bci materia\u0142y, wyra\u017ane ko\u0144c\u00f3wki, niezr\u00f3wnany styl. Wybierane przez mi\u0142o\u015bnik\u00f3w mody!","breadcrumb":{"@id":"https:\/\/www.loopkinglaces.com\/pl\/products\/czerwone-cienkie-sznurowadla-z-przezroczystymi-koncowkami\/#breadcrumb"},"inLanguage":"pl-PL","potentialAction":[{"@type":"ReadAction","target":["https:\/\/www.loopkinglaces.com\/pl\/products\/czerwone-cienkie-sznurowadla-z-przezroczystymi-koncowkami\/"]}]},{"@type":"ImageObject","inLanguage":"pl-PL","@id":"https:\/\/www.loopkinglaces.com\/pl\/products\/czerwone-cienkie-sznurowadla-z-przezroczystymi-koncowkami\/#primaryimage","url":"https:\/\/www.loopkinglaces.com\/wp-content\/uploads\/Red-Thin-Rope-scaled.jpg","contentUrl":"https:\/\/www.loopkinglaces.com\/wp-content\/uploads\/Red-Thin-Rope-scaled.jpg","width":2560,"height":2560},{"@type":"BreadcrumbList","@id":"https:\/\/www.loopkinglaces.com\/pl\/products\/czerwone-cienkie-sznurowadla-z-przezroczystymi-koncowkami\/#breadcrumb","itemListElement":[{"@type":"ListItem","position":1,"name":"Home","item":"https:\/\/www.loopkinglaces.com\/pl\/"},{"@type":"ListItem","position":2,"name":"BUY LACES","item":"https:\/\/www.loopkinglaces.com\/buy-laces\/"},{"@type":"ListItem","position":3,"name":"Czerwone cienkie sznurowad\u0142a z przezroczystymi ko\u0144c\u00f3wkami"}]},{"@type":"WebSite","@id":"https:\/\/www.loopkinglaces.com\/pl\/#website","url":"https:\/\/www.loopkinglaces.com\/pl\/","name":"Luxury Gold Tip Shoelaces by Loop King Laces","description":"Rope Laces, Flat Waxed Laces and Leather Laces. All With Gold Tips.","publisher":{"@id":"https:\/\/www.loopkinglaces.com\/pl\/#organization"},"potentialAction":[{"@type":"SearchAction","target":{"@type":"EntryPoint","urlTemplate":"https:\/\/www.loopkinglaces.com\/pl\/?s={search_term_string}"},"query-input":{"@type":"PropertyValueSpecification","valueRequired":true,"valueName":"search_term_string"}}],"inLanguage":"pl-PL"},{"@type":"Organization","@id":"https:\/\/www.loopkinglaces.com\/pl\/#organization","name":"Loop King Laces","url":"https:\/\/www.loopkinglaces.com\/pl\/","logo":{"@type":"ImageObject","inLanguage":"pl-PL","@id":"https:\/\/www.loopkinglaces.com\/pl\/#\/schema\/logo\/image\/","url":"https:\/\/www.loopkinglaces.com\/wp-content\/uploads\/LOOP-KING-LACES.1.1-01-LOGO-HI-RES-OFFICIAL-1.png","contentUrl":"https:\/\/www.loopkinglaces.com\/wp-content\/uploads\/LOOP-KING-LACES.1.1-01-LOGO-HI-RES-OFFICIAL-1.png","width":128,"height":91,"caption":"Loop King Laces"},"image":{"@id":"https:\/\/www.loopkinglaces.com\/pl\/#\/schema\/logo\/image\/"},"sameAs":["https:\/\/www.facebook.com\/LoopKingLaces\/","https:\/\/x.com\/loopkinglaces","https:\/\/www.instagram.com\/loopkinglaces\/"]}]}},"_links":{"self":[{"href":"https:\/\/www.loopkinglaces.com\/pl\/wp-json\/wp\/v2\/product\/81061","targetHints":{"allow":["GET"]}}],"collection":[{"href":"https:\/\/www.loopkinglaces.com\/pl\/wp-json\/wp\/v2\/product"}],"about":[{"href":"https:\/\/www.loopkinglaces.com\/pl\/wp-json\/wp\/v2\/types\/product"}],"replies":[{"embeddable":true,"href":"https:\/\/www.loopkinglaces.com\/pl\/wp-json\/wp\/v2\/comments?post=81061"}],"wp:featuredmedia":[{"embeddable":true,"href":"https:\/\/www.loopkinglaces.com\/pl\/wp-json\/wp\/v2\/media\/81043"}],"wp:attachment":[{"href":"https:\/\/www.loopkinglaces.com\/pl\/wp-json\/wp\/v2\/media?parent=81061"}],"wp:term":[{"taxonomy":"product_brand","embeddable":true,"href":"https:\/\/www.loopkinglaces.com\/pl\/wp-json\/wp\/v2\/product_brand?post=81061"},{"taxonomy":"product_cat","embeddable":true,"href":"https:\/\/www.loopkinglaces.com\/pl\/wp-json\/wp\/v2\/product_cat?post=81061"},{"taxonomy":"product_tag","embeddable":true,"href":"https:\/\/www.loopkinglaces.com\/pl\/wp-json\/wp\/v2\/product_tag?post=81061"},{"taxonomy":"woo-feed-brand","embeddable":true,"href":"https:\/\/www.loopkinglaces.com\/pl\/wp-json\/wp\/v2\/woo-feed-brand?post=81061"}],"curies":[{"name":"wp","href":"https:\/\/api.w.org\/{rel}","templated":true}]}}