{"id":81029,"date":"2023-12-08T19:12:06","date_gmt":"2023-12-08T19:12:06","guid":{"rendered":"https:\/\/www.loopkinglaces.com\/products\/fioletowe-cienkie-sznurowadla-z-przezroczystymi-koncowkami\/"},"modified":"2023-12-08T19:12:06","modified_gmt":"2023-12-08T19:12:06","slug":"fioletowe-cienkie-sznurowadla-z-przezroczystymi-koncowkami","status":"publish","type":"product","link":"https:\/\/www.loopkinglaces.com\/pl\/products\/fioletowe-cienkie-sznurowadla-z-przezroczystymi-koncowkami\/","title":{"rendered":"Fioletowe cienkie sznurowad\u0142a z przezroczystymi ko\u0144c\u00f3wkami"},"content":{"rendered":"<h3><a href=\"https:\/\/www.loopkinglaces.com\/\">Luksusowe sznur\u00f3wki do trampek<\/a><\/h3>\n<p>Zwi\u0119ksz wydajno\u015b\u0107 swojego obuwia dzi\u0119ki sznurowad\u0142om Loop King. Cienkie sznurowad\u0142a, wyposa\u017cone w przezroczyste plastikowe ko\u0144c\u00f3wki, s\u0105 wykonane z najwy\u017cszej jako\u015bci materia\u0142\u00f3w. Oferuj\u0105 one potr\u00f3jnie wyd\u0142u\u017con\u0105 \u017cywotno\u015b\u0107 w por\u00f3wnaniu ze zwyk\u0142ymi sznurowad\u0142ami. Nasze sznurowad\u0142a pasuj\u0105 do wszystkich rodzaj\u00f3w sneakers\u00f3w i marek, w tym Adidas, Nike, VANS i tak dalej, odwied\u017a nasz <a href=\"\/shoelace-size-chart\/\">przewodnik po rozmiarach<\/a>, w kt\u00f3rym znajdziesz idealny rozmiar sznurowade\u0142 pasuj\u0105cy do twoich but\u00f3w.  <\/p>\n<p>&nbsp;<\/p>\n","protected":false},"excerpt":{"rendered":"<p><strong>Fioletowe cienkie sznurowad\u0142a z przezroczystymi ko\u0144c\u00f3wkami<\/strong><\/p>\n<p>Podnie\u015b mod\u0119 swoich but\u00f3w dzi\u0119ki sznurowad\u0142om Loop King. Nasze cienkie sznurowad\u0142a z przezroczystymi plastikowymi ko\u0144c\u00f3wkami s\u0105 wykonane z najwy\u017cszej jako\u015bci materia\u0142\u00f3w. Zaprojektowane z my\u015bl\u0105 o trwa\u0142o\u015bci, te sznurowad\u0142a wytrzymuj\u0105 trzy razy d\u0142u\u017cej ni\u017c standardowe sznurowad\u0142a. Zapoznaj si\u0119 z ich wszechstronnymi funkcjami poni\u017cej:   <\/p>\n<ul>\n<li>Szeroko\u015b\u0107 od 2,5 do 3 mm (okr\u0105g\u0142e)<\/li>\n<li>Materia\u0142y premium<\/li>\n<li>Wytrzymuj\u0105 <strong>3 razy d\u0142u\u017cej<\/strong> ni\u017c zwyk\u0142e sznur\u00f3wki<\/li>\n<li>Wysokiej jako\u015bci przezroczyste plastikowe ko\u0144c\u00f3wki<\/li>\n<li>100% bawe\u0142na o d\u0142ugim splocie<\/li>\n<li>Pi\u0119kne opakowanie Loop King na koronk\u0119<\/li>\n<\/ul>\n","protected":false},"featured_media":81033,"comment_status":"open","ping_status":"closed","template":"","meta":{"_acf_changed":false},"product_brand":[],"product_cat":[2046,2039,2110,2112,2075,2049,2109,2038,2114,2035],"product_tag":[2056,2051,2055,2061,2058,2053,2059],"woo-feed-brand":[],"class_list":{"0":"post-81029","1":"product","2":"type-product","3":"status-publish","4":"has-post-thumbnail","6":"product_cat-cienkie-sznurowadla-maly-zwrot-w-twoim-klasycznym-wygladzie","7":"product_cat-eleganckie-i-wytrzymale-sznurowadla-golfowe-dzieki-ktorym-zablysniesz-na-polu-golfowym","8":"product_cat-fioletowe-sznurowki-do-butow-ktore-swietnie-wygladaja-swietnie-pasuja-i-wzbudzaja-zazdrosc-innych","9":"product_cat-kolorowe-sznurowadla-do-butow-ktore-dodaja-stylu-komfortu-i-elegancji","10":"product_cat-najwyzszej-jakosci-sznurowadla-pilkarskie-trwale-i-fantazyjne","11":"product_cat-odkryj-elegancje-cienkich-sznurowadel-z-wytrzymalymi-przezroczystymi-plastikowymi-koncowkami","12":"product_cat-opcje-wymiany-koronek-premium-ktore-wygladaja-wspaniale-i-sa-trwale","13":"product_cat-sznurowadla-do-eleganckich-butow-w-ktorych-wyjdziesz-na-miasto-w-dobrym-stylu","14":"product_cat-sznurowki-do-butow-snowboardowych-krok-naprzod-w-twojej-jezdzie","15":"product_cat-wszystkie-sznurowadla","16":"product_tag-czarny","17":"product_tag-loop-king-pl","18":"product_tag-metalowa-koncowka","19":"product_tag-szary","20":"product_tag-sznurowadla-pl","21":"product_tag-sznurowadla","22":"product_tag-sznurowadla-ze-zlota-koncowka","24":"first","25":"instock","26":"taxable","27":"shipping-taxable","28":"purchasable","29":"product-type-variable"},"acf":[],"yoast_head":"<!-- This site is optimized with the Yoast SEO plugin v27.4 - https:\/\/yoast.com\/product\/yoast-seo-wordpress\/ -->\n<title>Fioletowe cienkie sznurowad\u0142a z przezroczystymi ko\u0144c\u00f3wkami - od Loop King<\/title>\n<meta name=\"description\" content=\"Podnie\u015b jako\u015b\u0107 swoich but\u00f3w dzi\u0119ki fioletowym cienkim sznurowad\u0142om Loop King. Stylowe, wytrzyma\u0142e, z przezroczystymi ko\u0144c\u00f3wkami dla wyj\u0105tkowego akcentu. Idealne do ka\u017cdego rodzaju but\u00f3w!\" \/>\n<meta name=\"robots\" content=\"index, follow, max-snippet:-1, max-image-preview:large, max-video-preview:-1\" \/>\n<link rel=\"canonical\" href=\"https:\/\/www.loopkinglaces.com\/pl\/products\/fioletowe-cienkie-sznurowadla-z-przezroczystymi-koncowkami\/\" \/>\n<meta property=\"og:locale\" content=\"pl_PL\" \/>\n<meta property=\"og:type\" content=\"article\" \/>\n<meta property=\"og:title\" content=\"Fioletowe cienkie sznurowad\u0142a z przezroczystymi ko\u0144c\u00f3wkami - od Loop King\" \/>\n<meta property=\"og:description\" content=\"Podnie\u015b jako\u015b\u0107 swoich but\u00f3w dzi\u0119ki fioletowym cienkim sznurowad\u0142om Loop King. Stylowe, wytrzyma\u0142e, z przezroczystymi ko\u0144c\u00f3wkami dla wyj\u0105tkowego akcentu. Idealne do ka\u017cdego rodzaju but\u00f3w!\" \/>\n<meta property=\"og:url\" content=\"https:\/\/www.loopkinglaces.com\/pl\/products\/fioletowe-cienkie-sznurowadla-z-przezroczystymi-koncowkami\/\" \/>\n<meta property=\"og:site_name\" content=\"Luxury Gold Tip Shoelaces by Loop King Laces\" \/>\n<meta property=\"article:publisher\" content=\"https:\/\/www.facebook.com\/LoopKingLaces\/\" \/>\n<meta property=\"og:image\" content=\"https:\/\/www.loopkinglaces.com\/wp-content\/uploads\/Purple-Thin-Rope-800x800.jpg\" \/>\n\t<meta property=\"og:image:width\" content=\"800\" \/>\n\t<meta property=\"og:image:height\" content=\"800\" \/>\n\t<meta property=\"og:image:type\" content=\"image\/jpeg\" \/>\n<meta name=\"twitter:card\" content=\"summary_large_image\" \/>\n<meta name=\"twitter:site\" content=\"@loopkinglaces\" \/>\n<script type=\"application\/ld+json\" class=\"yoast-schema-graph\">{\"@context\":\"https:\\\/\\\/schema.org\",\"@graph\":[{\"@type\":[\"WebPage\",\"ItemPage\"],\"@id\":\"https:\\\/\\\/www.loopkinglaces.com\\\/pl\\\/products\\\/fioletowe-cienkie-sznurowadla-z-przezroczystymi-koncowkami\\\/\",\"url\":\"https:\\\/\\\/www.loopkinglaces.com\\\/pl\\\/products\\\/fioletowe-cienkie-sznurowadla-z-przezroczystymi-koncowkami\\\/\",\"name\":\"Fioletowe cienkie sznurowad\u0142a z przezroczystymi ko\u0144c\u00f3wkami - od Loop King\",\"isPartOf\":{\"@id\":\"https:\\\/\\\/www.loopkinglaces.com\\\/pl\\\/#website\"},\"primaryImageOfPage\":{\"@id\":\"https:\\\/\\\/www.loopkinglaces.com\\\/pl\\\/products\\\/fioletowe-cienkie-sznurowadla-z-przezroczystymi-koncowkami\\\/#primaryimage\"},\"image\":{\"@id\":\"https:\\\/\\\/www.loopkinglaces.com\\\/pl\\\/products\\\/fioletowe-cienkie-sznurowadla-z-przezroczystymi-koncowkami\\\/#primaryimage\"},\"thumbnailUrl\":\"https:\\\/\\\/www.loopkinglaces.com\\\/wp-content\\\/uploads\\\/Purple-Thin-Rope.jpg\",\"datePublished\":\"2023-12-08T19:12:06+00:00\",\"description\":\"Podnie\u015b jako\u015b\u0107 swoich but\u00f3w dzi\u0119ki fioletowym cienkim sznurowad\u0142om Loop King. Stylowe, wytrzyma\u0142e, z przezroczystymi ko\u0144c\u00f3wkami dla wyj\u0105tkowego akcentu. Idealne do ka\u017cdego rodzaju but\u00f3w!\",\"breadcrumb\":{\"@id\":\"https:\\\/\\\/www.loopkinglaces.com\\\/pl\\\/products\\\/fioletowe-cienkie-sznurowadla-z-przezroczystymi-koncowkami\\\/#breadcrumb\"},\"inLanguage\":\"pl-PL\",\"potentialAction\":[{\"@type\":\"ReadAction\",\"target\":[\"https:\\\/\\\/www.loopkinglaces.com\\\/pl\\\/products\\\/fioletowe-cienkie-sznurowadla-z-przezroczystymi-koncowkami\\\/\"]}]},{\"@type\":\"ImageObject\",\"inLanguage\":\"pl-PL\",\"@id\":\"https:\\\/\\\/www.loopkinglaces.com\\\/pl\\\/products\\\/fioletowe-cienkie-sznurowadla-z-przezroczystymi-koncowkami\\\/#primaryimage\",\"url\":\"https:\\\/\\\/www.loopkinglaces.com\\\/wp-content\\\/uploads\\\/Purple-Thin-Rope.jpg\",\"contentUrl\":\"https:\\\/\\\/www.loopkinglaces.com\\\/wp-content\\\/uploads\\\/Purple-Thin-Rope.jpg\",\"width\":2474,\"height\":2475},{\"@type\":\"BreadcrumbList\",\"@id\":\"https:\\\/\\\/www.loopkinglaces.com\\\/pl\\\/products\\\/fioletowe-cienkie-sznurowadla-z-przezroczystymi-koncowkami\\\/#breadcrumb\",\"itemListElement\":[{\"@type\":\"ListItem\",\"position\":1,\"name\":\"Home\",\"item\":\"https:\\\/\\\/www.loopkinglaces.com\\\/pl\\\/\"},{\"@type\":\"ListItem\",\"position\":2,\"name\":\"BUY LACES\",\"item\":\"https:\\\/\\\/www.loopkinglaces.com\\\/buy-laces\\\/\"},{\"@type\":\"ListItem\",\"position\":3,\"name\":\"Fioletowe cienkie sznurowad\u0142a z przezroczystymi ko\u0144c\u00f3wkami\"}]},{\"@type\":\"WebSite\",\"@id\":\"https:\\\/\\\/www.loopkinglaces.com\\\/pl\\\/#website\",\"url\":\"https:\\\/\\\/www.loopkinglaces.com\\\/pl\\\/\",\"name\":\"Luxury Gold Tip Shoelaces by Loop King Laces\",\"description\":\"Rope Laces, Flat Waxed Laces and Leather Laces. All With Gold Tips.\",\"publisher\":{\"@id\":\"https:\\\/\\\/www.loopkinglaces.com\\\/pl\\\/#organization\"},\"potentialAction\":[{\"@type\":\"SearchAction\",\"target\":{\"@type\":\"EntryPoint\",\"urlTemplate\":\"https:\\\/\\\/www.loopkinglaces.com\\\/pl\\\/?s={search_term_string}\"},\"query-input\":{\"@type\":\"PropertyValueSpecification\",\"valueRequired\":true,\"valueName\":\"search_term_string\"}}],\"inLanguage\":\"pl-PL\"},{\"@type\":\"Organization\",\"@id\":\"https:\\\/\\\/www.loopkinglaces.com\\\/pl\\\/#organization\",\"name\":\"Loop King Laces\",\"url\":\"https:\\\/\\\/www.loopkinglaces.com\\\/pl\\\/\",\"logo\":{\"@type\":\"ImageObject\",\"inLanguage\":\"pl-PL\",\"@id\":\"https:\\\/\\\/www.loopkinglaces.com\\\/pl\\\/#\\\/schema\\\/logo\\\/image\\\/\",\"url\":\"https:\\\/\\\/www.loopkinglaces.com\\\/wp-content\\\/uploads\\\/LOOP-KING-LACES.1.1-01-LOGO-HI-RES-OFFICIAL-1.png\",\"contentUrl\":\"https:\\\/\\\/www.loopkinglaces.com\\\/wp-content\\\/uploads\\\/LOOP-KING-LACES.1.1-01-LOGO-HI-RES-OFFICIAL-1.png\",\"width\":128,\"height\":91,\"caption\":\"Loop King Laces\"},\"image\":{\"@id\":\"https:\\\/\\\/www.loopkinglaces.com\\\/pl\\\/#\\\/schema\\\/logo\\\/image\\\/\"},\"sameAs\":[\"https:\\\/\\\/www.facebook.com\\\/LoopKingLaces\\\/\",\"https:\\\/\\\/x.com\\\/loopkinglaces\",\"https:\\\/\\\/www.instagram.com\\\/loopkinglaces\\\/\"]}]}<\/script>\n<!-- \/ Yoast SEO plugin. -->","yoast_head_json":{"title":"Fioletowe cienkie sznurowad\u0142a z przezroczystymi ko\u0144c\u00f3wkami - od Loop King","description":"Podnie\u015b jako\u015b\u0107 swoich but\u00f3w dzi\u0119ki fioletowym cienkim sznurowad\u0142om Loop King. Stylowe, wytrzyma\u0142e, z przezroczystymi ko\u0144c\u00f3wkami dla wyj\u0105tkowego akcentu. Idealne do ka\u017cdego rodzaju but\u00f3w!","robots":{"index":"index","follow":"follow","max-snippet":"max-snippet:-1","max-image-preview":"max-image-preview:large","max-video-preview":"max-video-preview:-1"},"canonical":"https:\/\/www.loopkinglaces.com\/pl\/products\/fioletowe-cienkie-sznurowadla-z-przezroczystymi-koncowkami\/","og_locale":"pl_PL","og_type":"article","og_title":"Fioletowe cienkie sznurowad\u0142a z przezroczystymi ko\u0144c\u00f3wkami - od Loop King","og_description":"Podnie\u015b jako\u015b\u0107 swoich but\u00f3w dzi\u0119ki fioletowym cienkim sznurowad\u0142om Loop King. Stylowe, wytrzyma\u0142e, z przezroczystymi ko\u0144c\u00f3wkami dla wyj\u0105tkowego akcentu. Idealne do ka\u017cdego rodzaju but\u00f3w!","og_url":"https:\/\/www.loopkinglaces.com\/pl\/products\/fioletowe-cienkie-sznurowadla-z-przezroczystymi-koncowkami\/","og_site_name":"Luxury Gold Tip Shoelaces by Loop King Laces","article_publisher":"https:\/\/www.facebook.com\/LoopKingLaces\/","og_image":[{"width":800,"height":800,"url":"https:\/\/www.loopkinglaces.com\/wp-content\/uploads\/Purple-Thin-Rope-800x800.jpg","type":"image\/jpeg"}],"twitter_card":"summary_large_image","twitter_site":"@loopkinglaces","schema":{"@context":"https:\/\/schema.org","@graph":[{"@type":["WebPage","ItemPage"],"@id":"https:\/\/www.loopkinglaces.com\/pl\/products\/fioletowe-cienkie-sznurowadla-z-przezroczystymi-koncowkami\/","url":"https:\/\/www.loopkinglaces.com\/pl\/products\/fioletowe-cienkie-sznurowadla-z-przezroczystymi-koncowkami\/","name":"Fioletowe cienkie sznurowad\u0142a z przezroczystymi ko\u0144c\u00f3wkami - od Loop King","isPartOf":{"@id":"https:\/\/www.loopkinglaces.com\/pl\/#website"},"primaryImageOfPage":{"@id":"https:\/\/www.loopkinglaces.com\/pl\/products\/fioletowe-cienkie-sznurowadla-z-przezroczystymi-koncowkami\/#primaryimage"},"image":{"@id":"https:\/\/www.loopkinglaces.com\/pl\/products\/fioletowe-cienkie-sznurowadla-z-przezroczystymi-koncowkami\/#primaryimage"},"thumbnailUrl":"https:\/\/www.loopkinglaces.com\/wp-content\/uploads\/Purple-Thin-Rope.jpg","datePublished":"2023-12-08T19:12:06+00:00","description":"Podnie\u015b jako\u015b\u0107 swoich but\u00f3w dzi\u0119ki fioletowym cienkim sznurowad\u0142om Loop King. Stylowe, wytrzyma\u0142e, z przezroczystymi ko\u0144c\u00f3wkami dla wyj\u0105tkowego akcentu. Idealne do ka\u017cdego rodzaju but\u00f3w!","breadcrumb":{"@id":"https:\/\/www.loopkinglaces.com\/pl\/products\/fioletowe-cienkie-sznurowadla-z-przezroczystymi-koncowkami\/#breadcrumb"},"inLanguage":"pl-PL","potentialAction":[{"@type":"ReadAction","target":["https:\/\/www.loopkinglaces.com\/pl\/products\/fioletowe-cienkie-sznurowadla-z-przezroczystymi-koncowkami\/"]}]},{"@type":"ImageObject","inLanguage":"pl-PL","@id":"https:\/\/www.loopkinglaces.com\/pl\/products\/fioletowe-cienkie-sznurowadla-z-przezroczystymi-koncowkami\/#primaryimage","url":"https:\/\/www.loopkinglaces.com\/wp-content\/uploads\/Purple-Thin-Rope.jpg","contentUrl":"https:\/\/www.loopkinglaces.com\/wp-content\/uploads\/Purple-Thin-Rope.jpg","width":2474,"height":2475},{"@type":"BreadcrumbList","@id":"https:\/\/www.loopkinglaces.com\/pl\/products\/fioletowe-cienkie-sznurowadla-z-przezroczystymi-koncowkami\/#breadcrumb","itemListElement":[{"@type":"ListItem","position":1,"name":"Home","item":"https:\/\/www.loopkinglaces.com\/pl\/"},{"@type":"ListItem","position":2,"name":"BUY LACES","item":"https:\/\/www.loopkinglaces.com\/buy-laces\/"},{"@type":"ListItem","position":3,"name":"Fioletowe cienkie sznurowad\u0142a z przezroczystymi ko\u0144c\u00f3wkami"}]},{"@type":"WebSite","@id":"https:\/\/www.loopkinglaces.com\/pl\/#website","url":"https:\/\/www.loopkinglaces.com\/pl\/","name":"Luxury Gold Tip Shoelaces by Loop King Laces","description":"Rope Laces, Flat Waxed Laces and Leather Laces. All With Gold Tips.","publisher":{"@id":"https:\/\/www.loopkinglaces.com\/pl\/#organization"},"potentialAction":[{"@type":"SearchAction","target":{"@type":"EntryPoint","urlTemplate":"https:\/\/www.loopkinglaces.com\/pl\/?s={search_term_string}"},"query-input":{"@type":"PropertyValueSpecification","valueRequired":true,"valueName":"search_term_string"}}],"inLanguage":"pl-PL"},{"@type":"Organization","@id":"https:\/\/www.loopkinglaces.com\/pl\/#organization","name":"Loop King Laces","url":"https:\/\/www.loopkinglaces.com\/pl\/","logo":{"@type":"ImageObject","inLanguage":"pl-PL","@id":"https:\/\/www.loopkinglaces.com\/pl\/#\/schema\/logo\/image\/","url":"https:\/\/www.loopkinglaces.com\/wp-content\/uploads\/LOOP-KING-LACES.1.1-01-LOGO-HI-RES-OFFICIAL-1.png","contentUrl":"https:\/\/www.loopkinglaces.com\/wp-content\/uploads\/LOOP-KING-LACES.1.1-01-LOGO-HI-RES-OFFICIAL-1.png","width":128,"height":91,"caption":"Loop King Laces"},"image":{"@id":"https:\/\/www.loopkinglaces.com\/pl\/#\/schema\/logo\/image\/"},"sameAs":["https:\/\/www.facebook.com\/LoopKingLaces\/","https:\/\/x.com\/loopkinglaces","https:\/\/www.instagram.com\/loopkinglaces\/"]}]}},"_links":{"self":[{"href":"https:\/\/www.loopkinglaces.com\/pl\/wp-json\/wp\/v2\/product\/81029","targetHints":{"allow":["GET"]}}],"collection":[{"href":"https:\/\/www.loopkinglaces.com\/pl\/wp-json\/wp\/v2\/product"}],"about":[{"href":"https:\/\/www.loopkinglaces.com\/pl\/wp-json\/wp\/v2\/types\/product"}],"replies":[{"embeddable":true,"href":"https:\/\/www.loopkinglaces.com\/pl\/wp-json\/wp\/v2\/comments?post=81029"}],"wp:featuredmedia":[{"embeddable":true,"href":"https:\/\/www.loopkinglaces.com\/pl\/wp-json\/wp\/v2\/media\/81033"}],"wp:attachment":[{"href":"https:\/\/www.loopkinglaces.com\/pl\/wp-json\/wp\/v2\/media?parent=81029"}],"wp:term":[{"taxonomy":"product_brand","embeddable":true,"href":"https:\/\/www.loopkinglaces.com\/pl\/wp-json\/wp\/v2\/product_brand?post=81029"},{"taxonomy":"product_cat","embeddable":true,"href":"https:\/\/www.loopkinglaces.com\/pl\/wp-json\/wp\/v2\/product_cat?post=81029"},{"taxonomy":"product_tag","embeddable":true,"href":"https:\/\/www.loopkinglaces.com\/pl\/wp-json\/wp\/v2\/product_tag?post=81029"},{"taxonomy":"woo-feed-brand","embeddable":true,"href":"https:\/\/www.loopkinglaces.com\/pl\/wp-json\/wp\/v2\/woo-feed-brand?post=81029"}],"curies":[{"name":"wp","href":"https:\/\/api.w.org\/{rel}","templated":true}]}}