{"id":80446,"date":"2024-02-07T16:07:02","date_gmt":"2024-02-07T16:07:02","guid":{"rendered":"https:\/\/www.loopkinglaces.com\/products\/elastyczne-ochraniacze-podeszwy-ktore-poprawiaja-chronia-i-wzmacniaja-fantazyjne-obuwie\/"},"modified":"2024-02-07T16:07:02","modified_gmt":"2024-02-07T16:07:02","slug":"elastyczne-ochraniacze-podeszwy-ktore-poprawiaja-chronia-i-wzmacniaja-fantazyjne-obuwie","status":"publish","type":"product","link":"https:\/\/www.loopkinglaces.com\/pl\/products\/elastyczne-ochraniacze-podeszwy-ktore-poprawiaja-chronia-i-wzmacniaja-fantazyjne-obuwie\/","title":{"rendered":"Elastyczne ochraniacze podeszwy, kt\u00f3re poprawiaj\u0105, chroni\u0105 i wzmacniaj\u0105 fantazyjne obuwie"},"content":{"rendered":"<p><i><span style=\"font-weight: 400;\">Czy w\u0142a\u015bnie kupi\u0142e\u015b now\u0105 par\u0119 sk\u00f3rzanych but\u00f3w do sukienki?<\/span><\/i><\/p>\n<p><span style=\"font-weight: 400;\">Nast\u0119pnie musisz zrobi\u0107 wszystko, aby wygl\u0105da\u0142y jak nowe.<br \/>\nW szczeg\u00f3lno\u015bci,   <\/span><b>podeszwy twoich but\u00f3w wymagaj\u0105 ochrony przed zu\u017cyciem<\/b><span style=\"font-weight: 400;\">. <\/span> <\/p>\n<p><span style=\"font-weight: 400;\">Pomy\u015bl o swoich butach jak o inwestycji podobnej do samochodu lub domu.<br \/>\nC\u00f3\u017c, jak tylko zabierzesz je do domu,   <\/span><b>warto\u015b\u0107 zaczyna spada\u0107<\/b><span style=\"font-weight: 400;\">. <\/span> <\/p>\n<p><span style=\"font-weight: 400;\">Sposobem nr 1 na zachowanie warto\u015bci buta jest stosowanie ochraniaczy podeszwy.  <\/span><\/p>\n<p><span style=\"font-weight: 400;\">Sprawi\u0105 one r\u00f3wnie\u017c, \u017ce twoje obuwie b\u0119dzie trwa\u0107 znacznie d\u0142u\u017cej, co oznacza, \u017ce mo\u017cesz je nosi\u0107 przez d\u0142ugi czas bez obawy o ich regeneracj\u0119.  <\/span><\/p>\n","protected":false},"excerpt":{"rendered":"<p><span style=\"font-weight: 400;\">Nasze ochraniacze podeszwy wykonane s\u0105 z najwy\u017cszej jako\u015bci materia\u0142\u00f3w i maj\u0105 najnowocze\u015bniejsz\u0105 konstrukcj\u0119, aby zapewni\u0107 ochron\u0119 ka\u017cdego centymetra kwadratowego Twojej podeszwy.  <\/span><\/p>\n<p><span style=\"font-weight: 400;\">Co wi\u0119cej, zapobiegaj\u0105 one procesowi utleniania, kt\u00f3ry powoduje, \u017ce Twoje podeszwy przybieraj\u0105 brzydki \u017c\u00f3\u0142ty odcie\u0144. Nasze ochraniacze podeszwy pokrywaj\u0105 ca\u0142\u0105 podeszw\u0119, aby zapewni\u0107, \u017ce utlenianie nie wyst\u0105pi.   <\/span><\/p>\n<p><span style=\"font-weight: 400;\">Maj\u0105 r\u00f3wnie\u017c elegancki i wyrafinowany wygl\u0105d, wi\u0119c nie musisz si\u0119 martwi\u0107, \u017ce kto\u015b rzuci okiem na twoje ochraniacze podeszwy, jak w przypadku innych marek.  <\/span><\/p>\n<p><span style=\"font-weight: 400;\">Ponadto nasze ochraniacze podeszwy <\/span><b>sprawiaj\u0105, \u017ce op\u00f3r pi\u0119ty nale\u017cy do przesz\u0142o\u015bci<\/b><span style=\"font-weight: 400;\">. <\/span> <\/p>\n<p><span style=\"font-weight: 400;\">Twoje buty s\u0105 nara\u017cone na uderzenia przy ka\u017cdym kroku, zw\u0142aszcza pi\u0119ta, dlatego tak wa\u017cne jest wzmocnienie podeszwy.  <\/span><\/p>\n<p><span style=\"font-weight: 400;\">Zobacz pe\u0142n\u0105 list\u0119 funkcji poni\u017cej:<\/span><\/p>\n<ul>\n<li style=\"font-weight: 400;\" aria-level=\"1\"><span style=\"font-weight: 400;\">Materia\u0142y najwy\u017cszej jako\u015bci<\/span><\/li>\n<li style=\"font-weight: 400;\" aria-level=\"1\"><span style=\"font-weight: 400;\">Zapiecz\u0119towane i wspania\u0142e opakowanie  <\/span><\/li>\n<li style=\"font-weight: 400;\" aria-level=\"1\"><span style=\"font-weight: 400;\">Wytrzyma d\u0142u\u017cej ni\u017c inne marki<\/span><\/li>\n<li style=\"font-weight: 400;\" aria-level=\"1\"><span style=\"font-weight: 400;\">Pe\u0142na ochrona zapobiegaj\u0105ca utlenianiu i oporowi pi\u0119ty<\/span><\/li>\n<\/ul>\n","protected":false},"featured_media":56260,"comment_status":"open","ping_status":"closed","template":"","meta":{"_acf_changed":false},"product_brand":[],"product_cat":[2036,2034,2035],"product_tag":[],"woo-feed-brand":[],"class_list":{"0":"post-80446","1":"product","2":"type-product","3":"status-publish","4":"has-post-thumbnail","6":"product_cat-sznurowadla-ze-zlota-koncowka","7":"product_cat-uncategorized-pl","8":"product_cat-wszystkie-sznurowadla","10":"first","11":"instock","12":"taxable","13":"shipping-taxable","14":"purchasable","15":"product-type-simple"},"acf":[],"yoast_head":"<!-- This site is optimized with the Yoast SEO plugin v27.5 - https:\/\/yoast.com\/product\/yoast-seo-wordpress\/ -->\n<title>Trwa\u0142e ochraniacze podeszwy wyd\u0142u\u017caj\u0105ce \u017cywotno\u015b\u0107 Twoich but\u00f3w<\/title>\n<meta name=\"description\" content=\"Chcesz, aby Twoje eleganckie buty wygl\u0105da\u0142y nieskazitelnie? W takim razie musisz sprawdzi\u0107 nasze najwy\u017cszej jako\u015bci ochraniacze podeszwy, aby chroni\u0107 swoje buty przed czynnikami zewn\u0119trznymi.\" \/>\n<meta name=\"robots\" content=\"index, follow, max-snippet:-1, max-image-preview:large, max-video-preview:-1\" \/>\n<link rel=\"canonical\" href=\"https:\/\/www.loopkinglaces.com\/pl\/products\/elastyczne-ochraniacze-podeszwy-ktore-poprawiaja-chronia-i-wzmacniaja-fantazyjne-obuwie\/\" \/>\n<meta property=\"og:locale\" content=\"pl_PL\" \/>\n<meta property=\"og:type\" content=\"article\" \/>\n<meta property=\"og:title\" content=\"Trwa\u0142e ochraniacze podeszwy wyd\u0142u\u017caj\u0105ce \u017cywotno\u015b\u0107 Twoich but\u00f3w\" \/>\n<meta property=\"og:description\" content=\"Chcesz, aby Twoje eleganckie buty wygl\u0105da\u0142y nieskazitelnie? W takim razie musisz sprawdzi\u0107 nasze najwy\u017cszej jako\u015bci ochraniacze podeszwy, aby chroni\u0107 swoje buty przed czynnikami zewn\u0119trznymi.\" \/>\n<meta property=\"og:url\" content=\"https:\/\/www.loopkinglaces.com\/pl\/products\/elastyczne-ochraniacze-podeszwy-ktore-poprawiaja-chronia-i-wzmacniaja-fantazyjne-obuwie\/\" \/>\n<meta property=\"og:site_name\" content=\"Luxury Gold Tip Shoelaces by Loop King Laces\" \/>\n<meta property=\"article:publisher\" content=\"https:\/\/www.facebook.com\/LoopKingLaces\/\" \/>\n<meta property=\"og:image\" content=\"https:\/\/www.loopkinglaces.com\/wp-content\/uploads\/LKL-Sole-Protector-Front.png\" \/>\n\t<meta property=\"og:image:width\" content=\"584\" \/>\n\t<meta property=\"og:image:height\" content=\"1575\" \/>\n\t<meta property=\"og:image:type\" content=\"image\/png\" \/>\n<meta name=\"twitter:card\" content=\"summary_large_image\" \/>\n<meta name=\"twitter:site\" content=\"@loopkinglaces\" \/>\n<meta name=\"twitter:label1\" content=\"Szacowany czas czytania\" \/>\n\t<meta name=\"twitter:data1\" content=\"1 minuta\" \/>\n<script type=\"application\/ld+json\" class=\"yoast-schema-graph\">{\"@context\":\"https:\\\/\\\/schema.org\",\"@graph\":[{\"@type\":[\"WebPage\",\"ItemPage\"],\"@id\":\"https:\\\/\\\/www.loopkinglaces.com\\\/pl\\\/products\\\/elastyczne-ochraniacze-podeszwy-ktore-poprawiaja-chronia-i-wzmacniaja-fantazyjne-obuwie\\\/\",\"url\":\"https:\\\/\\\/www.loopkinglaces.com\\\/pl\\\/products\\\/elastyczne-ochraniacze-podeszwy-ktore-poprawiaja-chronia-i-wzmacniaja-fantazyjne-obuwie\\\/\",\"name\":\"Trwa\u0142e ochraniacze podeszwy wyd\u0142u\u017caj\u0105ce \u017cywotno\u015b\u0107 Twoich but\u00f3w\",\"isPartOf\":{\"@id\":\"https:\\\/\\\/www.loopkinglaces.com\\\/pl\\\/#website\"},\"primaryImageOfPage\":{\"@id\":\"https:\\\/\\\/www.loopkinglaces.com\\\/pl\\\/products\\\/elastyczne-ochraniacze-podeszwy-ktore-poprawiaja-chronia-i-wzmacniaja-fantazyjne-obuwie\\\/#primaryimage\"},\"image\":{\"@id\":\"https:\\\/\\\/www.loopkinglaces.com\\\/pl\\\/products\\\/elastyczne-ochraniacze-podeszwy-ktore-poprawiaja-chronia-i-wzmacniaja-fantazyjne-obuwie\\\/#primaryimage\"},\"thumbnailUrl\":\"https:\\\/\\\/www.loopkinglaces.com\\\/wp-content\\\/uploads\\\/LKL-Sole-Protector-Front.png\",\"datePublished\":\"2024-02-07T16:07:02+00:00\",\"description\":\"Chcesz, aby Twoje eleganckie buty wygl\u0105da\u0142y nieskazitelnie? W takim razie musisz sprawdzi\u0107 nasze najwy\u017cszej jako\u015bci ochraniacze podeszwy, aby chroni\u0107 swoje buty przed czynnikami zewn\u0119trznymi.\",\"breadcrumb\":{\"@id\":\"https:\\\/\\\/www.loopkinglaces.com\\\/pl\\\/products\\\/elastyczne-ochraniacze-podeszwy-ktore-poprawiaja-chronia-i-wzmacniaja-fantazyjne-obuwie\\\/#breadcrumb\"},\"inLanguage\":\"pl-PL\",\"potentialAction\":[{\"@type\":\"ReadAction\",\"target\":[\"https:\\\/\\\/www.loopkinglaces.com\\\/pl\\\/products\\\/elastyczne-ochraniacze-podeszwy-ktore-poprawiaja-chronia-i-wzmacniaja-fantazyjne-obuwie\\\/\"]}]},{\"@type\":\"ImageObject\",\"inLanguage\":\"pl-PL\",\"@id\":\"https:\\\/\\\/www.loopkinglaces.com\\\/pl\\\/products\\\/elastyczne-ochraniacze-podeszwy-ktore-poprawiaja-chronia-i-wzmacniaja-fantazyjne-obuwie\\\/#primaryimage\",\"url\":\"https:\\\/\\\/www.loopkinglaces.com\\\/wp-content\\\/uploads\\\/LKL-Sole-Protector-Front.png\",\"contentUrl\":\"https:\\\/\\\/www.loopkinglaces.com\\\/wp-content\\\/uploads\\\/LKL-Sole-Protector-Front.png\",\"width\":584,\"height\":1575},{\"@type\":\"BreadcrumbList\",\"@id\":\"https:\\\/\\\/www.loopkinglaces.com\\\/pl\\\/products\\\/elastyczne-ochraniacze-podeszwy-ktore-poprawiaja-chronia-i-wzmacniaja-fantazyjne-obuwie\\\/#breadcrumb\",\"itemListElement\":[{\"@type\":\"ListItem\",\"position\":1,\"name\":\"Home\",\"item\":\"https:\\\/\\\/www.loopkinglaces.com\\\/pl\\\/\"},{\"@type\":\"ListItem\",\"position\":2,\"name\":\"BUY LACES\",\"item\":\"https:\\\/\\\/www.loopkinglaces.com\\\/buy-laces\\\/\"},{\"@type\":\"ListItem\",\"position\":3,\"name\":\"Elastyczne ochraniacze podeszwy, kt\u00f3re poprawiaj\u0105, chroni\u0105 i wzmacniaj\u0105 fantazyjne obuwie\"}]},{\"@type\":\"WebSite\",\"@id\":\"https:\\\/\\\/www.loopkinglaces.com\\\/pl\\\/#website\",\"url\":\"https:\\\/\\\/www.loopkinglaces.com\\\/pl\\\/\",\"name\":\"Luxury Gold Tip Shoelaces by Loop King Laces\",\"description\":\"Rope Laces, Flat Waxed Laces and Leather Laces. All With Gold Tips.\",\"publisher\":{\"@id\":\"https:\\\/\\\/www.loopkinglaces.com\\\/pl\\\/#organization\"},\"potentialAction\":[{\"@type\":\"SearchAction\",\"target\":{\"@type\":\"EntryPoint\",\"urlTemplate\":\"https:\\\/\\\/www.loopkinglaces.com\\\/pl\\\/?s={search_term_string}\"},\"query-input\":{\"@type\":\"PropertyValueSpecification\",\"valueRequired\":true,\"valueName\":\"search_term_string\"}}],\"inLanguage\":\"pl-PL\"},{\"@type\":\"Organization\",\"@id\":\"https:\\\/\\\/www.loopkinglaces.com\\\/pl\\\/#organization\",\"name\":\"Loop King Laces\",\"url\":\"https:\\\/\\\/www.loopkinglaces.com\\\/pl\\\/\",\"logo\":{\"@type\":\"ImageObject\",\"inLanguage\":\"pl-PL\",\"@id\":\"https:\\\/\\\/www.loopkinglaces.com\\\/pl\\\/#\\\/schema\\\/logo\\\/image\\\/\",\"url\":\"https:\\\/\\\/www.loopkinglaces.com\\\/wp-content\\\/uploads\\\/LOOP-KING-LACES.1.1-01-LOGO-HI-RES-OFFICIAL-1.png\",\"contentUrl\":\"https:\\\/\\\/www.loopkinglaces.com\\\/wp-content\\\/uploads\\\/LOOP-KING-LACES.1.1-01-LOGO-HI-RES-OFFICIAL-1.png\",\"width\":128,\"height\":91,\"caption\":\"Loop King Laces\"},\"image\":{\"@id\":\"https:\\\/\\\/www.loopkinglaces.com\\\/pl\\\/#\\\/schema\\\/logo\\\/image\\\/\"},\"sameAs\":[\"https:\\\/\\\/www.facebook.com\\\/LoopKingLaces\\\/\",\"https:\\\/\\\/x.com\\\/loopkinglaces\",\"https:\\\/\\\/www.instagram.com\\\/loopkinglaces\\\/\"]}]}<\/script>\n<!-- \/ Yoast SEO plugin. -->","yoast_head_json":{"title":"Trwa\u0142e ochraniacze podeszwy wyd\u0142u\u017caj\u0105ce \u017cywotno\u015b\u0107 Twoich but\u00f3w","description":"Chcesz, aby Twoje eleganckie buty wygl\u0105da\u0142y nieskazitelnie? W takim razie musisz sprawdzi\u0107 nasze najwy\u017cszej jako\u015bci ochraniacze podeszwy, aby chroni\u0107 swoje buty przed czynnikami zewn\u0119trznymi.","robots":{"index":"index","follow":"follow","max-snippet":"max-snippet:-1","max-image-preview":"max-image-preview:large","max-video-preview":"max-video-preview:-1"},"canonical":"https:\/\/www.loopkinglaces.com\/pl\/products\/elastyczne-ochraniacze-podeszwy-ktore-poprawiaja-chronia-i-wzmacniaja-fantazyjne-obuwie\/","og_locale":"pl_PL","og_type":"article","og_title":"Trwa\u0142e ochraniacze podeszwy wyd\u0142u\u017caj\u0105ce \u017cywotno\u015b\u0107 Twoich but\u00f3w","og_description":"Chcesz, aby Twoje eleganckie buty wygl\u0105da\u0142y nieskazitelnie? W takim razie musisz sprawdzi\u0107 nasze najwy\u017cszej jako\u015bci ochraniacze podeszwy, aby chroni\u0107 swoje buty przed czynnikami zewn\u0119trznymi.","og_url":"https:\/\/www.loopkinglaces.com\/pl\/products\/elastyczne-ochraniacze-podeszwy-ktore-poprawiaja-chronia-i-wzmacniaja-fantazyjne-obuwie\/","og_site_name":"Luxury Gold Tip Shoelaces by Loop King Laces","article_publisher":"https:\/\/www.facebook.com\/LoopKingLaces\/","og_image":[{"width":584,"height":1575,"url":"https:\/\/www.loopkinglaces.com\/wp-content\/uploads\/LKL-Sole-Protector-Front.png","type":"image\/png"}],"twitter_card":"summary_large_image","twitter_site":"@loopkinglaces","twitter_misc":{"Szacowany czas czytania":"1 minuta"},"schema":{"@context":"https:\/\/schema.org","@graph":[{"@type":["WebPage","ItemPage"],"@id":"https:\/\/www.loopkinglaces.com\/pl\/products\/elastyczne-ochraniacze-podeszwy-ktore-poprawiaja-chronia-i-wzmacniaja-fantazyjne-obuwie\/","url":"https:\/\/www.loopkinglaces.com\/pl\/products\/elastyczne-ochraniacze-podeszwy-ktore-poprawiaja-chronia-i-wzmacniaja-fantazyjne-obuwie\/","name":"Trwa\u0142e ochraniacze podeszwy wyd\u0142u\u017caj\u0105ce \u017cywotno\u015b\u0107 Twoich but\u00f3w","isPartOf":{"@id":"https:\/\/www.loopkinglaces.com\/pl\/#website"},"primaryImageOfPage":{"@id":"https:\/\/www.loopkinglaces.com\/pl\/products\/elastyczne-ochraniacze-podeszwy-ktore-poprawiaja-chronia-i-wzmacniaja-fantazyjne-obuwie\/#primaryimage"},"image":{"@id":"https:\/\/www.loopkinglaces.com\/pl\/products\/elastyczne-ochraniacze-podeszwy-ktore-poprawiaja-chronia-i-wzmacniaja-fantazyjne-obuwie\/#primaryimage"},"thumbnailUrl":"https:\/\/www.loopkinglaces.com\/wp-content\/uploads\/LKL-Sole-Protector-Front.png","datePublished":"2024-02-07T16:07:02+00:00","description":"Chcesz, aby Twoje eleganckie buty wygl\u0105da\u0142y nieskazitelnie? W takim razie musisz sprawdzi\u0107 nasze najwy\u017cszej jako\u015bci ochraniacze podeszwy, aby chroni\u0107 swoje buty przed czynnikami zewn\u0119trznymi.","breadcrumb":{"@id":"https:\/\/www.loopkinglaces.com\/pl\/products\/elastyczne-ochraniacze-podeszwy-ktore-poprawiaja-chronia-i-wzmacniaja-fantazyjne-obuwie\/#breadcrumb"},"inLanguage":"pl-PL","potentialAction":[{"@type":"ReadAction","target":["https:\/\/www.loopkinglaces.com\/pl\/products\/elastyczne-ochraniacze-podeszwy-ktore-poprawiaja-chronia-i-wzmacniaja-fantazyjne-obuwie\/"]}]},{"@type":"ImageObject","inLanguage":"pl-PL","@id":"https:\/\/www.loopkinglaces.com\/pl\/products\/elastyczne-ochraniacze-podeszwy-ktore-poprawiaja-chronia-i-wzmacniaja-fantazyjne-obuwie\/#primaryimage","url":"https:\/\/www.loopkinglaces.com\/wp-content\/uploads\/LKL-Sole-Protector-Front.png","contentUrl":"https:\/\/www.loopkinglaces.com\/wp-content\/uploads\/LKL-Sole-Protector-Front.png","width":584,"height":1575},{"@type":"BreadcrumbList","@id":"https:\/\/www.loopkinglaces.com\/pl\/products\/elastyczne-ochraniacze-podeszwy-ktore-poprawiaja-chronia-i-wzmacniaja-fantazyjne-obuwie\/#breadcrumb","itemListElement":[{"@type":"ListItem","position":1,"name":"Home","item":"https:\/\/www.loopkinglaces.com\/pl\/"},{"@type":"ListItem","position":2,"name":"BUY LACES","item":"https:\/\/www.loopkinglaces.com\/buy-laces\/"},{"@type":"ListItem","position":3,"name":"Elastyczne ochraniacze podeszwy, kt\u00f3re poprawiaj\u0105, chroni\u0105 i wzmacniaj\u0105 fantazyjne obuwie"}]},{"@type":"WebSite","@id":"https:\/\/www.loopkinglaces.com\/pl\/#website","url":"https:\/\/www.loopkinglaces.com\/pl\/","name":"Luxury Gold Tip Shoelaces by Loop King Laces","description":"Rope Laces, Flat Waxed Laces and Leather Laces. All With Gold Tips.","publisher":{"@id":"https:\/\/www.loopkinglaces.com\/pl\/#organization"},"potentialAction":[{"@type":"SearchAction","target":{"@type":"EntryPoint","urlTemplate":"https:\/\/www.loopkinglaces.com\/pl\/?s={search_term_string}"},"query-input":{"@type":"PropertyValueSpecification","valueRequired":true,"valueName":"search_term_string"}}],"inLanguage":"pl-PL"},{"@type":"Organization","@id":"https:\/\/www.loopkinglaces.com\/pl\/#organization","name":"Loop King Laces","url":"https:\/\/www.loopkinglaces.com\/pl\/","logo":{"@type":"ImageObject","inLanguage":"pl-PL","@id":"https:\/\/www.loopkinglaces.com\/pl\/#\/schema\/logo\/image\/","url":"https:\/\/www.loopkinglaces.com\/wp-content\/uploads\/LOOP-KING-LACES.1.1-01-LOGO-HI-RES-OFFICIAL-1.png","contentUrl":"https:\/\/www.loopkinglaces.com\/wp-content\/uploads\/LOOP-KING-LACES.1.1-01-LOGO-HI-RES-OFFICIAL-1.png","width":128,"height":91,"caption":"Loop King Laces"},"image":{"@id":"https:\/\/www.loopkinglaces.com\/pl\/#\/schema\/logo\/image\/"},"sameAs":["https:\/\/www.facebook.com\/LoopKingLaces\/","https:\/\/x.com\/loopkinglaces","https:\/\/www.instagram.com\/loopkinglaces\/"]}]}},"_links":{"self":[{"href":"https:\/\/www.loopkinglaces.com\/pl\/wp-json\/wp\/v2\/product\/80446","targetHints":{"allow":["GET"]}}],"collection":[{"href":"https:\/\/www.loopkinglaces.com\/pl\/wp-json\/wp\/v2\/product"}],"about":[{"href":"https:\/\/www.loopkinglaces.com\/pl\/wp-json\/wp\/v2\/types\/product"}],"replies":[{"embeddable":true,"href":"https:\/\/www.loopkinglaces.com\/pl\/wp-json\/wp\/v2\/comments?post=80446"}],"wp:featuredmedia":[{"embeddable":true,"href":"https:\/\/www.loopkinglaces.com\/pl\/wp-json\/wp\/v2\/media\/56260"}],"wp:attachment":[{"href":"https:\/\/www.loopkinglaces.com\/pl\/wp-json\/wp\/v2\/media?parent=80446"}],"wp:term":[{"taxonomy":"product_brand","embeddable":true,"href":"https:\/\/www.loopkinglaces.com\/pl\/wp-json\/wp\/v2\/product_brand?post=80446"},{"taxonomy":"product_cat","embeddable":true,"href":"https:\/\/www.loopkinglaces.com\/pl\/wp-json\/wp\/v2\/product_cat?post=80446"},{"taxonomy":"product_tag","embeddable":true,"href":"https:\/\/www.loopkinglaces.com\/pl\/wp-json\/wp\/v2\/product_tag?post=80446"},{"taxonomy":"woo-feed-brand","embeddable":true,"href":"https:\/\/www.loopkinglaces.com\/pl\/wp-json\/wp\/v2\/woo-feed-brand?post=80446"}],"curies":[{"name":"wp","href":"https:\/\/api.w.org\/{rel}","templated":true}]}}