{"id":74813,"date":"2018-06-22T22:56:38","date_gmt":"2018-06-22T22:56:38","guid":{"rendered":"https:\/\/www.loopkinglaces.com\/products\/lacci-di-corda-rossi-e-neri-con-punte-dorate\/"},"modified":"2024-10-03T20:55:52","modified_gmt":"2024-10-03T20:55:52","slug":"lacci-di-corda-rossi-e-neri-con-punte-dorate","status":"publish","type":"product","link":"https:\/\/www.loopkinglaces.com\/it\/products\/lacci-di-corda-rossi-e-neri-con-punte-dorate\/","title":{"rendered":"Lacci di corda rossi e neri con punte dorate"},"content":{"rendered":"<h3><a href=\"https:\/\/www.loopkinglaces.com\/\">Lacci per scarpe da ginnastica di lusso<\/a><\/h3>\n<p>  I lacci Loop King forniscono solo lacci di lusso di altissima qualit\u00e0.<br \/>\nI nostri lacci per scarpe in corda sono realizzati con punte di metallo in rilievo con la scritta LOOP KING e la nostra corona simbolica.<br \/>\nOgni laccio in corda \u00e8 realizzato con cotone di prima qualit\u00e0 per evitare che il laccio si sfilacci inaspettatamente e per aumentare la durata del laccio a pi\u00f9 del triplo di un normale laccio da scarpe di qualit\u00e0.<br \/>\nI nostri lacci si adattano a tutti i tipi di scarpe da ginnastica e a tutte le marche, tra cui Adidas, Nike, VANS e cos\u00ec via; visita la nostra <a href=\"\/shoelace-size-chart\/\">Guida alle taglie<\/a> per trovare la misura perfetta per le tue scarpe.     &nbsp;<\/p>\n","protected":false},"excerpt":{"rendered":"<p><strong>Lacci per scarpe in corda nera rossa con punte d&#8217;oro<\/strong> Loop King Laces &#8211; I nostri lacci di lusso in corda nera rossa sono dotati di punte d&#8217;oro in rilievo.<br \/>\nTutti i nostri lacci di lusso sono realizzati con materiali pregiati e con punte in metallo di altissima qualit\u00e0.<br \/>\nI nostri lacci in corda sono realizzati per durare 3 volte di pi\u00f9 rispetto ai normali lacci per scarpe di qualit\u00e0.   Guarda le nostre caratteristiche complete qui sotto:  <\/p>\n<ul>\n<li>Larghezza 4 mm (rotonda)<\/li>\n<li>Materiali Premium<\/li>\n<li>Dura <strong>3 volte di pi\u00f9<\/strong> rispetto ai lacci normali<\/li>\n<li>Loop King Golden Aglet<\/li>\n<li>Bellissima confezione Loop King per pizzo<\/li>\n<\/ul>\n","protected":false},"featured_media":74838,"comment_status":"open","ping_status":"closed","template":"","meta":{"_acf_changed":false},"product_brand":[],"product_cat":[1696,1401,1125,1490,1614,1635,1692,1645,1640,926,930,1130,1403,1610,1697,1495,1641,1637,1348,1647,1421,1420,1110,1131,1609,1422,1045,1038,924],"product_tag":[939,942,943,938,941,940,1648],"woo-feed-brand":[],"class_list":{"0":"post-74813","1":"product","2":"type-product","3":"status-publish","4":"has-post-thumbnail","6":"product_cat-dai-unaccelerata-al-tuo-stile-con-i-lacci-delle-scarpe-bicolore","7":"product_cat-i-fenomenali-stili-di-lacci-yeezy-tra-cui-scegliere","8":"product_cat-i-lacci-delle-nike-blazer-per-uno-stile-superiore-e-di-tendenza","9":"product_cat-i-lacci-di-travis-scott-lhype-lamore-e-tutto-il-resto","10":"product_cat-i-lacci-per-scarpe-footjoy-di-livello-elite-che-migliorano-il-tuo-gioco","11":"product_cat-i-lacci-per-stivali-timberland-che-non-ti-deluderanno-mai","12":"product_cat-i-lacci-red-wing-sono-abbastanza-resistenti-per-le-condizioni-piu-difficili","13":"product_cat-la-jordan-1-verde-pino-con-lacci-rossi-per-distinguersi-dalla-massa","14":"product_cat-lacci-a-forma-di-tacco-gli-eroi-non-celebrati-della-moda-calzaturiera","15":"product_cat-lacci-da-24-pollici-la-nostra-collezione-di-alta-qualita","16":"product_cat-lacci-da-52-pollici","17":"product_cat-lacci-da-basket-che-si-fanno-notare-per-un-look-elegante-e-una-vestibilita-aderente-dentro-e-fuori-dal-campo","18":"product_cat-lacci-da-calcio-che-sono-molto-di-piu-di-un-semplice-dispositivo-di-fissaggio","19":"product_cat-lacci-da-scarpe-intrecciati-con-tante-opzioni-colorate-tra-cui-scegliere","20":"product_cat-lacci-da-scarpe-stampati-perche-anche-le-scarpe-meritano-una-personalita","21":"product_cat-lacci-del-pattinaggio-artistico-leroe-non-celebrato-sul-ghiaccio","22":"product_cat-lacci-delle-scarpe-arricciati-lascesa-e-lo-stile-delle-tendenze-dellattorcigliamento","23":"product_cat-lacci-delle-scarpe-merrell-rapporto-di-amore-odio","24":"product_cat-lacci-di-lusso-per-scarpe-rockport-per-aggiungere-eleganza-e-comfort","25":"product_cat-lacci-militari-allacciati-come-un-professionista","26":"product_cat-lacci-neri-e-bianchi-di-qualita-superiore-per-un-look-elegante","27":"product_cat-lacci-neri-premium-per-scarpe-eleganti-e-lussuosi","28":"product_cat-lacci-per-scarpe-con-punta-doro","29":"product_cat-lacci-per-scarpe-da-skateboard-che-hanno-un-aspetto-elegante-e-una-vestibilita-perfetta","30":"product_cat-lacci-per-scarponi-da-trekking-rossi-che-resistono-agli-elementi-piu-difficili","31":"product_cat-lacci-per-stivali-neri-e-audaci-che-non-passano-inosservati","32":"product_cat-lacci-premier-doc-marten-rinnova-le-tue-scarpe","33":"product_cat-lacci-rossi-per-scarpe","34":"product_cat-tutti-i-lacci-delle-scarpe","35":"product_tag-lacci-delle-scarpe","36":"product_tag-lacci-di-corda","37":"product_tag-lacci-per-scarpe-con-punta-doro","38":"product_tag-loop-king-it","39":"product_tag-nero","40":"product_tag-punta-di-metallo","41":"product_tag-rosso","43":"first","44":"instock","45":"taxable","46":"shipping-taxable","47":"purchasable","48":"product-type-variable"},"acf":[],"yoast_head":"<!-- This site is optimized with the Yoast SEO plugin v27.3 - https:\/\/yoast.com\/product\/yoast-seo-wordpress\/ -->\n<title>Acquista i lacci rossi e neri: Lacci premium + punte dorate<\/title>\n<meta name=\"description\" content=\"Acquista i nostri lacci rossi e neri per dare alle tue scarpe da ginnastica un nuovo e audace look di lusso. Realizzati con materiali di qualit\u00e0 superiore, resistenti e di lunga durata.\" \/>\n<meta name=\"robots\" content=\"index, follow, max-snippet:-1, max-image-preview:large, max-video-preview:-1\" \/>\n<link rel=\"canonical\" href=\"https:\/\/www.loopkinglaces.com\/it\/products\/lacci-di-corda-rossi-e-neri-con-punte-dorate\/\" \/>\n<meta property=\"og:locale\" content=\"it_IT\" \/>\n<meta property=\"og:type\" content=\"article\" \/>\n<meta property=\"og:title\" content=\"Acquista i lacci rossi e neri: Lacci premium + punte dorate\" \/>\n<meta property=\"og:description\" content=\"Acquista i nostri lacci rossi e neri per dare alle tue scarpe da ginnastica un nuovo e audace look di lusso. Realizzati con materiali di qualit\u00e0 superiore, resistenti e di lunga durata.\" \/>\n<meta property=\"og:url\" content=\"https:\/\/www.loopkinglaces.com\/it\/products\/lacci-di-corda-rossi-e-neri-con-punte-dorate\/\" \/>\n<meta property=\"og:site_name\" content=\"Luxury Gold Tip Shoelaces by Loop King Laces\" \/>\n<meta property=\"article:publisher\" content=\"https:\/\/www.facebook.com\/LoopKingLaces\/\" \/>\n<meta property=\"article:modified_time\" content=\"2024-10-03T20:55:52+00:00\" \/>\n<meta property=\"og:image\" content=\"https:\/\/www.loopkinglaces.com\/wp-content\/uploads\/black-red-rope-round-shoelaces.jpg\" \/>\n\t<meta property=\"og:image:width\" content=\"1000\" \/>\n\t<meta property=\"og:image:height\" content=\"1000\" \/>\n\t<meta property=\"og:image:type\" content=\"image\/jpeg\" \/>\n<meta name=\"twitter:card\" content=\"summary_large_image\" \/>\n<meta name=\"twitter:site\" content=\"@loopkinglaces\" \/>\n<meta name=\"twitter:label1\" content=\"Tempo di lettura stimato\" \/>\n\t<meta name=\"twitter:data1\" content=\"1 minuto\" \/>\n<script type=\"application\/ld+json\" class=\"yoast-schema-graph\">{\"@context\":\"https:\\\/\\\/schema.org\",\"@graph\":[{\"@type\":[\"WebPage\",\"ItemPage\"],\"@id\":\"https:\\\/\\\/www.loopkinglaces.com\\\/it\\\/products\\\/lacci-di-corda-rossi-e-neri-con-punte-dorate\\\/\",\"url\":\"https:\\\/\\\/www.loopkinglaces.com\\\/it\\\/products\\\/lacci-di-corda-rossi-e-neri-con-punte-dorate\\\/\",\"name\":\"Acquista i lacci rossi e neri: Lacci premium + punte dorate\",\"isPartOf\":{\"@id\":\"https:\\\/\\\/www.loopkinglaces.com\\\/it\\\/#website\"},\"primaryImageOfPage\":{\"@id\":\"https:\\\/\\\/www.loopkinglaces.com\\\/it\\\/products\\\/lacci-di-corda-rossi-e-neri-con-punte-dorate\\\/#primaryimage\"},\"image\":{\"@id\":\"https:\\\/\\\/www.loopkinglaces.com\\\/it\\\/products\\\/lacci-di-corda-rossi-e-neri-con-punte-dorate\\\/#primaryimage\"},\"thumbnailUrl\":\"https:\\\/\\\/www.loopkinglaces.com\\\/wp-content\\\/uploads\\\/black-red-rope-round-shoelaces.jpg\",\"datePublished\":\"2018-06-22T22:56:38+00:00\",\"dateModified\":\"2024-10-03T20:55:52+00:00\",\"description\":\"Acquista i nostri lacci rossi e neri per dare alle tue scarpe da ginnastica un nuovo e audace look di lusso. Realizzati con materiali di qualit\u00e0 superiore, resistenti e di lunga durata.\",\"breadcrumb\":{\"@id\":\"https:\\\/\\\/www.loopkinglaces.com\\\/it\\\/products\\\/lacci-di-corda-rossi-e-neri-con-punte-dorate\\\/#breadcrumb\"},\"inLanguage\":\"it-IT\",\"potentialAction\":[{\"@type\":\"ReadAction\",\"target\":[\"https:\\\/\\\/www.loopkinglaces.com\\\/it\\\/products\\\/lacci-di-corda-rossi-e-neri-con-punte-dorate\\\/\"]}]},{\"@type\":\"ImageObject\",\"inLanguage\":\"it-IT\",\"@id\":\"https:\\\/\\\/www.loopkinglaces.com\\\/it\\\/products\\\/lacci-di-corda-rossi-e-neri-con-punte-dorate\\\/#primaryimage\",\"url\":\"https:\\\/\\\/www.loopkinglaces.com\\\/wp-content\\\/uploads\\\/black-red-rope-round-shoelaces.jpg\",\"contentUrl\":\"https:\\\/\\\/www.loopkinglaces.com\\\/wp-content\\\/uploads\\\/black-red-rope-round-shoelaces.jpg\",\"width\":1000,\"height\":1000},{\"@type\":\"BreadcrumbList\",\"@id\":\"https:\\\/\\\/www.loopkinglaces.com\\\/it\\\/products\\\/lacci-di-corda-rossi-e-neri-con-punte-dorate\\\/#breadcrumb\",\"itemListElement\":[{\"@type\":\"ListItem\",\"position\":1,\"name\":\"Home\",\"item\":\"https:\\\/\\\/www.loopkinglaces.com\\\/it\\\/\"},{\"@type\":\"ListItem\",\"position\":2,\"name\":\"ACQUISTA LACES\",\"item\":\"https:\\\/\\\/www.loopkinglaces.com\\\/it\\\/acquista-laces\\\/\"},{\"@type\":\"ListItem\",\"position\":3,\"name\":\"Lacci di corda rossi e neri con punte dorate\"}]},{\"@type\":\"WebSite\",\"@id\":\"https:\\\/\\\/www.loopkinglaces.com\\\/it\\\/#website\",\"url\":\"https:\\\/\\\/www.loopkinglaces.com\\\/it\\\/\",\"name\":\"Luxury Gold Tip Shoelaces by Loop King Laces\",\"description\":\"Rope Laces, Flat Waxed Laces and Leather Laces. All With Gold Tips.\",\"publisher\":{\"@id\":\"https:\\\/\\\/www.loopkinglaces.com\\\/it\\\/#organization\"},\"potentialAction\":[{\"@type\":\"SearchAction\",\"target\":{\"@type\":\"EntryPoint\",\"urlTemplate\":\"https:\\\/\\\/www.loopkinglaces.com\\\/it\\\/?s={search_term_string}\"},\"query-input\":{\"@type\":\"PropertyValueSpecification\",\"valueRequired\":true,\"valueName\":\"search_term_string\"}}],\"inLanguage\":\"it-IT\"},{\"@type\":\"Organization\",\"@id\":\"https:\\\/\\\/www.loopkinglaces.com\\\/it\\\/#organization\",\"name\":\"Loop King Laces\",\"url\":\"https:\\\/\\\/www.loopkinglaces.com\\\/it\\\/\",\"logo\":{\"@type\":\"ImageObject\",\"inLanguage\":\"it-IT\",\"@id\":\"https:\\\/\\\/www.loopkinglaces.com\\\/it\\\/#\\\/schema\\\/logo\\\/image\\\/\",\"url\":\"https:\\\/\\\/www.loopkinglaces.com\\\/wp-content\\\/uploads\\\/LOOP-KING-LACES.1.1-01-LOGO-HI-RES-OFFICIAL-1.png\",\"contentUrl\":\"https:\\\/\\\/www.loopkinglaces.com\\\/wp-content\\\/uploads\\\/LOOP-KING-LACES.1.1-01-LOGO-HI-RES-OFFICIAL-1.png\",\"width\":128,\"height\":91,\"caption\":\"Loop King Laces\"},\"image\":{\"@id\":\"https:\\\/\\\/www.loopkinglaces.com\\\/it\\\/#\\\/schema\\\/logo\\\/image\\\/\"},\"sameAs\":[\"https:\\\/\\\/www.facebook.com\\\/LoopKingLaces\\\/\",\"https:\\\/\\\/x.com\\\/loopkinglaces\",\"https:\\\/\\\/www.instagram.com\\\/loopkinglaces\\\/\"]}]}<\/script>\n<!-- \/ Yoast SEO plugin. -->","yoast_head_json":{"title":"Acquista i lacci rossi e neri: Lacci premium + punte dorate","description":"Acquista i nostri lacci rossi e neri per dare alle tue scarpe da ginnastica un nuovo e audace look di lusso. Realizzati con materiali di qualit\u00e0 superiore, resistenti e di lunga durata.","robots":{"index":"index","follow":"follow","max-snippet":"max-snippet:-1","max-image-preview":"max-image-preview:large","max-video-preview":"max-video-preview:-1"},"canonical":"https:\/\/www.loopkinglaces.com\/it\/products\/lacci-di-corda-rossi-e-neri-con-punte-dorate\/","og_locale":"it_IT","og_type":"article","og_title":"Acquista i lacci rossi e neri: Lacci premium + punte dorate","og_description":"Acquista i nostri lacci rossi e neri per dare alle tue scarpe da ginnastica un nuovo e audace look di lusso. Realizzati con materiali di qualit\u00e0 superiore, resistenti e di lunga durata.","og_url":"https:\/\/www.loopkinglaces.com\/it\/products\/lacci-di-corda-rossi-e-neri-con-punte-dorate\/","og_site_name":"Luxury Gold Tip Shoelaces by Loop King Laces","article_publisher":"https:\/\/www.facebook.com\/LoopKingLaces\/","article_modified_time":"2024-10-03T20:55:52+00:00","og_image":[{"width":1000,"height":1000,"url":"https:\/\/www.loopkinglaces.com\/wp-content\/uploads\/black-red-rope-round-shoelaces.jpg","type":"image\/jpeg"}],"twitter_card":"summary_large_image","twitter_site":"@loopkinglaces","twitter_misc":{"Tempo di lettura stimato":"1 minuto"},"schema":{"@context":"https:\/\/schema.org","@graph":[{"@type":["WebPage","ItemPage"],"@id":"https:\/\/www.loopkinglaces.com\/it\/products\/lacci-di-corda-rossi-e-neri-con-punte-dorate\/","url":"https:\/\/www.loopkinglaces.com\/it\/products\/lacci-di-corda-rossi-e-neri-con-punte-dorate\/","name":"Acquista i lacci rossi e neri: Lacci premium + punte dorate","isPartOf":{"@id":"https:\/\/www.loopkinglaces.com\/it\/#website"},"primaryImageOfPage":{"@id":"https:\/\/www.loopkinglaces.com\/it\/products\/lacci-di-corda-rossi-e-neri-con-punte-dorate\/#primaryimage"},"image":{"@id":"https:\/\/www.loopkinglaces.com\/it\/products\/lacci-di-corda-rossi-e-neri-con-punte-dorate\/#primaryimage"},"thumbnailUrl":"https:\/\/www.loopkinglaces.com\/wp-content\/uploads\/black-red-rope-round-shoelaces.jpg","datePublished":"2018-06-22T22:56:38+00:00","dateModified":"2024-10-03T20:55:52+00:00","description":"Acquista i nostri lacci rossi e neri per dare alle tue scarpe da ginnastica un nuovo e audace look di lusso. Realizzati con materiali di qualit\u00e0 superiore, resistenti e di lunga durata.","breadcrumb":{"@id":"https:\/\/www.loopkinglaces.com\/it\/products\/lacci-di-corda-rossi-e-neri-con-punte-dorate\/#breadcrumb"},"inLanguage":"it-IT","potentialAction":[{"@type":"ReadAction","target":["https:\/\/www.loopkinglaces.com\/it\/products\/lacci-di-corda-rossi-e-neri-con-punte-dorate\/"]}]},{"@type":"ImageObject","inLanguage":"it-IT","@id":"https:\/\/www.loopkinglaces.com\/it\/products\/lacci-di-corda-rossi-e-neri-con-punte-dorate\/#primaryimage","url":"https:\/\/www.loopkinglaces.com\/wp-content\/uploads\/black-red-rope-round-shoelaces.jpg","contentUrl":"https:\/\/www.loopkinglaces.com\/wp-content\/uploads\/black-red-rope-round-shoelaces.jpg","width":1000,"height":1000},{"@type":"BreadcrumbList","@id":"https:\/\/www.loopkinglaces.com\/it\/products\/lacci-di-corda-rossi-e-neri-con-punte-dorate\/#breadcrumb","itemListElement":[{"@type":"ListItem","position":1,"name":"Home","item":"https:\/\/www.loopkinglaces.com\/it\/"},{"@type":"ListItem","position":2,"name":"ACQUISTA LACES","item":"https:\/\/www.loopkinglaces.com\/it\/acquista-laces\/"},{"@type":"ListItem","position":3,"name":"Lacci di corda rossi e neri con punte dorate"}]},{"@type":"WebSite","@id":"https:\/\/www.loopkinglaces.com\/it\/#website","url":"https:\/\/www.loopkinglaces.com\/it\/","name":"Luxury Gold Tip Shoelaces by Loop King Laces","description":"Rope Laces, Flat Waxed Laces and Leather Laces. All With Gold Tips.","publisher":{"@id":"https:\/\/www.loopkinglaces.com\/it\/#organization"},"potentialAction":[{"@type":"SearchAction","target":{"@type":"EntryPoint","urlTemplate":"https:\/\/www.loopkinglaces.com\/it\/?s={search_term_string}"},"query-input":{"@type":"PropertyValueSpecification","valueRequired":true,"valueName":"search_term_string"}}],"inLanguage":"it-IT"},{"@type":"Organization","@id":"https:\/\/www.loopkinglaces.com\/it\/#organization","name":"Loop King Laces","url":"https:\/\/www.loopkinglaces.com\/it\/","logo":{"@type":"ImageObject","inLanguage":"it-IT","@id":"https:\/\/www.loopkinglaces.com\/it\/#\/schema\/logo\/image\/","url":"https:\/\/www.loopkinglaces.com\/wp-content\/uploads\/LOOP-KING-LACES.1.1-01-LOGO-HI-RES-OFFICIAL-1.png","contentUrl":"https:\/\/www.loopkinglaces.com\/wp-content\/uploads\/LOOP-KING-LACES.1.1-01-LOGO-HI-RES-OFFICIAL-1.png","width":128,"height":91,"caption":"Loop King Laces"},"image":{"@id":"https:\/\/www.loopkinglaces.com\/it\/#\/schema\/logo\/image\/"},"sameAs":["https:\/\/www.facebook.com\/LoopKingLaces\/","https:\/\/x.com\/loopkinglaces","https:\/\/www.instagram.com\/loopkinglaces\/"]}]}},"_links":{"self":[{"href":"https:\/\/www.loopkinglaces.com\/it\/wp-json\/wp\/v2\/product\/74813","targetHints":{"allow":["GET"]}}],"collection":[{"href":"https:\/\/www.loopkinglaces.com\/it\/wp-json\/wp\/v2\/product"}],"about":[{"href":"https:\/\/www.loopkinglaces.com\/it\/wp-json\/wp\/v2\/types\/product"}],"replies":[{"embeddable":true,"href":"https:\/\/www.loopkinglaces.com\/it\/wp-json\/wp\/v2\/comments?post=74813"}],"wp:featuredmedia":[{"embeddable":true,"href":"https:\/\/www.loopkinglaces.com\/it\/wp-json\/wp\/v2\/media\/74838"}],"wp:attachment":[{"href":"https:\/\/www.loopkinglaces.com\/it\/wp-json\/wp\/v2\/media?parent=74813"}],"wp:term":[{"taxonomy":"product_brand","embeddable":true,"href":"https:\/\/www.loopkinglaces.com\/it\/wp-json\/wp\/v2\/product_brand?post=74813"},{"taxonomy":"product_cat","embeddable":true,"href":"https:\/\/www.loopkinglaces.com\/it\/wp-json\/wp\/v2\/product_cat?post=74813"},{"taxonomy":"product_tag","embeddable":true,"href":"https:\/\/www.loopkinglaces.com\/it\/wp-json\/wp\/v2\/product_tag?post=74813"},{"taxonomy":"woo-feed-brand","embeddable":true,"href":"https:\/\/www.loopkinglaces.com\/it\/wp-json\/wp\/v2\/woo-feed-brand?post=74813"}],"curies":[{"name":"wp","href":"https:\/\/api.w.org\/{rel}","templated":true}]}}