{"id":73274,"date":"2022-08-25T17:37:05","date_gmt":"2022-08-25T17:37:05","guid":{"rendered":"https:\/\/www.loopkinglaces.com\/products\/lacci-per-scarpe-piatti-in-cotone-fosforescente-con-aghetti-dorati\/"},"modified":"2022-08-25T17:37:05","modified_gmt":"2022-08-25T17:37:05","slug":"lacci-per-scarpe-piatti-in-cotone-fosforescente-con-aghetti-dorati","status":"publish","type":"product","link":"https:\/\/www.loopkinglaces.com\/it\/products\/lacci-per-scarpe-piatti-in-cotone-fosforescente-con-aghetti-dorati\/","title":{"rendered":"Lacci per scarpe piatti in cotone fosforescente con aghetti dorati"},"content":{"rendered":"<h3><a href=\"https:\/\/www.loopkinglaces.com\/\">Lacci per scarpe da ginnastica di lusso<\/a><\/h3>\n<p>  I lacci Loop King forniscono solo lacci di lusso di altissima qualit\u00e0.<br \/>\nI nostri lacci piatti in cotone sono realizzati con punte di metallo in rilievo con la scritta LOOP KING e la nostra corona simbolica.<br \/>\nOgni laccio piatto in cotone \u00e8 realizzato con cotone di qualit\u00e0 superiore per evitare che il laccio si sfilacci inaspettatamente e per aumentare la durata del laccio a pi\u00f9 del triplo di un normale laccio da scarpe di qualit\u00e0.<br \/>\nI nostri lacci si adattano a tutti i tipi di scarpe da ginnastica e a tutte le marche, tra cui Adidas, Nike, VANS e cos\u00ec via; visita la nostra <a href=\"\/shoelace-size-chart\/\">Guida alle taglie<\/a> per trovare la misura perfetta per le tue scarpe.   <\/p>\n","protected":false},"excerpt":{"rendered":"<p><span style=\"font-weight: 400;\">I nostri lacci piatti di lusso in cotone fosforescente sono dotati di punte dorate in rilievo.<br \/>\nTutti i nostri lacci di lusso sono realizzati con materiali pregiati e con punte in metallo di altissima qualit\u00e0.<br \/>\nI nostri lacci piatti in cotone durano 3 volte di pi\u00f9 rispetto ai lacci normali.   Guarda le nostre caratteristiche complete qui sotto:<\/span><\/p>\n<ul>\n<li style=\"font-weight: 400;\" aria-level=\"1\"><span style=\"font-weight: 400;\">Larghezza 6 mm (piatto)<\/span><\/li>\n<li style=\"font-weight: 400;\" aria-level=\"1\"><span style=\"font-weight: 400;\">Cotone Premium<\/span><\/li>\n<li style=\"font-weight: 400;\" aria-level=\"1\"><span style=\"font-weight: 400;\">Bianco di giorno, verde di notte (o al buio)<\/span><\/li>\n<li style=\"font-weight: 400;\" aria-level=\"1\"><span style=\"font-weight: 400;\">Dura 3 volte di pi\u00f9 rispetto ai lacci normali<\/span><\/li>\n<li style=\"font-weight: 400;\" aria-level=\"1\"><span style=\"font-weight: 400;\">Loop King Golden Aglet<\/span><\/li>\n<li style=\"font-weight: 400;\" aria-level=\"1\"><span style=\"font-weight: 400;\">Bellissima confezione<\/span><\/li>\n<\/ul>\n","protected":false},"featured_media":73282,"comment_status":"open","ping_status":"closed","template":"","meta":{"_acf_changed":false},"product_brand":[],"product_cat":[1402,1343,1799,1110,1732,1122,1291,1400,924],"product_tag":[],"woo-feed-brand":[],"class_list":{"0":"post-73274","1":"product","2":"type-product","3":"status-publish","4":"has-post-thumbnail","6":"product_cat-lacci-bianchi-nike-che-brillano-come-una-stella","7":"product_cat-lacci-colorati-alla-moda-per-scarpe-da-ginnastica","8":"product_cat-lacci-da-scarpe-fosforescenti-per-divertirsi-e-stare-al-sicuro-di-notte","9":"product_cat-lacci-per-scarpe-con-punta-doro","10":"product_cat-lacci-per-scarpe-piatte-di-alta-gamma-per-dare-un-tocco-visivo-alle-tue-calzature","11":"product_cat-lacci-per-stivali-robusti-che-hanno-un-aspetto-fantastico-e-durano-a-lungo","12":"product_cat-lacci-verdi-premium-per-migliorare-le-tue-scarpe","13":"product_cat-selezione-di-lacci-bianchi-classici-e-premium","14":"product_cat-tutti-i-lacci-delle-scarpe","16":"first","17":"instock","18":"taxable","19":"shipping-taxable","20":"purchasable","21":"product-type-variable"},"acf":[],"yoast_head":"<!-- This site is optimized with the Yoast SEO plugin v27.4 - https:\/\/yoast.com\/product\/yoast-seo-wordpress\/ -->\n<title>Lacci piatti cerati e fosforescenti per scarpe con aghi dorati<\/title>\n<meta name=\"description\" content=\"I nostri lacci piatti cerati fosforescenti con punte dorate sono i lacci piatti di lusso della migliore qualit\u00e0 sul mercato. Ogni laccio \u00e8 dotato di una punta dorata in rilievo.\" \/>\n<meta name=\"robots\" content=\"index, follow, max-snippet:-1, max-image-preview:large, max-video-preview:-1\" \/>\n<link rel=\"canonical\" href=\"https:\/\/www.loopkinglaces.com\/it\/products\/lacci-per-scarpe-piatti-in-cotone-fosforescente-con-aghetti-dorati\/\" \/>\n<meta property=\"og:locale\" content=\"it_IT\" \/>\n<meta property=\"og:type\" content=\"article\" \/>\n<meta property=\"og:title\" content=\"Lacci piatti cerati e fosforescenti per scarpe con aghi dorati\" \/>\n<meta property=\"og:description\" content=\"I nostri lacci piatti cerati fosforescenti con punte dorate sono i lacci piatti di lusso della migliore qualit\u00e0 sul mercato. Ogni laccio \u00e8 dotato di una punta dorata in rilievo.\" \/>\n<meta property=\"og:url\" content=\"https:\/\/www.loopkinglaces.com\/it\/products\/lacci-per-scarpe-piatti-in-cotone-fosforescente-con-aghetti-dorati\/\" \/>\n<meta property=\"og:site_name\" content=\"Luxury Gold Tip Shoelaces by Loop King Laces\" \/>\n<meta property=\"article:publisher\" content=\"https:\/\/www.facebook.com\/LoopKingLaces\/\" \/>\n<meta property=\"og:image\" content=\"https:\/\/www.loopkinglaces.com\/wp-content\/uploads\/glow-in-the-dark-1-scaled.jpg\" \/>\n\t<meta property=\"og:image:width\" content=\"1600\" \/>\n\t<meta property=\"og:image:height\" content=\"1600\" \/>\n\t<meta property=\"og:image:type\" content=\"image\/jpeg\" \/>\n<meta name=\"twitter:card\" content=\"summary_large_image\" \/>\n<meta name=\"twitter:site\" content=\"@loopkinglaces\" \/>\n<meta name=\"twitter:label1\" content=\"Tempo di lettura stimato\" \/>\n\t<meta name=\"twitter:data1\" content=\"1 minuto\" \/>\n<script type=\"application\/ld+json\" class=\"yoast-schema-graph\">{\"@context\":\"https:\\\/\\\/schema.org\",\"@graph\":[{\"@type\":[\"WebPage\",\"ItemPage\"],\"@id\":\"https:\\\/\\\/www.loopkinglaces.com\\\/it\\\/products\\\/lacci-per-scarpe-piatti-in-cotone-fosforescente-con-aghetti-dorati\\\/\",\"url\":\"https:\\\/\\\/www.loopkinglaces.com\\\/it\\\/products\\\/lacci-per-scarpe-piatti-in-cotone-fosforescente-con-aghetti-dorati\\\/\",\"name\":\"Lacci piatti cerati e fosforescenti per scarpe con aghi dorati\",\"isPartOf\":{\"@id\":\"https:\\\/\\\/www.loopkinglaces.com\\\/it\\\/#website\"},\"primaryImageOfPage\":{\"@id\":\"https:\\\/\\\/www.loopkinglaces.com\\\/it\\\/products\\\/lacci-per-scarpe-piatti-in-cotone-fosforescente-con-aghetti-dorati\\\/#primaryimage\"},\"image\":{\"@id\":\"https:\\\/\\\/www.loopkinglaces.com\\\/it\\\/products\\\/lacci-per-scarpe-piatti-in-cotone-fosforescente-con-aghetti-dorati\\\/#primaryimage\"},\"thumbnailUrl\":\"https:\\\/\\\/www.loopkinglaces.com\\\/wp-content\\\/uploads\\\/glow-in-the-dark-1-scaled.jpg\",\"datePublished\":\"2022-08-25T17:37:05+00:00\",\"description\":\"I nostri lacci piatti cerati fosforescenti con punte dorate sono i lacci piatti di lusso della migliore qualit\u00e0 sul mercato. Ogni laccio \u00e8 dotato di una punta dorata in rilievo.\",\"breadcrumb\":{\"@id\":\"https:\\\/\\\/www.loopkinglaces.com\\\/it\\\/products\\\/lacci-per-scarpe-piatti-in-cotone-fosforescente-con-aghetti-dorati\\\/#breadcrumb\"},\"inLanguage\":\"it-IT\",\"potentialAction\":[{\"@type\":\"ReadAction\",\"target\":[\"https:\\\/\\\/www.loopkinglaces.com\\\/it\\\/products\\\/lacci-per-scarpe-piatti-in-cotone-fosforescente-con-aghetti-dorati\\\/\"]}]},{\"@type\":\"ImageObject\",\"inLanguage\":\"it-IT\",\"@id\":\"https:\\\/\\\/www.loopkinglaces.com\\\/it\\\/products\\\/lacci-per-scarpe-piatti-in-cotone-fosforescente-con-aghetti-dorati\\\/#primaryimage\",\"url\":\"https:\\\/\\\/www.loopkinglaces.com\\\/wp-content\\\/uploads\\\/glow-in-the-dark-1-scaled.jpg\",\"contentUrl\":\"https:\\\/\\\/www.loopkinglaces.com\\\/wp-content\\\/uploads\\\/glow-in-the-dark-1-scaled.jpg\",\"width\":1600,\"height\":1600},{\"@type\":\"BreadcrumbList\",\"@id\":\"https:\\\/\\\/www.loopkinglaces.com\\\/it\\\/products\\\/lacci-per-scarpe-piatti-in-cotone-fosforescente-con-aghetti-dorati\\\/#breadcrumb\",\"itemListElement\":[{\"@type\":\"ListItem\",\"position\":1,\"name\":\"Home\",\"item\":\"https:\\\/\\\/www.loopkinglaces.com\\\/it\\\/\"},{\"@type\":\"ListItem\",\"position\":2,\"name\":\"ACQUISTA LACES\",\"item\":\"https:\\\/\\\/www.loopkinglaces.com\\\/it\\\/acquista-laces\\\/\"},{\"@type\":\"ListItem\",\"position\":3,\"name\":\"Lacci per scarpe piatti in cotone fosforescente con aghetti dorati\"}]},{\"@type\":\"WebSite\",\"@id\":\"https:\\\/\\\/www.loopkinglaces.com\\\/it\\\/#website\",\"url\":\"https:\\\/\\\/www.loopkinglaces.com\\\/it\\\/\",\"name\":\"Luxury Gold Tip Shoelaces by Loop King Laces\",\"description\":\"Rope Laces, Flat Waxed Laces and Leather Laces. All With Gold Tips.\",\"publisher\":{\"@id\":\"https:\\\/\\\/www.loopkinglaces.com\\\/it\\\/#organization\"},\"potentialAction\":[{\"@type\":\"SearchAction\",\"target\":{\"@type\":\"EntryPoint\",\"urlTemplate\":\"https:\\\/\\\/www.loopkinglaces.com\\\/it\\\/?s={search_term_string}\"},\"query-input\":{\"@type\":\"PropertyValueSpecification\",\"valueRequired\":true,\"valueName\":\"search_term_string\"}}],\"inLanguage\":\"it-IT\"},{\"@type\":\"Organization\",\"@id\":\"https:\\\/\\\/www.loopkinglaces.com\\\/it\\\/#organization\",\"name\":\"Loop King Laces\",\"url\":\"https:\\\/\\\/www.loopkinglaces.com\\\/it\\\/\",\"logo\":{\"@type\":\"ImageObject\",\"inLanguage\":\"it-IT\",\"@id\":\"https:\\\/\\\/www.loopkinglaces.com\\\/it\\\/#\\\/schema\\\/logo\\\/image\\\/\",\"url\":\"https:\\\/\\\/www.loopkinglaces.com\\\/wp-content\\\/uploads\\\/LOOP-KING-LACES.1.1-01-LOGO-HI-RES-OFFICIAL-1.png\",\"contentUrl\":\"https:\\\/\\\/www.loopkinglaces.com\\\/wp-content\\\/uploads\\\/LOOP-KING-LACES.1.1-01-LOGO-HI-RES-OFFICIAL-1.png\",\"width\":128,\"height\":91,\"caption\":\"Loop King Laces\"},\"image\":{\"@id\":\"https:\\\/\\\/www.loopkinglaces.com\\\/it\\\/#\\\/schema\\\/logo\\\/image\\\/\"},\"sameAs\":[\"https:\\\/\\\/www.facebook.com\\\/LoopKingLaces\\\/\",\"https:\\\/\\\/x.com\\\/loopkinglaces\",\"https:\\\/\\\/www.instagram.com\\\/loopkinglaces\\\/\"]}]}<\/script>\n<!-- \/ Yoast SEO plugin. -->","yoast_head_json":{"title":"Lacci piatti cerati e fosforescenti per scarpe con aghi dorati","description":"I nostri lacci piatti cerati fosforescenti con punte dorate sono i lacci piatti di lusso della migliore qualit\u00e0 sul mercato. Ogni laccio \u00e8 dotato di una punta dorata in rilievo.","robots":{"index":"index","follow":"follow","max-snippet":"max-snippet:-1","max-image-preview":"max-image-preview:large","max-video-preview":"max-video-preview:-1"},"canonical":"https:\/\/www.loopkinglaces.com\/it\/products\/lacci-per-scarpe-piatti-in-cotone-fosforescente-con-aghetti-dorati\/","og_locale":"it_IT","og_type":"article","og_title":"Lacci piatti cerati e fosforescenti per scarpe con aghi dorati","og_description":"I nostri lacci piatti cerati fosforescenti con punte dorate sono i lacci piatti di lusso della migliore qualit\u00e0 sul mercato. Ogni laccio \u00e8 dotato di una punta dorata in rilievo.","og_url":"https:\/\/www.loopkinglaces.com\/it\/products\/lacci-per-scarpe-piatti-in-cotone-fosforescente-con-aghetti-dorati\/","og_site_name":"Luxury Gold Tip Shoelaces by Loop King Laces","article_publisher":"https:\/\/www.facebook.com\/LoopKingLaces\/","og_image":[{"width":1600,"height":1600,"url":"https:\/\/www.loopkinglaces.com\/wp-content\/uploads\/glow-in-the-dark-1-scaled.jpg","type":"image\/jpeg"}],"twitter_card":"summary_large_image","twitter_site":"@loopkinglaces","twitter_misc":{"Tempo di lettura stimato":"1 minuto"},"schema":{"@context":"https:\/\/schema.org","@graph":[{"@type":["WebPage","ItemPage"],"@id":"https:\/\/www.loopkinglaces.com\/it\/products\/lacci-per-scarpe-piatti-in-cotone-fosforescente-con-aghetti-dorati\/","url":"https:\/\/www.loopkinglaces.com\/it\/products\/lacci-per-scarpe-piatti-in-cotone-fosforescente-con-aghetti-dorati\/","name":"Lacci piatti cerati e fosforescenti per scarpe con aghi dorati","isPartOf":{"@id":"https:\/\/www.loopkinglaces.com\/it\/#website"},"primaryImageOfPage":{"@id":"https:\/\/www.loopkinglaces.com\/it\/products\/lacci-per-scarpe-piatti-in-cotone-fosforescente-con-aghetti-dorati\/#primaryimage"},"image":{"@id":"https:\/\/www.loopkinglaces.com\/it\/products\/lacci-per-scarpe-piatti-in-cotone-fosforescente-con-aghetti-dorati\/#primaryimage"},"thumbnailUrl":"https:\/\/www.loopkinglaces.com\/wp-content\/uploads\/glow-in-the-dark-1-scaled.jpg","datePublished":"2022-08-25T17:37:05+00:00","description":"I nostri lacci piatti cerati fosforescenti con punte dorate sono i lacci piatti di lusso della migliore qualit\u00e0 sul mercato. Ogni laccio \u00e8 dotato di una punta dorata in rilievo.","breadcrumb":{"@id":"https:\/\/www.loopkinglaces.com\/it\/products\/lacci-per-scarpe-piatti-in-cotone-fosforescente-con-aghetti-dorati\/#breadcrumb"},"inLanguage":"it-IT","potentialAction":[{"@type":"ReadAction","target":["https:\/\/www.loopkinglaces.com\/it\/products\/lacci-per-scarpe-piatti-in-cotone-fosforescente-con-aghetti-dorati\/"]}]},{"@type":"ImageObject","inLanguage":"it-IT","@id":"https:\/\/www.loopkinglaces.com\/it\/products\/lacci-per-scarpe-piatti-in-cotone-fosforescente-con-aghetti-dorati\/#primaryimage","url":"https:\/\/www.loopkinglaces.com\/wp-content\/uploads\/glow-in-the-dark-1-scaled.jpg","contentUrl":"https:\/\/www.loopkinglaces.com\/wp-content\/uploads\/glow-in-the-dark-1-scaled.jpg","width":1600,"height":1600},{"@type":"BreadcrumbList","@id":"https:\/\/www.loopkinglaces.com\/it\/products\/lacci-per-scarpe-piatti-in-cotone-fosforescente-con-aghetti-dorati\/#breadcrumb","itemListElement":[{"@type":"ListItem","position":1,"name":"Home","item":"https:\/\/www.loopkinglaces.com\/it\/"},{"@type":"ListItem","position":2,"name":"ACQUISTA LACES","item":"https:\/\/www.loopkinglaces.com\/it\/acquista-laces\/"},{"@type":"ListItem","position":3,"name":"Lacci per scarpe piatti in cotone fosforescente con aghetti dorati"}]},{"@type":"WebSite","@id":"https:\/\/www.loopkinglaces.com\/it\/#website","url":"https:\/\/www.loopkinglaces.com\/it\/","name":"Luxury Gold Tip Shoelaces by Loop King Laces","description":"Rope Laces, Flat Waxed Laces and Leather Laces. All With Gold Tips.","publisher":{"@id":"https:\/\/www.loopkinglaces.com\/it\/#organization"},"potentialAction":[{"@type":"SearchAction","target":{"@type":"EntryPoint","urlTemplate":"https:\/\/www.loopkinglaces.com\/it\/?s={search_term_string}"},"query-input":{"@type":"PropertyValueSpecification","valueRequired":true,"valueName":"search_term_string"}}],"inLanguage":"it-IT"},{"@type":"Organization","@id":"https:\/\/www.loopkinglaces.com\/it\/#organization","name":"Loop King Laces","url":"https:\/\/www.loopkinglaces.com\/it\/","logo":{"@type":"ImageObject","inLanguage":"it-IT","@id":"https:\/\/www.loopkinglaces.com\/it\/#\/schema\/logo\/image\/","url":"https:\/\/www.loopkinglaces.com\/wp-content\/uploads\/LOOP-KING-LACES.1.1-01-LOGO-HI-RES-OFFICIAL-1.png","contentUrl":"https:\/\/www.loopkinglaces.com\/wp-content\/uploads\/LOOP-KING-LACES.1.1-01-LOGO-HI-RES-OFFICIAL-1.png","width":128,"height":91,"caption":"Loop King Laces"},"image":{"@id":"https:\/\/www.loopkinglaces.com\/it\/#\/schema\/logo\/image\/"},"sameAs":["https:\/\/www.facebook.com\/LoopKingLaces\/","https:\/\/x.com\/loopkinglaces","https:\/\/www.instagram.com\/loopkinglaces\/"]}]}},"_links":{"self":[{"href":"https:\/\/www.loopkinglaces.com\/it\/wp-json\/wp\/v2\/product\/73274","targetHints":{"allow":["GET"]}}],"collection":[{"href":"https:\/\/www.loopkinglaces.com\/it\/wp-json\/wp\/v2\/product"}],"about":[{"href":"https:\/\/www.loopkinglaces.com\/it\/wp-json\/wp\/v2\/types\/product"}],"replies":[{"embeddable":true,"href":"https:\/\/www.loopkinglaces.com\/it\/wp-json\/wp\/v2\/comments?post=73274"}],"wp:featuredmedia":[{"embeddable":true,"href":"https:\/\/www.loopkinglaces.com\/it\/wp-json\/wp\/v2\/media\/73282"}],"wp:attachment":[{"href":"https:\/\/www.loopkinglaces.com\/it\/wp-json\/wp\/v2\/media?parent=73274"}],"wp:term":[{"taxonomy":"product_brand","embeddable":true,"href":"https:\/\/www.loopkinglaces.com\/it\/wp-json\/wp\/v2\/product_brand?post=73274"},{"taxonomy":"product_cat","embeddable":true,"href":"https:\/\/www.loopkinglaces.com\/it\/wp-json\/wp\/v2\/product_cat?post=73274"},{"taxonomy":"product_tag","embeddable":true,"href":"https:\/\/www.loopkinglaces.com\/it\/wp-json\/wp\/v2\/product_tag?post=73274"},{"taxonomy":"woo-feed-brand","embeddable":true,"href":"https:\/\/www.loopkinglaces.com\/it\/wp-json\/wp\/v2\/woo-feed-brand?post=73274"}],"curies":[{"name":"wp","href":"https:\/\/api.w.org\/{rel}","templated":true}]}}