{"id":72828,"date":"2018-12-13T19:23:59","date_gmt":"2018-12-13T19:23:59","guid":{"rendered":"https:\/\/www.loopkinglaces.com\/products\/stile-shoelaces-viola-off-white-con-punte-dorate\/"},"modified":"2024-10-03T20:52:06","modified_gmt":"2024-10-03T20:52:06","slug":"stile-shoelaces-viola-off-white-con-punte-dorate","status":"publish","type":"product","link":"https:\/\/www.loopkinglaces.com\/it\/products\/stile-shoelaces-viola-off-white-con-punte-dorate\/","title":{"rendered":"Stile &#8220;SHOELACES&#8221; viola Off-White con punte dorate"},"content":{"rendered":"<h3><a href=\"https:\/\/www.loopkinglaces.com\/\">Lacci per scarpe da ginnastica di lusso<\/a><\/h3>\n<p>  I lacci Loop King forniscono solo lacci di lusso di altissima qualit\u00e0.<br \/>\nI nostri lacci Off-White sono realizzati con punte di metallo in rilievo con la scritta LOOP KING e la nostra corona simbolica.<br \/>\nOgni laccio per scarpe Off-White \u00e8 realizzato in cotone di qualit\u00e0 superiore per evitare che il laccio si sfilacci inaspettatamente e per aumentare la durata del laccio a pi\u00f9 del triplo di un normale laccio per scarpe di qualit\u00e0.<br \/>\nI nostri lacci si adattano a tutti i tipi di scarpe da ginnastica e a tutte le marche, tra cui Adidas, Nike, VANS e cos\u00ec via; visita la nostra <a href=\"\/shoelace-size-chart\/\">Guida alle taglie<\/a> per trovare la misura perfetta per le tue scarpe.   <\/p>\n","protected":false},"excerpt":{"rendered":"<p>Lacci per <strong>scarpe &#8220;SHOELACES&#8221; con punte d&#8217;oro<\/strong> Loop King &#8211; I nostri lacci &#8220;SHOELACES&#8221; in <strong>stile viola off-white<\/strong> sono dotati di punte d&#8217;oro in rilievo.<br \/>\nTutti i nostri lacci per scarpe di lusso sono realizzati con materiali pregiati e punte in metallo di altissima qualit\u00e0.<br \/>\nI nostri lacci in stile bianco sporco sono realizzati al 100% in cotone.   Guarda le nostre caratteristiche complete qui sotto:  <\/p>\n<ul>\n<li>Larghezza 6 mm (piatto)<\/li>\n<li>Cotone Premium<\/li>\n<li>Stile Off-White<\/li>\n<li>Loop King Golden Aglet<\/li>\n<li>Bellissima confezione Loop King per pizzo<\/li>\n<\/ul>\n<p><em>Nota bene: i lacci Loop King non sono affiliati a Off-White.<br \/>\nQuesto prodotto \u00e8 solo uno stile di lacci per scarpe di Off-White con l&#8217;aggiunta delle nostre punte d&#8217;oro Loop King. <\/em><\/p>\n","protected":false},"featured_media":72841,"comment_status":"open","ping_status":"closed","template":"","meta":{"_acf_changed":false},"product_brand":[],"product_cat":[1616,1133,1748,1343,928,1040,1119,970,1747,1110,1131,1731,1149,1117,1632,924],"product_tag":[1749,939,943,938,978,940,1767],"woo-feed-brand":[],"class_list":{"0":"post-72828","1":"product","2":"type-product","3":"status-publish","4":"has-post-thumbnail","6":"product_cat-autentici-lacci-presto-off-white-che-si-adattano-e-sono-alla-moda","7":"product_cat-i-lacci-delle-scarpe-di-prada-che-aggiungono-ancora-piu-rarita-e-glamour","8":"product_cat-incredibili-lacci-delle-dunk-off-white-per-uno-stile-impeccabile","9":"product_cat-lacci-colorati-alla-moda-per-scarpe-da-ginnastica","10":"product_cat-lacci-da-30-pollici-tutti-i-lacci-moderni-e-di-alta-qualita","11":"product_cat-lacci-da-scarpe-adidas-di-alta-gamma-per-migliorare-il-tuo-look","12":"product_cat-lacci-da-scarpe-firmati-dsw-lussuosi-e-di-alta-qualita","13":"product_cat-lacci-di-scarpe-viola-che-fanno-tendenza-si-adattano-alla-perfezione-e-fanno-invidia-agli-altri","14":"product_cat-lacci-off-white-qualita-premium-per-le-tue-scarpe","15":"product_cat-lacci-per-scarpe-con-punta-doro","16":"product_cat-lacci-per-scarpe-da-skateboard-che-hanno-un-aspetto-elegante-e-una-vestibilita-perfetta","17":"product_cat-lacci-per-scarpe-new-balance-migliora-il-tuo-look","18":"product_cat-lacci-per-stivali-da-63-pollici-fai-il-nodo-con-stile","19":"product_cat-puma-fat-laces-il-meglio-della-linea","20":"product_cat-tutti-i-fantastici-lacci-per-le-scarpe-lebron","21":"product_cat-tutti-i-lacci-delle-scarpe","22":"product_tag-bianco-sporco","23":"product_tag-lacci-delle-scarpe","24":"product_tag-lacci-per-scarpe-con-punta-doro","25":"product_tag-loop-king-it","26":"product_tag-piatto","27":"product_tag-punta-di-metallo","28":"product_tag-viola","30":"first","31":"instock","32":"taxable","33":"shipping-taxable","34":"purchasable","35":"product-type-variable"},"acf":[],"yoast_head":"<!-- This site is optimized with the Yoast SEO plugin v27.4 - https:\/\/yoast.com\/product\/yoast-seo-wordpress\/ -->\n<title>Lacci da scarpe in stile Off-White viola con punte d&#039;oro<\/title>\n<meta name=\"description\" content=\"Le nostre &quot;SHOELAES&quot; in stile viola bianco sporco sono dotate di punte dorate e sono un articolo di lusso. Ogni laccio \u00e8 dotato di una punta metallica in rilievo. Spedizione veloce in tutto il mondo.\" \/>\n<meta name=\"robots\" content=\"index, follow, max-snippet:-1, max-image-preview:large, max-video-preview:-1\" \/>\n<link rel=\"canonical\" href=\"https:\/\/www.loopkinglaces.com\/it\/products\/stile-shoelaces-viola-off-white-con-punte-dorate\/\" \/>\n<meta property=\"og:locale\" content=\"it_IT\" \/>\n<meta property=\"og:type\" content=\"article\" \/>\n<meta property=\"og:title\" content=\"Lacci da scarpe in stile Off-White viola con punte d&#039;oro\" \/>\n<meta property=\"og:description\" content=\"Le nostre &quot;SHOELAES&quot; in stile viola bianco sporco sono dotate di punte dorate e sono un articolo di lusso. Ogni laccio \u00e8 dotato di una punta metallica in rilievo. Spedizione veloce in tutto il mondo.\" \/>\n<meta property=\"og:url\" content=\"https:\/\/www.loopkinglaces.com\/it\/products\/stile-shoelaces-viola-off-white-con-punte-dorate\/\" \/>\n<meta property=\"og:site_name\" content=\"Luxury Gold Tip Shoelaces by Loop King Laces\" \/>\n<meta property=\"article:publisher\" content=\"https:\/\/www.facebook.com\/LoopKingLaces\/\" \/>\n<meta property=\"article:modified_time\" content=\"2024-10-03T20:52:06+00:00\" \/>\n<meta property=\"og:image\" content=\"https:\/\/www.loopkinglaces.com\/wp-content\/uploads\/purple-off-white-shoelaces-gold-tips.jpg\" \/>\n\t<meta property=\"og:image:width\" content=\"1000\" \/>\n\t<meta property=\"og:image:height\" content=\"1000\" \/>\n\t<meta property=\"og:image:type\" content=\"image\/jpeg\" \/>\n<meta name=\"twitter:card\" content=\"summary_large_image\" \/>\n<meta name=\"twitter:site\" content=\"@loopkinglaces\" \/>\n<meta name=\"twitter:label1\" content=\"Tempo di lettura stimato\" \/>\n\t<meta name=\"twitter:data1\" content=\"1 minuto\" \/>\n<script type=\"application\/ld+json\" class=\"yoast-schema-graph\">{\"@context\":\"https:\\\/\\\/schema.org\",\"@graph\":[{\"@type\":[\"WebPage\",\"ItemPage\"],\"@id\":\"https:\\\/\\\/www.loopkinglaces.com\\\/it\\\/products\\\/stile-shoelaces-viola-off-white-con-punte-dorate\\\/\",\"url\":\"https:\\\/\\\/www.loopkinglaces.com\\\/it\\\/products\\\/stile-shoelaces-viola-off-white-con-punte-dorate\\\/\",\"name\":\"Lacci da scarpe in stile Off-White viola con punte d'oro\",\"isPartOf\":{\"@id\":\"https:\\\/\\\/www.loopkinglaces.com\\\/it\\\/#website\"},\"primaryImageOfPage\":{\"@id\":\"https:\\\/\\\/www.loopkinglaces.com\\\/it\\\/products\\\/stile-shoelaces-viola-off-white-con-punte-dorate\\\/#primaryimage\"},\"image\":{\"@id\":\"https:\\\/\\\/www.loopkinglaces.com\\\/it\\\/products\\\/stile-shoelaces-viola-off-white-con-punte-dorate\\\/#primaryimage\"},\"thumbnailUrl\":\"https:\\\/\\\/www.loopkinglaces.com\\\/wp-content\\\/uploads\\\/purple-off-white-shoelaces-gold-tips.jpg\",\"datePublished\":\"2018-12-13T19:23:59+00:00\",\"dateModified\":\"2024-10-03T20:52:06+00:00\",\"description\":\"Le nostre \\\"SHOELAES\\\" in stile viola bianco sporco sono dotate di punte dorate e sono un articolo di lusso. Ogni laccio \u00e8 dotato di una punta metallica in rilievo. Spedizione veloce in tutto il mondo.\",\"breadcrumb\":{\"@id\":\"https:\\\/\\\/www.loopkinglaces.com\\\/it\\\/products\\\/stile-shoelaces-viola-off-white-con-punte-dorate\\\/#breadcrumb\"},\"inLanguage\":\"it-IT\",\"potentialAction\":[{\"@type\":\"ReadAction\",\"target\":[\"https:\\\/\\\/www.loopkinglaces.com\\\/it\\\/products\\\/stile-shoelaces-viola-off-white-con-punte-dorate\\\/\"]}]},{\"@type\":\"ImageObject\",\"inLanguage\":\"it-IT\",\"@id\":\"https:\\\/\\\/www.loopkinglaces.com\\\/it\\\/products\\\/stile-shoelaces-viola-off-white-con-punte-dorate\\\/#primaryimage\",\"url\":\"https:\\\/\\\/www.loopkinglaces.com\\\/wp-content\\\/uploads\\\/purple-off-white-shoelaces-gold-tips.jpg\",\"contentUrl\":\"https:\\\/\\\/www.loopkinglaces.com\\\/wp-content\\\/uploads\\\/purple-off-white-shoelaces-gold-tips.jpg\",\"width\":1000,\"height\":1000},{\"@type\":\"BreadcrumbList\",\"@id\":\"https:\\\/\\\/www.loopkinglaces.com\\\/it\\\/products\\\/stile-shoelaces-viola-off-white-con-punte-dorate\\\/#breadcrumb\",\"itemListElement\":[{\"@type\":\"ListItem\",\"position\":1,\"name\":\"Home\",\"item\":\"https:\\\/\\\/www.loopkinglaces.com\\\/it\\\/\"},{\"@type\":\"ListItem\",\"position\":2,\"name\":\"ACQUISTA LACES\",\"item\":\"https:\\\/\\\/www.loopkinglaces.com\\\/it\\\/acquista-laces\\\/\"},{\"@type\":\"ListItem\",\"position\":3,\"name\":\"Stile &#8220;SHOELACES&#8221; viola Off-White con punte dorate\"}]},{\"@type\":\"WebSite\",\"@id\":\"https:\\\/\\\/www.loopkinglaces.com\\\/it\\\/#website\",\"url\":\"https:\\\/\\\/www.loopkinglaces.com\\\/it\\\/\",\"name\":\"Luxury Gold Tip Shoelaces by Loop King Laces\",\"description\":\"Rope Laces, Flat Waxed Laces and Leather Laces. All With Gold Tips.\",\"publisher\":{\"@id\":\"https:\\\/\\\/www.loopkinglaces.com\\\/it\\\/#organization\"},\"potentialAction\":[{\"@type\":\"SearchAction\",\"target\":{\"@type\":\"EntryPoint\",\"urlTemplate\":\"https:\\\/\\\/www.loopkinglaces.com\\\/it\\\/?s={search_term_string}\"},\"query-input\":{\"@type\":\"PropertyValueSpecification\",\"valueRequired\":true,\"valueName\":\"search_term_string\"}}],\"inLanguage\":\"it-IT\"},{\"@type\":\"Organization\",\"@id\":\"https:\\\/\\\/www.loopkinglaces.com\\\/it\\\/#organization\",\"name\":\"Loop King Laces\",\"url\":\"https:\\\/\\\/www.loopkinglaces.com\\\/it\\\/\",\"logo\":{\"@type\":\"ImageObject\",\"inLanguage\":\"it-IT\",\"@id\":\"https:\\\/\\\/www.loopkinglaces.com\\\/it\\\/#\\\/schema\\\/logo\\\/image\\\/\",\"url\":\"https:\\\/\\\/www.loopkinglaces.com\\\/wp-content\\\/uploads\\\/LOOP-KING-LACES.1.1-01-LOGO-HI-RES-OFFICIAL-1.png\",\"contentUrl\":\"https:\\\/\\\/www.loopkinglaces.com\\\/wp-content\\\/uploads\\\/LOOP-KING-LACES.1.1-01-LOGO-HI-RES-OFFICIAL-1.png\",\"width\":128,\"height\":91,\"caption\":\"Loop King Laces\"},\"image\":{\"@id\":\"https:\\\/\\\/www.loopkinglaces.com\\\/it\\\/#\\\/schema\\\/logo\\\/image\\\/\"},\"sameAs\":[\"https:\\\/\\\/www.facebook.com\\\/LoopKingLaces\\\/\",\"https:\\\/\\\/x.com\\\/loopkinglaces\",\"https:\\\/\\\/www.instagram.com\\\/loopkinglaces\\\/\"]}]}<\/script>\n<!-- \/ Yoast SEO plugin. -->","yoast_head_json":{"title":"Lacci da scarpe in stile Off-White viola con punte d'oro","description":"Le nostre \"SHOELAES\" in stile viola bianco sporco sono dotate di punte dorate e sono un articolo di lusso. Ogni laccio \u00e8 dotato di una punta metallica in rilievo. Spedizione veloce in tutto il mondo.","robots":{"index":"index","follow":"follow","max-snippet":"max-snippet:-1","max-image-preview":"max-image-preview:large","max-video-preview":"max-video-preview:-1"},"canonical":"https:\/\/www.loopkinglaces.com\/it\/products\/stile-shoelaces-viola-off-white-con-punte-dorate\/","og_locale":"it_IT","og_type":"article","og_title":"Lacci da scarpe in stile Off-White viola con punte d'oro","og_description":"Le nostre \"SHOELAES\" in stile viola bianco sporco sono dotate di punte dorate e sono un articolo di lusso. Ogni laccio \u00e8 dotato di una punta metallica in rilievo. Spedizione veloce in tutto il mondo.","og_url":"https:\/\/www.loopkinglaces.com\/it\/products\/stile-shoelaces-viola-off-white-con-punte-dorate\/","og_site_name":"Luxury Gold Tip Shoelaces by Loop King Laces","article_publisher":"https:\/\/www.facebook.com\/LoopKingLaces\/","article_modified_time":"2024-10-03T20:52:06+00:00","og_image":[{"width":1000,"height":1000,"url":"https:\/\/www.loopkinglaces.com\/wp-content\/uploads\/purple-off-white-shoelaces-gold-tips.jpg","type":"image\/jpeg"}],"twitter_card":"summary_large_image","twitter_site":"@loopkinglaces","twitter_misc":{"Tempo di lettura stimato":"1 minuto"},"schema":{"@context":"https:\/\/schema.org","@graph":[{"@type":["WebPage","ItemPage"],"@id":"https:\/\/www.loopkinglaces.com\/it\/products\/stile-shoelaces-viola-off-white-con-punte-dorate\/","url":"https:\/\/www.loopkinglaces.com\/it\/products\/stile-shoelaces-viola-off-white-con-punte-dorate\/","name":"Lacci da scarpe in stile Off-White viola con punte d'oro","isPartOf":{"@id":"https:\/\/www.loopkinglaces.com\/it\/#website"},"primaryImageOfPage":{"@id":"https:\/\/www.loopkinglaces.com\/it\/products\/stile-shoelaces-viola-off-white-con-punte-dorate\/#primaryimage"},"image":{"@id":"https:\/\/www.loopkinglaces.com\/it\/products\/stile-shoelaces-viola-off-white-con-punte-dorate\/#primaryimage"},"thumbnailUrl":"https:\/\/www.loopkinglaces.com\/wp-content\/uploads\/purple-off-white-shoelaces-gold-tips.jpg","datePublished":"2018-12-13T19:23:59+00:00","dateModified":"2024-10-03T20:52:06+00:00","description":"Le nostre \"SHOELAES\" in stile viola bianco sporco sono dotate di punte dorate e sono un articolo di lusso. Ogni laccio \u00e8 dotato di una punta metallica in rilievo. Spedizione veloce in tutto il mondo.","breadcrumb":{"@id":"https:\/\/www.loopkinglaces.com\/it\/products\/stile-shoelaces-viola-off-white-con-punte-dorate\/#breadcrumb"},"inLanguage":"it-IT","potentialAction":[{"@type":"ReadAction","target":["https:\/\/www.loopkinglaces.com\/it\/products\/stile-shoelaces-viola-off-white-con-punte-dorate\/"]}]},{"@type":"ImageObject","inLanguage":"it-IT","@id":"https:\/\/www.loopkinglaces.com\/it\/products\/stile-shoelaces-viola-off-white-con-punte-dorate\/#primaryimage","url":"https:\/\/www.loopkinglaces.com\/wp-content\/uploads\/purple-off-white-shoelaces-gold-tips.jpg","contentUrl":"https:\/\/www.loopkinglaces.com\/wp-content\/uploads\/purple-off-white-shoelaces-gold-tips.jpg","width":1000,"height":1000},{"@type":"BreadcrumbList","@id":"https:\/\/www.loopkinglaces.com\/it\/products\/stile-shoelaces-viola-off-white-con-punte-dorate\/#breadcrumb","itemListElement":[{"@type":"ListItem","position":1,"name":"Home","item":"https:\/\/www.loopkinglaces.com\/it\/"},{"@type":"ListItem","position":2,"name":"ACQUISTA LACES","item":"https:\/\/www.loopkinglaces.com\/it\/acquista-laces\/"},{"@type":"ListItem","position":3,"name":"Stile &#8220;SHOELACES&#8221; viola Off-White con punte dorate"}]},{"@type":"WebSite","@id":"https:\/\/www.loopkinglaces.com\/it\/#website","url":"https:\/\/www.loopkinglaces.com\/it\/","name":"Luxury Gold Tip Shoelaces by Loop King Laces","description":"Rope Laces, Flat Waxed Laces and Leather Laces. All With Gold Tips.","publisher":{"@id":"https:\/\/www.loopkinglaces.com\/it\/#organization"},"potentialAction":[{"@type":"SearchAction","target":{"@type":"EntryPoint","urlTemplate":"https:\/\/www.loopkinglaces.com\/it\/?s={search_term_string}"},"query-input":{"@type":"PropertyValueSpecification","valueRequired":true,"valueName":"search_term_string"}}],"inLanguage":"it-IT"},{"@type":"Organization","@id":"https:\/\/www.loopkinglaces.com\/it\/#organization","name":"Loop King Laces","url":"https:\/\/www.loopkinglaces.com\/it\/","logo":{"@type":"ImageObject","inLanguage":"it-IT","@id":"https:\/\/www.loopkinglaces.com\/it\/#\/schema\/logo\/image\/","url":"https:\/\/www.loopkinglaces.com\/wp-content\/uploads\/LOOP-KING-LACES.1.1-01-LOGO-HI-RES-OFFICIAL-1.png","contentUrl":"https:\/\/www.loopkinglaces.com\/wp-content\/uploads\/LOOP-KING-LACES.1.1-01-LOGO-HI-RES-OFFICIAL-1.png","width":128,"height":91,"caption":"Loop King Laces"},"image":{"@id":"https:\/\/www.loopkinglaces.com\/it\/#\/schema\/logo\/image\/"},"sameAs":["https:\/\/www.facebook.com\/LoopKingLaces\/","https:\/\/x.com\/loopkinglaces","https:\/\/www.instagram.com\/loopkinglaces\/"]}]}},"_links":{"self":[{"href":"https:\/\/www.loopkinglaces.com\/it\/wp-json\/wp\/v2\/product\/72828","targetHints":{"allow":["GET"]}}],"collection":[{"href":"https:\/\/www.loopkinglaces.com\/it\/wp-json\/wp\/v2\/product"}],"about":[{"href":"https:\/\/www.loopkinglaces.com\/it\/wp-json\/wp\/v2\/types\/product"}],"replies":[{"embeddable":true,"href":"https:\/\/www.loopkinglaces.com\/it\/wp-json\/wp\/v2\/comments?post=72828"}],"wp:featuredmedia":[{"embeddable":true,"href":"https:\/\/www.loopkinglaces.com\/it\/wp-json\/wp\/v2\/media\/72841"}],"wp:attachment":[{"href":"https:\/\/www.loopkinglaces.com\/it\/wp-json\/wp\/v2\/media?parent=72828"}],"wp:term":[{"taxonomy":"product_brand","embeddable":true,"href":"https:\/\/www.loopkinglaces.com\/it\/wp-json\/wp\/v2\/product_brand?post=72828"},{"taxonomy":"product_cat","embeddable":true,"href":"https:\/\/www.loopkinglaces.com\/it\/wp-json\/wp\/v2\/product_cat?post=72828"},{"taxonomy":"product_tag","embeddable":true,"href":"https:\/\/www.loopkinglaces.com\/it\/wp-json\/wp\/v2\/product_tag?post=72828"},{"taxonomy":"woo-feed-brand","embeddable":true,"href":"https:\/\/www.loopkinglaces.com\/it\/wp-json\/wp\/v2\/woo-feed-brand?post=72828"}],"curies":[{"name":"wp","href":"https:\/\/api.w.org\/{rel}","templated":true}]}}