{"id":72250,"date":"2018-06-23T07:56:22","date_gmt":"2018-06-23T07:56:22","guid":{"rendered":"https:\/\/www.loopkinglaces.com\/products\/lacci-piatti-cerati-grigi-con-punte-dorate\/"},"modified":"2024-10-03T20:50:40","modified_gmt":"2024-10-03T20:50:40","slug":"lacci-piatti-cerati-grigi-con-punte-dorate","status":"publish","type":"product","link":"https:\/\/www.loopkinglaces.com\/it\/products\/lacci-piatti-cerati-grigi-con-punte-dorate\/","title":{"rendered":"Lacci piatti cerati grigi con punte dorate"},"content":{"rendered":"<h3><a href=\"https:\/\/www.loopkinglaces.com\/\">Lacci per scarpe da ginnastica di lusso<\/a><\/h3>\n<p>  I lacci Loop King forniscono solo lacci di lusso di altissima qualit\u00e0.<br \/>\nI nostri lacci piatti cerati sono realizzati con punte di metallo in rilievo con la scritta LOOP KING e la nostra corona simbolica.<br \/>\nOgni laccio piatto cerato \u00e8 realizzato con una cera di qualit\u00e0 superiore che si sovrappone al nostro cotone di qualit\u00e0 superiore per evitare che il laccio si sfilacci inaspettatamente e per aumentare la durata del laccio a pi\u00f9 del triplo di un normale laccio da scarpe di qualit\u00e0.<br \/>\nI nostri lacci si adattano a tutti i tipi di scarpe da ginnastica e a tutte le marche, tra cui Adidas, Nike, VANS e cos\u00ec via; visita la nostra <a href=\"\/shoelace-size-chart\/\">Guida alle taglie<\/a> per trovare la misura perfetta per le tue scarpe.     &nbsp;<\/p>\n","protected":false},"excerpt":{"rendered":"<p><strong>Lacci piatti cerati grigi con punte dorate<\/strong> Loop King Laces &#8211; I nostri lacci di lusso piatti cerati grigi sono dotati di punte dorate in rilievo.<br \/>\nTutti i nostri lacci di lusso sono realizzati con materiali pregiati e punte in metallo di altissima qualit\u00e0.<br \/>\nI nostri lacci piatti cerati durano 3 volte di pi\u00f9 rispetto ai lacci normali.   Guarda le nostre caratteristiche complete qui sotto:  <\/p>\n<ul>\n<li>Larghezza 6 mm (piatto)<\/li>\n<li>Cerato Premium<\/li>\n<li>Dura <strong>3 volte di pi\u00f9<\/strong> rispetto ai lacci normali<\/li>\n<li>Loop King Golden Aglet<\/li>\n<li>Bellissima confezione Loop King per pizzo<\/li>\n<\/ul>\n","protected":false},"featured_media":72269,"comment_status":"open","ping_status":"closed","template":"","meta":{"_acf_changed":false},"product_brand":[],"product_cat":[1365,1599,1047,1139,1043,1146,1495,1344,1734,973,1115,1110,1733,1140,1732,1134,1498,1488,1117,1137,924],"product_tag":[979,944,939,943,938,978,977,940],"woo-feed-brand":[],"class_list":{"0":"post-72250","1":"product","2":"type-product","3":"status-publish","4":"has-post-thumbnail","6":"product_cat-collezione-di-lacci-classici-grigi-per-scarpe","7":"product_cat-collezione-di-lacci-di-lusso-cerati","8":"product_cat-collezione-elegante-di-lacci-da-45-pollici","9":"product_cat-eleva-la-tua-esperienza-hoka-non-solo-lacci-ma-anche-dichiarazioni-in-tonalita-neutre","10":"product_cat-lacci-balenciaga-lacci-di-alta-classe-e-di-tendenza","11":"product_cat-lacci-da-63-pollici-il-cambio-di-gioco-definitivo-per-i-lacci-delle-scarpe","12":"product_cat-lacci-del-pattinaggio-artistico-leroe-non-celebrato-sul-ghiaccio","13":"product_cat-lacci-di-ricambio-deluxe-per-scarpe-da-ginnastica-scarpe-da-ginnastica-stivali-e-altro-ancora","14":"product_cat-lacci-in-pelle-scamosciata-una-svolta-per-le-tue-calzature","15":"product_cat-lacci-nike-air-force-1-alla-moda-per-stupire","16":"product_cat-lacci-nike-sb-moderni-e-al-top-della-gamma","17":"product_cat-lacci-per-scarpe-con-punta-doro","18":"product_cat-lacci-per-scarpe-da-barca-tutto-sta-nei-dettagli","19":"product_cat-lacci-per-scarpe-keen-padroneggiare-larte-del-nero-e-del-grigio","20":"product_cat-lacci-per-scarpe-piatte-di-alta-gamma-per-dare-un-tocco-visivo-alle-tue-calzature","21":"product_cat-lacci-sostitutivi-di-nike-per-un-aggiornamento-visivo-da-urlo","22":"product_cat-lacci-union-migliora-la-tua-union-jordan-1","23":"product_cat-le-stringhe-delle-scarpe-on-cloud-elevare-le-calzature-un-laccio-alla-volta","24":"product_cat-puma-fat-laces-il-meglio-della-linea","25":"product_cat-sostituzione-dei-lacci-golden-goose-per-le-tue-calzature-preferite","26":"product_cat-tutti-i-lacci-delle-scarpe","27":"product_tag-cerato","28":"product_tag-grigio","29":"product_tag-lacci-delle-scarpe","30":"product_tag-lacci-per-scarpe-con-punta-doro","31":"product_tag-loop-king-it","32":"product_tag-piatto","33":"product_tag-piatto-cerato","34":"product_tag-punta-di-metallo","36":"first","37":"instock","38":"taxable","39":"shipping-taxable","40":"purchasable","41":"product-type-variable"},"acf":[],"yoast_head":"<!-- This site is optimized with the Yoast SEO plugin v27.4 - https:\/\/yoast.com\/product\/yoast-seo-wordpress\/ -->\n<title>Lacci piatti cerati grigi per scarpe con punte dorate - Da Loop King<\/title>\n<meta name=\"description\" content=\"I nostri lacci piatti cerati grigi con punte dorate sono i lacci piatti di lusso della migliore qualit\u00e0 sul mercato. Ogni laccio \u00e8 dotato di una punta dorata in rilievo.\" \/>\n<meta name=\"robots\" content=\"index, follow, max-snippet:-1, max-image-preview:large, max-video-preview:-1\" \/>\n<link rel=\"canonical\" href=\"https:\/\/www.loopkinglaces.com\/it\/products\/lacci-piatti-cerati-grigi-con-punte-dorate\/\" \/>\n<meta property=\"og:locale\" content=\"it_IT\" \/>\n<meta property=\"og:type\" content=\"article\" \/>\n<meta property=\"og:title\" content=\"Lacci piatti cerati grigi per scarpe con punte dorate - Da Loop King\" \/>\n<meta property=\"og:description\" content=\"I nostri lacci piatti cerati grigi con punte dorate sono i lacci piatti di lusso della migliore qualit\u00e0 sul mercato. Ogni laccio \u00e8 dotato di una punta dorata in rilievo.\" \/>\n<meta property=\"og:url\" content=\"https:\/\/www.loopkinglaces.com\/it\/products\/lacci-piatti-cerati-grigi-con-punte-dorate\/\" \/>\n<meta property=\"og:site_name\" content=\"Luxury Gold Tip Shoelaces by Loop King Laces\" \/>\n<meta property=\"article:publisher\" content=\"https:\/\/www.facebook.com\/LoopKingLaces\/\" \/>\n<meta property=\"article:modified_time\" content=\"2024-10-03T20:50:40+00:00\" \/>\n<meta property=\"og:image\" content=\"https:\/\/www.loopkinglaces.com\/wp-content\/uploads\/flat-waxed-grey-shoe-laces.jpg\" \/>\n\t<meta property=\"og:image:width\" content=\"1000\" \/>\n\t<meta property=\"og:image:height\" content=\"1000\" \/>\n\t<meta property=\"og:image:type\" content=\"image\/jpeg\" \/>\n<meta name=\"twitter:card\" content=\"summary_large_image\" \/>\n<meta name=\"twitter:site\" content=\"@loopkinglaces\" \/>\n<meta name=\"twitter:label1\" content=\"Tempo di lettura stimato\" \/>\n\t<meta name=\"twitter:data1\" content=\"1 minuto\" \/>\n<script type=\"application\/ld+json\" class=\"yoast-schema-graph\">{\"@context\":\"https:\\\/\\\/schema.org\",\"@graph\":[{\"@type\":[\"WebPage\",\"ItemPage\"],\"@id\":\"https:\\\/\\\/www.loopkinglaces.com\\\/it\\\/products\\\/lacci-piatti-cerati-grigi-con-punte-dorate\\\/\",\"url\":\"https:\\\/\\\/www.loopkinglaces.com\\\/it\\\/products\\\/lacci-piatti-cerati-grigi-con-punte-dorate\\\/\",\"name\":\"Lacci piatti cerati grigi per scarpe con punte dorate - Da Loop King\",\"isPartOf\":{\"@id\":\"https:\\\/\\\/www.loopkinglaces.com\\\/it\\\/#website\"},\"primaryImageOfPage\":{\"@id\":\"https:\\\/\\\/www.loopkinglaces.com\\\/it\\\/products\\\/lacci-piatti-cerati-grigi-con-punte-dorate\\\/#primaryimage\"},\"image\":{\"@id\":\"https:\\\/\\\/www.loopkinglaces.com\\\/it\\\/products\\\/lacci-piatti-cerati-grigi-con-punte-dorate\\\/#primaryimage\"},\"thumbnailUrl\":\"https:\\\/\\\/www.loopkinglaces.com\\\/wp-content\\\/uploads\\\/flat-waxed-grey-shoe-laces.jpg\",\"datePublished\":\"2018-06-23T07:56:22+00:00\",\"dateModified\":\"2024-10-03T20:50:40+00:00\",\"description\":\"I nostri lacci piatti cerati grigi con punte dorate sono i lacci piatti di lusso della migliore qualit\u00e0 sul mercato. Ogni laccio \u00e8 dotato di una punta dorata in rilievo.\",\"breadcrumb\":{\"@id\":\"https:\\\/\\\/www.loopkinglaces.com\\\/it\\\/products\\\/lacci-piatti-cerati-grigi-con-punte-dorate\\\/#breadcrumb\"},\"inLanguage\":\"it-IT\",\"potentialAction\":[{\"@type\":\"ReadAction\",\"target\":[\"https:\\\/\\\/www.loopkinglaces.com\\\/it\\\/products\\\/lacci-piatti-cerati-grigi-con-punte-dorate\\\/\"]}]},{\"@type\":\"ImageObject\",\"inLanguage\":\"it-IT\",\"@id\":\"https:\\\/\\\/www.loopkinglaces.com\\\/it\\\/products\\\/lacci-piatti-cerati-grigi-con-punte-dorate\\\/#primaryimage\",\"url\":\"https:\\\/\\\/www.loopkinglaces.com\\\/wp-content\\\/uploads\\\/flat-waxed-grey-shoe-laces.jpg\",\"contentUrl\":\"https:\\\/\\\/www.loopkinglaces.com\\\/wp-content\\\/uploads\\\/flat-waxed-grey-shoe-laces.jpg\",\"width\":1000,\"height\":1000},{\"@type\":\"BreadcrumbList\",\"@id\":\"https:\\\/\\\/www.loopkinglaces.com\\\/it\\\/products\\\/lacci-piatti-cerati-grigi-con-punte-dorate\\\/#breadcrumb\",\"itemListElement\":[{\"@type\":\"ListItem\",\"position\":1,\"name\":\"Home\",\"item\":\"https:\\\/\\\/www.loopkinglaces.com\\\/it\\\/\"},{\"@type\":\"ListItem\",\"position\":2,\"name\":\"ACQUISTA LACES\",\"item\":\"https:\\\/\\\/www.loopkinglaces.com\\\/it\\\/acquista-laces\\\/\"},{\"@type\":\"ListItem\",\"position\":3,\"name\":\"Lacci piatti cerati grigi con punte dorate\"}]},{\"@type\":\"WebSite\",\"@id\":\"https:\\\/\\\/www.loopkinglaces.com\\\/it\\\/#website\",\"url\":\"https:\\\/\\\/www.loopkinglaces.com\\\/it\\\/\",\"name\":\"Luxury Gold Tip Shoelaces by Loop King Laces\",\"description\":\"Rope Laces, Flat Waxed Laces and Leather Laces. All With Gold Tips.\",\"publisher\":{\"@id\":\"https:\\\/\\\/www.loopkinglaces.com\\\/it\\\/#organization\"},\"potentialAction\":[{\"@type\":\"SearchAction\",\"target\":{\"@type\":\"EntryPoint\",\"urlTemplate\":\"https:\\\/\\\/www.loopkinglaces.com\\\/it\\\/?s={search_term_string}\"},\"query-input\":{\"@type\":\"PropertyValueSpecification\",\"valueRequired\":true,\"valueName\":\"search_term_string\"}}],\"inLanguage\":\"it-IT\"},{\"@type\":\"Organization\",\"@id\":\"https:\\\/\\\/www.loopkinglaces.com\\\/it\\\/#organization\",\"name\":\"Loop King Laces\",\"url\":\"https:\\\/\\\/www.loopkinglaces.com\\\/it\\\/\",\"logo\":{\"@type\":\"ImageObject\",\"inLanguage\":\"it-IT\",\"@id\":\"https:\\\/\\\/www.loopkinglaces.com\\\/it\\\/#\\\/schema\\\/logo\\\/image\\\/\",\"url\":\"https:\\\/\\\/www.loopkinglaces.com\\\/wp-content\\\/uploads\\\/LOOP-KING-LACES.1.1-01-LOGO-HI-RES-OFFICIAL-1.png\",\"contentUrl\":\"https:\\\/\\\/www.loopkinglaces.com\\\/wp-content\\\/uploads\\\/LOOP-KING-LACES.1.1-01-LOGO-HI-RES-OFFICIAL-1.png\",\"width\":128,\"height\":91,\"caption\":\"Loop King Laces\"},\"image\":{\"@id\":\"https:\\\/\\\/www.loopkinglaces.com\\\/it\\\/#\\\/schema\\\/logo\\\/image\\\/\"},\"sameAs\":[\"https:\\\/\\\/www.facebook.com\\\/LoopKingLaces\\\/\",\"https:\\\/\\\/x.com\\\/loopkinglaces\",\"https:\\\/\\\/www.instagram.com\\\/loopkinglaces\\\/\"]}]}<\/script>\n<!-- \/ Yoast SEO plugin. -->","yoast_head_json":{"title":"Lacci piatti cerati grigi per scarpe con punte dorate - Da Loop King","description":"I nostri lacci piatti cerati grigi con punte dorate sono i lacci piatti di lusso della migliore qualit\u00e0 sul mercato. Ogni laccio \u00e8 dotato di una punta dorata in rilievo.","robots":{"index":"index","follow":"follow","max-snippet":"max-snippet:-1","max-image-preview":"max-image-preview:large","max-video-preview":"max-video-preview:-1"},"canonical":"https:\/\/www.loopkinglaces.com\/it\/products\/lacci-piatti-cerati-grigi-con-punte-dorate\/","og_locale":"it_IT","og_type":"article","og_title":"Lacci piatti cerati grigi per scarpe con punte dorate - Da Loop King","og_description":"I nostri lacci piatti cerati grigi con punte dorate sono i lacci piatti di lusso della migliore qualit\u00e0 sul mercato. Ogni laccio \u00e8 dotato di una punta dorata in rilievo.","og_url":"https:\/\/www.loopkinglaces.com\/it\/products\/lacci-piatti-cerati-grigi-con-punte-dorate\/","og_site_name":"Luxury Gold Tip Shoelaces by Loop King Laces","article_publisher":"https:\/\/www.facebook.com\/LoopKingLaces\/","article_modified_time":"2024-10-03T20:50:40+00:00","og_image":[{"width":1000,"height":1000,"url":"https:\/\/www.loopkinglaces.com\/wp-content\/uploads\/flat-waxed-grey-shoe-laces.jpg","type":"image\/jpeg"}],"twitter_card":"summary_large_image","twitter_site":"@loopkinglaces","twitter_misc":{"Tempo di lettura stimato":"1 minuto"},"schema":{"@context":"https:\/\/schema.org","@graph":[{"@type":["WebPage","ItemPage"],"@id":"https:\/\/www.loopkinglaces.com\/it\/products\/lacci-piatti-cerati-grigi-con-punte-dorate\/","url":"https:\/\/www.loopkinglaces.com\/it\/products\/lacci-piatti-cerati-grigi-con-punte-dorate\/","name":"Lacci piatti cerati grigi per scarpe con punte dorate - Da Loop King","isPartOf":{"@id":"https:\/\/www.loopkinglaces.com\/it\/#website"},"primaryImageOfPage":{"@id":"https:\/\/www.loopkinglaces.com\/it\/products\/lacci-piatti-cerati-grigi-con-punte-dorate\/#primaryimage"},"image":{"@id":"https:\/\/www.loopkinglaces.com\/it\/products\/lacci-piatti-cerati-grigi-con-punte-dorate\/#primaryimage"},"thumbnailUrl":"https:\/\/www.loopkinglaces.com\/wp-content\/uploads\/flat-waxed-grey-shoe-laces.jpg","datePublished":"2018-06-23T07:56:22+00:00","dateModified":"2024-10-03T20:50:40+00:00","description":"I nostri lacci piatti cerati grigi con punte dorate sono i lacci piatti di lusso della migliore qualit\u00e0 sul mercato. Ogni laccio \u00e8 dotato di una punta dorata in rilievo.","breadcrumb":{"@id":"https:\/\/www.loopkinglaces.com\/it\/products\/lacci-piatti-cerati-grigi-con-punte-dorate\/#breadcrumb"},"inLanguage":"it-IT","potentialAction":[{"@type":"ReadAction","target":["https:\/\/www.loopkinglaces.com\/it\/products\/lacci-piatti-cerati-grigi-con-punte-dorate\/"]}]},{"@type":"ImageObject","inLanguage":"it-IT","@id":"https:\/\/www.loopkinglaces.com\/it\/products\/lacci-piatti-cerati-grigi-con-punte-dorate\/#primaryimage","url":"https:\/\/www.loopkinglaces.com\/wp-content\/uploads\/flat-waxed-grey-shoe-laces.jpg","contentUrl":"https:\/\/www.loopkinglaces.com\/wp-content\/uploads\/flat-waxed-grey-shoe-laces.jpg","width":1000,"height":1000},{"@type":"BreadcrumbList","@id":"https:\/\/www.loopkinglaces.com\/it\/products\/lacci-piatti-cerati-grigi-con-punte-dorate\/#breadcrumb","itemListElement":[{"@type":"ListItem","position":1,"name":"Home","item":"https:\/\/www.loopkinglaces.com\/it\/"},{"@type":"ListItem","position":2,"name":"ACQUISTA LACES","item":"https:\/\/www.loopkinglaces.com\/it\/acquista-laces\/"},{"@type":"ListItem","position":3,"name":"Lacci piatti cerati grigi con punte dorate"}]},{"@type":"WebSite","@id":"https:\/\/www.loopkinglaces.com\/it\/#website","url":"https:\/\/www.loopkinglaces.com\/it\/","name":"Luxury Gold Tip Shoelaces by Loop King Laces","description":"Rope Laces, Flat Waxed Laces and Leather Laces. All With Gold Tips.","publisher":{"@id":"https:\/\/www.loopkinglaces.com\/it\/#organization"},"potentialAction":[{"@type":"SearchAction","target":{"@type":"EntryPoint","urlTemplate":"https:\/\/www.loopkinglaces.com\/it\/?s={search_term_string}"},"query-input":{"@type":"PropertyValueSpecification","valueRequired":true,"valueName":"search_term_string"}}],"inLanguage":"it-IT"},{"@type":"Organization","@id":"https:\/\/www.loopkinglaces.com\/it\/#organization","name":"Loop King Laces","url":"https:\/\/www.loopkinglaces.com\/it\/","logo":{"@type":"ImageObject","inLanguage":"it-IT","@id":"https:\/\/www.loopkinglaces.com\/it\/#\/schema\/logo\/image\/","url":"https:\/\/www.loopkinglaces.com\/wp-content\/uploads\/LOOP-KING-LACES.1.1-01-LOGO-HI-RES-OFFICIAL-1.png","contentUrl":"https:\/\/www.loopkinglaces.com\/wp-content\/uploads\/LOOP-KING-LACES.1.1-01-LOGO-HI-RES-OFFICIAL-1.png","width":128,"height":91,"caption":"Loop King Laces"},"image":{"@id":"https:\/\/www.loopkinglaces.com\/it\/#\/schema\/logo\/image\/"},"sameAs":["https:\/\/www.facebook.com\/LoopKingLaces\/","https:\/\/x.com\/loopkinglaces","https:\/\/www.instagram.com\/loopkinglaces\/"]}]}},"_links":{"self":[{"href":"https:\/\/www.loopkinglaces.com\/it\/wp-json\/wp\/v2\/product\/72250","targetHints":{"allow":["GET"]}}],"collection":[{"href":"https:\/\/www.loopkinglaces.com\/it\/wp-json\/wp\/v2\/product"}],"about":[{"href":"https:\/\/www.loopkinglaces.com\/it\/wp-json\/wp\/v2\/types\/product"}],"replies":[{"embeddable":true,"href":"https:\/\/www.loopkinglaces.com\/it\/wp-json\/wp\/v2\/comments?post=72250"}],"wp:featuredmedia":[{"embeddable":true,"href":"https:\/\/www.loopkinglaces.com\/it\/wp-json\/wp\/v2\/media\/72269"}],"wp:attachment":[{"href":"https:\/\/www.loopkinglaces.com\/it\/wp-json\/wp\/v2\/media?parent=72250"}],"wp:term":[{"taxonomy":"product_brand","embeddable":true,"href":"https:\/\/www.loopkinglaces.com\/it\/wp-json\/wp\/v2\/product_brand?post=72250"},{"taxonomy":"product_cat","embeddable":true,"href":"https:\/\/www.loopkinglaces.com\/it\/wp-json\/wp\/v2\/product_cat?post=72250"},{"taxonomy":"product_tag","embeddable":true,"href":"https:\/\/www.loopkinglaces.com\/it\/wp-json\/wp\/v2\/product_tag?post=72250"},{"taxonomy":"woo-feed-brand","embeddable":true,"href":"https:\/\/www.loopkinglaces.com\/it\/wp-json\/wp\/v2\/woo-feed-brand?post=72250"}],"curies":[{"name":"wp","href":"https:\/\/api.w.org\/{rel}","templated":true}]}}