{"id":71605,"date":"2023-04-30T18:20:13","date_gmt":"2023-04-30T18:20:13","guid":{"rendered":"https:\/\/www.loopkinglaces.com\/products\/lacci-in-cemento-nero-rosso-con-punte-in-plastica-rossa\/"},"modified":"2023-04-30T18:20:13","modified_gmt":"2023-04-30T18:20:13","slug":"lacci-in-cemento-nero-rosso-con-punte-in-plastica-rossa","status":"publish","type":"product","link":"https:\/\/www.loopkinglaces.com\/it\/products\/lacci-in-cemento-nero-rosso-con-punte-in-plastica-rossa\/","title":{"rendered":"Lacci in cemento nero rosso con punte in plastica rossa"},"content":{"rendered":"<p>Trasforma le tue sneakers da banali a favolose con i nostri accattivanti lacci in cemento!<br \/>\nChe tu sia alla ricerca di una dichiarazione discreta o di un look ultra audace, noi abbiamo quello che fa per te.<br \/>\nI nostri lacci sono caratterizzati da colori vivaci e stampe realistiche del materiale da cui prendono il nome, in modo che anche i tuoi piedi possano fare una dichiarazione di moda.<br \/>\nQuesti lacci alla moda non solo sono disponibili in varie tonalit\u00e0, perfette per ogni occasione, dai momenti di relax ai primi appuntamenti, ma sono anche realizzati con materiali di prima qualit\u00e0, con punte in rilievo che prevengono sfilacciamenti e strappi e aggiungono un tocco di lusso: ora con un tocco due volte pi\u00f9 vivace di prima!   <\/p>\n","protected":false},"excerpt":{"rendered":"<p><strong>Lacci in cemento nero con punte in plastica rossa<\/strong> Non riesci a trovare un modo per far risaltare le tue vecchie scarpe da ginnastica?<br \/>\nI nostri lacci in cemento nero con punte in plastica rossa ti offrono il perfetto upgrade visivo grazie alla loro stampa realistica in vari colori e alle loro specifiche sparse.<br \/>\nNon solo sono eleganti per ogni occasione, ma presentano anche materiali pregiati che garantiscono una lunga durata!<br \/>\nLe punte in rilievo aggiungono un tocco di lusso in pi\u00f9 e li rinforzano contro gli sfilacciamenti: da noi avrai pi\u00f9 di un design di lacci: vera qualit\u00e0.    Le caratteristiche principali includono:  <\/p>\n<ul>\n<li><span style=\"font-weight: 400;\">Materiali di qualit\u00e0 superiore<\/span><\/li>\n<li><span style=\"font-weight: 400;\">Punte in rilievo<\/span><\/li>\n<li><span style=\"font-weight: 400;\">Imballaggio sigillato e stupefacente  <\/span><\/li>\n<li><span style=\"font-weight: 400;\">Splendida stampa cemento su lacci piatti  <\/span><\/li>\n<li><span style=\"font-weight: 400;\">Supera le altre marche<\/span><\/li>\n<li><span style=\"font-weight: 400;\">Sono disponibili diverse lunghezze  <\/span><\/li>\n<\/ul>\n","protected":false},"featured_media":71618,"comment_status":"open","ping_status":"closed","template":"","meta":{"_acf_changed":false},"product_brand":[],"product_cat":[1050,1139,1401,932,1344,1604,1420,1116,1140,1148,1494,1138,924],"product_tag":[979,939,943,938,941,978,977,940],"woo-feed-brand":[],"class_list":{"0":"post-71605","1":"product","2":"type-product","3":"status-publish","4":"has-post-thumbnail","6":"product_cat-dai-un-tocco-di-stile-alle-tue-scarpe-con-i-lacci-di-cemento","7":"product_cat-eleva-la-tua-esperienza-hoka-non-solo-lacci-ma-anche-dichiarazioni-in-tonalita-neutre","8":"product_cat-i-fenomenali-stili-di-lacci-yeezy-tra-cui-scegliere","9":"product_cat-lacci-da-36-pollici","10":"product_cat-lacci-di-ricambio-deluxe-per-scarpe-da-ginnastica-scarpe-da-ginnastica-stivali-e-altro-ancora","11":"product_cat-lacci-lebron-11","12":"product_cat-lacci-neri-premium-per-scarpe-eleganti-e-lussuosi","13":"product_cat-lacci-nike-air-max-90-scarpe-di-tendenza","14":"product_cat-lacci-per-scarpe-keen-padroneggiare-larte-del-nero-e-del-grigio","15":"product_cat-lacci-per-stivali-da-60-pollici-lacci-piu-lunghi-per-una-dichiarazione-di-stile-definitiva","16":"product_cat-perche-i-lacci-delle-scarpe-da-corsa-sono-piu-importanti-di-quanto-pensi","17":"product_cat-sostituzione-dei-lacci-supreme-che-ti-lascera-senza-parole","18":"product_cat-tutti-i-lacci-delle-scarpe","19":"product_tag-cerato","20":"product_tag-lacci-delle-scarpe","21":"product_tag-lacci-per-scarpe-con-punta-doro","22":"product_tag-loop-king-it","23":"product_tag-nero","24":"product_tag-piatto","25":"product_tag-piatto-cerato","26":"product_tag-punta-di-metallo","28":"first","29":"instock","30":"taxable","31":"shipping-taxable","32":"purchasable","33":"product-type-variable"},"acf":[],"yoast_head":"<!-- This site is optimized with the Yoast SEO plugin v27.4 - https:\/\/yoast.com\/product\/yoast-seo-wordpress\/ -->\n<title>Lacci in cemento nero rosso con punte in plastica rossa<\/title>\n<meta name=\"description\" content=\"\u00c8 ora di dare alle tue scarpe l&#039;attenzione che meritano! I nostri lacci Black Red Cement, appositamente progettati, sono in grado di dare una marcia in pi\u00f9 a qualsiasi stile di sneaker.\" \/>\n<meta name=\"robots\" content=\"index, follow, max-snippet:-1, max-image-preview:large, max-video-preview:-1\" \/>\n<link rel=\"canonical\" href=\"https:\/\/www.loopkinglaces.com\/it\/products\/lacci-in-cemento-nero-rosso-con-punte-in-plastica-rossa\/\" \/>\n<meta property=\"og:locale\" content=\"it_IT\" \/>\n<meta property=\"og:type\" content=\"article\" \/>\n<meta property=\"og:title\" content=\"Lacci in cemento nero rosso con punte in plastica rossa\" \/>\n<meta property=\"og:description\" content=\"\u00c8 ora di dare alle tue scarpe l&#039;attenzione che meritano! I nostri lacci Black Red Cement, appositamente progettati, sono in grado di dare una marcia in pi\u00f9 a qualsiasi stile di sneaker.\" \/>\n<meta property=\"og:url\" content=\"https:\/\/www.loopkinglaces.com\/it\/products\/lacci-in-cemento-nero-rosso-con-punte-in-plastica-rossa\/\" \/>\n<meta property=\"og:site_name\" content=\"Luxury Gold Tip Shoelaces by Loop King Laces\" \/>\n<meta property=\"article:publisher\" content=\"https:\/\/www.facebook.com\/LoopKingLaces\/\" \/>\n<meta property=\"og:image\" content=\"https:\/\/www.loopkinglaces.com\/wp-content\/uploads\/Black-Red-Cement-with-Red-Tips-scaled.jpg\" \/>\n\t<meta property=\"og:image:width\" content=\"2560\" \/>\n\t<meta property=\"og:image:height\" content=\"2560\" \/>\n\t<meta property=\"og:image:type\" content=\"image\/jpeg\" \/>\n<meta name=\"twitter:card\" content=\"summary_large_image\" \/>\n<meta name=\"twitter:site\" content=\"@loopkinglaces\" \/>\n<meta name=\"twitter:label1\" content=\"Tempo di lettura stimato\" \/>\n\t<meta name=\"twitter:data1\" content=\"1 minuto\" \/>\n<script type=\"application\/ld+json\" class=\"yoast-schema-graph\">{\"@context\":\"https:\\\/\\\/schema.org\",\"@graph\":[{\"@type\":[\"WebPage\",\"ItemPage\"],\"@id\":\"https:\\\/\\\/www.loopkinglaces.com\\\/it\\\/products\\\/lacci-in-cemento-nero-rosso-con-punte-in-plastica-rossa\\\/\",\"url\":\"https:\\\/\\\/www.loopkinglaces.com\\\/it\\\/products\\\/lacci-in-cemento-nero-rosso-con-punte-in-plastica-rossa\\\/\",\"name\":\"Lacci in cemento nero rosso con punte in plastica rossa\",\"isPartOf\":{\"@id\":\"https:\\\/\\\/www.loopkinglaces.com\\\/it\\\/#website\"},\"primaryImageOfPage\":{\"@id\":\"https:\\\/\\\/www.loopkinglaces.com\\\/it\\\/products\\\/lacci-in-cemento-nero-rosso-con-punte-in-plastica-rossa\\\/#primaryimage\"},\"image\":{\"@id\":\"https:\\\/\\\/www.loopkinglaces.com\\\/it\\\/products\\\/lacci-in-cemento-nero-rosso-con-punte-in-plastica-rossa\\\/#primaryimage\"},\"thumbnailUrl\":\"https:\\\/\\\/www.loopkinglaces.com\\\/wp-content\\\/uploads\\\/Black-Red-Cement-with-Red-Tips-scaled.jpg\",\"datePublished\":\"2023-04-30T18:20:13+00:00\",\"description\":\"\u00c8 ora di dare alle tue scarpe l'attenzione che meritano! I nostri lacci Black Red Cement, appositamente progettati, sono in grado di dare una marcia in pi\u00f9 a qualsiasi stile di sneaker.\",\"breadcrumb\":{\"@id\":\"https:\\\/\\\/www.loopkinglaces.com\\\/it\\\/products\\\/lacci-in-cemento-nero-rosso-con-punte-in-plastica-rossa\\\/#breadcrumb\"},\"inLanguage\":\"it-IT\",\"potentialAction\":[{\"@type\":\"ReadAction\",\"target\":[\"https:\\\/\\\/www.loopkinglaces.com\\\/it\\\/products\\\/lacci-in-cemento-nero-rosso-con-punte-in-plastica-rossa\\\/\"]}]},{\"@type\":\"ImageObject\",\"inLanguage\":\"it-IT\",\"@id\":\"https:\\\/\\\/www.loopkinglaces.com\\\/it\\\/products\\\/lacci-in-cemento-nero-rosso-con-punte-in-plastica-rossa\\\/#primaryimage\",\"url\":\"https:\\\/\\\/www.loopkinglaces.com\\\/wp-content\\\/uploads\\\/Black-Red-Cement-with-Red-Tips-scaled.jpg\",\"contentUrl\":\"https:\\\/\\\/www.loopkinglaces.com\\\/wp-content\\\/uploads\\\/Black-Red-Cement-with-Red-Tips-scaled.jpg\",\"width\":2560,\"height\":2560},{\"@type\":\"BreadcrumbList\",\"@id\":\"https:\\\/\\\/www.loopkinglaces.com\\\/it\\\/products\\\/lacci-in-cemento-nero-rosso-con-punte-in-plastica-rossa\\\/#breadcrumb\",\"itemListElement\":[{\"@type\":\"ListItem\",\"position\":1,\"name\":\"Home\",\"item\":\"https:\\\/\\\/www.loopkinglaces.com\\\/it\\\/\"},{\"@type\":\"ListItem\",\"position\":2,\"name\":\"ACQUISTA LACES\",\"item\":\"https:\\\/\\\/www.loopkinglaces.com\\\/it\\\/acquista-laces\\\/\"},{\"@type\":\"ListItem\",\"position\":3,\"name\":\"Lacci in cemento nero rosso con punte in plastica rossa\"}]},{\"@type\":\"WebSite\",\"@id\":\"https:\\\/\\\/www.loopkinglaces.com\\\/it\\\/#website\",\"url\":\"https:\\\/\\\/www.loopkinglaces.com\\\/it\\\/\",\"name\":\"Luxury Gold Tip Shoelaces by Loop King Laces\",\"description\":\"Rope Laces, Flat Waxed Laces and Leather Laces. All With Gold Tips.\",\"publisher\":{\"@id\":\"https:\\\/\\\/www.loopkinglaces.com\\\/it\\\/#organization\"},\"potentialAction\":[{\"@type\":\"SearchAction\",\"target\":{\"@type\":\"EntryPoint\",\"urlTemplate\":\"https:\\\/\\\/www.loopkinglaces.com\\\/it\\\/?s={search_term_string}\"},\"query-input\":{\"@type\":\"PropertyValueSpecification\",\"valueRequired\":true,\"valueName\":\"search_term_string\"}}],\"inLanguage\":\"it-IT\"},{\"@type\":\"Organization\",\"@id\":\"https:\\\/\\\/www.loopkinglaces.com\\\/it\\\/#organization\",\"name\":\"Loop King Laces\",\"url\":\"https:\\\/\\\/www.loopkinglaces.com\\\/it\\\/\",\"logo\":{\"@type\":\"ImageObject\",\"inLanguage\":\"it-IT\",\"@id\":\"https:\\\/\\\/www.loopkinglaces.com\\\/it\\\/#\\\/schema\\\/logo\\\/image\\\/\",\"url\":\"https:\\\/\\\/www.loopkinglaces.com\\\/wp-content\\\/uploads\\\/LOOP-KING-LACES.1.1-01-LOGO-HI-RES-OFFICIAL-1.png\",\"contentUrl\":\"https:\\\/\\\/www.loopkinglaces.com\\\/wp-content\\\/uploads\\\/LOOP-KING-LACES.1.1-01-LOGO-HI-RES-OFFICIAL-1.png\",\"width\":128,\"height\":91,\"caption\":\"Loop King Laces\"},\"image\":{\"@id\":\"https:\\\/\\\/www.loopkinglaces.com\\\/it\\\/#\\\/schema\\\/logo\\\/image\\\/\"},\"sameAs\":[\"https:\\\/\\\/www.facebook.com\\\/LoopKingLaces\\\/\",\"https:\\\/\\\/x.com\\\/loopkinglaces\",\"https:\\\/\\\/www.instagram.com\\\/loopkinglaces\\\/\"]}]}<\/script>\n<!-- \/ Yoast SEO plugin. -->","yoast_head_json":{"title":"Lacci in cemento nero rosso con punte in plastica rossa","description":"\u00c8 ora di dare alle tue scarpe l'attenzione che meritano! I nostri lacci Black Red Cement, appositamente progettati, sono in grado di dare una marcia in pi\u00f9 a qualsiasi stile di sneaker.","robots":{"index":"index","follow":"follow","max-snippet":"max-snippet:-1","max-image-preview":"max-image-preview:large","max-video-preview":"max-video-preview:-1"},"canonical":"https:\/\/www.loopkinglaces.com\/it\/products\/lacci-in-cemento-nero-rosso-con-punte-in-plastica-rossa\/","og_locale":"it_IT","og_type":"article","og_title":"Lacci in cemento nero rosso con punte in plastica rossa","og_description":"\u00c8 ora di dare alle tue scarpe l'attenzione che meritano! I nostri lacci Black Red Cement, appositamente progettati, sono in grado di dare una marcia in pi\u00f9 a qualsiasi stile di sneaker.","og_url":"https:\/\/www.loopkinglaces.com\/it\/products\/lacci-in-cemento-nero-rosso-con-punte-in-plastica-rossa\/","og_site_name":"Luxury Gold Tip Shoelaces by Loop King Laces","article_publisher":"https:\/\/www.facebook.com\/LoopKingLaces\/","og_image":[{"width":2560,"height":2560,"url":"https:\/\/www.loopkinglaces.com\/wp-content\/uploads\/Black-Red-Cement-with-Red-Tips-scaled.jpg","type":"image\/jpeg"}],"twitter_card":"summary_large_image","twitter_site":"@loopkinglaces","twitter_misc":{"Tempo di lettura stimato":"1 minuto"},"schema":{"@context":"https:\/\/schema.org","@graph":[{"@type":["WebPage","ItemPage"],"@id":"https:\/\/www.loopkinglaces.com\/it\/products\/lacci-in-cemento-nero-rosso-con-punte-in-plastica-rossa\/","url":"https:\/\/www.loopkinglaces.com\/it\/products\/lacci-in-cemento-nero-rosso-con-punte-in-plastica-rossa\/","name":"Lacci in cemento nero rosso con punte in plastica rossa","isPartOf":{"@id":"https:\/\/www.loopkinglaces.com\/it\/#website"},"primaryImageOfPage":{"@id":"https:\/\/www.loopkinglaces.com\/it\/products\/lacci-in-cemento-nero-rosso-con-punte-in-plastica-rossa\/#primaryimage"},"image":{"@id":"https:\/\/www.loopkinglaces.com\/it\/products\/lacci-in-cemento-nero-rosso-con-punte-in-plastica-rossa\/#primaryimage"},"thumbnailUrl":"https:\/\/www.loopkinglaces.com\/wp-content\/uploads\/Black-Red-Cement-with-Red-Tips-scaled.jpg","datePublished":"2023-04-30T18:20:13+00:00","description":"\u00c8 ora di dare alle tue scarpe l'attenzione che meritano! I nostri lacci Black Red Cement, appositamente progettati, sono in grado di dare una marcia in pi\u00f9 a qualsiasi stile di sneaker.","breadcrumb":{"@id":"https:\/\/www.loopkinglaces.com\/it\/products\/lacci-in-cemento-nero-rosso-con-punte-in-plastica-rossa\/#breadcrumb"},"inLanguage":"it-IT","potentialAction":[{"@type":"ReadAction","target":["https:\/\/www.loopkinglaces.com\/it\/products\/lacci-in-cemento-nero-rosso-con-punte-in-plastica-rossa\/"]}]},{"@type":"ImageObject","inLanguage":"it-IT","@id":"https:\/\/www.loopkinglaces.com\/it\/products\/lacci-in-cemento-nero-rosso-con-punte-in-plastica-rossa\/#primaryimage","url":"https:\/\/www.loopkinglaces.com\/wp-content\/uploads\/Black-Red-Cement-with-Red-Tips-scaled.jpg","contentUrl":"https:\/\/www.loopkinglaces.com\/wp-content\/uploads\/Black-Red-Cement-with-Red-Tips-scaled.jpg","width":2560,"height":2560},{"@type":"BreadcrumbList","@id":"https:\/\/www.loopkinglaces.com\/it\/products\/lacci-in-cemento-nero-rosso-con-punte-in-plastica-rossa\/#breadcrumb","itemListElement":[{"@type":"ListItem","position":1,"name":"Home","item":"https:\/\/www.loopkinglaces.com\/it\/"},{"@type":"ListItem","position":2,"name":"ACQUISTA LACES","item":"https:\/\/www.loopkinglaces.com\/it\/acquista-laces\/"},{"@type":"ListItem","position":3,"name":"Lacci in cemento nero rosso con punte in plastica rossa"}]},{"@type":"WebSite","@id":"https:\/\/www.loopkinglaces.com\/it\/#website","url":"https:\/\/www.loopkinglaces.com\/it\/","name":"Luxury Gold Tip Shoelaces by Loop King Laces","description":"Rope Laces, Flat Waxed Laces and Leather Laces. All With Gold Tips.","publisher":{"@id":"https:\/\/www.loopkinglaces.com\/it\/#organization"},"potentialAction":[{"@type":"SearchAction","target":{"@type":"EntryPoint","urlTemplate":"https:\/\/www.loopkinglaces.com\/it\/?s={search_term_string}"},"query-input":{"@type":"PropertyValueSpecification","valueRequired":true,"valueName":"search_term_string"}}],"inLanguage":"it-IT"},{"@type":"Organization","@id":"https:\/\/www.loopkinglaces.com\/it\/#organization","name":"Loop King Laces","url":"https:\/\/www.loopkinglaces.com\/it\/","logo":{"@type":"ImageObject","inLanguage":"it-IT","@id":"https:\/\/www.loopkinglaces.com\/it\/#\/schema\/logo\/image\/","url":"https:\/\/www.loopkinglaces.com\/wp-content\/uploads\/LOOP-KING-LACES.1.1-01-LOGO-HI-RES-OFFICIAL-1.png","contentUrl":"https:\/\/www.loopkinglaces.com\/wp-content\/uploads\/LOOP-KING-LACES.1.1-01-LOGO-HI-RES-OFFICIAL-1.png","width":128,"height":91,"caption":"Loop King Laces"},"image":{"@id":"https:\/\/www.loopkinglaces.com\/it\/#\/schema\/logo\/image\/"},"sameAs":["https:\/\/www.facebook.com\/LoopKingLaces\/","https:\/\/x.com\/loopkinglaces","https:\/\/www.instagram.com\/loopkinglaces\/"]}]}},"_links":{"self":[{"href":"https:\/\/www.loopkinglaces.com\/it\/wp-json\/wp\/v2\/product\/71605","targetHints":{"allow":["GET"]}}],"collection":[{"href":"https:\/\/www.loopkinglaces.com\/it\/wp-json\/wp\/v2\/product"}],"about":[{"href":"https:\/\/www.loopkinglaces.com\/it\/wp-json\/wp\/v2\/types\/product"}],"replies":[{"embeddable":true,"href":"https:\/\/www.loopkinglaces.com\/it\/wp-json\/wp\/v2\/comments?post=71605"}],"wp:featuredmedia":[{"embeddable":true,"href":"https:\/\/www.loopkinglaces.com\/it\/wp-json\/wp\/v2\/media\/71618"}],"wp:attachment":[{"href":"https:\/\/www.loopkinglaces.com\/it\/wp-json\/wp\/v2\/media?parent=71605"}],"wp:term":[{"taxonomy":"product_brand","embeddable":true,"href":"https:\/\/www.loopkinglaces.com\/it\/wp-json\/wp\/v2\/product_brand?post=71605"},{"taxonomy":"product_cat","embeddable":true,"href":"https:\/\/www.loopkinglaces.com\/it\/wp-json\/wp\/v2\/product_cat?post=71605"},{"taxonomy":"product_tag","embeddable":true,"href":"https:\/\/www.loopkinglaces.com\/it\/wp-json\/wp\/v2\/product_tag?post=71605"},{"taxonomy":"woo-feed-brand","embeddable":true,"href":"https:\/\/www.loopkinglaces.com\/it\/wp-json\/wp\/v2\/woo-feed-brand?post=71605"}],"curies":[{"name":"wp","href":"https:\/\/api.w.org\/{rel}","templated":true}]}}