{"id":71080,"date":"2023-03-16T17:56:21","date_gmt":"2023-03-16T17:56:21","guid":{"rendered":"https:\/\/www.loopkinglaces.com\/products\/squisiti-lacci-azzurri-per-unesplosione-visiva-delle-calzature\/"},"modified":"2024-10-03T20:46:45","modified_gmt":"2024-10-03T20:46:45","slug":"squisiti-lacci-azzurri-per-unesplosione-visiva-delle-calzature","status":"publish","type":"product","link":"https:\/\/www.loopkinglaces.com\/it\/products\/squisiti-lacci-azzurri-per-unesplosione-visiva-delle-calzature\/","title":{"rendered":"Squisiti lacci azzurri per un&#8217;esplosione visiva delle calzature"},"content":{"rendered":"<p>Se non vuoi che i tuoi lacci azzurri accumulino sporco o sporcizia quando li indossi all&#8217;aperto, i nostri lacci cerati sono la soluzione giusta. <strong>Il loro speciale rivestimento in cera manterr\u00e0 i tuoi lacci immacolati per molti mesi a venire.<\/strong> Per scoprire rapidamente la lunghezza perfetta per le tue scarpe, consulta la nostra <strong><a href=\"https:\/\/www.loopkinglaces.com\/shoelace-length-chart\/\">guida alle taglie<\/a><\/strong><span style=\"font-weight: 400;\">.<br \/>\nIt will let you know which length you need based on how many eyelets your sneakers have.   <\/span><\/p>\n","protected":false},"excerpt":{"rendered":"<p><strong>Lacci azzurri impeccabili per aggiungere il massimo dello stile a qualsiasi sneaker <\/strong> Se vuoi che tutti notino il tuo nuovo paio di scarpe, devi avere i lacci giusti per metterle in mostra.<br \/>\nDopotutto, i lacci in tessuto opachi e di bassa qualit\u00e0 non faranno altro che peggiorare l&#8217;aspetto delle tue sneakers, quindi abbandonali il prima possibile. <i>Dai invece un&#8217;occhiata ai nostri radiosi lacci azzurri.<\/i> Se le tue scarpe da ginnastica sono <strong>bianche, nere, rosse, arancioni o <\/strong><strong>marrone<\/strong>, i <i>lacci azzurri aggiungeranno un fascino intrigante.<\/i> Dato che utilizziamo solo materiali di altissima qualit\u00e0, ti ritroverai con un laccio che non solo ha un aspetto vibrante e sorprendente, ma che durer\u00e0 pi\u00f9 a lungo di altri marchi fino a <strong>tre volte<\/strong>.<br \/>\nQuesto aspetto \u00e8 rafforzato dalle nostre punte dorate in rilievo, che offrono un&#8217;ulteriore attrattiva visiva e impediscono alle estremit\u00e0 dei lacci di sfilacciarsi.   Le caratteristiche principali includono:  <\/p>\n<ul>\n<li style=\"font-weight: 400;\" aria-level=\"1\">Materiali di qualit\u00e0 superiore<\/li>\n<li style=\"font-weight: 400;\" aria-level=\"1\">Imballaggio sigillato e stupefacente<\/li>\n<li style=\"font-weight: 400;\" aria-level=\"1\">Punte dorate in rilievo<\/li>\n<li style=\"font-weight: 400;\" aria-level=\"1\"><span style=\"font-weight: 400;\">Sono disponibili diverse lunghezze per adattarsi alla maggior parte dei numeri di scarpe.  <\/span><\/li>\n<\/ul>\n","protected":false},"featured_media":71091,"comment_status":"open","ping_status":"closed","template":"","meta":{"_acf_changed":false},"product_brand":[],"product_cat":[1345,1486,1614,1120,1605,1640,1496,1051,1343,1127,1041,1146,1040,1495,1085,973,1485,1349,1110,1126,1141,1639,1498,1487,1488,924],"product_tag":[979,939,943,938,941,978,977,940],"woo-feed-brand":[],"class_list":{"0":"post-71080","1":"product","2":"type-product","3":"status-publish","4":"has-post-thumbnail","6":"product_cat-i-lacci-della-jordan-5-rendono-obsolete-le-scarpe-da-allacciare","7":"product_cat-i-lacci-di-rick-owens-leroe-inaspettato-della-moda","8":"product_cat-i-lacci-per-scarpe-footjoy-di-livello-elite-che-migliorano-il-tuo-gioco","9":"product_cat-i-lacci-perfetti-per-la-nike-dunk-che-hanno-un-aspetto-fantastico-e-durano-a-lungo","10":"product_cat-la-stanza-dei-trofei-di-livello-superiore-jordan-1-lacci-blu-per-un-look-da-capogiro","11":"product_cat-lacci-a-forma-di-tacco-gli-eroi-non-celebrati-della-moda-calzaturiera","12":"product_cat-lacci-adidas-samba-il-cambio-di-gioco-a-cui-non-hai-mai-pensato","13":"product_cat-lacci-brooks-un-tocco-sottile-per-migliorare-il-gioco-dei-piedi","14":"product_cat-lacci-colorati-alla-moda-per-scarpe-da-ginnastica","15":"product_cat-lacci-colorati-per-le-converse-high-top-che-sono-favolosi-e-divertenti","16":"product_cat-lacci-converse-per-rinnovare-le-tue-chucks","17":"product_cat-lacci-da-63-pollici-il-cambio-di-gioco-definitivo-per-i-lacci-delle-scarpe","18":"product_cat-lacci-da-scarpe-adidas-di-alta-gamma-per-migliorare-il-tuo-look","19":"product_cat-lacci-del-pattinaggio-artistico-leroe-non-celebrato-sul-ghiaccio","20":"product_cat-lacci-di-cotone-premium-che-superano-le-altre-marche-in-tutto-e-per-tutto","21":"product_cat-lacci-nike-air-force-1-alla-moda-per-stupire","22":"product_cat-lacci-per-scarpe-a-nastro-un-cambiamento-nella-moda-delle-calzature","23":"product_cat-lacci-per-scarpe-blu-premium-scopri-i-piu-venduti","24":"product_cat-lacci-per-scarpe-con-punta-doro","25":"product_cat-lacci-per-scarpe-ecco-la-finitura-perfetta-per-le-tue-calzature-di-tendenza","26":"product_cat-lacci-per-scarpe-kiwi-piu-di-una-semplice-tendenza","27":"product_cat-lacci-sperry-piccoli-dettagli-per-risultati-diversi","28":"product_cat-lacci-union-migliora-la-tua-union-jordan-1","29":"product_cat-lacci-veja-quando-sono-le-scarpe-a-parlare","30":"product_cat-le-stringhe-delle-scarpe-on-cloud-elevare-le-calzature-un-laccio-alla-volta","31":"product_cat-tutti-i-lacci-delle-scarpe","32":"product_tag-cerato","33":"product_tag-lacci-delle-scarpe","34":"product_tag-lacci-per-scarpe-con-punta-doro","35":"product_tag-loop-king-it","36":"product_tag-nero","37":"product_tag-piatto","38":"product_tag-piatto-cerato","39":"product_tag-punta-di-metallo","41":"first","42":"instock","43":"taxable","44":"shipping-taxable","45":"purchasable","46":"product-type-variable"},"acf":[],"yoast_head":"<!-- This site is optimized with the Yoast SEO plugin v27.4 - https:\/\/yoast.com\/product\/yoast-seo-wordpress\/ -->\n<title>Lacci azzurri impeccabili per aggiungere il massimo dello stile a qualsiasi sneaker<\/title>\n<meta name=\"description\" content=\"Le tue sneakers bianche risalterebbero molto di pi\u00f9 con dei lacci azzurri, quindi perch\u00e9 non abbandonare i lacci in tessuto di bassa qualit\u00e0 a favore di questi lacci di qualit\u00e0 superiore?\" \/>\n<meta name=\"robots\" content=\"index, follow, max-snippet:-1, max-image-preview:large, max-video-preview:-1\" \/>\n<link rel=\"canonical\" href=\"https:\/\/www.loopkinglaces.com\/it\/products\/squisiti-lacci-azzurri-per-unesplosione-visiva-delle-calzature\/\" \/>\n<meta property=\"og:locale\" content=\"it_IT\" \/>\n<meta property=\"og:type\" content=\"article\" \/>\n<meta property=\"og:title\" content=\"Lacci azzurri impeccabili per aggiungere il massimo dello stile a qualsiasi sneaker\" \/>\n<meta property=\"og:description\" content=\"Le tue sneakers bianche risalterebbero molto di pi\u00f9 con dei lacci azzurri, quindi perch\u00e9 non abbandonare i lacci in tessuto di bassa qualit\u00e0 a favore di questi lacci di qualit\u00e0 superiore?\" \/>\n<meta property=\"og:url\" content=\"https:\/\/www.loopkinglaces.com\/it\/products\/squisiti-lacci-azzurri-per-unesplosione-visiva-delle-calzature\/\" \/>\n<meta property=\"og:site_name\" content=\"Luxury Gold Tip Shoelaces by Loop King Laces\" \/>\n<meta property=\"article:publisher\" content=\"https:\/\/www.facebook.com\/LoopKingLaces\/\" \/>\n<meta property=\"article:modified_time\" content=\"2024-10-03T20:46:45+00:00\" \/>\n<meta property=\"og:image\" content=\"https:\/\/www.loopkinglaces.com\/wp-content\/uploads\/IMG_2249.jpg\" \/>\n\t<meta property=\"og:image:width\" content=\"768\" \/>\n\t<meta property=\"og:image:height\" content=\"773\" \/>\n\t<meta property=\"og:image:type\" content=\"image\/jpeg\" \/>\n<meta name=\"twitter:card\" content=\"summary_large_image\" \/>\n<meta name=\"twitter:site\" content=\"@loopkinglaces\" \/>\n<script type=\"application\/ld+json\" class=\"yoast-schema-graph\">{\"@context\":\"https:\\\/\\\/schema.org\",\"@graph\":[{\"@type\":[\"WebPage\",\"ItemPage\"],\"@id\":\"https:\\\/\\\/www.loopkinglaces.com\\\/it\\\/products\\\/squisiti-lacci-azzurri-per-unesplosione-visiva-delle-calzature\\\/\",\"url\":\"https:\\\/\\\/www.loopkinglaces.com\\\/it\\\/products\\\/squisiti-lacci-azzurri-per-unesplosione-visiva-delle-calzature\\\/\",\"name\":\"Lacci azzurri impeccabili per aggiungere il massimo dello stile a qualsiasi sneaker\",\"isPartOf\":{\"@id\":\"https:\\\/\\\/www.loopkinglaces.com\\\/it\\\/#website\"},\"primaryImageOfPage\":{\"@id\":\"https:\\\/\\\/www.loopkinglaces.com\\\/it\\\/products\\\/squisiti-lacci-azzurri-per-unesplosione-visiva-delle-calzature\\\/#primaryimage\"},\"image\":{\"@id\":\"https:\\\/\\\/www.loopkinglaces.com\\\/it\\\/products\\\/squisiti-lacci-azzurri-per-unesplosione-visiva-delle-calzature\\\/#primaryimage\"},\"thumbnailUrl\":\"https:\\\/\\\/www.loopkinglaces.com\\\/wp-content\\\/uploads\\\/IMG_2249.jpg\",\"datePublished\":\"2023-03-16T17:56:21+00:00\",\"dateModified\":\"2024-10-03T20:46:45+00:00\",\"description\":\"Le tue sneakers bianche risalterebbero molto di pi\u00f9 con dei lacci azzurri, quindi perch\u00e9 non abbandonare i lacci in tessuto di bassa qualit\u00e0 a favore di questi lacci di qualit\u00e0 superiore?\",\"breadcrumb\":{\"@id\":\"https:\\\/\\\/www.loopkinglaces.com\\\/it\\\/products\\\/squisiti-lacci-azzurri-per-unesplosione-visiva-delle-calzature\\\/#breadcrumb\"},\"inLanguage\":\"it-IT\",\"potentialAction\":[{\"@type\":\"ReadAction\",\"target\":[\"https:\\\/\\\/www.loopkinglaces.com\\\/it\\\/products\\\/squisiti-lacci-azzurri-per-unesplosione-visiva-delle-calzature\\\/\"]}]},{\"@type\":\"ImageObject\",\"inLanguage\":\"it-IT\",\"@id\":\"https:\\\/\\\/www.loopkinglaces.com\\\/it\\\/products\\\/squisiti-lacci-azzurri-per-unesplosione-visiva-delle-calzature\\\/#primaryimage\",\"url\":\"https:\\\/\\\/www.loopkinglaces.com\\\/wp-content\\\/uploads\\\/IMG_2249.jpg\",\"contentUrl\":\"https:\\\/\\\/www.loopkinglaces.com\\\/wp-content\\\/uploads\\\/IMG_2249.jpg\",\"width\":768,\"height\":773},{\"@type\":\"BreadcrumbList\",\"@id\":\"https:\\\/\\\/www.loopkinglaces.com\\\/it\\\/products\\\/squisiti-lacci-azzurri-per-unesplosione-visiva-delle-calzature\\\/#breadcrumb\",\"itemListElement\":[{\"@type\":\"ListItem\",\"position\":1,\"name\":\"Home\",\"item\":\"https:\\\/\\\/www.loopkinglaces.com\\\/it\\\/\"},{\"@type\":\"ListItem\",\"position\":2,\"name\":\"ACQUISTA LACES\",\"item\":\"https:\\\/\\\/www.loopkinglaces.com\\\/it\\\/acquista-laces\\\/\"},{\"@type\":\"ListItem\",\"position\":3,\"name\":\"Squisiti lacci azzurri per un&#8217;esplosione visiva delle calzature\"}]},{\"@type\":\"WebSite\",\"@id\":\"https:\\\/\\\/www.loopkinglaces.com\\\/it\\\/#website\",\"url\":\"https:\\\/\\\/www.loopkinglaces.com\\\/it\\\/\",\"name\":\"Luxury Gold Tip Shoelaces by Loop King Laces\",\"description\":\"Rope Laces, Flat Waxed Laces and Leather Laces. All With Gold Tips.\",\"publisher\":{\"@id\":\"https:\\\/\\\/www.loopkinglaces.com\\\/it\\\/#organization\"},\"potentialAction\":[{\"@type\":\"SearchAction\",\"target\":{\"@type\":\"EntryPoint\",\"urlTemplate\":\"https:\\\/\\\/www.loopkinglaces.com\\\/it\\\/?s={search_term_string}\"},\"query-input\":{\"@type\":\"PropertyValueSpecification\",\"valueRequired\":true,\"valueName\":\"search_term_string\"}}],\"inLanguage\":\"it-IT\"},{\"@type\":\"Organization\",\"@id\":\"https:\\\/\\\/www.loopkinglaces.com\\\/it\\\/#organization\",\"name\":\"Loop King Laces\",\"url\":\"https:\\\/\\\/www.loopkinglaces.com\\\/it\\\/\",\"logo\":{\"@type\":\"ImageObject\",\"inLanguage\":\"it-IT\",\"@id\":\"https:\\\/\\\/www.loopkinglaces.com\\\/it\\\/#\\\/schema\\\/logo\\\/image\\\/\",\"url\":\"https:\\\/\\\/www.loopkinglaces.com\\\/wp-content\\\/uploads\\\/LOOP-KING-LACES.1.1-01-LOGO-HI-RES-OFFICIAL-1.png\",\"contentUrl\":\"https:\\\/\\\/www.loopkinglaces.com\\\/wp-content\\\/uploads\\\/LOOP-KING-LACES.1.1-01-LOGO-HI-RES-OFFICIAL-1.png\",\"width\":128,\"height\":91,\"caption\":\"Loop King Laces\"},\"image\":{\"@id\":\"https:\\\/\\\/www.loopkinglaces.com\\\/it\\\/#\\\/schema\\\/logo\\\/image\\\/\"},\"sameAs\":[\"https:\\\/\\\/www.facebook.com\\\/LoopKingLaces\\\/\",\"https:\\\/\\\/x.com\\\/loopkinglaces\",\"https:\\\/\\\/www.instagram.com\\\/loopkinglaces\\\/\"]}]}<\/script>\n<!-- \/ Yoast SEO plugin. -->","yoast_head_json":{"title":"Lacci azzurri impeccabili per aggiungere il massimo dello stile a qualsiasi sneaker","description":"Le tue sneakers bianche risalterebbero molto di pi\u00f9 con dei lacci azzurri, quindi perch\u00e9 non abbandonare i lacci in tessuto di bassa qualit\u00e0 a favore di questi lacci di qualit\u00e0 superiore?","robots":{"index":"index","follow":"follow","max-snippet":"max-snippet:-1","max-image-preview":"max-image-preview:large","max-video-preview":"max-video-preview:-1"},"canonical":"https:\/\/www.loopkinglaces.com\/it\/products\/squisiti-lacci-azzurri-per-unesplosione-visiva-delle-calzature\/","og_locale":"it_IT","og_type":"article","og_title":"Lacci azzurri impeccabili per aggiungere il massimo dello stile a qualsiasi sneaker","og_description":"Le tue sneakers bianche risalterebbero molto di pi\u00f9 con dei lacci azzurri, quindi perch\u00e9 non abbandonare i lacci in tessuto di bassa qualit\u00e0 a favore di questi lacci di qualit\u00e0 superiore?","og_url":"https:\/\/www.loopkinglaces.com\/it\/products\/squisiti-lacci-azzurri-per-unesplosione-visiva-delle-calzature\/","og_site_name":"Luxury Gold Tip Shoelaces by Loop King Laces","article_publisher":"https:\/\/www.facebook.com\/LoopKingLaces\/","article_modified_time":"2024-10-03T20:46:45+00:00","og_image":[{"width":768,"height":773,"url":"https:\/\/www.loopkinglaces.com\/wp-content\/uploads\/IMG_2249.jpg","type":"image\/jpeg"}],"twitter_card":"summary_large_image","twitter_site":"@loopkinglaces","schema":{"@context":"https:\/\/schema.org","@graph":[{"@type":["WebPage","ItemPage"],"@id":"https:\/\/www.loopkinglaces.com\/it\/products\/squisiti-lacci-azzurri-per-unesplosione-visiva-delle-calzature\/","url":"https:\/\/www.loopkinglaces.com\/it\/products\/squisiti-lacci-azzurri-per-unesplosione-visiva-delle-calzature\/","name":"Lacci azzurri impeccabili per aggiungere il massimo dello stile a qualsiasi sneaker","isPartOf":{"@id":"https:\/\/www.loopkinglaces.com\/it\/#website"},"primaryImageOfPage":{"@id":"https:\/\/www.loopkinglaces.com\/it\/products\/squisiti-lacci-azzurri-per-unesplosione-visiva-delle-calzature\/#primaryimage"},"image":{"@id":"https:\/\/www.loopkinglaces.com\/it\/products\/squisiti-lacci-azzurri-per-unesplosione-visiva-delle-calzature\/#primaryimage"},"thumbnailUrl":"https:\/\/www.loopkinglaces.com\/wp-content\/uploads\/IMG_2249.jpg","datePublished":"2023-03-16T17:56:21+00:00","dateModified":"2024-10-03T20:46:45+00:00","description":"Le tue sneakers bianche risalterebbero molto di pi\u00f9 con dei lacci azzurri, quindi perch\u00e9 non abbandonare i lacci in tessuto di bassa qualit\u00e0 a favore di questi lacci di qualit\u00e0 superiore?","breadcrumb":{"@id":"https:\/\/www.loopkinglaces.com\/it\/products\/squisiti-lacci-azzurri-per-unesplosione-visiva-delle-calzature\/#breadcrumb"},"inLanguage":"it-IT","potentialAction":[{"@type":"ReadAction","target":["https:\/\/www.loopkinglaces.com\/it\/products\/squisiti-lacci-azzurri-per-unesplosione-visiva-delle-calzature\/"]}]},{"@type":"ImageObject","inLanguage":"it-IT","@id":"https:\/\/www.loopkinglaces.com\/it\/products\/squisiti-lacci-azzurri-per-unesplosione-visiva-delle-calzature\/#primaryimage","url":"https:\/\/www.loopkinglaces.com\/wp-content\/uploads\/IMG_2249.jpg","contentUrl":"https:\/\/www.loopkinglaces.com\/wp-content\/uploads\/IMG_2249.jpg","width":768,"height":773},{"@type":"BreadcrumbList","@id":"https:\/\/www.loopkinglaces.com\/it\/products\/squisiti-lacci-azzurri-per-unesplosione-visiva-delle-calzature\/#breadcrumb","itemListElement":[{"@type":"ListItem","position":1,"name":"Home","item":"https:\/\/www.loopkinglaces.com\/it\/"},{"@type":"ListItem","position":2,"name":"ACQUISTA LACES","item":"https:\/\/www.loopkinglaces.com\/it\/acquista-laces\/"},{"@type":"ListItem","position":3,"name":"Squisiti lacci azzurri per un&#8217;esplosione visiva delle calzature"}]},{"@type":"WebSite","@id":"https:\/\/www.loopkinglaces.com\/it\/#website","url":"https:\/\/www.loopkinglaces.com\/it\/","name":"Luxury Gold Tip Shoelaces by Loop King Laces","description":"Rope Laces, Flat Waxed Laces and Leather Laces. All With Gold Tips.","publisher":{"@id":"https:\/\/www.loopkinglaces.com\/it\/#organization"},"potentialAction":[{"@type":"SearchAction","target":{"@type":"EntryPoint","urlTemplate":"https:\/\/www.loopkinglaces.com\/it\/?s={search_term_string}"},"query-input":{"@type":"PropertyValueSpecification","valueRequired":true,"valueName":"search_term_string"}}],"inLanguage":"it-IT"},{"@type":"Organization","@id":"https:\/\/www.loopkinglaces.com\/it\/#organization","name":"Loop King Laces","url":"https:\/\/www.loopkinglaces.com\/it\/","logo":{"@type":"ImageObject","inLanguage":"it-IT","@id":"https:\/\/www.loopkinglaces.com\/it\/#\/schema\/logo\/image\/","url":"https:\/\/www.loopkinglaces.com\/wp-content\/uploads\/LOOP-KING-LACES.1.1-01-LOGO-HI-RES-OFFICIAL-1.png","contentUrl":"https:\/\/www.loopkinglaces.com\/wp-content\/uploads\/LOOP-KING-LACES.1.1-01-LOGO-HI-RES-OFFICIAL-1.png","width":128,"height":91,"caption":"Loop King Laces"},"image":{"@id":"https:\/\/www.loopkinglaces.com\/it\/#\/schema\/logo\/image\/"},"sameAs":["https:\/\/www.facebook.com\/LoopKingLaces\/","https:\/\/x.com\/loopkinglaces","https:\/\/www.instagram.com\/loopkinglaces\/"]}]}},"_links":{"self":[{"href":"https:\/\/www.loopkinglaces.com\/it\/wp-json\/wp\/v2\/product\/71080","targetHints":{"allow":["GET"]}}],"collection":[{"href":"https:\/\/www.loopkinglaces.com\/it\/wp-json\/wp\/v2\/product"}],"about":[{"href":"https:\/\/www.loopkinglaces.com\/it\/wp-json\/wp\/v2\/types\/product"}],"replies":[{"embeddable":true,"href":"https:\/\/www.loopkinglaces.com\/it\/wp-json\/wp\/v2\/comments?post=71080"}],"wp:featuredmedia":[{"embeddable":true,"href":"https:\/\/www.loopkinglaces.com\/it\/wp-json\/wp\/v2\/media\/71091"}],"wp:attachment":[{"href":"https:\/\/www.loopkinglaces.com\/it\/wp-json\/wp\/v2\/media?parent=71080"}],"wp:term":[{"taxonomy":"product_brand","embeddable":true,"href":"https:\/\/www.loopkinglaces.com\/it\/wp-json\/wp\/v2\/product_brand?post=71080"},{"taxonomy":"product_cat","embeddable":true,"href":"https:\/\/www.loopkinglaces.com\/it\/wp-json\/wp\/v2\/product_cat?post=71080"},{"taxonomy":"product_tag","embeddable":true,"href":"https:\/\/www.loopkinglaces.com\/it\/wp-json\/wp\/v2\/product_tag?post=71080"},{"taxonomy":"woo-feed-brand","embeddable":true,"href":"https:\/\/www.loopkinglaces.com\/it\/wp-json\/wp\/v2\/woo-feed-brand?post=71080"}],"curies":[{"name":"wp","href":"https:\/\/api.w.org\/{rel}","templated":true}]}}