{"id":70953,"date":"2023-01-16T13:56:47","date_gmt":"2023-01-16T13:56:47","guid":{"rendered":"https:\/\/www.loopkinglaces.com\/products\/lacci-neri-per-stivali-senza-lacci-71-pollici\/"},"modified":"2024-10-03T20:46:25","modified_gmt":"2024-10-03T20:46:25","slug":"lacci-neri-per-stivali-senza-lacci-71-pollici","status":"publish","type":"product","link":"https:\/\/www.loopkinglaces.com\/it\/products\/lacci-neri-per-stivali-senza-lacci-71-pollici\/","title":{"rendered":"Lacci neri per stivali senza lacci &#8211; 71 pollici"},"content":{"rendered":"<p>Dimentica il fastidioso inciampo nei lacci allentati durante le tue avventure all&#8217;aria aperta!<br \/>\nI nostri rivoluzionari lacci per scarponi senza lacci ti garantiscono sicurezza e comfort grazie al loro innovativo meccanismo di chiusura.<br \/>\nSi tirano facilmente e si bloccano (come una cerniera) per una maggiore sicurezza: \u00e8 cos\u00ec semplice!<br \/>\nInoltre, offrono una tensione elastica regolabile, cos\u00ec non c&#8217;\u00e8 nulla che ti impedisca di affrontare al meglio le tue escursioni in questa stagione.   <\/p>\n","protected":false},"excerpt":{"rendered":"<p><strong>Lacci per scarponi neri e marroni senza lacci<\/strong> Pronti ad affrontare la vita all&#8217;aria aperta?<br \/>\nCon i nostri rivoluzionari lacci per scarponi senza lacci, puoi dimenticarti di preoccuparti dei lacci delle scarpe slacciati e concentrarti sul tuo viaggio.<br \/>\nIl nostro sistema di allacciatura \u00e8 dotato di un meccanismo di bloccaggio che li tiene in posizione come una cerniera invisibile, inoltre la loro elasticit\u00e0 garantisce un comfort personalizzato senza alcuna possibilit\u00e0 di inciampare!<br \/>\nCon queste scarpe uniche, potrai affrontare tutte le tue avventure all&#8217;aria aperta: non lasciare che i lacci allentati rovinino mai pi\u00f9 un&#8217;escursione!     <\/p>\n<ul>\n<li>180 cm<\/li>\n<li>Materiali Premium<\/li>\n<li>Dura <strong>3 volte di pi\u00f9<\/strong> rispetto alle altre marche<\/li>\n<li>Bellissima confezione Loop King<\/li>\n<\/ul>\n","protected":false},"featured_media":70956,"comment_status":"open","ping_status":"closed","template":"","meta":{"_acf_changed":false},"product_brand":[],"product_cat":[1101,1696,935,1433,1548,1549,1100,1423,1140,974,1556,1102,976,1145,924],"product_tag":[979,939,943,938,941,978,977,940],"woo-feed-brand":[],"class_list":{"0":"post-70953","1":"product","2":"type-product","3":"status-publish","4":"has-post-thumbnail","6":"product_cat-ancore-per-i-lacci-delle-scarpe-niente-piu-viaggi-solo-trucchi","7":"product_cat-dai-unaccelerata-al-tuo-stile-con-i-lacci-delle-scarpe-bicolore","8":"product_cat-ehi-amico-i-lacci-delle-scarpe-senza-lacci-sono-la-nuova-moda","9":"product_cat-hai-le-jordan-6-con-i-laccinon-ce-piu-bisogno-di-allacciare-le-scarpe","10":"product_cat-lacci-da-scarpe-hickies-il-mio-piccolo-segreto-per-mattinate-senza-problemi","11":"product_cat-lacci-di-velocita-la-rivoluzione-nella-moda-delle-calzature","12":"product_cat-lacci-in-bobina-leroe-non-celebrato-della-moda-calzaturiera","13":"product_cat-lacci-neri-e-gialli-di-qualita-superiore-perfetti-per-ogni-stile","14":"product_cat-lacci-per-scarpe-keen-padroneggiare-larte-del-nero-e-del-grigio","15":"product_cat-lacci-per-scarpe-senza-lacci-che-ti-fanno-risparmiare-tempo-e-hanno-un-aspetto-fantastico","16":"product_cat-lacci-per-scarponi-senza-lacci-per-risparmiare-tempo-con-un-senso-di-stile-elegante","17":"product_cat-lacci-per-stivali-da-72-pollici-per-dare-sfogo-al-tuo-stile","18":"product_cat-lacci-veloci-dai-un-calcio-alle-vecchie-abitudini-di-allacciatura","19":"product_cat-trovare-labbinamento-perfetto-la-rivoluzione-dei-lacci-da-72-pollici","20":"product_cat-tutti-i-lacci-delle-scarpe","21":"product_tag-cerato","22":"product_tag-lacci-delle-scarpe","23":"product_tag-lacci-per-scarpe-con-punta-doro","24":"product_tag-loop-king-it","25":"product_tag-nero","26":"product_tag-piatto","27":"product_tag-piatto-cerato","28":"product_tag-punta-di-metallo","30":"first","31":"instock","32":"taxable","33":"shipping-taxable","34":"purchasable","35":"product-type-variable"},"acf":[],"yoast_head":"<!-- This site is optimized with the Yoast SEO plugin v27.4 - https:\/\/yoast.com\/product\/yoast-seo-wordpress\/ -->\n<title>Lacci neri senza lacci per scarponi - Da Loop King<\/title>\n<meta name=\"description\" content=\"Non preoccuparti pi\u00f9 di inciampare nei lacci. Sostituisci i lacci delle scarpe con queste alternative nere senza lacci per una calzata sicura e anche bella da vedere.\" \/>\n<meta name=\"robots\" content=\"index, follow, max-snippet:-1, max-image-preview:large, max-video-preview:-1\" \/>\n<link rel=\"canonical\" href=\"https:\/\/www.loopkinglaces.com\/it\/products\/lacci-neri-per-stivali-senza-lacci-71-pollici\/\" \/>\n<meta property=\"og:locale\" content=\"it_IT\" \/>\n<meta property=\"og:type\" content=\"article\" \/>\n<meta property=\"og:title\" content=\"Lacci neri senza lacci per scarponi - Da Loop King\" \/>\n<meta property=\"og:description\" content=\"Non preoccuparti pi\u00f9 di inciampare nei lacci. Sostituisci i lacci delle scarpe con queste alternative nere senza lacci per una calzata sicura e anche bella da vedere.\" \/>\n<meta property=\"og:url\" content=\"https:\/\/www.loopkinglaces.com\/it\/products\/lacci-neri-per-stivali-senza-lacci-71-pollici\/\" \/>\n<meta property=\"og:site_name\" content=\"Luxury Gold Tip Shoelaces by Loop King Laces\" \/>\n<meta property=\"article:publisher\" content=\"https:\/\/www.facebook.com\/LoopKingLaces\/\" \/>\n<meta property=\"article:modified_time\" content=\"2024-10-03T20:46:25+00:00\" \/>\n<meta property=\"og:image\" content=\"https:\/\/www.loopkinglaces.com\/wp-content\/uploads\/1216A-133-scaled.jpg\" \/>\n\t<meta property=\"og:image:width\" content=\"1600\" \/>\n\t<meta property=\"og:image:height\" content=\"1067\" \/>\n\t<meta property=\"og:image:type\" content=\"image\/jpeg\" \/>\n<meta name=\"twitter:card\" content=\"summary_large_image\" \/>\n<meta name=\"twitter:site\" content=\"@loopkinglaces\" \/>\n<script type=\"application\/ld+json\" class=\"yoast-schema-graph\">{\"@context\":\"https:\\\/\\\/schema.org\",\"@graph\":[{\"@type\":[\"WebPage\",\"ItemPage\"],\"@id\":\"https:\\\/\\\/www.loopkinglaces.com\\\/it\\\/products\\\/lacci-neri-per-stivali-senza-lacci-71-pollici\\\/\",\"url\":\"https:\\\/\\\/www.loopkinglaces.com\\\/it\\\/products\\\/lacci-neri-per-stivali-senza-lacci-71-pollici\\\/\",\"name\":\"Lacci neri senza lacci per scarponi - Da Loop King\",\"isPartOf\":{\"@id\":\"https:\\\/\\\/www.loopkinglaces.com\\\/it\\\/#website\"},\"primaryImageOfPage\":{\"@id\":\"https:\\\/\\\/www.loopkinglaces.com\\\/it\\\/products\\\/lacci-neri-per-stivali-senza-lacci-71-pollici\\\/#primaryimage\"},\"image\":{\"@id\":\"https:\\\/\\\/www.loopkinglaces.com\\\/it\\\/products\\\/lacci-neri-per-stivali-senza-lacci-71-pollici\\\/#primaryimage\"},\"thumbnailUrl\":\"https:\\\/\\\/www.loopkinglaces.com\\\/wp-content\\\/uploads\\\/1216A-133-scaled.jpg\",\"datePublished\":\"2023-01-16T13:56:47+00:00\",\"dateModified\":\"2024-10-03T20:46:25+00:00\",\"description\":\"Non preoccuparti pi\u00f9 di inciampare nei lacci. Sostituisci i lacci delle scarpe con queste alternative nere senza lacci per una calzata sicura e anche bella da vedere.\",\"breadcrumb\":{\"@id\":\"https:\\\/\\\/www.loopkinglaces.com\\\/it\\\/products\\\/lacci-neri-per-stivali-senza-lacci-71-pollici\\\/#breadcrumb\"},\"inLanguage\":\"it-IT\",\"potentialAction\":[{\"@type\":\"ReadAction\",\"target\":[\"https:\\\/\\\/www.loopkinglaces.com\\\/it\\\/products\\\/lacci-neri-per-stivali-senza-lacci-71-pollici\\\/\"]}]},{\"@type\":\"ImageObject\",\"inLanguage\":\"it-IT\",\"@id\":\"https:\\\/\\\/www.loopkinglaces.com\\\/it\\\/products\\\/lacci-neri-per-stivali-senza-lacci-71-pollici\\\/#primaryimage\",\"url\":\"https:\\\/\\\/www.loopkinglaces.com\\\/wp-content\\\/uploads\\\/1216A-133-scaled.jpg\",\"contentUrl\":\"https:\\\/\\\/www.loopkinglaces.com\\\/wp-content\\\/uploads\\\/1216A-133-scaled.jpg\",\"width\":1600,\"height\":1067},{\"@type\":\"BreadcrumbList\",\"@id\":\"https:\\\/\\\/www.loopkinglaces.com\\\/it\\\/products\\\/lacci-neri-per-stivali-senza-lacci-71-pollici\\\/#breadcrumb\",\"itemListElement\":[{\"@type\":\"ListItem\",\"position\":1,\"name\":\"Home\",\"item\":\"https:\\\/\\\/www.loopkinglaces.com\\\/it\\\/\"},{\"@type\":\"ListItem\",\"position\":2,\"name\":\"ACQUISTA LACES\",\"item\":\"https:\\\/\\\/www.loopkinglaces.com\\\/it\\\/acquista-laces\\\/\"},{\"@type\":\"ListItem\",\"position\":3,\"name\":\"Lacci neri per stivali senza lacci &#8211; 71 pollici\"}]},{\"@type\":\"WebSite\",\"@id\":\"https:\\\/\\\/www.loopkinglaces.com\\\/it\\\/#website\",\"url\":\"https:\\\/\\\/www.loopkinglaces.com\\\/it\\\/\",\"name\":\"Luxury Gold Tip Shoelaces by Loop King Laces\",\"description\":\"Rope Laces, Flat Waxed Laces and Leather Laces. All With Gold Tips.\",\"publisher\":{\"@id\":\"https:\\\/\\\/www.loopkinglaces.com\\\/it\\\/#organization\"},\"potentialAction\":[{\"@type\":\"SearchAction\",\"target\":{\"@type\":\"EntryPoint\",\"urlTemplate\":\"https:\\\/\\\/www.loopkinglaces.com\\\/it\\\/?s={search_term_string}\"},\"query-input\":{\"@type\":\"PropertyValueSpecification\",\"valueRequired\":true,\"valueName\":\"search_term_string\"}}],\"inLanguage\":\"it-IT\"},{\"@type\":\"Organization\",\"@id\":\"https:\\\/\\\/www.loopkinglaces.com\\\/it\\\/#organization\",\"name\":\"Loop King Laces\",\"url\":\"https:\\\/\\\/www.loopkinglaces.com\\\/it\\\/\",\"logo\":{\"@type\":\"ImageObject\",\"inLanguage\":\"it-IT\",\"@id\":\"https:\\\/\\\/www.loopkinglaces.com\\\/it\\\/#\\\/schema\\\/logo\\\/image\\\/\",\"url\":\"https:\\\/\\\/www.loopkinglaces.com\\\/wp-content\\\/uploads\\\/LOOP-KING-LACES.1.1-01-LOGO-HI-RES-OFFICIAL-1.png\",\"contentUrl\":\"https:\\\/\\\/www.loopkinglaces.com\\\/wp-content\\\/uploads\\\/LOOP-KING-LACES.1.1-01-LOGO-HI-RES-OFFICIAL-1.png\",\"width\":128,\"height\":91,\"caption\":\"Loop King Laces\"},\"image\":{\"@id\":\"https:\\\/\\\/www.loopkinglaces.com\\\/it\\\/#\\\/schema\\\/logo\\\/image\\\/\"},\"sameAs\":[\"https:\\\/\\\/www.facebook.com\\\/LoopKingLaces\\\/\",\"https:\\\/\\\/x.com\\\/loopkinglaces\",\"https:\\\/\\\/www.instagram.com\\\/loopkinglaces\\\/\"]}]}<\/script>\n<!-- \/ Yoast SEO plugin. -->","yoast_head_json":{"title":"Lacci neri senza lacci per scarponi - Da Loop King","description":"Non preoccuparti pi\u00f9 di inciampare nei lacci. Sostituisci i lacci delle scarpe con queste alternative nere senza lacci per una calzata sicura e anche bella da vedere.","robots":{"index":"index","follow":"follow","max-snippet":"max-snippet:-1","max-image-preview":"max-image-preview:large","max-video-preview":"max-video-preview:-1"},"canonical":"https:\/\/www.loopkinglaces.com\/it\/products\/lacci-neri-per-stivali-senza-lacci-71-pollici\/","og_locale":"it_IT","og_type":"article","og_title":"Lacci neri senza lacci per scarponi - Da Loop King","og_description":"Non preoccuparti pi\u00f9 di inciampare nei lacci. Sostituisci i lacci delle scarpe con queste alternative nere senza lacci per una calzata sicura e anche bella da vedere.","og_url":"https:\/\/www.loopkinglaces.com\/it\/products\/lacci-neri-per-stivali-senza-lacci-71-pollici\/","og_site_name":"Luxury Gold Tip Shoelaces by Loop King Laces","article_publisher":"https:\/\/www.facebook.com\/LoopKingLaces\/","article_modified_time":"2024-10-03T20:46:25+00:00","og_image":[{"width":1600,"height":1067,"url":"https:\/\/www.loopkinglaces.com\/wp-content\/uploads\/1216A-133-scaled.jpg","type":"image\/jpeg"}],"twitter_card":"summary_large_image","twitter_site":"@loopkinglaces","schema":{"@context":"https:\/\/schema.org","@graph":[{"@type":["WebPage","ItemPage"],"@id":"https:\/\/www.loopkinglaces.com\/it\/products\/lacci-neri-per-stivali-senza-lacci-71-pollici\/","url":"https:\/\/www.loopkinglaces.com\/it\/products\/lacci-neri-per-stivali-senza-lacci-71-pollici\/","name":"Lacci neri senza lacci per scarponi - Da Loop King","isPartOf":{"@id":"https:\/\/www.loopkinglaces.com\/it\/#website"},"primaryImageOfPage":{"@id":"https:\/\/www.loopkinglaces.com\/it\/products\/lacci-neri-per-stivali-senza-lacci-71-pollici\/#primaryimage"},"image":{"@id":"https:\/\/www.loopkinglaces.com\/it\/products\/lacci-neri-per-stivali-senza-lacci-71-pollici\/#primaryimage"},"thumbnailUrl":"https:\/\/www.loopkinglaces.com\/wp-content\/uploads\/1216A-133-scaled.jpg","datePublished":"2023-01-16T13:56:47+00:00","dateModified":"2024-10-03T20:46:25+00:00","description":"Non preoccuparti pi\u00f9 di inciampare nei lacci. Sostituisci i lacci delle scarpe con queste alternative nere senza lacci per una calzata sicura e anche bella da vedere.","breadcrumb":{"@id":"https:\/\/www.loopkinglaces.com\/it\/products\/lacci-neri-per-stivali-senza-lacci-71-pollici\/#breadcrumb"},"inLanguage":"it-IT","potentialAction":[{"@type":"ReadAction","target":["https:\/\/www.loopkinglaces.com\/it\/products\/lacci-neri-per-stivali-senza-lacci-71-pollici\/"]}]},{"@type":"ImageObject","inLanguage":"it-IT","@id":"https:\/\/www.loopkinglaces.com\/it\/products\/lacci-neri-per-stivali-senza-lacci-71-pollici\/#primaryimage","url":"https:\/\/www.loopkinglaces.com\/wp-content\/uploads\/1216A-133-scaled.jpg","contentUrl":"https:\/\/www.loopkinglaces.com\/wp-content\/uploads\/1216A-133-scaled.jpg","width":1600,"height":1067},{"@type":"BreadcrumbList","@id":"https:\/\/www.loopkinglaces.com\/it\/products\/lacci-neri-per-stivali-senza-lacci-71-pollici\/#breadcrumb","itemListElement":[{"@type":"ListItem","position":1,"name":"Home","item":"https:\/\/www.loopkinglaces.com\/it\/"},{"@type":"ListItem","position":2,"name":"ACQUISTA LACES","item":"https:\/\/www.loopkinglaces.com\/it\/acquista-laces\/"},{"@type":"ListItem","position":3,"name":"Lacci neri per stivali senza lacci &#8211; 71 pollici"}]},{"@type":"WebSite","@id":"https:\/\/www.loopkinglaces.com\/it\/#website","url":"https:\/\/www.loopkinglaces.com\/it\/","name":"Luxury Gold Tip Shoelaces by Loop King Laces","description":"Rope Laces, Flat Waxed Laces and Leather Laces. All With Gold Tips.","publisher":{"@id":"https:\/\/www.loopkinglaces.com\/it\/#organization"},"potentialAction":[{"@type":"SearchAction","target":{"@type":"EntryPoint","urlTemplate":"https:\/\/www.loopkinglaces.com\/it\/?s={search_term_string}"},"query-input":{"@type":"PropertyValueSpecification","valueRequired":true,"valueName":"search_term_string"}}],"inLanguage":"it-IT"},{"@type":"Organization","@id":"https:\/\/www.loopkinglaces.com\/it\/#organization","name":"Loop King Laces","url":"https:\/\/www.loopkinglaces.com\/it\/","logo":{"@type":"ImageObject","inLanguage":"it-IT","@id":"https:\/\/www.loopkinglaces.com\/it\/#\/schema\/logo\/image\/","url":"https:\/\/www.loopkinglaces.com\/wp-content\/uploads\/LOOP-KING-LACES.1.1-01-LOGO-HI-RES-OFFICIAL-1.png","contentUrl":"https:\/\/www.loopkinglaces.com\/wp-content\/uploads\/LOOP-KING-LACES.1.1-01-LOGO-HI-RES-OFFICIAL-1.png","width":128,"height":91,"caption":"Loop King Laces"},"image":{"@id":"https:\/\/www.loopkinglaces.com\/it\/#\/schema\/logo\/image\/"},"sameAs":["https:\/\/www.facebook.com\/LoopKingLaces\/","https:\/\/x.com\/loopkinglaces","https:\/\/www.instagram.com\/loopkinglaces\/"]}]}},"_links":{"self":[{"href":"https:\/\/www.loopkinglaces.com\/it\/wp-json\/wp\/v2\/product\/70953","targetHints":{"allow":["GET"]}}],"collection":[{"href":"https:\/\/www.loopkinglaces.com\/it\/wp-json\/wp\/v2\/product"}],"about":[{"href":"https:\/\/www.loopkinglaces.com\/it\/wp-json\/wp\/v2\/types\/product"}],"replies":[{"embeddable":true,"href":"https:\/\/www.loopkinglaces.com\/it\/wp-json\/wp\/v2\/comments?post=70953"}],"wp:featuredmedia":[{"embeddable":true,"href":"https:\/\/www.loopkinglaces.com\/it\/wp-json\/wp\/v2\/media\/70956"}],"wp:attachment":[{"href":"https:\/\/www.loopkinglaces.com\/it\/wp-json\/wp\/v2\/media?parent=70953"}],"wp:term":[{"taxonomy":"product_brand","embeddable":true,"href":"https:\/\/www.loopkinglaces.com\/it\/wp-json\/wp\/v2\/product_brand?post=70953"},{"taxonomy":"product_cat","embeddable":true,"href":"https:\/\/www.loopkinglaces.com\/it\/wp-json\/wp\/v2\/product_cat?post=70953"},{"taxonomy":"product_tag","embeddable":true,"href":"https:\/\/www.loopkinglaces.com\/it\/wp-json\/wp\/v2\/product_tag?post=70953"},{"taxonomy":"woo-feed-brand","embeddable":true,"href":"https:\/\/www.loopkinglaces.com\/it\/wp-json\/wp\/v2\/woo-feed-brand?post=70953"}],"curies":[{"name":"wp","href":"https:\/\/api.w.org\/{rel}","templated":true}]}}