{"id":70927,"date":"2023-01-16T13:40:04","date_gmt":"2023-01-16T13:40:04","guid":{"rendered":"https:\/\/www.loopkinglaces.com\/products\/lacci-per-stivali-senza-lacci-marrone-scuro-71-pollici\/"},"modified":"2024-10-03T20:46:18","modified_gmt":"2024-10-03T20:46:18","slug":"lacci-per-stivali-senza-lacci-marrone-scuro-71-pollici","status":"publish","type":"product","link":"https:\/\/www.loopkinglaces.com\/it\/products\/lacci-per-stivali-senza-lacci-marrone-scuro-71-pollici\/","title":{"rendered":"Lacci per stivali senza lacci marrone scuro &#8211; 71 pollici"},"content":{"rendered":"<p>L&#8217;escursionismo pu\u00f2 essere una seccatura quando i tuoi scarponi continuano a slacciarsi!<br \/>\nNon lasciare che la frustrazione di allacciare continuamente le scarpe ti impedisca di divertirti: prova i nostri rivoluzionari lacci per scarponi senza lacci.<br \/>\nDotati di un meccanismo di bloccaggio, questi lacci sono progettati per rimanere saldamente e comodamente allacciati durante qualsiasi attivit\u00e0 all&#8217;aperto; inoltre, non dovrai mai pi\u00f9 allacciarli!<br \/>\nGoditi la tranquillit\u00e0 durante le escursioni sapendo che non c&#8217;\u00e8 alcuna possibilit\u00e0 che le stringhe delle scarpe slacciate ti facciano inciampare ogni venti minuti.<br \/>\nGrazie all&#8217;elasticit\u00e0 regolabile, \u00e8 facile trovare la giusta tensione per far calzare le scarpe alla perfezione.    <\/p>\n","protected":false},"excerpt":{"rendered":"<p><strong>Lacci per scarponi senza lacci marrone scuro<\/strong> Sei stanco che le tue scarpe da trekking si slaccino durante il percorso?<br \/>\nI nostri innovativi lacci per scarponi senza lacci sono qui per salvarti!<br \/>\nGrazie a un meccanismo di bloccaggio che mantiene saldamente la posizione e all&#8217;elasticit\u00e0 che consente di regolare la tensione, questi lacci non ti deluderanno mai.<br \/>\nInoltre, una volta installati, non c&#8217;\u00e8 pi\u00f9 bisogno di allacciarli: basta tirarli come una cerniera e sentirsi sicuri sapendo che resteranno al loro posto finch\u00e9 non sar\u00e0 il momento di toglierli!<br \/>\nGoditi i sentieri in tutta tranquillit\u00e0 grazie alla nostra nuova soluzione rivoluzionaria.      <\/p>\n<ul>\n<li>180 cm<\/li>\n<li>Materiali Premium<\/li>\n<li>Dura <strong>3 volte di pi\u00f9<\/strong> rispetto alle altre marche<\/li>\n<li>Bellissima confezione Loop King<\/li>\n<\/ul>\n","protected":false},"featured_media":70936,"comment_status":"open","ping_status":"closed","template":"","meta":{"_acf_changed":false},"product_brand":[],"product_cat":[1155,1101,1152,935,1433,1548,1549,1100,1109,974,1556,1122,976,1497,1494,1144,1145,924],"product_tag":[979,939,943,938,941,978,977,940],"woo-feed-brand":[],"class_list":{"0":"post-70927","1":"product","2":"type-product","3":"status-publish","4":"has-post-thumbnail","6":"product_cat-allacciati-con-lusso-la-guida-definitiva-ai-lacci-per-stivali-da-84-pollici","7":"product_cat-ancore-per-i-lacci-delle-scarpe-niente-piu-viaggi-solo-trucchi","8":"product_cat-dai-una-seconda-possibilita-ai-tuoi-stivali-con-i-lacci-da-80-pollici","9":"product_cat-ehi-amico-i-lacci-delle-scarpe-senza-lacci-sono-la-nuova-moda","10":"product_cat-hai-le-jordan-6-con-i-laccinon-ce-piu-bisogno-di-allacciare-le-scarpe","11":"product_cat-lacci-da-scarpe-hickies-il-mio-piccolo-segreto-per-mattinate-senza-problemi","12":"product_cat-lacci-di-velocita-la-rivoluzione-nella-moda-delle-calzature","13":"product_cat-lacci-in-bobina-leroe-non-celebrato-della-moda-calzaturiera","14":"product_cat-lacci-per-scarpe-marroni-per-migliorare-il-tuo-stile","15":"product_cat-lacci-per-scarpe-senza-lacci-che-ti-fanno-risparmiare-tempo-e-hanno-un-aspetto-fantastico","16":"product_cat-lacci-per-scarponi-senza-lacci-per-risparmiare-tempo-con-un-senso-di-stile-elegante","17":"product_cat-lacci-per-stivali-robusti-che-hanno-un-aspetto-fantastico-e-durano-a-lungo","18":"product_cat-lacci-veloci-dai-un-calcio-alle-vecchie-abitudini-di-allacciatura","19":"product_cat-migliora-il-tuo-gioco-di-scarpe-con-i-lacci-per-scarponi-columbia","20":"product_cat-perche-i-lacci-delle-scarpe-da-corsa-sono-piu-importanti-di-quanto-pensi","21":"product_cat-trovare-i-lacci-perfetti-da-60-pollici-unavventura-nel-mondo-reale","22":"product_cat-trovare-labbinamento-perfetto-la-rivoluzione-dei-lacci-da-72-pollici","23":"product_cat-tutti-i-lacci-delle-scarpe","24":"product_tag-cerato","25":"product_tag-lacci-delle-scarpe","26":"product_tag-lacci-per-scarpe-con-punta-doro","27":"product_tag-loop-king-it","28":"product_tag-nero","29":"product_tag-piatto","30":"product_tag-piatto-cerato","31":"product_tag-punta-di-metallo","33":"first","34":"instock","35":"taxable","36":"shipping-taxable","37":"product-type-variable"},"acf":[],"yoast_head":"<!-- This site is optimized with the Yoast SEO plugin v27.4 - https:\/\/yoast.com\/product\/yoast-seo-wordpress\/ -->\n<title>Lacci da scarpe senza lacci marrone scuro - Da Loop King<\/title>\n<meta name=\"description\" content=\"Migliora il tuo gioco di scarpe con questi eleganti e pratici lacci per scarponi marrone scuro senza lacci che ti permettono di avere un bell&#039;aspetto, di essere sicuro e di risparmiare tempo.\" \/>\n<meta name=\"robots\" content=\"index, follow, max-snippet:-1, max-image-preview:large, max-video-preview:-1\" \/>\n<link rel=\"canonical\" href=\"https:\/\/www.loopkinglaces.com\/it\/products\/lacci-per-stivali-senza-lacci-marrone-scuro-71-pollici\/\" \/>\n<meta property=\"og:locale\" content=\"it_IT\" \/>\n<meta property=\"og:type\" content=\"article\" \/>\n<meta property=\"og:title\" content=\"Lacci da scarpe senza lacci marrone scuro - Da Loop King\" \/>\n<meta property=\"og:description\" content=\"Migliora il tuo gioco di scarpe con questi eleganti e pratici lacci per scarponi marrone scuro senza lacci che ti permettono di avere un bell&#039;aspetto, di essere sicuro e di risparmiare tempo.\" \/>\n<meta property=\"og:url\" content=\"https:\/\/www.loopkinglaces.com\/it\/products\/lacci-per-stivali-senza-lacci-marrone-scuro-71-pollici\/\" \/>\n<meta property=\"og:site_name\" content=\"Luxury Gold Tip Shoelaces by Loop King Laces\" \/>\n<meta property=\"article:publisher\" content=\"https:\/\/www.facebook.com\/LoopKingLaces\/\" \/>\n<meta property=\"article:modified_time\" content=\"2024-10-03T20:46:18+00:00\" \/>\n<meta property=\"og:image\" content=\"https:\/\/www.loopkinglaces.com\/wp-content\/uploads\/1216A-134-scaled.jpg\" \/>\n\t<meta property=\"og:image:width\" content=\"1600\" \/>\n\t<meta property=\"og:image:height\" content=\"1067\" \/>\n\t<meta property=\"og:image:type\" content=\"image\/jpeg\" \/>\n<meta name=\"twitter:card\" content=\"summary_large_image\" \/>\n<meta name=\"twitter:site\" content=\"@loopkinglaces\" \/>\n<meta name=\"twitter:label1\" content=\"Tempo di lettura stimato\" \/>\n\t<meta name=\"twitter:data1\" content=\"1 minuto\" \/>\n<script type=\"application\/ld+json\" class=\"yoast-schema-graph\">{\"@context\":\"https:\\\/\\\/schema.org\",\"@graph\":[{\"@type\":[\"WebPage\",\"ItemPage\"],\"@id\":\"https:\\\/\\\/www.loopkinglaces.com\\\/it\\\/products\\\/lacci-per-stivali-senza-lacci-marrone-scuro-71-pollici\\\/\",\"url\":\"https:\\\/\\\/www.loopkinglaces.com\\\/it\\\/products\\\/lacci-per-stivali-senza-lacci-marrone-scuro-71-pollici\\\/\",\"name\":\"Lacci da scarpe senza lacci marrone scuro - Da Loop King\",\"isPartOf\":{\"@id\":\"https:\\\/\\\/www.loopkinglaces.com\\\/it\\\/#website\"},\"primaryImageOfPage\":{\"@id\":\"https:\\\/\\\/www.loopkinglaces.com\\\/it\\\/products\\\/lacci-per-stivali-senza-lacci-marrone-scuro-71-pollici\\\/#primaryimage\"},\"image\":{\"@id\":\"https:\\\/\\\/www.loopkinglaces.com\\\/it\\\/products\\\/lacci-per-stivali-senza-lacci-marrone-scuro-71-pollici\\\/#primaryimage\"},\"thumbnailUrl\":\"https:\\\/\\\/www.loopkinglaces.com\\\/wp-content\\\/uploads\\\/1216A-134-scaled.jpg\",\"datePublished\":\"2023-01-16T13:40:04+00:00\",\"dateModified\":\"2024-10-03T20:46:18+00:00\",\"description\":\"Migliora il tuo gioco di scarpe con questi eleganti e pratici lacci per scarponi marrone scuro senza lacci che ti permettono di avere un bell'aspetto, di essere sicuro e di risparmiare tempo.\",\"breadcrumb\":{\"@id\":\"https:\\\/\\\/www.loopkinglaces.com\\\/it\\\/products\\\/lacci-per-stivali-senza-lacci-marrone-scuro-71-pollici\\\/#breadcrumb\"},\"inLanguage\":\"it-IT\",\"potentialAction\":[{\"@type\":\"ReadAction\",\"target\":[\"https:\\\/\\\/www.loopkinglaces.com\\\/it\\\/products\\\/lacci-per-stivali-senza-lacci-marrone-scuro-71-pollici\\\/\"]}]},{\"@type\":\"ImageObject\",\"inLanguage\":\"it-IT\",\"@id\":\"https:\\\/\\\/www.loopkinglaces.com\\\/it\\\/products\\\/lacci-per-stivali-senza-lacci-marrone-scuro-71-pollici\\\/#primaryimage\",\"url\":\"https:\\\/\\\/www.loopkinglaces.com\\\/wp-content\\\/uploads\\\/1216A-134-scaled.jpg\",\"contentUrl\":\"https:\\\/\\\/www.loopkinglaces.com\\\/wp-content\\\/uploads\\\/1216A-134-scaled.jpg\",\"width\":1600,\"height\":1067},{\"@type\":\"BreadcrumbList\",\"@id\":\"https:\\\/\\\/www.loopkinglaces.com\\\/it\\\/products\\\/lacci-per-stivali-senza-lacci-marrone-scuro-71-pollici\\\/#breadcrumb\",\"itemListElement\":[{\"@type\":\"ListItem\",\"position\":1,\"name\":\"Home\",\"item\":\"https:\\\/\\\/www.loopkinglaces.com\\\/it\\\/\"},{\"@type\":\"ListItem\",\"position\":2,\"name\":\"ACQUISTA LACES\",\"item\":\"https:\\\/\\\/www.loopkinglaces.com\\\/it\\\/acquista-laces\\\/\"},{\"@type\":\"ListItem\",\"position\":3,\"name\":\"Lacci per stivali senza lacci marrone scuro &#8211; 71 pollici\"}]},{\"@type\":\"WebSite\",\"@id\":\"https:\\\/\\\/www.loopkinglaces.com\\\/it\\\/#website\",\"url\":\"https:\\\/\\\/www.loopkinglaces.com\\\/it\\\/\",\"name\":\"Luxury Gold Tip Shoelaces by Loop King Laces\",\"description\":\"Rope Laces, Flat Waxed Laces and Leather Laces. All With Gold Tips.\",\"publisher\":{\"@id\":\"https:\\\/\\\/www.loopkinglaces.com\\\/it\\\/#organization\"},\"potentialAction\":[{\"@type\":\"SearchAction\",\"target\":{\"@type\":\"EntryPoint\",\"urlTemplate\":\"https:\\\/\\\/www.loopkinglaces.com\\\/it\\\/?s={search_term_string}\"},\"query-input\":{\"@type\":\"PropertyValueSpecification\",\"valueRequired\":true,\"valueName\":\"search_term_string\"}}],\"inLanguage\":\"it-IT\"},{\"@type\":\"Organization\",\"@id\":\"https:\\\/\\\/www.loopkinglaces.com\\\/it\\\/#organization\",\"name\":\"Loop King Laces\",\"url\":\"https:\\\/\\\/www.loopkinglaces.com\\\/it\\\/\",\"logo\":{\"@type\":\"ImageObject\",\"inLanguage\":\"it-IT\",\"@id\":\"https:\\\/\\\/www.loopkinglaces.com\\\/it\\\/#\\\/schema\\\/logo\\\/image\\\/\",\"url\":\"https:\\\/\\\/www.loopkinglaces.com\\\/wp-content\\\/uploads\\\/LOOP-KING-LACES.1.1-01-LOGO-HI-RES-OFFICIAL-1.png\",\"contentUrl\":\"https:\\\/\\\/www.loopkinglaces.com\\\/wp-content\\\/uploads\\\/LOOP-KING-LACES.1.1-01-LOGO-HI-RES-OFFICIAL-1.png\",\"width\":128,\"height\":91,\"caption\":\"Loop King Laces\"},\"image\":{\"@id\":\"https:\\\/\\\/www.loopkinglaces.com\\\/it\\\/#\\\/schema\\\/logo\\\/image\\\/\"},\"sameAs\":[\"https:\\\/\\\/www.facebook.com\\\/LoopKingLaces\\\/\",\"https:\\\/\\\/x.com\\\/loopkinglaces\",\"https:\\\/\\\/www.instagram.com\\\/loopkinglaces\\\/\"]}]}<\/script>\n<!-- \/ Yoast SEO plugin. -->","yoast_head_json":{"title":"Lacci da scarpe senza lacci marrone scuro - Da Loop King","description":"Migliora il tuo gioco di scarpe con questi eleganti e pratici lacci per scarponi marrone scuro senza lacci che ti permettono di avere un bell'aspetto, di essere sicuro e di risparmiare tempo.","robots":{"index":"index","follow":"follow","max-snippet":"max-snippet:-1","max-image-preview":"max-image-preview:large","max-video-preview":"max-video-preview:-1"},"canonical":"https:\/\/www.loopkinglaces.com\/it\/products\/lacci-per-stivali-senza-lacci-marrone-scuro-71-pollici\/","og_locale":"it_IT","og_type":"article","og_title":"Lacci da scarpe senza lacci marrone scuro - Da Loop King","og_description":"Migliora il tuo gioco di scarpe con questi eleganti e pratici lacci per scarponi marrone scuro senza lacci che ti permettono di avere un bell'aspetto, di essere sicuro e di risparmiare tempo.","og_url":"https:\/\/www.loopkinglaces.com\/it\/products\/lacci-per-stivali-senza-lacci-marrone-scuro-71-pollici\/","og_site_name":"Luxury Gold Tip Shoelaces by Loop King Laces","article_publisher":"https:\/\/www.facebook.com\/LoopKingLaces\/","article_modified_time":"2024-10-03T20:46:18+00:00","og_image":[{"width":1600,"height":1067,"url":"https:\/\/www.loopkinglaces.com\/wp-content\/uploads\/1216A-134-scaled.jpg","type":"image\/jpeg"}],"twitter_card":"summary_large_image","twitter_site":"@loopkinglaces","twitter_misc":{"Tempo di lettura stimato":"1 minuto"},"schema":{"@context":"https:\/\/schema.org","@graph":[{"@type":["WebPage","ItemPage"],"@id":"https:\/\/www.loopkinglaces.com\/it\/products\/lacci-per-stivali-senza-lacci-marrone-scuro-71-pollici\/","url":"https:\/\/www.loopkinglaces.com\/it\/products\/lacci-per-stivali-senza-lacci-marrone-scuro-71-pollici\/","name":"Lacci da scarpe senza lacci marrone scuro - Da Loop King","isPartOf":{"@id":"https:\/\/www.loopkinglaces.com\/it\/#website"},"primaryImageOfPage":{"@id":"https:\/\/www.loopkinglaces.com\/it\/products\/lacci-per-stivali-senza-lacci-marrone-scuro-71-pollici\/#primaryimage"},"image":{"@id":"https:\/\/www.loopkinglaces.com\/it\/products\/lacci-per-stivali-senza-lacci-marrone-scuro-71-pollici\/#primaryimage"},"thumbnailUrl":"https:\/\/www.loopkinglaces.com\/wp-content\/uploads\/1216A-134-scaled.jpg","datePublished":"2023-01-16T13:40:04+00:00","dateModified":"2024-10-03T20:46:18+00:00","description":"Migliora il tuo gioco di scarpe con questi eleganti e pratici lacci per scarponi marrone scuro senza lacci che ti permettono di avere un bell'aspetto, di essere sicuro e di risparmiare tempo.","breadcrumb":{"@id":"https:\/\/www.loopkinglaces.com\/it\/products\/lacci-per-stivali-senza-lacci-marrone-scuro-71-pollici\/#breadcrumb"},"inLanguage":"it-IT","potentialAction":[{"@type":"ReadAction","target":["https:\/\/www.loopkinglaces.com\/it\/products\/lacci-per-stivali-senza-lacci-marrone-scuro-71-pollici\/"]}]},{"@type":"ImageObject","inLanguage":"it-IT","@id":"https:\/\/www.loopkinglaces.com\/it\/products\/lacci-per-stivali-senza-lacci-marrone-scuro-71-pollici\/#primaryimage","url":"https:\/\/www.loopkinglaces.com\/wp-content\/uploads\/1216A-134-scaled.jpg","contentUrl":"https:\/\/www.loopkinglaces.com\/wp-content\/uploads\/1216A-134-scaled.jpg","width":1600,"height":1067},{"@type":"BreadcrumbList","@id":"https:\/\/www.loopkinglaces.com\/it\/products\/lacci-per-stivali-senza-lacci-marrone-scuro-71-pollici\/#breadcrumb","itemListElement":[{"@type":"ListItem","position":1,"name":"Home","item":"https:\/\/www.loopkinglaces.com\/it\/"},{"@type":"ListItem","position":2,"name":"ACQUISTA LACES","item":"https:\/\/www.loopkinglaces.com\/it\/acquista-laces\/"},{"@type":"ListItem","position":3,"name":"Lacci per stivali senza lacci marrone scuro &#8211; 71 pollici"}]},{"@type":"WebSite","@id":"https:\/\/www.loopkinglaces.com\/it\/#website","url":"https:\/\/www.loopkinglaces.com\/it\/","name":"Luxury Gold Tip Shoelaces by Loop King Laces","description":"Rope Laces, Flat Waxed Laces and Leather Laces. All With Gold Tips.","publisher":{"@id":"https:\/\/www.loopkinglaces.com\/it\/#organization"},"potentialAction":[{"@type":"SearchAction","target":{"@type":"EntryPoint","urlTemplate":"https:\/\/www.loopkinglaces.com\/it\/?s={search_term_string}"},"query-input":{"@type":"PropertyValueSpecification","valueRequired":true,"valueName":"search_term_string"}}],"inLanguage":"it-IT"},{"@type":"Organization","@id":"https:\/\/www.loopkinglaces.com\/it\/#organization","name":"Loop King Laces","url":"https:\/\/www.loopkinglaces.com\/it\/","logo":{"@type":"ImageObject","inLanguage":"it-IT","@id":"https:\/\/www.loopkinglaces.com\/it\/#\/schema\/logo\/image\/","url":"https:\/\/www.loopkinglaces.com\/wp-content\/uploads\/LOOP-KING-LACES.1.1-01-LOGO-HI-RES-OFFICIAL-1.png","contentUrl":"https:\/\/www.loopkinglaces.com\/wp-content\/uploads\/LOOP-KING-LACES.1.1-01-LOGO-HI-RES-OFFICIAL-1.png","width":128,"height":91,"caption":"Loop King Laces"},"image":{"@id":"https:\/\/www.loopkinglaces.com\/it\/#\/schema\/logo\/image\/"},"sameAs":["https:\/\/www.facebook.com\/LoopKingLaces\/","https:\/\/x.com\/loopkinglaces","https:\/\/www.instagram.com\/loopkinglaces\/"]}]}},"_links":{"self":[{"href":"https:\/\/www.loopkinglaces.com\/it\/wp-json\/wp\/v2\/product\/70927","targetHints":{"allow":["GET"]}}],"collection":[{"href":"https:\/\/www.loopkinglaces.com\/it\/wp-json\/wp\/v2\/product"}],"about":[{"href":"https:\/\/www.loopkinglaces.com\/it\/wp-json\/wp\/v2\/types\/product"}],"replies":[{"embeddable":true,"href":"https:\/\/www.loopkinglaces.com\/it\/wp-json\/wp\/v2\/comments?post=70927"}],"wp:featuredmedia":[{"embeddable":true,"href":"https:\/\/www.loopkinglaces.com\/it\/wp-json\/wp\/v2\/media\/70936"}],"wp:attachment":[{"href":"https:\/\/www.loopkinglaces.com\/it\/wp-json\/wp\/v2\/media?parent=70927"}],"wp:term":[{"taxonomy":"product_brand","embeddable":true,"href":"https:\/\/www.loopkinglaces.com\/it\/wp-json\/wp\/v2\/product_brand?post=70927"},{"taxonomy":"product_cat","embeddable":true,"href":"https:\/\/www.loopkinglaces.com\/it\/wp-json\/wp\/v2\/product_cat?post=70927"},{"taxonomy":"product_tag","embeddable":true,"href":"https:\/\/www.loopkinglaces.com\/it\/wp-json\/wp\/v2\/product_tag?post=70927"},{"taxonomy":"woo-feed-brand","embeddable":true,"href":"https:\/\/www.loopkinglaces.com\/it\/wp-json\/wp\/v2\/woo-feed-brand?post=70927"}],"curies":[{"name":"wp","href":"https:\/\/api.w.org\/{rel}","templated":true}]}}