{"id":70828,"date":"2023-01-12T14:30:46","date_gmt":"2023-01-12T14:30:46","guid":{"rendered":"https:\/\/www.loopkinglaces.com\/products\/lacci-per-stivali-bianchi-senza-lacci-71-pollici\/"},"modified":"2023-01-12T14:30:46","modified_gmt":"2023-01-12T14:30:46","slug":"lacci-per-stivali-bianchi-senza-lacci-71-pollici","status":"publish","type":"product","link":"https:\/\/www.loopkinglaces.com\/it\/products\/lacci-per-stivali-bianchi-senza-lacci-71-pollici\/","title":{"rendered":"Lacci per stivali bianchi senza lacci &#8211; 71 pollici"},"content":{"rendered":"<p>Ti \u00e8 mai capitato di doverti fermare a riallacciare le scarpe da trekking ogni 20 minuti durante un&#8217;escursione?<br \/>\nNon lasciare che i fastidiosi lacci ti impediscano di goderti la natura.<br \/>\nI nostri lacci per scarponi senza lacci sono qui per salvare la situazione!<br \/>\nDotati di un innovativo meccanismo di bloccaggio, si mantengono saldamente in posizione pur essendo abbastanza elastici da garantire una vestibilit\u00e0 aderente, come una cerniera che si stringe con una sola tirata.<br \/>\nE una volta installati, non dovrai pi\u00f9 preoccuparti di quei fastidiosi lacci!<br \/>\nPreparati a esplorare l&#8217;aria aperta in tutta tranquillit\u00e0, sapendo che non c&#8217;\u00e8 assolutamente nessuna possibilit\u00e0 di inciampare in lacci di scarpe slegati.     <\/p>\n","protected":false},"excerpt":{"rendered":"<p><strong>Lacci per scarponi bianchi senza lacci<\/strong> Non lasciare che i lacci slacciati ostacolino le tue avventure all&#8217;aperto!<br \/>\nProva i nostri nuovi lacci per scarponi senza lacci per bloccarli saldamente al loro posto e vivere un&#8217;esperienza senza problemi.<br \/>\nNon solo sono facili da usare, come chiudere e aprire la cerniera, ma offrono anche un&#8217;ottima elasticit\u00e0 per una vestibilit\u00e0 regolabile e confortevole, senza che i lacci si allentino sui tuoi sentieri.<br \/>\nAssicurati che ogni passo sia pi\u00f9 leggero con soluzioni di allacciatura affidabili, cos\u00ec potrai concentrarti su ci\u00f2 che \u00e8 importante: il percorso che ti aspetta.     <\/p>\n<ul>\n<li>180 cm<\/li>\n<li>Materiali Premium<\/li>\n<li>Dura <strong>3 volte di pi\u00f9<\/strong> rispetto alle altre marche<\/li>\n<li>Bellissima confezione Loop King<\/li>\n<\/ul>\n","protected":false},"featured_media":70833,"comment_status":"open","ping_status":"closed","template":"","meta":{"_acf_changed":false},"product_brand":[],"product_cat":[1155,1101,1696,1152,935,1346,1402,1548,1549,1100,974,1556,1122,976,924],"product_tag":[979,939,943,938,941,978,977,940],"woo-feed-brand":[],"class_list":{"0":"post-70828","1":"product","2":"type-product","3":"status-publish","4":"has-post-thumbnail","6":"product_cat-allacciati-con-lusso-la-guida-definitiva-ai-lacci-per-stivali-da-84-pollici","7":"product_cat-ancore-per-i-lacci-delle-scarpe-niente-piu-viaggi-solo-trucchi","8":"product_cat-dai-unaccelerata-al-tuo-stile-con-i-lacci-delle-scarpe-bicolore","9":"product_cat-dai-una-seconda-possibilita-ai-tuoi-stivali-con-i-lacci-da-80-pollici","10":"product_cat-ehi-amico-i-lacci-delle-scarpe-senza-lacci-sono-la-nuova-moda","11":"product_cat-lacci-bianchi-di-livello-elite-jordan-1-bordeaux-che-sembrano-lussuosi","12":"product_cat-lacci-bianchi-nike-che-brillano-come-una-stella","13":"product_cat-lacci-da-scarpe-hickies-il-mio-piccolo-segreto-per-mattinate-senza-problemi","14":"product_cat-lacci-di-velocita-la-rivoluzione-nella-moda-delle-calzature","15":"product_cat-lacci-in-bobina-leroe-non-celebrato-della-moda-calzaturiera","16":"product_cat-lacci-per-scarpe-senza-lacci-che-ti-fanno-risparmiare-tempo-e-hanno-un-aspetto-fantastico","17":"product_cat-lacci-per-scarponi-senza-lacci-per-risparmiare-tempo-con-un-senso-di-stile-elegante","18":"product_cat-lacci-per-stivali-robusti-che-hanno-un-aspetto-fantastico-e-durano-a-lungo","19":"product_cat-lacci-veloci-dai-un-calcio-alle-vecchie-abitudini-di-allacciatura","20":"product_cat-tutti-i-lacci-delle-scarpe","21":"product_tag-cerato","22":"product_tag-lacci-delle-scarpe","23":"product_tag-lacci-per-scarpe-con-punta-doro","24":"product_tag-loop-king-it","25":"product_tag-nero","26":"product_tag-piatto","27":"product_tag-piatto-cerato","28":"product_tag-punta-di-metallo","30":"first","31":"instock","32":"taxable","33":"shipping-taxable","34":"product-type-variable"},"acf":[],"yoast_head":"<!-- This site is optimized with the Yoast SEO plugin v27.4 - https:\/\/yoast.com\/product\/yoast-seo-wordpress\/ -->\n<title>Lacci da scarpe bianchi senza lacci - Da Loop King<\/title>\n<meta name=\"description\" content=\"Usa i lacci senza lacci per i tuoi stivali! Questi lacci rivoluzionari risolvono il problema dei lacci allentati o slegati, evitando inciampi e cadute e mantenendo un aspetto elegante.\" \/>\n<meta name=\"robots\" content=\"index, follow, max-snippet:-1, max-image-preview:large, max-video-preview:-1\" \/>\n<link rel=\"canonical\" href=\"https:\/\/www.loopkinglaces.com\/it\/products\/lacci-per-stivali-bianchi-senza-lacci-71-pollici\/\" \/>\n<meta property=\"og:locale\" content=\"it_IT\" \/>\n<meta property=\"og:type\" content=\"article\" \/>\n<meta property=\"og:title\" content=\"Lacci da scarpe bianchi senza lacci - Da Loop King\" \/>\n<meta property=\"og:description\" content=\"Usa i lacci senza lacci per i tuoi stivali! Questi lacci rivoluzionari risolvono il problema dei lacci allentati o slegati, evitando inciampi e cadute e mantenendo un aspetto elegante.\" \/>\n<meta property=\"og:url\" content=\"https:\/\/www.loopkinglaces.com\/it\/products\/lacci-per-stivali-bianchi-senza-lacci-71-pollici\/\" \/>\n<meta property=\"og:site_name\" content=\"Luxury Gold Tip Shoelaces by Loop King Laces\" \/>\n<meta property=\"article:publisher\" content=\"https:\/\/www.facebook.com\/LoopKingLaces\/\" \/>\n<meta property=\"og:image\" content=\"https:\/\/www.loopkinglaces.com\/wp-content\/uploads\/1216A-147.jpg\" \/>\n\t<meta property=\"og:image:width\" content=\"1392\" \/>\n\t<meta property=\"og:image:height\" content=\"928\" \/>\n\t<meta property=\"og:image:type\" content=\"image\/jpeg\" \/>\n<meta name=\"twitter:card\" content=\"summary_large_image\" \/>\n<meta name=\"twitter:site\" content=\"@loopkinglaces\" \/>\n<meta name=\"twitter:label1\" content=\"Tempo di lettura stimato\" \/>\n\t<meta name=\"twitter:data1\" content=\"1 minuto\" \/>\n<script type=\"application\/ld+json\" class=\"yoast-schema-graph\">{\"@context\":\"https:\\\/\\\/schema.org\",\"@graph\":[{\"@type\":[\"WebPage\",\"ItemPage\"],\"@id\":\"https:\\\/\\\/www.loopkinglaces.com\\\/it\\\/products\\\/lacci-per-stivali-bianchi-senza-lacci-71-pollici\\\/\",\"url\":\"https:\\\/\\\/www.loopkinglaces.com\\\/it\\\/products\\\/lacci-per-stivali-bianchi-senza-lacci-71-pollici\\\/\",\"name\":\"Lacci da scarpe bianchi senza lacci - Da Loop King\",\"isPartOf\":{\"@id\":\"https:\\\/\\\/www.loopkinglaces.com\\\/it\\\/#website\"},\"primaryImageOfPage\":{\"@id\":\"https:\\\/\\\/www.loopkinglaces.com\\\/it\\\/products\\\/lacci-per-stivali-bianchi-senza-lacci-71-pollici\\\/#primaryimage\"},\"image\":{\"@id\":\"https:\\\/\\\/www.loopkinglaces.com\\\/it\\\/products\\\/lacci-per-stivali-bianchi-senza-lacci-71-pollici\\\/#primaryimage\"},\"thumbnailUrl\":\"https:\\\/\\\/www.loopkinglaces.com\\\/wp-content\\\/uploads\\\/1216A-147.jpg\",\"datePublished\":\"2023-01-12T14:30:46+00:00\",\"description\":\"Usa i lacci senza lacci per i tuoi stivali! Questi lacci rivoluzionari risolvono il problema dei lacci allentati o slegati, evitando inciampi e cadute e mantenendo un aspetto elegante.\",\"breadcrumb\":{\"@id\":\"https:\\\/\\\/www.loopkinglaces.com\\\/it\\\/products\\\/lacci-per-stivali-bianchi-senza-lacci-71-pollici\\\/#breadcrumb\"},\"inLanguage\":\"it-IT\",\"potentialAction\":[{\"@type\":\"ReadAction\",\"target\":[\"https:\\\/\\\/www.loopkinglaces.com\\\/it\\\/products\\\/lacci-per-stivali-bianchi-senza-lacci-71-pollici\\\/\"]}]},{\"@type\":\"ImageObject\",\"inLanguage\":\"it-IT\",\"@id\":\"https:\\\/\\\/www.loopkinglaces.com\\\/it\\\/products\\\/lacci-per-stivali-bianchi-senza-lacci-71-pollici\\\/#primaryimage\",\"url\":\"https:\\\/\\\/www.loopkinglaces.com\\\/wp-content\\\/uploads\\\/1216A-147.jpg\",\"contentUrl\":\"https:\\\/\\\/www.loopkinglaces.com\\\/wp-content\\\/uploads\\\/1216A-147.jpg\",\"width\":1392,\"height\":928},{\"@type\":\"BreadcrumbList\",\"@id\":\"https:\\\/\\\/www.loopkinglaces.com\\\/it\\\/products\\\/lacci-per-stivali-bianchi-senza-lacci-71-pollici\\\/#breadcrumb\",\"itemListElement\":[{\"@type\":\"ListItem\",\"position\":1,\"name\":\"Home\",\"item\":\"https:\\\/\\\/www.loopkinglaces.com\\\/it\\\/\"},{\"@type\":\"ListItem\",\"position\":2,\"name\":\"ACQUISTA LACES\",\"item\":\"https:\\\/\\\/www.loopkinglaces.com\\\/it\\\/acquista-laces\\\/\"},{\"@type\":\"ListItem\",\"position\":3,\"name\":\"Lacci per stivali bianchi senza lacci &#8211; 71 pollici\"}]},{\"@type\":\"WebSite\",\"@id\":\"https:\\\/\\\/www.loopkinglaces.com\\\/it\\\/#website\",\"url\":\"https:\\\/\\\/www.loopkinglaces.com\\\/it\\\/\",\"name\":\"Luxury Gold Tip Shoelaces by Loop King Laces\",\"description\":\"Rope Laces, Flat Waxed Laces and Leather Laces. All With Gold Tips.\",\"publisher\":{\"@id\":\"https:\\\/\\\/www.loopkinglaces.com\\\/it\\\/#organization\"},\"potentialAction\":[{\"@type\":\"SearchAction\",\"target\":{\"@type\":\"EntryPoint\",\"urlTemplate\":\"https:\\\/\\\/www.loopkinglaces.com\\\/it\\\/?s={search_term_string}\"},\"query-input\":{\"@type\":\"PropertyValueSpecification\",\"valueRequired\":true,\"valueName\":\"search_term_string\"}}],\"inLanguage\":\"it-IT\"},{\"@type\":\"Organization\",\"@id\":\"https:\\\/\\\/www.loopkinglaces.com\\\/it\\\/#organization\",\"name\":\"Loop King Laces\",\"url\":\"https:\\\/\\\/www.loopkinglaces.com\\\/it\\\/\",\"logo\":{\"@type\":\"ImageObject\",\"inLanguage\":\"it-IT\",\"@id\":\"https:\\\/\\\/www.loopkinglaces.com\\\/it\\\/#\\\/schema\\\/logo\\\/image\\\/\",\"url\":\"https:\\\/\\\/www.loopkinglaces.com\\\/wp-content\\\/uploads\\\/LOOP-KING-LACES.1.1-01-LOGO-HI-RES-OFFICIAL-1.png\",\"contentUrl\":\"https:\\\/\\\/www.loopkinglaces.com\\\/wp-content\\\/uploads\\\/LOOP-KING-LACES.1.1-01-LOGO-HI-RES-OFFICIAL-1.png\",\"width\":128,\"height\":91,\"caption\":\"Loop King Laces\"},\"image\":{\"@id\":\"https:\\\/\\\/www.loopkinglaces.com\\\/it\\\/#\\\/schema\\\/logo\\\/image\\\/\"},\"sameAs\":[\"https:\\\/\\\/www.facebook.com\\\/LoopKingLaces\\\/\",\"https:\\\/\\\/x.com\\\/loopkinglaces\",\"https:\\\/\\\/www.instagram.com\\\/loopkinglaces\\\/\"]}]}<\/script>\n<!-- \/ Yoast SEO plugin. -->","yoast_head_json":{"title":"Lacci da scarpe bianchi senza lacci - Da Loop King","description":"Usa i lacci senza lacci per i tuoi stivali! Questi lacci rivoluzionari risolvono il problema dei lacci allentati o slegati, evitando inciampi e cadute e mantenendo un aspetto elegante.","robots":{"index":"index","follow":"follow","max-snippet":"max-snippet:-1","max-image-preview":"max-image-preview:large","max-video-preview":"max-video-preview:-1"},"canonical":"https:\/\/www.loopkinglaces.com\/it\/products\/lacci-per-stivali-bianchi-senza-lacci-71-pollici\/","og_locale":"it_IT","og_type":"article","og_title":"Lacci da scarpe bianchi senza lacci - Da Loop King","og_description":"Usa i lacci senza lacci per i tuoi stivali! Questi lacci rivoluzionari risolvono il problema dei lacci allentati o slegati, evitando inciampi e cadute e mantenendo un aspetto elegante.","og_url":"https:\/\/www.loopkinglaces.com\/it\/products\/lacci-per-stivali-bianchi-senza-lacci-71-pollici\/","og_site_name":"Luxury Gold Tip Shoelaces by Loop King Laces","article_publisher":"https:\/\/www.facebook.com\/LoopKingLaces\/","og_image":[{"width":1392,"height":928,"url":"https:\/\/www.loopkinglaces.com\/wp-content\/uploads\/1216A-147.jpg","type":"image\/jpeg"}],"twitter_card":"summary_large_image","twitter_site":"@loopkinglaces","twitter_misc":{"Tempo di lettura stimato":"1 minuto"},"schema":{"@context":"https:\/\/schema.org","@graph":[{"@type":["WebPage","ItemPage"],"@id":"https:\/\/www.loopkinglaces.com\/it\/products\/lacci-per-stivali-bianchi-senza-lacci-71-pollici\/","url":"https:\/\/www.loopkinglaces.com\/it\/products\/lacci-per-stivali-bianchi-senza-lacci-71-pollici\/","name":"Lacci da scarpe bianchi senza lacci - Da Loop King","isPartOf":{"@id":"https:\/\/www.loopkinglaces.com\/it\/#website"},"primaryImageOfPage":{"@id":"https:\/\/www.loopkinglaces.com\/it\/products\/lacci-per-stivali-bianchi-senza-lacci-71-pollici\/#primaryimage"},"image":{"@id":"https:\/\/www.loopkinglaces.com\/it\/products\/lacci-per-stivali-bianchi-senza-lacci-71-pollici\/#primaryimage"},"thumbnailUrl":"https:\/\/www.loopkinglaces.com\/wp-content\/uploads\/1216A-147.jpg","datePublished":"2023-01-12T14:30:46+00:00","description":"Usa i lacci senza lacci per i tuoi stivali! Questi lacci rivoluzionari risolvono il problema dei lacci allentati o slegati, evitando inciampi e cadute e mantenendo un aspetto elegante.","breadcrumb":{"@id":"https:\/\/www.loopkinglaces.com\/it\/products\/lacci-per-stivali-bianchi-senza-lacci-71-pollici\/#breadcrumb"},"inLanguage":"it-IT","potentialAction":[{"@type":"ReadAction","target":["https:\/\/www.loopkinglaces.com\/it\/products\/lacci-per-stivali-bianchi-senza-lacci-71-pollici\/"]}]},{"@type":"ImageObject","inLanguage":"it-IT","@id":"https:\/\/www.loopkinglaces.com\/it\/products\/lacci-per-stivali-bianchi-senza-lacci-71-pollici\/#primaryimage","url":"https:\/\/www.loopkinglaces.com\/wp-content\/uploads\/1216A-147.jpg","contentUrl":"https:\/\/www.loopkinglaces.com\/wp-content\/uploads\/1216A-147.jpg","width":1392,"height":928},{"@type":"BreadcrumbList","@id":"https:\/\/www.loopkinglaces.com\/it\/products\/lacci-per-stivali-bianchi-senza-lacci-71-pollici\/#breadcrumb","itemListElement":[{"@type":"ListItem","position":1,"name":"Home","item":"https:\/\/www.loopkinglaces.com\/it\/"},{"@type":"ListItem","position":2,"name":"ACQUISTA LACES","item":"https:\/\/www.loopkinglaces.com\/it\/acquista-laces\/"},{"@type":"ListItem","position":3,"name":"Lacci per stivali bianchi senza lacci &#8211; 71 pollici"}]},{"@type":"WebSite","@id":"https:\/\/www.loopkinglaces.com\/it\/#website","url":"https:\/\/www.loopkinglaces.com\/it\/","name":"Luxury Gold Tip Shoelaces by Loop King Laces","description":"Rope Laces, Flat Waxed Laces and Leather Laces. All With Gold Tips.","publisher":{"@id":"https:\/\/www.loopkinglaces.com\/it\/#organization"},"potentialAction":[{"@type":"SearchAction","target":{"@type":"EntryPoint","urlTemplate":"https:\/\/www.loopkinglaces.com\/it\/?s={search_term_string}"},"query-input":{"@type":"PropertyValueSpecification","valueRequired":true,"valueName":"search_term_string"}}],"inLanguage":"it-IT"},{"@type":"Organization","@id":"https:\/\/www.loopkinglaces.com\/it\/#organization","name":"Loop King Laces","url":"https:\/\/www.loopkinglaces.com\/it\/","logo":{"@type":"ImageObject","inLanguage":"it-IT","@id":"https:\/\/www.loopkinglaces.com\/it\/#\/schema\/logo\/image\/","url":"https:\/\/www.loopkinglaces.com\/wp-content\/uploads\/LOOP-KING-LACES.1.1-01-LOGO-HI-RES-OFFICIAL-1.png","contentUrl":"https:\/\/www.loopkinglaces.com\/wp-content\/uploads\/LOOP-KING-LACES.1.1-01-LOGO-HI-RES-OFFICIAL-1.png","width":128,"height":91,"caption":"Loop King Laces"},"image":{"@id":"https:\/\/www.loopkinglaces.com\/it\/#\/schema\/logo\/image\/"},"sameAs":["https:\/\/www.facebook.com\/LoopKingLaces\/","https:\/\/x.com\/loopkinglaces","https:\/\/www.instagram.com\/loopkinglaces\/"]}]}},"_links":{"self":[{"href":"https:\/\/www.loopkinglaces.com\/it\/wp-json\/wp\/v2\/product\/70828","targetHints":{"allow":["GET"]}}],"collection":[{"href":"https:\/\/www.loopkinglaces.com\/it\/wp-json\/wp\/v2\/product"}],"about":[{"href":"https:\/\/www.loopkinglaces.com\/it\/wp-json\/wp\/v2\/types\/product"}],"replies":[{"embeddable":true,"href":"https:\/\/www.loopkinglaces.com\/it\/wp-json\/wp\/v2\/comments?post=70828"}],"wp:featuredmedia":[{"embeddable":true,"href":"https:\/\/www.loopkinglaces.com\/it\/wp-json\/wp\/v2\/media\/70833"}],"wp:attachment":[{"href":"https:\/\/www.loopkinglaces.com\/it\/wp-json\/wp\/v2\/media?parent=70828"}],"wp:term":[{"taxonomy":"product_brand","embeddable":true,"href":"https:\/\/www.loopkinglaces.com\/it\/wp-json\/wp\/v2\/product_brand?post=70828"},{"taxonomy":"product_cat","embeddable":true,"href":"https:\/\/www.loopkinglaces.com\/it\/wp-json\/wp\/v2\/product_cat?post=70828"},{"taxonomy":"product_tag","embeddable":true,"href":"https:\/\/www.loopkinglaces.com\/it\/wp-json\/wp\/v2\/product_tag?post=70828"},{"taxonomy":"woo-feed-brand","embeddable":true,"href":"https:\/\/www.loopkinglaces.com\/it\/wp-json\/wp\/v2\/woo-feed-brand?post=70828"}],"curies":[{"name":"wp","href":"https:\/\/api.w.org\/{rel}","templated":true}]}}