{"id":70419,"date":"2024-02-07T16:07:02","date_gmt":"2024-02-07T16:07:02","guid":{"rendered":"https:\/\/www.loopkinglaces.com\/products\/protezioni-flessibili-per-la-suola-per-migliorare-proteggere-e-rinforzare-le-calzature-eleganti\/"},"modified":"2024-02-07T16:07:02","modified_gmt":"2024-02-07T16:07:02","slug":"protezioni-flessibili-per-la-suola-per-migliorare-proteggere-e-rinforzare-le-calzature-eleganti","status":"publish","type":"product","link":"https:\/\/www.loopkinglaces.com\/it\/products\/protezioni-flessibili-per-la-suola-per-migliorare-proteggere-e-rinforzare-le-calzature-eleganti\/","title":{"rendered":"Protezioni flessibili per la suola per migliorare, proteggere e rinforzare le calzature eleganti"},"content":{"rendered":"<p><i><span style=\"font-weight: 400;\">Hai appena acquistato un nuovo paio di scarpe da sera in pelle?<\/span><\/i><\/p>\n<p><span style=\"font-weight: 400;\">Dovrai quindi fare tutto il possibile per mantenerli sempre nuovi.<br \/>\nIn particolare,   <\/span><b>le suole delle tue scarpe hanno bisogno di essere protette dall&#8217;usura e dalla rottura<\/b><span style=\"font-weight: 400;\">. <\/span> <\/p>\n<p><span style=\"font-weight: 400;\">Pensa alle tue scarpe come a un investimento simile a quello di un&#8217;auto o di una casa.<br \/>\nBeh, non appena le porti a casa,   <\/span><b>il valore inizia a diminuire<\/b><span style=\"font-weight: 400;\">. <\/span><span style=\"font-weight: 400;\">Il modo migliore per conservare il valore delle tue scarpe \u00e8 utilizzare le protezioni per la suola. <\/span><span style=\"font-weight: 400;\">Inoltre, faranno durare le tue calzature molto pi\u00f9 a lungo, il che significa che potrai indossarle per molto tempo senza preoccuparti di farle riparare. <\/span> <\/p>\n","protected":false},"excerpt":{"rendered":"<p><span style=\"font-weight: 400;\">Le nostre protezioni per la suola sono caratterizzate da materiali pregiati e da un design all&#8217;avanguardia per garantire che ogni centimetro quadrato della tua suola sia protetto.  <\/span><\/p>\n<p><span style=\"font-weight: 400;\">Inoltre, impediscono il processo di ossidazione, che provoca l&#8217;ingiallimento delle suole.<br \/>\nLe nostre protezioni coprono l&#8217;intera suola per garantire che non si verifichi l&#8217;ossidazione.   <\/span><\/p>\n<p><span style=\"font-weight: 400;\">Inoltre, hanno un aspetto elegante e raffinato, quindi non dovrai preoccuparti che qualcuno possa intravedere le tue protezioni per la suola, come accade con altre marche. <\/span><span style=\"font-weight: 400;\">Inoltre, le nostre protezioni per la suola <\/span><b>rendono il trascinamento del tallone un ricordo del passato<\/b><span style=\"font-weight: 400;\">. <\/span><span style=\"font-weight: 400;\">Le tue scarpe sono sottoposte a un forte stress ad ogni passo, soprattutto il tallone, ed \u00e8 per questo che \u00e8 cos\u00ec importante rinforzare le tue suole. <\/span><span style=\"font-weight: 400;\">Guarda l&#8217;elenco completo delle caratteristiche qui sotto:<\/span><\/p>\n<ul>\n<li style=\"font-weight: 400;\" aria-level=\"1\"><span style=\"font-weight: 400;\">Materiali di qualit\u00e0 superiore<\/span><\/li>\n<li style=\"font-weight: 400;\" aria-level=\"1\"><span style=\"font-weight: 400;\">Imballaggio sigillato e stupefacente  <\/span><\/li>\n<li style=\"font-weight: 400;\" aria-level=\"1\"><span style=\"font-weight: 400;\">Supera le altre marche<\/span><\/li>\n<li style=\"font-weight: 400;\" aria-level=\"1\"><span style=\"font-weight: 400;\">Protezione completa per evitare l&#8217;ossidazione e il trascinamento del tallone<\/span><\/li>\n<\/ul>\n","protected":false},"featured_media":56260,"comment_status":"open","ping_status":"closed","template":"","meta":{"_acf_changed":false},"product_brand":[],"product_cat":[1110,1440,924],"product_tag":[],"woo-feed-brand":[],"class_list":{"0":"post-70419","1":"product","2":"type-product","3":"status-publish","4":"has-post-thumbnail","6":"product_cat-lacci-per-scarpe-con-punta-doro","7":"product_cat-senza-categoria","8":"product_cat-tutti-i-lacci-delle-scarpe","10":"first","11":"instock","12":"taxable","13":"shipping-taxable","14":"purchasable","15":"product-type-simple"},"acf":[],"yoast_head":"<!-- This site is optimized with the Yoast SEO plugin v27.4 - https:\/\/yoast.com\/product\/yoast-seo-wordpress\/ -->\n<title>Protezioni durevoli per la suola per prolungare la durata delle tue scarpe<\/title>\n<meta name=\"description\" content=\"Vuoi mantenere immacolate le tue scarpe eleganti? Allora devi dare un&#039;occhiata ai nostri proteggi-suola di alto livello per proteggere le tue scarpe dagli agenti atmosferici.\" \/>\n<meta name=\"robots\" content=\"index, follow, max-snippet:-1, max-image-preview:large, max-video-preview:-1\" \/>\n<link rel=\"canonical\" href=\"https:\/\/www.loopkinglaces.com\/it\/products\/protezioni-flessibili-per-la-suola-per-migliorare-proteggere-e-rinforzare-le-calzature-eleganti\/\" \/>\n<meta property=\"og:locale\" content=\"it_IT\" \/>\n<meta property=\"og:type\" content=\"article\" \/>\n<meta property=\"og:title\" content=\"Protezioni durevoli per la suola per prolungare la durata delle tue scarpe\" \/>\n<meta property=\"og:description\" content=\"Vuoi mantenere immacolate le tue scarpe eleganti? Allora devi dare un&#039;occhiata ai nostri proteggi-suola di alto livello per proteggere le tue scarpe dagli agenti atmosferici.\" \/>\n<meta property=\"og:url\" content=\"https:\/\/www.loopkinglaces.com\/it\/products\/protezioni-flessibili-per-la-suola-per-migliorare-proteggere-e-rinforzare-le-calzature-eleganti\/\" \/>\n<meta property=\"og:site_name\" content=\"Luxury Gold Tip Shoelaces by Loop King Laces\" \/>\n<meta property=\"article:publisher\" content=\"https:\/\/www.facebook.com\/LoopKingLaces\/\" \/>\n<meta property=\"og:image\" content=\"https:\/\/www.loopkinglaces.com\/wp-content\/uploads\/LKL-Sole-Protector-Front.png\" \/>\n\t<meta property=\"og:image:width\" content=\"584\" \/>\n\t<meta property=\"og:image:height\" content=\"1575\" \/>\n\t<meta property=\"og:image:type\" content=\"image\/png\" \/>\n<meta name=\"twitter:card\" content=\"summary_large_image\" \/>\n<meta name=\"twitter:site\" content=\"@loopkinglaces\" \/>\n<meta name=\"twitter:label1\" content=\"Tempo di lettura stimato\" \/>\n\t<meta name=\"twitter:data1\" content=\"1 minuto\" \/>\n<script type=\"application\/ld+json\" class=\"yoast-schema-graph\">{\"@context\":\"https:\\\/\\\/schema.org\",\"@graph\":[{\"@type\":[\"WebPage\",\"ItemPage\"],\"@id\":\"https:\\\/\\\/www.loopkinglaces.com\\\/it\\\/products\\\/protezioni-flessibili-per-la-suola-per-migliorare-proteggere-e-rinforzare-le-calzature-eleganti\\\/\",\"url\":\"https:\\\/\\\/www.loopkinglaces.com\\\/it\\\/products\\\/protezioni-flessibili-per-la-suola-per-migliorare-proteggere-e-rinforzare-le-calzature-eleganti\\\/\",\"name\":\"Protezioni durevoli per la suola per prolungare la durata delle tue scarpe\",\"isPartOf\":{\"@id\":\"https:\\\/\\\/www.loopkinglaces.com\\\/it\\\/#website\"},\"primaryImageOfPage\":{\"@id\":\"https:\\\/\\\/www.loopkinglaces.com\\\/it\\\/products\\\/protezioni-flessibili-per-la-suola-per-migliorare-proteggere-e-rinforzare-le-calzature-eleganti\\\/#primaryimage\"},\"image\":{\"@id\":\"https:\\\/\\\/www.loopkinglaces.com\\\/it\\\/products\\\/protezioni-flessibili-per-la-suola-per-migliorare-proteggere-e-rinforzare-le-calzature-eleganti\\\/#primaryimage\"},\"thumbnailUrl\":\"https:\\\/\\\/www.loopkinglaces.com\\\/wp-content\\\/uploads\\\/LKL-Sole-Protector-Front.png\",\"datePublished\":\"2024-02-07T16:07:02+00:00\",\"description\":\"Vuoi mantenere immacolate le tue scarpe eleganti? Allora devi dare un'occhiata ai nostri proteggi-suola di alto livello per proteggere le tue scarpe dagli agenti atmosferici.\",\"breadcrumb\":{\"@id\":\"https:\\\/\\\/www.loopkinglaces.com\\\/it\\\/products\\\/protezioni-flessibili-per-la-suola-per-migliorare-proteggere-e-rinforzare-le-calzature-eleganti\\\/#breadcrumb\"},\"inLanguage\":\"it-IT\",\"potentialAction\":[{\"@type\":\"ReadAction\",\"target\":[\"https:\\\/\\\/www.loopkinglaces.com\\\/it\\\/products\\\/protezioni-flessibili-per-la-suola-per-migliorare-proteggere-e-rinforzare-le-calzature-eleganti\\\/\"]}]},{\"@type\":\"ImageObject\",\"inLanguage\":\"it-IT\",\"@id\":\"https:\\\/\\\/www.loopkinglaces.com\\\/it\\\/products\\\/protezioni-flessibili-per-la-suola-per-migliorare-proteggere-e-rinforzare-le-calzature-eleganti\\\/#primaryimage\",\"url\":\"https:\\\/\\\/www.loopkinglaces.com\\\/wp-content\\\/uploads\\\/LKL-Sole-Protector-Front.png\",\"contentUrl\":\"https:\\\/\\\/www.loopkinglaces.com\\\/wp-content\\\/uploads\\\/LKL-Sole-Protector-Front.png\",\"width\":584,\"height\":1575},{\"@type\":\"BreadcrumbList\",\"@id\":\"https:\\\/\\\/www.loopkinglaces.com\\\/it\\\/products\\\/protezioni-flessibili-per-la-suola-per-migliorare-proteggere-e-rinforzare-le-calzature-eleganti\\\/#breadcrumb\",\"itemListElement\":[{\"@type\":\"ListItem\",\"position\":1,\"name\":\"Home\",\"item\":\"https:\\\/\\\/www.loopkinglaces.com\\\/it\\\/\"},{\"@type\":\"ListItem\",\"position\":2,\"name\":\"ACQUISTA LACES\",\"item\":\"https:\\\/\\\/www.loopkinglaces.com\\\/it\\\/acquista-laces\\\/\"},{\"@type\":\"ListItem\",\"position\":3,\"name\":\"Protezioni flessibili per la suola per migliorare, proteggere e rinforzare le calzature eleganti\"}]},{\"@type\":\"WebSite\",\"@id\":\"https:\\\/\\\/www.loopkinglaces.com\\\/it\\\/#website\",\"url\":\"https:\\\/\\\/www.loopkinglaces.com\\\/it\\\/\",\"name\":\"Luxury Gold Tip Shoelaces by Loop King Laces\",\"description\":\"Rope Laces, Flat Waxed Laces and Leather Laces. All With Gold Tips.\",\"publisher\":{\"@id\":\"https:\\\/\\\/www.loopkinglaces.com\\\/it\\\/#organization\"},\"potentialAction\":[{\"@type\":\"SearchAction\",\"target\":{\"@type\":\"EntryPoint\",\"urlTemplate\":\"https:\\\/\\\/www.loopkinglaces.com\\\/it\\\/?s={search_term_string}\"},\"query-input\":{\"@type\":\"PropertyValueSpecification\",\"valueRequired\":true,\"valueName\":\"search_term_string\"}}],\"inLanguage\":\"it-IT\"},{\"@type\":\"Organization\",\"@id\":\"https:\\\/\\\/www.loopkinglaces.com\\\/it\\\/#organization\",\"name\":\"Loop King Laces\",\"url\":\"https:\\\/\\\/www.loopkinglaces.com\\\/it\\\/\",\"logo\":{\"@type\":\"ImageObject\",\"inLanguage\":\"it-IT\",\"@id\":\"https:\\\/\\\/www.loopkinglaces.com\\\/it\\\/#\\\/schema\\\/logo\\\/image\\\/\",\"url\":\"https:\\\/\\\/www.loopkinglaces.com\\\/wp-content\\\/uploads\\\/LOOP-KING-LACES.1.1-01-LOGO-HI-RES-OFFICIAL-1.png\",\"contentUrl\":\"https:\\\/\\\/www.loopkinglaces.com\\\/wp-content\\\/uploads\\\/LOOP-KING-LACES.1.1-01-LOGO-HI-RES-OFFICIAL-1.png\",\"width\":128,\"height\":91,\"caption\":\"Loop King Laces\"},\"image\":{\"@id\":\"https:\\\/\\\/www.loopkinglaces.com\\\/it\\\/#\\\/schema\\\/logo\\\/image\\\/\"},\"sameAs\":[\"https:\\\/\\\/www.facebook.com\\\/LoopKingLaces\\\/\",\"https:\\\/\\\/x.com\\\/loopkinglaces\",\"https:\\\/\\\/www.instagram.com\\\/loopkinglaces\\\/\"]}]}<\/script>\n<!-- \/ Yoast SEO plugin. -->","yoast_head_json":{"title":"Protezioni durevoli per la suola per prolungare la durata delle tue scarpe","description":"Vuoi mantenere immacolate le tue scarpe eleganti? Allora devi dare un'occhiata ai nostri proteggi-suola di alto livello per proteggere le tue scarpe dagli agenti atmosferici.","robots":{"index":"index","follow":"follow","max-snippet":"max-snippet:-1","max-image-preview":"max-image-preview:large","max-video-preview":"max-video-preview:-1"},"canonical":"https:\/\/www.loopkinglaces.com\/it\/products\/protezioni-flessibili-per-la-suola-per-migliorare-proteggere-e-rinforzare-le-calzature-eleganti\/","og_locale":"it_IT","og_type":"article","og_title":"Protezioni durevoli per la suola per prolungare la durata delle tue scarpe","og_description":"Vuoi mantenere immacolate le tue scarpe eleganti? Allora devi dare un'occhiata ai nostri proteggi-suola di alto livello per proteggere le tue scarpe dagli agenti atmosferici.","og_url":"https:\/\/www.loopkinglaces.com\/it\/products\/protezioni-flessibili-per-la-suola-per-migliorare-proteggere-e-rinforzare-le-calzature-eleganti\/","og_site_name":"Luxury Gold Tip Shoelaces by Loop King Laces","article_publisher":"https:\/\/www.facebook.com\/LoopKingLaces\/","og_image":[{"width":584,"height":1575,"url":"https:\/\/www.loopkinglaces.com\/wp-content\/uploads\/LKL-Sole-Protector-Front.png","type":"image\/png"}],"twitter_card":"summary_large_image","twitter_site":"@loopkinglaces","twitter_misc":{"Tempo di lettura stimato":"1 minuto"},"schema":{"@context":"https:\/\/schema.org","@graph":[{"@type":["WebPage","ItemPage"],"@id":"https:\/\/www.loopkinglaces.com\/it\/products\/protezioni-flessibili-per-la-suola-per-migliorare-proteggere-e-rinforzare-le-calzature-eleganti\/","url":"https:\/\/www.loopkinglaces.com\/it\/products\/protezioni-flessibili-per-la-suola-per-migliorare-proteggere-e-rinforzare-le-calzature-eleganti\/","name":"Protezioni durevoli per la suola per prolungare la durata delle tue scarpe","isPartOf":{"@id":"https:\/\/www.loopkinglaces.com\/it\/#website"},"primaryImageOfPage":{"@id":"https:\/\/www.loopkinglaces.com\/it\/products\/protezioni-flessibili-per-la-suola-per-migliorare-proteggere-e-rinforzare-le-calzature-eleganti\/#primaryimage"},"image":{"@id":"https:\/\/www.loopkinglaces.com\/it\/products\/protezioni-flessibili-per-la-suola-per-migliorare-proteggere-e-rinforzare-le-calzature-eleganti\/#primaryimage"},"thumbnailUrl":"https:\/\/www.loopkinglaces.com\/wp-content\/uploads\/LKL-Sole-Protector-Front.png","datePublished":"2024-02-07T16:07:02+00:00","description":"Vuoi mantenere immacolate le tue scarpe eleganti? Allora devi dare un'occhiata ai nostri proteggi-suola di alto livello per proteggere le tue scarpe dagli agenti atmosferici.","breadcrumb":{"@id":"https:\/\/www.loopkinglaces.com\/it\/products\/protezioni-flessibili-per-la-suola-per-migliorare-proteggere-e-rinforzare-le-calzature-eleganti\/#breadcrumb"},"inLanguage":"it-IT","potentialAction":[{"@type":"ReadAction","target":["https:\/\/www.loopkinglaces.com\/it\/products\/protezioni-flessibili-per-la-suola-per-migliorare-proteggere-e-rinforzare-le-calzature-eleganti\/"]}]},{"@type":"ImageObject","inLanguage":"it-IT","@id":"https:\/\/www.loopkinglaces.com\/it\/products\/protezioni-flessibili-per-la-suola-per-migliorare-proteggere-e-rinforzare-le-calzature-eleganti\/#primaryimage","url":"https:\/\/www.loopkinglaces.com\/wp-content\/uploads\/LKL-Sole-Protector-Front.png","contentUrl":"https:\/\/www.loopkinglaces.com\/wp-content\/uploads\/LKL-Sole-Protector-Front.png","width":584,"height":1575},{"@type":"BreadcrumbList","@id":"https:\/\/www.loopkinglaces.com\/it\/products\/protezioni-flessibili-per-la-suola-per-migliorare-proteggere-e-rinforzare-le-calzature-eleganti\/#breadcrumb","itemListElement":[{"@type":"ListItem","position":1,"name":"Home","item":"https:\/\/www.loopkinglaces.com\/it\/"},{"@type":"ListItem","position":2,"name":"ACQUISTA LACES","item":"https:\/\/www.loopkinglaces.com\/it\/acquista-laces\/"},{"@type":"ListItem","position":3,"name":"Protezioni flessibili per la suola per migliorare, proteggere e rinforzare le calzature eleganti"}]},{"@type":"WebSite","@id":"https:\/\/www.loopkinglaces.com\/it\/#website","url":"https:\/\/www.loopkinglaces.com\/it\/","name":"Luxury Gold Tip Shoelaces by Loop King Laces","description":"Rope Laces, Flat Waxed Laces and Leather Laces. All With Gold Tips.","publisher":{"@id":"https:\/\/www.loopkinglaces.com\/it\/#organization"},"potentialAction":[{"@type":"SearchAction","target":{"@type":"EntryPoint","urlTemplate":"https:\/\/www.loopkinglaces.com\/it\/?s={search_term_string}"},"query-input":{"@type":"PropertyValueSpecification","valueRequired":true,"valueName":"search_term_string"}}],"inLanguage":"it-IT"},{"@type":"Organization","@id":"https:\/\/www.loopkinglaces.com\/it\/#organization","name":"Loop King Laces","url":"https:\/\/www.loopkinglaces.com\/it\/","logo":{"@type":"ImageObject","inLanguage":"it-IT","@id":"https:\/\/www.loopkinglaces.com\/it\/#\/schema\/logo\/image\/","url":"https:\/\/www.loopkinglaces.com\/wp-content\/uploads\/LOOP-KING-LACES.1.1-01-LOGO-HI-RES-OFFICIAL-1.png","contentUrl":"https:\/\/www.loopkinglaces.com\/wp-content\/uploads\/LOOP-KING-LACES.1.1-01-LOGO-HI-RES-OFFICIAL-1.png","width":128,"height":91,"caption":"Loop King Laces"},"image":{"@id":"https:\/\/www.loopkinglaces.com\/it\/#\/schema\/logo\/image\/"},"sameAs":["https:\/\/www.facebook.com\/LoopKingLaces\/","https:\/\/x.com\/loopkinglaces","https:\/\/www.instagram.com\/loopkinglaces\/"]}]}},"_links":{"self":[{"href":"https:\/\/www.loopkinglaces.com\/it\/wp-json\/wp\/v2\/product\/70419","targetHints":{"allow":["GET"]}}],"collection":[{"href":"https:\/\/www.loopkinglaces.com\/it\/wp-json\/wp\/v2\/product"}],"about":[{"href":"https:\/\/www.loopkinglaces.com\/it\/wp-json\/wp\/v2\/types\/product"}],"replies":[{"embeddable":true,"href":"https:\/\/www.loopkinglaces.com\/it\/wp-json\/wp\/v2\/comments?post=70419"}],"wp:featuredmedia":[{"embeddable":true,"href":"https:\/\/www.loopkinglaces.com\/it\/wp-json\/wp\/v2\/media\/56260"}],"wp:attachment":[{"href":"https:\/\/www.loopkinglaces.com\/it\/wp-json\/wp\/v2\/media?parent=70419"}],"wp:term":[{"taxonomy":"product_brand","embeddable":true,"href":"https:\/\/www.loopkinglaces.com\/it\/wp-json\/wp\/v2\/product_brand?post=70419"},{"taxonomy":"product_cat","embeddable":true,"href":"https:\/\/www.loopkinglaces.com\/it\/wp-json\/wp\/v2\/product_cat?post=70419"},{"taxonomy":"product_tag","embeddable":true,"href":"https:\/\/www.loopkinglaces.com\/it\/wp-json\/wp\/v2\/product_tag?post=70419"},{"taxonomy":"woo-feed-brand","embeddable":true,"href":"https:\/\/www.loopkinglaces.com\/it\/wp-json\/wp\/v2\/woo-feed-brand?post=70419"}],"curies":[{"name":"wp","href":"https:\/\/api.w.org\/{rel}","templated":true}]}}