{"id":69705,"date":"2023-11-01T17:53:06","date_gmt":"2023-11-01T17:53:06","guid":{"rendered":"https:\/\/www.loopkinglaces.com\/products\/lacci-di-cemento-rossi-e-neri-con-punte-di-plastica-rosse\/"},"modified":"2023-11-01T17:53:06","modified_gmt":"2023-11-01T17:53:06","slug":"lacci-di-cemento-rossi-e-neri-con-punte-di-plastica-rosse","status":"publish","type":"product","link":"https:\/\/www.loopkinglaces.com\/it\/products\/lacci-di-cemento-rossi-e-neri-con-punte-di-plastica-rosse\/","title":{"rendered":"Lacci di cemento rossi e neri con punte di plastica rosse"},"content":{"rendered":"<p>Rinfresca le tue vecchie scarpe da ginnastica con i nostri lacci in cemento nero, completi di lacci in cemento nero con punte in plastica rossa per un miglioramento visivo di grande effetto.<br \/>\nLa stampa a colori realistica e le chiazze uniche offrono uno stile adatto a qualsiasi ambiente, mentre i materiali di alta qualit\u00e0 garantiscono una lunga durata.<br \/>\nLe punte in rilievo aggiungono una finitura raffinata e combattono l&#8217;usura: con i nostri lacci, riceverai una qualit\u00e0 duratura e un design innovativo.  <\/p>\n","protected":false},"excerpt":{"rendered":"<p><strong>Lacci in cemento rosso nero con punte in plastica rossa<\/strong> Vuoi dare nuova vita alle tue calzature classiche?<br \/>\nI nostri lacci in cemento rosso nero con punte in plastica rossa sono la soluzione perfetta: presentano una stampa fedele in una gamma di colori, punteggiata da puntini.<br \/>\nProgettati per la versatilit\u00e0 dello stile e realizzati con materiali pregiati, questi lacci promettono una lunga durata.<br \/>\nI dettagli in rilievo sulle punte infondono un pizzico di opulenza e proteggono dallo sfilacciamento, offrendoti molto di pi\u00f9 di un semplice laccio: \u00e8 una qualit\u00e0 che puoi sentire.<br \/>\nLe caratteristiche principali includono:      <\/p>\n<ul>\n<li><span style=\"font-weight: 400;\">Materiali di qualit\u00e0 superiore<\/span><\/li>\n<li><span style=\"font-weight: 400;\">Punte in rilievo<\/span><\/li>\n<li><span style=\"font-weight: 400;\">Imballaggio sigillato e stupefacente  <\/span><\/li>\n<li><span style=\"font-weight: 400;\">Splendida stampa cemento su lacci piatti  <\/span><\/li>\n<li><span style=\"font-weight: 400;\">Supera le altre marche<\/span><\/li>\n<li><span style=\"font-weight: 400;\">Sono disponibili diverse lunghezze  <\/span><\/li>\n<\/ul>\n","protected":false},"featured_media":69715,"comment_status":"open","ping_status":"closed","template":"","meta":{"_acf_changed":false},"product_brand":[],"product_cat":[1050,1139,1130,1344,1138,924],"product_tag":[979,939,943,938,941,978,977,940],"woo-feed-brand":[],"class_list":{"0":"post-69705","1":"product","2":"type-product","3":"status-publish","4":"has-post-thumbnail","6":"product_cat-dai-un-tocco-di-stile-alle-tue-scarpe-con-i-lacci-di-cemento","7":"product_cat-eleva-la-tua-esperienza-hoka-non-solo-lacci-ma-anche-dichiarazioni-in-tonalita-neutre","8":"product_cat-lacci-da-basket-che-si-fanno-notare-per-un-look-elegante-e-una-vestibilita-aderente-dentro-e-fuori-dal-campo","9":"product_cat-lacci-di-ricambio-deluxe-per-scarpe-da-ginnastica-scarpe-da-ginnastica-stivali-e-altro-ancora","10":"product_cat-sostituzione-dei-lacci-supreme-che-ti-lascera-senza-parole","11":"product_cat-tutti-i-lacci-delle-scarpe","12":"product_tag-cerato","13":"product_tag-lacci-delle-scarpe","14":"product_tag-lacci-per-scarpe-con-punta-doro","15":"product_tag-loop-king-it","16":"product_tag-nero","17":"product_tag-piatto","18":"product_tag-piatto-cerato","19":"product_tag-punta-di-metallo","21":"first","22":"instock","23":"taxable","24":"shipping-taxable","25":"purchasable","26":"product-type-variable"},"acf":[],"yoast_head":"<!-- This site is optimized with the Yoast SEO plugin v27.4 - https:\/\/yoast.com\/product\/yoast-seo-wordpress\/ -->\n<title>Lacci di cemento rossi e neri con punte di plastica rosse<\/title>\n<meta name=\"description\" content=\"Trasforma le tue scarpe con un&#039;immediata spinta di stile! I nostri lacci in cemento rosso nero con punte in plastica rossa promettono di aumentare il fascino delle tue sneakers.\" \/>\n<meta name=\"robots\" content=\"index, follow, max-snippet:-1, max-image-preview:large, max-video-preview:-1\" \/>\n<link rel=\"canonical\" href=\"https:\/\/www.loopkinglaces.com\/it\/products\/lacci-di-cemento-rossi-e-neri-con-punte-di-plastica-rosse\/\" \/>\n<meta property=\"og:locale\" content=\"it_IT\" \/>\n<meta property=\"og:type\" content=\"article\" \/>\n<meta property=\"og:title\" content=\"Lacci di cemento rossi e neri con punte di plastica rosse\" \/>\n<meta property=\"og:description\" content=\"Trasforma le tue scarpe con un&#039;immediata spinta di stile! I nostri lacci in cemento rosso nero con punte in plastica rossa promettono di aumentare il fascino delle tue sneakers.\" \/>\n<meta property=\"og:url\" content=\"https:\/\/www.loopkinglaces.com\/it\/products\/lacci-di-cemento-rossi-e-neri-con-punte-di-plastica-rosse\/\" \/>\n<meta property=\"og:site_name\" content=\"Luxury Gold Tip Shoelaces by Loop King Laces\" \/>\n<meta property=\"article:publisher\" content=\"https:\/\/www.facebook.com\/LoopKingLaces\/\" \/>\n<meta property=\"og:image\" content=\"https:\/\/www.loopkinglaces.com\/wp-content\/uploads\/Red-Black-Cement-with-Red-Tips-2-scaled.jpg\" \/>\n\t<meta property=\"og:image:width\" content=\"2560\" \/>\n\t<meta property=\"og:image:height\" content=\"2560\" \/>\n\t<meta property=\"og:image:type\" content=\"image\/jpeg\" \/>\n<meta name=\"twitter:card\" content=\"summary_large_image\" \/>\n<meta name=\"twitter:site\" content=\"@loopkinglaces\" \/>\n<script type=\"application\/ld+json\" class=\"yoast-schema-graph\">{\"@context\":\"https:\\\/\\\/schema.org\",\"@graph\":[{\"@type\":[\"WebPage\",\"ItemPage\"],\"@id\":\"https:\\\/\\\/www.loopkinglaces.com\\\/it\\\/products\\\/lacci-di-cemento-rossi-e-neri-con-punte-di-plastica-rosse\\\/\",\"url\":\"https:\\\/\\\/www.loopkinglaces.com\\\/it\\\/products\\\/lacci-di-cemento-rossi-e-neri-con-punte-di-plastica-rosse\\\/\",\"name\":\"Lacci di cemento rossi e neri con punte di plastica rosse\",\"isPartOf\":{\"@id\":\"https:\\\/\\\/www.loopkinglaces.com\\\/it\\\/#website\"},\"primaryImageOfPage\":{\"@id\":\"https:\\\/\\\/www.loopkinglaces.com\\\/it\\\/products\\\/lacci-di-cemento-rossi-e-neri-con-punte-di-plastica-rosse\\\/#primaryimage\"},\"image\":{\"@id\":\"https:\\\/\\\/www.loopkinglaces.com\\\/it\\\/products\\\/lacci-di-cemento-rossi-e-neri-con-punte-di-plastica-rosse\\\/#primaryimage\"},\"thumbnailUrl\":\"https:\\\/\\\/www.loopkinglaces.com\\\/wp-content\\\/uploads\\\/Red-Black-Cement-with-Red-Tips-2-scaled.jpg\",\"datePublished\":\"2023-11-01T17:53:06+00:00\",\"description\":\"Trasforma le tue scarpe con un'immediata spinta di stile! I nostri lacci in cemento rosso nero con punte in plastica rossa promettono di aumentare il fascino delle tue sneakers.\",\"breadcrumb\":{\"@id\":\"https:\\\/\\\/www.loopkinglaces.com\\\/it\\\/products\\\/lacci-di-cemento-rossi-e-neri-con-punte-di-plastica-rosse\\\/#breadcrumb\"},\"inLanguage\":\"it-IT\",\"potentialAction\":[{\"@type\":\"ReadAction\",\"target\":[\"https:\\\/\\\/www.loopkinglaces.com\\\/it\\\/products\\\/lacci-di-cemento-rossi-e-neri-con-punte-di-plastica-rosse\\\/\"]}]},{\"@type\":\"ImageObject\",\"inLanguage\":\"it-IT\",\"@id\":\"https:\\\/\\\/www.loopkinglaces.com\\\/it\\\/products\\\/lacci-di-cemento-rossi-e-neri-con-punte-di-plastica-rosse\\\/#primaryimage\",\"url\":\"https:\\\/\\\/www.loopkinglaces.com\\\/wp-content\\\/uploads\\\/Red-Black-Cement-with-Red-Tips-2-scaled.jpg\",\"contentUrl\":\"https:\\\/\\\/www.loopkinglaces.com\\\/wp-content\\\/uploads\\\/Red-Black-Cement-with-Red-Tips-2-scaled.jpg\",\"width\":2560,\"height\":2560},{\"@type\":\"BreadcrumbList\",\"@id\":\"https:\\\/\\\/www.loopkinglaces.com\\\/it\\\/products\\\/lacci-di-cemento-rossi-e-neri-con-punte-di-plastica-rosse\\\/#breadcrumb\",\"itemListElement\":[{\"@type\":\"ListItem\",\"position\":1,\"name\":\"Home\",\"item\":\"https:\\\/\\\/www.loopkinglaces.com\\\/it\\\/\"},{\"@type\":\"ListItem\",\"position\":2,\"name\":\"ACQUISTA LACES\",\"item\":\"https:\\\/\\\/www.loopkinglaces.com\\\/it\\\/acquista-laces\\\/\"},{\"@type\":\"ListItem\",\"position\":3,\"name\":\"Lacci di cemento rossi e neri con punte di plastica rosse\"}]},{\"@type\":\"WebSite\",\"@id\":\"https:\\\/\\\/www.loopkinglaces.com\\\/it\\\/#website\",\"url\":\"https:\\\/\\\/www.loopkinglaces.com\\\/it\\\/\",\"name\":\"Luxury Gold Tip Shoelaces by Loop King Laces\",\"description\":\"Rope Laces, Flat Waxed Laces and Leather Laces. All With Gold Tips.\",\"publisher\":{\"@id\":\"https:\\\/\\\/www.loopkinglaces.com\\\/it\\\/#organization\"},\"potentialAction\":[{\"@type\":\"SearchAction\",\"target\":{\"@type\":\"EntryPoint\",\"urlTemplate\":\"https:\\\/\\\/www.loopkinglaces.com\\\/it\\\/?s={search_term_string}\"},\"query-input\":{\"@type\":\"PropertyValueSpecification\",\"valueRequired\":true,\"valueName\":\"search_term_string\"}}],\"inLanguage\":\"it-IT\"},{\"@type\":\"Organization\",\"@id\":\"https:\\\/\\\/www.loopkinglaces.com\\\/it\\\/#organization\",\"name\":\"Loop King Laces\",\"url\":\"https:\\\/\\\/www.loopkinglaces.com\\\/it\\\/\",\"logo\":{\"@type\":\"ImageObject\",\"inLanguage\":\"it-IT\",\"@id\":\"https:\\\/\\\/www.loopkinglaces.com\\\/it\\\/#\\\/schema\\\/logo\\\/image\\\/\",\"url\":\"https:\\\/\\\/www.loopkinglaces.com\\\/wp-content\\\/uploads\\\/LOOP-KING-LACES.1.1-01-LOGO-HI-RES-OFFICIAL-1.png\",\"contentUrl\":\"https:\\\/\\\/www.loopkinglaces.com\\\/wp-content\\\/uploads\\\/LOOP-KING-LACES.1.1-01-LOGO-HI-RES-OFFICIAL-1.png\",\"width\":128,\"height\":91,\"caption\":\"Loop King Laces\"},\"image\":{\"@id\":\"https:\\\/\\\/www.loopkinglaces.com\\\/it\\\/#\\\/schema\\\/logo\\\/image\\\/\"},\"sameAs\":[\"https:\\\/\\\/www.facebook.com\\\/LoopKingLaces\\\/\",\"https:\\\/\\\/x.com\\\/loopkinglaces\",\"https:\\\/\\\/www.instagram.com\\\/loopkinglaces\\\/\"]}]}<\/script>\n<!-- \/ Yoast SEO plugin. -->","yoast_head_json":{"title":"Lacci di cemento rossi e neri con punte di plastica rosse","description":"Trasforma le tue scarpe con un'immediata spinta di stile! I nostri lacci in cemento rosso nero con punte in plastica rossa promettono di aumentare il fascino delle tue sneakers.","robots":{"index":"index","follow":"follow","max-snippet":"max-snippet:-1","max-image-preview":"max-image-preview:large","max-video-preview":"max-video-preview:-1"},"canonical":"https:\/\/www.loopkinglaces.com\/it\/products\/lacci-di-cemento-rossi-e-neri-con-punte-di-plastica-rosse\/","og_locale":"it_IT","og_type":"article","og_title":"Lacci di cemento rossi e neri con punte di plastica rosse","og_description":"Trasforma le tue scarpe con un'immediata spinta di stile! I nostri lacci in cemento rosso nero con punte in plastica rossa promettono di aumentare il fascino delle tue sneakers.","og_url":"https:\/\/www.loopkinglaces.com\/it\/products\/lacci-di-cemento-rossi-e-neri-con-punte-di-plastica-rosse\/","og_site_name":"Luxury Gold Tip Shoelaces by Loop King Laces","article_publisher":"https:\/\/www.facebook.com\/LoopKingLaces\/","og_image":[{"width":2560,"height":2560,"url":"https:\/\/www.loopkinglaces.com\/wp-content\/uploads\/Red-Black-Cement-with-Red-Tips-2-scaled.jpg","type":"image\/jpeg"}],"twitter_card":"summary_large_image","twitter_site":"@loopkinglaces","schema":{"@context":"https:\/\/schema.org","@graph":[{"@type":["WebPage","ItemPage"],"@id":"https:\/\/www.loopkinglaces.com\/it\/products\/lacci-di-cemento-rossi-e-neri-con-punte-di-plastica-rosse\/","url":"https:\/\/www.loopkinglaces.com\/it\/products\/lacci-di-cemento-rossi-e-neri-con-punte-di-plastica-rosse\/","name":"Lacci di cemento rossi e neri con punte di plastica rosse","isPartOf":{"@id":"https:\/\/www.loopkinglaces.com\/it\/#website"},"primaryImageOfPage":{"@id":"https:\/\/www.loopkinglaces.com\/it\/products\/lacci-di-cemento-rossi-e-neri-con-punte-di-plastica-rosse\/#primaryimage"},"image":{"@id":"https:\/\/www.loopkinglaces.com\/it\/products\/lacci-di-cemento-rossi-e-neri-con-punte-di-plastica-rosse\/#primaryimage"},"thumbnailUrl":"https:\/\/www.loopkinglaces.com\/wp-content\/uploads\/Red-Black-Cement-with-Red-Tips-2-scaled.jpg","datePublished":"2023-11-01T17:53:06+00:00","description":"Trasforma le tue scarpe con un'immediata spinta di stile! I nostri lacci in cemento rosso nero con punte in plastica rossa promettono di aumentare il fascino delle tue sneakers.","breadcrumb":{"@id":"https:\/\/www.loopkinglaces.com\/it\/products\/lacci-di-cemento-rossi-e-neri-con-punte-di-plastica-rosse\/#breadcrumb"},"inLanguage":"it-IT","potentialAction":[{"@type":"ReadAction","target":["https:\/\/www.loopkinglaces.com\/it\/products\/lacci-di-cemento-rossi-e-neri-con-punte-di-plastica-rosse\/"]}]},{"@type":"ImageObject","inLanguage":"it-IT","@id":"https:\/\/www.loopkinglaces.com\/it\/products\/lacci-di-cemento-rossi-e-neri-con-punte-di-plastica-rosse\/#primaryimage","url":"https:\/\/www.loopkinglaces.com\/wp-content\/uploads\/Red-Black-Cement-with-Red-Tips-2-scaled.jpg","contentUrl":"https:\/\/www.loopkinglaces.com\/wp-content\/uploads\/Red-Black-Cement-with-Red-Tips-2-scaled.jpg","width":2560,"height":2560},{"@type":"BreadcrumbList","@id":"https:\/\/www.loopkinglaces.com\/it\/products\/lacci-di-cemento-rossi-e-neri-con-punte-di-plastica-rosse\/#breadcrumb","itemListElement":[{"@type":"ListItem","position":1,"name":"Home","item":"https:\/\/www.loopkinglaces.com\/it\/"},{"@type":"ListItem","position":2,"name":"ACQUISTA LACES","item":"https:\/\/www.loopkinglaces.com\/it\/acquista-laces\/"},{"@type":"ListItem","position":3,"name":"Lacci di cemento rossi e neri con punte di plastica rosse"}]},{"@type":"WebSite","@id":"https:\/\/www.loopkinglaces.com\/it\/#website","url":"https:\/\/www.loopkinglaces.com\/it\/","name":"Luxury Gold Tip Shoelaces by Loop King Laces","description":"Rope Laces, Flat Waxed Laces and Leather Laces. All With Gold Tips.","publisher":{"@id":"https:\/\/www.loopkinglaces.com\/it\/#organization"},"potentialAction":[{"@type":"SearchAction","target":{"@type":"EntryPoint","urlTemplate":"https:\/\/www.loopkinglaces.com\/it\/?s={search_term_string}"},"query-input":{"@type":"PropertyValueSpecification","valueRequired":true,"valueName":"search_term_string"}}],"inLanguage":"it-IT"},{"@type":"Organization","@id":"https:\/\/www.loopkinglaces.com\/it\/#organization","name":"Loop King Laces","url":"https:\/\/www.loopkinglaces.com\/it\/","logo":{"@type":"ImageObject","inLanguage":"it-IT","@id":"https:\/\/www.loopkinglaces.com\/it\/#\/schema\/logo\/image\/","url":"https:\/\/www.loopkinglaces.com\/wp-content\/uploads\/LOOP-KING-LACES.1.1-01-LOGO-HI-RES-OFFICIAL-1.png","contentUrl":"https:\/\/www.loopkinglaces.com\/wp-content\/uploads\/LOOP-KING-LACES.1.1-01-LOGO-HI-RES-OFFICIAL-1.png","width":128,"height":91,"caption":"Loop King Laces"},"image":{"@id":"https:\/\/www.loopkinglaces.com\/it\/#\/schema\/logo\/image\/"},"sameAs":["https:\/\/www.facebook.com\/LoopKingLaces\/","https:\/\/x.com\/loopkinglaces","https:\/\/www.instagram.com\/loopkinglaces\/"]}]}},"_links":{"self":[{"href":"https:\/\/www.loopkinglaces.com\/it\/wp-json\/wp\/v2\/product\/69705","targetHints":{"allow":["GET"]}}],"collection":[{"href":"https:\/\/www.loopkinglaces.com\/it\/wp-json\/wp\/v2\/product"}],"about":[{"href":"https:\/\/www.loopkinglaces.com\/it\/wp-json\/wp\/v2\/types\/product"}],"replies":[{"embeddable":true,"href":"https:\/\/www.loopkinglaces.com\/it\/wp-json\/wp\/v2\/comments?post=69705"}],"wp:featuredmedia":[{"embeddable":true,"href":"https:\/\/www.loopkinglaces.com\/it\/wp-json\/wp\/v2\/media\/69715"}],"wp:attachment":[{"href":"https:\/\/www.loopkinglaces.com\/it\/wp-json\/wp\/v2\/media?parent=69705"}],"wp:term":[{"taxonomy":"product_brand","embeddable":true,"href":"https:\/\/www.loopkinglaces.com\/it\/wp-json\/wp\/v2\/product_brand?post=69705"},{"taxonomy":"product_cat","embeddable":true,"href":"https:\/\/www.loopkinglaces.com\/it\/wp-json\/wp\/v2\/product_cat?post=69705"},{"taxonomy":"product_tag","embeddable":true,"href":"https:\/\/www.loopkinglaces.com\/it\/wp-json\/wp\/v2\/product_tag?post=69705"},{"taxonomy":"woo-feed-brand","embeddable":true,"href":"https:\/\/www.loopkinglaces.com\/it\/wp-json\/wp\/v2\/woo-feed-brand?post=69705"}],"curies":[{"name":"wp","href":"https:\/\/api.w.org\/{rel}","templated":true}]}}