{"id":69536,"date":"2023-11-01T17:01:59","date_gmt":"2023-11-01T17:01:59","guid":{"rendered":"https:\/\/www.loopkinglaces.com\/products\/lacci-per-scarpe-in-corda-di-strass-champagne-con-inserti-dorati\/"},"modified":"2023-11-01T17:01:59","modified_gmt":"2023-11-01T17:01:59","slug":"lacci-per-scarpe-in-corda-di-strass-champagne-con-inserti-dorati","status":"publish","type":"product","link":"https:\/\/www.loopkinglaces.com\/it\/products\/lacci-per-scarpe-in-corda-di-strass-champagne-con-inserti-dorati\/","title":{"rendered":"Lacci per scarpe in corda di strass champagne con inserti dorati"},"content":{"rendered":"<h3><a href=\"https:\/\/www.loopkinglaces.com\/\">Lacci per scarpe da ginnastica di lusso<\/a><\/h3>\n<p>  Abbellisci le tue scarpe con lo splendore dei nostri lacci per scarpe in corda con strass champagne e aghetti d&#8217;oro, ogni laccio \u00e8 impreziosito da aghetti d&#8217;oro in rilievo.<br \/>\nL&#8217;artigianalit\u00e0 \u00e8 fondamentale nei nostri lacci di lusso, realizzati con i migliori materiali e impreziositi da punte metalliche di qualit\u00e0 superiore.<br \/>\nLa robustezza dei nostri lacci di corda \u00e8 impareggiabile e offre una longevit\u00e0 tre volte superiore a quella dei lacci tipici delle scarpe.<br \/>\nI nostri lacci si adattano a tutti i tipi di scarpe da ginnastica e a tutte le marche, tra cui Adidas, Nike, VANS e cos\u00ec via; visita la nostra <a href=\"\/shoelace-size-chart\/\">Guida alle taglie<\/a> dove potrai trovare la misura perfetta per le tue scarpe.   <\/p>\n","protected":false},"excerpt":{"rendered":"<p>Trasforma le tue scarpe con i nostri squisiti lacci per scarpe in corda con strass champagne e aghetti d&#8217;oro, impreziositi da aghetti d&#8217;oro in rilievo.<br \/>\nLa costruzione dei nostri lacci di lusso non \u00e8 seconda a nessuno: incorporano materiali di alta qualit\u00e0 e le punte metalliche pi\u00f9 raffinate per una finitura eccezionale.<br \/>\nI nostri lacci di corda resistenti sono stati creati per essere tre volte pi\u00f9 duraturi dei normali lacci per scarpe.<br \/>\nScopri le caratteristiche complete elencate di seguito:     <\/p>\n<ul>\n<li style=\"font-weight: 400;\" aria-level=\"1\"><span style=\"font-weight: 400;\">Corda Premium<\/span><\/li>\n<li style=\"font-weight: 400;\" aria-level=\"1\"><span style=\"font-weight: 400;\">Dura 3 volte di pi\u00f9 rispetto ai lacci normali<\/span><\/li>\n<li style=\"font-weight: 400;\" aria-level=\"1\"><span style=\"font-weight: 400;\">Loop King Golden Aglet<\/span><\/li>\n<li style=\"font-weight: 400;\" aria-level=\"1\"><span style=\"font-weight: 400;\">Bellissima confezione<\/span><\/li>\n<\/ul>\n","protected":false},"featured_media":69548,"comment_status":"open","ping_status":"closed","template":"","meta":{"_acf_changed":false},"product_brand":[],"product_cat":[1634,1614,1039,1343,1156,1559,1602,1110,1075,1123,924],"product_tag":[],"woo-feed-brand":[],"class_list":{"0":"post-69536","1":"product","2":"type-product","3":"status-publish","4":"has-post-thumbnail","6":"product_cat-come-allacciare-le-air-max-97-guida-alle-taglie-e-opzioni-per-i-lacci","7":"product_cat-i-lacci-per-scarpe-footjoy-di-livello-elite-che-migliorano-il-tuo-gioco","8":"product_cat-lacci-adidas-per-ultraboost-lacci-superiori","9":"product_cat-lacci-colorati-alla-moda-per-scarpe-da-ginnastica","10":"product_cat-lacci-da-80-pollici-il-segreto-per-passi-da-brivido","11":"product_cat-lacci-kandi-lultimo-bagliore-di-stile","12":"product_cat-lacci-nike-fly-knit","13":"product_cat-lacci-per-scarpe-con-punta-doro","14":"product_cat-lacci-per-scarpe-con-strass-di-lusso-che-aggiungeranno-un-sacco-di-fascino-alle-tue-calzature","15":"product_cat-opzioni-di-sostituzione-del-pizzo-di-qualita-superiore-che-sembrano-fantastiche-e-durano-nel-tempo","16":"product_cat-tutti-i-lacci-delle-scarpe","18":"first","19":"instock","20":"taxable","21":"shipping-taxable","22":"purchasable","23":"product-type-variable"},"acf":[],"yoast_head":"<!-- This site is optimized with the Yoast SEO plugin v27.4 - https:\/\/yoast.com\/product\/yoast-seo-wordpress\/ -->\n<title>Lacci per scarpe in corda di strass champagne con inserti dorati<\/title>\n<meta name=\"description\" content=\"Scopri l&#039;epitome del lusso dei lacci per scarpe con i nostri lacci per scarpe in corda con strass champagne e aghetti dorati, ognuno dei quali \u00e8 impreziosito da un&#039;impressionante punta dorata. Acquista ora!\" \/>\n<meta name=\"robots\" content=\"index, follow, max-snippet:-1, max-image-preview:large, max-video-preview:-1\" \/>\n<link rel=\"canonical\" href=\"https:\/\/www.loopkinglaces.com\/it\/products\/lacci-per-scarpe-in-corda-di-strass-champagne-con-inserti-dorati\/\" \/>\n<meta property=\"og:locale\" content=\"it_IT\" \/>\n<meta property=\"og:type\" content=\"article\" \/>\n<meta property=\"og:title\" content=\"Lacci per scarpe in corda di strass champagne con inserti dorati\" \/>\n<meta property=\"og:description\" content=\"Scopri l&#039;epitome del lusso dei lacci per scarpe con i nostri lacci per scarpe in corda con strass champagne e aghetti dorati, ognuno dei quali \u00e8 impreziosito da un&#039;impressionante punta dorata. Acquista ora!\" \/>\n<meta property=\"og:url\" content=\"https:\/\/www.loopkinglaces.com\/it\/products\/lacci-per-scarpe-in-corda-di-strass-champagne-con-inserti-dorati\/\" \/>\n<meta property=\"og:site_name\" content=\"Luxury Gold Tip Shoelaces by Loop King Laces\" \/>\n<meta property=\"article:publisher\" content=\"https:\/\/www.facebook.com\/LoopKingLaces\/\" \/>\n<meta property=\"og:image\" content=\"https:\/\/www.loopkinglaces.com\/wp-content\/uploads\/RODIACH-scaled.jpg\" \/>\n\t<meta property=\"og:image:width\" content=\"2560\" \/>\n\t<meta property=\"og:image:height\" content=\"2560\" \/>\n\t<meta property=\"og:image:type\" content=\"image\/jpeg\" \/>\n<meta name=\"twitter:card\" content=\"summary_large_image\" \/>\n<meta name=\"twitter:site\" content=\"@loopkinglaces\" \/>\n<meta name=\"twitter:label1\" content=\"Tempo di lettura stimato\" \/>\n\t<meta name=\"twitter:data1\" content=\"1 minuto\" \/>\n<script type=\"application\/ld+json\" class=\"yoast-schema-graph\">{\"@context\":\"https:\\\/\\\/schema.org\",\"@graph\":[{\"@type\":[\"WebPage\",\"ItemPage\"],\"@id\":\"https:\\\/\\\/www.loopkinglaces.com\\\/it\\\/products\\\/lacci-per-scarpe-in-corda-di-strass-champagne-con-inserti-dorati\\\/\",\"url\":\"https:\\\/\\\/www.loopkinglaces.com\\\/it\\\/products\\\/lacci-per-scarpe-in-corda-di-strass-champagne-con-inserti-dorati\\\/\",\"name\":\"Lacci per scarpe in corda di strass champagne con inserti dorati\",\"isPartOf\":{\"@id\":\"https:\\\/\\\/www.loopkinglaces.com\\\/it\\\/#website\"},\"primaryImageOfPage\":{\"@id\":\"https:\\\/\\\/www.loopkinglaces.com\\\/it\\\/products\\\/lacci-per-scarpe-in-corda-di-strass-champagne-con-inserti-dorati\\\/#primaryimage\"},\"image\":{\"@id\":\"https:\\\/\\\/www.loopkinglaces.com\\\/it\\\/products\\\/lacci-per-scarpe-in-corda-di-strass-champagne-con-inserti-dorati\\\/#primaryimage\"},\"thumbnailUrl\":\"https:\\\/\\\/www.loopkinglaces.com\\\/wp-content\\\/uploads\\\/RODIACH-scaled.jpg\",\"datePublished\":\"2023-11-01T17:01:59+00:00\",\"description\":\"Scopri l'epitome del lusso dei lacci per scarpe con i nostri lacci per scarpe in corda con strass champagne e aghetti dorati, ognuno dei quali \u00e8 impreziosito da un'impressionante punta dorata. Acquista ora!\",\"breadcrumb\":{\"@id\":\"https:\\\/\\\/www.loopkinglaces.com\\\/it\\\/products\\\/lacci-per-scarpe-in-corda-di-strass-champagne-con-inserti-dorati\\\/#breadcrumb\"},\"inLanguage\":\"it-IT\",\"potentialAction\":[{\"@type\":\"ReadAction\",\"target\":[\"https:\\\/\\\/www.loopkinglaces.com\\\/it\\\/products\\\/lacci-per-scarpe-in-corda-di-strass-champagne-con-inserti-dorati\\\/\"]}]},{\"@type\":\"ImageObject\",\"inLanguage\":\"it-IT\",\"@id\":\"https:\\\/\\\/www.loopkinglaces.com\\\/it\\\/products\\\/lacci-per-scarpe-in-corda-di-strass-champagne-con-inserti-dorati\\\/#primaryimage\",\"url\":\"https:\\\/\\\/www.loopkinglaces.com\\\/wp-content\\\/uploads\\\/RODIACH-scaled.jpg\",\"contentUrl\":\"https:\\\/\\\/www.loopkinglaces.com\\\/wp-content\\\/uploads\\\/RODIACH-scaled.jpg\",\"width\":2560,\"height\":2560},{\"@type\":\"BreadcrumbList\",\"@id\":\"https:\\\/\\\/www.loopkinglaces.com\\\/it\\\/products\\\/lacci-per-scarpe-in-corda-di-strass-champagne-con-inserti-dorati\\\/#breadcrumb\",\"itemListElement\":[{\"@type\":\"ListItem\",\"position\":1,\"name\":\"Home\",\"item\":\"https:\\\/\\\/www.loopkinglaces.com\\\/it\\\/\"},{\"@type\":\"ListItem\",\"position\":2,\"name\":\"ACQUISTA LACES\",\"item\":\"https:\\\/\\\/www.loopkinglaces.com\\\/it\\\/acquista-laces\\\/\"},{\"@type\":\"ListItem\",\"position\":3,\"name\":\"Lacci per scarpe in corda di strass champagne con inserti dorati\"}]},{\"@type\":\"WebSite\",\"@id\":\"https:\\\/\\\/www.loopkinglaces.com\\\/it\\\/#website\",\"url\":\"https:\\\/\\\/www.loopkinglaces.com\\\/it\\\/\",\"name\":\"Luxury Gold Tip Shoelaces by Loop King Laces\",\"description\":\"Rope Laces, Flat Waxed Laces and Leather Laces. All With Gold Tips.\",\"publisher\":{\"@id\":\"https:\\\/\\\/www.loopkinglaces.com\\\/it\\\/#organization\"},\"potentialAction\":[{\"@type\":\"SearchAction\",\"target\":{\"@type\":\"EntryPoint\",\"urlTemplate\":\"https:\\\/\\\/www.loopkinglaces.com\\\/it\\\/?s={search_term_string}\"},\"query-input\":{\"@type\":\"PropertyValueSpecification\",\"valueRequired\":true,\"valueName\":\"search_term_string\"}}],\"inLanguage\":\"it-IT\"},{\"@type\":\"Organization\",\"@id\":\"https:\\\/\\\/www.loopkinglaces.com\\\/it\\\/#organization\",\"name\":\"Loop King Laces\",\"url\":\"https:\\\/\\\/www.loopkinglaces.com\\\/it\\\/\",\"logo\":{\"@type\":\"ImageObject\",\"inLanguage\":\"it-IT\",\"@id\":\"https:\\\/\\\/www.loopkinglaces.com\\\/it\\\/#\\\/schema\\\/logo\\\/image\\\/\",\"url\":\"https:\\\/\\\/www.loopkinglaces.com\\\/wp-content\\\/uploads\\\/LOOP-KING-LACES.1.1-01-LOGO-HI-RES-OFFICIAL-1.png\",\"contentUrl\":\"https:\\\/\\\/www.loopkinglaces.com\\\/wp-content\\\/uploads\\\/LOOP-KING-LACES.1.1-01-LOGO-HI-RES-OFFICIAL-1.png\",\"width\":128,\"height\":91,\"caption\":\"Loop King Laces\"},\"image\":{\"@id\":\"https:\\\/\\\/www.loopkinglaces.com\\\/it\\\/#\\\/schema\\\/logo\\\/image\\\/\"},\"sameAs\":[\"https:\\\/\\\/www.facebook.com\\\/LoopKingLaces\\\/\",\"https:\\\/\\\/x.com\\\/loopkinglaces\",\"https:\\\/\\\/www.instagram.com\\\/loopkinglaces\\\/\"]}]}<\/script>\n<!-- \/ Yoast SEO plugin. -->","yoast_head_json":{"title":"Lacci per scarpe in corda di strass champagne con inserti dorati","description":"Scopri l'epitome del lusso dei lacci per scarpe con i nostri lacci per scarpe in corda con strass champagne e aghetti dorati, ognuno dei quali \u00e8 impreziosito da un'impressionante punta dorata. Acquista ora!","robots":{"index":"index","follow":"follow","max-snippet":"max-snippet:-1","max-image-preview":"max-image-preview:large","max-video-preview":"max-video-preview:-1"},"canonical":"https:\/\/www.loopkinglaces.com\/it\/products\/lacci-per-scarpe-in-corda-di-strass-champagne-con-inserti-dorati\/","og_locale":"it_IT","og_type":"article","og_title":"Lacci per scarpe in corda di strass champagne con inserti dorati","og_description":"Scopri l'epitome del lusso dei lacci per scarpe con i nostri lacci per scarpe in corda con strass champagne e aghetti dorati, ognuno dei quali \u00e8 impreziosito da un'impressionante punta dorata. Acquista ora!","og_url":"https:\/\/www.loopkinglaces.com\/it\/products\/lacci-per-scarpe-in-corda-di-strass-champagne-con-inserti-dorati\/","og_site_name":"Luxury Gold Tip Shoelaces by Loop King Laces","article_publisher":"https:\/\/www.facebook.com\/LoopKingLaces\/","og_image":[{"width":2560,"height":2560,"url":"https:\/\/www.loopkinglaces.com\/wp-content\/uploads\/RODIACH-scaled.jpg","type":"image\/jpeg"}],"twitter_card":"summary_large_image","twitter_site":"@loopkinglaces","twitter_misc":{"Tempo di lettura stimato":"1 minuto"},"schema":{"@context":"https:\/\/schema.org","@graph":[{"@type":["WebPage","ItemPage"],"@id":"https:\/\/www.loopkinglaces.com\/it\/products\/lacci-per-scarpe-in-corda-di-strass-champagne-con-inserti-dorati\/","url":"https:\/\/www.loopkinglaces.com\/it\/products\/lacci-per-scarpe-in-corda-di-strass-champagne-con-inserti-dorati\/","name":"Lacci per scarpe in corda di strass champagne con inserti dorati","isPartOf":{"@id":"https:\/\/www.loopkinglaces.com\/it\/#website"},"primaryImageOfPage":{"@id":"https:\/\/www.loopkinglaces.com\/it\/products\/lacci-per-scarpe-in-corda-di-strass-champagne-con-inserti-dorati\/#primaryimage"},"image":{"@id":"https:\/\/www.loopkinglaces.com\/it\/products\/lacci-per-scarpe-in-corda-di-strass-champagne-con-inserti-dorati\/#primaryimage"},"thumbnailUrl":"https:\/\/www.loopkinglaces.com\/wp-content\/uploads\/RODIACH-scaled.jpg","datePublished":"2023-11-01T17:01:59+00:00","description":"Scopri l'epitome del lusso dei lacci per scarpe con i nostri lacci per scarpe in corda con strass champagne e aghetti dorati, ognuno dei quali \u00e8 impreziosito da un'impressionante punta dorata. Acquista ora!","breadcrumb":{"@id":"https:\/\/www.loopkinglaces.com\/it\/products\/lacci-per-scarpe-in-corda-di-strass-champagne-con-inserti-dorati\/#breadcrumb"},"inLanguage":"it-IT","potentialAction":[{"@type":"ReadAction","target":["https:\/\/www.loopkinglaces.com\/it\/products\/lacci-per-scarpe-in-corda-di-strass-champagne-con-inserti-dorati\/"]}]},{"@type":"ImageObject","inLanguage":"it-IT","@id":"https:\/\/www.loopkinglaces.com\/it\/products\/lacci-per-scarpe-in-corda-di-strass-champagne-con-inserti-dorati\/#primaryimage","url":"https:\/\/www.loopkinglaces.com\/wp-content\/uploads\/RODIACH-scaled.jpg","contentUrl":"https:\/\/www.loopkinglaces.com\/wp-content\/uploads\/RODIACH-scaled.jpg","width":2560,"height":2560},{"@type":"BreadcrumbList","@id":"https:\/\/www.loopkinglaces.com\/it\/products\/lacci-per-scarpe-in-corda-di-strass-champagne-con-inserti-dorati\/#breadcrumb","itemListElement":[{"@type":"ListItem","position":1,"name":"Home","item":"https:\/\/www.loopkinglaces.com\/it\/"},{"@type":"ListItem","position":2,"name":"ACQUISTA LACES","item":"https:\/\/www.loopkinglaces.com\/it\/acquista-laces\/"},{"@type":"ListItem","position":3,"name":"Lacci per scarpe in corda di strass champagne con inserti dorati"}]},{"@type":"WebSite","@id":"https:\/\/www.loopkinglaces.com\/it\/#website","url":"https:\/\/www.loopkinglaces.com\/it\/","name":"Luxury Gold Tip Shoelaces by Loop King Laces","description":"Rope Laces, Flat Waxed Laces and Leather Laces. All With Gold Tips.","publisher":{"@id":"https:\/\/www.loopkinglaces.com\/it\/#organization"},"potentialAction":[{"@type":"SearchAction","target":{"@type":"EntryPoint","urlTemplate":"https:\/\/www.loopkinglaces.com\/it\/?s={search_term_string}"},"query-input":{"@type":"PropertyValueSpecification","valueRequired":true,"valueName":"search_term_string"}}],"inLanguage":"it-IT"},{"@type":"Organization","@id":"https:\/\/www.loopkinglaces.com\/it\/#organization","name":"Loop King Laces","url":"https:\/\/www.loopkinglaces.com\/it\/","logo":{"@type":"ImageObject","inLanguage":"it-IT","@id":"https:\/\/www.loopkinglaces.com\/it\/#\/schema\/logo\/image\/","url":"https:\/\/www.loopkinglaces.com\/wp-content\/uploads\/LOOP-KING-LACES.1.1-01-LOGO-HI-RES-OFFICIAL-1.png","contentUrl":"https:\/\/www.loopkinglaces.com\/wp-content\/uploads\/LOOP-KING-LACES.1.1-01-LOGO-HI-RES-OFFICIAL-1.png","width":128,"height":91,"caption":"Loop King Laces"},"image":{"@id":"https:\/\/www.loopkinglaces.com\/it\/#\/schema\/logo\/image\/"},"sameAs":["https:\/\/www.facebook.com\/LoopKingLaces\/","https:\/\/x.com\/loopkinglaces","https:\/\/www.instagram.com\/loopkinglaces\/"]}]}},"_links":{"self":[{"href":"https:\/\/www.loopkinglaces.com\/it\/wp-json\/wp\/v2\/product\/69536","targetHints":{"allow":["GET"]}}],"collection":[{"href":"https:\/\/www.loopkinglaces.com\/it\/wp-json\/wp\/v2\/product"}],"about":[{"href":"https:\/\/www.loopkinglaces.com\/it\/wp-json\/wp\/v2\/types\/product"}],"replies":[{"embeddable":true,"href":"https:\/\/www.loopkinglaces.com\/it\/wp-json\/wp\/v2\/comments?post=69536"}],"wp:featuredmedia":[{"embeddable":true,"href":"https:\/\/www.loopkinglaces.com\/it\/wp-json\/wp\/v2\/media\/69548"}],"wp:attachment":[{"href":"https:\/\/www.loopkinglaces.com\/it\/wp-json\/wp\/v2\/media?parent=69536"}],"wp:term":[{"taxonomy":"product_brand","embeddable":true,"href":"https:\/\/www.loopkinglaces.com\/it\/wp-json\/wp\/v2\/product_brand?post=69536"},{"taxonomy":"product_cat","embeddable":true,"href":"https:\/\/www.loopkinglaces.com\/it\/wp-json\/wp\/v2\/product_cat?post=69536"},{"taxonomy":"product_tag","embeddable":true,"href":"https:\/\/www.loopkinglaces.com\/it\/wp-json\/wp\/v2\/product_tag?post=69536"},{"taxonomy":"woo-feed-brand","embeddable":true,"href":"https:\/\/www.loopkinglaces.com\/it\/wp-json\/wp\/v2\/woo-feed-brand?post=69536"}],"curies":[{"name":"wp","href":"https:\/\/api.w.org\/{rel}","templated":true}]}}