{"id":69105,"date":"2023-08-03T17:54:21","date_gmt":"2023-08-03T17:54:21","guid":{"rendered":"https:\/\/www.loopkinglaces.com\/products\/lacci-di-cotone-piatti-moka-con-punte-di-plastica-trasparenti\/"},"modified":"2023-08-03T17:54:21","modified_gmt":"2023-08-03T17:54:21","slug":"lacci-di-cotone-piatti-moka-con-punte-di-plastica-trasparenti","status":"publish","type":"product","link":"https:\/\/www.loopkinglaces.com\/it\/products\/lacci-di-cotone-piatti-moka-con-punte-di-plastica-trasparenti\/","title":{"rendered":"Lacci di cotone piatti moka con punte di plastica trasparenti"},"content":{"rendered":"<p>Abbraccia il futuro delle calzature con i nostri lacci piatti in cotone all&#8217;avanguardia!<br \/>\nDotati di eleganti punte in plastica e realizzati in cotone vellutato di alta qualit\u00e0, danno un tocco naturalmente chic sia agli stivali che alle scarpe eleganti.<br \/>\nInoltre, la loro capacit\u00e0 di passare da una marca all&#8217;altra ti d\u00e0 la libert\u00e0 di correre con stile.  <\/p>\n","protected":false},"excerpt":{"rendered":"<p><strong>Lacci piatti in cotone Mocha con punte in plastica trasparente<\/strong> Dai il benvenuto al futuro della moda con i nostri innovativi lacci piatti in cotone!<br \/>\nProgettati con eleganti punte in plastica e realizzati con cura in cotone pregiato e morbido al tatto, migliorano senza sforzo il fascino di qualsiasi stivale o scarpa elegante.<br \/>\nInoltre, la loro perfetta intercambiabilit\u00e0 tra i vari marchi garantisce un passo dinamico ed elegante.<br \/>\nLe caratteristiche principali includono:     <\/p>\n<ul>\n<li style=\"font-weight: 400;\" aria-level=\"1\">Materiali di qualit\u00e0 superiore<\/li>\n<li style=\"font-weight: 400;\" aria-level=\"1\">Imballaggio sigillato e stupefacente<\/li>\n<li style=\"font-weight: 400;\" aria-level=\"1\">Sono disponibili diverse lunghezze<\/li>\n<li style=\"font-weight: 400;\" aria-level=\"1\">Adatto a tutte le principali marche (Nike, Adidas, Reebok, Converse, Vans)<\/li>\n<li style=\"font-weight: 400;\" aria-level=\"1\">Punte di plastica trasparente<\/li>\n<\/ul>\n","protected":false},"featured_media":69124,"comment_status":"open","ping_status":"closed","template":"","meta":{"_acf_changed":false},"product_brand":[],"product_cat":[1401,1135,1132,1343,929,1301,1085,1485,1341,1487,1147,924],"product_tag":[979,939,943,938,941,978,977,940],"woo-feed-brand":[],"class_list":{"0":"post-69105","1":"product","2":"type-product","3":"status-publish","4":"has-post-thumbnail","6":"product_cat-i-fenomenali-stili-di-lacci-yeezy-tra-cui-scegliere","7":"product_cat-i-lacci-di-gucci-sono-altrettanto-lussuosi-delle-tue-scarpe","8":"product_cat-i-lacci-per-scarpe-burberry-che-miglioreranno-le-tue-calzature","9":"product_cat-lacci-colorati-alla-moda-per-scarpe-da-ginnastica","10":"product_cat-lacci-da-40-pollici","11":"product_cat-lacci-di-corda-premium-qualita-eccezionale-e-premium","12":"product_cat-lacci-di-cotone-premium-che-superano-le-altre-marche-in-tutto-e-per-tutto","13":"product_cat-lacci-per-scarpe-a-nastro-un-cambiamento-nella-moda-delle-calzature","14":"product_cat-lacci-per-scarpe-cole-haan-un-trattamento-di-lusso-per-le-tue-scarpe","15":"product_cat-lacci-veja-quando-sono-le-scarpe-a-parlare","16":"product_cat-migliora-il-tuo-gioco-di-scarpe-con-i-lacci-per-scarponi-da-54-pollici","17":"product_cat-tutti-i-lacci-delle-scarpe","18":"product_tag-cerato","19":"product_tag-lacci-delle-scarpe","20":"product_tag-lacci-per-scarpe-con-punta-doro","21":"product_tag-loop-king-it","22":"product_tag-nero","23":"product_tag-piatto","24":"product_tag-piatto-cerato","25":"product_tag-punta-di-metallo","27":"first","28":"instock","29":"taxable","30":"shipping-taxable","31":"purchasable","32":"product-type-variable"},"acf":[],"yoast_head":"<!-- This site is optimized with the Yoast SEO plugin v27.4 - https:\/\/yoast.com\/product\/yoast-seo-wordpress\/ -->\n<title>Lacci di cotone piatti moka con punte di plastica trasparenti<\/title>\n<meta name=\"description\" content=\"Migliora il tuo quoziente di stile con i nostri lacci piatti in cotone, una fusione impeccabile di moda che cattura l&#039;attenzione e resistenza imbattibile.\" \/>\n<meta name=\"robots\" content=\"index, follow, max-snippet:-1, max-image-preview:large, max-video-preview:-1\" \/>\n<link rel=\"canonical\" href=\"https:\/\/www.loopkinglaces.com\/it\/products\/lacci-di-cotone-piatti-moka-con-punte-di-plastica-trasparenti\/\" \/>\n<meta property=\"og:locale\" content=\"it_IT\" \/>\n<meta property=\"og:type\" content=\"article\" \/>\n<meta property=\"og:title\" content=\"Lacci di cotone piatti moka con punte di plastica trasparenti\" \/>\n<meta property=\"og:description\" content=\"Migliora il tuo quoziente di stile con i nostri lacci piatti in cotone, una fusione impeccabile di moda che cattura l&#039;attenzione e resistenza imbattibile.\" \/>\n<meta property=\"og:url\" content=\"https:\/\/www.loopkinglaces.com\/it\/products\/lacci-di-cotone-piatti-moka-con-punte-di-plastica-trasparenti\/\" \/>\n<meta property=\"og:site_name\" content=\"Luxury Gold Tip Shoelaces by Loop King Laces\" \/>\n<meta property=\"article:publisher\" content=\"https:\/\/www.facebook.com\/LoopKingLaces\/\" \/>\n<meta property=\"og:image\" content=\"https:\/\/www.loopkinglaces.com\/wp-content\/uploads\/IMG_1075.jpg\" \/>\n\t<meta property=\"og:image:width\" content=\"800\" \/>\n\t<meta property=\"og:image:height\" content=\"800\" \/>\n\t<meta property=\"og:image:type\" content=\"image\/jpeg\" \/>\n<meta name=\"twitter:card\" content=\"summary_large_image\" \/>\n<meta name=\"twitter:site\" content=\"@loopkinglaces\" \/>\n<script type=\"application\/ld+json\" class=\"yoast-schema-graph\">{\"@context\":\"https:\\\/\\\/schema.org\",\"@graph\":[{\"@type\":[\"WebPage\",\"ItemPage\"],\"@id\":\"https:\\\/\\\/www.loopkinglaces.com\\\/it\\\/products\\\/lacci-di-cotone-piatti-moka-con-punte-di-plastica-trasparenti\\\/\",\"url\":\"https:\\\/\\\/www.loopkinglaces.com\\\/it\\\/products\\\/lacci-di-cotone-piatti-moka-con-punte-di-plastica-trasparenti\\\/\",\"name\":\"Lacci di cotone piatti moka con punte di plastica trasparenti\",\"isPartOf\":{\"@id\":\"https:\\\/\\\/www.loopkinglaces.com\\\/it\\\/#website\"},\"primaryImageOfPage\":{\"@id\":\"https:\\\/\\\/www.loopkinglaces.com\\\/it\\\/products\\\/lacci-di-cotone-piatti-moka-con-punte-di-plastica-trasparenti\\\/#primaryimage\"},\"image\":{\"@id\":\"https:\\\/\\\/www.loopkinglaces.com\\\/it\\\/products\\\/lacci-di-cotone-piatti-moka-con-punte-di-plastica-trasparenti\\\/#primaryimage\"},\"thumbnailUrl\":\"https:\\\/\\\/www.loopkinglaces.com\\\/wp-content\\\/uploads\\\/IMG_1075.jpg\",\"datePublished\":\"2023-08-03T17:54:21+00:00\",\"description\":\"Migliora il tuo quoziente di stile con i nostri lacci piatti in cotone, una fusione impeccabile di moda che cattura l'attenzione e resistenza imbattibile.\",\"breadcrumb\":{\"@id\":\"https:\\\/\\\/www.loopkinglaces.com\\\/it\\\/products\\\/lacci-di-cotone-piatti-moka-con-punte-di-plastica-trasparenti\\\/#breadcrumb\"},\"inLanguage\":\"it-IT\",\"potentialAction\":[{\"@type\":\"ReadAction\",\"target\":[\"https:\\\/\\\/www.loopkinglaces.com\\\/it\\\/products\\\/lacci-di-cotone-piatti-moka-con-punte-di-plastica-trasparenti\\\/\"]}]},{\"@type\":\"ImageObject\",\"inLanguage\":\"it-IT\",\"@id\":\"https:\\\/\\\/www.loopkinglaces.com\\\/it\\\/products\\\/lacci-di-cotone-piatti-moka-con-punte-di-plastica-trasparenti\\\/#primaryimage\",\"url\":\"https:\\\/\\\/www.loopkinglaces.com\\\/wp-content\\\/uploads\\\/IMG_1075.jpg\",\"contentUrl\":\"https:\\\/\\\/www.loopkinglaces.com\\\/wp-content\\\/uploads\\\/IMG_1075.jpg\",\"width\":800,\"height\":800},{\"@type\":\"BreadcrumbList\",\"@id\":\"https:\\\/\\\/www.loopkinglaces.com\\\/it\\\/products\\\/lacci-di-cotone-piatti-moka-con-punte-di-plastica-trasparenti\\\/#breadcrumb\",\"itemListElement\":[{\"@type\":\"ListItem\",\"position\":1,\"name\":\"Home\",\"item\":\"https:\\\/\\\/www.loopkinglaces.com\\\/it\\\/\"},{\"@type\":\"ListItem\",\"position\":2,\"name\":\"ACQUISTA LACES\",\"item\":\"https:\\\/\\\/www.loopkinglaces.com\\\/it\\\/acquista-laces\\\/\"},{\"@type\":\"ListItem\",\"position\":3,\"name\":\"Lacci di cotone piatti moka con punte di plastica trasparenti\"}]},{\"@type\":\"WebSite\",\"@id\":\"https:\\\/\\\/www.loopkinglaces.com\\\/it\\\/#website\",\"url\":\"https:\\\/\\\/www.loopkinglaces.com\\\/it\\\/\",\"name\":\"Luxury Gold Tip Shoelaces by Loop King Laces\",\"description\":\"Rope Laces, Flat Waxed Laces and Leather Laces. All With Gold Tips.\",\"publisher\":{\"@id\":\"https:\\\/\\\/www.loopkinglaces.com\\\/it\\\/#organization\"},\"potentialAction\":[{\"@type\":\"SearchAction\",\"target\":{\"@type\":\"EntryPoint\",\"urlTemplate\":\"https:\\\/\\\/www.loopkinglaces.com\\\/it\\\/?s={search_term_string}\"},\"query-input\":{\"@type\":\"PropertyValueSpecification\",\"valueRequired\":true,\"valueName\":\"search_term_string\"}}],\"inLanguage\":\"it-IT\"},{\"@type\":\"Organization\",\"@id\":\"https:\\\/\\\/www.loopkinglaces.com\\\/it\\\/#organization\",\"name\":\"Loop King Laces\",\"url\":\"https:\\\/\\\/www.loopkinglaces.com\\\/it\\\/\",\"logo\":{\"@type\":\"ImageObject\",\"inLanguage\":\"it-IT\",\"@id\":\"https:\\\/\\\/www.loopkinglaces.com\\\/it\\\/#\\\/schema\\\/logo\\\/image\\\/\",\"url\":\"https:\\\/\\\/www.loopkinglaces.com\\\/wp-content\\\/uploads\\\/LOOP-KING-LACES.1.1-01-LOGO-HI-RES-OFFICIAL-1.png\",\"contentUrl\":\"https:\\\/\\\/www.loopkinglaces.com\\\/wp-content\\\/uploads\\\/LOOP-KING-LACES.1.1-01-LOGO-HI-RES-OFFICIAL-1.png\",\"width\":128,\"height\":91,\"caption\":\"Loop King Laces\"},\"image\":{\"@id\":\"https:\\\/\\\/www.loopkinglaces.com\\\/it\\\/#\\\/schema\\\/logo\\\/image\\\/\"},\"sameAs\":[\"https:\\\/\\\/www.facebook.com\\\/LoopKingLaces\\\/\",\"https:\\\/\\\/x.com\\\/loopkinglaces\",\"https:\\\/\\\/www.instagram.com\\\/loopkinglaces\\\/\"]}]}<\/script>\n<!-- \/ Yoast SEO plugin. -->","yoast_head_json":{"title":"Lacci di cotone piatti moka con punte di plastica trasparenti","description":"Migliora il tuo quoziente di stile con i nostri lacci piatti in cotone, una fusione impeccabile di moda che cattura l'attenzione e resistenza imbattibile.","robots":{"index":"index","follow":"follow","max-snippet":"max-snippet:-1","max-image-preview":"max-image-preview:large","max-video-preview":"max-video-preview:-1"},"canonical":"https:\/\/www.loopkinglaces.com\/it\/products\/lacci-di-cotone-piatti-moka-con-punte-di-plastica-trasparenti\/","og_locale":"it_IT","og_type":"article","og_title":"Lacci di cotone piatti moka con punte di plastica trasparenti","og_description":"Migliora il tuo quoziente di stile con i nostri lacci piatti in cotone, una fusione impeccabile di moda che cattura l'attenzione e resistenza imbattibile.","og_url":"https:\/\/www.loopkinglaces.com\/it\/products\/lacci-di-cotone-piatti-moka-con-punte-di-plastica-trasparenti\/","og_site_name":"Luxury Gold Tip Shoelaces by Loop King Laces","article_publisher":"https:\/\/www.facebook.com\/LoopKingLaces\/","og_image":[{"width":800,"height":800,"url":"https:\/\/www.loopkinglaces.com\/wp-content\/uploads\/IMG_1075.jpg","type":"image\/jpeg"}],"twitter_card":"summary_large_image","twitter_site":"@loopkinglaces","schema":{"@context":"https:\/\/schema.org","@graph":[{"@type":["WebPage","ItemPage"],"@id":"https:\/\/www.loopkinglaces.com\/it\/products\/lacci-di-cotone-piatti-moka-con-punte-di-plastica-trasparenti\/","url":"https:\/\/www.loopkinglaces.com\/it\/products\/lacci-di-cotone-piatti-moka-con-punte-di-plastica-trasparenti\/","name":"Lacci di cotone piatti moka con punte di plastica trasparenti","isPartOf":{"@id":"https:\/\/www.loopkinglaces.com\/it\/#website"},"primaryImageOfPage":{"@id":"https:\/\/www.loopkinglaces.com\/it\/products\/lacci-di-cotone-piatti-moka-con-punte-di-plastica-trasparenti\/#primaryimage"},"image":{"@id":"https:\/\/www.loopkinglaces.com\/it\/products\/lacci-di-cotone-piatti-moka-con-punte-di-plastica-trasparenti\/#primaryimage"},"thumbnailUrl":"https:\/\/www.loopkinglaces.com\/wp-content\/uploads\/IMG_1075.jpg","datePublished":"2023-08-03T17:54:21+00:00","description":"Migliora il tuo quoziente di stile con i nostri lacci piatti in cotone, una fusione impeccabile di moda che cattura l'attenzione e resistenza imbattibile.","breadcrumb":{"@id":"https:\/\/www.loopkinglaces.com\/it\/products\/lacci-di-cotone-piatti-moka-con-punte-di-plastica-trasparenti\/#breadcrumb"},"inLanguage":"it-IT","potentialAction":[{"@type":"ReadAction","target":["https:\/\/www.loopkinglaces.com\/it\/products\/lacci-di-cotone-piatti-moka-con-punte-di-plastica-trasparenti\/"]}]},{"@type":"ImageObject","inLanguage":"it-IT","@id":"https:\/\/www.loopkinglaces.com\/it\/products\/lacci-di-cotone-piatti-moka-con-punte-di-plastica-trasparenti\/#primaryimage","url":"https:\/\/www.loopkinglaces.com\/wp-content\/uploads\/IMG_1075.jpg","contentUrl":"https:\/\/www.loopkinglaces.com\/wp-content\/uploads\/IMG_1075.jpg","width":800,"height":800},{"@type":"BreadcrumbList","@id":"https:\/\/www.loopkinglaces.com\/it\/products\/lacci-di-cotone-piatti-moka-con-punte-di-plastica-trasparenti\/#breadcrumb","itemListElement":[{"@type":"ListItem","position":1,"name":"Home","item":"https:\/\/www.loopkinglaces.com\/it\/"},{"@type":"ListItem","position":2,"name":"ACQUISTA LACES","item":"https:\/\/www.loopkinglaces.com\/it\/acquista-laces\/"},{"@type":"ListItem","position":3,"name":"Lacci di cotone piatti moka con punte di plastica trasparenti"}]},{"@type":"WebSite","@id":"https:\/\/www.loopkinglaces.com\/it\/#website","url":"https:\/\/www.loopkinglaces.com\/it\/","name":"Luxury Gold Tip Shoelaces by Loop King Laces","description":"Rope Laces, Flat Waxed Laces and Leather Laces. All With Gold Tips.","publisher":{"@id":"https:\/\/www.loopkinglaces.com\/it\/#organization"},"potentialAction":[{"@type":"SearchAction","target":{"@type":"EntryPoint","urlTemplate":"https:\/\/www.loopkinglaces.com\/it\/?s={search_term_string}"},"query-input":{"@type":"PropertyValueSpecification","valueRequired":true,"valueName":"search_term_string"}}],"inLanguage":"it-IT"},{"@type":"Organization","@id":"https:\/\/www.loopkinglaces.com\/it\/#organization","name":"Loop King Laces","url":"https:\/\/www.loopkinglaces.com\/it\/","logo":{"@type":"ImageObject","inLanguage":"it-IT","@id":"https:\/\/www.loopkinglaces.com\/it\/#\/schema\/logo\/image\/","url":"https:\/\/www.loopkinglaces.com\/wp-content\/uploads\/LOOP-KING-LACES.1.1-01-LOGO-HI-RES-OFFICIAL-1.png","contentUrl":"https:\/\/www.loopkinglaces.com\/wp-content\/uploads\/LOOP-KING-LACES.1.1-01-LOGO-HI-RES-OFFICIAL-1.png","width":128,"height":91,"caption":"Loop King Laces"},"image":{"@id":"https:\/\/www.loopkinglaces.com\/it\/#\/schema\/logo\/image\/"},"sameAs":["https:\/\/www.facebook.com\/LoopKingLaces\/","https:\/\/x.com\/loopkinglaces","https:\/\/www.instagram.com\/loopkinglaces\/"]}]}},"_links":{"self":[{"href":"https:\/\/www.loopkinglaces.com\/it\/wp-json\/wp\/v2\/product\/69105","targetHints":{"allow":["GET"]}}],"collection":[{"href":"https:\/\/www.loopkinglaces.com\/it\/wp-json\/wp\/v2\/product"}],"about":[{"href":"https:\/\/www.loopkinglaces.com\/it\/wp-json\/wp\/v2\/types\/product"}],"replies":[{"embeddable":true,"href":"https:\/\/www.loopkinglaces.com\/it\/wp-json\/wp\/v2\/comments?post=69105"}],"wp:featuredmedia":[{"embeddable":true,"href":"https:\/\/www.loopkinglaces.com\/it\/wp-json\/wp\/v2\/media\/69124"}],"wp:attachment":[{"href":"https:\/\/www.loopkinglaces.com\/it\/wp-json\/wp\/v2\/media?parent=69105"}],"wp:term":[{"taxonomy":"product_brand","embeddable":true,"href":"https:\/\/www.loopkinglaces.com\/it\/wp-json\/wp\/v2\/product_brand?post=69105"},{"taxonomy":"product_cat","embeddable":true,"href":"https:\/\/www.loopkinglaces.com\/it\/wp-json\/wp\/v2\/product_cat?post=69105"},{"taxonomy":"product_tag","embeddable":true,"href":"https:\/\/www.loopkinglaces.com\/it\/wp-json\/wp\/v2\/product_tag?post=69105"},{"taxonomy":"woo-feed-brand","embeddable":true,"href":"https:\/\/www.loopkinglaces.com\/it\/wp-json\/wp\/v2\/woo-feed-brand?post=69105"}],"curies":[{"name":"wp","href":"https:\/\/api.w.org\/{rel}","templated":true}]}}