{"id":68561,"date":"2023-12-07T14:48:34","date_gmt":"2023-12-07T14:48:34","guid":{"rendered":"https:\/\/www.loopkinglaces.com\/products\/lacci-di-lusso-in-pelle-marrone-con-punte-dorate\/"},"modified":"2023-12-07T14:48:34","modified_gmt":"2023-12-07T14:48:34","slug":"lacci-di-lusso-in-pelle-marrone-con-punte-dorate","status":"publish","type":"product","link":"https:\/\/www.loopkinglaces.com\/it\/products\/lacci-di-lusso-in-pelle-marrone-con-punte-dorate\/","title":{"rendered":"Lacci di lusso in pelle marrone con punte dorate"},"content":{"rendered":"<h3><a href=\"https:\/\/www.loopkinglaces.com\/\">Lacci per scarpe da ginnastica di lusso<\/a><\/h3>\n<p>  Il fascino dei lacci piatti e consistenti non pu\u00f2 essere sottovalutato: emanano un&#8217;aria di lusso.<br \/>\n\u00c8 proprio per questo che i lacci in pelle di Loop King sono realizzati con uno spessore robusto, che ne mette in evidenza l&#8217;alta qualit\u00e0.<br \/>\nLo spessore notevole non solo mette in evidenza la pelle di qualit\u00e0 superiore utilizzata, ma testimonia anche il nostro impegno costante verso l&#8217;eccellenza.<br \/>\nLa scelta di materiali di altissimo livello fa s\u00ec che questi lacci durino pi\u00f9 a lungo degli altri, spesso con un fattore di tre.<br \/>\nPer chi vuole evitare di sostituire frequentemente i lacci, i lacci in pelle di Loop King sono la scelta ideale e vantano caratteristiche fondamentali.    <\/p>\n","protected":false},"excerpt":{"rendered":"<p><strong>Lacci di lusso in pelle marrone con punte dorate<\/strong> Non si pu\u00f2 negare che lacci pi\u00f9 larghi e spessi abbiano un aspetto pi\u00f9 lussuoso e costoso.<br \/>\nLoop King lo sa bene, ed \u00e8 per questo che i nostri lacci in pelle sono progettati per essere spessi ed eleganti, esaltando la pelle di alta qualit\u00e0.<br \/>\nDiamo grande importanza alla qualit\u00e0, utilizzando solo i materiali pi\u00f9 pregiati.<br \/>\nQuesto si traduce in lacci per scarpe non solo esteticamente accattivanti ma anche incredibilmente durevoli, che spesso superano di tre volte i lacci della concorrenza.<br \/>\nScegli i lacci in pelle Loop King se cerchi una combinazione di stile e longevit\u00e0.<br \/>\nLe loro caratteristiche principali includono:       <\/p>\n<ul>\n<li>Larghezza 6 mm (piatto)<\/li>\n<li>Pelle pregiata<\/li>\n<li>Punte di aglet in oro con il nome Loop King in rilievo<\/li>\n<li>Si adatta alla maggior parte delle marche di scarpe (Nike, Adidas, Reebok, Vans, Converse, ecc.).<\/li>\n<li>Durer\u00e0 pi\u00f9 a lungo di altre marche di lacci 3x<\/li>\n<li>Bellissima confezione Loop King per pizzo<\/li>\n<\/ul>\n","protected":false},"featured_media":68589,"comment_status":"open","ping_status":"closed","template":"","meta":{"_acf_changed":false},"product_brand":[],"product_cat":[1634,1139,1490,1124,1607,1080,1143,1110,1109,1137,924],"product_tag":[1053,939,1054,938,941,940],"woo-feed-brand":[],"class_list":{"0":"post-68561","1":"product","2":"type-product","3":"status-publish","4":"has-post-thumbnail","6":"product_cat-come-allacciare-le-air-max-97-guida-alle-taglie-e-opzioni-per-i-lacci","7":"product_cat-eleva-la-tua-esperienza-hoka-non-solo-lacci-ma-anche-dichiarazioni-in-tonalita-neutre","8":"product_cat-i-lacci-di-travis-scott-lhype-lamore-e-tutto-il-resto","9":"product_cat-i-migliori-lacci-alexander-mcqueen-per-le-tue-sneakers-di-alta-gamma","10":"product_cat-i-robusti-lacci-per-stivali-thorogood-che-non-ti-deluderanno-mai","11":"product_cat-lacci-di-lusso-in-pelle","12":"product_cat-lacci-extra-lunghi-piu-che-una-tendenza-sono-uno-stile-di-vita","13":"product_cat-lacci-per-scarpe-con-punta-doro","14":"product_cat-lacci-per-scarpe-marroni-per-migliorare-il-tuo-stile","15":"product_cat-sostituzione-dei-lacci-golden-goose-per-le-tue-calzature-preferite","16":"product_cat-tutti-i-lacci-delle-scarpe","17":"product_tag-calzature","18":"product_tag-lacci-delle-scarpe","19":"product_tag-lacci-in-pelle","20":"product_tag-loop-king-it","21":"product_tag-nero","22":"product_tag-punta-di-metallo","24":"first","25":"instock","26":"taxable","27":"shipping-taxable","28":"purchasable","29":"product-type-variable"},"acf":[],"yoast_head":"<!-- This site is optimized with the Yoast SEO plugin v27.4 - https:\/\/yoast.com\/product\/yoast-seo-wordpress\/ -->\n<title>Lacci di lusso in pelle marrone con punte dorate - Da Loop King<\/title>\n<meta name=\"description\" content=\"Dai alla tua collezione di calzature un rapido aggiornamento con i nostri lacci in pelle premium. Si abbinano perfettamente alle Nike Dunks e a un&#039;ampia gamma di marchi di sneaker.\" \/>\n<meta name=\"robots\" content=\"index, follow, max-snippet:-1, max-image-preview:large, max-video-preview:-1\" \/>\n<link rel=\"canonical\" href=\"https:\/\/www.loopkinglaces.com\/it\/products\/lacci-di-lusso-in-pelle-marrone-con-punte-dorate\/\" \/>\n<meta property=\"og:locale\" content=\"it_IT\" \/>\n<meta property=\"og:type\" content=\"article\" \/>\n<meta property=\"og:title\" content=\"Lacci di lusso in pelle marrone con punte dorate - Da Loop King\" \/>\n<meta property=\"og:description\" content=\"Dai alla tua collezione di calzature un rapido aggiornamento con i nostri lacci in pelle premium. Si abbinano perfettamente alle Nike Dunks e a un&#039;ampia gamma di marchi di sneaker.\" \/>\n<meta property=\"og:url\" content=\"https:\/\/www.loopkinglaces.com\/it\/products\/lacci-di-lusso-in-pelle-marrone-con-punte-dorate\/\" \/>\n<meta property=\"og:site_name\" content=\"Luxury Gold Tip Shoelaces by Loop King Laces\" \/>\n<meta property=\"article:publisher\" content=\"https:\/\/www.facebook.com\/LoopKingLaces\/\" \/>\n<meta property=\"og:image\" content=\"https:\/\/www.loopkinglaces.com\/wp-content\/uploads\/Brown-Leather-scaled.jpg\" \/>\n\t<meta property=\"og:image:width\" content=\"2560\" \/>\n\t<meta property=\"og:image:height\" content=\"2560\" \/>\n\t<meta property=\"og:image:type\" content=\"image\/jpeg\" \/>\n<meta name=\"twitter:card\" content=\"summary_large_image\" \/>\n<meta name=\"twitter:site\" content=\"@loopkinglaces\" \/>\n<meta name=\"twitter:label1\" content=\"Tempo di lettura stimato\" \/>\n\t<meta name=\"twitter:data1\" content=\"1 minuto\" \/>\n<script type=\"application\/ld+json\" class=\"yoast-schema-graph\">{\"@context\":\"https:\\\/\\\/schema.org\",\"@graph\":[{\"@type\":[\"WebPage\",\"ItemPage\"],\"@id\":\"https:\\\/\\\/www.loopkinglaces.com\\\/it\\\/products\\\/lacci-di-lusso-in-pelle-marrone-con-punte-dorate\\\/\",\"url\":\"https:\\\/\\\/www.loopkinglaces.com\\\/it\\\/products\\\/lacci-di-lusso-in-pelle-marrone-con-punte-dorate\\\/\",\"name\":\"Lacci di lusso in pelle marrone con punte dorate - Da Loop King\",\"isPartOf\":{\"@id\":\"https:\\\/\\\/www.loopkinglaces.com\\\/it\\\/#website\"},\"primaryImageOfPage\":{\"@id\":\"https:\\\/\\\/www.loopkinglaces.com\\\/it\\\/products\\\/lacci-di-lusso-in-pelle-marrone-con-punte-dorate\\\/#primaryimage\"},\"image\":{\"@id\":\"https:\\\/\\\/www.loopkinglaces.com\\\/it\\\/products\\\/lacci-di-lusso-in-pelle-marrone-con-punte-dorate\\\/#primaryimage\"},\"thumbnailUrl\":\"https:\\\/\\\/www.loopkinglaces.com\\\/wp-content\\\/uploads\\\/Brown-Leather-scaled.jpg\",\"datePublished\":\"2023-12-07T14:48:34+00:00\",\"description\":\"Dai alla tua collezione di calzature un rapido aggiornamento con i nostri lacci in pelle premium. Si abbinano perfettamente alle Nike Dunks e a un'ampia gamma di marchi di sneaker.\",\"breadcrumb\":{\"@id\":\"https:\\\/\\\/www.loopkinglaces.com\\\/it\\\/products\\\/lacci-di-lusso-in-pelle-marrone-con-punte-dorate\\\/#breadcrumb\"},\"inLanguage\":\"it-IT\",\"potentialAction\":[{\"@type\":\"ReadAction\",\"target\":[\"https:\\\/\\\/www.loopkinglaces.com\\\/it\\\/products\\\/lacci-di-lusso-in-pelle-marrone-con-punte-dorate\\\/\"]}]},{\"@type\":\"ImageObject\",\"inLanguage\":\"it-IT\",\"@id\":\"https:\\\/\\\/www.loopkinglaces.com\\\/it\\\/products\\\/lacci-di-lusso-in-pelle-marrone-con-punte-dorate\\\/#primaryimage\",\"url\":\"https:\\\/\\\/www.loopkinglaces.com\\\/wp-content\\\/uploads\\\/Brown-Leather-scaled.jpg\",\"contentUrl\":\"https:\\\/\\\/www.loopkinglaces.com\\\/wp-content\\\/uploads\\\/Brown-Leather-scaled.jpg\",\"width\":2560,\"height\":2560},{\"@type\":\"BreadcrumbList\",\"@id\":\"https:\\\/\\\/www.loopkinglaces.com\\\/it\\\/products\\\/lacci-di-lusso-in-pelle-marrone-con-punte-dorate\\\/#breadcrumb\",\"itemListElement\":[{\"@type\":\"ListItem\",\"position\":1,\"name\":\"Home\",\"item\":\"https:\\\/\\\/www.loopkinglaces.com\\\/it\\\/\"},{\"@type\":\"ListItem\",\"position\":2,\"name\":\"ACQUISTA LACES\",\"item\":\"https:\\\/\\\/www.loopkinglaces.com\\\/it\\\/acquista-laces\\\/\"},{\"@type\":\"ListItem\",\"position\":3,\"name\":\"Lacci di lusso in pelle marrone con punte dorate\"}]},{\"@type\":\"WebSite\",\"@id\":\"https:\\\/\\\/www.loopkinglaces.com\\\/it\\\/#website\",\"url\":\"https:\\\/\\\/www.loopkinglaces.com\\\/it\\\/\",\"name\":\"Luxury Gold Tip Shoelaces by Loop King Laces\",\"description\":\"Rope Laces, Flat Waxed Laces and Leather Laces. All With Gold Tips.\",\"publisher\":{\"@id\":\"https:\\\/\\\/www.loopkinglaces.com\\\/it\\\/#organization\"},\"potentialAction\":[{\"@type\":\"SearchAction\",\"target\":{\"@type\":\"EntryPoint\",\"urlTemplate\":\"https:\\\/\\\/www.loopkinglaces.com\\\/it\\\/?s={search_term_string}\"},\"query-input\":{\"@type\":\"PropertyValueSpecification\",\"valueRequired\":true,\"valueName\":\"search_term_string\"}}],\"inLanguage\":\"it-IT\"},{\"@type\":\"Organization\",\"@id\":\"https:\\\/\\\/www.loopkinglaces.com\\\/it\\\/#organization\",\"name\":\"Loop King Laces\",\"url\":\"https:\\\/\\\/www.loopkinglaces.com\\\/it\\\/\",\"logo\":{\"@type\":\"ImageObject\",\"inLanguage\":\"it-IT\",\"@id\":\"https:\\\/\\\/www.loopkinglaces.com\\\/it\\\/#\\\/schema\\\/logo\\\/image\\\/\",\"url\":\"https:\\\/\\\/www.loopkinglaces.com\\\/wp-content\\\/uploads\\\/LOOP-KING-LACES.1.1-01-LOGO-HI-RES-OFFICIAL-1.png\",\"contentUrl\":\"https:\\\/\\\/www.loopkinglaces.com\\\/wp-content\\\/uploads\\\/LOOP-KING-LACES.1.1-01-LOGO-HI-RES-OFFICIAL-1.png\",\"width\":128,\"height\":91,\"caption\":\"Loop King Laces\"},\"image\":{\"@id\":\"https:\\\/\\\/www.loopkinglaces.com\\\/it\\\/#\\\/schema\\\/logo\\\/image\\\/\"},\"sameAs\":[\"https:\\\/\\\/www.facebook.com\\\/LoopKingLaces\\\/\",\"https:\\\/\\\/x.com\\\/loopkinglaces\",\"https:\\\/\\\/www.instagram.com\\\/loopkinglaces\\\/\"]}]}<\/script>\n<!-- \/ Yoast SEO plugin. -->","yoast_head_json":{"title":"Lacci di lusso in pelle marrone con punte dorate - Da Loop King","description":"Dai alla tua collezione di calzature un rapido aggiornamento con i nostri lacci in pelle premium. Si abbinano perfettamente alle Nike Dunks e a un'ampia gamma di marchi di sneaker.","robots":{"index":"index","follow":"follow","max-snippet":"max-snippet:-1","max-image-preview":"max-image-preview:large","max-video-preview":"max-video-preview:-1"},"canonical":"https:\/\/www.loopkinglaces.com\/it\/products\/lacci-di-lusso-in-pelle-marrone-con-punte-dorate\/","og_locale":"it_IT","og_type":"article","og_title":"Lacci di lusso in pelle marrone con punte dorate - Da Loop King","og_description":"Dai alla tua collezione di calzature un rapido aggiornamento con i nostri lacci in pelle premium. Si abbinano perfettamente alle Nike Dunks e a un'ampia gamma di marchi di sneaker.","og_url":"https:\/\/www.loopkinglaces.com\/it\/products\/lacci-di-lusso-in-pelle-marrone-con-punte-dorate\/","og_site_name":"Luxury Gold Tip Shoelaces by Loop King Laces","article_publisher":"https:\/\/www.facebook.com\/LoopKingLaces\/","og_image":[{"width":2560,"height":2560,"url":"https:\/\/www.loopkinglaces.com\/wp-content\/uploads\/Brown-Leather-scaled.jpg","type":"image\/jpeg"}],"twitter_card":"summary_large_image","twitter_site":"@loopkinglaces","twitter_misc":{"Tempo di lettura stimato":"1 minuto"},"schema":{"@context":"https:\/\/schema.org","@graph":[{"@type":["WebPage","ItemPage"],"@id":"https:\/\/www.loopkinglaces.com\/it\/products\/lacci-di-lusso-in-pelle-marrone-con-punte-dorate\/","url":"https:\/\/www.loopkinglaces.com\/it\/products\/lacci-di-lusso-in-pelle-marrone-con-punte-dorate\/","name":"Lacci di lusso in pelle marrone con punte dorate - Da Loop King","isPartOf":{"@id":"https:\/\/www.loopkinglaces.com\/it\/#website"},"primaryImageOfPage":{"@id":"https:\/\/www.loopkinglaces.com\/it\/products\/lacci-di-lusso-in-pelle-marrone-con-punte-dorate\/#primaryimage"},"image":{"@id":"https:\/\/www.loopkinglaces.com\/it\/products\/lacci-di-lusso-in-pelle-marrone-con-punte-dorate\/#primaryimage"},"thumbnailUrl":"https:\/\/www.loopkinglaces.com\/wp-content\/uploads\/Brown-Leather-scaled.jpg","datePublished":"2023-12-07T14:48:34+00:00","description":"Dai alla tua collezione di calzature un rapido aggiornamento con i nostri lacci in pelle premium. Si abbinano perfettamente alle Nike Dunks e a un'ampia gamma di marchi di sneaker.","breadcrumb":{"@id":"https:\/\/www.loopkinglaces.com\/it\/products\/lacci-di-lusso-in-pelle-marrone-con-punte-dorate\/#breadcrumb"},"inLanguage":"it-IT","potentialAction":[{"@type":"ReadAction","target":["https:\/\/www.loopkinglaces.com\/it\/products\/lacci-di-lusso-in-pelle-marrone-con-punte-dorate\/"]}]},{"@type":"ImageObject","inLanguage":"it-IT","@id":"https:\/\/www.loopkinglaces.com\/it\/products\/lacci-di-lusso-in-pelle-marrone-con-punte-dorate\/#primaryimage","url":"https:\/\/www.loopkinglaces.com\/wp-content\/uploads\/Brown-Leather-scaled.jpg","contentUrl":"https:\/\/www.loopkinglaces.com\/wp-content\/uploads\/Brown-Leather-scaled.jpg","width":2560,"height":2560},{"@type":"BreadcrumbList","@id":"https:\/\/www.loopkinglaces.com\/it\/products\/lacci-di-lusso-in-pelle-marrone-con-punte-dorate\/#breadcrumb","itemListElement":[{"@type":"ListItem","position":1,"name":"Home","item":"https:\/\/www.loopkinglaces.com\/it\/"},{"@type":"ListItem","position":2,"name":"ACQUISTA LACES","item":"https:\/\/www.loopkinglaces.com\/it\/acquista-laces\/"},{"@type":"ListItem","position":3,"name":"Lacci di lusso in pelle marrone con punte dorate"}]},{"@type":"WebSite","@id":"https:\/\/www.loopkinglaces.com\/it\/#website","url":"https:\/\/www.loopkinglaces.com\/it\/","name":"Luxury Gold Tip Shoelaces by Loop King Laces","description":"Rope Laces, Flat Waxed Laces and Leather Laces. All With Gold Tips.","publisher":{"@id":"https:\/\/www.loopkinglaces.com\/it\/#organization"},"potentialAction":[{"@type":"SearchAction","target":{"@type":"EntryPoint","urlTemplate":"https:\/\/www.loopkinglaces.com\/it\/?s={search_term_string}"},"query-input":{"@type":"PropertyValueSpecification","valueRequired":true,"valueName":"search_term_string"}}],"inLanguage":"it-IT"},{"@type":"Organization","@id":"https:\/\/www.loopkinglaces.com\/it\/#organization","name":"Loop King Laces","url":"https:\/\/www.loopkinglaces.com\/it\/","logo":{"@type":"ImageObject","inLanguage":"it-IT","@id":"https:\/\/www.loopkinglaces.com\/it\/#\/schema\/logo\/image\/","url":"https:\/\/www.loopkinglaces.com\/wp-content\/uploads\/LOOP-KING-LACES.1.1-01-LOGO-HI-RES-OFFICIAL-1.png","contentUrl":"https:\/\/www.loopkinglaces.com\/wp-content\/uploads\/LOOP-KING-LACES.1.1-01-LOGO-HI-RES-OFFICIAL-1.png","width":128,"height":91,"caption":"Loop King Laces"},"image":{"@id":"https:\/\/www.loopkinglaces.com\/it\/#\/schema\/logo\/image\/"},"sameAs":["https:\/\/www.facebook.com\/LoopKingLaces\/","https:\/\/x.com\/loopkinglaces","https:\/\/www.instagram.com\/loopkinglaces\/"]}]}},"_links":{"self":[{"href":"https:\/\/www.loopkinglaces.com\/it\/wp-json\/wp\/v2\/product\/68561","targetHints":{"allow":["GET"]}}],"collection":[{"href":"https:\/\/www.loopkinglaces.com\/it\/wp-json\/wp\/v2\/product"}],"about":[{"href":"https:\/\/www.loopkinglaces.com\/it\/wp-json\/wp\/v2\/types\/product"}],"replies":[{"embeddable":true,"href":"https:\/\/www.loopkinglaces.com\/it\/wp-json\/wp\/v2\/comments?post=68561"}],"wp:featuredmedia":[{"embeddable":true,"href":"https:\/\/www.loopkinglaces.com\/it\/wp-json\/wp\/v2\/media\/68589"}],"wp:attachment":[{"href":"https:\/\/www.loopkinglaces.com\/it\/wp-json\/wp\/v2\/media?parent=68561"}],"wp:term":[{"taxonomy":"product_brand","embeddable":true,"href":"https:\/\/www.loopkinglaces.com\/it\/wp-json\/wp\/v2\/product_brand?post=68561"},{"taxonomy":"product_cat","embeddable":true,"href":"https:\/\/www.loopkinglaces.com\/it\/wp-json\/wp\/v2\/product_cat?post=68561"},{"taxonomy":"product_tag","embeddable":true,"href":"https:\/\/www.loopkinglaces.com\/it\/wp-json\/wp\/v2\/product_tag?post=68561"},{"taxonomy":"woo-feed-brand","embeddable":true,"href":"https:\/\/www.loopkinglaces.com\/it\/wp-json\/wp\/v2\/woo-feed-brand?post=68561"}],"curies":[{"name":"wp","href":"https:\/\/api.w.org\/{rel}","templated":true}]}}