{"id":78737,"date":"2017-12-07T14:49:20","date_gmt":"2017-12-07T14:49:20","guid":{"rendered":"https:\/\/www.loopkinglaces.com\/informativa-sulla-privacy\/"},"modified":"2017-12-07T14:49:20","modified_gmt":"2017-12-07T14:49:20","slug":"informativa-sulla-privacy","status":"publish","type":"page","link":"https:\/\/www.loopkinglaces.com\/it\/informativa-sulla-privacy\/","title":{"rendered":"INFORMATIVA SULLA PRIVACY"},"content":{"rendered":"<h1>BENVENUTO NELLA NOSTRA POLITICA SULLA PRIVACY<\/h1>\n<h1>LA TUA PRIVACY \u00c8 DI FONDAMENTALE IMPORTANZA PER NOI.<\/h1>\n<h2>LACCI LOOP KING<\/h2>\n<p>LA POLITICA DI LOOP KING LACES PREVEDE IL RISPETTO DELLA PRIVACY DELL&#8217;UTENTE PER QUANTO RIGUARDA LE INFORMAZIONI RACCOLTE DURANTE L&#8217;UTILIZZO DEL SITO WEB. LA PRESENTE INFORMATIVA SULLA PRIVACY SI APPLICA A <a href=\"http:\/\/HTTPS:\/\/WWW.LOOPKINGLACES.COM\">HTTPS:\/\/WWW.LOOPKINGLACES.COM<\/a> (DI SEGUITO, &#8220;NOI&#8221;, &#8220;CI&#8221; O &#8220;HTTPS:\/\/WWW.LOOPKINGLACES.COM&#8221;). RISPETTIAMO LA TUA PRIVACY E CI IMPEGNIAMO A PROTEGGERE LE INFORMAZIONI DI IDENTIFICAZIONE PERSONALE CHE CI FORNISCI ATTRAVERSO IL SITO WEB. ABBIAMO ADOTTATO LA PRESENTE INFORMATIVA SULLA PRIVACY (&#8220;INFORMATIVA SULLA PRIVACY&#8221;) PER SPIEGARE QUALI INFORMAZIONI POSSONO ESSERE RACCOLTE SUL NOSTRO SITO WEB, COME UTILIZZIAMO TALI INFORMAZIONI E IN QUALI CIRCOSTANZE POSSIAMO DIVULGARE LE INFORMAZIONI A TERZI. LA PRESENTE INFORMATIVA SULLA PRIVACY SI APPLICA ESCLUSIVAMENTE ALLE INFORMAZIONI RACCOLTE ATTRAVERSO IL SITO WEB E NON SI APPLICA ALLA RACCOLTA DI INFORMAZIONI DA ALTRE FONTI. LA PRESENTE INFORMATIVA SULLA PRIVACY, UNITAMENTE AI TERMINI E ALLE CONDIZIONI PUBBLICATI SUL NOSTRO SITO WEB, STABILISCE LE NORME E LE POLITICHE GENERALI CHE REGOLANO L&#8217;UTILIZZO DEL NOSTRO SITO WEB DA PARTE DELL&#8217;UTENTE. A SECONDA DELLE ATTIVIT\u00c0 SVOLTE DALL&#8217;UTENTE DURANTE LA VISITA AL NOSTRO SITO WEB, POTREBBE ESSERGLI RICHIESTO DI ACCETTARE ULTERIORI TERMINI E CONDIZIONI.    <\/p>\n<h2>VISITATORI DEL SITO WEB<\/h2>\n<p>COME LA MAGGIOR PARTE DEGLI OPERATORI DI SITI WEB, LOOP KING LACES RACCOGLIE INFORMAZIONI DI TIPO NON PERSONALE CHE I BROWSER E I SERVER WEB SOLITAMENTE RENDONO DISPONIBILI, COME IL TIPO DI BROWSER, LA LINGUA PREFERITA, IL SITO DI PROVENIENZA, LA DATA E L&#8217;ORA DI OGNI RICHIESTA DEL VISITATORE. LO SCOPO DI LOOP KING LACES NEL RACCOGLIERE INFORMAZIONI DI IDENTIFICAZIONE NON PERSONALE \u00c8 QUELLO DI CAPIRE MEGLIO COME I VISITATORI DI LOOP KING LACES UTILIZZANO IL SUO SITO WEB. DI TANTO IN TANTO, LOOP KING LACES PU\u00d2 RILASCIARE INFORMAZIONI NON PERSONALI IN FORMA AGGREGATA, AD ESEMPIO PUBBLICANDO UN RAPPORTO SULLE TENDENZE DI UTILIZZO DEL PROPRIO SITO WEB. LOOP KING LACES RACCOGLIE ANCHE INFORMAZIONI DI CARATTERE POTENZIALMENTE PERSONALE, COME L&#8217;INDIRIZZO DEL PROTOCOLLO INTERNET (IP) PER GLI UTENTI REGISTRATI E PER GLI UTENTI CHE LASCIANO COMMENTI SUI BLOG <a href=\"HTTPS:\/\/WWW.LOOPKINGLACES.COM\">HTTPS:\/\/WW.LOOPKINGLACES.COM<\/a>. LOOP KING LACES DIVULGA GLI INDIRIZZI IP DEGLI UTENTI REGISTRATI E DEI COMMENTATORI SOLO NELLE STESSE CIRCOSTANZE IN CUI UTILIZZA E DIVULGA LE INFORMAZIONI DI IDENTIFICAZIONE PERSONALE DESCRITTE DI SEGUITO.  <\/p>\n<h2>RACCOLTA DI INFORMAZIONI DI CARATTERE PERSONALE<\/h2>\n<p>ALCUNI VISITATORI DEI SITI WEB DI LOOP KING LACES SCELGONO DI INTERAGIRE CON LOOP KING LACES IN MODI CHE RICHIEDONO A LOOP KING LACES DI RACCOGLIERE INFORMAZIONI DI CARATTERE PERSONALE. LA QUANTIT\u00c0 E IL TIPO DI INFORMAZIONI CHE LOOP KING LACES RACCOGLIE DIPENDONO DALLA NATURA DELL&#8217;INTERAZIONE. AD ESEMPIO, CHIEDIAMO AI VISITATORI CHE SI ISCRIVONO AD UN BLOG SU HTTPS:\/\/WWW.LOOPKINGLACES.COM DI FORNIRE UN NOME UTENTE E UN INDIRIZZO E-MAIL.  <\/p>\n<h2>SICUREZZA<\/h2>\n<p>LA SICUREZZA DELLE TUE INFORMAZIONI PERSONALI \u00c8 IMPORTANTE PER NOI, MA RICORDA CHE NESSUN METODO DI TRASMISSIONE SU INTERNET O DI ARCHIVIAZIONE ELETTRONICA \u00c8 SICURO AL 100%. SEBBENE CI SFORZIAMO DI UTILIZZARE MEZZI COMMERCIALMENTE ACCETTABILI PER PROTEGGERE LE TUE INFORMAZIONI PERSONALI, NON POSSIAMO GARANTIRNE L&#8217;ASSOLUTA SICUREZZA. <\/p>\n<h2>PUBBLICIT\u00c0<\/h2>\n<p>GLI ANNUNCI CHE APPAIONO SUL NOSTRO SITO WEB POSSONO ESSERE INVIATI AGLI UTENTI DA PARTNER PUBBLICITARI, CHE POSSONO IMPOSTARE DEI COOKIE. QUESTI COOKIE CONSENTONO AL SERVER PUBBLICITARIO DI RICONOSCERE IL TUO COMPUTER OGNI VOLTA CHE TI INVIA UNA PUBBLICIT\u00c0 ONLINE E DI RACCOGLIERE INFORMAZIONI SU DI TE O SU ALTRE PERSONE CHE UTILIZZANO IL TUO COMPUTER. QUESTE INFORMAZIONI CONSENTONO ALLE RETI PUBBLICITARIE, TRA L&#8217;ALTRO, DI FORNIRE PUBBLICIT\u00c0 MIRATE CHE RITENGONO POSSANO ESSERE DI MAGGIORE INTERESSE PER L&#8217;UTENTE. LA PRESENTE INFORMATIVA SULLA PRIVACY RIGUARDA L&#8217;USO DEI COOKIE DA PARTE DI LOOP KING LACES E NON RIGUARDA L&#8217;USO DEI COOKIE DA PARTE DEGLI INSERZIONISTI.   <\/p>\n<h2>LINK A SITI ESTERNI<\/h2>\n<p>IL NOSTRO SERVIZIO PU\u00d2 CONTENERE LINK A SITI ESTERNI NON GESTITI DA NOI. SE CLICCHI SU UN LINK DI TERZI, VERRAI INDIRIZZATO AL SITO DI QUESTI ULTIMI. TI CONSIGLIAMO VIVAMENTE DI PRENDERE VISIONE DELL&#8217;INFORMATIVA SULLA PRIVACY E DEI TERMINI E CONDIZIONI DI OGNI SITO CHE VISITI. NON ABBIAMO ALCUN CONTROLLO E NON CI ASSUMIAMO ALCUNA RESPONSABILIT\u00c0 PER IL CONTENUTO, LE POLITICHE SULLA PRIVACY O LE PRATICHE DI SITI, PRODOTTI O SERVIZI DI TERZI.  <\/p>\n<h2>HTTPS:\/\/WWW.LOOPKINGLACES.COM UTILIZZA GOOGLE ADWORDS PER IL REMARKETING<\/h2>\n<p>HTTPS:\/\/WWW.LOOPKINGLACES.COM UTILIZZA I SERVIZI DI REMARKETING PER FARE PUBBLICIT\u00c0 SU SITI WEB DI TERZE PARTI (INCLUSO GOOGLE) AI PRECEDENTI VISITATORI DEL NOSTRO SITO. CI\u00d2 POTREBBE SIGNIFICARE CHE FACCIAMO PUBBLICIT\u00c0 AI VISITATORI PRECEDENTI CHE NON HANNO COMPLETATO UN&#8217;ATTIVIT\u00c0 SUL NOSTRO SITO, AD ESEMPIO UTILIZZANDO IL MODULO DI CONTATTO PER FARE UNA RICHIESTA. CI\u00d2 POTREBBE AVVENIRE SOTTO FORMA DI PUBBLICIT\u00c0 NELLA PAGINA DEI RISULTATI DI RICERCA DI GOOGLE O IN UN SITO DELLA RETE DISPLAY DI GOOGLE. FORNITORI TERZI, TRA CUI GOOGLE, UTILIZZANO I COOKIE PER PUBBLICARE ANNUNCI BASATI SULLE VISITE PASSATE DI QUALCUNO. NATURALMENTE, TUTTI I DATI RACCOLTI SARANNO UTILIZZATI IN CONFORMIT\u00c0 ALLA NOSTRA POLITICA SULLA PRIVACY E ALLA POLITICA SULLA PRIVACY DI GOOGLE. PUOI IMPOSTARE LE PREFERENZE PER LE MODALIT\u00c0 DI PUBBLICIT\u00c0 DI GOOGLE UTILIZZANDO LA PAGINA DELLE PREFERENZE DEGLI ANNUNCI DI GOOGLE E, SE LO DESIDERI, PUOI RINUNCIARE COMPLETAMENTE ALLA PUBBLICIT\u00c0 BASATA SUGLI INTERESSI TRAMITE LE IMPOSTAZIONI DEI COOKIE O UTILIZZANDO IN MODO PERMANENTE UN PLUGIN DEL BROWSER.    <\/p>\n<h2>PROTEZIONE DI ALCUNE INFORMAZIONI DI CARATTERE PERSONALE<\/h2>\n<p>LOOP KING LACES DIVULGA INFORMAZIONI POTENZIALMENTE DI IDENTIFICAZIONE PERSONALE SOLO A QUEI DIPENDENTI, APPALTATORI E ORGANIZZAZIONI AFFILIATE CHE (I) HANNO BISOGNO DI CONOSCERE TALI INFORMAZIONI PER POTERLE ELABORARE PER CONTO DI LOOP KING LACES O PER FORNIRE SERVIZI DISPONIBILI SUL SITO WEB DI LOOP KING LACES, E (II) CHE HANNO ACCONSENTITO A NON DIVULGARLE AD ALTRI. ALCUNI DI QUESTI DIPENDENTI, APPALTATORI E ORGANIZZAZIONI AFFILIATE POSSONO TROVARSI AL DI FUORI DEL TUO PAESE; UTILIZZANDO IL SITO WEB DI LOOP KING LACES, ACCONSENTI AL TRASFERIMENTO DI TALI INFORMAZIONI A LORO. LOOP KING LACES NON AFFITTER\u00c0 O VENDER\u00c0 A NESSUNO LE INFORMAZIONI DI IDENTIFICAZIONE PERSONALE E LE INFORMAZIONI DI IDENTIFICAZIONE PERSONALE. OLTRE CHE AI PROPRI DIPENDENTI, APPALTATORI E ORGANIZZAZIONI AFFILIATE, COME DESCRITTO IN PRECEDENZA, LOOP KING LACES DIVULGA INFORMAZIONI POTENZIALMENTE DI IDENTIFICAZIONE PERSONALE SOLO IN RISPOSTA A UNA CITAZIONE IN GIUDIZIO, A UN ORDINE DEL TRIBUNALE O A UN&#8217;ALTRA RICHIESTA GOVERNATIVA, O QUANDO LOOP KING LACES RITIENE IN BUONA FEDE CHE LA DIVULGAZIONE SIA RAGIONEVOLMENTE NECESSARIA PER PROTEGGERE LA PROPRIET\u00c0 O I DIRITTI DI LOOP KING LACES, DI TERZI O DEL PUBBLICO IN GENERALE. SE SEI UN UTENTE REGISTRATO DI HTTPS:\/\/WWW.LOOPKINGLACES.COM E HAI FORNITO IL TUO INDIRIZZO E-MAIL, LOOP KING LACES POTREBBE OCCASIONALMENTE INVIARTI UN&#8217;E-MAIL PER INFORMARTI SU NUOVE FUNZIONALIT\u00c0, SOLLECITARE IL TUO FEEDBACK O SEMPLICEMENTE TENERTI AGGIORNATO SU CI\u00d2 CHE ACCADE CON LOOP KING LACES E I NOSTRI PRODOTTI. PER COMUNICARE QUESTO TIPO DI INFORMAZIONI UTILIZZIAMO PRINCIPALMENTE IL NOSTRO BLOG, PERTANTO PREVEDIAMO DI RIDURRE AL MINIMO QUESTO TIPO DI E-MAIL. SE CI INVII UNA RICHIESTA (AD ESEMPIO TRAMITE UN&#8217;E-MAIL DI SUPPORTO O UNO DEI NOSTRI MECCANISMI DI FEEDBACK), CI RISERVIAMO IL DIRITTO DI PUBBLICARLA PER AIUTARCI A CHIARIRE O RISPONDERE ALLA TUA RICHIESTA O PER AIUTARCI A SUPPORTARE ALTRI UTENTI. LOOP KING LACES PRENDE TUTTE LE MISURE RAGIONEVOLMENTE NECESSARIE PER PROTEGGERE DALL&#8217;ACCESSO NON AUTORIZZATO, DALL&#8217;USO, DALL&#8217;ALTERAZIONE O DALLA DISTRUZIONE DI INFORMAZIONI POTENZIALMENTE IDENTIFICATIVE E PERSONALI.     <\/p>\n<h2>STATISTICHE AGGREGATE<\/h2>\n<p>LOOP KING LACES PU\u00d2 RACCOGLIERE STATISTICHE SUL COMPORTAMENTO DEI VISITATORI DEL SUO SITO WEB. LOOP KING LACES PU\u00d2 MOSTRARE QUESTE INFORMAZIONI PUBBLICAMENTE O FORNIRLE AD ALTRI. TUTTAVIA, LOOP KING LACES NON DIVULGA LE TUE INFORMAZIONI DI CARATTERE PERSONALE.  <\/p>\n<h2>INFORMATIVA SUGLI AFFILIATI<\/h2>\n<p>QUESTO SITO UTILIZZA LINK DI AFFILIAZIONE E GUADAGNA UNA COMMISSIONE DA ALCUNI LINK. QUESTO NON INFLUISCE SUI TUOI ACQUISTI O SUL PREZZO CHE POTRESTI PAGARE. <\/p>\n<h2>COOKIES<\/h2>\n<p>PER ARRICCHIRE E PERFEZIONARE LA TUA ESPERIENZA ONLINE, LOOP KING LACES UTILIZZA &#8220;COOKIE&#8221;, TECNOLOGIE SIMILI E SERVIZI FORNITI DA ALTRI PER VISUALIZZARE CONTENUTI PERSONALIZZATI, PUBBLICIT\u00c0 APPROPRIATE E MEMORIZZARE LE TUE PREFERENZE SUL TUO COMPUTER. UN COOKIE \u00c8 UNA STRINGA DI INFORMAZIONI CHE UN SITO WEB MEMORIZZA SUL COMPUTER DI UN VISITATORE E CHE IL BROWSER DEL VISITATORE FORNISCE AL SITO WEB OGNI VOLTA CHE IL VISITATORE RITORNA. LOOP KING LACES UTILIZZA I COOKIE PER AIUTARE LOOP KING LACES A IDENTIFICARE E MONITORARE I VISITATORI, IL LORO UTILIZZO DI HTTPS:\/\/WWW.LOOPKINGLACES.COM E LE LORO PREFERENZE DI ACCESSO AL SITO WEB. I VISITATORI DI LOOP KING LACES CHE NON DESIDERANO CHE I COOKIE VENGANO INSTALLATI SUI LORO COMPUTER DOVREBBERO IMPOSTARE I LORO BROWSER IN MODO DA RIFIUTARE I COOKIE PRIMA DI UTILIZZARE I SITI WEB DI LOOP KING LACES, CON LO SVANTAGGIO CHE ALCUNE CARATTERISTICHE DEI SITI WEB DI LOOP KING LACES POTREBBERO NON FUNZIONARE CORRETTAMENTE SENZA L&#8217;AIUTO DEI COOKIE. CONTINUANDO A NAVIGARE SUL NOSTRO SITO WEB SENZA MODIFICARE LE IMPOSTAZIONI DEI COOKIE, L&#8217;UTENTE RICONOSCE E ACCETTA L&#8217;USO DEI COOKIE DA PARTE DI LOOP KING LACES.<\/p>\n<h2>E-COMMERCE<\/h2>\n<p>A COLORO CHE EFFETTUANO TRANSAZIONI CON LOOP KING LACES &#8211; ACQUISTANDO SERVIZI O PRODOTTI DI LOOP KING LACES &#8211; VIENE RICHIESTO DI FORNIRE ULTERIORI INFORMAZIONI, INCLUSE, SE NECESSARIO, LE INFORMAZIONI PERSONALI E FINANZIARIE NECESSARIE PER EFFETTUARE TALI TRANSAZIONI. IN OGNI CASO, LOOP KING LACES RACCOGLIE TALI INFORMAZIONI SOLO NELLA MISURA IN CUI SONO NECESSARIE O APPROPRIATE PER SODDISFARE LO SCOPO DELL&#8217;INTERAZIONE DEL VISITATORE CON LOOP KING LACES. LOOP KING LACES NON DIVULGA INFORMAZIONI DI CARATTERE PERSONALE SE NON COME DESCRITTO DI SEGUITO. E I VISITATORI POSSONO SEMPRE RIFIUTARSI DI FORNIRE INFORMAZIONI DI IDENTIFICAZIONE PERSONALE, CON L&#8217;AVVERTENZA CHE CI\u00d2 POTREBBE IMPEDIRE LORO DI SVOLGERE DETERMINATE ATTIVIT\u00c0 LEGATE AL SITO WEB.   <\/p>\n<h2>MODIFICHE ALL&#8217;INFORMATIVA SULLA PRIVACY<\/h2>\n<p>ANCHE SE LA MAGGIOR PARTE DEI CAMBIAMENTI SAR\u00c0 PROBABILMENTE MINORE, LOOP KING LACES POTR\u00c0 MODIFICARE LA SUA POLITICA SULLA PRIVACY DI TANTO IN TANTO E A SOLA DISCREZIONE DI LOOP KING LACES. LOOP KING LACES INCORAGGIA I VISITATORI A CONTROLLARE FREQUENTEMENTE QUESTA PAGINA PER EVENTUALI MODIFICHE ALLA SUA POLITICA SULLA PRIVACY. L&#8217;USO CONTINUATO DI QUESTO SITO DOPO QUALSIASI MODIFICA ALLA PRESENTE INFORMATIVA SULLA PRIVACY COSTITUIR\u00c0 L&#8217;ACCETTAZIONE DI TALE MODIFICA.  <\/p>\n<h1>Termini di servizio per dispositivi mobili<\/h1>\n<h2>LACCI LOOP KING<\/h2>\n<p>Ultimo aggiornamento: 6 novembre 2023 Il servizio di messaggistica mobile LOOP KING LACES (il &#8220;Servizio&#8221;) \u00e8 gestito da LOOP KING LACES (&#8220;LOOP KING LACES&#8221;, &#8220;noi&#8221; o &#8220;ci&#8221;). L&#8217;utilizzo del Servizio da parte dell&#8217;utente implica l&#8217;accettazione dei presenti termini e condizioni (&#8220;Termini del cellulare&#8221;). Possiamo modificare o cancellare il Servizio o qualsiasi sua funzionalit\u00e0 senza preavviso. Nella misura consentita dalla legge applicabile, possiamo anche modificare i presenti Termini per dispositivi mobili in qualsiasi momento e l&#8217;uso continuato del Servizio da parte dell&#8217;utente dopo la data di entrata in vigore di tali modifiche costituir\u00e0 l&#8217;accettazione di tali modifiche. Accettando il servizio di messaggistica SMS di LOOP KING LACES, accetti di ricevere messaggi SMS ricorrenti da e per conto di LOOP KING LACES attraverso il tuo provider wireless al numero di cellulare che hai fornito, anche se il tuo numero di cellulare \u00e8 registrato in un elenco statale o federale di &#8220;Non chiamare&#8221;. I messaggi di testo possono essere inviati utilizzando un sistema di composizione telefonica automatica o altre tecnologie. I messaggi relativi al servizio possono includere aggiornamenti, avvisi e informazioni (ad esempio, aggiornamenti sugli ordini, avvisi sull&#8217;account, ecc.) I messaggi promozionali possono includere promozioni, offerte speciali e altre offerte di marketing (ad esempio, promemoria del carrello). L&#8217;utente \u00e8 consapevole del fatto che non \u00e8 obbligato a iscriversi al programma per effettuare acquisti e che il suo consenso non \u00e8 una condizione per effettuare acquisti con LOOP KING LACES. La tua partecipazione a questo programma \u00e8 completamente volontaria. Il servizio non \u00e8 a pagamento, ma l&#8217;utente \u00e8 responsabile di tutti gli addebiti e le tariffe associate ai messaggi di testo imposti dal proprio provider wireless. La frequenza dei messaggi varia. Potrebbero essere applicate tariffe per messaggi e dati. Controlla il tuo piano di telefonia mobile e contatta il tuo provider wireless per maggiori dettagli. L&#8217;utente \u00e8 l&#8217;unico responsabile di tutti gli addebiti relativi agli SMS e ai messaggi di testo, compresi quelli del proprio provider wireless. Puoi rinunciare al Servizio in qualsiasi momento. Invia un SMS con la parola chiave STOP a +18337560757 o clicca sul link di annullamento dell&#8217;iscrizione (se disponibile) in qualsiasi messaggio di testo per cancellarti. Riceverai un messaggio di conferma della disdetta una tantum. Non verranno inviati altri messaggi al tuo dispositivo mobile, a meno che non sia tu a richiederlo. Se ti sei iscritto ad altri programmi di messaggistica mobile LOOP KING LACES e desideri cancellarti, tranne nei casi in cui la legge applicabile richieda diversamente, dovrai cancellarti separatamente da tali programmi seguendo le istruzioni fornite nelle rispettive condizioni di utilizzo del cellulare. Per assistenza o supporto al Servizio, invia un SMS a HELP a +18337560757 o un&#8217;e-mail a <a href=\"mailto:hello@loopkinglaces.com\">hello@loopkinglaces.com.<\/a> Possiamo modificare in qualsiasi momento il codice breve o il numero di telefono che utilizziamo per gestire il Servizio e ti informeremo di tali modifiche. L&#8217;utente riconosce che qualsiasi messaggio, comprese le richieste di STOP o HELP, inviato a un codice breve o a un numero di telefono che abbiamo cambiato potrebbe non essere ricevuto e non saremo responsabili di onorare le richieste fatte in tali messaggi. Gli operatori wireless supportati dal Servizio non sono responsabili per i messaggi ritardati o non consegnati. L&#8217;utente accetta di fornirci un numero di cellulare valido. Se ottieni un nuovo numero di cellulare, dovrai iscriverti al programma con il nuovo numero.<\/p>\n<p>Nella misura consentita dalla legge applicabile, l&#8217;utente accetta che non saremo responsabili per la mancata, ritardata o errata consegna di qualsiasi informazione inviata tramite il Servizio, per eventuali errori in tali informazioni e\/o per qualsiasi azione che l&#8217;utente possa o meno intraprendere facendo affidamento sulle informazioni o sul Servizio. Rispettiamo il tuo diritto alla privacy. Per conoscere le modalit\u00e0 di raccolta e utilizzo dei tuoi dati personali, consulta la nostra <a href=\"https:\/\/www.loopkinglaces.com\/privacy-policy\/\">Informativa sulla privacy<\/a>.<\/p>\n<p>&nbsp;<\/p>\n<p>&nbsp;<\/p>\n","protected":false},"excerpt":{"rendered":"<p>BENVENUTO NELLA NOSTRA POLITICA SULLA PRIVACY LA TUA PRIVACY \u00c8 DI FONDAMENTALE IMPORTANZA PER NOI. LACCI LOOP KING LA POLITICA DI LOOP KING LACES PREVEDE IL RISPETTO DELLA PRIVACY DELL&#8217;UTENTE PER QUANTO RIGUARDA LE INFORMAZIONI RACCOLTE DURANTE L&#8217;UTILIZZO DEL SITO WEB. LA PRESENTE INFORMATIVA SULLA PRIVACY SI APPLICA A HTTPS:\/\/WWW.LOOPKINGLACES.COM (DI SEGUITO, &#8220;NOI&#8221;, &#8220;CI&#8221; O&#8230; Read More<\/p>\n","protected":false},"author":1,"featured_media":0,"parent":0,"menu_order":0,"comment_status":"closed","ping_status":"closed","template":"","meta":{"_acf_changed":false,"footnotes":""},"class_list":["post-78737","page","type-page","status-publish","hentry"],"acf":[],"yoast_head":"<!-- This site is optimized with the Yoast SEO plugin v27.3 - https:\/\/yoast.com\/product\/yoast-seo-wordpress\/ -->\n<title>Informativa sulla privacy - Loop King Laces<\/title>\n<meta name=\"robots\" content=\"index, follow, max-snippet:-1, max-image-preview:large, max-video-preview:-1\" \/>\n<link rel=\"canonical\" href=\"https:\/\/www.loopkinglaces.com\/it\/informativa-sulla-privacy\/\" \/>\n<meta property=\"og:locale\" content=\"it_IT\" \/>\n<meta property=\"og:type\" content=\"article\" \/>\n<meta property=\"og:title\" content=\"Informativa sulla privacy - Loop King Laces\" \/>\n<meta property=\"og:description\" content=\"BENVENUTO NELLA NOSTRA POLITICA SULLA PRIVACY LA TUA PRIVACY \u00c8 DI FONDAMENTALE IMPORTANZA PER NOI. LACCI LOOP KING LA POLITICA DI LOOP KING LACES PREVEDE IL RISPETTO DELLA PRIVACY DELL&#8217;UTENTE PER QUANTO RIGUARDA LE INFORMAZIONI RACCOLTE DURANTE L&#8217;UTILIZZO DEL SITO WEB. LA PRESENTE INFORMATIVA SULLA PRIVACY SI APPLICA A HTTPS:\/\/WWW.LOOPKINGLACES.COM (DI SEGUITO, &#8220;NOI&#8221;, &#8220;CI&#8221; O... Read More\" \/>\n<meta property=\"og:url\" content=\"https:\/\/www.loopkinglaces.com\/it\/informativa-sulla-privacy\/\" \/>\n<meta property=\"og:site_name\" content=\"Luxury Gold Tip Shoelaces by Loop King Laces\" \/>\n<meta property=\"article:publisher\" content=\"https:\/\/www.facebook.com\/LoopKingLaces\/\" \/>\n<meta name=\"twitter:card\" content=\"summary_large_image\" \/>\n<meta name=\"twitter:site\" content=\"@loopkinglaces\" \/>\n<meta name=\"twitter:label1\" content=\"Tempo di lettura stimato\" \/>\n\t<meta name=\"twitter:data1\" content=\"11 minuti\" \/>\n<script type=\"application\/ld+json\" class=\"yoast-schema-graph\">{\"@context\":\"https:\\\/\\\/schema.org\",\"@graph\":[{\"@type\":\"WebPage\",\"@id\":\"https:\\\/\\\/www.loopkinglaces.com\\\/it\\\/informativa-sulla-privacy\\\/\",\"url\":\"https:\\\/\\\/www.loopkinglaces.com\\\/it\\\/informativa-sulla-privacy\\\/\",\"name\":\"Informativa sulla privacy - Loop King Laces\",\"isPartOf\":{\"@id\":\"https:\\\/\\\/www.loopkinglaces.com\\\/it\\\/#website\"},\"datePublished\":\"2017-12-07T14:49:20+00:00\",\"breadcrumb\":{\"@id\":\"https:\\\/\\\/www.loopkinglaces.com\\\/it\\\/informativa-sulla-privacy\\\/#breadcrumb\"},\"inLanguage\":\"it-IT\",\"potentialAction\":[{\"@type\":\"ReadAction\",\"target\":[\"https:\\\/\\\/www.loopkinglaces.com\\\/it\\\/informativa-sulla-privacy\\\/\"]}]},{\"@type\":\"BreadcrumbList\",\"@id\":\"https:\\\/\\\/www.loopkinglaces.com\\\/it\\\/informativa-sulla-privacy\\\/#breadcrumb\",\"itemListElement\":[{\"@type\":\"ListItem\",\"position\":1,\"name\":\"Home\",\"item\":\"https:\\\/\\\/www.loopkinglaces.com\\\/it\\\/\"},{\"@type\":\"ListItem\",\"position\":2,\"name\":\"INFORMATIVA SULLA PRIVACY\"}]},{\"@type\":\"WebSite\",\"@id\":\"https:\\\/\\\/www.loopkinglaces.com\\\/it\\\/#website\",\"url\":\"https:\\\/\\\/www.loopkinglaces.com\\\/it\\\/\",\"name\":\"Luxury Gold Tip Shoelaces by Loop King Laces\",\"description\":\"Rope Laces, Flat Waxed Laces and Leather Laces. All With Gold Tips.\",\"publisher\":{\"@id\":\"https:\\\/\\\/www.loopkinglaces.com\\\/it\\\/#organization\"},\"potentialAction\":[{\"@type\":\"SearchAction\",\"target\":{\"@type\":\"EntryPoint\",\"urlTemplate\":\"https:\\\/\\\/www.loopkinglaces.com\\\/it\\\/?s={search_term_string}\"},\"query-input\":{\"@type\":\"PropertyValueSpecification\",\"valueRequired\":true,\"valueName\":\"search_term_string\"}}],\"inLanguage\":\"it-IT\"},{\"@type\":\"Organization\",\"@id\":\"https:\\\/\\\/www.loopkinglaces.com\\\/it\\\/#organization\",\"name\":\"Loop King Laces\",\"url\":\"https:\\\/\\\/www.loopkinglaces.com\\\/it\\\/\",\"logo\":{\"@type\":\"ImageObject\",\"inLanguage\":\"it-IT\",\"@id\":\"https:\\\/\\\/www.loopkinglaces.com\\\/it\\\/#\\\/schema\\\/logo\\\/image\\\/\",\"url\":\"https:\\\/\\\/www.loopkinglaces.com\\\/wp-content\\\/uploads\\\/LOOP-KING-LACES.1.1-01-LOGO-HI-RES-OFFICIAL-1.png\",\"contentUrl\":\"https:\\\/\\\/www.loopkinglaces.com\\\/wp-content\\\/uploads\\\/LOOP-KING-LACES.1.1-01-LOGO-HI-RES-OFFICIAL-1.png\",\"width\":128,\"height\":91,\"caption\":\"Loop King Laces\"},\"image\":{\"@id\":\"https:\\\/\\\/www.loopkinglaces.com\\\/it\\\/#\\\/schema\\\/logo\\\/image\\\/\"},\"sameAs\":[\"https:\\\/\\\/www.facebook.com\\\/LoopKingLaces\\\/\",\"https:\\\/\\\/x.com\\\/loopkinglaces\",\"https:\\\/\\\/www.instagram.com\\\/loopkinglaces\\\/\"]}]}<\/script>\n<!-- \/ Yoast SEO plugin. -->","yoast_head_json":{"title":"Informativa sulla privacy - Loop King Laces","robots":{"index":"index","follow":"follow","max-snippet":"max-snippet:-1","max-image-preview":"max-image-preview:large","max-video-preview":"max-video-preview:-1"},"canonical":"https:\/\/www.loopkinglaces.com\/it\/informativa-sulla-privacy\/","og_locale":"it_IT","og_type":"article","og_title":"Informativa sulla privacy - Loop King Laces","og_description":"BENVENUTO NELLA NOSTRA POLITICA SULLA PRIVACY LA TUA PRIVACY \u00c8 DI FONDAMENTALE IMPORTANZA PER NOI. LACCI LOOP KING LA POLITICA DI LOOP KING LACES PREVEDE IL RISPETTO DELLA PRIVACY DELL&#8217;UTENTE PER QUANTO RIGUARDA LE INFORMAZIONI RACCOLTE DURANTE L&#8217;UTILIZZO DEL SITO WEB. LA PRESENTE INFORMATIVA SULLA PRIVACY SI APPLICA A HTTPS:\/\/WWW.LOOPKINGLACES.COM (DI SEGUITO, &#8220;NOI&#8221;, &#8220;CI&#8221; O... Read More","og_url":"https:\/\/www.loopkinglaces.com\/it\/informativa-sulla-privacy\/","og_site_name":"Luxury Gold Tip Shoelaces by Loop King Laces","article_publisher":"https:\/\/www.facebook.com\/LoopKingLaces\/","twitter_card":"summary_large_image","twitter_site":"@loopkinglaces","twitter_misc":{"Tempo di lettura stimato":"11 minuti"},"schema":{"@context":"https:\/\/schema.org","@graph":[{"@type":"WebPage","@id":"https:\/\/www.loopkinglaces.com\/it\/informativa-sulla-privacy\/","url":"https:\/\/www.loopkinglaces.com\/it\/informativa-sulla-privacy\/","name":"Informativa sulla privacy - Loop King Laces","isPartOf":{"@id":"https:\/\/www.loopkinglaces.com\/it\/#website"},"datePublished":"2017-12-07T14:49:20+00:00","breadcrumb":{"@id":"https:\/\/www.loopkinglaces.com\/it\/informativa-sulla-privacy\/#breadcrumb"},"inLanguage":"it-IT","potentialAction":[{"@type":"ReadAction","target":["https:\/\/www.loopkinglaces.com\/it\/informativa-sulla-privacy\/"]}]},{"@type":"BreadcrumbList","@id":"https:\/\/www.loopkinglaces.com\/it\/informativa-sulla-privacy\/#breadcrumb","itemListElement":[{"@type":"ListItem","position":1,"name":"Home","item":"https:\/\/www.loopkinglaces.com\/it\/"},{"@type":"ListItem","position":2,"name":"INFORMATIVA SULLA PRIVACY"}]},{"@type":"WebSite","@id":"https:\/\/www.loopkinglaces.com\/it\/#website","url":"https:\/\/www.loopkinglaces.com\/it\/","name":"Luxury Gold Tip Shoelaces by Loop King Laces","description":"Rope Laces, Flat Waxed Laces and Leather Laces. All With Gold Tips.","publisher":{"@id":"https:\/\/www.loopkinglaces.com\/it\/#organization"},"potentialAction":[{"@type":"SearchAction","target":{"@type":"EntryPoint","urlTemplate":"https:\/\/www.loopkinglaces.com\/it\/?s={search_term_string}"},"query-input":{"@type":"PropertyValueSpecification","valueRequired":true,"valueName":"search_term_string"}}],"inLanguage":"it-IT"},{"@type":"Organization","@id":"https:\/\/www.loopkinglaces.com\/it\/#organization","name":"Loop King Laces","url":"https:\/\/www.loopkinglaces.com\/it\/","logo":{"@type":"ImageObject","inLanguage":"it-IT","@id":"https:\/\/www.loopkinglaces.com\/it\/#\/schema\/logo\/image\/","url":"https:\/\/www.loopkinglaces.com\/wp-content\/uploads\/LOOP-KING-LACES.1.1-01-LOGO-HI-RES-OFFICIAL-1.png","contentUrl":"https:\/\/www.loopkinglaces.com\/wp-content\/uploads\/LOOP-KING-LACES.1.1-01-LOGO-HI-RES-OFFICIAL-1.png","width":128,"height":91,"caption":"Loop King Laces"},"image":{"@id":"https:\/\/www.loopkinglaces.com\/it\/#\/schema\/logo\/image\/"},"sameAs":["https:\/\/www.facebook.com\/LoopKingLaces\/","https:\/\/x.com\/loopkinglaces","https:\/\/www.instagram.com\/loopkinglaces\/"]}]}},"_links":{"self":[{"href":"https:\/\/www.loopkinglaces.com\/it\/wp-json\/wp\/v2\/pages\/78737","targetHints":{"allow":["GET"]}}],"collection":[{"href":"https:\/\/www.loopkinglaces.com\/it\/wp-json\/wp\/v2\/pages"}],"about":[{"href":"https:\/\/www.loopkinglaces.com\/it\/wp-json\/wp\/v2\/types\/page"}],"author":[{"embeddable":true,"href":"https:\/\/www.loopkinglaces.com\/it\/wp-json\/wp\/v2\/users\/1"}],"replies":[{"embeddable":true,"href":"https:\/\/www.loopkinglaces.com\/it\/wp-json\/wp\/v2\/comments?post=78737"}],"version-history":[{"count":0,"href":"https:\/\/www.loopkinglaces.com\/it\/wp-json\/wp\/v2\/pages\/78737\/revisions"}],"wp:attachment":[{"href":"https:\/\/www.loopkinglaces.com\/it\/wp-json\/wp\/v2\/media?parent=78737"}],"curies":[{"name":"wp","href":"https:\/\/api.w.org\/{rel}","templated":true}]}}