{"id":78732,"date":"2017-12-07T14:40:29","date_gmt":"2017-12-07T14:40:29","guid":{"rendered":"https:\/\/www.loopkinglaces.com\/spedizione-e-consegna\/"},"modified":"2024-11-19T22:56:31","modified_gmt":"2024-11-19T22:56:31","slug":"spedizione-e-consegna","status":"publish","type":"page","link":"https:\/\/www.loopkinglaces.com\/it\/spedizione-e-consegna\/","title":{"rendered":"SPEDIZIONE E CONSEGNA"},"content":{"rendered":"\n<h1>Abbiamo reinventato le nostre spedizioni per essere pi\u00f9 veloci. Perch\u00e9 aspettare \u00e8 da sfigati. <\/h1>\n<p>Spendi 29\u20ac e ottieni la <strong>spedizione gratuita (solo negli USA)<\/strong><\/p>\n<p><p><em>*La spedizione negli Stati Uniti costa 4,99 dollari, mentre quella internazionale costa 6,99 dollari.<\/em><\/p>\n<h2><strong>Tempo per luogo:<\/strong><\/h2>\n<div class=\"table-responsive\">\n<table class=\"table table-striped\">\n<thead>\n<tr>\n<th>Posizione<\/th>\n<th>*Tempo di spedizione stimato<\/th>\n<\/tr>\n<\/thead>\n<tbody>\n<tr>\n<td>Stati Uniti, Canada<\/td>\n<td>1-2 giorni lavorativi<\/td>\n<\/tr>\n<tr>\n<td>Regno Unito, Europa<\/td>\n<td>2-4 giorni lavorativi<\/td>\n<\/tr>\n<tr>\n<td>Australia, Nuova Zelanda<\/td>\n<td>2-5 giorni lavorativi<\/td>\n<\/tr>\n<tr>\n<td>America Centrale, Sud America e Messico<\/td>\n<td>2-5 giorni lavorativi<\/td>\n<\/tr>\n<tr>\n<td>Resto del mondo<\/td>\n<td>2-5 giorni lavorativi<\/td>\n<\/tr>\n<\/tbody>\n<\/table>\n<p>Loop King Laces \u00e8 estremamente orgoglioso di poter offrire spedizioni internazionali, attualmente attive in oltre 185 paesi del mondo. Ci rende estremamente felici sapere che possiamo spedire i nostri lacci a persone provenienti da tutto il mondo. Continueremo a farlo e a migliorare i nostri servizi per andare oltre ogni aspettativa. A causa dell&#8217;attuale situazione del Coronavirus, ti preghiamo di prevedere un paio di giorni in pi\u00f9 per la consegna.     <\/p>\n<h3>Come si spediscono i pacchi?<\/h3>\n<p>I nostri pacchi si trovano nei nostri magazzini negli Stati Uniti e nel Regno Unito. In questo modo possiamo spedire tutti i pacchi tramite UPS, FedEx e Royal Mail. <\/p>\n<h3>Effettuate spedizioni in tutto il mondo?<\/h3>\n<p>Infatti lo facciamo. Questo \u00e8 uno dei migliori servizi che offriamo ai nostri clienti. Effettuiamo spedizioni in tutto il mondo in oltre 185 paesi. Tuttavia, \u00e8 possibile che in alcune localit\u00e0 non sia possibile effettuare spedizioni. In questo caso, verrai contattato d&#8217;urgenza e riceverai un rimborso completo della merce.    <\/p>\n<h3>E la dogana?<\/h3>\n<p>Non siamo responsabili di eventuali spese doganali una volta spediti gli articoli. Acquistando i nostri prodotti, accetti che uno o pi\u00f9 pacchi ti vengano spediti e che tu possa ricevere una tassa doganale quando arrivano nel tuo paese. Possiamo confermare che NESSUN cliente finora ha avuto un addebito doganale.  <\/p>\n<p> <\/p>\n<p><a href=\"https:\/\/www.loopkinglaces.com\/it\/\">TORNA AI LACCI LOOP KING  &gt;<\/a><\/p>\n<\/div>\n\n\n","protected":false},"excerpt":{"rendered":"","protected":false},"author":1,"featured_media":0,"parent":0,"menu_order":0,"comment_status":"closed","ping_status":"closed","template":"","meta":{"_acf_changed":false,"footnotes":""},"class_list":["post-78732","page","type-page","status-publish","hentry"],"acf":[],"yoast_head":"<!-- This site is optimized with the Yoast SEO plugin v27.4 - https:\/\/yoast.com\/product\/yoast-seo-wordpress\/ -->\n<title>Informazioni su spedizione e consegna - Loop King Laces<\/title>\n<meta name=\"robots\" content=\"index, follow, max-snippet:-1, max-image-preview:large, max-video-preview:-1\" \/>\n<link rel=\"canonical\" href=\"https:\/\/www.loopkinglaces.com\/it\/spedizione-e-consegna\/\" \/>\n<meta property=\"og:locale\" content=\"it_IT\" \/>\n<meta property=\"og:type\" content=\"article\" \/>\n<meta property=\"og:title\" content=\"Informazioni su spedizione e consegna - Loop King Laces\" \/>\n<meta property=\"og:url\" content=\"https:\/\/www.loopkinglaces.com\/it\/spedizione-e-consegna\/\" \/>\n<meta property=\"og:site_name\" content=\"Luxury Gold Tip Shoelaces by Loop King Laces\" \/>\n<meta property=\"article:publisher\" content=\"https:\/\/www.facebook.com\/LoopKingLaces\/\" \/>\n<meta property=\"article:modified_time\" content=\"2024-11-19T22:56:31+00:00\" \/>\n<meta name=\"twitter:card\" content=\"summary_large_image\" \/>\n<meta name=\"twitter:site\" content=\"@loopkinglaces\" \/>\n<meta name=\"twitter:label1\" content=\"Tempo di lettura stimato\" \/>\n\t<meta name=\"twitter:data1\" content=\"1 minuto\" \/>\n<script type=\"application\/ld+json\" class=\"yoast-schema-graph\">{\"@context\":\"https:\\\/\\\/schema.org\",\"@graph\":[{\"@type\":\"WebPage\",\"@id\":\"https:\\\/\\\/www.loopkinglaces.com\\\/it\\\/spedizione-e-consegna\\\/\",\"url\":\"https:\\\/\\\/www.loopkinglaces.com\\\/it\\\/spedizione-e-consegna\\\/\",\"name\":\"Informazioni su spedizione e consegna - Loop King Laces\",\"isPartOf\":{\"@id\":\"https:\\\/\\\/www.loopkinglaces.com\\\/it\\\/#website\"},\"datePublished\":\"2017-12-07T14:40:29+00:00\",\"dateModified\":\"2024-11-19T22:56:31+00:00\",\"breadcrumb\":{\"@id\":\"https:\\\/\\\/www.loopkinglaces.com\\\/it\\\/spedizione-e-consegna\\\/#breadcrumb\"},\"inLanguage\":\"it-IT\",\"potentialAction\":[{\"@type\":\"ReadAction\",\"target\":[\"https:\\\/\\\/www.loopkinglaces.com\\\/it\\\/spedizione-e-consegna\\\/\"]}]},{\"@type\":\"BreadcrumbList\",\"@id\":\"https:\\\/\\\/www.loopkinglaces.com\\\/it\\\/spedizione-e-consegna\\\/#breadcrumb\",\"itemListElement\":[{\"@type\":\"ListItem\",\"position\":1,\"name\":\"Home\",\"item\":\"https:\\\/\\\/www.loopkinglaces.com\\\/it\\\/\"},{\"@type\":\"ListItem\",\"position\":2,\"name\":\"SPEDIZIONE E CONSEGNA\"}]},{\"@type\":\"WebSite\",\"@id\":\"https:\\\/\\\/www.loopkinglaces.com\\\/it\\\/#website\",\"url\":\"https:\\\/\\\/www.loopkinglaces.com\\\/it\\\/\",\"name\":\"Luxury Gold Tip Shoelaces by Loop King Laces\",\"description\":\"Rope Laces, Flat Waxed Laces and Leather Laces. All With Gold Tips.\",\"publisher\":{\"@id\":\"https:\\\/\\\/www.loopkinglaces.com\\\/it\\\/#organization\"},\"potentialAction\":[{\"@type\":\"SearchAction\",\"target\":{\"@type\":\"EntryPoint\",\"urlTemplate\":\"https:\\\/\\\/www.loopkinglaces.com\\\/it\\\/?s={search_term_string}\"},\"query-input\":{\"@type\":\"PropertyValueSpecification\",\"valueRequired\":true,\"valueName\":\"search_term_string\"}}],\"inLanguage\":\"it-IT\"},{\"@type\":\"Organization\",\"@id\":\"https:\\\/\\\/www.loopkinglaces.com\\\/it\\\/#organization\",\"name\":\"Loop King Laces\",\"url\":\"https:\\\/\\\/www.loopkinglaces.com\\\/it\\\/\",\"logo\":{\"@type\":\"ImageObject\",\"inLanguage\":\"it-IT\",\"@id\":\"https:\\\/\\\/www.loopkinglaces.com\\\/it\\\/#\\\/schema\\\/logo\\\/image\\\/\",\"url\":\"https:\\\/\\\/www.loopkinglaces.com\\\/wp-content\\\/uploads\\\/LOOP-KING-LACES.1.1-01-LOGO-HI-RES-OFFICIAL-1.png\",\"contentUrl\":\"https:\\\/\\\/www.loopkinglaces.com\\\/wp-content\\\/uploads\\\/LOOP-KING-LACES.1.1-01-LOGO-HI-RES-OFFICIAL-1.png\",\"width\":128,\"height\":91,\"caption\":\"Loop King Laces\"},\"image\":{\"@id\":\"https:\\\/\\\/www.loopkinglaces.com\\\/it\\\/#\\\/schema\\\/logo\\\/image\\\/\"},\"sameAs\":[\"https:\\\/\\\/www.facebook.com\\\/LoopKingLaces\\\/\",\"https:\\\/\\\/x.com\\\/loopkinglaces\",\"https:\\\/\\\/www.instagram.com\\\/loopkinglaces\\\/\"]}]}<\/script>\n<!-- \/ Yoast SEO plugin. -->","yoast_head_json":{"title":"Informazioni su spedizione e consegna - Loop King Laces","robots":{"index":"index","follow":"follow","max-snippet":"max-snippet:-1","max-image-preview":"max-image-preview:large","max-video-preview":"max-video-preview:-1"},"canonical":"https:\/\/www.loopkinglaces.com\/it\/spedizione-e-consegna\/","og_locale":"it_IT","og_type":"article","og_title":"Informazioni su spedizione e consegna - Loop King Laces","og_url":"https:\/\/www.loopkinglaces.com\/it\/spedizione-e-consegna\/","og_site_name":"Luxury Gold Tip Shoelaces by Loop King Laces","article_publisher":"https:\/\/www.facebook.com\/LoopKingLaces\/","article_modified_time":"2024-11-19T22:56:31+00:00","twitter_card":"summary_large_image","twitter_site":"@loopkinglaces","twitter_misc":{"Tempo di lettura stimato":"1 minuto"},"schema":{"@context":"https:\/\/schema.org","@graph":[{"@type":"WebPage","@id":"https:\/\/www.loopkinglaces.com\/it\/spedizione-e-consegna\/","url":"https:\/\/www.loopkinglaces.com\/it\/spedizione-e-consegna\/","name":"Informazioni su spedizione e consegna - Loop King Laces","isPartOf":{"@id":"https:\/\/www.loopkinglaces.com\/it\/#website"},"datePublished":"2017-12-07T14:40:29+00:00","dateModified":"2024-11-19T22:56:31+00:00","breadcrumb":{"@id":"https:\/\/www.loopkinglaces.com\/it\/spedizione-e-consegna\/#breadcrumb"},"inLanguage":"it-IT","potentialAction":[{"@type":"ReadAction","target":["https:\/\/www.loopkinglaces.com\/it\/spedizione-e-consegna\/"]}]},{"@type":"BreadcrumbList","@id":"https:\/\/www.loopkinglaces.com\/it\/spedizione-e-consegna\/#breadcrumb","itemListElement":[{"@type":"ListItem","position":1,"name":"Home","item":"https:\/\/www.loopkinglaces.com\/it\/"},{"@type":"ListItem","position":2,"name":"SPEDIZIONE E CONSEGNA"}]},{"@type":"WebSite","@id":"https:\/\/www.loopkinglaces.com\/it\/#website","url":"https:\/\/www.loopkinglaces.com\/it\/","name":"Luxury Gold Tip Shoelaces by Loop King Laces","description":"Rope Laces, Flat Waxed Laces and Leather Laces. All With Gold Tips.","publisher":{"@id":"https:\/\/www.loopkinglaces.com\/it\/#organization"},"potentialAction":[{"@type":"SearchAction","target":{"@type":"EntryPoint","urlTemplate":"https:\/\/www.loopkinglaces.com\/it\/?s={search_term_string}"},"query-input":{"@type":"PropertyValueSpecification","valueRequired":true,"valueName":"search_term_string"}}],"inLanguage":"it-IT"},{"@type":"Organization","@id":"https:\/\/www.loopkinglaces.com\/it\/#organization","name":"Loop King Laces","url":"https:\/\/www.loopkinglaces.com\/it\/","logo":{"@type":"ImageObject","inLanguage":"it-IT","@id":"https:\/\/www.loopkinglaces.com\/it\/#\/schema\/logo\/image\/","url":"https:\/\/www.loopkinglaces.com\/wp-content\/uploads\/LOOP-KING-LACES.1.1-01-LOGO-HI-RES-OFFICIAL-1.png","contentUrl":"https:\/\/www.loopkinglaces.com\/wp-content\/uploads\/LOOP-KING-LACES.1.1-01-LOGO-HI-RES-OFFICIAL-1.png","width":128,"height":91,"caption":"Loop King Laces"},"image":{"@id":"https:\/\/www.loopkinglaces.com\/it\/#\/schema\/logo\/image\/"},"sameAs":["https:\/\/www.facebook.com\/LoopKingLaces\/","https:\/\/x.com\/loopkinglaces","https:\/\/www.instagram.com\/loopkinglaces\/"]}]}},"_links":{"self":[{"href":"https:\/\/www.loopkinglaces.com\/it\/wp-json\/wp\/v2\/pages\/78732","targetHints":{"allow":["GET"]}}],"collection":[{"href":"https:\/\/www.loopkinglaces.com\/it\/wp-json\/wp\/v2\/pages"}],"about":[{"href":"https:\/\/www.loopkinglaces.com\/it\/wp-json\/wp\/v2\/types\/page"}],"author":[{"embeddable":true,"href":"https:\/\/www.loopkinglaces.com\/it\/wp-json\/wp\/v2\/users\/1"}],"replies":[{"embeddable":true,"href":"https:\/\/www.loopkinglaces.com\/it\/wp-json\/wp\/v2\/comments?post=78732"}],"version-history":[{"count":0,"href":"https:\/\/www.loopkinglaces.com\/it\/wp-json\/wp\/v2\/pages\/78732\/revisions"}],"wp:attachment":[{"href":"https:\/\/www.loopkinglaces.com\/it\/wp-json\/wp\/v2\/media?parent=78732"}],"curies":[{"name":"wp","href":"https:\/\/api.w.org\/{rel}","templated":true}]}}