{"id":78728,"date":"2017-12-07T14:36:21","date_gmt":"2017-12-07T14:36:21","guid":{"rendered":"https:\/\/www.loopkinglaces.com\/restituzioni-e-rimborsi\/"},"modified":"2024-11-19T22:56:31","modified_gmt":"2024-11-19T22:56:31","slug":"restituzioni-e-rimborsi","status":"publish","type":"page","link":"https:\/\/www.loopkinglaces.com\/it\/restituzioni-e-rimborsi\/","title":{"rendered":"RESTITUZIONI E RIMBORSI"},"content":{"rendered":"\n<h1><strong>Politica di restituzione e cancellazione<\/strong><\/h1>\n<p>Vogliamo offrirti la migliore esperienza possibile e per questo ti offriamo una politica di restituzione di 30 giorni che ti permette di rispedirci il tuo ordine se cambi idea dopo averlo ricevuto. Puoi cambiare o ottenere un rimborso entro 30 giorni, nel rispetto dei termini indicati di seguito. <\/p>\n<h2><strong>Cancellazione<\/strong><\/h2>\n<p><span style=\"font-weight: 400;\">Se vuoi cancellare il tuo ordine poco dopo averlo effettuato, ti preghiamo di <\/span><a href=\"https:\/\/www.loopkinglaces.com\/contact\/\"><span style=\"font-weight: 400;\">contattaci<\/span><\/a><span style=\"font-weight: 400;\">  entro 2-3 ore e faremo del nostro meglio per cancellare il tuo acquisto e rimborsarti subito. Lavoriamo molto duramente per spedire i prodotti il prima possibile, in modo che ti arrivino rapidamente. Pertanto, una volta avviato il processo di imballaggio e spedizione, il tuo ordine non potr\u00e0 essere annullato.  <\/span><\/p>\n<h2><b>Restituzioni<\/b><\/h2>\n<p><span style=\"font-weight: 400;\">Se abbiamo commesso un errore nella spedizione dell&#8217;articolo sbagliato, ti invieremo l&#8217;articolo o gli articoli corretti senza alcun costo aggiuntivo.<\/span><\/p>\n<p><span style=\"font-weight: 400;\">Se per qualsiasi motivo desideri sostituire un prodotto con un altro o ottenere un rimborso, contattaci. <\/span><a href=\"https:\/\/www.loopkinglaces.com\/contact\/\"><span style=\"font-weight: 400;\">contattaci<\/span><\/a><span style=\"font-weight: 400;\">  entro 30 giorni dall&#8217;ordine e ti risponderemo entro 1-2 giorni lavorativi per organizzare il tutto. Ti ricordiamo che possiamo accettare la restituzione di un articolo solo se l&#8217;imballaggio originale \u00e8 integro e non aperto.   <\/span><\/p>\n<p><span style=\"font-weight: 400;\">\u00c8 sufficiente restituirci gli articoli non aperti a tue spese e noi li sostituiremo con un articolo di valore uguale o inferiore o ti rimborseremo il denaro (a tua scelta) purch\u00e9 l&#8217;articolo sia ancora nella confezione originale, sigillato e senza segni di usura o di rimozione dalla confezione.  <\/span><\/p>\n<p><span style=\"font-weight: 400;\">I rimborsi vengono solitamente elaborati da noi entro 1-2 giorni dalla ricezione degli articoli; i fondi vengono trasferiti sul tuo conto entro 5-10 giorni lavorativi. Poich\u00e9 le banche controllano l&#8217;ultima fase di questo processo, tutto ci\u00f2 che possiamo fare \u00e8 avviare rapidamente il rimborso. <\/span><\/p>\n","protected":false},"excerpt":{"rendered":"<p>Politica di restituzione e cancellazione Vogliamo offrirti la migliore esperienza possibile e per questo ti offriamo una politica di restituzione di 30 giorni che ti permette di rispedirci il tuo ordine se cambi idea dopo averlo ricevuto. Puoi cambiare o ottenere un rimborso entro 30 giorni, nel rispetto dei termini indicati di seguito. Cancellazione Se&#8230; Read More<\/p>\n","protected":false},"author":1,"featured_media":0,"parent":0,"menu_order":0,"comment_status":"closed","ping_status":"closed","template":"","meta":{"_acf_changed":false,"footnotes":""},"class_list":["post-78728","page","type-page","status-publish","hentry"],"acf":[],"yoast_head":"<!-- This site is optimized with the Yoast SEO plugin v27.4 - https:\/\/yoast.com\/product\/yoast-seo-wordpress\/ -->\n<title>Politica di restituzione e cancellazione - Loop King Laces<\/title>\n<meta name=\"robots\" content=\"index, follow, max-snippet:-1, max-image-preview:large, max-video-preview:-1\" \/>\n<link rel=\"canonical\" href=\"https:\/\/www.loopkinglaces.com\/it\/restituzioni-e-rimborsi\/\" \/>\n<meta property=\"og:locale\" content=\"it_IT\" \/>\n<meta property=\"og:type\" content=\"article\" \/>\n<meta property=\"og:title\" content=\"Politica di restituzione e cancellazione - Loop King Laces\" \/>\n<meta property=\"og:description\" content=\"Politica di restituzione e cancellazione Vogliamo offrirti la migliore esperienza possibile e per questo ti offriamo una politica di restituzione di 30 giorni che ti permette di rispedirci il tuo ordine se cambi idea dopo averlo ricevuto. Puoi cambiare o ottenere un rimborso entro 30 giorni, nel rispetto dei termini indicati di seguito. Cancellazione Se... Read More\" \/>\n<meta property=\"og:url\" content=\"https:\/\/www.loopkinglaces.com\/it\/restituzioni-e-rimborsi\/\" \/>\n<meta property=\"og:site_name\" content=\"Luxury Gold Tip Shoelaces by Loop King Laces\" \/>\n<meta property=\"article:publisher\" content=\"https:\/\/www.facebook.com\/LoopKingLaces\/\" \/>\n<meta property=\"article:modified_time\" content=\"2024-11-19T22:56:31+00:00\" \/>\n<meta name=\"twitter:card\" content=\"summary_large_image\" \/>\n<meta name=\"twitter:site\" content=\"@loopkinglaces\" \/>\n<meta name=\"twitter:label1\" content=\"Tempo di lettura stimato\" \/>\n\t<meta name=\"twitter:data1\" content=\"1 minuto\" \/>\n<script type=\"application\/ld+json\" class=\"yoast-schema-graph\">{\"@context\":\"https:\\\/\\\/schema.org\",\"@graph\":[{\"@type\":\"WebPage\",\"@id\":\"https:\\\/\\\/www.loopkinglaces.com\\\/it\\\/restituzioni-e-rimborsi\\\/\",\"url\":\"https:\\\/\\\/www.loopkinglaces.com\\\/it\\\/restituzioni-e-rimborsi\\\/\",\"name\":\"Politica di restituzione e cancellazione - Loop King Laces\",\"isPartOf\":{\"@id\":\"https:\\\/\\\/www.loopkinglaces.com\\\/it\\\/#website\"},\"datePublished\":\"2017-12-07T14:36:21+00:00\",\"dateModified\":\"2024-11-19T22:56:31+00:00\",\"breadcrumb\":{\"@id\":\"https:\\\/\\\/www.loopkinglaces.com\\\/it\\\/restituzioni-e-rimborsi\\\/#breadcrumb\"},\"inLanguage\":\"it-IT\",\"potentialAction\":[{\"@type\":\"ReadAction\",\"target\":[\"https:\\\/\\\/www.loopkinglaces.com\\\/it\\\/restituzioni-e-rimborsi\\\/\"]}]},{\"@type\":\"BreadcrumbList\",\"@id\":\"https:\\\/\\\/www.loopkinglaces.com\\\/it\\\/restituzioni-e-rimborsi\\\/#breadcrumb\",\"itemListElement\":[{\"@type\":\"ListItem\",\"position\":1,\"name\":\"Home\",\"item\":\"https:\\\/\\\/www.loopkinglaces.com\\\/it\\\/\"},{\"@type\":\"ListItem\",\"position\":2,\"name\":\"RESTITUZIONI E RIMBORSI\"}]},{\"@type\":\"WebSite\",\"@id\":\"https:\\\/\\\/www.loopkinglaces.com\\\/it\\\/#website\",\"url\":\"https:\\\/\\\/www.loopkinglaces.com\\\/it\\\/\",\"name\":\"Luxury Gold Tip Shoelaces by Loop King Laces\",\"description\":\"Rope Laces, Flat Waxed Laces and Leather Laces. All With Gold Tips.\",\"publisher\":{\"@id\":\"https:\\\/\\\/www.loopkinglaces.com\\\/it\\\/#organization\"},\"potentialAction\":[{\"@type\":\"SearchAction\",\"target\":{\"@type\":\"EntryPoint\",\"urlTemplate\":\"https:\\\/\\\/www.loopkinglaces.com\\\/it\\\/?s={search_term_string}\"},\"query-input\":{\"@type\":\"PropertyValueSpecification\",\"valueRequired\":true,\"valueName\":\"search_term_string\"}}],\"inLanguage\":\"it-IT\"},{\"@type\":\"Organization\",\"@id\":\"https:\\\/\\\/www.loopkinglaces.com\\\/it\\\/#organization\",\"name\":\"Loop King Laces\",\"url\":\"https:\\\/\\\/www.loopkinglaces.com\\\/it\\\/\",\"logo\":{\"@type\":\"ImageObject\",\"inLanguage\":\"it-IT\",\"@id\":\"https:\\\/\\\/www.loopkinglaces.com\\\/it\\\/#\\\/schema\\\/logo\\\/image\\\/\",\"url\":\"https:\\\/\\\/www.loopkinglaces.com\\\/wp-content\\\/uploads\\\/LOOP-KING-LACES.1.1-01-LOGO-HI-RES-OFFICIAL-1.png\",\"contentUrl\":\"https:\\\/\\\/www.loopkinglaces.com\\\/wp-content\\\/uploads\\\/LOOP-KING-LACES.1.1-01-LOGO-HI-RES-OFFICIAL-1.png\",\"width\":128,\"height\":91,\"caption\":\"Loop King Laces\"},\"image\":{\"@id\":\"https:\\\/\\\/www.loopkinglaces.com\\\/it\\\/#\\\/schema\\\/logo\\\/image\\\/\"},\"sameAs\":[\"https:\\\/\\\/www.facebook.com\\\/LoopKingLaces\\\/\",\"https:\\\/\\\/x.com\\\/loopkinglaces\",\"https:\\\/\\\/www.instagram.com\\\/loopkinglaces\\\/\"]}]}<\/script>\n<!-- \/ Yoast SEO plugin. -->","yoast_head_json":{"title":"Politica di restituzione e cancellazione - Loop King Laces","robots":{"index":"index","follow":"follow","max-snippet":"max-snippet:-1","max-image-preview":"max-image-preview:large","max-video-preview":"max-video-preview:-1"},"canonical":"https:\/\/www.loopkinglaces.com\/it\/restituzioni-e-rimborsi\/","og_locale":"it_IT","og_type":"article","og_title":"Politica di restituzione e cancellazione - Loop King Laces","og_description":"Politica di restituzione e cancellazione Vogliamo offrirti la migliore esperienza possibile e per questo ti offriamo una politica di restituzione di 30 giorni che ti permette di rispedirci il tuo ordine se cambi idea dopo averlo ricevuto. Puoi cambiare o ottenere un rimborso entro 30 giorni, nel rispetto dei termini indicati di seguito. Cancellazione Se... Read More","og_url":"https:\/\/www.loopkinglaces.com\/it\/restituzioni-e-rimborsi\/","og_site_name":"Luxury Gold Tip Shoelaces by Loop King Laces","article_publisher":"https:\/\/www.facebook.com\/LoopKingLaces\/","article_modified_time":"2024-11-19T22:56:31+00:00","twitter_card":"summary_large_image","twitter_site":"@loopkinglaces","twitter_misc":{"Tempo di lettura stimato":"1 minuto"},"schema":{"@context":"https:\/\/schema.org","@graph":[{"@type":"WebPage","@id":"https:\/\/www.loopkinglaces.com\/it\/restituzioni-e-rimborsi\/","url":"https:\/\/www.loopkinglaces.com\/it\/restituzioni-e-rimborsi\/","name":"Politica di restituzione e cancellazione - Loop King Laces","isPartOf":{"@id":"https:\/\/www.loopkinglaces.com\/it\/#website"},"datePublished":"2017-12-07T14:36:21+00:00","dateModified":"2024-11-19T22:56:31+00:00","breadcrumb":{"@id":"https:\/\/www.loopkinglaces.com\/it\/restituzioni-e-rimborsi\/#breadcrumb"},"inLanguage":"it-IT","potentialAction":[{"@type":"ReadAction","target":["https:\/\/www.loopkinglaces.com\/it\/restituzioni-e-rimborsi\/"]}]},{"@type":"BreadcrumbList","@id":"https:\/\/www.loopkinglaces.com\/it\/restituzioni-e-rimborsi\/#breadcrumb","itemListElement":[{"@type":"ListItem","position":1,"name":"Home","item":"https:\/\/www.loopkinglaces.com\/it\/"},{"@type":"ListItem","position":2,"name":"RESTITUZIONI E RIMBORSI"}]},{"@type":"WebSite","@id":"https:\/\/www.loopkinglaces.com\/it\/#website","url":"https:\/\/www.loopkinglaces.com\/it\/","name":"Luxury Gold Tip Shoelaces by Loop King Laces","description":"Rope Laces, Flat Waxed Laces and Leather Laces. All With Gold Tips.","publisher":{"@id":"https:\/\/www.loopkinglaces.com\/it\/#organization"},"potentialAction":[{"@type":"SearchAction","target":{"@type":"EntryPoint","urlTemplate":"https:\/\/www.loopkinglaces.com\/it\/?s={search_term_string}"},"query-input":{"@type":"PropertyValueSpecification","valueRequired":true,"valueName":"search_term_string"}}],"inLanguage":"it-IT"},{"@type":"Organization","@id":"https:\/\/www.loopkinglaces.com\/it\/#organization","name":"Loop King Laces","url":"https:\/\/www.loopkinglaces.com\/it\/","logo":{"@type":"ImageObject","inLanguage":"it-IT","@id":"https:\/\/www.loopkinglaces.com\/it\/#\/schema\/logo\/image\/","url":"https:\/\/www.loopkinglaces.com\/wp-content\/uploads\/LOOP-KING-LACES.1.1-01-LOGO-HI-RES-OFFICIAL-1.png","contentUrl":"https:\/\/www.loopkinglaces.com\/wp-content\/uploads\/LOOP-KING-LACES.1.1-01-LOGO-HI-RES-OFFICIAL-1.png","width":128,"height":91,"caption":"Loop King Laces"},"image":{"@id":"https:\/\/www.loopkinglaces.com\/it\/#\/schema\/logo\/image\/"},"sameAs":["https:\/\/www.facebook.com\/LoopKingLaces\/","https:\/\/x.com\/loopkinglaces","https:\/\/www.instagram.com\/loopkinglaces\/"]}]}},"_links":{"self":[{"href":"https:\/\/www.loopkinglaces.com\/it\/wp-json\/wp\/v2\/pages\/78728","targetHints":{"allow":["GET"]}}],"collection":[{"href":"https:\/\/www.loopkinglaces.com\/it\/wp-json\/wp\/v2\/pages"}],"about":[{"href":"https:\/\/www.loopkinglaces.com\/it\/wp-json\/wp\/v2\/types\/page"}],"author":[{"embeddable":true,"href":"https:\/\/www.loopkinglaces.com\/it\/wp-json\/wp\/v2\/users\/1"}],"replies":[{"embeddable":true,"href":"https:\/\/www.loopkinglaces.com\/it\/wp-json\/wp\/v2\/comments?post=78728"}],"version-history":[{"count":0,"href":"https:\/\/www.loopkinglaces.com\/it\/wp-json\/wp\/v2\/pages\/78728\/revisions"}],"wp:attachment":[{"href":"https:\/\/www.loopkinglaces.com\/it\/wp-json\/wp\/v2\/media?parent=78728"}],"curies":[{"name":"wp","href":"https:\/\/api.w.org\/{rel}","templated":true}]}}