{"id":74438,"date":"2017-07-08T16:46:37","date_gmt":"2017-07-08T16:46:37","guid":{"rendered":"https:\/\/www.loopkinglaces.com\/products\/chaussures-de-luxe-en-cuir-dore-avec-pointes-dorees\/"},"modified":"2026-04-11T13:37:36","modified_gmt":"2026-04-11T13:37:36","slug":"chaussures-de-luxe-en-cuir-dore-avec-pointes-dorees","status":"publish","type":"product","link":"https:\/\/www.loopkinglaces.com\/fr\/products\/chaussures-de-luxe-en-cuir-dore-avec-pointes-dorees\/","title":{"rendered":"Chaussures de luxe en cuir dor\u00e9 avec pointes dor\u00e9es"},"content":{"rendered":"<h3><a href=\"https:\/\/www.loopkinglaces.com\/\">Lacets de luxe pour baskets<\/a><\/h3>\n<p>  Loop King Laces ne fournit que des <a href=\"\/gold-tip-shoelaces\/\">lacets de chaussures \u00e0 pointe dor\u00e9e de<\/a> la plus haute qualit\u00e9.<br \/>\nNos lacets en cuir v\u00e9ritable sont fabriqu\u00e9s avec des pointes en m\u00e9tal gaufr\u00e9 qui portent l&#8217;inscription LOOP KING et notre couronne symbolique.<br \/>\nChaque lacet est 100 % r\u00e9sistant au feu, ce qui montre la qualit\u00e9 r\u00e9elle du lacet.<br \/>\nNos lacets s&#8217;adaptent \u00e0 tous les types de baskets et de marques, y compris Adidas, Nike, VANS et ainsi de suite, et transforment m\u00eame les chaussures Jordan en lacets Jordan avec des pointes en m\u00e9tal !<br \/>\nPour conna\u00eetre la longueur du lacet de ta basket, visite notre <a href=\"\/shoelace-size-chart\/\">guide des tailles<\/a> o\u00f9 tu pourras trouver la taille de lacet parfaite pour tes chaussures.      &nbsp;<\/p>\n","protected":false},"excerpt":{"rendered":"<p><strong>Lacets pour chaussures en cuir dor\u00e9 avec pointes dor\u00e9es<\/strong> Loop King Laces &#8211; Nos lacets pour chaussures en cuir dor\u00e9 sont dot\u00e9s de pointes en m\u00e9tal gaufr\u00e9. Tous nos lacets de chaussures de luxe sont fabriqu\u00e9s en cuir v\u00e9ritable avec des mat\u00e9riaux de la plus haute qualit\u00e9, tant pour le lacet que pour l&#8217;embout m\u00e9tallique. Regarde nos caract\u00e9ristiques compl\u00e8tes ci-dessous :  <\/p>\n<ul>\n<li>Largeur de 6 mm (plat)<\/li>\n<li>Lacets en cuir v\u00e9ritable<\/li>\n<li>100% <strong>r\u00e9sistant \u00e0 la flamme<\/strong><\/li>\n<li>Aglette d&#8217;or du roi des boucles<\/li>\n<li>Beautiful Loop King Emballage par lacet<\/li>\n<\/ul>\n","protected":false},"featured_media":74482,"comment_status":"open","ping_status":"closed","template":"","meta":{"_acf_changed":false},"product_brand":[],"product_cat":[1511,1066,1658,1241,1185,951,1661,1450,1081,1233,1659,947,1650],"product_tag":[1072,1530,962,1073,961,963],"woo-feed-brand":[],"class_list":{"0":"post-74438","1":"product","2":"type-product","3":"status-publish","4":"has-post-thumbnail","6":"product_cat-adidas-samba-laces-le-changement-de-jeu-auquel-tu-nas-jamais-pense","7":"product_cat-collection-elegante-de-lacets-de-45-pouces","8":"product_cat-des-lacets-de-bottes-colores-qui-ajoutent-du-style-du-confort-et-de-lelegance","9":"product_cat-donne-une-seconde-chance-a-tes-bottes-avec-les-lacets-de-80-pouces","10":"product_cat-lacets-a-pointe-dor","11":"product_cat-lacets-de-30-pouces-tous-les-lacets-modernes-et-de-haute-qualite","12":"product_cat-lacets-de-chaussures-merrell-relation-amour-haine","13":"product_cat-lacets-dores-de-qualite-superieure-le-choix-du-luxe","14":"product_cat-lacets-en-cuir-de-luxe","15":"product_cat-lacets-extra-longs-plus-quune-tendance-un-mode-de-vie","16":"product_cat-lacets-footjoy-de-niveau-elite-qui-ameliorent-ton-jeu","17":"product_cat-tous-les-lacets","18":"product_cat-tous-les-lacets-fantastiques-pour-les-chaussures-lebron","19":"product_tag-chaussures","20":"product_tag-lor","21":"product_tag-lacets","22":"product_tag-lacets-en-cuir","23":"product_tag-loop-king-fr","24":"product_tag-pointe-en-metal","26":"first","27":"instock","28":"taxable","29":"shipping-taxable","30":"purchasable","31":"product-type-variable"},"acf":[],"yoast_head":"<!-- This site is optimized with the Yoast SEO plugin v27.3 - https:\/\/yoast.com\/product\/yoast-seo-wordpress\/ -->\n<title>Shop Gold Shoelaces - Style tes chaussures avec luxe<\/title>\n<meta name=\"description\" content=\"Ach\u00e8te ici des lacets de chaussures en or qui sont con\u00e7us \u00e0 partir de mat\u00e9riaux de premi\u00e8re qualit\u00e9. Ces lacets de chaussures de luxe te feront d\u00e9border de fiert\u00e9.\" \/>\n<meta name=\"robots\" content=\"index, follow, max-snippet:-1, max-image-preview:large, max-video-preview:-1\" \/>\n<link rel=\"canonical\" href=\"https:\/\/www.loopkinglaces.com\/fr\/products\/chaussures-de-luxe-en-cuir-dore-avec-pointes-dorees\/\" \/>\n<meta property=\"og:locale\" content=\"fr_FR\" \/>\n<meta property=\"og:type\" content=\"article\" \/>\n<meta property=\"og:title\" content=\"Shop Gold Shoelaces - Style tes chaussures avec luxe\" \/>\n<meta property=\"og:description\" content=\"Ach\u00e8te ici des lacets de chaussures en or qui sont con\u00e7us \u00e0 partir de mat\u00e9riaux de premi\u00e8re qualit\u00e9. Ces lacets de chaussures de luxe te feront d\u00e9border de fiert\u00e9.\" \/>\n<meta property=\"og:url\" content=\"https:\/\/www.loopkinglaces.com\/fr\/products\/chaussures-de-luxe-en-cuir-dore-avec-pointes-dorees\/\" \/>\n<meta property=\"og:site_name\" content=\"Luxury Gold Tip Shoelaces by Loop King Laces\" \/>\n<meta property=\"article:publisher\" content=\"https:\/\/www.facebook.com\/LoopKingLaces\/\" \/>\n<meta property=\"article:modified_time\" content=\"2026-04-11T13:37:36+00:00\" \/>\n<meta property=\"og:image\" content=\"https:\/\/www.loopkinglaces.com\/wp-content\/uploads\/Luxury-Gold-Leather-Shoe-Laces-With-Gold-Tips.jpg\" \/>\n\t<meta property=\"og:image:width\" content=\"1000\" \/>\n\t<meta property=\"og:image:height\" content=\"1000\" \/>\n\t<meta property=\"og:image:type\" content=\"image\/jpeg\" \/>\n<meta name=\"twitter:card\" content=\"summary_large_image\" \/>\n<meta name=\"twitter:site\" content=\"@loopkinglaces\" \/>\n<meta name=\"twitter:label1\" content=\"Dur\u00e9e de lecture estim\u00e9e\" \/>\n\t<meta name=\"twitter:data1\" content=\"1 minute\" \/>\n<script type=\"application\/ld+json\" class=\"yoast-schema-graph\">{\"@context\":\"https:\\\/\\\/schema.org\",\"@graph\":[{\"@type\":[\"WebPage\",\"ItemPage\"],\"@id\":\"https:\\\/\\\/www.loopkinglaces.com\\\/fr\\\/products\\\/chaussures-de-luxe-en-cuir-dore-avec-pointes-dorees\\\/\",\"url\":\"https:\\\/\\\/www.loopkinglaces.com\\\/fr\\\/products\\\/chaussures-de-luxe-en-cuir-dore-avec-pointes-dorees\\\/\",\"name\":\"Shop Gold Shoelaces - Style tes chaussures avec luxe\",\"isPartOf\":{\"@id\":\"https:\\\/\\\/www.loopkinglaces.com\\\/fr\\\/#website\"},\"primaryImageOfPage\":{\"@id\":\"https:\\\/\\\/www.loopkinglaces.com\\\/fr\\\/products\\\/chaussures-de-luxe-en-cuir-dore-avec-pointes-dorees\\\/#primaryimage\"},\"image\":{\"@id\":\"https:\\\/\\\/www.loopkinglaces.com\\\/fr\\\/products\\\/chaussures-de-luxe-en-cuir-dore-avec-pointes-dorees\\\/#primaryimage\"},\"thumbnailUrl\":\"https:\\\/\\\/www.loopkinglaces.com\\\/wp-content\\\/uploads\\\/Luxury-Gold-Leather-Shoe-Laces-With-Gold-Tips.jpg\",\"datePublished\":\"2017-07-08T16:46:37+00:00\",\"dateModified\":\"2026-04-11T13:37:36+00:00\",\"description\":\"Ach\u00e8te ici des lacets de chaussures en or qui sont con\u00e7us \u00e0 partir de mat\u00e9riaux de premi\u00e8re qualit\u00e9. Ces lacets de chaussures de luxe te feront d\u00e9border de fiert\u00e9.\",\"breadcrumb\":{\"@id\":\"https:\\\/\\\/www.loopkinglaces.com\\\/fr\\\/products\\\/chaussures-de-luxe-en-cuir-dore-avec-pointes-dorees\\\/#breadcrumb\"},\"inLanguage\":\"fr-FR\",\"potentialAction\":[{\"@type\":\"ReadAction\",\"target\":[\"https:\\\/\\\/www.loopkinglaces.com\\\/fr\\\/products\\\/chaussures-de-luxe-en-cuir-dore-avec-pointes-dorees\\\/\"]}]},{\"@type\":\"ImageObject\",\"inLanguage\":\"fr-FR\",\"@id\":\"https:\\\/\\\/www.loopkinglaces.com\\\/fr\\\/products\\\/chaussures-de-luxe-en-cuir-dore-avec-pointes-dorees\\\/#primaryimage\",\"url\":\"https:\\\/\\\/www.loopkinglaces.com\\\/wp-content\\\/uploads\\\/Luxury-Gold-Leather-Shoe-Laces-With-Gold-Tips.jpg\",\"contentUrl\":\"https:\\\/\\\/www.loopkinglaces.com\\\/wp-content\\\/uploads\\\/Luxury-Gold-Leather-Shoe-Laces-With-Gold-Tips.jpg\",\"width\":1000,\"height\":1000},{\"@type\":\"BreadcrumbList\",\"@id\":\"https:\\\/\\\/www.loopkinglaces.com\\\/fr\\\/products\\\/chaussures-de-luxe-en-cuir-dore-avec-pointes-dorees\\\/#breadcrumb\",\"itemListElement\":[{\"@type\":\"ListItem\",\"position\":1,\"name\":\"Home\",\"item\":\"https:\\\/\\\/www.loopkinglaces.com\\\/fr\\\/\"},{\"@type\":\"ListItem\",\"position\":2,\"name\":\"ACHETER DES LACES\",\"item\":\"https:\\\/\\\/www.loopkinglaces.com\\\/fr\\\/acheter-des-laces\\\/\"},{\"@type\":\"ListItem\",\"position\":3,\"name\":\"Chaussures de luxe en cuir dor\u00e9 avec pointes dor\u00e9es\"}]},{\"@type\":\"WebSite\",\"@id\":\"https:\\\/\\\/www.loopkinglaces.com\\\/fr\\\/#website\",\"url\":\"https:\\\/\\\/www.loopkinglaces.com\\\/fr\\\/\",\"name\":\"Luxury Gold Tip Shoelaces by Loop King Laces\",\"description\":\"Rope Laces, Flat Waxed Laces and Leather Laces. All With Gold Tips.\",\"publisher\":{\"@id\":\"https:\\\/\\\/www.loopkinglaces.com\\\/fr\\\/#organization\"},\"potentialAction\":[{\"@type\":\"SearchAction\",\"target\":{\"@type\":\"EntryPoint\",\"urlTemplate\":\"https:\\\/\\\/www.loopkinglaces.com\\\/fr\\\/?s={search_term_string}\"},\"query-input\":{\"@type\":\"PropertyValueSpecification\",\"valueRequired\":true,\"valueName\":\"search_term_string\"}}],\"inLanguage\":\"fr-FR\"},{\"@type\":\"Organization\",\"@id\":\"https:\\\/\\\/www.loopkinglaces.com\\\/fr\\\/#organization\",\"name\":\"Loop King Laces\",\"url\":\"https:\\\/\\\/www.loopkinglaces.com\\\/fr\\\/\",\"logo\":{\"@type\":\"ImageObject\",\"inLanguage\":\"fr-FR\",\"@id\":\"https:\\\/\\\/www.loopkinglaces.com\\\/fr\\\/#\\\/schema\\\/logo\\\/image\\\/\",\"url\":\"https:\\\/\\\/www.loopkinglaces.com\\\/wp-content\\\/uploads\\\/LOOP-KING-LACES.1.1-01-LOGO-HI-RES-OFFICIAL-1.png\",\"contentUrl\":\"https:\\\/\\\/www.loopkinglaces.com\\\/wp-content\\\/uploads\\\/LOOP-KING-LACES.1.1-01-LOGO-HI-RES-OFFICIAL-1.png\",\"width\":128,\"height\":91,\"caption\":\"Loop King Laces\"},\"image\":{\"@id\":\"https:\\\/\\\/www.loopkinglaces.com\\\/fr\\\/#\\\/schema\\\/logo\\\/image\\\/\"},\"sameAs\":[\"https:\\\/\\\/www.facebook.com\\\/LoopKingLaces\\\/\",\"https:\\\/\\\/x.com\\\/loopkinglaces\",\"https:\\\/\\\/www.instagram.com\\\/loopkinglaces\\\/\"]}]}<\/script>\n<!-- \/ Yoast SEO plugin. -->","yoast_head_json":{"title":"Shop Gold Shoelaces - Style tes chaussures avec luxe","description":"Ach\u00e8te ici des lacets de chaussures en or qui sont con\u00e7us \u00e0 partir de mat\u00e9riaux de premi\u00e8re qualit\u00e9. Ces lacets de chaussures de luxe te feront d\u00e9border de fiert\u00e9.","robots":{"index":"index","follow":"follow","max-snippet":"max-snippet:-1","max-image-preview":"max-image-preview:large","max-video-preview":"max-video-preview:-1"},"canonical":"https:\/\/www.loopkinglaces.com\/fr\/products\/chaussures-de-luxe-en-cuir-dore-avec-pointes-dorees\/","og_locale":"fr_FR","og_type":"article","og_title":"Shop Gold Shoelaces - Style tes chaussures avec luxe","og_description":"Ach\u00e8te ici des lacets de chaussures en or qui sont con\u00e7us \u00e0 partir de mat\u00e9riaux de premi\u00e8re qualit\u00e9. Ces lacets de chaussures de luxe te feront d\u00e9border de fiert\u00e9.","og_url":"https:\/\/www.loopkinglaces.com\/fr\/products\/chaussures-de-luxe-en-cuir-dore-avec-pointes-dorees\/","og_site_name":"Luxury Gold Tip Shoelaces by Loop King Laces","article_publisher":"https:\/\/www.facebook.com\/LoopKingLaces\/","article_modified_time":"2026-04-11T13:37:36+00:00","og_image":[{"width":1000,"height":1000,"url":"https:\/\/www.loopkinglaces.com\/wp-content\/uploads\/Luxury-Gold-Leather-Shoe-Laces-With-Gold-Tips.jpg","type":"image\/jpeg"}],"twitter_card":"summary_large_image","twitter_site":"@loopkinglaces","twitter_misc":{"Dur\u00e9e de lecture estim\u00e9e":"1 minute"},"schema":{"@context":"https:\/\/schema.org","@graph":[{"@type":["WebPage","ItemPage"],"@id":"https:\/\/www.loopkinglaces.com\/fr\/products\/chaussures-de-luxe-en-cuir-dore-avec-pointes-dorees\/","url":"https:\/\/www.loopkinglaces.com\/fr\/products\/chaussures-de-luxe-en-cuir-dore-avec-pointes-dorees\/","name":"Shop Gold Shoelaces - Style tes chaussures avec luxe","isPartOf":{"@id":"https:\/\/www.loopkinglaces.com\/fr\/#website"},"primaryImageOfPage":{"@id":"https:\/\/www.loopkinglaces.com\/fr\/products\/chaussures-de-luxe-en-cuir-dore-avec-pointes-dorees\/#primaryimage"},"image":{"@id":"https:\/\/www.loopkinglaces.com\/fr\/products\/chaussures-de-luxe-en-cuir-dore-avec-pointes-dorees\/#primaryimage"},"thumbnailUrl":"https:\/\/www.loopkinglaces.com\/wp-content\/uploads\/Luxury-Gold-Leather-Shoe-Laces-With-Gold-Tips.jpg","datePublished":"2017-07-08T16:46:37+00:00","dateModified":"2026-04-11T13:37:36+00:00","description":"Ach\u00e8te ici des lacets de chaussures en or qui sont con\u00e7us \u00e0 partir de mat\u00e9riaux de premi\u00e8re qualit\u00e9. Ces lacets de chaussures de luxe te feront d\u00e9border de fiert\u00e9.","breadcrumb":{"@id":"https:\/\/www.loopkinglaces.com\/fr\/products\/chaussures-de-luxe-en-cuir-dore-avec-pointes-dorees\/#breadcrumb"},"inLanguage":"fr-FR","potentialAction":[{"@type":"ReadAction","target":["https:\/\/www.loopkinglaces.com\/fr\/products\/chaussures-de-luxe-en-cuir-dore-avec-pointes-dorees\/"]}]},{"@type":"ImageObject","inLanguage":"fr-FR","@id":"https:\/\/www.loopkinglaces.com\/fr\/products\/chaussures-de-luxe-en-cuir-dore-avec-pointes-dorees\/#primaryimage","url":"https:\/\/www.loopkinglaces.com\/wp-content\/uploads\/Luxury-Gold-Leather-Shoe-Laces-With-Gold-Tips.jpg","contentUrl":"https:\/\/www.loopkinglaces.com\/wp-content\/uploads\/Luxury-Gold-Leather-Shoe-Laces-With-Gold-Tips.jpg","width":1000,"height":1000},{"@type":"BreadcrumbList","@id":"https:\/\/www.loopkinglaces.com\/fr\/products\/chaussures-de-luxe-en-cuir-dore-avec-pointes-dorees\/#breadcrumb","itemListElement":[{"@type":"ListItem","position":1,"name":"Home","item":"https:\/\/www.loopkinglaces.com\/fr\/"},{"@type":"ListItem","position":2,"name":"ACHETER DES LACES","item":"https:\/\/www.loopkinglaces.com\/fr\/acheter-des-laces\/"},{"@type":"ListItem","position":3,"name":"Chaussures de luxe en cuir dor\u00e9 avec pointes dor\u00e9es"}]},{"@type":"WebSite","@id":"https:\/\/www.loopkinglaces.com\/fr\/#website","url":"https:\/\/www.loopkinglaces.com\/fr\/","name":"Luxury Gold Tip Shoelaces by Loop King Laces","description":"Rope Laces, Flat Waxed Laces and Leather Laces. All With Gold Tips.","publisher":{"@id":"https:\/\/www.loopkinglaces.com\/fr\/#organization"},"potentialAction":[{"@type":"SearchAction","target":{"@type":"EntryPoint","urlTemplate":"https:\/\/www.loopkinglaces.com\/fr\/?s={search_term_string}"},"query-input":{"@type":"PropertyValueSpecification","valueRequired":true,"valueName":"search_term_string"}}],"inLanguage":"fr-FR"},{"@type":"Organization","@id":"https:\/\/www.loopkinglaces.com\/fr\/#organization","name":"Loop King Laces","url":"https:\/\/www.loopkinglaces.com\/fr\/","logo":{"@type":"ImageObject","inLanguage":"fr-FR","@id":"https:\/\/www.loopkinglaces.com\/fr\/#\/schema\/logo\/image\/","url":"https:\/\/www.loopkinglaces.com\/wp-content\/uploads\/LOOP-KING-LACES.1.1-01-LOGO-HI-RES-OFFICIAL-1.png","contentUrl":"https:\/\/www.loopkinglaces.com\/wp-content\/uploads\/LOOP-KING-LACES.1.1-01-LOGO-HI-RES-OFFICIAL-1.png","width":128,"height":91,"caption":"Loop King Laces"},"image":{"@id":"https:\/\/www.loopkinglaces.com\/fr\/#\/schema\/logo\/image\/"},"sameAs":["https:\/\/www.facebook.com\/LoopKingLaces\/","https:\/\/x.com\/loopkinglaces","https:\/\/www.instagram.com\/loopkinglaces\/"]}]}},"_links":{"self":[{"href":"https:\/\/www.loopkinglaces.com\/fr\/wp-json\/wp\/v2\/product\/74438","targetHints":{"allow":["GET"]}}],"collection":[{"href":"https:\/\/www.loopkinglaces.com\/fr\/wp-json\/wp\/v2\/product"}],"about":[{"href":"https:\/\/www.loopkinglaces.com\/fr\/wp-json\/wp\/v2\/types\/product"}],"replies":[{"embeddable":true,"href":"https:\/\/www.loopkinglaces.com\/fr\/wp-json\/wp\/v2\/comments?post=74438"}],"wp:featuredmedia":[{"embeddable":true,"href":"https:\/\/www.loopkinglaces.com\/fr\/wp-json\/wp\/v2\/media\/74482"}],"wp:attachment":[{"href":"https:\/\/www.loopkinglaces.com\/fr\/wp-json\/wp\/v2\/media?parent=74438"}],"wp:term":[{"taxonomy":"product_brand","embeddable":true,"href":"https:\/\/www.loopkinglaces.com\/fr\/wp-json\/wp\/v2\/product_brand?post=74438"},{"taxonomy":"product_cat","embeddable":true,"href":"https:\/\/www.loopkinglaces.com\/fr\/wp-json\/wp\/v2\/product_cat?post=74438"},{"taxonomy":"product_tag","embeddable":true,"href":"https:\/\/www.loopkinglaces.com\/fr\/wp-json\/wp\/v2\/product_tag?post=74438"},{"taxonomy":"woo-feed-brand","embeddable":true,"href":"https:\/\/www.loopkinglaces.com\/fr\/wp-json\/wp\/v2\/woo-feed-brand?post=74438"}],"curies":[{"name":"wp","href":"https:\/\/api.w.org\/{rel}","templated":true}]}}