{"id":74405,"date":"2017-07-08T16:47:19","date_gmt":"2017-07-08T16:47:19","guid":{"rendered":"https:\/\/www.loopkinglaces.com\/products\/lacets-de-luxe-pour-chaussures-en-cuir-bleu-marine-avec-pointes-dorees\/"},"modified":"2024-10-03T20:55:21","modified_gmt":"2024-10-03T20:55:21","slug":"lacets-de-luxe-pour-chaussures-en-cuir-bleu-marine-avec-pointes-dorees","status":"publish","type":"product","link":"https:\/\/www.loopkinglaces.com\/fr\/products\/lacets-de-luxe-pour-chaussures-en-cuir-bleu-marine-avec-pointes-dorees\/","title":{"rendered":"Lacets de luxe pour chaussures en cuir bleu marine avec pointes dor\u00e9es"},"content":{"rendered":"<h3><a href=\"https:\/\/www.loopkinglaces.com\/\">Lacets de luxe pour baskets<\/a><\/h3>\n<p>  Loop King Laces ne fournit que des lacets \u00e0 pointe dor\u00e9e de la plus haute qualit\u00e9.<br \/>\nNos lacets en cuir v\u00e9ritable sont fabriqu\u00e9s avec des pointes en m\u00e9tal gaufr\u00e9 qui portent l&#8217;inscription LOOP KING et notre couronne symbolique.<br \/>\nChaque lacet est 100 % r\u00e9sistant au feu, ce qui montre la qualit\u00e9 r\u00e9elle du lacet.<br \/>\nNos lacets s&#8217;adaptent \u00e0 tous les types de baskets et de marques, y compris Adidas, Nike, VANS et ainsi de suite, et transforment m\u00eame les chaussures Jordan en lacets Jordan avec des pointes en m\u00e9tal !<br \/>\nPour conna\u00eetre la longueur du lacet de ta basket, visite notre <a href=\"\/shoelace-size-chart\/\">guide des tailles<\/a> o\u00f9 tu pourras trouver la taille de lacet parfaite pour tes chaussures.      &nbsp;<\/p>\n","protected":false},"excerpt":{"rendered":"<p><strong>Lacets en cuir marine avec pointes dor\u00e9es<\/strong> Loop King Laces &#8211; Nos lacets en cuir marine sont dot\u00e9s de pointes en m\u00e9tal gaufr\u00e9. Tous nos lacets de chaussures de luxe sont fabriqu\u00e9s en cuir v\u00e9ritable avec des mat\u00e9riaux de la plus haute qualit\u00e9, tant pour le lacet que pour l&#8217;embout m\u00e9tallique. Regarde nos caract\u00e9ristiques compl\u00e8tes ci-dessous :  <\/p>\n<ul>\n<li>Largeur de 6 mm (plat)<\/li>\n<li>Lacets en cuir v\u00e9ritable<\/li>\n<li>100% <strong>r\u00e9sistant \u00e0 la flamme<\/strong><\/li>\n<li>Aglette d&#8217;or du roi des boucles<\/li>\n<li>Beautiful Loop King Emballage par lacet<\/li>\n<\/ul>\n","protected":false},"featured_media":75393,"comment_status":"open","ping_status":"closed","template":"","meta":{"_acf_changed":false},"product_brand":[],"product_cat":[1408,1185,1672,1651,1666,1661,1368,1307,1081,1063,1223,1206,1232,1359,947,1235],"product_tag":[1072,962,1073,961,1830,963],"woo-feed-brand":[],"class_list":{"0":"post-74405","1":"product","2":"type-product","3":"status-publish","4":"has-post-thumbnail","6":"product_cat-des-lacets-de-football-qui-sont-plus-quun-simple-moyen-de-fixation","7":"product_cat-lacets-a-pointe-dor","8":"product_cat-lacets-columbia-lier-le-style-et-la-fonction","9":"product_cat-lacets-de-chaussure-en-bleu-marine","10":"product_cat-lacets-de-chaussures-allen-edmonds-un-pas-au-dessus-de-lordinaire","11":"product_cat-lacets-de-chaussures-merrell-relation-amour-haine","12":"product_cat-lacets-elite-dallas-cowboys-pour-supporter-ton-equipe-favorite-avec-style","13":"product_cat-lacets-en-corde-de-qualite-superieure-qualite-exceptionnelle-et-superieure","14":"product_cat-lacets-en-cuir-de-luxe","15":"product_cat-lacets-reebok-renove-tes-chaussures","16":"product_cat-les-lacets-de-chaussures-prada-qui-ajoutent-encore-plus-de-ritz-et-de-glamour","17":"product_cat-les-lacets-nike-dunk-parfaits-qui-ont-lair-incroyables-et-qui-durent-longtemps","18":"product_cat-longs-lacets-de-chaussures-pourquoi-la-longueur-est-elle-importante","19":"product_cat-premium-blue-shoe-laces-voir-les-meilleures-ventes","20":"product_cat-tous-les-lacets","21":"product_cat-trouver-la-correspondance-parfaite-la-revolution-des-lacets-de-72-pouces","22":"product_tag-chaussures","23":"product_tag-lacets","24":"product_tag-lacets-en-cuir","25":"product_tag-loop-king-fr","26":"product_tag-marine","27":"product_tag-pointe-en-metal","29":"first","30":"instock","31":"taxable","32":"shipping-taxable","33":"purchasable","34":"product-type-variable"},"acf":[],"yoast_head":"<!-- This site is optimized with the Yoast SEO plugin v27.4 - https:\/\/yoast.com\/product\/yoast-seo-wordpress\/ -->\n<title>Lacets de chaussures bleu marine avec pointes dor\u00e9es - Lacets \u00e9l\u00e9gants et de qualit\u00e9 sup\u00e9rieure<\/title>\n<meta name=\"description\" content=\"Obtiens nos lacets de chaussures de luxe bleu marine qui sont fabriqu\u00e9s \u00e0 partir de mat\u00e9riaux authentiques et de haute qualit\u00e9. Parfaits pour diff\u00e9rentes marques, comme Adidas, Nike et bien d&#039;autres encore.\" \/>\n<meta name=\"robots\" content=\"index, follow, max-snippet:-1, max-image-preview:large, max-video-preview:-1\" \/>\n<link rel=\"canonical\" href=\"https:\/\/www.loopkinglaces.com\/fr\/products\/lacets-de-luxe-pour-chaussures-en-cuir-bleu-marine-avec-pointes-dorees\/\" \/>\n<meta property=\"og:locale\" content=\"fr_FR\" \/>\n<meta property=\"og:type\" content=\"article\" \/>\n<meta property=\"og:title\" content=\"Lacets de chaussures bleu marine avec pointes dor\u00e9es - Lacets \u00e9l\u00e9gants et de qualit\u00e9 sup\u00e9rieure\" \/>\n<meta property=\"og:description\" content=\"Obtiens nos lacets de chaussures de luxe bleu marine qui sont fabriqu\u00e9s \u00e0 partir de mat\u00e9riaux authentiques et de haute qualit\u00e9. Parfaits pour diff\u00e9rentes marques, comme Adidas, Nike et bien d&#039;autres encore.\" \/>\n<meta property=\"og:url\" content=\"https:\/\/www.loopkinglaces.com\/fr\/products\/lacets-de-luxe-pour-chaussures-en-cuir-bleu-marine-avec-pointes-dorees\/\" \/>\n<meta property=\"og:site_name\" content=\"Luxury Gold Tip Shoelaces by Loop King Laces\" \/>\n<meta property=\"article:publisher\" content=\"https:\/\/www.facebook.com\/LoopKingLaces\/\" \/>\n<meta property=\"article:modified_time\" content=\"2024-10-03T20:55:21+00:00\" \/>\n<meta property=\"og:image\" content=\"https:\/\/www.loopkinglaces.com\/wp-content\/uploads\/Luxury-Navy-Leather-Shoelaces-with-Gold-Tips.jpg\" \/>\n\t<meta property=\"og:image:width\" content=\"1000\" \/>\n\t<meta property=\"og:image:height\" content=\"1000\" \/>\n\t<meta property=\"og:image:type\" content=\"image\/jpeg\" \/>\n<meta name=\"twitter:card\" content=\"summary_large_image\" \/>\n<meta name=\"twitter:site\" content=\"@loopkinglaces\" \/>\n<meta name=\"twitter:label1\" content=\"Dur\u00e9e de lecture estim\u00e9e\" \/>\n\t<meta name=\"twitter:data1\" content=\"1 minute\" \/>\n<script type=\"application\/ld+json\" class=\"yoast-schema-graph\">{\"@context\":\"https:\\\/\\\/schema.org\",\"@graph\":[{\"@type\":[\"WebPage\",\"ItemPage\"],\"@id\":\"https:\\\/\\\/www.loopkinglaces.com\\\/fr\\\/products\\\/lacets-de-luxe-pour-chaussures-en-cuir-bleu-marine-avec-pointes-dorees\\\/\",\"url\":\"https:\\\/\\\/www.loopkinglaces.com\\\/fr\\\/products\\\/lacets-de-luxe-pour-chaussures-en-cuir-bleu-marine-avec-pointes-dorees\\\/\",\"name\":\"Lacets de chaussures bleu marine avec pointes dor\u00e9es - Lacets \u00e9l\u00e9gants et de qualit\u00e9 sup\u00e9rieure\",\"isPartOf\":{\"@id\":\"https:\\\/\\\/www.loopkinglaces.com\\\/fr\\\/#website\"},\"primaryImageOfPage\":{\"@id\":\"https:\\\/\\\/www.loopkinglaces.com\\\/fr\\\/products\\\/lacets-de-luxe-pour-chaussures-en-cuir-bleu-marine-avec-pointes-dorees\\\/#primaryimage\"},\"image\":{\"@id\":\"https:\\\/\\\/www.loopkinglaces.com\\\/fr\\\/products\\\/lacets-de-luxe-pour-chaussures-en-cuir-bleu-marine-avec-pointes-dorees\\\/#primaryimage\"},\"thumbnailUrl\":\"https:\\\/\\\/www.loopkinglaces.com\\\/wp-content\\\/uploads\\\/Luxury-Navy-Leather-Shoelaces-with-Gold-Tips.jpg\",\"datePublished\":\"2017-07-08T16:47:19+00:00\",\"dateModified\":\"2024-10-03T20:55:21+00:00\",\"description\":\"Obtiens nos lacets de chaussures de luxe bleu marine qui sont fabriqu\u00e9s \u00e0 partir de mat\u00e9riaux authentiques et de haute qualit\u00e9. Parfaits pour diff\u00e9rentes marques, comme Adidas, Nike et bien d'autres encore.\",\"breadcrumb\":{\"@id\":\"https:\\\/\\\/www.loopkinglaces.com\\\/fr\\\/products\\\/lacets-de-luxe-pour-chaussures-en-cuir-bleu-marine-avec-pointes-dorees\\\/#breadcrumb\"},\"inLanguage\":\"fr-FR\",\"potentialAction\":[{\"@type\":\"ReadAction\",\"target\":[\"https:\\\/\\\/www.loopkinglaces.com\\\/fr\\\/products\\\/lacets-de-luxe-pour-chaussures-en-cuir-bleu-marine-avec-pointes-dorees\\\/\"]}]},{\"@type\":\"ImageObject\",\"inLanguage\":\"fr-FR\",\"@id\":\"https:\\\/\\\/www.loopkinglaces.com\\\/fr\\\/products\\\/lacets-de-luxe-pour-chaussures-en-cuir-bleu-marine-avec-pointes-dorees\\\/#primaryimage\",\"url\":\"https:\\\/\\\/www.loopkinglaces.com\\\/wp-content\\\/uploads\\\/Luxury-Navy-Leather-Shoelaces-with-Gold-Tips.jpg\",\"contentUrl\":\"https:\\\/\\\/www.loopkinglaces.com\\\/wp-content\\\/uploads\\\/Luxury-Navy-Leather-Shoelaces-with-Gold-Tips.jpg\",\"width\":1000,\"height\":1000},{\"@type\":\"BreadcrumbList\",\"@id\":\"https:\\\/\\\/www.loopkinglaces.com\\\/fr\\\/products\\\/lacets-de-luxe-pour-chaussures-en-cuir-bleu-marine-avec-pointes-dorees\\\/#breadcrumb\",\"itemListElement\":[{\"@type\":\"ListItem\",\"position\":1,\"name\":\"Home\",\"item\":\"https:\\\/\\\/www.loopkinglaces.com\\\/fr\\\/\"},{\"@type\":\"ListItem\",\"position\":2,\"name\":\"ACHETER DES LACES\",\"item\":\"https:\\\/\\\/www.loopkinglaces.com\\\/fr\\\/acheter-des-laces\\\/\"},{\"@type\":\"ListItem\",\"position\":3,\"name\":\"Lacets de luxe pour chaussures en cuir bleu marine avec pointes dor\u00e9es\"}]},{\"@type\":\"WebSite\",\"@id\":\"https:\\\/\\\/www.loopkinglaces.com\\\/fr\\\/#website\",\"url\":\"https:\\\/\\\/www.loopkinglaces.com\\\/fr\\\/\",\"name\":\"Luxury Gold Tip Shoelaces by Loop King Laces\",\"description\":\"Rope Laces, Flat Waxed Laces and Leather Laces. All With Gold Tips.\",\"publisher\":{\"@id\":\"https:\\\/\\\/www.loopkinglaces.com\\\/fr\\\/#organization\"},\"potentialAction\":[{\"@type\":\"SearchAction\",\"target\":{\"@type\":\"EntryPoint\",\"urlTemplate\":\"https:\\\/\\\/www.loopkinglaces.com\\\/fr\\\/?s={search_term_string}\"},\"query-input\":{\"@type\":\"PropertyValueSpecification\",\"valueRequired\":true,\"valueName\":\"search_term_string\"}}],\"inLanguage\":\"fr-FR\"},{\"@type\":\"Organization\",\"@id\":\"https:\\\/\\\/www.loopkinglaces.com\\\/fr\\\/#organization\",\"name\":\"Loop King Laces\",\"url\":\"https:\\\/\\\/www.loopkinglaces.com\\\/fr\\\/\",\"logo\":{\"@type\":\"ImageObject\",\"inLanguage\":\"fr-FR\",\"@id\":\"https:\\\/\\\/www.loopkinglaces.com\\\/fr\\\/#\\\/schema\\\/logo\\\/image\\\/\",\"url\":\"https:\\\/\\\/www.loopkinglaces.com\\\/wp-content\\\/uploads\\\/LOOP-KING-LACES.1.1-01-LOGO-HI-RES-OFFICIAL-1.png\",\"contentUrl\":\"https:\\\/\\\/www.loopkinglaces.com\\\/wp-content\\\/uploads\\\/LOOP-KING-LACES.1.1-01-LOGO-HI-RES-OFFICIAL-1.png\",\"width\":128,\"height\":91,\"caption\":\"Loop King Laces\"},\"image\":{\"@id\":\"https:\\\/\\\/www.loopkinglaces.com\\\/fr\\\/#\\\/schema\\\/logo\\\/image\\\/\"},\"sameAs\":[\"https:\\\/\\\/www.facebook.com\\\/LoopKingLaces\\\/\",\"https:\\\/\\\/x.com\\\/loopkinglaces\",\"https:\\\/\\\/www.instagram.com\\\/loopkinglaces\\\/\"]}]}<\/script>\n<!-- \/ Yoast SEO plugin. -->","yoast_head_json":{"title":"Lacets de chaussures bleu marine avec pointes dor\u00e9es - Lacets \u00e9l\u00e9gants et de qualit\u00e9 sup\u00e9rieure","description":"Obtiens nos lacets de chaussures de luxe bleu marine qui sont fabriqu\u00e9s \u00e0 partir de mat\u00e9riaux authentiques et de haute qualit\u00e9. Parfaits pour diff\u00e9rentes marques, comme Adidas, Nike et bien d'autres encore.","robots":{"index":"index","follow":"follow","max-snippet":"max-snippet:-1","max-image-preview":"max-image-preview:large","max-video-preview":"max-video-preview:-1"},"canonical":"https:\/\/www.loopkinglaces.com\/fr\/products\/lacets-de-luxe-pour-chaussures-en-cuir-bleu-marine-avec-pointes-dorees\/","og_locale":"fr_FR","og_type":"article","og_title":"Lacets de chaussures bleu marine avec pointes dor\u00e9es - Lacets \u00e9l\u00e9gants et de qualit\u00e9 sup\u00e9rieure","og_description":"Obtiens nos lacets de chaussures de luxe bleu marine qui sont fabriqu\u00e9s \u00e0 partir de mat\u00e9riaux authentiques et de haute qualit\u00e9. Parfaits pour diff\u00e9rentes marques, comme Adidas, Nike et bien d'autres encore.","og_url":"https:\/\/www.loopkinglaces.com\/fr\/products\/lacets-de-luxe-pour-chaussures-en-cuir-bleu-marine-avec-pointes-dorees\/","og_site_name":"Luxury Gold Tip Shoelaces by Loop King Laces","article_publisher":"https:\/\/www.facebook.com\/LoopKingLaces\/","article_modified_time":"2024-10-03T20:55:21+00:00","og_image":[{"width":1000,"height":1000,"url":"https:\/\/www.loopkinglaces.com\/wp-content\/uploads\/Luxury-Navy-Leather-Shoelaces-with-Gold-Tips.jpg","type":"image\/jpeg"}],"twitter_card":"summary_large_image","twitter_site":"@loopkinglaces","twitter_misc":{"Dur\u00e9e de lecture estim\u00e9e":"1 minute"},"schema":{"@context":"https:\/\/schema.org","@graph":[{"@type":["WebPage","ItemPage"],"@id":"https:\/\/www.loopkinglaces.com\/fr\/products\/lacets-de-luxe-pour-chaussures-en-cuir-bleu-marine-avec-pointes-dorees\/","url":"https:\/\/www.loopkinglaces.com\/fr\/products\/lacets-de-luxe-pour-chaussures-en-cuir-bleu-marine-avec-pointes-dorees\/","name":"Lacets de chaussures bleu marine avec pointes dor\u00e9es - Lacets \u00e9l\u00e9gants et de qualit\u00e9 sup\u00e9rieure","isPartOf":{"@id":"https:\/\/www.loopkinglaces.com\/fr\/#website"},"primaryImageOfPage":{"@id":"https:\/\/www.loopkinglaces.com\/fr\/products\/lacets-de-luxe-pour-chaussures-en-cuir-bleu-marine-avec-pointes-dorees\/#primaryimage"},"image":{"@id":"https:\/\/www.loopkinglaces.com\/fr\/products\/lacets-de-luxe-pour-chaussures-en-cuir-bleu-marine-avec-pointes-dorees\/#primaryimage"},"thumbnailUrl":"https:\/\/www.loopkinglaces.com\/wp-content\/uploads\/Luxury-Navy-Leather-Shoelaces-with-Gold-Tips.jpg","datePublished":"2017-07-08T16:47:19+00:00","dateModified":"2024-10-03T20:55:21+00:00","description":"Obtiens nos lacets de chaussures de luxe bleu marine qui sont fabriqu\u00e9s \u00e0 partir de mat\u00e9riaux authentiques et de haute qualit\u00e9. Parfaits pour diff\u00e9rentes marques, comme Adidas, Nike et bien d'autres encore.","breadcrumb":{"@id":"https:\/\/www.loopkinglaces.com\/fr\/products\/lacets-de-luxe-pour-chaussures-en-cuir-bleu-marine-avec-pointes-dorees\/#breadcrumb"},"inLanguage":"fr-FR","potentialAction":[{"@type":"ReadAction","target":["https:\/\/www.loopkinglaces.com\/fr\/products\/lacets-de-luxe-pour-chaussures-en-cuir-bleu-marine-avec-pointes-dorees\/"]}]},{"@type":"ImageObject","inLanguage":"fr-FR","@id":"https:\/\/www.loopkinglaces.com\/fr\/products\/lacets-de-luxe-pour-chaussures-en-cuir-bleu-marine-avec-pointes-dorees\/#primaryimage","url":"https:\/\/www.loopkinglaces.com\/wp-content\/uploads\/Luxury-Navy-Leather-Shoelaces-with-Gold-Tips.jpg","contentUrl":"https:\/\/www.loopkinglaces.com\/wp-content\/uploads\/Luxury-Navy-Leather-Shoelaces-with-Gold-Tips.jpg","width":1000,"height":1000},{"@type":"BreadcrumbList","@id":"https:\/\/www.loopkinglaces.com\/fr\/products\/lacets-de-luxe-pour-chaussures-en-cuir-bleu-marine-avec-pointes-dorees\/#breadcrumb","itemListElement":[{"@type":"ListItem","position":1,"name":"Home","item":"https:\/\/www.loopkinglaces.com\/fr\/"},{"@type":"ListItem","position":2,"name":"ACHETER DES LACES","item":"https:\/\/www.loopkinglaces.com\/fr\/acheter-des-laces\/"},{"@type":"ListItem","position":3,"name":"Lacets de luxe pour chaussures en cuir bleu marine avec pointes dor\u00e9es"}]},{"@type":"WebSite","@id":"https:\/\/www.loopkinglaces.com\/fr\/#website","url":"https:\/\/www.loopkinglaces.com\/fr\/","name":"Luxury Gold Tip Shoelaces by Loop King Laces","description":"Rope Laces, Flat Waxed Laces and Leather Laces. All With Gold Tips.","publisher":{"@id":"https:\/\/www.loopkinglaces.com\/fr\/#organization"},"potentialAction":[{"@type":"SearchAction","target":{"@type":"EntryPoint","urlTemplate":"https:\/\/www.loopkinglaces.com\/fr\/?s={search_term_string}"},"query-input":{"@type":"PropertyValueSpecification","valueRequired":true,"valueName":"search_term_string"}}],"inLanguage":"fr-FR"},{"@type":"Organization","@id":"https:\/\/www.loopkinglaces.com\/fr\/#organization","name":"Loop King Laces","url":"https:\/\/www.loopkinglaces.com\/fr\/","logo":{"@type":"ImageObject","inLanguage":"fr-FR","@id":"https:\/\/www.loopkinglaces.com\/fr\/#\/schema\/logo\/image\/","url":"https:\/\/www.loopkinglaces.com\/wp-content\/uploads\/LOOP-KING-LACES.1.1-01-LOGO-HI-RES-OFFICIAL-1.png","contentUrl":"https:\/\/www.loopkinglaces.com\/wp-content\/uploads\/LOOP-KING-LACES.1.1-01-LOGO-HI-RES-OFFICIAL-1.png","width":128,"height":91,"caption":"Loop King Laces"},"image":{"@id":"https:\/\/www.loopkinglaces.com\/fr\/#\/schema\/logo\/image\/"},"sameAs":["https:\/\/www.facebook.com\/LoopKingLaces\/","https:\/\/x.com\/loopkinglaces","https:\/\/www.instagram.com\/loopkinglaces\/"]}]}},"_links":{"self":[{"href":"https:\/\/www.loopkinglaces.com\/fr\/wp-json\/wp\/v2\/product\/74405","targetHints":{"allow":["GET"]}}],"collection":[{"href":"https:\/\/www.loopkinglaces.com\/fr\/wp-json\/wp\/v2\/product"}],"about":[{"href":"https:\/\/www.loopkinglaces.com\/fr\/wp-json\/wp\/v2\/types\/product"}],"replies":[{"embeddable":true,"href":"https:\/\/www.loopkinglaces.com\/fr\/wp-json\/wp\/v2\/comments?post=74405"}],"wp:featuredmedia":[{"embeddable":true,"href":"https:\/\/www.loopkinglaces.com\/fr\/wp-json\/wp\/v2\/media\/75393"}],"wp:attachment":[{"href":"https:\/\/www.loopkinglaces.com\/fr\/wp-json\/wp\/v2\/media?parent=74405"}],"wp:term":[{"taxonomy":"product_brand","embeddable":true,"href":"https:\/\/www.loopkinglaces.com\/fr\/wp-json\/wp\/v2\/product_brand?post=74405"},{"taxonomy":"product_cat","embeddable":true,"href":"https:\/\/www.loopkinglaces.com\/fr\/wp-json\/wp\/v2\/product_cat?post=74405"},{"taxonomy":"product_tag","embeddable":true,"href":"https:\/\/www.loopkinglaces.com\/fr\/wp-json\/wp\/v2\/product_tag?post=74405"},{"taxonomy":"woo-feed-brand","embeddable":true,"href":"https:\/\/www.loopkinglaces.com\/fr\/wp-json\/wp\/v2\/woo-feed-brand?post=74405"}],"curies":[{"name":"wp","href":"https:\/\/api.w.org\/{rel}","templated":true}]}}