{"id":74175,"date":"2022-12-28T19:05:46","date_gmt":"2022-12-28T19:05:46","guid":{"rendered":"https:\/\/www.loopkinglaces.com\/products\/lacets-sans-attache-rayes-jaunes-47-pouces\/"},"modified":"2022-12-28T19:05:46","modified_gmt":"2022-12-28T19:05:46","slug":"lacets-sans-attache-rayes-jaunes-47-pouces","status":"publish","type":"product","link":"https:\/\/www.loopkinglaces.com\/fr\/products\/lacets-sans-attache-rayes-jaunes-47-pouces\/","title":{"rendered":"Lacets sans attache ray\u00e9s jaunes &#8211; 47 pouces"},"content":{"rendered":"<p>S&#8217;habiller plus vite et plus facilement avec des lacets sans tiel !<br \/>\nAvec ces lacets, enfiler tes baskets devient un jeu d&#8217;enfant &#8211; il te suffit de les faire glisser, de tirer le verrou vers le haut du lacet pour qu&#8217;il s&#8217;ajuste parfaitement, et de ne plus jamais perdre une minute \u00e0 faire des n\u0153uds \u00e0 l&#8217;ancienne.<br \/>\nDe plus, gr\u00e2ce \u00e0 leur m\u00e9canisme de verrouillage fiable qui fonctionne comme les fermetures \u00e9clair utilis\u00e9es dans les manteaux ou les vestes, tu peux te promener en toute tranquillit\u00e9 en sachant qu&#8217;il n&#8217;y a aucun risque de tr\u00e9bucher \u00e0 cause d&#8217;un la\u00e7age l\u00e2che.<br \/>\nFabriqu\u00e9es \u00e0 partir de mat\u00e9riaux de premi\u00e8re qualit\u00e9 pour une r\u00e9sistance et une durabilit\u00e9 accrues, elles durent trois fois plus longtemps que les produits d&#8217;autres marques ; c&#8217;est vraiment du temps bien d\u00e9pens\u00e9 que d&#8217;investir dans ces accessoires pratiques et \u00e9l\u00e9gants d\u00e8s aujourd&#8217;hui !   <\/p>\n","protected":false},"excerpt":{"rendered":"<p><strong>Lacets jaunes ray\u00e9s sans attache<\/strong> Tu vis \u00e0 toute allure ?<br \/>\nLes lacets sans attache sont la solution !<br \/>\nCes lacets r\u00e9volutionnaires permettent d&#8217;enfiler et d&#8217;enlever facilement les chaussures, tout en leur donnant une allure \u00e9l\u00e9gante.<br \/>\nDe plus, ils sont dot\u00e9s d&#8217;un m\u00e9canisme de verrouillage innovant, semblable \u00e0 une fermeture \u00e9clair, qui maintient tes pieds solidement attach\u00e9s tout en te permettant de les enfiler ou de les retirer facilement &#8211; plus besoin de te soucier de tr\u00e9bucher sur des lacets d\u00e9faits !<br \/>\nCon\u00e7us pour durer longtemps, ces lacets de chaussures haut de gamme ont une dur\u00e9e de vie trois fois plus longue que les autres.<br \/>\nPr\u00e9pare-toi \u00e0 un confort pratique et \u00e0 un style accrocheur &#8211; la mode des lacets sans lacets t&#8217;attend !       <\/p>\n<ul>\n<li>120 cm<\/li>\n<li>Mat\u00e9riaux de premi\u00e8re qualit\u00e9<\/li>\n<li>Dure <strong>3 fois plus longtemps<\/strong> que les autres marques<\/li>\n<li>Belle boucle d&#8217;emballage King<\/li>\n<\/ul>\n","protected":false},"featured_media":74180,"comment_status":"open","ping_status":"closed","template":"","meta":{"_acf_changed":false},"product_brand":[],"product_cat":[1106,1499,1557,1372,981,958,1104,1105,1673,1431,983,1552,947],"product_tag":[986,984,962,966,961,964,985,963],"woo-feed-brand":[],"class_list":{"0":"post-74175","1":"product","2":"type-product","3":"status-publish","4":"has-post-thumbnail","6":"product_cat-ancres-pour-lacets-plus-de-voyages-juste-des-astuces","7":"product_cat-des-lacets-de-bottes-jaunes-qui-surpassent-tous-les-autres-et-sadaptent-parfaitement","8":"product_cat-des-lacets-de-bottes-sans-lacets-qui-font-gagner-du-temps-et-qui-ont-un-sens-du-style-epure","9":"product_cat-des-lacets-jaunes-pour-ajouter-un-rayon-de-soleil-a-tes-chaussures","10":"product_cat-des-lacets-sans-fil-qui-te-font-gagner-du-temps-et-qui-sont-superbes","11":"product_cat-hey-dude-les-lacets-de-chaussures-sans-fil-cest-le-nouveau-cool","12":"product_cat-la-magie-des-lacets-de-salomon-et-les-lacets-de-remplacement-sans-attache-de-loop-king","13":"product_cat-lacets-en-spirale-le-heros-meconnu-de-la-mode-des-chaussures","14":"product_cat-lacets-militaires-lacer-comme-un-pro","15":"product_cat-lacets-noirs-et-jaunes-de-qualite-superieure-parfaits-pour-tous-les-styles","16":"product_cat-les-lacets-rapides-mettre-fin-aux-vieilles-habitudes-de-ligotage","17":"product_cat-speed-laces-la-revolution-dans-la-mode-des-chaussures","18":"product_cat-tous-les-lacets","19":"product_tag-cire","20":"product_tag-cire-plat","21":"product_tag-lacets","22":"product_tag-lacets-a-pointe-dor","23":"product_tag-loop-king-fr","24":"product_tag-noir","25":"product_tag-plat","26":"product_tag-pointe-en-metal","28":"first","29":"instock","30":"taxable","31":"shipping-taxable","32":"product-type-variable"},"acf":[],"yoast_head":"<!-- This site is optimized with the Yoast SEO plugin v27.4 - https:\/\/yoast.com\/product\/yoast-seo-wordpress\/ -->\n<title>Lacets jaunes ray\u00e9s sans noeud - From Loop King<\/title>\n<meta name=\"description\" content=\"Lib\u00e8re-toi de la monotonie du la\u00e7age de tes chaussures avec nos lacets jaunes sans lacets. Oublie l&#039;inqui\u00e9tude de voir tes lacets se d\u00e9faire et profite simplement !\" \/>\n<meta name=\"robots\" content=\"index, follow, max-snippet:-1, max-image-preview:large, max-video-preview:-1\" \/>\n<link rel=\"canonical\" href=\"https:\/\/www.loopkinglaces.com\/fr\/products\/lacets-sans-attache-rayes-jaunes-47-pouces\/\" \/>\n<meta property=\"og:locale\" content=\"fr_FR\" \/>\n<meta property=\"og:type\" content=\"article\" \/>\n<meta property=\"og:title\" content=\"Lacets jaunes ray\u00e9s sans noeud - From Loop King\" \/>\n<meta property=\"og:description\" content=\"Lib\u00e8re-toi de la monotonie du la\u00e7age de tes chaussures avec nos lacets jaunes sans lacets. Oublie l&#039;inqui\u00e9tude de voir tes lacets se d\u00e9faire et profite simplement !\" \/>\n<meta property=\"og:url\" content=\"https:\/\/www.loopkinglaces.com\/fr\/products\/lacets-sans-attache-rayes-jaunes-47-pouces\/\" \/>\n<meta property=\"og:site_name\" content=\"Luxury Gold Tip Shoelaces by Loop King Laces\" \/>\n<meta property=\"article:publisher\" content=\"https:\/\/www.facebook.com\/LoopKingLaces\/\" \/>\n<meta property=\"og:image\" content=\"https:\/\/www.loopkinglaces.com\/wp-content\/uploads\/1216A-145-scaled.jpg\" \/>\n\t<meta property=\"og:image:width\" content=\"1600\" \/>\n\t<meta property=\"og:image:height\" content=\"1067\" \/>\n\t<meta property=\"og:image:type\" content=\"image\/jpeg\" \/>\n<meta name=\"twitter:card\" content=\"summary_large_image\" \/>\n<meta name=\"twitter:site\" content=\"@loopkinglaces\" \/>\n<meta name=\"twitter:label1\" content=\"Dur\u00e9e de lecture estim\u00e9e\" \/>\n\t<meta name=\"twitter:data1\" content=\"1 minute\" \/>\n<script type=\"application\/ld+json\" class=\"yoast-schema-graph\">{\"@context\":\"https:\\\/\\\/schema.org\",\"@graph\":[{\"@type\":[\"WebPage\",\"ItemPage\"],\"@id\":\"https:\\\/\\\/www.loopkinglaces.com\\\/fr\\\/products\\\/lacets-sans-attache-rayes-jaunes-47-pouces\\\/\",\"url\":\"https:\\\/\\\/www.loopkinglaces.com\\\/fr\\\/products\\\/lacets-sans-attache-rayes-jaunes-47-pouces\\\/\",\"name\":\"Lacets jaunes ray\u00e9s sans noeud - From Loop King\",\"isPartOf\":{\"@id\":\"https:\\\/\\\/www.loopkinglaces.com\\\/fr\\\/#website\"},\"primaryImageOfPage\":{\"@id\":\"https:\\\/\\\/www.loopkinglaces.com\\\/fr\\\/products\\\/lacets-sans-attache-rayes-jaunes-47-pouces\\\/#primaryimage\"},\"image\":{\"@id\":\"https:\\\/\\\/www.loopkinglaces.com\\\/fr\\\/products\\\/lacets-sans-attache-rayes-jaunes-47-pouces\\\/#primaryimage\"},\"thumbnailUrl\":\"https:\\\/\\\/www.loopkinglaces.com\\\/wp-content\\\/uploads\\\/1216A-145-scaled.jpg\",\"datePublished\":\"2022-12-28T19:05:46+00:00\",\"description\":\"Lib\u00e8re-toi de la monotonie du la\u00e7age de tes chaussures avec nos lacets jaunes sans lacets. Oublie l'inqui\u00e9tude de voir tes lacets se d\u00e9faire et profite simplement !\",\"breadcrumb\":{\"@id\":\"https:\\\/\\\/www.loopkinglaces.com\\\/fr\\\/products\\\/lacets-sans-attache-rayes-jaunes-47-pouces\\\/#breadcrumb\"},\"inLanguage\":\"fr-FR\",\"potentialAction\":[{\"@type\":\"ReadAction\",\"target\":[\"https:\\\/\\\/www.loopkinglaces.com\\\/fr\\\/products\\\/lacets-sans-attache-rayes-jaunes-47-pouces\\\/\"]}]},{\"@type\":\"ImageObject\",\"inLanguage\":\"fr-FR\",\"@id\":\"https:\\\/\\\/www.loopkinglaces.com\\\/fr\\\/products\\\/lacets-sans-attache-rayes-jaunes-47-pouces\\\/#primaryimage\",\"url\":\"https:\\\/\\\/www.loopkinglaces.com\\\/wp-content\\\/uploads\\\/1216A-145-scaled.jpg\",\"contentUrl\":\"https:\\\/\\\/www.loopkinglaces.com\\\/wp-content\\\/uploads\\\/1216A-145-scaled.jpg\",\"width\":1600,\"height\":1067},{\"@type\":\"BreadcrumbList\",\"@id\":\"https:\\\/\\\/www.loopkinglaces.com\\\/fr\\\/products\\\/lacets-sans-attache-rayes-jaunes-47-pouces\\\/#breadcrumb\",\"itemListElement\":[{\"@type\":\"ListItem\",\"position\":1,\"name\":\"Home\",\"item\":\"https:\\\/\\\/www.loopkinglaces.com\\\/fr\\\/\"},{\"@type\":\"ListItem\",\"position\":2,\"name\":\"ACHETER DES LACES\",\"item\":\"https:\\\/\\\/www.loopkinglaces.com\\\/fr\\\/acheter-des-laces\\\/\"},{\"@type\":\"ListItem\",\"position\":3,\"name\":\"Lacets sans attache ray\u00e9s jaunes &#8211; 47 pouces\"}]},{\"@type\":\"WebSite\",\"@id\":\"https:\\\/\\\/www.loopkinglaces.com\\\/fr\\\/#website\",\"url\":\"https:\\\/\\\/www.loopkinglaces.com\\\/fr\\\/\",\"name\":\"Luxury Gold Tip Shoelaces by Loop King Laces\",\"description\":\"Rope Laces, Flat Waxed Laces and Leather Laces. All With Gold Tips.\",\"publisher\":{\"@id\":\"https:\\\/\\\/www.loopkinglaces.com\\\/fr\\\/#organization\"},\"potentialAction\":[{\"@type\":\"SearchAction\",\"target\":{\"@type\":\"EntryPoint\",\"urlTemplate\":\"https:\\\/\\\/www.loopkinglaces.com\\\/fr\\\/?s={search_term_string}\"},\"query-input\":{\"@type\":\"PropertyValueSpecification\",\"valueRequired\":true,\"valueName\":\"search_term_string\"}}],\"inLanguage\":\"fr-FR\"},{\"@type\":\"Organization\",\"@id\":\"https:\\\/\\\/www.loopkinglaces.com\\\/fr\\\/#organization\",\"name\":\"Loop King Laces\",\"url\":\"https:\\\/\\\/www.loopkinglaces.com\\\/fr\\\/\",\"logo\":{\"@type\":\"ImageObject\",\"inLanguage\":\"fr-FR\",\"@id\":\"https:\\\/\\\/www.loopkinglaces.com\\\/fr\\\/#\\\/schema\\\/logo\\\/image\\\/\",\"url\":\"https:\\\/\\\/www.loopkinglaces.com\\\/wp-content\\\/uploads\\\/LOOP-KING-LACES.1.1-01-LOGO-HI-RES-OFFICIAL-1.png\",\"contentUrl\":\"https:\\\/\\\/www.loopkinglaces.com\\\/wp-content\\\/uploads\\\/LOOP-KING-LACES.1.1-01-LOGO-HI-RES-OFFICIAL-1.png\",\"width\":128,\"height\":91,\"caption\":\"Loop King Laces\"},\"image\":{\"@id\":\"https:\\\/\\\/www.loopkinglaces.com\\\/fr\\\/#\\\/schema\\\/logo\\\/image\\\/\"},\"sameAs\":[\"https:\\\/\\\/www.facebook.com\\\/LoopKingLaces\\\/\",\"https:\\\/\\\/x.com\\\/loopkinglaces\",\"https:\\\/\\\/www.instagram.com\\\/loopkinglaces\\\/\"]}]}<\/script>\n<!-- \/ Yoast SEO plugin. -->","yoast_head_json":{"title":"Lacets jaunes ray\u00e9s sans noeud - From Loop King","description":"Lib\u00e8re-toi de la monotonie du la\u00e7age de tes chaussures avec nos lacets jaunes sans lacets. Oublie l'inqui\u00e9tude de voir tes lacets se d\u00e9faire et profite simplement !","robots":{"index":"index","follow":"follow","max-snippet":"max-snippet:-1","max-image-preview":"max-image-preview:large","max-video-preview":"max-video-preview:-1"},"canonical":"https:\/\/www.loopkinglaces.com\/fr\/products\/lacets-sans-attache-rayes-jaunes-47-pouces\/","og_locale":"fr_FR","og_type":"article","og_title":"Lacets jaunes ray\u00e9s sans noeud - From Loop King","og_description":"Lib\u00e8re-toi de la monotonie du la\u00e7age de tes chaussures avec nos lacets jaunes sans lacets. Oublie l'inqui\u00e9tude de voir tes lacets se d\u00e9faire et profite simplement !","og_url":"https:\/\/www.loopkinglaces.com\/fr\/products\/lacets-sans-attache-rayes-jaunes-47-pouces\/","og_site_name":"Luxury Gold Tip Shoelaces by Loop King Laces","article_publisher":"https:\/\/www.facebook.com\/LoopKingLaces\/","og_image":[{"width":1600,"height":1067,"url":"https:\/\/www.loopkinglaces.com\/wp-content\/uploads\/1216A-145-scaled.jpg","type":"image\/jpeg"}],"twitter_card":"summary_large_image","twitter_site":"@loopkinglaces","twitter_misc":{"Dur\u00e9e de lecture estim\u00e9e":"1 minute"},"schema":{"@context":"https:\/\/schema.org","@graph":[{"@type":["WebPage","ItemPage"],"@id":"https:\/\/www.loopkinglaces.com\/fr\/products\/lacets-sans-attache-rayes-jaunes-47-pouces\/","url":"https:\/\/www.loopkinglaces.com\/fr\/products\/lacets-sans-attache-rayes-jaunes-47-pouces\/","name":"Lacets jaunes ray\u00e9s sans noeud - From Loop King","isPartOf":{"@id":"https:\/\/www.loopkinglaces.com\/fr\/#website"},"primaryImageOfPage":{"@id":"https:\/\/www.loopkinglaces.com\/fr\/products\/lacets-sans-attache-rayes-jaunes-47-pouces\/#primaryimage"},"image":{"@id":"https:\/\/www.loopkinglaces.com\/fr\/products\/lacets-sans-attache-rayes-jaunes-47-pouces\/#primaryimage"},"thumbnailUrl":"https:\/\/www.loopkinglaces.com\/wp-content\/uploads\/1216A-145-scaled.jpg","datePublished":"2022-12-28T19:05:46+00:00","description":"Lib\u00e8re-toi de la monotonie du la\u00e7age de tes chaussures avec nos lacets jaunes sans lacets. Oublie l'inqui\u00e9tude de voir tes lacets se d\u00e9faire et profite simplement !","breadcrumb":{"@id":"https:\/\/www.loopkinglaces.com\/fr\/products\/lacets-sans-attache-rayes-jaunes-47-pouces\/#breadcrumb"},"inLanguage":"fr-FR","potentialAction":[{"@type":"ReadAction","target":["https:\/\/www.loopkinglaces.com\/fr\/products\/lacets-sans-attache-rayes-jaunes-47-pouces\/"]}]},{"@type":"ImageObject","inLanguage":"fr-FR","@id":"https:\/\/www.loopkinglaces.com\/fr\/products\/lacets-sans-attache-rayes-jaunes-47-pouces\/#primaryimage","url":"https:\/\/www.loopkinglaces.com\/wp-content\/uploads\/1216A-145-scaled.jpg","contentUrl":"https:\/\/www.loopkinglaces.com\/wp-content\/uploads\/1216A-145-scaled.jpg","width":1600,"height":1067},{"@type":"BreadcrumbList","@id":"https:\/\/www.loopkinglaces.com\/fr\/products\/lacets-sans-attache-rayes-jaunes-47-pouces\/#breadcrumb","itemListElement":[{"@type":"ListItem","position":1,"name":"Home","item":"https:\/\/www.loopkinglaces.com\/fr\/"},{"@type":"ListItem","position":2,"name":"ACHETER DES LACES","item":"https:\/\/www.loopkinglaces.com\/fr\/acheter-des-laces\/"},{"@type":"ListItem","position":3,"name":"Lacets sans attache ray\u00e9s jaunes &#8211; 47 pouces"}]},{"@type":"WebSite","@id":"https:\/\/www.loopkinglaces.com\/fr\/#website","url":"https:\/\/www.loopkinglaces.com\/fr\/","name":"Luxury Gold Tip Shoelaces by Loop King Laces","description":"Rope Laces, Flat Waxed Laces and Leather Laces. All With Gold Tips.","publisher":{"@id":"https:\/\/www.loopkinglaces.com\/fr\/#organization"},"potentialAction":[{"@type":"SearchAction","target":{"@type":"EntryPoint","urlTemplate":"https:\/\/www.loopkinglaces.com\/fr\/?s={search_term_string}"},"query-input":{"@type":"PropertyValueSpecification","valueRequired":true,"valueName":"search_term_string"}}],"inLanguage":"fr-FR"},{"@type":"Organization","@id":"https:\/\/www.loopkinglaces.com\/fr\/#organization","name":"Loop King Laces","url":"https:\/\/www.loopkinglaces.com\/fr\/","logo":{"@type":"ImageObject","inLanguage":"fr-FR","@id":"https:\/\/www.loopkinglaces.com\/fr\/#\/schema\/logo\/image\/","url":"https:\/\/www.loopkinglaces.com\/wp-content\/uploads\/LOOP-KING-LACES.1.1-01-LOGO-HI-RES-OFFICIAL-1.png","contentUrl":"https:\/\/www.loopkinglaces.com\/wp-content\/uploads\/LOOP-KING-LACES.1.1-01-LOGO-HI-RES-OFFICIAL-1.png","width":128,"height":91,"caption":"Loop King Laces"},"image":{"@id":"https:\/\/www.loopkinglaces.com\/fr\/#\/schema\/logo\/image\/"},"sameAs":["https:\/\/www.facebook.com\/LoopKingLaces\/","https:\/\/x.com\/loopkinglaces","https:\/\/www.instagram.com\/loopkinglaces\/"]}]}},"_links":{"self":[{"href":"https:\/\/www.loopkinglaces.com\/fr\/wp-json\/wp\/v2\/product\/74175","targetHints":{"allow":["GET"]}}],"collection":[{"href":"https:\/\/www.loopkinglaces.com\/fr\/wp-json\/wp\/v2\/product"}],"about":[{"href":"https:\/\/www.loopkinglaces.com\/fr\/wp-json\/wp\/v2\/types\/product"}],"replies":[{"embeddable":true,"href":"https:\/\/www.loopkinglaces.com\/fr\/wp-json\/wp\/v2\/comments?post=74175"}],"wp:featuredmedia":[{"embeddable":true,"href":"https:\/\/www.loopkinglaces.com\/fr\/wp-json\/wp\/v2\/media\/74180"}],"wp:attachment":[{"href":"https:\/\/www.loopkinglaces.com\/fr\/wp-json\/wp\/v2\/media?parent=74175"}],"wp:term":[{"taxonomy":"product_brand","embeddable":true,"href":"https:\/\/www.loopkinglaces.com\/fr\/wp-json\/wp\/v2\/product_brand?post=74175"},{"taxonomy":"product_cat","embeddable":true,"href":"https:\/\/www.loopkinglaces.com\/fr\/wp-json\/wp\/v2\/product_cat?post=74175"},{"taxonomy":"product_tag","embeddable":true,"href":"https:\/\/www.loopkinglaces.com\/fr\/wp-json\/wp\/v2\/product_tag?post=74175"},{"taxonomy":"woo-feed-brand","embeddable":true,"href":"https:\/\/www.loopkinglaces.com\/fr\/wp-json\/wp\/v2\/woo-feed-brand?post=74175"}],"curies":[{"name":"wp","href":"https:\/\/api.w.org\/{rel}","templated":true}]}}