{"id":74166,"date":"2022-12-28T19:19:58","date_gmt":"2022-12-28T19:19:58","guid":{"rendered":"https:\/\/www.loopkinglaces.com\/products\/lacets-sans-attache-a-rayures-bleues-47-pouces\/"},"modified":"2022-12-28T19:19:58","modified_gmt":"2022-12-28T19:19:58","slug":"lacets-sans-attache-a-rayures-bleues-47-pouces","status":"publish","type":"product","link":"https:\/\/www.loopkinglaces.com\/fr\/products\/lacets-sans-attache-a-rayures-bleues-47-pouces\/","title":{"rendered":"Lacets sans attache \u00e0 rayures bleues &#8211; 47 pouces"},"content":{"rendered":"<p>\u00c9l\u00e8ve tes baskets avec les lacets sans tiel et ne perds plus jamais de temps \u00e0 attacher les lacets.<br \/>\nLe m\u00e9canisme de verrouillage fonctionne comme une fermeture \u00e9clair, ce qui te permet d&#8217;ajuster facilement l&#8217;ajustement de la chaussure &#8211; il suffit de les faire glisser vers le haut pour qu&#8217;ils soient plus serr\u00e9s ou vers le bas pour les enlever rapidement !<br \/>\nDe plus, ces lacets exceptionnels offrent une durabilit\u00e9 trois fois sup\u00e9rieure \u00e0 celle des produits d&#8217;autres marques gr\u00e2ce \u00e0 leur construction de qualit\u00e9.<br \/>\nAvec cette combinaison de commodit\u00e9 et de style, il n&#8217;y a vraiment pas de meilleure option pour la personnalisation des chaussures !   <\/p>\n","protected":false},"excerpt":{"rendered":"<p><strong>Lacets sans lacets ray\u00e9s bleus<\/strong> Pr\u00e9pare-toi \u00e0 r\u00e9volutionner ton jeu de chaussures avec la commodit\u00e9 innovante des lacets sans lacets !<br \/>\nGr\u00e2ce \u00e0 un m\u00e9canisme de verrouillage sp\u00e9cial inspir\u00e9 des fermetures \u00e0 glissi\u00e8re, tu peux rapidement profiter de la facilit\u00e9 d&#8217;enfilage sans jamais avoir \u00e0 te soucier des lacets qui se d\u00e9tachent ou qui font tr\u00e9bucher.<br \/>\nDe plus, leur construction de qualit\u00e9 sup\u00e9rieure est con\u00e7ue pour une durabilit\u00e9 \u00e0 long terme qui dure trois fois plus longtemps que les autres marques.<br \/>\nD\u00e9barrasse-toi des lacets g\u00eanants et des glissades et profite plut\u00f4t d&#8217;une s\u00e9curit\u00e9 \u00e0 la mode &#8211; le tout dans un ensemble \u00e9l\u00e9gant !     <\/p>\n<ul>\n<li>120 cm<\/li>\n<li>Mat\u00e9riaux de premi\u00e8re qualit\u00e9<\/li>\n<li>Dure <strong>3 fois plus longtemps<\/strong> que les autres marques<\/li>\n<li>Belle boucle d&#8217;emballage King<\/li>\n<\/ul>\n","protected":false},"featured_media":74170,"comment_status":"open","ping_status":"closed","template":"","meta":{"_acf_changed":false},"product_brand":[],"product_cat":[1106,981,958,1105,1553,983,1359,1224,1655,1552,947,1436],"product_tag":[986,984,962,966,961,964,985,963],"woo-feed-brand":[],"class_list":{"0":"post-74166","1":"product","2":"type-product","3":"status-publish","4":"has-post-thumbnail","6":"product_cat-ancres-pour-lacets-plus-de-voyages-juste-des-astuces","7":"product_cat-des-lacets-sans-fil-qui-te-font-gagner-du-temps-et-qui-sont-superbes","8":"product_cat-hey-dude-les-lacets-de-chaussures-sans-fil-cest-le-nouveau-cool","9":"product_cat-lacets-en-spirale-le-heros-meconnu-de-la-mode-des-chaussures","10":"product_cat-lacets-pour-enfants-les-baskets-des-enfants-silluminent","11":"product_cat-les-lacets-rapides-mettre-fin-aux-vieilles-habitudes-de-ligotage","12":"product_cat-premium-blue-shoe-laces-voir-les-meilleures-ventes","13":"product_cat-remplacement-des-lacets-de-chaussures-nike-pour-une-mise-a-jour-visuelle-de-qualite","14":"product_cat-salle-des-trophees-de-premier-ordre-jordan-1-blue-laces-pour-un-look-etonnant","15":"product_cat-speed-laces-la-revolution-dans-la-mode-des-chaussures","16":"product_cat-tous-les-lacets","17":"product_cat-tu-as-des-lacets-de-jordan-6-plus-besoin-dattacher-tes-chaussures","18":"product_tag-cire","19":"product_tag-cire-plat","20":"product_tag-lacets","21":"product_tag-lacets-a-pointe-dor","22":"product_tag-loop-king-fr","23":"product_tag-noir","24":"product_tag-plat","25":"product_tag-pointe-en-metal","27":"first","28":"instock","29":"taxable","30":"shipping-taxable","31":"purchasable","32":"product-type-variable"},"acf":[],"yoast_head":"<!-- This site is optimized with the Yoast SEO plugin v27.4 - https:\/\/yoast.com\/product\/yoast-seo-wordpress\/ -->\n<title>Lacets sans attache \u00e0 rayures bleues - From Loop King<\/title>\n<meta name=\"description\" content=\"Am\u00e9liore ton jogging matinal et arr\u00eate de t&#039;inqui\u00e9ter des lacets d\u00e9sordonn\u00e9s ! Profite de la commodit\u00e9 de ces lacets sans attache de premi\u00e8re qualit\u00e9 qui ne se d\u00e9font pas.\" \/>\n<meta name=\"robots\" content=\"index, follow, max-snippet:-1, max-image-preview:large, max-video-preview:-1\" \/>\n<link rel=\"canonical\" href=\"https:\/\/www.loopkinglaces.com\/fr\/products\/lacets-sans-attache-a-rayures-bleues-47-pouces\/\" \/>\n<meta property=\"og:locale\" content=\"fr_FR\" \/>\n<meta property=\"og:type\" content=\"article\" \/>\n<meta property=\"og:title\" content=\"Lacets sans attache \u00e0 rayures bleues - From Loop King\" \/>\n<meta property=\"og:description\" content=\"Am\u00e9liore ton jogging matinal et arr\u00eate de t&#039;inqui\u00e9ter des lacets d\u00e9sordonn\u00e9s ! Profite de la commodit\u00e9 de ces lacets sans attache de premi\u00e8re qualit\u00e9 qui ne se d\u00e9font pas.\" \/>\n<meta property=\"og:url\" content=\"https:\/\/www.loopkinglaces.com\/fr\/products\/lacets-sans-attache-a-rayures-bleues-47-pouces\/\" \/>\n<meta property=\"og:site_name\" content=\"Luxury Gold Tip Shoelaces by Loop King Laces\" \/>\n<meta property=\"article:publisher\" content=\"https:\/\/www.facebook.com\/LoopKingLaces\/\" \/>\n<meta property=\"og:image\" content=\"https:\/\/www.loopkinglaces.com\/wp-content\/uploads\/1216A-132-scaled.jpg\" \/>\n\t<meta property=\"og:image:width\" content=\"1600\" \/>\n\t<meta property=\"og:image:height\" content=\"1067\" \/>\n\t<meta property=\"og:image:type\" content=\"image\/jpeg\" \/>\n<meta name=\"twitter:card\" content=\"summary_large_image\" \/>\n<meta name=\"twitter:site\" content=\"@loopkinglaces\" \/>\n<meta name=\"twitter:label1\" content=\"Dur\u00e9e de lecture estim\u00e9e\" \/>\n\t<meta name=\"twitter:data1\" content=\"1 minute\" \/>\n<script type=\"application\/ld+json\" class=\"yoast-schema-graph\">{\"@context\":\"https:\\\/\\\/schema.org\",\"@graph\":[{\"@type\":[\"WebPage\",\"ItemPage\"],\"@id\":\"https:\\\/\\\/www.loopkinglaces.com\\\/fr\\\/products\\\/lacets-sans-attache-a-rayures-bleues-47-pouces\\\/\",\"url\":\"https:\\\/\\\/www.loopkinglaces.com\\\/fr\\\/products\\\/lacets-sans-attache-a-rayures-bleues-47-pouces\\\/\",\"name\":\"Lacets sans attache \u00e0 rayures bleues - From Loop King\",\"isPartOf\":{\"@id\":\"https:\\\/\\\/www.loopkinglaces.com\\\/fr\\\/#website\"},\"primaryImageOfPage\":{\"@id\":\"https:\\\/\\\/www.loopkinglaces.com\\\/fr\\\/products\\\/lacets-sans-attache-a-rayures-bleues-47-pouces\\\/#primaryimage\"},\"image\":{\"@id\":\"https:\\\/\\\/www.loopkinglaces.com\\\/fr\\\/products\\\/lacets-sans-attache-a-rayures-bleues-47-pouces\\\/#primaryimage\"},\"thumbnailUrl\":\"https:\\\/\\\/www.loopkinglaces.com\\\/wp-content\\\/uploads\\\/1216A-132-scaled.jpg\",\"datePublished\":\"2022-12-28T19:19:58+00:00\",\"description\":\"Am\u00e9liore ton jogging matinal et arr\u00eate de t'inqui\u00e9ter des lacets d\u00e9sordonn\u00e9s ! Profite de la commodit\u00e9 de ces lacets sans attache de premi\u00e8re qualit\u00e9 qui ne se d\u00e9font pas.\",\"breadcrumb\":{\"@id\":\"https:\\\/\\\/www.loopkinglaces.com\\\/fr\\\/products\\\/lacets-sans-attache-a-rayures-bleues-47-pouces\\\/#breadcrumb\"},\"inLanguage\":\"fr-FR\",\"potentialAction\":[{\"@type\":\"ReadAction\",\"target\":[\"https:\\\/\\\/www.loopkinglaces.com\\\/fr\\\/products\\\/lacets-sans-attache-a-rayures-bleues-47-pouces\\\/\"]}]},{\"@type\":\"ImageObject\",\"inLanguage\":\"fr-FR\",\"@id\":\"https:\\\/\\\/www.loopkinglaces.com\\\/fr\\\/products\\\/lacets-sans-attache-a-rayures-bleues-47-pouces\\\/#primaryimage\",\"url\":\"https:\\\/\\\/www.loopkinglaces.com\\\/wp-content\\\/uploads\\\/1216A-132-scaled.jpg\",\"contentUrl\":\"https:\\\/\\\/www.loopkinglaces.com\\\/wp-content\\\/uploads\\\/1216A-132-scaled.jpg\",\"width\":1600,\"height\":1067},{\"@type\":\"BreadcrumbList\",\"@id\":\"https:\\\/\\\/www.loopkinglaces.com\\\/fr\\\/products\\\/lacets-sans-attache-a-rayures-bleues-47-pouces\\\/#breadcrumb\",\"itemListElement\":[{\"@type\":\"ListItem\",\"position\":1,\"name\":\"Home\",\"item\":\"https:\\\/\\\/www.loopkinglaces.com\\\/fr\\\/\"},{\"@type\":\"ListItem\",\"position\":2,\"name\":\"ACHETER DES LACES\",\"item\":\"https:\\\/\\\/www.loopkinglaces.com\\\/fr\\\/acheter-des-laces\\\/\"},{\"@type\":\"ListItem\",\"position\":3,\"name\":\"Lacets sans attache \u00e0 rayures bleues &#8211; 47 pouces\"}]},{\"@type\":\"WebSite\",\"@id\":\"https:\\\/\\\/www.loopkinglaces.com\\\/fr\\\/#website\",\"url\":\"https:\\\/\\\/www.loopkinglaces.com\\\/fr\\\/\",\"name\":\"Luxury Gold Tip Shoelaces by Loop King Laces\",\"description\":\"Rope Laces, Flat Waxed Laces and Leather Laces. All With Gold Tips.\",\"publisher\":{\"@id\":\"https:\\\/\\\/www.loopkinglaces.com\\\/fr\\\/#organization\"},\"potentialAction\":[{\"@type\":\"SearchAction\",\"target\":{\"@type\":\"EntryPoint\",\"urlTemplate\":\"https:\\\/\\\/www.loopkinglaces.com\\\/fr\\\/?s={search_term_string}\"},\"query-input\":{\"@type\":\"PropertyValueSpecification\",\"valueRequired\":true,\"valueName\":\"search_term_string\"}}],\"inLanguage\":\"fr-FR\"},{\"@type\":\"Organization\",\"@id\":\"https:\\\/\\\/www.loopkinglaces.com\\\/fr\\\/#organization\",\"name\":\"Loop King Laces\",\"url\":\"https:\\\/\\\/www.loopkinglaces.com\\\/fr\\\/\",\"logo\":{\"@type\":\"ImageObject\",\"inLanguage\":\"fr-FR\",\"@id\":\"https:\\\/\\\/www.loopkinglaces.com\\\/fr\\\/#\\\/schema\\\/logo\\\/image\\\/\",\"url\":\"https:\\\/\\\/www.loopkinglaces.com\\\/wp-content\\\/uploads\\\/LOOP-KING-LACES.1.1-01-LOGO-HI-RES-OFFICIAL-1.png\",\"contentUrl\":\"https:\\\/\\\/www.loopkinglaces.com\\\/wp-content\\\/uploads\\\/LOOP-KING-LACES.1.1-01-LOGO-HI-RES-OFFICIAL-1.png\",\"width\":128,\"height\":91,\"caption\":\"Loop King Laces\"},\"image\":{\"@id\":\"https:\\\/\\\/www.loopkinglaces.com\\\/fr\\\/#\\\/schema\\\/logo\\\/image\\\/\"},\"sameAs\":[\"https:\\\/\\\/www.facebook.com\\\/LoopKingLaces\\\/\",\"https:\\\/\\\/x.com\\\/loopkinglaces\",\"https:\\\/\\\/www.instagram.com\\\/loopkinglaces\\\/\"]}]}<\/script>\n<!-- \/ Yoast SEO plugin. -->","yoast_head_json":{"title":"Lacets sans attache \u00e0 rayures bleues - From Loop King","description":"Am\u00e9liore ton jogging matinal et arr\u00eate de t'inqui\u00e9ter des lacets d\u00e9sordonn\u00e9s ! Profite de la commodit\u00e9 de ces lacets sans attache de premi\u00e8re qualit\u00e9 qui ne se d\u00e9font pas.","robots":{"index":"index","follow":"follow","max-snippet":"max-snippet:-1","max-image-preview":"max-image-preview:large","max-video-preview":"max-video-preview:-1"},"canonical":"https:\/\/www.loopkinglaces.com\/fr\/products\/lacets-sans-attache-a-rayures-bleues-47-pouces\/","og_locale":"fr_FR","og_type":"article","og_title":"Lacets sans attache \u00e0 rayures bleues - From Loop King","og_description":"Am\u00e9liore ton jogging matinal et arr\u00eate de t'inqui\u00e9ter des lacets d\u00e9sordonn\u00e9s ! Profite de la commodit\u00e9 de ces lacets sans attache de premi\u00e8re qualit\u00e9 qui ne se d\u00e9font pas.","og_url":"https:\/\/www.loopkinglaces.com\/fr\/products\/lacets-sans-attache-a-rayures-bleues-47-pouces\/","og_site_name":"Luxury Gold Tip Shoelaces by Loop King Laces","article_publisher":"https:\/\/www.facebook.com\/LoopKingLaces\/","og_image":[{"width":1600,"height":1067,"url":"https:\/\/www.loopkinglaces.com\/wp-content\/uploads\/1216A-132-scaled.jpg","type":"image\/jpeg"}],"twitter_card":"summary_large_image","twitter_site":"@loopkinglaces","twitter_misc":{"Dur\u00e9e de lecture estim\u00e9e":"1 minute"},"schema":{"@context":"https:\/\/schema.org","@graph":[{"@type":["WebPage","ItemPage"],"@id":"https:\/\/www.loopkinglaces.com\/fr\/products\/lacets-sans-attache-a-rayures-bleues-47-pouces\/","url":"https:\/\/www.loopkinglaces.com\/fr\/products\/lacets-sans-attache-a-rayures-bleues-47-pouces\/","name":"Lacets sans attache \u00e0 rayures bleues - From Loop King","isPartOf":{"@id":"https:\/\/www.loopkinglaces.com\/fr\/#website"},"primaryImageOfPage":{"@id":"https:\/\/www.loopkinglaces.com\/fr\/products\/lacets-sans-attache-a-rayures-bleues-47-pouces\/#primaryimage"},"image":{"@id":"https:\/\/www.loopkinglaces.com\/fr\/products\/lacets-sans-attache-a-rayures-bleues-47-pouces\/#primaryimage"},"thumbnailUrl":"https:\/\/www.loopkinglaces.com\/wp-content\/uploads\/1216A-132-scaled.jpg","datePublished":"2022-12-28T19:19:58+00:00","description":"Am\u00e9liore ton jogging matinal et arr\u00eate de t'inqui\u00e9ter des lacets d\u00e9sordonn\u00e9s ! Profite de la commodit\u00e9 de ces lacets sans attache de premi\u00e8re qualit\u00e9 qui ne se d\u00e9font pas.","breadcrumb":{"@id":"https:\/\/www.loopkinglaces.com\/fr\/products\/lacets-sans-attache-a-rayures-bleues-47-pouces\/#breadcrumb"},"inLanguage":"fr-FR","potentialAction":[{"@type":"ReadAction","target":["https:\/\/www.loopkinglaces.com\/fr\/products\/lacets-sans-attache-a-rayures-bleues-47-pouces\/"]}]},{"@type":"ImageObject","inLanguage":"fr-FR","@id":"https:\/\/www.loopkinglaces.com\/fr\/products\/lacets-sans-attache-a-rayures-bleues-47-pouces\/#primaryimage","url":"https:\/\/www.loopkinglaces.com\/wp-content\/uploads\/1216A-132-scaled.jpg","contentUrl":"https:\/\/www.loopkinglaces.com\/wp-content\/uploads\/1216A-132-scaled.jpg","width":1600,"height":1067},{"@type":"BreadcrumbList","@id":"https:\/\/www.loopkinglaces.com\/fr\/products\/lacets-sans-attache-a-rayures-bleues-47-pouces\/#breadcrumb","itemListElement":[{"@type":"ListItem","position":1,"name":"Home","item":"https:\/\/www.loopkinglaces.com\/fr\/"},{"@type":"ListItem","position":2,"name":"ACHETER DES LACES","item":"https:\/\/www.loopkinglaces.com\/fr\/acheter-des-laces\/"},{"@type":"ListItem","position":3,"name":"Lacets sans attache \u00e0 rayures bleues &#8211; 47 pouces"}]},{"@type":"WebSite","@id":"https:\/\/www.loopkinglaces.com\/fr\/#website","url":"https:\/\/www.loopkinglaces.com\/fr\/","name":"Luxury Gold Tip Shoelaces by Loop King Laces","description":"Rope Laces, Flat Waxed Laces and Leather Laces. All With Gold Tips.","publisher":{"@id":"https:\/\/www.loopkinglaces.com\/fr\/#organization"},"potentialAction":[{"@type":"SearchAction","target":{"@type":"EntryPoint","urlTemplate":"https:\/\/www.loopkinglaces.com\/fr\/?s={search_term_string}"},"query-input":{"@type":"PropertyValueSpecification","valueRequired":true,"valueName":"search_term_string"}}],"inLanguage":"fr-FR"},{"@type":"Organization","@id":"https:\/\/www.loopkinglaces.com\/fr\/#organization","name":"Loop King Laces","url":"https:\/\/www.loopkinglaces.com\/fr\/","logo":{"@type":"ImageObject","inLanguage":"fr-FR","@id":"https:\/\/www.loopkinglaces.com\/fr\/#\/schema\/logo\/image\/","url":"https:\/\/www.loopkinglaces.com\/wp-content\/uploads\/LOOP-KING-LACES.1.1-01-LOGO-HI-RES-OFFICIAL-1.png","contentUrl":"https:\/\/www.loopkinglaces.com\/wp-content\/uploads\/LOOP-KING-LACES.1.1-01-LOGO-HI-RES-OFFICIAL-1.png","width":128,"height":91,"caption":"Loop King Laces"},"image":{"@id":"https:\/\/www.loopkinglaces.com\/fr\/#\/schema\/logo\/image\/"},"sameAs":["https:\/\/www.facebook.com\/LoopKingLaces\/","https:\/\/x.com\/loopkinglaces","https:\/\/www.instagram.com\/loopkinglaces\/"]}]}},"_links":{"self":[{"href":"https:\/\/www.loopkinglaces.com\/fr\/wp-json\/wp\/v2\/product\/74166","targetHints":{"allow":["GET"]}}],"collection":[{"href":"https:\/\/www.loopkinglaces.com\/fr\/wp-json\/wp\/v2\/product"}],"about":[{"href":"https:\/\/www.loopkinglaces.com\/fr\/wp-json\/wp\/v2\/types\/product"}],"replies":[{"embeddable":true,"href":"https:\/\/www.loopkinglaces.com\/fr\/wp-json\/wp\/v2\/comments?post=74166"}],"wp:featuredmedia":[{"embeddable":true,"href":"https:\/\/www.loopkinglaces.com\/fr\/wp-json\/wp\/v2\/media\/74170"}],"wp:attachment":[{"href":"https:\/\/www.loopkinglaces.com\/fr\/wp-json\/wp\/v2\/media?parent=74166"}],"wp:term":[{"taxonomy":"product_brand","embeddable":true,"href":"https:\/\/www.loopkinglaces.com\/fr\/wp-json\/wp\/v2\/product_brand?post=74166"},{"taxonomy":"product_cat","embeddable":true,"href":"https:\/\/www.loopkinglaces.com\/fr\/wp-json\/wp\/v2\/product_cat?post=74166"},{"taxonomy":"product_tag","embeddable":true,"href":"https:\/\/www.loopkinglaces.com\/fr\/wp-json\/wp\/v2\/product_tag?post=74166"},{"taxonomy":"woo-feed-brand","embeddable":true,"href":"https:\/\/www.loopkinglaces.com\/fr\/wp-json\/wp\/v2\/woo-feed-brand?post=74166"}],"curies":[{"name":"wp","href":"https:\/\/api.w.org\/{rel}","templated":true}]}}