{"id":74150,"date":"2022-12-28T18:43:33","date_gmt":"2022-12-28T18:43:33","guid":{"rendered":"https:\/\/www.loopkinglaces.com\/products\/lacets-rouges-rayes-sans-noeud-47-pouces\/"},"modified":"2022-12-28T18:43:33","modified_gmt":"2022-12-28T18:43:33","slug":"lacets-rouges-rayes-sans-noeud-47-pouces","status":"publish","type":"product","link":"https:\/\/www.loopkinglaces.com\/fr\/products\/lacets-rouges-rayes-sans-noeud-47-pouces\/","title":{"rendered":"Lacets rouges ray\u00e9s sans noeud &#8211; 47 pouces"},"content":{"rendered":"<p>Si tu veux te d\u00e9barrasser de la t\u00e2che fastidieuse de faire tes lacets et donner un peu d&#8217;\u00e9clat \u00e0 tes chaussures, alors les lacets sans lacets sont indispensables !<br \/>\nAvec leur m\u00e9canisme de verrouillage am\u00e9lior\u00e9, comme la fermeture \u00e9clair de ton manteau, ces lacets sp\u00e9ciaux offrent une facilit\u00e9 in\u00e9gal\u00e9e &#8211; il suffit de tirer vers le haut pour serrer la chaussure pour un ajustement ferme et de tirer vers le bas pour l&#8217;enlever.<br \/>\nFabriqu\u00e9s \u00e0 partir de mat\u00e9riaux de premi\u00e8re qualit\u00e9 qui durent trois fois plus longtemps que ceux des autres marques, ils offrent \u00e0 la fois commodit\u00e9 et style.  <\/p>\n","protected":false},"excerpt":{"rendered":"<p><strong>Lacets sans lacets \u00e0 rayures rouges<\/strong> Oublie de perdre du temps \u00e0 faire tes lacets &#8211; avec les lacets sans lacets, tu peux obtenir un bon maintien en quelques secondes seulement.<br \/>\nGr\u00e2ce \u00e0 leur m\u00e9canisme de verrouillage qui fonctionne comme la fermeture \u00e9clair de ton manteau, il suffit d&#8217;une traction pour avoir des chaussures bien ajust\u00e9es et d&#8217;une autre pour les faire glisser rapidement lorsque c&#8217;est n\u00e9cessaire.<br \/>\nFabriqu\u00e9s \u00e0 partir de mat\u00e9riaux durables, ces lacets sp\u00e9ciaux resteront en place 3x plus longtemps que les lacets traditionnels.    <\/p>\n<ul>\n<li>120 cm<\/li>\n<li>Mat\u00e9riaux de premi\u00e8re qualit\u00e9<\/li>\n<li>Dure <strong>3 fois plus longtemps<\/strong> que les autres marques<\/li>\n<li>Belle boucle d&#8217;emballage King<\/li>\n<\/ul>\n","protected":false},"featured_media":74153,"comment_status":"open","ping_status":"closed","template":"","meta":{"_acf_changed":false},"product_brand":[],"product_cat":[1512,1106,981,1669,1241,958,1670,1105,1553,1057,1671,983,1552,947],"product_tag":[986,984,962,966,961,964,985,963],"woo-feed-brand":[],"class_list":{"0":"post-74150","1":"product","2":"type-product","3":"status-publish","4":"has-post-thumbnail","6":"product_cat-ameliore-ton-jeu-de-chaussures-avec-les-lacets-de-bottes-columbia","7":"product_cat-ancres-pour-lacets-plus-de-voyages-juste-des-astuces","8":"product_cat-des-lacets-sans-fil-qui-te-font-gagner-du-temps-et-qui-sont-superbes","9":"product_cat-des-lacets-yeezy-380-pepper-red-etonnants-qui-ont-lair-remarquables","10":"product_cat-donne-une-seconde-chance-a-tes-bottes-avec-les-lacets-de-80-pouces","11":"product_cat-hey-dude-les-lacets-de-chaussures-sans-fil-cest-le-nouveau-cool","12":"product_cat-lacets-de-bottes-de-randonnee-rouges-luxuriants-qui-resistent-aux-elements-agressifs","13":"product_cat-lacets-en-spirale-le-heros-meconnu-de-la-mode-des-chaussures","14":"product_cat-lacets-pour-enfants-les-baskets-des-enfants-silluminent","15":"product_cat-lacets-rouges-pour-chaussures","16":"product_cat-le-jordan-1-vert-pin-a-lacets-rouges-pour-sortir-du-lot","17":"product_cat-les-lacets-rapides-mettre-fin-aux-vieilles-habitudes-de-ligotage","18":"product_cat-speed-laces-la-revolution-dans-la-mode-des-chaussures","19":"product_cat-tous-les-lacets","20":"product_tag-cire","21":"product_tag-cire-plat","22":"product_tag-lacets","23":"product_tag-lacets-a-pointe-dor","24":"product_tag-loop-king-fr","25":"product_tag-noir","26":"product_tag-plat","27":"product_tag-pointe-en-metal","29":"first","30":"instock","31":"taxable","32":"shipping-taxable","33":"product-type-variable"},"acf":[],"yoast_head":"<!-- This site is optimized with the Yoast SEO plugin v27.4 - https:\/\/yoast.com\/product\/yoast-seo-wordpress\/ -->\n<title>Lacets rouges ray\u00e9s sans noeud - From Loop King<\/title>\n<meta name=\"description\" content=\"Tu en as assez d&#039;arr\u00eater ton jogging pour attacher ces lacets g\u00eanants ? Investis dans une paire de lacets sans fil ray\u00e9s rouges de premi\u00e8re qualit\u00e9 et tu n&#039;auras plus jamais ce probl\u00e8me !\" \/>\n<meta name=\"robots\" content=\"index, follow, max-snippet:-1, max-image-preview:large, max-video-preview:-1\" \/>\n<link rel=\"canonical\" href=\"https:\/\/www.loopkinglaces.com\/fr\/products\/lacets-rouges-rayes-sans-noeud-47-pouces\/\" \/>\n<meta property=\"og:locale\" content=\"fr_FR\" \/>\n<meta property=\"og:type\" content=\"article\" \/>\n<meta property=\"og:title\" content=\"Lacets rouges ray\u00e9s sans noeud - From Loop King\" \/>\n<meta property=\"og:description\" content=\"Tu en as assez d&#039;arr\u00eater ton jogging pour attacher ces lacets g\u00eanants ? Investis dans une paire de lacets sans fil ray\u00e9s rouges de premi\u00e8re qualit\u00e9 et tu n&#039;auras plus jamais ce probl\u00e8me !\" \/>\n<meta property=\"og:url\" content=\"https:\/\/www.loopkinglaces.com\/fr\/products\/lacets-rouges-rayes-sans-noeud-47-pouces\/\" \/>\n<meta property=\"og:site_name\" content=\"Luxury Gold Tip Shoelaces by Loop King Laces\" \/>\n<meta property=\"article:publisher\" content=\"https:\/\/www.facebook.com\/LoopKingLaces\/\" \/>\n<meta property=\"og:image\" content=\"https:\/\/www.loopkinglaces.com\/wp-content\/uploads\/1216A-136-scaled.jpg\" \/>\n\t<meta property=\"og:image:width\" content=\"1600\" \/>\n\t<meta property=\"og:image:height\" content=\"1067\" \/>\n\t<meta property=\"og:image:type\" content=\"image\/jpeg\" \/>\n<meta name=\"twitter:card\" content=\"summary_large_image\" \/>\n<meta name=\"twitter:site\" content=\"@loopkinglaces\" \/>\n<meta name=\"twitter:label1\" content=\"Dur\u00e9e de lecture estim\u00e9e\" \/>\n\t<meta name=\"twitter:data1\" content=\"1 minute\" \/>\n<script type=\"application\/ld+json\" class=\"yoast-schema-graph\">{\"@context\":\"https:\\\/\\\/schema.org\",\"@graph\":[{\"@type\":[\"WebPage\",\"ItemPage\"],\"@id\":\"https:\\\/\\\/www.loopkinglaces.com\\\/fr\\\/products\\\/lacets-rouges-rayes-sans-noeud-47-pouces\\\/\",\"url\":\"https:\\\/\\\/www.loopkinglaces.com\\\/fr\\\/products\\\/lacets-rouges-rayes-sans-noeud-47-pouces\\\/\",\"name\":\"Lacets rouges ray\u00e9s sans noeud - From Loop King\",\"isPartOf\":{\"@id\":\"https:\\\/\\\/www.loopkinglaces.com\\\/fr\\\/#website\"},\"primaryImageOfPage\":{\"@id\":\"https:\\\/\\\/www.loopkinglaces.com\\\/fr\\\/products\\\/lacets-rouges-rayes-sans-noeud-47-pouces\\\/#primaryimage\"},\"image\":{\"@id\":\"https:\\\/\\\/www.loopkinglaces.com\\\/fr\\\/products\\\/lacets-rouges-rayes-sans-noeud-47-pouces\\\/#primaryimage\"},\"thumbnailUrl\":\"https:\\\/\\\/www.loopkinglaces.com\\\/wp-content\\\/uploads\\\/1216A-136-scaled.jpg\",\"datePublished\":\"2022-12-28T18:43:33+00:00\",\"description\":\"Tu en as assez d'arr\u00eater ton jogging pour attacher ces lacets g\u00eanants ? Investis dans une paire de lacets sans fil ray\u00e9s rouges de premi\u00e8re qualit\u00e9 et tu n'auras plus jamais ce probl\u00e8me !\",\"breadcrumb\":{\"@id\":\"https:\\\/\\\/www.loopkinglaces.com\\\/fr\\\/products\\\/lacets-rouges-rayes-sans-noeud-47-pouces\\\/#breadcrumb\"},\"inLanguage\":\"fr-FR\",\"potentialAction\":[{\"@type\":\"ReadAction\",\"target\":[\"https:\\\/\\\/www.loopkinglaces.com\\\/fr\\\/products\\\/lacets-rouges-rayes-sans-noeud-47-pouces\\\/\"]}]},{\"@type\":\"ImageObject\",\"inLanguage\":\"fr-FR\",\"@id\":\"https:\\\/\\\/www.loopkinglaces.com\\\/fr\\\/products\\\/lacets-rouges-rayes-sans-noeud-47-pouces\\\/#primaryimage\",\"url\":\"https:\\\/\\\/www.loopkinglaces.com\\\/wp-content\\\/uploads\\\/1216A-136-scaled.jpg\",\"contentUrl\":\"https:\\\/\\\/www.loopkinglaces.com\\\/wp-content\\\/uploads\\\/1216A-136-scaled.jpg\",\"width\":1600,\"height\":1067},{\"@type\":\"BreadcrumbList\",\"@id\":\"https:\\\/\\\/www.loopkinglaces.com\\\/fr\\\/products\\\/lacets-rouges-rayes-sans-noeud-47-pouces\\\/#breadcrumb\",\"itemListElement\":[{\"@type\":\"ListItem\",\"position\":1,\"name\":\"Home\",\"item\":\"https:\\\/\\\/www.loopkinglaces.com\\\/fr\\\/\"},{\"@type\":\"ListItem\",\"position\":2,\"name\":\"ACHETER DES LACES\",\"item\":\"https:\\\/\\\/www.loopkinglaces.com\\\/fr\\\/acheter-des-laces\\\/\"},{\"@type\":\"ListItem\",\"position\":3,\"name\":\"Lacets rouges ray\u00e9s sans noeud &#8211; 47 pouces\"}]},{\"@type\":\"WebSite\",\"@id\":\"https:\\\/\\\/www.loopkinglaces.com\\\/fr\\\/#website\",\"url\":\"https:\\\/\\\/www.loopkinglaces.com\\\/fr\\\/\",\"name\":\"Luxury Gold Tip Shoelaces by Loop King Laces\",\"description\":\"Rope Laces, Flat Waxed Laces and Leather Laces. All With Gold Tips.\",\"publisher\":{\"@id\":\"https:\\\/\\\/www.loopkinglaces.com\\\/fr\\\/#organization\"},\"potentialAction\":[{\"@type\":\"SearchAction\",\"target\":{\"@type\":\"EntryPoint\",\"urlTemplate\":\"https:\\\/\\\/www.loopkinglaces.com\\\/fr\\\/?s={search_term_string}\"},\"query-input\":{\"@type\":\"PropertyValueSpecification\",\"valueRequired\":true,\"valueName\":\"search_term_string\"}}],\"inLanguage\":\"fr-FR\"},{\"@type\":\"Organization\",\"@id\":\"https:\\\/\\\/www.loopkinglaces.com\\\/fr\\\/#organization\",\"name\":\"Loop King Laces\",\"url\":\"https:\\\/\\\/www.loopkinglaces.com\\\/fr\\\/\",\"logo\":{\"@type\":\"ImageObject\",\"inLanguage\":\"fr-FR\",\"@id\":\"https:\\\/\\\/www.loopkinglaces.com\\\/fr\\\/#\\\/schema\\\/logo\\\/image\\\/\",\"url\":\"https:\\\/\\\/www.loopkinglaces.com\\\/wp-content\\\/uploads\\\/LOOP-KING-LACES.1.1-01-LOGO-HI-RES-OFFICIAL-1.png\",\"contentUrl\":\"https:\\\/\\\/www.loopkinglaces.com\\\/wp-content\\\/uploads\\\/LOOP-KING-LACES.1.1-01-LOGO-HI-RES-OFFICIAL-1.png\",\"width\":128,\"height\":91,\"caption\":\"Loop King Laces\"},\"image\":{\"@id\":\"https:\\\/\\\/www.loopkinglaces.com\\\/fr\\\/#\\\/schema\\\/logo\\\/image\\\/\"},\"sameAs\":[\"https:\\\/\\\/www.facebook.com\\\/LoopKingLaces\\\/\",\"https:\\\/\\\/x.com\\\/loopkinglaces\",\"https:\\\/\\\/www.instagram.com\\\/loopkinglaces\\\/\"]}]}<\/script>\n<!-- \/ Yoast SEO plugin. -->","yoast_head_json":{"title":"Lacets rouges ray\u00e9s sans noeud - From Loop King","description":"Tu en as assez d'arr\u00eater ton jogging pour attacher ces lacets g\u00eanants ? Investis dans une paire de lacets sans fil ray\u00e9s rouges de premi\u00e8re qualit\u00e9 et tu n'auras plus jamais ce probl\u00e8me !","robots":{"index":"index","follow":"follow","max-snippet":"max-snippet:-1","max-image-preview":"max-image-preview:large","max-video-preview":"max-video-preview:-1"},"canonical":"https:\/\/www.loopkinglaces.com\/fr\/products\/lacets-rouges-rayes-sans-noeud-47-pouces\/","og_locale":"fr_FR","og_type":"article","og_title":"Lacets rouges ray\u00e9s sans noeud - From Loop King","og_description":"Tu en as assez d'arr\u00eater ton jogging pour attacher ces lacets g\u00eanants ? Investis dans une paire de lacets sans fil ray\u00e9s rouges de premi\u00e8re qualit\u00e9 et tu n'auras plus jamais ce probl\u00e8me !","og_url":"https:\/\/www.loopkinglaces.com\/fr\/products\/lacets-rouges-rayes-sans-noeud-47-pouces\/","og_site_name":"Luxury Gold Tip Shoelaces by Loop King Laces","article_publisher":"https:\/\/www.facebook.com\/LoopKingLaces\/","og_image":[{"width":1600,"height":1067,"url":"https:\/\/www.loopkinglaces.com\/wp-content\/uploads\/1216A-136-scaled.jpg","type":"image\/jpeg"}],"twitter_card":"summary_large_image","twitter_site":"@loopkinglaces","twitter_misc":{"Dur\u00e9e de lecture estim\u00e9e":"1 minute"},"schema":{"@context":"https:\/\/schema.org","@graph":[{"@type":["WebPage","ItemPage"],"@id":"https:\/\/www.loopkinglaces.com\/fr\/products\/lacets-rouges-rayes-sans-noeud-47-pouces\/","url":"https:\/\/www.loopkinglaces.com\/fr\/products\/lacets-rouges-rayes-sans-noeud-47-pouces\/","name":"Lacets rouges ray\u00e9s sans noeud - From Loop King","isPartOf":{"@id":"https:\/\/www.loopkinglaces.com\/fr\/#website"},"primaryImageOfPage":{"@id":"https:\/\/www.loopkinglaces.com\/fr\/products\/lacets-rouges-rayes-sans-noeud-47-pouces\/#primaryimage"},"image":{"@id":"https:\/\/www.loopkinglaces.com\/fr\/products\/lacets-rouges-rayes-sans-noeud-47-pouces\/#primaryimage"},"thumbnailUrl":"https:\/\/www.loopkinglaces.com\/wp-content\/uploads\/1216A-136-scaled.jpg","datePublished":"2022-12-28T18:43:33+00:00","description":"Tu en as assez d'arr\u00eater ton jogging pour attacher ces lacets g\u00eanants ? Investis dans une paire de lacets sans fil ray\u00e9s rouges de premi\u00e8re qualit\u00e9 et tu n'auras plus jamais ce probl\u00e8me !","breadcrumb":{"@id":"https:\/\/www.loopkinglaces.com\/fr\/products\/lacets-rouges-rayes-sans-noeud-47-pouces\/#breadcrumb"},"inLanguage":"fr-FR","potentialAction":[{"@type":"ReadAction","target":["https:\/\/www.loopkinglaces.com\/fr\/products\/lacets-rouges-rayes-sans-noeud-47-pouces\/"]}]},{"@type":"ImageObject","inLanguage":"fr-FR","@id":"https:\/\/www.loopkinglaces.com\/fr\/products\/lacets-rouges-rayes-sans-noeud-47-pouces\/#primaryimage","url":"https:\/\/www.loopkinglaces.com\/wp-content\/uploads\/1216A-136-scaled.jpg","contentUrl":"https:\/\/www.loopkinglaces.com\/wp-content\/uploads\/1216A-136-scaled.jpg","width":1600,"height":1067},{"@type":"BreadcrumbList","@id":"https:\/\/www.loopkinglaces.com\/fr\/products\/lacets-rouges-rayes-sans-noeud-47-pouces\/#breadcrumb","itemListElement":[{"@type":"ListItem","position":1,"name":"Home","item":"https:\/\/www.loopkinglaces.com\/fr\/"},{"@type":"ListItem","position":2,"name":"ACHETER DES LACES","item":"https:\/\/www.loopkinglaces.com\/fr\/acheter-des-laces\/"},{"@type":"ListItem","position":3,"name":"Lacets rouges ray\u00e9s sans noeud &#8211; 47 pouces"}]},{"@type":"WebSite","@id":"https:\/\/www.loopkinglaces.com\/fr\/#website","url":"https:\/\/www.loopkinglaces.com\/fr\/","name":"Luxury Gold Tip Shoelaces by Loop King Laces","description":"Rope Laces, Flat Waxed Laces and Leather Laces. All With Gold Tips.","publisher":{"@id":"https:\/\/www.loopkinglaces.com\/fr\/#organization"},"potentialAction":[{"@type":"SearchAction","target":{"@type":"EntryPoint","urlTemplate":"https:\/\/www.loopkinglaces.com\/fr\/?s={search_term_string}"},"query-input":{"@type":"PropertyValueSpecification","valueRequired":true,"valueName":"search_term_string"}}],"inLanguage":"fr-FR"},{"@type":"Organization","@id":"https:\/\/www.loopkinglaces.com\/fr\/#organization","name":"Loop King Laces","url":"https:\/\/www.loopkinglaces.com\/fr\/","logo":{"@type":"ImageObject","inLanguage":"fr-FR","@id":"https:\/\/www.loopkinglaces.com\/fr\/#\/schema\/logo\/image\/","url":"https:\/\/www.loopkinglaces.com\/wp-content\/uploads\/LOOP-KING-LACES.1.1-01-LOGO-HI-RES-OFFICIAL-1.png","contentUrl":"https:\/\/www.loopkinglaces.com\/wp-content\/uploads\/LOOP-KING-LACES.1.1-01-LOGO-HI-RES-OFFICIAL-1.png","width":128,"height":91,"caption":"Loop King Laces"},"image":{"@id":"https:\/\/www.loopkinglaces.com\/fr\/#\/schema\/logo\/image\/"},"sameAs":["https:\/\/www.facebook.com\/LoopKingLaces\/","https:\/\/x.com\/loopkinglaces","https:\/\/www.instagram.com\/loopkinglaces\/"]}]}},"_links":{"self":[{"href":"https:\/\/www.loopkinglaces.com\/fr\/wp-json\/wp\/v2\/product\/74150","targetHints":{"allow":["GET"]}}],"collection":[{"href":"https:\/\/www.loopkinglaces.com\/fr\/wp-json\/wp\/v2\/product"}],"about":[{"href":"https:\/\/www.loopkinglaces.com\/fr\/wp-json\/wp\/v2\/types\/product"}],"replies":[{"embeddable":true,"href":"https:\/\/www.loopkinglaces.com\/fr\/wp-json\/wp\/v2\/comments?post=74150"}],"wp:featuredmedia":[{"embeddable":true,"href":"https:\/\/www.loopkinglaces.com\/fr\/wp-json\/wp\/v2\/media\/74153"}],"wp:attachment":[{"href":"https:\/\/www.loopkinglaces.com\/fr\/wp-json\/wp\/v2\/media?parent=74150"}],"wp:term":[{"taxonomy":"product_brand","embeddable":true,"href":"https:\/\/www.loopkinglaces.com\/fr\/wp-json\/wp\/v2\/product_brand?post=74150"},{"taxonomy":"product_cat","embeddable":true,"href":"https:\/\/www.loopkinglaces.com\/fr\/wp-json\/wp\/v2\/product_cat?post=74150"},{"taxonomy":"product_tag","embeddable":true,"href":"https:\/\/www.loopkinglaces.com\/fr\/wp-json\/wp\/v2\/product_tag?post=74150"},{"taxonomy":"woo-feed-brand","embeddable":true,"href":"https:\/\/www.loopkinglaces.com\/fr\/wp-json\/wp\/v2\/woo-feed-brand?post=74150"}],"curies":[{"name":"wp","href":"https:\/\/api.w.org\/{rel}","templated":true}]}}