{"id":73806,"date":"2022-12-08T14:29:33","date_gmt":"2022-12-08T14:29:33","guid":{"rendered":"https:\/\/www.loopkinglaces.com\/products\/cordon-rose-gold-rhinestone-pantalon-drawstrings-with-gold-aglets\/"},"modified":"2022-12-08T14:29:33","modified_gmt":"2022-12-08T14:29:33","slug":"cordon-rose-gold-rhinestone-pantalon-drawstrings-with-gold-aglets","status":"publish","type":"product","link":"https:\/\/www.loopkinglaces.com\/fr\/products\/cordon-rose-gold-rhinestone-pantalon-drawstrings-with-gold-aglets\/","title":{"rendered":"Cordon Rose Gold Rhinestone Pantalon Drawstrings with Gold Aglets"},"content":{"rendered":"<p>Loop King Laces ne fournit que des cordons de serrage \u00e0 pointe dor\u00e9e de la plus haute qualit\u00e9 pour les pantalons.<br \/>\nTous nos cordons sont dot\u00e9s d&#8217;une pointe m\u00e9tallique gaufr\u00e9e repr\u00e9sentant LOOP KING et notre couronne symbolique.<br \/>\nChaque cordon est 100 % r\u00e9sistant au feu, ce qui montre la qualit\u00e9 r\u00e9elle de nos cordons.  <\/p>\n","protected":false},"excerpt":{"rendered":"<p><span style=\"font-weight: 400;\">Nos lacets de luxe en corde rose dor\u00e9e sont munis d&#8217;aglets dor\u00e9s en relief (pointes).<br \/>\nTous nos lacets de luxe sont fabriqu\u00e9s avec des mat\u00e9riaux de premi\u00e8re qualit\u00e9 et des pointes en m\u00e9tal de la plus haute qualit\u00e9.<br \/>\nNos lacets en corde sont con\u00e7us pour durer trois fois plus longtemps que les lacets de qualit\u00e9 normale.   Regarde nos caract\u00e9ristiques compl\u00e8tes ci-dessous :<\/span><\/p>\n<ul>\n<li style=\"font-weight: 400;\" aria-level=\"1\"><span style=\"font-weight: 400;\">Corde de premi\u00e8re qualit\u00e9<\/span><\/li>\n<li style=\"font-weight: 400;\" aria-level=\"1\"><span style=\"font-weight: 400;\">Dur\u00e9e de vie 3 fois plus longue que les lacets ordinaires<\/span><\/li>\n<li style=\"font-weight: 400;\" aria-level=\"1\"><span style=\"font-weight: 400;\">Aglette d&#8217;or du roi des boucles<\/span><\/li>\n<li style=\"font-weight: 400;\" aria-level=\"1\"><span style=\"font-weight: 400;\">Un bel emballage<\/span><\/li>\n<\/ul>\n","protected":false},"featured_media":51677,"comment_status":"closed","ping_status":"closed","template":"","meta":{"_acf_changed":false},"product_brand":[],"product_cat":[1816,1817,1319,1320],"product_tag":[],"woo-feed-brand":[],"class_list":{"0":"post-73806","1":"product","2":"type-product","3":"status-publish","4":"has-post-thumbnail","6":"product_cat-cordons-de-serrage-pour-les-pantalons-a-lallure-somptueuse-et-a-la-musculature-serieuse","7":"product_cat-la-meilleure-selection-de-ceintures-a-lacets-que-tu-attends-depuis-toujours","8":"product_cat-lacets-nike-roses-pour-donner-a-tes-chaussures-une-touche-de-couleur","9":"product_cat-les-lacets-roses-de-travis-scott-pour-une-mise-a-jour-vibrante-des-chaussures","11":"first","12":"instock","13":"taxable","14":"shipping-taxable","15":"purchasable","16":"product-type-variable"},"acf":[],"yoast_head":"<!-- This site is optimized with the Yoast SEO plugin v27.4 - https:\/\/yoast.com\/product\/yoast-seo-wordpress\/ -->\n<title>Cordon Rose Gold Rhinestone Pantalon Drawstrings with Gold Aglets<\/title>\n<meta name=\"description\" content=\"Nos cordons de corde en or rose avec pointe en or sont des cordons de haute qualit\u00e9 pour les shorts ou les pantalons. Chaque cordon est accompagn\u00e9 d&#039;une pointe dor\u00e9e en relief.\" \/>\n<meta name=\"robots\" content=\"index, follow, max-snippet:-1, max-image-preview:large, max-video-preview:-1\" \/>\n<link rel=\"canonical\" href=\"https:\/\/www.loopkinglaces.com\/fr\/products\/cordon-rose-gold-rhinestone-pantalon-drawstrings-with-gold-aglets\/\" \/>\n<meta property=\"og:locale\" content=\"fr_FR\" \/>\n<meta property=\"og:type\" content=\"article\" \/>\n<meta property=\"og:title\" content=\"Cordon Rose Gold Rhinestone Pantalon Drawstrings with Gold Aglets\" \/>\n<meta property=\"og:description\" content=\"Nos cordons de corde en or rose avec pointe en or sont des cordons de haute qualit\u00e9 pour les shorts ou les pantalons. Chaque cordon est accompagn\u00e9 d&#039;une pointe dor\u00e9e en relief.\" \/>\n<meta property=\"og:url\" content=\"https:\/\/www.loopkinglaces.com\/fr\/products\/cordon-rose-gold-rhinestone-pantalon-drawstrings-with-gold-aglets\/\" \/>\n<meta property=\"og:site_name\" content=\"Luxury Gold Tip Shoelaces by Loop King Laces\" \/>\n<meta property=\"article:publisher\" content=\"https:\/\/www.facebook.com\/LoopKingLaces\/\" \/>\n<meta property=\"og:image\" content=\"https:\/\/www.loopkinglaces.com\/wp-content\/uploads\/0804A-36-scaled.jpg\" \/>\n\t<meta property=\"og:image:width\" content=\"1600\" \/>\n\t<meta property=\"og:image:height\" content=\"1536\" \/>\n\t<meta property=\"og:image:type\" content=\"image\/jpeg\" \/>\n<meta name=\"twitter:card\" content=\"summary_large_image\" \/>\n<meta name=\"twitter:site\" content=\"@loopkinglaces\" \/>\n<script type=\"application\/ld+json\" class=\"yoast-schema-graph\">{\"@context\":\"https:\\\/\\\/schema.org\",\"@graph\":[{\"@type\":[\"WebPage\",\"ItemPage\"],\"@id\":\"https:\\\/\\\/www.loopkinglaces.com\\\/fr\\\/products\\\/cordon-rose-gold-rhinestone-pantalon-drawstrings-with-gold-aglets\\\/\",\"url\":\"https:\\\/\\\/www.loopkinglaces.com\\\/fr\\\/products\\\/cordon-rose-gold-rhinestone-pantalon-drawstrings-with-gold-aglets\\\/\",\"name\":\"Cordon Rose Gold Rhinestone Pantalon Drawstrings with Gold Aglets\",\"isPartOf\":{\"@id\":\"https:\\\/\\\/www.loopkinglaces.com\\\/fr\\\/#website\"},\"primaryImageOfPage\":{\"@id\":\"https:\\\/\\\/www.loopkinglaces.com\\\/fr\\\/products\\\/cordon-rose-gold-rhinestone-pantalon-drawstrings-with-gold-aglets\\\/#primaryimage\"},\"image\":{\"@id\":\"https:\\\/\\\/www.loopkinglaces.com\\\/fr\\\/products\\\/cordon-rose-gold-rhinestone-pantalon-drawstrings-with-gold-aglets\\\/#primaryimage\"},\"thumbnailUrl\":\"https:\\\/\\\/www.loopkinglaces.com\\\/wp-content\\\/uploads\\\/0804A-36-scaled.jpg\",\"datePublished\":\"2022-12-08T14:29:33+00:00\",\"description\":\"Nos cordons de corde en or rose avec pointe en or sont des cordons de haute qualit\u00e9 pour les shorts ou les pantalons. Chaque cordon est accompagn\u00e9 d'une pointe dor\u00e9e en relief.\",\"breadcrumb\":{\"@id\":\"https:\\\/\\\/www.loopkinglaces.com\\\/fr\\\/products\\\/cordon-rose-gold-rhinestone-pantalon-drawstrings-with-gold-aglets\\\/#breadcrumb\"},\"inLanguage\":\"fr-FR\",\"potentialAction\":[{\"@type\":\"ReadAction\",\"target\":[\"https:\\\/\\\/www.loopkinglaces.com\\\/fr\\\/products\\\/cordon-rose-gold-rhinestone-pantalon-drawstrings-with-gold-aglets\\\/\"]}]},{\"@type\":\"ImageObject\",\"inLanguage\":\"fr-FR\",\"@id\":\"https:\\\/\\\/www.loopkinglaces.com\\\/fr\\\/products\\\/cordon-rose-gold-rhinestone-pantalon-drawstrings-with-gold-aglets\\\/#primaryimage\",\"url\":\"https:\\\/\\\/www.loopkinglaces.com\\\/wp-content\\\/uploads\\\/0804A-36-scaled.jpg\",\"contentUrl\":\"https:\\\/\\\/www.loopkinglaces.com\\\/wp-content\\\/uploads\\\/0804A-36-scaled.jpg\",\"width\":1600,\"height\":1536},{\"@type\":\"BreadcrumbList\",\"@id\":\"https:\\\/\\\/www.loopkinglaces.com\\\/fr\\\/products\\\/cordon-rose-gold-rhinestone-pantalon-drawstrings-with-gold-aglets\\\/#breadcrumb\",\"itemListElement\":[{\"@type\":\"ListItem\",\"position\":1,\"name\":\"Home\",\"item\":\"https:\\\/\\\/www.loopkinglaces.com\\\/fr\\\/\"},{\"@type\":\"ListItem\",\"position\":2,\"name\":\"ACHETER DES LACES\",\"item\":\"https:\\\/\\\/www.loopkinglaces.com\\\/fr\\\/acheter-des-laces\\\/\"},{\"@type\":\"ListItem\",\"position\":3,\"name\":\"Cordon Rose Gold Rhinestone Pantalon Drawstrings with Gold Aglets\"}]},{\"@type\":\"WebSite\",\"@id\":\"https:\\\/\\\/www.loopkinglaces.com\\\/fr\\\/#website\",\"url\":\"https:\\\/\\\/www.loopkinglaces.com\\\/fr\\\/\",\"name\":\"Luxury Gold Tip Shoelaces by Loop King Laces\",\"description\":\"Rope Laces, Flat Waxed Laces and Leather Laces. All With Gold Tips.\",\"publisher\":{\"@id\":\"https:\\\/\\\/www.loopkinglaces.com\\\/fr\\\/#organization\"},\"potentialAction\":[{\"@type\":\"SearchAction\",\"target\":{\"@type\":\"EntryPoint\",\"urlTemplate\":\"https:\\\/\\\/www.loopkinglaces.com\\\/fr\\\/?s={search_term_string}\"},\"query-input\":{\"@type\":\"PropertyValueSpecification\",\"valueRequired\":true,\"valueName\":\"search_term_string\"}}],\"inLanguage\":\"fr-FR\"},{\"@type\":\"Organization\",\"@id\":\"https:\\\/\\\/www.loopkinglaces.com\\\/fr\\\/#organization\",\"name\":\"Loop King Laces\",\"url\":\"https:\\\/\\\/www.loopkinglaces.com\\\/fr\\\/\",\"logo\":{\"@type\":\"ImageObject\",\"inLanguage\":\"fr-FR\",\"@id\":\"https:\\\/\\\/www.loopkinglaces.com\\\/fr\\\/#\\\/schema\\\/logo\\\/image\\\/\",\"url\":\"https:\\\/\\\/www.loopkinglaces.com\\\/wp-content\\\/uploads\\\/LOOP-KING-LACES.1.1-01-LOGO-HI-RES-OFFICIAL-1.png\",\"contentUrl\":\"https:\\\/\\\/www.loopkinglaces.com\\\/wp-content\\\/uploads\\\/LOOP-KING-LACES.1.1-01-LOGO-HI-RES-OFFICIAL-1.png\",\"width\":128,\"height\":91,\"caption\":\"Loop King Laces\"},\"image\":{\"@id\":\"https:\\\/\\\/www.loopkinglaces.com\\\/fr\\\/#\\\/schema\\\/logo\\\/image\\\/\"},\"sameAs\":[\"https:\\\/\\\/www.facebook.com\\\/LoopKingLaces\\\/\",\"https:\\\/\\\/x.com\\\/loopkinglaces\",\"https:\\\/\\\/www.instagram.com\\\/loopkinglaces\\\/\"]}]}<\/script>\n<!-- \/ Yoast SEO plugin. -->","yoast_head_json":{"title":"Cordon Rose Gold Rhinestone Pantalon Drawstrings with Gold Aglets","description":"Nos cordons de corde en or rose avec pointe en or sont des cordons de haute qualit\u00e9 pour les shorts ou les pantalons. Chaque cordon est accompagn\u00e9 d'une pointe dor\u00e9e en relief.","robots":{"index":"index","follow":"follow","max-snippet":"max-snippet:-1","max-image-preview":"max-image-preview:large","max-video-preview":"max-video-preview:-1"},"canonical":"https:\/\/www.loopkinglaces.com\/fr\/products\/cordon-rose-gold-rhinestone-pantalon-drawstrings-with-gold-aglets\/","og_locale":"fr_FR","og_type":"article","og_title":"Cordon Rose Gold Rhinestone Pantalon Drawstrings with Gold Aglets","og_description":"Nos cordons de corde en or rose avec pointe en or sont des cordons de haute qualit\u00e9 pour les shorts ou les pantalons. Chaque cordon est accompagn\u00e9 d'une pointe dor\u00e9e en relief.","og_url":"https:\/\/www.loopkinglaces.com\/fr\/products\/cordon-rose-gold-rhinestone-pantalon-drawstrings-with-gold-aglets\/","og_site_name":"Luxury Gold Tip Shoelaces by Loop King Laces","article_publisher":"https:\/\/www.facebook.com\/LoopKingLaces\/","og_image":[{"width":1600,"height":1536,"url":"https:\/\/www.loopkinglaces.com\/wp-content\/uploads\/0804A-36-scaled.jpg","type":"image\/jpeg"}],"twitter_card":"summary_large_image","twitter_site":"@loopkinglaces","schema":{"@context":"https:\/\/schema.org","@graph":[{"@type":["WebPage","ItemPage"],"@id":"https:\/\/www.loopkinglaces.com\/fr\/products\/cordon-rose-gold-rhinestone-pantalon-drawstrings-with-gold-aglets\/","url":"https:\/\/www.loopkinglaces.com\/fr\/products\/cordon-rose-gold-rhinestone-pantalon-drawstrings-with-gold-aglets\/","name":"Cordon Rose Gold Rhinestone Pantalon Drawstrings with Gold Aglets","isPartOf":{"@id":"https:\/\/www.loopkinglaces.com\/fr\/#website"},"primaryImageOfPage":{"@id":"https:\/\/www.loopkinglaces.com\/fr\/products\/cordon-rose-gold-rhinestone-pantalon-drawstrings-with-gold-aglets\/#primaryimage"},"image":{"@id":"https:\/\/www.loopkinglaces.com\/fr\/products\/cordon-rose-gold-rhinestone-pantalon-drawstrings-with-gold-aglets\/#primaryimage"},"thumbnailUrl":"https:\/\/www.loopkinglaces.com\/wp-content\/uploads\/0804A-36-scaled.jpg","datePublished":"2022-12-08T14:29:33+00:00","description":"Nos cordons de corde en or rose avec pointe en or sont des cordons de haute qualit\u00e9 pour les shorts ou les pantalons. Chaque cordon est accompagn\u00e9 d'une pointe dor\u00e9e en relief.","breadcrumb":{"@id":"https:\/\/www.loopkinglaces.com\/fr\/products\/cordon-rose-gold-rhinestone-pantalon-drawstrings-with-gold-aglets\/#breadcrumb"},"inLanguage":"fr-FR","potentialAction":[{"@type":"ReadAction","target":["https:\/\/www.loopkinglaces.com\/fr\/products\/cordon-rose-gold-rhinestone-pantalon-drawstrings-with-gold-aglets\/"]}]},{"@type":"ImageObject","inLanguage":"fr-FR","@id":"https:\/\/www.loopkinglaces.com\/fr\/products\/cordon-rose-gold-rhinestone-pantalon-drawstrings-with-gold-aglets\/#primaryimage","url":"https:\/\/www.loopkinglaces.com\/wp-content\/uploads\/0804A-36-scaled.jpg","contentUrl":"https:\/\/www.loopkinglaces.com\/wp-content\/uploads\/0804A-36-scaled.jpg","width":1600,"height":1536},{"@type":"BreadcrumbList","@id":"https:\/\/www.loopkinglaces.com\/fr\/products\/cordon-rose-gold-rhinestone-pantalon-drawstrings-with-gold-aglets\/#breadcrumb","itemListElement":[{"@type":"ListItem","position":1,"name":"Home","item":"https:\/\/www.loopkinglaces.com\/fr\/"},{"@type":"ListItem","position":2,"name":"ACHETER DES LACES","item":"https:\/\/www.loopkinglaces.com\/fr\/acheter-des-laces\/"},{"@type":"ListItem","position":3,"name":"Cordon Rose Gold Rhinestone Pantalon Drawstrings with Gold Aglets"}]},{"@type":"WebSite","@id":"https:\/\/www.loopkinglaces.com\/fr\/#website","url":"https:\/\/www.loopkinglaces.com\/fr\/","name":"Luxury Gold Tip Shoelaces by Loop King Laces","description":"Rope Laces, Flat Waxed Laces and Leather Laces. All With Gold Tips.","publisher":{"@id":"https:\/\/www.loopkinglaces.com\/fr\/#organization"},"potentialAction":[{"@type":"SearchAction","target":{"@type":"EntryPoint","urlTemplate":"https:\/\/www.loopkinglaces.com\/fr\/?s={search_term_string}"},"query-input":{"@type":"PropertyValueSpecification","valueRequired":true,"valueName":"search_term_string"}}],"inLanguage":"fr-FR"},{"@type":"Organization","@id":"https:\/\/www.loopkinglaces.com\/fr\/#organization","name":"Loop King Laces","url":"https:\/\/www.loopkinglaces.com\/fr\/","logo":{"@type":"ImageObject","inLanguage":"fr-FR","@id":"https:\/\/www.loopkinglaces.com\/fr\/#\/schema\/logo\/image\/","url":"https:\/\/www.loopkinglaces.com\/wp-content\/uploads\/LOOP-KING-LACES.1.1-01-LOGO-HI-RES-OFFICIAL-1.png","contentUrl":"https:\/\/www.loopkinglaces.com\/wp-content\/uploads\/LOOP-KING-LACES.1.1-01-LOGO-HI-RES-OFFICIAL-1.png","width":128,"height":91,"caption":"Loop King Laces"},"image":{"@id":"https:\/\/www.loopkinglaces.com\/fr\/#\/schema\/logo\/image\/"},"sameAs":["https:\/\/www.facebook.com\/LoopKingLaces\/","https:\/\/x.com\/loopkinglaces","https:\/\/www.instagram.com\/loopkinglaces\/"]}]}},"_links":{"self":[{"href":"https:\/\/www.loopkinglaces.com\/fr\/wp-json\/wp\/v2\/product\/73806","targetHints":{"allow":["GET"]}}],"collection":[{"href":"https:\/\/www.loopkinglaces.com\/fr\/wp-json\/wp\/v2\/product"}],"about":[{"href":"https:\/\/www.loopkinglaces.com\/fr\/wp-json\/wp\/v2\/types\/product"}],"replies":[{"embeddable":true,"href":"https:\/\/www.loopkinglaces.com\/fr\/wp-json\/wp\/v2\/comments?post=73806"}],"wp:featuredmedia":[{"embeddable":true,"href":"https:\/\/www.loopkinglaces.com\/fr\/wp-json\/wp\/v2\/media\/51677"}],"wp:attachment":[{"href":"https:\/\/www.loopkinglaces.com\/fr\/wp-json\/wp\/v2\/media?parent=73806"}],"wp:term":[{"taxonomy":"product_brand","embeddable":true,"href":"https:\/\/www.loopkinglaces.com\/fr\/wp-json\/wp\/v2\/product_brand?post=73806"},{"taxonomy":"product_cat","embeddable":true,"href":"https:\/\/www.loopkinglaces.com\/fr\/wp-json\/wp\/v2\/product_cat?post=73806"},{"taxonomy":"product_tag","embeddable":true,"href":"https:\/\/www.loopkinglaces.com\/fr\/wp-json\/wp\/v2\/product_tag?post=73806"},{"taxonomy":"woo-feed-brand","embeddable":true,"href":"https:\/\/www.loopkinglaces.com\/fr\/wp-json\/wp\/v2\/woo-feed-brand?post=73806"}],"curies":[{"name":"wp","href":"https:\/\/api.w.org\/{rel}","templated":true}]}}