{"id":73795,"date":"2022-12-08T14:44:31","date_gmt":"2022-12-08T14:44:31","guid":{"rendered":"https:\/\/www.loopkinglaces.com\/products\/pantalon-de-luxe-en-cuir-noir-cordons-de-serrage-avec-pointes-dorees\/"},"modified":"2022-12-08T14:44:31","modified_gmt":"2022-12-08T14:44:31","slug":"pantalon-de-luxe-en-cuir-noir-cordons-de-serrage-avec-pointes-dorees","status":"publish","type":"product","link":"https:\/\/www.loopkinglaces.com\/fr\/products\/pantalon-de-luxe-en-cuir-noir-cordons-de-serrage-avec-pointes-dorees\/","title":{"rendered":"Pantalon de luxe en cuir noir, cordons de serrage avec pointes dor\u00e9es"},"content":{"rendered":"<h3><a href=\"https:\/\/www.loopkinglaces.com\/\">Dessins de luxe pour les pantalons et les shorts<\/a><\/h3>\n<p>  Loop King Laces ne fournit que des cordons \u00e0 pointe dor\u00e9e de la plus haute qualit\u00e9.<br \/>\nNos cordons en cuir v\u00e9ritable sont fabriqu\u00e9s avec des pointes en m\u00e9tal gaufr\u00e9 repr\u00e9sentant LOOP KING et notre couronne symbolique.<br \/>\nChaque cordon est 100 % r\u00e9sistant au feu, ce qui montre la qualit\u00e9 r\u00e9elle de nos cordons pour les pantalons et les shorts.    &nbsp;<\/p>\n","protected":false},"excerpt":{"rendered":"<p><strong>Cordons de serrage en cuir noir pour pantalons et shorts avec embouts dor\u00e9s<\/strong> Loop King Laces &#8211; Nos cordons de serrage en cuir noir sont dot\u00e9s d&#8217;embouts m\u00e9talliques en relief.<br \/>\nTous nos cordons en cuir de luxe sont fabriqu\u00e9s en cuir v\u00e9ritable avec des mat\u00e9riaux de la plus haute qualit\u00e9, tant pour les cordons que pour la pointe en m\u00e9tal.  Regarde nos caract\u00e9ristiques compl\u00e8tes ci-dessous :  <\/p>\n<ul>\n<li>Largeur de 6 mm (plat)<\/li>\n<li>Cordons de serrage en cuir v\u00e9ritable<\/li>\n<li>100% <strong>r\u00e9sistant \u00e0 la flamme<\/strong><\/li>\n<li>Aglette d&#8217;or du roi des boucles<\/li>\n<li>Belle boucle d&#8217;emballage King<\/li>\n<\/ul>\n","protected":false},"featured_media":19885,"comment_status":"open","ping_status":"closed","template":"","meta":{"_acf_changed":false},"product_brand":[],"product_cat":[1816,1817],"product_tag":[1072,962,1073,961,964,963],"woo-feed-brand":[],"class_list":{"0":"post-73795","1":"product","2":"type-product","3":"status-publish","4":"has-post-thumbnail","6":"product_cat-cordons-de-serrage-pour-les-pantalons-a-lallure-somptueuse-et-a-la-musculature-serieuse","7":"product_cat-la-meilleure-selection-de-ceintures-a-lacets-que-tu-attends-depuis-toujours","8":"product_tag-chaussures","9":"product_tag-lacets","10":"product_tag-lacets-en-cuir","11":"product_tag-loop-king-fr","12":"product_tag-noir","13":"product_tag-pointe-en-metal","15":"first","16":"instock","17":"taxable","18":"shipping-taxable","19":"purchasable","20":"product-type-variable"},"acf":[],"yoast_head":"<!-- This site is optimized with the Yoast SEO plugin v27.4 - https:\/\/yoast.com\/product\/yoast-seo-wordpress\/ -->\n<title>Cordons de serrage de luxe en cuir noir avec pointes dor\u00e9es - From Loop King<\/title>\n<meta name=\"description\" content=\"Les cordons noirs Loop King Laces avec embouts dor\u00e9s sont les cordons en cuir de luxe num\u00e9ro 1 sur le march\u00e9. Chaque cordon est accompagn\u00e9 d&#039;un embout m\u00e9tallique gaufr\u00e9.\" \/>\n<meta name=\"robots\" content=\"index, follow, max-snippet:-1, max-image-preview:large, max-video-preview:-1\" \/>\n<link rel=\"canonical\" href=\"https:\/\/www.loopkinglaces.com\/fr\/products\/pantalon-de-luxe-en-cuir-noir-cordons-de-serrage-avec-pointes-dorees\/\" \/>\n<meta property=\"og:locale\" content=\"fr_FR\" \/>\n<meta property=\"og:type\" content=\"article\" \/>\n<meta property=\"og:title\" content=\"Cordons de serrage de luxe en cuir noir avec pointes dor\u00e9es - From Loop King\" \/>\n<meta property=\"og:description\" content=\"Les cordons noirs Loop King Laces avec embouts dor\u00e9s sont les cordons en cuir de luxe num\u00e9ro 1 sur le march\u00e9. Chaque cordon est accompagn\u00e9 d&#039;un embout m\u00e9tallique gaufr\u00e9.\" \/>\n<meta property=\"og:url\" content=\"https:\/\/www.loopkinglaces.com\/fr\/products\/pantalon-de-luxe-en-cuir-noir-cordons-de-serrage-avec-pointes-dorees\/\" \/>\n<meta property=\"og:site_name\" content=\"Luxury Gold Tip Shoelaces by Loop King Laces\" \/>\n<meta property=\"article:publisher\" content=\"https:\/\/www.facebook.com\/LoopKingLaces\/\" \/>\n<meta property=\"og:image\" content=\"https:\/\/www.loopkinglaces.com\/wp-content\/uploads\/Luxury-Black-Leather-Shoe-Laces-With-Gold-Tips.jpg\" \/>\n\t<meta property=\"og:image:width\" content=\"1000\" \/>\n\t<meta property=\"og:image:height\" content=\"1000\" \/>\n\t<meta property=\"og:image:type\" content=\"image\/jpeg\" \/>\n<meta name=\"twitter:card\" content=\"summary_large_image\" \/>\n<meta name=\"twitter:site\" content=\"@loopkinglaces\" \/>\n<script type=\"application\/ld+json\" class=\"yoast-schema-graph\">{\"@context\":\"https:\\\/\\\/schema.org\",\"@graph\":[{\"@type\":[\"WebPage\",\"ItemPage\"],\"@id\":\"https:\\\/\\\/www.loopkinglaces.com\\\/fr\\\/products\\\/pantalon-de-luxe-en-cuir-noir-cordons-de-serrage-avec-pointes-dorees\\\/\",\"url\":\"https:\\\/\\\/www.loopkinglaces.com\\\/fr\\\/products\\\/pantalon-de-luxe-en-cuir-noir-cordons-de-serrage-avec-pointes-dorees\\\/\",\"name\":\"Cordons de serrage de luxe en cuir noir avec pointes dor\u00e9es - From Loop King\",\"isPartOf\":{\"@id\":\"https:\\\/\\\/www.loopkinglaces.com\\\/fr\\\/#website\"},\"primaryImageOfPage\":{\"@id\":\"https:\\\/\\\/www.loopkinglaces.com\\\/fr\\\/products\\\/pantalon-de-luxe-en-cuir-noir-cordons-de-serrage-avec-pointes-dorees\\\/#primaryimage\"},\"image\":{\"@id\":\"https:\\\/\\\/www.loopkinglaces.com\\\/fr\\\/products\\\/pantalon-de-luxe-en-cuir-noir-cordons-de-serrage-avec-pointes-dorees\\\/#primaryimage\"},\"thumbnailUrl\":\"https:\\\/\\\/www.loopkinglaces.com\\\/wp-content\\\/uploads\\\/Luxury-Black-Leather-Shoe-Laces-With-Gold-Tips.jpg\",\"datePublished\":\"2022-12-08T14:44:31+00:00\",\"description\":\"Les cordons noirs Loop King Laces avec embouts dor\u00e9s sont les cordons en cuir de luxe num\u00e9ro 1 sur le march\u00e9. Chaque cordon est accompagn\u00e9 d'un embout m\u00e9tallique gaufr\u00e9.\",\"breadcrumb\":{\"@id\":\"https:\\\/\\\/www.loopkinglaces.com\\\/fr\\\/products\\\/pantalon-de-luxe-en-cuir-noir-cordons-de-serrage-avec-pointes-dorees\\\/#breadcrumb\"},\"inLanguage\":\"fr-FR\",\"potentialAction\":[{\"@type\":\"ReadAction\",\"target\":[\"https:\\\/\\\/www.loopkinglaces.com\\\/fr\\\/products\\\/pantalon-de-luxe-en-cuir-noir-cordons-de-serrage-avec-pointes-dorees\\\/\"]}]},{\"@type\":\"ImageObject\",\"inLanguage\":\"fr-FR\",\"@id\":\"https:\\\/\\\/www.loopkinglaces.com\\\/fr\\\/products\\\/pantalon-de-luxe-en-cuir-noir-cordons-de-serrage-avec-pointes-dorees\\\/#primaryimage\",\"url\":\"https:\\\/\\\/www.loopkinglaces.com\\\/wp-content\\\/uploads\\\/Luxury-Black-Leather-Shoe-Laces-With-Gold-Tips.jpg\",\"contentUrl\":\"https:\\\/\\\/www.loopkinglaces.com\\\/wp-content\\\/uploads\\\/Luxury-Black-Leather-Shoe-Laces-With-Gold-Tips.jpg\",\"width\":1000,\"height\":1000,\"caption\":\"Luxury Black Leather Shoe Laces With Gold Tips\"},{\"@type\":\"BreadcrumbList\",\"@id\":\"https:\\\/\\\/www.loopkinglaces.com\\\/fr\\\/products\\\/pantalon-de-luxe-en-cuir-noir-cordons-de-serrage-avec-pointes-dorees\\\/#breadcrumb\",\"itemListElement\":[{\"@type\":\"ListItem\",\"position\":1,\"name\":\"Home\",\"item\":\"https:\\\/\\\/www.loopkinglaces.com\\\/fr\\\/\"},{\"@type\":\"ListItem\",\"position\":2,\"name\":\"ACHETER DES LACES\",\"item\":\"https:\\\/\\\/www.loopkinglaces.com\\\/fr\\\/acheter-des-laces\\\/\"},{\"@type\":\"ListItem\",\"position\":3,\"name\":\"Pantalon de luxe en cuir noir, cordons de serrage avec pointes dor\u00e9es\"}]},{\"@type\":\"WebSite\",\"@id\":\"https:\\\/\\\/www.loopkinglaces.com\\\/fr\\\/#website\",\"url\":\"https:\\\/\\\/www.loopkinglaces.com\\\/fr\\\/\",\"name\":\"Luxury Gold Tip Shoelaces by Loop King Laces\",\"description\":\"Rope Laces, Flat Waxed Laces and Leather Laces. All With Gold Tips.\",\"publisher\":{\"@id\":\"https:\\\/\\\/www.loopkinglaces.com\\\/fr\\\/#organization\"},\"potentialAction\":[{\"@type\":\"SearchAction\",\"target\":{\"@type\":\"EntryPoint\",\"urlTemplate\":\"https:\\\/\\\/www.loopkinglaces.com\\\/fr\\\/?s={search_term_string}\"},\"query-input\":{\"@type\":\"PropertyValueSpecification\",\"valueRequired\":true,\"valueName\":\"search_term_string\"}}],\"inLanguage\":\"fr-FR\"},{\"@type\":\"Organization\",\"@id\":\"https:\\\/\\\/www.loopkinglaces.com\\\/fr\\\/#organization\",\"name\":\"Loop King Laces\",\"url\":\"https:\\\/\\\/www.loopkinglaces.com\\\/fr\\\/\",\"logo\":{\"@type\":\"ImageObject\",\"inLanguage\":\"fr-FR\",\"@id\":\"https:\\\/\\\/www.loopkinglaces.com\\\/fr\\\/#\\\/schema\\\/logo\\\/image\\\/\",\"url\":\"https:\\\/\\\/www.loopkinglaces.com\\\/wp-content\\\/uploads\\\/LOOP-KING-LACES.1.1-01-LOGO-HI-RES-OFFICIAL-1.png\",\"contentUrl\":\"https:\\\/\\\/www.loopkinglaces.com\\\/wp-content\\\/uploads\\\/LOOP-KING-LACES.1.1-01-LOGO-HI-RES-OFFICIAL-1.png\",\"width\":128,\"height\":91,\"caption\":\"Loop King Laces\"},\"image\":{\"@id\":\"https:\\\/\\\/www.loopkinglaces.com\\\/fr\\\/#\\\/schema\\\/logo\\\/image\\\/\"},\"sameAs\":[\"https:\\\/\\\/www.facebook.com\\\/LoopKingLaces\\\/\",\"https:\\\/\\\/x.com\\\/loopkinglaces\",\"https:\\\/\\\/www.instagram.com\\\/loopkinglaces\\\/\"]}]}<\/script>\n<!-- \/ Yoast SEO plugin. -->","yoast_head_json":{"title":"Cordons de serrage de luxe en cuir noir avec pointes dor\u00e9es - From Loop King","description":"Les cordons noirs Loop King Laces avec embouts dor\u00e9s sont les cordons en cuir de luxe num\u00e9ro 1 sur le march\u00e9. Chaque cordon est accompagn\u00e9 d'un embout m\u00e9tallique gaufr\u00e9.","robots":{"index":"index","follow":"follow","max-snippet":"max-snippet:-1","max-image-preview":"max-image-preview:large","max-video-preview":"max-video-preview:-1"},"canonical":"https:\/\/www.loopkinglaces.com\/fr\/products\/pantalon-de-luxe-en-cuir-noir-cordons-de-serrage-avec-pointes-dorees\/","og_locale":"fr_FR","og_type":"article","og_title":"Cordons de serrage de luxe en cuir noir avec pointes dor\u00e9es - From Loop King","og_description":"Les cordons noirs Loop King Laces avec embouts dor\u00e9s sont les cordons en cuir de luxe num\u00e9ro 1 sur le march\u00e9. Chaque cordon est accompagn\u00e9 d'un embout m\u00e9tallique gaufr\u00e9.","og_url":"https:\/\/www.loopkinglaces.com\/fr\/products\/pantalon-de-luxe-en-cuir-noir-cordons-de-serrage-avec-pointes-dorees\/","og_site_name":"Luxury Gold Tip Shoelaces by Loop King Laces","article_publisher":"https:\/\/www.facebook.com\/LoopKingLaces\/","og_image":[{"width":1000,"height":1000,"url":"https:\/\/www.loopkinglaces.com\/wp-content\/uploads\/Luxury-Black-Leather-Shoe-Laces-With-Gold-Tips.jpg","type":"image\/jpeg"}],"twitter_card":"summary_large_image","twitter_site":"@loopkinglaces","schema":{"@context":"https:\/\/schema.org","@graph":[{"@type":["WebPage","ItemPage"],"@id":"https:\/\/www.loopkinglaces.com\/fr\/products\/pantalon-de-luxe-en-cuir-noir-cordons-de-serrage-avec-pointes-dorees\/","url":"https:\/\/www.loopkinglaces.com\/fr\/products\/pantalon-de-luxe-en-cuir-noir-cordons-de-serrage-avec-pointes-dorees\/","name":"Cordons de serrage de luxe en cuir noir avec pointes dor\u00e9es - From Loop King","isPartOf":{"@id":"https:\/\/www.loopkinglaces.com\/fr\/#website"},"primaryImageOfPage":{"@id":"https:\/\/www.loopkinglaces.com\/fr\/products\/pantalon-de-luxe-en-cuir-noir-cordons-de-serrage-avec-pointes-dorees\/#primaryimage"},"image":{"@id":"https:\/\/www.loopkinglaces.com\/fr\/products\/pantalon-de-luxe-en-cuir-noir-cordons-de-serrage-avec-pointes-dorees\/#primaryimage"},"thumbnailUrl":"https:\/\/www.loopkinglaces.com\/wp-content\/uploads\/Luxury-Black-Leather-Shoe-Laces-With-Gold-Tips.jpg","datePublished":"2022-12-08T14:44:31+00:00","description":"Les cordons noirs Loop King Laces avec embouts dor\u00e9s sont les cordons en cuir de luxe num\u00e9ro 1 sur le march\u00e9. Chaque cordon est accompagn\u00e9 d'un embout m\u00e9tallique gaufr\u00e9.","breadcrumb":{"@id":"https:\/\/www.loopkinglaces.com\/fr\/products\/pantalon-de-luxe-en-cuir-noir-cordons-de-serrage-avec-pointes-dorees\/#breadcrumb"},"inLanguage":"fr-FR","potentialAction":[{"@type":"ReadAction","target":["https:\/\/www.loopkinglaces.com\/fr\/products\/pantalon-de-luxe-en-cuir-noir-cordons-de-serrage-avec-pointes-dorees\/"]}]},{"@type":"ImageObject","inLanguage":"fr-FR","@id":"https:\/\/www.loopkinglaces.com\/fr\/products\/pantalon-de-luxe-en-cuir-noir-cordons-de-serrage-avec-pointes-dorees\/#primaryimage","url":"https:\/\/www.loopkinglaces.com\/wp-content\/uploads\/Luxury-Black-Leather-Shoe-Laces-With-Gold-Tips.jpg","contentUrl":"https:\/\/www.loopkinglaces.com\/wp-content\/uploads\/Luxury-Black-Leather-Shoe-Laces-With-Gold-Tips.jpg","width":1000,"height":1000,"caption":"Luxury Black Leather Shoe Laces With Gold Tips"},{"@type":"BreadcrumbList","@id":"https:\/\/www.loopkinglaces.com\/fr\/products\/pantalon-de-luxe-en-cuir-noir-cordons-de-serrage-avec-pointes-dorees\/#breadcrumb","itemListElement":[{"@type":"ListItem","position":1,"name":"Home","item":"https:\/\/www.loopkinglaces.com\/fr\/"},{"@type":"ListItem","position":2,"name":"ACHETER DES LACES","item":"https:\/\/www.loopkinglaces.com\/fr\/acheter-des-laces\/"},{"@type":"ListItem","position":3,"name":"Pantalon de luxe en cuir noir, cordons de serrage avec pointes dor\u00e9es"}]},{"@type":"WebSite","@id":"https:\/\/www.loopkinglaces.com\/fr\/#website","url":"https:\/\/www.loopkinglaces.com\/fr\/","name":"Luxury Gold Tip Shoelaces by Loop King Laces","description":"Rope Laces, Flat Waxed Laces and Leather Laces. All With Gold Tips.","publisher":{"@id":"https:\/\/www.loopkinglaces.com\/fr\/#organization"},"potentialAction":[{"@type":"SearchAction","target":{"@type":"EntryPoint","urlTemplate":"https:\/\/www.loopkinglaces.com\/fr\/?s={search_term_string}"},"query-input":{"@type":"PropertyValueSpecification","valueRequired":true,"valueName":"search_term_string"}}],"inLanguage":"fr-FR"},{"@type":"Organization","@id":"https:\/\/www.loopkinglaces.com\/fr\/#organization","name":"Loop King Laces","url":"https:\/\/www.loopkinglaces.com\/fr\/","logo":{"@type":"ImageObject","inLanguage":"fr-FR","@id":"https:\/\/www.loopkinglaces.com\/fr\/#\/schema\/logo\/image\/","url":"https:\/\/www.loopkinglaces.com\/wp-content\/uploads\/LOOP-KING-LACES.1.1-01-LOGO-HI-RES-OFFICIAL-1.png","contentUrl":"https:\/\/www.loopkinglaces.com\/wp-content\/uploads\/LOOP-KING-LACES.1.1-01-LOGO-HI-RES-OFFICIAL-1.png","width":128,"height":91,"caption":"Loop King Laces"},"image":{"@id":"https:\/\/www.loopkinglaces.com\/fr\/#\/schema\/logo\/image\/"},"sameAs":["https:\/\/www.facebook.com\/LoopKingLaces\/","https:\/\/x.com\/loopkinglaces","https:\/\/www.instagram.com\/loopkinglaces\/"]}]}},"_links":{"self":[{"href":"https:\/\/www.loopkinglaces.com\/fr\/wp-json\/wp\/v2\/product\/73795","targetHints":{"allow":["GET"]}}],"collection":[{"href":"https:\/\/www.loopkinglaces.com\/fr\/wp-json\/wp\/v2\/product"}],"about":[{"href":"https:\/\/www.loopkinglaces.com\/fr\/wp-json\/wp\/v2\/types\/product"}],"replies":[{"embeddable":true,"href":"https:\/\/www.loopkinglaces.com\/fr\/wp-json\/wp\/v2\/comments?post=73795"}],"wp:featuredmedia":[{"embeddable":true,"href":"https:\/\/www.loopkinglaces.com\/fr\/wp-json\/wp\/v2\/media\/19885"}],"wp:attachment":[{"href":"https:\/\/www.loopkinglaces.com\/fr\/wp-json\/wp\/v2\/media?parent=73795"}],"wp:term":[{"taxonomy":"product_brand","embeddable":true,"href":"https:\/\/www.loopkinglaces.com\/fr\/wp-json\/wp\/v2\/product_brand?post=73795"},{"taxonomy":"product_cat","embeddable":true,"href":"https:\/\/www.loopkinglaces.com\/fr\/wp-json\/wp\/v2\/product_cat?post=73795"},{"taxonomy":"product_tag","embeddable":true,"href":"https:\/\/www.loopkinglaces.com\/fr\/wp-json\/wp\/v2\/product_tag?post=73795"},{"taxonomy":"woo-feed-brand","embeddable":true,"href":"https:\/\/www.loopkinglaces.com\/fr\/wp-json\/wp\/v2\/woo-feed-brand?post=73795"}],"curies":[{"name":"wp","href":"https:\/\/api.w.org\/{rel}","templated":true}]}}