{"id":73628,"date":"2022-12-01T16:00:16","date_gmt":"2022-12-01T16:00:16","guid":{"rendered":"https:\/\/www.loopkinglaces.com\/products\/cordes-en-cristal-rhinestone-hoodie-strings-with-gold-aglets-cordes-a-capuche-en-cristal-avec-aglets-en-or\/"},"modified":"2022-12-01T16:00:16","modified_gmt":"2022-12-01T16:00:16","slug":"cordes-en-cristal-rhinestone-hoodie-strings-with-gold-aglets-cordes-a-capuche-en-cristal-avec-aglets-en-or","status":"publish","type":"product","link":"https:\/\/www.loopkinglaces.com\/fr\/products\/cordes-en-cristal-rhinestone-hoodie-strings-with-gold-aglets-cordes-a-capuche-en-cristal-avec-aglets-en-or\/","title":{"rendered":"Cordes en cristal Rhinestone Hoodie Strings with Gold Aglets (Cordes \u00e0 capuche en cristal avec aglets en or)"},"content":{"rendered":"<p>Loop King Laces ne fournit que des lacets \u00e0 pointe dor\u00e9e de la plus haute qualit\u00e9 pour les sweatshirts et les sweat-shirts \u00e0 capuche.<br \/>\nNos cordons en cuir v\u00e9ritable pour sweat-shirts sont fabriqu\u00e9s avec des pointes en m\u00e9tal gaufr\u00e9 qui portent l&#8217;inscription LOOP KING et notre couronne symbolique.<br \/>\nChaque lacet est 100 % r\u00e9sistant au feu, ce qui t\u00e9moigne de la qualit\u00e9 r\u00e9elle de nos cordes.  <\/p>\n","protected":false},"excerpt":{"rendered":"<p><span style=\"font-weight: 400;\">Nos cordons de luxe \u00e0 capuche en cristal et en strass sont dot\u00e9s d&#8217;aglets dor\u00e9s en relief (pointes).<br \/>\nTous nos Hoodie Strings sont fabriqu\u00e9s \u00e0 partir de mat\u00e9riaux de premi\u00e8re qualit\u00e9 avec des pointes en m\u00e9tal de la plus haute qualit\u00e9.<br \/>\nNos Hoodie Strings sont con\u00e7us pour durer trois fois plus longtemps que des lacets de qualit\u00e9 normale.   Regarde nos caract\u00e9ristiques compl\u00e8tes ci-dessous :<\/span><\/p>\n<ul>\n<li style=\"font-weight: 400;\" aria-level=\"1\"><span style=\"font-weight: 400;\">Corde de premi\u00e8re qualit\u00e9<\/span><\/li>\n<li style=\"font-weight: 400;\" aria-level=\"1\"><span style=\"font-weight: 400;\">Dur\u00e9e de vie 3 fois plus longue que les cordes des chandails \u00e0 capuchon ordinaires<\/span><\/li>\n<li style=\"font-weight: 400;\" aria-level=\"1\"><span style=\"font-weight: 400;\">Aglette d&#8217;or du roi des boucles<\/span><\/li>\n<li style=\"font-weight: 400;\" aria-level=\"1\"><span style=\"font-weight: 400;\">Un bel emballage<\/span><\/li>\n<\/ul>\n","protected":false},"featured_media":73228,"comment_status":"closed","ping_status":"closed","template":"","meta":{"_acf_changed":false},"product_brand":[],"product_cat":[1522,1437,1809,1806],"product_tag":[],"woo-feed-brand":[],"class_list":{"0":"post-73628","1":"product","2":"type-product","3":"status-publish","4":"has-post-thumbnail","6":"product_cat-cordons-a-capuche-de-luxe-avec-pointes-dorees-pour-un-ajustement-parfait-et-un-chic-accru","7":"product_cat-extremites-de-cordon-de-capuche-en-or-qui-prolongeront-la-duree-de-vie-de-tes-cordons-de-serrage","8":"product_cat-un-cordon-a-capuche-blanc-de-premiere-qualite-avec-un-look-epoustouflant-et-une-durabilite-superieure","9":"product_cat-un-sweat-a-capuche-glace-avec-des-materiaux-de-premiere-qualite-qui-ont-lair-incroyables","11":"first","12":"instock","13":"taxable","14":"shipping-taxable","15":"purchasable","16":"product-type-variable"},"acf":[],"yoast_head":"<!-- This site is optimized with the Yoast SEO plugin v27.4 - https:\/\/yoast.com\/product\/yoast-seo-wordpress\/ -->\n<title>Cordon Cristal Rhinestone Hoodie String with Gold Aglets<\/title>\n<meta name=\"description\" content=\"Notre corde \u00e0 capuche en cristal et strass avec embouts dor\u00e9s est la plus haute qualit\u00e9 de corde \u00e0 capuche de luxe sur le march\u00e9. Chaque corde est livr\u00e9e avec un embout en or gaufr\u00e9.\" \/>\n<meta name=\"robots\" content=\"index, follow, max-snippet:-1, max-image-preview:large, max-video-preview:-1\" \/>\n<link rel=\"canonical\" href=\"https:\/\/www.loopkinglaces.com\/fr\/products\/cordes-en-cristal-rhinestone-hoodie-strings-with-gold-aglets-cordes-a-capuche-en-cristal-avec-aglets-en-or\/\" \/>\n<meta property=\"og:locale\" content=\"fr_FR\" \/>\n<meta property=\"og:type\" content=\"article\" \/>\n<meta property=\"og:title\" content=\"Cordon Cristal Rhinestone Hoodie String with Gold Aglets\" \/>\n<meta property=\"og:description\" content=\"Notre corde \u00e0 capuche en cristal et strass avec embouts dor\u00e9s est la plus haute qualit\u00e9 de corde \u00e0 capuche de luxe sur le march\u00e9. Chaque corde est livr\u00e9e avec un embout en or gaufr\u00e9.\" \/>\n<meta property=\"og:url\" content=\"https:\/\/www.loopkinglaces.com\/fr\/products\/cordes-en-cristal-rhinestone-hoodie-strings-with-gold-aglets-cordes-a-capuche-en-cristal-avec-aglets-en-or\/\" \/>\n<meta property=\"og:site_name\" content=\"Luxury Gold Tip Shoelaces by Loop King Laces\" \/>\n<meta property=\"article:publisher\" content=\"https:\/\/www.facebook.com\/LoopKingLaces\/\" \/>\n<meta property=\"og:image\" content=\"https:\/\/www.loopkinglaces.com\/wp-content\/uploads\/0804A-35-scaled.jpg\" \/>\n\t<meta property=\"og:image:width\" content=\"1600\" \/>\n\t<meta property=\"og:image:height\" content=\"1600\" \/>\n\t<meta property=\"og:image:type\" content=\"image\/jpeg\" \/>\n<meta name=\"twitter:card\" content=\"summary_large_image\" \/>\n<meta name=\"twitter:site\" content=\"@loopkinglaces\" \/>\n<script type=\"application\/ld+json\" class=\"yoast-schema-graph\">{\"@context\":\"https:\\\/\\\/schema.org\",\"@graph\":[{\"@type\":[\"WebPage\",\"ItemPage\"],\"@id\":\"https:\\\/\\\/www.loopkinglaces.com\\\/fr\\\/products\\\/cordes-en-cristal-rhinestone-hoodie-strings-with-gold-aglets-cordes-a-capuche-en-cristal-avec-aglets-en-or\\\/\",\"url\":\"https:\\\/\\\/www.loopkinglaces.com\\\/fr\\\/products\\\/cordes-en-cristal-rhinestone-hoodie-strings-with-gold-aglets-cordes-a-capuche-en-cristal-avec-aglets-en-or\\\/\",\"name\":\"Cordon Cristal Rhinestone Hoodie String with Gold Aglets\",\"isPartOf\":{\"@id\":\"https:\\\/\\\/www.loopkinglaces.com\\\/fr\\\/#website\"},\"primaryImageOfPage\":{\"@id\":\"https:\\\/\\\/www.loopkinglaces.com\\\/fr\\\/products\\\/cordes-en-cristal-rhinestone-hoodie-strings-with-gold-aglets-cordes-a-capuche-en-cristal-avec-aglets-en-or\\\/#primaryimage\"},\"image\":{\"@id\":\"https:\\\/\\\/www.loopkinglaces.com\\\/fr\\\/products\\\/cordes-en-cristal-rhinestone-hoodie-strings-with-gold-aglets-cordes-a-capuche-en-cristal-avec-aglets-en-or\\\/#primaryimage\"},\"thumbnailUrl\":\"https:\\\/\\\/www.loopkinglaces.com\\\/wp-content\\\/uploads\\\/0804A-35-scaled.jpg\",\"datePublished\":\"2022-12-01T16:00:16+00:00\",\"description\":\"Notre corde \u00e0 capuche en cristal et strass avec embouts dor\u00e9s est la plus haute qualit\u00e9 de corde \u00e0 capuche de luxe sur le march\u00e9. Chaque corde est livr\u00e9e avec un embout en or gaufr\u00e9.\",\"breadcrumb\":{\"@id\":\"https:\\\/\\\/www.loopkinglaces.com\\\/fr\\\/products\\\/cordes-en-cristal-rhinestone-hoodie-strings-with-gold-aglets-cordes-a-capuche-en-cristal-avec-aglets-en-or\\\/#breadcrumb\"},\"inLanguage\":\"fr-FR\",\"potentialAction\":[{\"@type\":\"ReadAction\",\"target\":[\"https:\\\/\\\/www.loopkinglaces.com\\\/fr\\\/products\\\/cordes-en-cristal-rhinestone-hoodie-strings-with-gold-aglets-cordes-a-capuche-en-cristal-avec-aglets-en-or\\\/\"]}]},{\"@type\":\"ImageObject\",\"inLanguage\":\"fr-FR\",\"@id\":\"https:\\\/\\\/www.loopkinglaces.com\\\/fr\\\/products\\\/cordes-en-cristal-rhinestone-hoodie-strings-with-gold-aglets-cordes-a-capuche-en-cristal-avec-aglets-en-or\\\/#primaryimage\",\"url\":\"https:\\\/\\\/www.loopkinglaces.com\\\/wp-content\\\/uploads\\\/0804A-35-scaled.jpg\",\"contentUrl\":\"https:\\\/\\\/www.loopkinglaces.com\\\/wp-content\\\/uploads\\\/0804A-35-scaled.jpg\",\"width\":1600,\"height\":1600},{\"@type\":\"BreadcrumbList\",\"@id\":\"https:\\\/\\\/www.loopkinglaces.com\\\/fr\\\/products\\\/cordes-en-cristal-rhinestone-hoodie-strings-with-gold-aglets-cordes-a-capuche-en-cristal-avec-aglets-en-or\\\/#breadcrumb\",\"itemListElement\":[{\"@type\":\"ListItem\",\"position\":1,\"name\":\"Home\",\"item\":\"https:\\\/\\\/www.loopkinglaces.com\\\/fr\\\/\"},{\"@type\":\"ListItem\",\"position\":2,\"name\":\"ACHETER DES LACES\",\"item\":\"https:\\\/\\\/www.loopkinglaces.com\\\/fr\\\/acheter-des-laces\\\/\"},{\"@type\":\"ListItem\",\"position\":3,\"name\":\"Cordes en cristal Rhinestone Hoodie Strings with Gold Aglets (Cordes \u00e0 capuche en cristal avec aglets en or)\"}]},{\"@type\":\"WebSite\",\"@id\":\"https:\\\/\\\/www.loopkinglaces.com\\\/fr\\\/#website\",\"url\":\"https:\\\/\\\/www.loopkinglaces.com\\\/fr\\\/\",\"name\":\"Luxury Gold Tip Shoelaces by Loop King Laces\",\"description\":\"Rope Laces, Flat Waxed Laces and Leather Laces. All With Gold Tips.\",\"publisher\":{\"@id\":\"https:\\\/\\\/www.loopkinglaces.com\\\/fr\\\/#organization\"},\"potentialAction\":[{\"@type\":\"SearchAction\",\"target\":{\"@type\":\"EntryPoint\",\"urlTemplate\":\"https:\\\/\\\/www.loopkinglaces.com\\\/fr\\\/?s={search_term_string}\"},\"query-input\":{\"@type\":\"PropertyValueSpecification\",\"valueRequired\":true,\"valueName\":\"search_term_string\"}}],\"inLanguage\":\"fr-FR\"},{\"@type\":\"Organization\",\"@id\":\"https:\\\/\\\/www.loopkinglaces.com\\\/fr\\\/#organization\",\"name\":\"Loop King Laces\",\"url\":\"https:\\\/\\\/www.loopkinglaces.com\\\/fr\\\/\",\"logo\":{\"@type\":\"ImageObject\",\"inLanguage\":\"fr-FR\",\"@id\":\"https:\\\/\\\/www.loopkinglaces.com\\\/fr\\\/#\\\/schema\\\/logo\\\/image\\\/\",\"url\":\"https:\\\/\\\/www.loopkinglaces.com\\\/wp-content\\\/uploads\\\/LOOP-KING-LACES.1.1-01-LOGO-HI-RES-OFFICIAL-1.png\",\"contentUrl\":\"https:\\\/\\\/www.loopkinglaces.com\\\/wp-content\\\/uploads\\\/LOOP-KING-LACES.1.1-01-LOGO-HI-RES-OFFICIAL-1.png\",\"width\":128,\"height\":91,\"caption\":\"Loop King Laces\"},\"image\":{\"@id\":\"https:\\\/\\\/www.loopkinglaces.com\\\/fr\\\/#\\\/schema\\\/logo\\\/image\\\/\"},\"sameAs\":[\"https:\\\/\\\/www.facebook.com\\\/LoopKingLaces\\\/\",\"https:\\\/\\\/x.com\\\/loopkinglaces\",\"https:\\\/\\\/www.instagram.com\\\/loopkinglaces\\\/\"]}]}<\/script>\n<!-- \/ Yoast SEO plugin. -->","yoast_head_json":{"title":"Cordon Cristal Rhinestone Hoodie String with Gold Aglets","description":"Notre corde \u00e0 capuche en cristal et strass avec embouts dor\u00e9s est la plus haute qualit\u00e9 de corde \u00e0 capuche de luxe sur le march\u00e9. Chaque corde est livr\u00e9e avec un embout en or gaufr\u00e9.","robots":{"index":"index","follow":"follow","max-snippet":"max-snippet:-1","max-image-preview":"max-image-preview:large","max-video-preview":"max-video-preview:-1"},"canonical":"https:\/\/www.loopkinglaces.com\/fr\/products\/cordes-en-cristal-rhinestone-hoodie-strings-with-gold-aglets-cordes-a-capuche-en-cristal-avec-aglets-en-or\/","og_locale":"fr_FR","og_type":"article","og_title":"Cordon Cristal Rhinestone Hoodie String with Gold Aglets","og_description":"Notre corde \u00e0 capuche en cristal et strass avec embouts dor\u00e9s est la plus haute qualit\u00e9 de corde \u00e0 capuche de luxe sur le march\u00e9. Chaque corde est livr\u00e9e avec un embout en or gaufr\u00e9.","og_url":"https:\/\/www.loopkinglaces.com\/fr\/products\/cordes-en-cristal-rhinestone-hoodie-strings-with-gold-aglets-cordes-a-capuche-en-cristal-avec-aglets-en-or\/","og_site_name":"Luxury Gold Tip Shoelaces by Loop King Laces","article_publisher":"https:\/\/www.facebook.com\/LoopKingLaces\/","og_image":[{"width":1600,"height":1600,"url":"https:\/\/www.loopkinglaces.com\/wp-content\/uploads\/0804A-35-scaled.jpg","type":"image\/jpeg"}],"twitter_card":"summary_large_image","twitter_site":"@loopkinglaces","schema":{"@context":"https:\/\/schema.org","@graph":[{"@type":["WebPage","ItemPage"],"@id":"https:\/\/www.loopkinglaces.com\/fr\/products\/cordes-en-cristal-rhinestone-hoodie-strings-with-gold-aglets-cordes-a-capuche-en-cristal-avec-aglets-en-or\/","url":"https:\/\/www.loopkinglaces.com\/fr\/products\/cordes-en-cristal-rhinestone-hoodie-strings-with-gold-aglets-cordes-a-capuche-en-cristal-avec-aglets-en-or\/","name":"Cordon Cristal Rhinestone Hoodie String with Gold Aglets","isPartOf":{"@id":"https:\/\/www.loopkinglaces.com\/fr\/#website"},"primaryImageOfPage":{"@id":"https:\/\/www.loopkinglaces.com\/fr\/products\/cordes-en-cristal-rhinestone-hoodie-strings-with-gold-aglets-cordes-a-capuche-en-cristal-avec-aglets-en-or\/#primaryimage"},"image":{"@id":"https:\/\/www.loopkinglaces.com\/fr\/products\/cordes-en-cristal-rhinestone-hoodie-strings-with-gold-aglets-cordes-a-capuche-en-cristal-avec-aglets-en-or\/#primaryimage"},"thumbnailUrl":"https:\/\/www.loopkinglaces.com\/wp-content\/uploads\/0804A-35-scaled.jpg","datePublished":"2022-12-01T16:00:16+00:00","description":"Notre corde \u00e0 capuche en cristal et strass avec embouts dor\u00e9s est la plus haute qualit\u00e9 de corde \u00e0 capuche de luxe sur le march\u00e9. Chaque corde est livr\u00e9e avec un embout en or gaufr\u00e9.","breadcrumb":{"@id":"https:\/\/www.loopkinglaces.com\/fr\/products\/cordes-en-cristal-rhinestone-hoodie-strings-with-gold-aglets-cordes-a-capuche-en-cristal-avec-aglets-en-or\/#breadcrumb"},"inLanguage":"fr-FR","potentialAction":[{"@type":"ReadAction","target":["https:\/\/www.loopkinglaces.com\/fr\/products\/cordes-en-cristal-rhinestone-hoodie-strings-with-gold-aglets-cordes-a-capuche-en-cristal-avec-aglets-en-or\/"]}]},{"@type":"ImageObject","inLanguage":"fr-FR","@id":"https:\/\/www.loopkinglaces.com\/fr\/products\/cordes-en-cristal-rhinestone-hoodie-strings-with-gold-aglets-cordes-a-capuche-en-cristal-avec-aglets-en-or\/#primaryimage","url":"https:\/\/www.loopkinglaces.com\/wp-content\/uploads\/0804A-35-scaled.jpg","contentUrl":"https:\/\/www.loopkinglaces.com\/wp-content\/uploads\/0804A-35-scaled.jpg","width":1600,"height":1600},{"@type":"BreadcrumbList","@id":"https:\/\/www.loopkinglaces.com\/fr\/products\/cordes-en-cristal-rhinestone-hoodie-strings-with-gold-aglets-cordes-a-capuche-en-cristal-avec-aglets-en-or\/#breadcrumb","itemListElement":[{"@type":"ListItem","position":1,"name":"Home","item":"https:\/\/www.loopkinglaces.com\/fr\/"},{"@type":"ListItem","position":2,"name":"ACHETER DES LACES","item":"https:\/\/www.loopkinglaces.com\/fr\/acheter-des-laces\/"},{"@type":"ListItem","position":3,"name":"Cordes en cristal Rhinestone Hoodie Strings with Gold Aglets (Cordes \u00e0 capuche en cristal avec aglets en or)"}]},{"@type":"WebSite","@id":"https:\/\/www.loopkinglaces.com\/fr\/#website","url":"https:\/\/www.loopkinglaces.com\/fr\/","name":"Luxury Gold Tip Shoelaces by Loop King Laces","description":"Rope Laces, Flat Waxed Laces and Leather Laces. All With Gold Tips.","publisher":{"@id":"https:\/\/www.loopkinglaces.com\/fr\/#organization"},"potentialAction":[{"@type":"SearchAction","target":{"@type":"EntryPoint","urlTemplate":"https:\/\/www.loopkinglaces.com\/fr\/?s={search_term_string}"},"query-input":{"@type":"PropertyValueSpecification","valueRequired":true,"valueName":"search_term_string"}}],"inLanguage":"fr-FR"},{"@type":"Organization","@id":"https:\/\/www.loopkinglaces.com\/fr\/#organization","name":"Loop King Laces","url":"https:\/\/www.loopkinglaces.com\/fr\/","logo":{"@type":"ImageObject","inLanguage":"fr-FR","@id":"https:\/\/www.loopkinglaces.com\/fr\/#\/schema\/logo\/image\/","url":"https:\/\/www.loopkinglaces.com\/wp-content\/uploads\/LOOP-KING-LACES.1.1-01-LOGO-HI-RES-OFFICIAL-1.png","contentUrl":"https:\/\/www.loopkinglaces.com\/wp-content\/uploads\/LOOP-KING-LACES.1.1-01-LOGO-HI-RES-OFFICIAL-1.png","width":128,"height":91,"caption":"Loop King Laces"},"image":{"@id":"https:\/\/www.loopkinglaces.com\/fr\/#\/schema\/logo\/image\/"},"sameAs":["https:\/\/www.facebook.com\/LoopKingLaces\/","https:\/\/x.com\/loopkinglaces","https:\/\/www.instagram.com\/loopkinglaces\/"]}]}},"_links":{"self":[{"href":"https:\/\/www.loopkinglaces.com\/fr\/wp-json\/wp\/v2\/product\/73628","targetHints":{"allow":["GET"]}}],"collection":[{"href":"https:\/\/www.loopkinglaces.com\/fr\/wp-json\/wp\/v2\/product"}],"about":[{"href":"https:\/\/www.loopkinglaces.com\/fr\/wp-json\/wp\/v2\/types\/product"}],"replies":[{"embeddable":true,"href":"https:\/\/www.loopkinglaces.com\/fr\/wp-json\/wp\/v2\/comments?post=73628"}],"wp:featuredmedia":[{"embeddable":true,"href":"https:\/\/www.loopkinglaces.com\/fr\/wp-json\/wp\/v2\/media\/73228"}],"wp:attachment":[{"href":"https:\/\/www.loopkinglaces.com\/fr\/wp-json\/wp\/v2\/media?parent=73628"}],"wp:term":[{"taxonomy":"product_brand","embeddable":true,"href":"https:\/\/www.loopkinglaces.com\/fr\/wp-json\/wp\/v2\/product_brand?post=73628"},{"taxonomy":"product_cat","embeddable":true,"href":"https:\/\/www.loopkinglaces.com\/fr\/wp-json\/wp\/v2\/product_cat?post=73628"},{"taxonomy":"product_tag","embeddable":true,"href":"https:\/\/www.loopkinglaces.com\/fr\/wp-json\/wp\/v2\/product_tag?post=73628"},{"taxonomy":"woo-feed-brand","embeddable":true,"href":"https:\/\/www.loopkinglaces.com\/fr\/wp-json\/wp\/v2\/woo-feed-brand?post=73628"}],"curies":[{"name":"wp","href":"https:\/\/api.w.org\/{rel}","templated":true}]}}