{"id":73454,"date":"2022-09-07T16:31:54","date_gmt":"2022-09-07T16:31:54","guid":{"rendered":"https:\/\/www.loopkinglaces.com\/products\/les-lacets-en-cuir-violet-de-premiere-qualite-ajoutent-du-style-et-de-la-sophistication-a-tes-chaussures\/"},"modified":"2022-09-07T16:31:54","modified_gmt":"2022-09-07T16:31:54","slug":"les-lacets-en-cuir-violet-de-premiere-qualite-ajoutent-du-style-et-de-la-sophistication-a-tes-chaussures","status":"publish","type":"product","link":"https:\/\/www.loopkinglaces.com\/fr\/products\/les-lacets-en-cuir-violet-de-premiere-qualite-ajoutent-du-style-et-de-la-sophistication-a-tes-chaussures\/","title":{"rendered":"Les lacets en cuir violet de premi\u00e8re qualit\u00e9 ajoutent du style et de la sophistication \u00e0 tes chaussures."},"content":{"rendered":"<h3><a href=\"https:\/\/www.loopkinglaces.com\/\">Lacets de luxe pour baskets<\/a><\/h3>\n<p>  Loop King Laces ne fournit que des lacets \u00e0 pointe dor\u00e9e de la plus haute qualit\u00e9.<br \/>\nNos lacets en cuir v\u00e9ritable sont fabriqu\u00e9s avec des pointes en m\u00e9tal gaufr\u00e9 repr\u00e9sentant LOOP KING et notre couronne symbolique.<br \/>\nChaque lacet est 100 % r\u00e9sistant au feu, ce qui montre la qualit\u00e9 r\u00e9elle du lacet.<br \/>\nNos lacets s&#8217;adaptent \u00e0 tous les types de baskets et de marques, y compris Adidas, Nike, VANS et ainsi de suite, et transforment m\u00eame les chaussures Jordan en lacets Jordan avec des pointes en m\u00e9tal !<br \/>\nPour conna\u00eetre la longueur du lacet de ta basket, visite notre <a href=\"\/shoelace-size-chart\/\">guide des tailles<\/a> o\u00f9 tu pourras trouver la taille de lacet parfaite pour tes chaussures. <span style=\"font-weight: 400;\">Tu cherches un moyen de faire para\u00eetre tes Nikes, Adidas ou autres chaussures encore plus ch\u00e8res ?<\/span><span style=\"font-weight: 400;\">alors tu dois essayer nos lacets en cuir violet. <\/span>     <\/p>\n<p><span style=\"font-weight: 400;\">Nos lacets en cuir violet sont dot\u00e9s de pointes d&#8217;aiguille dor\u00e9es en relief pour ajouter une touche de luxe suppl\u00e9mentaire.<br \/>\nNon seulement ils ont l&#8217;air chic, mais ils emp\u00eacheront tes lacets de s&#8217;effilocher aux extr\u00e9mit\u00e9s, ce qui prolongera leur dur\u00e9e de vie. <\/span><\/p>\n","protected":false},"excerpt":{"rendered":"<p><span style=\"font-weight: 400;\">C&#8217;est un fait que <\/span><b>les lacets plus plats et plus \u00e9pais sont plus agr\u00e9ables \u00e0 l&#8217;\u0153il.<\/b><span style=\"font-weight: 400;\">  et avoir l&#8217;air cher.<br \/>\nC&#8217;est pourquoi nos lacets en cuir sont costauds pour un look haut de gamme.   <\/span><\/p>\n<p><span style=\"font-weight: 400;\">L&#8217;\u00e9paisseur met \u00e9galement en valeur le cuir fin que nous utilisons pour nos lacets.<br \/>\nNous prenons la qualit\u00e9 tr\u00e8s au s\u00e9rieux, c&#8217;est pourquoi nous avons des exigences \u00e9lev\u00e9es pour nos mat\u00e9riaux.   <\/span><\/p>\n<p><span style=\"font-weight: 400;\">Nos mat\u00e9riaux de premi\u00e8re qualit\u00e9 rendent nos lacets plus durables.<br \/>\nEn fait, ils   <\/span><b>durent g\u00e9n\u00e9ralement jusqu&#8217;\u00e0 3 fois plus longtemps que les autres marques<\/b><span style=\"font-weight: 400;\">. <\/span> <\/p>\n<p><span style=\"font-weight: 400;\">Alors si tu ne veux pas avoir \u00e0 remplacer tes lacets tous les quelques mois, les lacets en cuir violet LoopKing sont la solution. Les principales caract\u00e9ristiques sont les suivantes :<\/span><\/p>\n<ul>\n<li style=\"font-weight: 400;\" aria-level=\"1\"><span style=\"font-weight: 400;\">Cuir fin<\/span><\/li>\n<li style=\"font-weight: 400;\" aria-level=\"1\"><span style=\"font-weight: 400;\">Des lacets durables qui durent trois fois plus longtemps que les autres marques.<\/span><\/li>\n<li style=\"font-weight: 400;\" aria-level=\"1\"><span style=\"font-weight: 400;\">Pointes d&#8217;aiguille en or gaufr\u00e9  <\/span><\/li>\n<li style=\"font-weight: 400;\" aria-level=\"1\"><span style=\"font-weight: 400;\">Couleur violette vibrante et accrocheuse<\/span><\/li>\n<li style=\"font-weight: 400;\" aria-level=\"1\"><span style=\"font-weight: 400;\">Bel emballage scell\u00e9<\/span><\/li>\n<\/ul>\n","protected":false},"featured_media":73461,"comment_status":"open","ping_status":"closed","template":"","meta":{"_acf_changed":false},"product_brand":[],"product_cat":[1449,1408,1242,1185,952,953,1231,1081,1653,947,1650],"product_tag":[],"woo-feed-brand":[],"class_list":{"0":"post-73454","1":"product","2":"type-product","3":"status-publish","4":"has-post-thumbnail","6":"product_cat-des-lacets-de-chaussures-violets-qui-eclatent-sadaptent-bien-et-rendent-les-autres-jaloux","7":"product_cat-des-lacets-de-football-qui-sont-plus-quun-simple-moyen-de-fixation","8":"product_cat-lacage-de-luxe-le-guide-ultime-des-lacets-de-bottes-de-84-pouces","9":"product_cat-lacets-a-pointe-dor","10":"product_cat-lacets-de-40-pouces","11":"product_cat-lacets-de-52-pouces","12":"product_cat-lacets-de-chaussures-kiwi-plus-quune-simple-tendance","13":"product_cat-lacets-en-cuir-de-luxe","14":"product_cat-lacets-lebron-11","15":"product_cat-tous-les-lacets","16":"product_cat-tous-les-lacets-fantastiques-pour-les-chaussures-lebron","18":"first","19":"instock","20":"taxable","21":"shipping-taxable","22":"purchasable","23":"product-type-variable"},"acf":[],"yoast_head":"<!-- This site is optimized with the Yoast SEO plugin v27.4 - https:\/\/yoast.com\/product\/yoast-seo-wordpress\/ -->\n<title>Les meilleurs lacets en cuir violet pour accentuer ton style unique<\/title>\n<meta name=\"description\" content=\"Nos lacets en cuir violet de premi\u00e8re qualit\u00e9 donneront instantan\u00e9ment un coup de jeune aux Nike Dunks, aux Adidas Yeezys et \u00e0 presque toutes les autres marques populaires - alors n&#039;attends pas pour les d\u00e9couvrir.\" \/>\n<meta name=\"robots\" content=\"index, follow, max-snippet:-1, max-image-preview:large, max-video-preview:-1\" \/>\n<link rel=\"canonical\" href=\"https:\/\/www.loopkinglaces.com\/fr\/products\/les-lacets-en-cuir-violet-de-premiere-qualite-ajoutent-du-style-et-de-la-sophistication-a-tes-chaussures\/\" \/>\n<meta property=\"og:locale\" content=\"fr_FR\" \/>\n<meta property=\"og:type\" content=\"article\" \/>\n<meta property=\"og:title\" content=\"Les meilleurs lacets en cuir violet pour accentuer ton style unique\" \/>\n<meta property=\"og:description\" content=\"Nos lacets en cuir violet de premi\u00e8re qualit\u00e9 donneront instantan\u00e9ment un coup de jeune aux Nike Dunks, aux Adidas Yeezys et \u00e0 presque toutes les autres marques populaires - alors n&#039;attends pas pour les d\u00e9couvrir.\" \/>\n<meta property=\"og:url\" content=\"https:\/\/www.loopkinglaces.com\/fr\/products\/les-lacets-en-cuir-violet-de-premiere-qualite-ajoutent-du-style-et-de-la-sophistication-a-tes-chaussures\/\" \/>\n<meta property=\"og:site_name\" content=\"Luxury Gold Tip Shoelaces by Loop King Laces\" \/>\n<meta property=\"article:publisher\" content=\"https:\/\/www.facebook.com\/LoopKingLaces\/\" \/>\n<meta property=\"og:image\" content=\"https:\/\/www.loopkinglaces.com\/wp-content\/uploads\/IMG_1672.jpg\" \/>\n\t<meta property=\"og:image:width\" content=\"1584\" \/>\n\t<meta property=\"og:image:height\" content=\"1587\" \/>\n\t<meta property=\"og:image:type\" content=\"image\/jpeg\" \/>\n<meta name=\"twitter:card\" content=\"summary_large_image\" \/>\n<meta name=\"twitter:site\" content=\"@loopkinglaces\" \/>\n<meta name=\"twitter:label1\" content=\"Dur\u00e9e de lecture estim\u00e9e\" \/>\n\t<meta name=\"twitter:data1\" content=\"1 minute\" \/>\n<script type=\"application\/ld+json\" class=\"yoast-schema-graph\">{\"@context\":\"https:\\\/\\\/schema.org\",\"@graph\":[{\"@type\":[\"WebPage\",\"ItemPage\"],\"@id\":\"https:\\\/\\\/www.loopkinglaces.com\\\/fr\\\/products\\\/les-lacets-en-cuir-violet-de-premiere-qualite-ajoutent-du-style-et-de-la-sophistication-a-tes-chaussures\\\/\",\"url\":\"https:\\\/\\\/www.loopkinglaces.com\\\/fr\\\/products\\\/les-lacets-en-cuir-violet-de-premiere-qualite-ajoutent-du-style-et-de-la-sophistication-a-tes-chaussures\\\/\",\"name\":\"Les meilleurs lacets en cuir violet pour accentuer ton style unique\",\"isPartOf\":{\"@id\":\"https:\\\/\\\/www.loopkinglaces.com\\\/fr\\\/#website\"},\"primaryImageOfPage\":{\"@id\":\"https:\\\/\\\/www.loopkinglaces.com\\\/fr\\\/products\\\/les-lacets-en-cuir-violet-de-premiere-qualite-ajoutent-du-style-et-de-la-sophistication-a-tes-chaussures\\\/#primaryimage\"},\"image\":{\"@id\":\"https:\\\/\\\/www.loopkinglaces.com\\\/fr\\\/products\\\/les-lacets-en-cuir-violet-de-premiere-qualite-ajoutent-du-style-et-de-la-sophistication-a-tes-chaussures\\\/#primaryimage\"},\"thumbnailUrl\":\"https:\\\/\\\/www.loopkinglaces.com\\\/wp-content\\\/uploads\\\/IMG_1672.jpg\",\"datePublished\":\"2022-09-07T16:31:54+00:00\",\"description\":\"Nos lacets en cuir violet de premi\u00e8re qualit\u00e9 donneront instantan\u00e9ment un coup de jeune aux Nike Dunks, aux Adidas Yeezys et \u00e0 presque toutes les autres marques populaires - alors n'attends pas pour les d\u00e9couvrir.\",\"breadcrumb\":{\"@id\":\"https:\\\/\\\/www.loopkinglaces.com\\\/fr\\\/products\\\/les-lacets-en-cuir-violet-de-premiere-qualite-ajoutent-du-style-et-de-la-sophistication-a-tes-chaussures\\\/#breadcrumb\"},\"inLanguage\":\"fr-FR\",\"potentialAction\":[{\"@type\":\"ReadAction\",\"target\":[\"https:\\\/\\\/www.loopkinglaces.com\\\/fr\\\/products\\\/les-lacets-en-cuir-violet-de-premiere-qualite-ajoutent-du-style-et-de-la-sophistication-a-tes-chaussures\\\/\"]}]},{\"@type\":\"ImageObject\",\"inLanguage\":\"fr-FR\",\"@id\":\"https:\\\/\\\/www.loopkinglaces.com\\\/fr\\\/products\\\/les-lacets-en-cuir-violet-de-premiere-qualite-ajoutent-du-style-et-de-la-sophistication-a-tes-chaussures\\\/#primaryimage\",\"url\":\"https:\\\/\\\/www.loopkinglaces.com\\\/wp-content\\\/uploads\\\/IMG_1672.jpg\",\"contentUrl\":\"https:\\\/\\\/www.loopkinglaces.com\\\/wp-content\\\/uploads\\\/IMG_1672.jpg\",\"width\":1584,\"height\":1587},{\"@type\":\"BreadcrumbList\",\"@id\":\"https:\\\/\\\/www.loopkinglaces.com\\\/fr\\\/products\\\/les-lacets-en-cuir-violet-de-premiere-qualite-ajoutent-du-style-et-de-la-sophistication-a-tes-chaussures\\\/#breadcrumb\",\"itemListElement\":[{\"@type\":\"ListItem\",\"position\":1,\"name\":\"Home\",\"item\":\"https:\\\/\\\/www.loopkinglaces.com\\\/fr\\\/\"},{\"@type\":\"ListItem\",\"position\":2,\"name\":\"ACHETER DES LACES\",\"item\":\"https:\\\/\\\/www.loopkinglaces.com\\\/fr\\\/acheter-des-laces\\\/\"},{\"@type\":\"ListItem\",\"position\":3,\"name\":\"Les lacets en cuir violet de premi\u00e8re qualit\u00e9 ajoutent du style et de la sophistication \u00e0 tes chaussures.\"}]},{\"@type\":\"WebSite\",\"@id\":\"https:\\\/\\\/www.loopkinglaces.com\\\/fr\\\/#website\",\"url\":\"https:\\\/\\\/www.loopkinglaces.com\\\/fr\\\/\",\"name\":\"Luxury Gold Tip Shoelaces by Loop King Laces\",\"description\":\"Rope Laces, Flat Waxed Laces and Leather Laces. All With Gold Tips.\",\"publisher\":{\"@id\":\"https:\\\/\\\/www.loopkinglaces.com\\\/fr\\\/#organization\"},\"potentialAction\":[{\"@type\":\"SearchAction\",\"target\":{\"@type\":\"EntryPoint\",\"urlTemplate\":\"https:\\\/\\\/www.loopkinglaces.com\\\/fr\\\/?s={search_term_string}\"},\"query-input\":{\"@type\":\"PropertyValueSpecification\",\"valueRequired\":true,\"valueName\":\"search_term_string\"}}],\"inLanguage\":\"fr-FR\"},{\"@type\":\"Organization\",\"@id\":\"https:\\\/\\\/www.loopkinglaces.com\\\/fr\\\/#organization\",\"name\":\"Loop King Laces\",\"url\":\"https:\\\/\\\/www.loopkinglaces.com\\\/fr\\\/\",\"logo\":{\"@type\":\"ImageObject\",\"inLanguage\":\"fr-FR\",\"@id\":\"https:\\\/\\\/www.loopkinglaces.com\\\/fr\\\/#\\\/schema\\\/logo\\\/image\\\/\",\"url\":\"https:\\\/\\\/www.loopkinglaces.com\\\/wp-content\\\/uploads\\\/LOOP-KING-LACES.1.1-01-LOGO-HI-RES-OFFICIAL-1.png\",\"contentUrl\":\"https:\\\/\\\/www.loopkinglaces.com\\\/wp-content\\\/uploads\\\/LOOP-KING-LACES.1.1-01-LOGO-HI-RES-OFFICIAL-1.png\",\"width\":128,\"height\":91,\"caption\":\"Loop King Laces\"},\"image\":{\"@id\":\"https:\\\/\\\/www.loopkinglaces.com\\\/fr\\\/#\\\/schema\\\/logo\\\/image\\\/\"},\"sameAs\":[\"https:\\\/\\\/www.facebook.com\\\/LoopKingLaces\\\/\",\"https:\\\/\\\/x.com\\\/loopkinglaces\",\"https:\\\/\\\/www.instagram.com\\\/loopkinglaces\\\/\"]}]}<\/script>\n<!-- \/ Yoast SEO plugin. -->","yoast_head_json":{"title":"Les meilleurs lacets en cuir violet pour accentuer ton style unique","description":"Nos lacets en cuir violet de premi\u00e8re qualit\u00e9 donneront instantan\u00e9ment un coup de jeune aux Nike Dunks, aux Adidas Yeezys et \u00e0 presque toutes les autres marques populaires - alors n'attends pas pour les d\u00e9couvrir.","robots":{"index":"index","follow":"follow","max-snippet":"max-snippet:-1","max-image-preview":"max-image-preview:large","max-video-preview":"max-video-preview:-1"},"canonical":"https:\/\/www.loopkinglaces.com\/fr\/products\/les-lacets-en-cuir-violet-de-premiere-qualite-ajoutent-du-style-et-de-la-sophistication-a-tes-chaussures\/","og_locale":"fr_FR","og_type":"article","og_title":"Les meilleurs lacets en cuir violet pour accentuer ton style unique","og_description":"Nos lacets en cuir violet de premi\u00e8re qualit\u00e9 donneront instantan\u00e9ment un coup de jeune aux Nike Dunks, aux Adidas Yeezys et \u00e0 presque toutes les autres marques populaires - alors n'attends pas pour les d\u00e9couvrir.","og_url":"https:\/\/www.loopkinglaces.com\/fr\/products\/les-lacets-en-cuir-violet-de-premiere-qualite-ajoutent-du-style-et-de-la-sophistication-a-tes-chaussures\/","og_site_name":"Luxury Gold Tip Shoelaces by Loop King Laces","article_publisher":"https:\/\/www.facebook.com\/LoopKingLaces\/","og_image":[{"width":1584,"height":1587,"url":"https:\/\/www.loopkinglaces.com\/wp-content\/uploads\/IMG_1672.jpg","type":"image\/jpeg"}],"twitter_card":"summary_large_image","twitter_site":"@loopkinglaces","twitter_misc":{"Dur\u00e9e de lecture estim\u00e9e":"1 minute"},"schema":{"@context":"https:\/\/schema.org","@graph":[{"@type":["WebPage","ItemPage"],"@id":"https:\/\/www.loopkinglaces.com\/fr\/products\/les-lacets-en-cuir-violet-de-premiere-qualite-ajoutent-du-style-et-de-la-sophistication-a-tes-chaussures\/","url":"https:\/\/www.loopkinglaces.com\/fr\/products\/les-lacets-en-cuir-violet-de-premiere-qualite-ajoutent-du-style-et-de-la-sophistication-a-tes-chaussures\/","name":"Les meilleurs lacets en cuir violet pour accentuer ton style unique","isPartOf":{"@id":"https:\/\/www.loopkinglaces.com\/fr\/#website"},"primaryImageOfPage":{"@id":"https:\/\/www.loopkinglaces.com\/fr\/products\/les-lacets-en-cuir-violet-de-premiere-qualite-ajoutent-du-style-et-de-la-sophistication-a-tes-chaussures\/#primaryimage"},"image":{"@id":"https:\/\/www.loopkinglaces.com\/fr\/products\/les-lacets-en-cuir-violet-de-premiere-qualite-ajoutent-du-style-et-de-la-sophistication-a-tes-chaussures\/#primaryimage"},"thumbnailUrl":"https:\/\/www.loopkinglaces.com\/wp-content\/uploads\/IMG_1672.jpg","datePublished":"2022-09-07T16:31:54+00:00","description":"Nos lacets en cuir violet de premi\u00e8re qualit\u00e9 donneront instantan\u00e9ment un coup de jeune aux Nike Dunks, aux Adidas Yeezys et \u00e0 presque toutes les autres marques populaires - alors n'attends pas pour les d\u00e9couvrir.","breadcrumb":{"@id":"https:\/\/www.loopkinglaces.com\/fr\/products\/les-lacets-en-cuir-violet-de-premiere-qualite-ajoutent-du-style-et-de-la-sophistication-a-tes-chaussures\/#breadcrumb"},"inLanguage":"fr-FR","potentialAction":[{"@type":"ReadAction","target":["https:\/\/www.loopkinglaces.com\/fr\/products\/les-lacets-en-cuir-violet-de-premiere-qualite-ajoutent-du-style-et-de-la-sophistication-a-tes-chaussures\/"]}]},{"@type":"ImageObject","inLanguage":"fr-FR","@id":"https:\/\/www.loopkinglaces.com\/fr\/products\/les-lacets-en-cuir-violet-de-premiere-qualite-ajoutent-du-style-et-de-la-sophistication-a-tes-chaussures\/#primaryimage","url":"https:\/\/www.loopkinglaces.com\/wp-content\/uploads\/IMG_1672.jpg","contentUrl":"https:\/\/www.loopkinglaces.com\/wp-content\/uploads\/IMG_1672.jpg","width":1584,"height":1587},{"@type":"BreadcrumbList","@id":"https:\/\/www.loopkinglaces.com\/fr\/products\/les-lacets-en-cuir-violet-de-premiere-qualite-ajoutent-du-style-et-de-la-sophistication-a-tes-chaussures\/#breadcrumb","itemListElement":[{"@type":"ListItem","position":1,"name":"Home","item":"https:\/\/www.loopkinglaces.com\/fr\/"},{"@type":"ListItem","position":2,"name":"ACHETER DES LACES","item":"https:\/\/www.loopkinglaces.com\/fr\/acheter-des-laces\/"},{"@type":"ListItem","position":3,"name":"Les lacets en cuir violet de premi\u00e8re qualit\u00e9 ajoutent du style et de la sophistication \u00e0 tes chaussures."}]},{"@type":"WebSite","@id":"https:\/\/www.loopkinglaces.com\/fr\/#website","url":"https:\/\/www.loopkinglaces.com\/fr\/","name":"Luxury Gold Tip Shoelaces by Loop King Laces","description":"Rope Laces, Flat Waxed Laces and Leather Laces. All With Gold Tips.","publisher":{"@id":"https:\/\/www.loopkinglaces.com\/fr\/#organization"},"potentialAction":[{"@type":"SearchAction","target":{"@type":"EntryPoint","urlTemplate":"https:\/\/www.loopkinglaces.com\/fr\/?s={search_term_string}"},"query-input":{"@type":"PropertyValueSpecification","valueRequired":true,"valueName":"search_term_string"}}],"inLanguage":"fr-FR"},{"@type":"Organization","@id":"https:\/\/www.loopkinglaces.com\/fr\/#organization","name":"Loop King Laces","url":"https:\/\/www.loopkinglaces.com\/fr\/","logo":{"@type":"ImageObject","inLanguage":"fr-FR","@id":"https:\/\/www.loopkinglaces.com\/fr\/#\/schema\/logo\/image\/","url":"https:\/\/www.loopkinglaces.com\/wp-content\/uploads\/LOOP-KING-LACES.1.1-01-LOGO-HI-RES-OFFICIAL-1.png","contentUrl":"https:\/\/www.loopkinglaces.com\/wp-content\/uploads\/LOOP-KING-LACES.1.1-01-LOGO-HI-RES-OFFICIAL-1.png","width":128,"height":91,"caption":"Loop King Laces"},"image":{"@id":"https:\/\/www.loopkinglaces.com\/fr\/#\/schema\/logo\/image\/"},"sameAs":["https:\/\/www.facebook.com\/LoopKingLaces\/","https:\/\/x.com\/loopkinglaces","https:\/\/www.instagram.com\/loopkinglaces\/"]}]}},"_links":{"self":[{"href":"https:\/\/www.loopkinglaces.com\/fr\/wp-json\/wp\/v2\/product\/73454","targetHints":{"allow":["GET"]}}],"collection":[{"href":"https:\/\/www.loopkinglaces.com\/fr\/wp-json\/wp\/v2\/product"}],"about":[{"href":"https:\/\/www.loopkinglaces.com\/fr\/wp-json\/wp\/v2\/types\/product"}],"replies":[{"embeddable":true,"href":"https:\/\/www.loopkinglaces.com\/fr\/wp-json\/wp\/v2\/comments?post=73454"}],"wp:featuredmedia":[{"embeddable":true,"href":"https:\/\/www.loopkinglaces.com\/fr\/wp-json\/wp\/v2\/media\/73461"}],"wp:attachment":[{"href":"https:\/\/www.loopkinglaces.com\/fr\/wp-json\/wp\/v2\/media?parent=73454"}],"wp:term":[{"taxonomy":"product_brand","embeddable":true,"href":"https:\/\/www.loopkinglaces.com\/fr\/wp-json\/wp\/v2\/product_brand?post=73454"},{"taxonomy":"product_cat","embeddable":true,"href":"https:\/\/www.loopkinglaces.com\/fr\/wp-json\/wp\/v2\/product_cat?post=73454"},{"taxonomy":"product_tag","embeddable":true,"href":"https:\/\/www.loopkinglaces.com\/fr\/wp-json\/wp\/v2\/product_tag?post=73454"},{"taxonomy":"woo-feed-brand","embeddable":true,"href":"https:\/\/www.loopkinglaces.com\/fr\/wp-json\/wp\/v2\/woo-feed-brand?post=73454"}],"curies":[{"name":"wp","href":"https:\/\/api.w.org\/{rel}","templated":true}]}}