{"id":73400,"date":"2022-08-25T17:37:26","date_gmt":"2022-08-25T17:37:26","guid":{"rendered":"https:\/\/www.loopkinglaces.com\/products\/les-lacets-en-velours-pour-ajouter-du-luxe-a-nimporte-quelle-paire-de-chaussures\/"},"modified":"2022-08-25T17:37:26","modified_gmt":"2022-08-25T17:37:26","slug":"les-lacets-en-velours-pour-ajouter-du-luxe-a-nimporte-quelle-paire-de-chaussures","status":"publish","type":"product","link":"https:\/\/www.loopkinglaces.com\/fr\/products\/les-lacets-en-velours-pour-ajouter-du-luxe-a-nimporte-quelle-paire-de-chaussures\/","title":{"rendered":"Les lacets en velours pour ajouter du luxe \u00e0 n&#8217;importe quelle paire de chaussures"},"content":{"rendered":"<p><i><span style=\"font-weight: 400;\">Est-ce que tu t&#8217;enfermerais dans du velours si c&#8217;\u00e9tait socialement acceptable ?<br \/>\nJe crois que j&#8217;entends George Costanza appeler ; et toi ? <\/span><\/i><\/p>\n<p><span style=\"font-weight: 400;\">Si c&#8217;est le cas, nous ne t&#8217;en voulons pas &#8211; car le velours est un tissu incroyablement doux et luxueux.  <\/span><\/p>\n<p><span style=\"font-weight: 400;\">C&#8217;est pourquoi nous avons d\u00e9cid\u00e9 de fabriquer des lacets en velours de premi\u00e8re qualit\u00e9 qui transformeront n&#8217;importe quelle chaussure en une puissante d\u00e9claration de mode.  <\/span><\/p>\n<p><span style=\"font-weight: 400;\">Nous utilisons 100 % de velours de premi\u00e8re qualit\u00e9 pour nos lacets, et la belle couleur bordeaux s&#8217;accorde avec \u00e0 peu pr\u00e8s n&#8217;importe quelle tenue ou accessoire.  <\/span><\/p>\n<p><span style=\"font-weight: 400;\">Ces lacets sont \u00e9pais, lisses, robustes et attrayants sans effort.<br \/>\nTu peux les utiliser avec tes : <\/span><\/p>\n<ul>\n<li style=\"font-weight: 400;\" aria-level=\"1\"><span style=\"font-weight: 400;\">Baskets<\/span><\/li>\n<li style=\"font-weight: 400;\" aria-level=\"1\"><span style=\"font-weight: 400;\">Chaussures habill\u00e9es<\/span><\/li>\n<li style=\"font-weight: 400;\" aria-level=\"1\"><span style=\"font-weight: 400;\">Cordes \u00e0 b\u0153uf<\/span><\/li>\n<li style=\"font-weight: 400;\" aria-level=\"1\"><span style=\"font-weight: 400;\">Chaussures de course<\/span><\/li>\n<li style=\"font-weight: 400;\" aria-level=\"1\"><span style=\"font-weight: 400;\">Plus d&#8217;informations<\/span><\/li>\n<\/ul>\n<p><span style=\"font-weight: 400;\">Nos lacets font d&#8217;excellents cadeaux, et notre emballage attrayant est parfait pour les offrir.<br \/>\nIls fonctionnent tr\u00e8s bien pour les anniversaires, les remises de dipl\u00f4mes et autres f\u00eates.   <\/span><\/p>\n","protected":false},"excerpt":{"rendered":"<p><span style=\"font-weight: 400;\">Chaque paire de lacets en velours comporte nos aglets m\u00e9talliques grav\u00e9s contenant notre logo.<br \/>\nIls sont construits en m\u00e9tal haut de gamme et sont agr\u00e9ables au toucher.<br \/>\nIls t&#8217;aideront \u00e0 bien tenir tes lacets pour que tu puisses faire le n\u0153ud parfait.    <\/span><\/p>\n<p><span style=\"font-weight: 400;\">Tous nos lacets sont susceptibles de s&#8217;adapter \u00e0 toutes les grandes marques de chaussures, telles qu&#8217;Adidas, Nike, Vans, et plus encore.  <\/span><b>Nos lacets en velours sont un excellent moyen d&#8217;ajouter une nouvelle intrigue et du flair \u00e0 n&#8217;importe quelle paire de chaussures.<\/b><span style=\"font-weight: 400;\"> <\/span><\/p>\n<p><span style=\"font-weight: 400;\">Tu peux m\u00eame acheter plusieurs types de lacets diff\u00e9rents pour te donner un peu de vari\u00e9t\u00e9 tout en payant moins cher qu&#8217;une paire de chaussures toute neuve.  <\/span><\/p>\n<p><span style=\"font-weight: 400;\">Les principales caract\u00e9ristiques sont les suivantes :<\/span><\/p>\n<ul>\n<li style=\"font-weight: 400;\" aria-level=\"1\"><span style=\"font-weight: 400;\">Magnifique couleur bordeaux  <\/span><\/li>\n<li style=\"font-weight: 400;\" aria-level=\"1\"><span style=\"font-weight: 400;\">100% velours pur<\/span><\/li>\n<li style=\"font-weight: 400;\" aria-level=\"1\"><span style=\"font-weight: 400;\">Un bel emballage de marque<\/span><\/li>\n<\/ul>\n","protected":false},"featured_media":73414,"comment_status":"open","ping_status":"closed","template":"","meta":{"_acf_changed":false},"product_brand":[],"product_cat":[1237,1299,1242,1185,1240,1057,1444,1671,1214,947],"product_tag":[],"woo-feed-brand":[],"class_list":{"0":"post-73400","1":"product","2":"type-product","3":"status-publish","4":"has-post-thumbnail","6":"product_cat-ameliore-ton-jeu-de-chaussures-avec-les-lacets-de-bottes-de-54-pouces","7":"product_cat-des-lacets-de-chaussures-bourguignons-etonnants-qui-rehausseront-toute-ta-tenue","8":"product_cat-lacage-de-luxe-le-guide-ultime-des-lacets-de-bottes-de-84-pouces","9":"product_cat-lacets-a-pointe-dor","10":"product_cat-lacets-de-bottes-de-45-pouces-les-heros-meconnus-de-la-mode-de-tes-chaussures","11":"product_cat-lacets-rouges-pour-chaussures","12":"product_cat-lacets-sympas-ameliore-ton-jeu-de-chaussures","13":"product_cat-le-jordan-1-vert-pin-a-lacets-rouges-pour-sortir-du-lot","14":"product_cat-les-meilleurs-lacets-alexander-mcqueen-pour-tes-baskets-haut-de-gamme","15":"product_cat-tous-les-lacets","17":"first","18":"instock","19":"taxable","20":"shipping-taxable","21":"purchasable","22":"product-type-variable"},"acf":[],"yoast_head":"<!-- This site is optimized with the Yoast SEO plugin v27.5 - https:\/\/yoast.com\/product\/yoast-seo-wordpress\/ -->\n<title>Des lacets en velours lisse pour ajouter de la sophistication \u00e0 tes chaussures<\/title>\n<meta name=\"description\" content=\"Tu veux un moyen infaillible de donner \u00e0 n&#039;importe quelle paire de chaussures l&#039;air d&#039;un million de dollars ? Il suffit d&#039;ajouter nos lacets en velours \u00e0 tes chaussures et le tour est jou\u00e9.\" \/>\n<meta name=\"robots\" content=\"index, follow, max-snippet:-1, max-image-preview:large, max-video-preview:-1\" \/>\n<link rel=\"canonical\" href=\"https:\/\/www.loopkinglaces.com\/fr\/products\/les-lacets-en-velours-pour-ajouter-du-luxe-a-nimporte-quelle-paire-de-chaussures\/\" \/>\n<meta property=\"og:locale\" content=\"fr_FR\" \/>\n<meta property=\"og:type\" content=\"article\" \/>\n<meta property=\"og:title\" content=\"Des lacets en velours lisse pour ajouter de la sophistication \u00e0 tes chaussures\" \/>\n<meta property=\"og:description\" content=\"Tu veux un moyen infaillible de donner \u00e0 n&#039;importe quelle paire de chaussures l&#039;air d&#039;un million de dollars ? Il suffit d&#039;ajouter nos lacets en velours \u00e0 tes chaussures et le tour est jou\u00e9.\" \/>\n<meta property=\"og:url\" content=\"https:\/\/www.loopkinglaces.com\/fr\/products\/les-lacets-en-velours-pour-ajouter-du-luxe-a-nimporte-quelle-paire-de-chaussures\/\" \/>\n<meta property=\"og:site_name\" content=\"Luxury Gold Tip Shoelaces by Loop King Laces\" \/>\n<meta property=\"article:publisher\" content=\"https:\/\/www.facebook.com\/LoopKingLaces\/\" \/>\n<meta property=\"og:image\" content=\"https:\/\/www.loopkinglaces.com\/wp-content\/uploads\/0730A-34-scaled.jpg\" \/>\n\t<meta property=\"og:image:width\" content=\"1600\" \/>\n\t<meta property=\"og:image:height\" content=\"1466\" \/>\n\t<meta property=\"og:image:type\" content=\"image\/jpeg\" \/>\n<meta name=\"twitter:card\" content=\"summary_large_image\" \/>\n<meta name=\"twitter:site\" content=\"@loopkinglaces\" \/>\n<meta name=\"twitter:label1\" content=\"Dur\u00e9e de lecture estim\u00e9e\" \/>\n\t<meta name=\"twitter:data1\" content=\"1 minute\" \/>\n<script type=\"application\/ld+json\" class=\"yoast-schema-graph\">{\"@context\":\"https:\\\/\\\/schema.org\",\"@graph\":[{\"@type\":[\"WebPage\",\"ItemPage\"],\"@id\":\"https:\\\/\\\/www.loopkinglaces.com\\\/fr\\\/products\\\/les-lacets-en-velours-pour-ajouter-du-luxe-a-nimporte-quelle-paire-de-chaussures\\\/\",\"url\":\"https:\\\/\\\/www.loopkinglaces.com\\\/fr\\\/products\\\/les-lacets-en-velours-pour-ajouter-du-luxe-a-nimporte-quelle-paire-de-chaussures\\\/\",\"name\":\"Des lacets en velours lisse pour ajouter de la sophistication \u00e0 tes chaussures\",\"isPartOf\":{\"@id\":\"https:\\\/\\\/www.loopkinglaces.com\\\/fr\\\/#website\"},\"primaryImageOfPage\":{\"@id\":\"https:\\\/\\\/www.loopkinglaces.com\\\/fr\\\/products\\\/les-lacets-en-velours-pour-ajouter-du-luxe-a-nimporte-quelle-paire-de-chaussures\\\/#primaryimage\"},\"image\":{\"@id\":\"https:\\\/\\\/www.loopkinglaces.com\\\/fr\\\/products\\\/les-lacets-en-velours-pour-ajouter-du-luxe-a-nimporte-quelle-paire-de-chaussures\\\/#primaryimage\"},\"thumbnailUrl\":\"https:\\\/\\\/www.loopkinglaces.com\\\/wp-content\\\/uploads\\\/0730A-34-scaled.jpg\",\"datePublished\":\"2022-08-25T17:37:26+00:00\",\"description\":\"Tu veux un moyen infaillible de donner \u00e0 n'importe quelle paire de chaussures l'air d'un million de dollars ? Il suffit d'ajouter nos lacets en velours \u00e0 tes chaussures et le tour est jou\u00e9.\",\"breadcrumb\":{\"@id\":\"https:\\\/\\\/www.loopkinglaces.com\\\/fr\\\/products\\\/les-lacets-en-velours-pour-ajouter-du-luxe-a-nimporte-quelle-paire-de-chaussures\\\/#breadcrumb\"},\"inLanguage\":\"fr-FR\",\"potentialAction\":[{\"@type\":\"ReadAction\",\"target\":[\"https:\\\/\\\/www.loopkinglaces.com\\\/fr\\\/products\\\/les-lacets-en-velours-pour-ajouter-du-luxe-a-nimporte-quelle-paire-de-chaussures\\\/\"]}]},{\"@type\":\"ImageObject\",\"inLanguage\":\"fr-FR\",\"@id\":\"https:\\\/\\\/www.loopkinglaces.com\\\/fr\\\/products\\\/les-lacets-en-velours-pour-ajouter-du-luxe-a-nimporte-quelle-paire-de-chaussures\\\/#primaryimage\",\"url\":\"https:\\\/\\\/www.loopkinglaces.com\\\/wp-content\\\/uploads\\\/0730A-34-scaled.jpg\",\"contentUrl\":\"https:\\\/\\\/www.loopkinglaces.com\\\/wp-content\\\/uploads\\\/0730A-34-scaled.jpg\",\"width\":1600,\"height\":1466},{\"@type\":\"BreadcrumbList\",\"@id\":\"https:\\\/\\\/www.loopkinglaces.com\\\/fr\\\/products\\\/les-lacets-en-velours-pour-ajouter-du-luxe-a-nimporte-quelle-paire-de-chaussures\\\/#breadcrumb\",\"itemListElement\":[{\"@type\":\"ListItem\",\"position\":1,\"name\":\"Home\",\"item\":\"https:\\\/\\\/www.loopkinglaces.com\\\/fr\\\/\"},{\"@type\":\"ListItem\",\"position\":2,\"name\":\"ACHETER DES LACES\",\"item\":\"https:\\\/\\\/www.loopkinglaces.com\\\/fr\\\/acheter-des-laces\\\/\"},{\"@type\":\"ListItem\",\"position\":3,\"name\":\"Les lacets en velours pour ajouter du luxe \u00e0 n&#8217;importe quelle paire de chaussures\"}]},{\"@type\":\"WebSite\",\"@id\":\"https:\\\/\\\/www.loopkinglaces.com\\\/fr\\\/#website\",\"url\":\"https:\\\/\\\/www.loopkinglaces.com\\\/fr\\\/\",\"name\":\"Luxury Gold Tip Shoelaces by Loop King Laces\",\"description\":\"Rope Laces, Flat Waxed Laces and Leather Laces. All With Gold Tips.\",\"publisher\":{\"@id\":\"https:\\\/\\\/www.loopkinglaces.com\\\/fr\\\/#organization\"},\"potentialAction\":[{\"@type\":\"SearchAction\",\"target\":{\"@type\":\"EntryPoint\",\"urlTemplate\":\"https:\\\/\\\/www.loopkinglaces.com\\\/fr\\\/?s={search_term_string}\"},\"query-input\":{\"@type\":\"PropertyValueSpecification\",\"valueRequired\":true,\"valueName\":\"search_term_string\"}}],\"inLanguage\":\"fr-FR\"},{\"@type\":\"Organization\",\"@id\":\"https:\\\/\\\/www.loopkinglaces.com\\\/fr\\\/#organization\",\"name\":\"Loop King Laces\",\"url\":\"https:\\\/\\\/www.loopkinglaces.com\\\/fr\\\/\",\"logo\":{\"@type\":\"ImageObject\",\"inLanguage\":\"fr-FR\",\"@id\":\"https:\\\/\\\/www.loopkinglaces.com\\\/fr\\\/#\\\/schema\\\/logo\\\/image\\\/\",\"url\":\"https:\\\/\\\/www.loopkinglaces.com\\\/wp-content\\\/uploads\\\/LOOP-KING-LACES.1.1-01-LOGO-HI-RES-OFFICIAL-1.png\",\"contentUrl\":\"https:\\\/\\\/www.loopkinglaces.com\\\/wp-content\\\/uploads\\\/LOOP-KING-LACES.1.1-01-LOGO-HI-RES-OFFICIAL-1.png\",\"width\":128,\"height\":91,\"caption\":\"Loop King Laces\"},\"image\":{\"@id\":\"https:\\\/\\\/www.loopkinglaces.com\\\/fr\\\/#\\\/schema\\\/logo\\\/image\\\/\"},\"sameAs\":[\"https:\\\/\\\/www.facebook.com\\\/LoopKingLaces\\\/\",\"https:\\\/\\\/x.com\\\/loopkinglaces\",\"https:\\\/\\\/www.instagram.com\\\/loopkinglaces\\\/\"]}]}<\/script>\n<!-- \/ Yoast SEO plugin. -->","yoast_head_json":{"title":"Des lacets en velours lisse pour ajouter de la sophistication \u00e0 tes chaussures","description":"Tu veux un moyen infaillible de donner \u00e0 n'importe quelle paire de chaussures l'air d'un million de dollars ? Il suffit d'ajouter nos lacets en velours \u00e0 tes chaussures et le tour est jou\u00e9.","robots":{"index":"index","follow":"follow","max-snippet":"max-snippet:-1","max-image-preview":"max-image-preview:large","max-video-preview":"max-video-preview:-1"},"canonical":"https:\/\/www.loopkinglaces.com\/fr\/products\/les-lacets-en-velours-pour-ajouter-du-luxe-a-nimporte-quelle-paire-de-chaussures\/","og_locale":"fr_FR","og_type":"article","og_title":"Des lacets en velours lisse pour ajouter de la sophistication \u00e0 tes chaussures","og_description":"Tu veux un moyen infaillible de donner \u00e0 n'importe quelle paire de chaussures l'air d'un million de dollars ? Il suffit d'ajouter nos lacets en velours \u00e0 tes chaussures et le tour est jou\u00e9.","og_url":"https:\/\/www.loopkinglaces.com\/fr\/products\/les-lacets-en-velours-pour-ajouter-du-luxe-a-nimporte-quelle-paire-de-chaussures\/","og_site_name":"Luxury Gold Tip Shoelaces by Loop King Laces","article_publisher":"https:\/\/www.facebook.com\/LoopKingLaces\/","og_image":[{"width":1600,"height":1466,"url":"https:\/\/www.loopkinglaces.com\/wp-content\/uploads\/0730A-34-scaled.jpg","type":"image\/jpeg"}],"twitter_card":"summary_large_image","twitter_site":"@loopkinglaces","twitter_misc":{"Dur\u00e9e de lecture estim\u00e9e":"1 minute"},"schema":{"@context":"https:\/\/schema.org","@graph":[{"@type":["WebPage","ItemPage"],"@id":"https:\/\/www.loopkinglaces.com\/fr\/products\/les-lacets-en-velours-pour-ajouter-du-luxe-a-nimporte-quelle-paire-de-chaussures\/","url":"https:\/\/www.loopkinglaces.com\/fr\/products\/les-lacets-en-velours-pour-ajouter-du-luxe-a-nimporte-quelle-paire-de-chaussures\/","name":"Des lacets en velours lisse pour ajouter de la sophistication \u00e0 tes chaussures","isPartOf":{"@id":"https:\/\/www.loopkinglaces.com\/fr\/#website"},"primaryImageOfPage":{"@id":"https:\/\/www.loopkinglaces.com\/fr\/products\/les-lacets-en-velours-pour-ajouter-du-luxe-a-nimporte-quelle-paire-de-chaussures\/#primaryimage"},"image":{"@id":"https:\/\/www.loopkinglaces.com\/fr\/products\/les-lacets-en-velours-pour-ajouter-du-luxe-a-nimporte-quelle-paire-de-chaussures\/#primaryimage"},"thumbnailUrl":"https:\/\/www.loopkinglaces.com\/wp-content\/uploads\/0730A-34-scaled.jpg","datePublished":"2022-08-25T17:37:26+00:00","description":"Tu veux un moyen infaillible de donner \u00e0 n'importe quelle paire de chaussures l'air d'un million de dollars ? Il suffit d'ajouter nos lacets en velours \u00e0 tes chaussures et le tour est jou\u00e9.","breadcrumb":{"@id":"https:\/\/www.loopkinglaces.com\/fr\/products\/les-lacets-en-velours-pour-ajouter-du-luxe-a-nimporte-quelle-paire-de-chaussures\/#breadcrumb"},"inLanguage":"fr-FR","potentialAction":[{"@type":"ReadAction","target":["https:\/\/www.loopkinglaces.com\/fr\/products\/les-lacets-en-velours-pour-ajouter-du-luxe-a-nimporte-quelle-paire-de-chaussures\/"]}]},{"@type":"ImageObject","inLanguage":"fr-FR","@id":"https:\/\/www.loopkinglaces.com\/fr\/products\/les-lacets-en-velours-pour-ajouter-du-luxe-a-nimporte-quelle-paire-de-chaussures\/#primaryimage","url":"https:\/\/www.loopkinglaces.com\/wp-content\/uploads\/0730A-34-scaled.jpg","contentUrl":"https:\/\/www.loopkinglaces.com\/wp-content\/uploads\/0730A-34-scaled.jpg","width":1600,"height":1466},{"@type":"BreadcrumbList","@id":"https:\/\/www.loopkinglaces.com\/fr\/products\/les-lacets-en-velours-pour-ajouter-du-luxe-a-nimporte-quelle-paire-de-chaussures\/#breadcrumb","itemListElement":[{"@type":"ListItem","position":1,"name":"Home","item":"https:\/\/www.loopkinglaces.com\/fr\/"},{"@type":"ListItem","position":2,"name":"ACHETER DES LACES","item":"https:\/\/www.loopkinglaces.com\/fr\/acheter-des-laces\/"},{"@type":"ListItem","position":3,"name":"Les lacets en velours pour ajouter du luxe \u00e0 n&#8217;importe quelle paire de chaussures"}]},{"@type":"WebSite","@id":"https:\/\/www.loopkinglaces.com\/fr\/#website","url":"https:\/\/www.loopkinglaces.com\/fr\/","name":"Luxury Gold Tip Shoelaces by Loop King Laces","description":"Rope Laces, Flat Waxed Laces and Leather Laces. All With Gold Tips.","publisher":{"@id":"https:\/\/www.loopkinglaces.com\/fr\/#organization"},"potentialAction":[{"@type":"SearchAction","target":{"@type":"EntryPoint","urlTemplate":"https:\/\/www.loopkinglaces.com\/fr\/?s={search_term_string}"},"query-input":{"@type":"PropertyValueSpecification","valueRequired":true,"valueName":"search_term_string"}}],"inLanguage":"fr-FR"},{"@type":"Organization","@id":"https:\/\/www.loopkinglaces.com\/fr\/#organization","name":"Loop King Laces","url":"https:\/\/www.loopkinglaces.com\/fr\/","logo":{"@type":"ImageObject","inLanguage":"fr-FR","@id":"https:\/\/www.loopkinglaces.com\/fr\/#\/schema\/logo\/image\/","url":"https:\/\/www.loopkinglaces.com\/wp-content\/uploads\/LOOP-KING-LACES.1.1-01-LOGO-HI-RES-OFFICIAL-1.png","contentUrl":"https:\/\/www.loopkinglaces.com\/wp-content\/uploads\/LOOP-KING-LACES.1.1-01-LOGO-HI-RES-OFFICIAL-1.png","width":128,"height":91,"caption":"Loop King Laces"},"image":{"@id":"https:\/\/www.loopkinglaces.com\/fr\/#\/schema\/logo\/image\/"},"sameAs":["https:\/\/www.facebook.com\/LoopKingLaces\/","https:\/\/x.com\/loopkinglaces","https:\/\/www.instagram.com\/loopkinglaces\/"]}]}},"_links":{"self":[{"href":"https:\/\/www.loopkinglaces.com\/fr\/wp-json\/wp\/v2\/product\/73400","targetHints":{"allow":["GET"]}}],"collection":[{"href":"https:\/\/www.loopkinglaces.com\/fr\/wp-json\/wp\/v2\/product"}],"about":[{"href":"https:\/\/www.loopkinglaces.com\/fr\/wp-json\/wp\/v2\/types\/product"}],"replies":[{"embeddable":true,"href":"https:\/\/www.loopkinglaces.com\/fr\/wp-json\/wp\/v2\/comments?post=73400"}],"wp:featuredmedia":[{"embeddable":true,"href":"https:\/\/www.loopkinglaces.com\/fr\/wp-json\/wp\/v2\/media\/73414"}],"wp:attachment":[{"href":"https:\/\/www.loopkinglaces.com\/fr\/wp-json\/wp\/v2\/media?parent=73400"}],"wp:term":[{"taxonomy":"product_brand","embeddable":true,"href":"https:\/\/www.loopkinglaces.com\/fr\/wp-json\/wp\/v2\/product_brand?post=73400"},{"taxonomy":"product_cat","embeddable":true,"href":"https:\/\/www.loopkinglaces.com\/fr\/wp-json\/wp\/v2\/product_cat?post=73400"},{"taxonomy":"product_tag","embeddable":true,"href":"https:\/\/www.loopkinglaces.com\/fr\/wp-json\/wp\/v2\/product_tag?post=73400"},{"taxonomy":"woo-feed-brand","embeddable":true,"href":"https:\/\/www.loopkinglaces.com\/fr\/wp-json\/wp\/v2\/woo-feed-brand?post=73400"}],"curies":[{"name":"wp","href":"https:\/\/api.w.org\/{rel}","templated":true}]}}