{"id":73385,"date":"2022-08-25T17:37:52","date_gmt":"2022-08-25T17:37:52","guid":{"rendered":"https:\/\/www.loopkinglaces.com\/products\/lacets-de-chaussures-plates-cirees-bourgogne-avec-aglets-dores\/"},"modified":"2022-08-25T17:37:52","modified_gmt":"2022-08-25T17:37:52","slug":"lacets-de-chaussures-plates-cirees-bourgogne-avec-aglets-dores","status":"publish","type":"product","link":"https:\/\/www.loopkinglaces.com\/fr\/products\/lacets-de-chaussures-plates-cirees-bourgogne-avec-aglets-dores\/","title":{"rendered":"Lacets de chaussures plates cir\u00e9es bourgogne avec aglets dor\u00e9s"},"content":{"rendered":"<h3><a href=\"https:\/\/www.loopkinglaces.com\/\">Lacets de luxe pour baskets<\/a><\/h3>\n<p>  Loop King Laces ne propose que des lacets de luxe de la plus haute qualit\u00e9.<br \/>\nNos lacets plats cir\u00e9s sont dot\u00e9s d&#8217;embouts m\u00e9talliques gaufr\u00e9s portant l&#8217;inscription LOOP KING et notre couronne symbolique.<br \/>\nChaque lacet plat cir\u00e9 est fabriqu\u00e9 \u00e0 partir d&#8217;une cire de premi\u00e8re qualit\u00e9 et d&#8217;une couche de coton de premi\u00e8re qualit\u00e9 pour emp\u00eacher le lacet de s&#8217;effilocher de fa\u00e7on inattendue et pour augmenter sa dur\u00e9e de vie de plus du triple d&#8217;un lacet de qualit\u00e9 normale.<br \/>\nNos lacets s&#8217;adaptent \u00e0 tous les types de baskets et \u00e0 toutes les marques, y compris Adidas, Nike, VANS et ainsi de suite, visite notre <a href=\"\/shoelace-size-chart\/\">guide des tailles<\/a> o\u00f9 tu pourras trouver la taille de lacets parfaite pour tes chaussures.   <\/p>\n","protected":false},"excerpt":{"rendered":"<p><span style=\"font-weight: 400;\">Nos lacets de luxe plats et cir\u00e9s en bourgogne sont dot\u00e9s d&#8217;aglets dor\u00e9s en relief (pointes).<br \/>\nTous nos lacets de luxe sont fabriqu\u00e9s avec des mat\u00e9riaux de premi\u00e8re qualit\u00e9 et des pointes en m\u00e9tal de la plus haute qualit\u00e9.<br \/>\nNos lacets plats cir\u00e9s sont con\u00e7us pour durer trois fois plus longtemps que les lacets de qualit\u00e9 ordinaire.   Regarde nos caract\u00e9ristiques compl\u00e8tes ci-dessous :<\/span><\/p>\n<ul>\n<li style=\"font-weight: 400;\" aria-level=\"1\"><span style=\"font-weight: 400;\">Largeur de 6 mm (plat)<\/span><\/li>\n<li style=\"font-weight: 400;\" aria-level=\"1\"><span style=\"font-weight: 400;\">Premium Waxed<\/span><\/li>\n<li style=\"font-weight: 400;\" aria-level=\"1\"><span style=\"font-weight: 400;\">Dur\u00e9e de vie 3 fois plus longue que les lacets ordinaires<\/span><\/li>\n<li style=\"font-weight: 400;\" aria-level=\"1\"><span style=\"font-weight: 400;\">Aglette d&#8217;or du roi des boucles<\/span><\/li>\n<li style=\"font-weight: 400;\" aria-level=\"1\"><span style=\"font-weight: 400;\">Un bel emballage<\/span><\/li>\n<\/ul>\n","protected":false},"featured_media":73401,"comment_status":"open","ping_status":"closed","template":"","meta":{"_acf_changed":false},"product_brand":[],"product_cat":[1710,1652,1299,1242,1185,1672,1245,1715,1216,1653,1671,1384,1068,947],"product_tag":[],"woo-feed-brand":[],"class_list":{"0":"post-73385","1":"product","2":"type-product","3":"status-publish","4":"has-post-thumbnail","6":"product_cat-collection-de-lacets-cires-de-luxe","7":"product_cat-comment-lacer-la-air-max-97-guide-des-tailles-et-options-de-lacet","8":"product_cat-des-lacets-de-chaussures-bourguignons-etonnants-qui-rehausseront-toute-ta-tenue","9":"product_cat-lacage-de-luxe-le-guide-ultime-des-lacets-de-bottes-de-84-pouces","10":"product_cat-lacets-a-pointe-dor","11":"product_cat-lacets-columbia-lier-le-style-et-la-fonction","12":"product_cat-lacets-de-80-pouces-le-secret-des-pas-elegants","13":"product_cat-lacets-de-chaussures-de-bateau-tout-est-dans-les-details","14":"product_cat-lacets-ecco-une-finition-parfaite-pour-tes-chaussures-de-prestige","15":"product_cat-lacets-lebron-11","16":"product_cat-le-jordan-1-vert-pin-a-lacets-rouges-pour-sortir-du-lot","17":"product_cat-les-styles-phenomenaux-de-lacets-yeezy-a-choisir","18":"product_cat-magnifiques-lacets-air-max-270-qui-sadaptent-parfaitement-et-durent-longtemps","19":"product_cat-tous-les-lacets","21":"first","22":"instock","23":"taxable","24":"shipping-taxable","25":"product-type-variable"},"acf":[],"yoast_head":"<!-- This site is optimized with the Yoast SEO plugin v27.4 - https:\/\/yoast.com\/product\/yoast-seo-wordpress\/ -->\n<title>Lacets de chaussures plates cir\u00e9es bourgogne avec aglets dor\u00e9s<\/title>\n<meta name=\"description\" content=\"Nos lacets plats cir\u00e9s en bourgogne avec pointes dor\u00e9es sont les lacets plats de luxe de la plus haute qualit\u00e9 sur le march\u00e9. Chaque lacet est livr\u00e9 avec un embout en or gaufr\u00e9.\" \/>\n<meta name=\"robots\" content=\"index, follow, max-snippet:-1, max-image-preview:large, max-video-preview:-1\" \/>\n<link rel=\"canonical\" href=\"https:\/\/www.loopkinglaces.com\/fr\/products\/lacets-de-chaussures-plates-cirees-bourgogne-avec-aglets-dores\/\" \/>\n<meta property=\"og:locale\" content=\"fr_FR\" \/>\n<meta property=\"og:type\" content=\"article\" \/>\n<meta property=\"og:title\" content=\"Lacets de chaussures plates cir\u00e9es bourgogne avec aglets dor\u00e9s\" \/>\n<meta property=\"og:description\" content=\"Nos lacets plats cir\u00e9s en bourgogne avec pointes dor\u00e9es sont les lacets plats de luxe de la plus haute qualit\u00e9 sur le march\u00e9. Chaque lacet est livr\u00e9 avec un embout en or gaufr\u00e9.\" \/>\n<meta property=\"og:url\" content=\"https:\/\/www.loopkinglaces.com\/fr\/products\/lacets-de-chaussures-plates-cirees-bourgogne-avec-aglets-dores\/\" \/>\n<meta property=\"og:site_name\" content=\"Luxury Gold Tip Shoelaces by Loop King Laces\" \/>\n<meta property=\"article:publisher\" content=\"https:\/\/www.facebook.com\/LoopKingLaces\/\" \/>\n<meta property=\"og:image\" content=\"https:\/\/www.loopkinglaces.com\/wp-content\/uploads\/0803A-33-scaled.jpg\" \/>\n\t<meta property=\"og:image:width\" content=\"1600\" \/>\n\t<meta property=\"og:image:height\" content=\"1414\" \/>\n\t<meta property=\"og:image:type\" content=\"image\/jpeg\" \/>\n<meta name=\"twitter:card\" content=\"summary_large_image\" \/>\n<meta name=\"twitter:site\" content=\"@loopkinglaces\" \/>\n<meta name=\"twitter:label1\" content=\"Dur\u00e9e de lecture estim\u00e9e\" \/>\n\t<meta name=\"twitter:data1\" content=\"1 minute\" \/>\n<script type=\"application\/ld+json\" class=\"yoast-schema-graph\">{\"@context\":\"https:\\\/\\\/schema.org\",\"@graph\":[{\"@type\":[\"WebPage\",\"ItemPage\"],\"@id\":\"https:\\\/\\\/www.loopkinglaces.com\\\/fr\\\/products\\\/lacets-de-chaussures-plates-cirees-bourgogne-avec-aglets-dores\\\/\",\"url\":\"https:\\\/\\\/www.loopkinglaces.com\\\/fr\\\/products\\\/lacets-de-chaussures-plates-cirees-bourgogne-avec-aglets-dores\\\/\",\"name\":\"Lacets de chaussures plates cir\u00e9es bourgogne avec aglets dor\u00e9s\",\"isPartOf\":{\"@id\":\"https:\\\/\\\/www.loopkinglaces.com\\\/fr\\\/#website\"},\"primaryImageOfPage\":{\"@id\":\"https:\\\/\\\/www.loopkinglaces.com\\\/fr\\\/products\\\/lacets-de-chaussures-plates-cirees-bourgogne-avec-aglets-dores\\\/#primaryimage\"},\"image\":{\"@id\":\"https:\\\/\\\/www.loopkinglaces.com\\\/fr\\\/products\\\/lacets-de-chaussures-plates-cirees-bourgogne-avec-aglets-dores\\\/#primaryimage\"},\"thumbnailUrl\":\"https:\\\/\\\/www.loopkinglaces.com\\\/wp-content\\\/uploads\\\/0803A-33-scaled.jpg\",\"datePublished\":\"2022-08-25T17:37:52+00:00\",\"description\":\"Nos lacets plats cir\u00e9s en bourgogne avec pointes dor\u00e9es sont les lacets plats de luxe de la plus haute qualit\u00e9 sur le march\u00e9. Chaque lacet est livr\u00e9 avec un embout en or gaufr\u00e9.\",\"breadcrumb\":{\"@id\":\"https:\\\/\\\/www.loopkinglaces.com\\\/fr\\\/products\\\/lacets-de-chaussures-plates-cirees-bourgogne-avec-aglets-dores\\\/#breadcrumb\"},\"inLanguage\":\"fr-FR\",\"potentialAction\":[{\"@type\":\"ReadAction\",\"target\":[\"https:\\\/\\\/www.loopkinglaces.com\\\/fr\\\/products\\\/lacets-de-chaussures-plates-cirees-bourgogne-avec-aglets-dores\\\/\"]}]},{\"@type\":\"ImageObject\",\"inLanguage\":\"fr-FR\",\"@id\":\"https:\\\/\\\/www.loopkinglaces.com\\\/fr\\\/products\\\/lacets-de-chaussures-plates-cirees-bourgogne-avec-aglets-dores\\\/#primaryimage\",\"url\":\"https:\\\/\\\/www.loopkinglaces.com\\\/wp-content\\\/uploads\\\/0803A-33-scaled.jpg\",\"contentUrl\":\"https:\\\/\\\/www.loopkinglaces.com\\\/wp-content\\\/uploads\\\/0803A-33-scaled.jpg\",\"width\":1600,\"height\":1414},{\"@type\":\"BreadcrumbList\",\"@id\":\"https:\\\/\\\/www.loopkinglaces.com\\\/fr\\\/products\\\/lacets-de-chaussures-plates-cirees-bourgogne-avec-aglets-dores\\\/#breadcrumb\",\"itemListElement\":[{\"@type\":\"ListItem\",\"position\":1,\"name\":\"Home\",\"item\":\"https:\\\/\\\/www.loopkinglaces.com\\\/fr\\\/\"},{\"@type\":\"ListItem\",\"position\":2,\"name\":\"ACHETER DES LACES\",\"item\":\"https:\\\/\\\/www.loopkinglaces.com\\\/fr\\\/acheter-des-laces\\\/\"},{\"@type\":\"ListItem\",\"position\":3,\"name\":\"Lacets de chaussures plates cir\u00e9es bourgogne avec aglets dor\u00e9s\"}]},{\"@type\":\"WebSite\",\"@id\":\"https:\\\/\\\/www.loopkinglaces.com\\\/fr\\\/#website\",\"url\":\"https:\\\/\\\/www.loopkinglaces.com\\\/fr\\\/\",\"name\":\"Luxury Gold Tip Shoelaces by Loop King Laces\",\"description\":\"Rope Laces, Flat Waxed Laces and Leather Laces. All With Gold Tips.\",\"publisher\":{\"@id\":\"https:\\\/\\\/www.loopkinglaces.com\\\/fr\\\/#organization\"},\"potentialAction\":[{\"@type\":\"SearchAction\",\"target\":{\"@type\":\"EntryPoint\",\"urlTemplate\":\"https:\\\/\\\/www.loopkinglaces.com\\\/fr\\\/?s={search_term_string}\"},\"query-input\":{\"@type\":\"PropertyValueSpecification\",\"valueRequired\":true,\"valueName\":\"search_term_string\"}}],\"inLanguage\":\"fr-FR\"},{\"@type\":\"Organization\",\"@id\":\"https:\\\/\\\/www.loopkinglaces.com\\\/fr\\\/#organization\",\"name\":\"Loop King Laces\",\"url\":\"https:\\\/\\\/www.loopkinglaces.com\\\/fr\\\/\",\"logo\":{\"@type\":\"ImageObject\",\"inLanguage\":\"fr-FR\",\"@id\":\"https:\\\/\\\/www.loopkinglaces.com\\\/fr\\\/#\\\/schema\\\/logo\\\/image\\\/\",\"url\":\"https:\\\/\\\/www.loopkinglaces.com\\\/wp-content\\\/uploads\\\/LOOP-KING-LACES.1.1-01-LOGO-HI-RES-OFFICIAL-1.png\",\"contentUrl\":\"https:\\\/\\\/www.loopkinglaces.com\\\/wp-content\\\/uploads\\\/LOOP-KING-LACES.1.1-01-LOGO-HI-RES-OFFICIAL-1.png\",\"width\":128,\"height\":91,\"caption\":\"Loop King Laces\"},\"image\":{\"@id\":\"https:\\\/\\\/www.loopkinglaces.com\\\/fr\\\/#\\\/schema\\\/logo\\\/image\\\/\"},\"sameAs\":[\"https:\\\/\\\/www.facebook.com\\\/LoopKingLaces\\\/\",\"https:\\\/\\\/x.com\\\/loopkinglaces\",\"https:\\\/\\\/www.instagram.com\\\/loopkinglaces\\\/\"]}]}<\/script>\n<!-- \/ Yoast SEO plugin. -->","yoast_head_json":{"title":"Lacets de chaussures plates cir\u00e9es bourgogne avec aglets dor\u00e9s","description":"Nos lacets plats cir\u00e9s en bourgogne avec pointes dor\u00e9es sont les lacets plats de luxe de la plus haute qualit\u00e9 sur le march\u00e9. Chaque lacet est livr\u00e9 avec un embout en or gaufr\u00e9.","robots":{"index":"index","follow":"follow","max-snippet":"max-snippet:-1","max-image-preview":"max-image-preview:large","max-video-preview":"max-video-preview:-1"},"canonical":"https:\/\/www.loopkinglaces.com\/fr\/products\/lacets-de-chaussures-plates-cirees-bourgogne-avec-aglets-dores\/","og_locale":"fr_FR","og_type":"article","og_title":"Lacets de chaussures plates cir\u00e9es bourgogne avec aglets dor\u00e9s","og_description":"Nos lacets plats cir\u00e9s en bourgogne avec pointes dor\u00e9es sont les lacets plats de luxe de la plus haute qualit\u00e9 sur le march\u00e9. Chaque lacet est livr\u00e9 avec un embout en or gaufr\u00e9.","og_url":"https:\/\/www.loopkinglaces.com\/fr\/products\/lacets-de-chaussures-plates-cirees-bourgogne-avec-aglets-dores\/","og_site_name":"Luxury Gold Tip Shoelaces by Loop King Laces","article_publisher":"https:\/\/www.facebook.com\/LoopKingLaces\/","og_image":[{"width":1600,"height":1414,"url":"https:\/\/www.loopkinglaces.com\/wp-content\/uploads\/0803A-33-scaled.jpg","type":"image\/jpeg"}],"twitter_card":"summary_large_image","twitter_site":"@loopkinglaces","twitter_misc":{"Dur\u00e9e de lecture estim\u00e9e":"1 minute"},"schema":{"@context":"https:\/\/schema.org","@graph":[{"@type":["WebPage","ItemPage"],"@id":"https:\/\/www.loopkinglaces.com\/fr\/products\/lacets-de-chaussures-plates-cirees-bourgogne-avec-aglets-dores\/","url":"https:\/\/www.loopkinglaces.com\/fr\/products\/lacets-de-chaussures-plates-cirees-bourgogne-avec-aglets-dores\/","name":"Lacets de chaussures plates cir\u00e9es bourgogne avec aglets dor\u00e9s","isPartOf":{"@id":"https:\/\/www.loopkinglaces.com\/fr\/#website"},"primaryImageOfPage":{"@id":"https:\/\/www.loopkinglaces.com\/fr\/products\/lacets-de-chaussures-plates-cirees-bourgogne-avec-aglets-dores\/#primaryimage"},"image":{"@id":"https:\/\/www.loopkinglaces.com\/fr\/products\/lacets-de-chaussures-plates-cirees-bourgogne-avec-aglets-dores\/#primaryimage"},"thumbnailUrl":"https:\/\/www.loopkinglaces.com\/wp-content\/uploads\/0803A-33-scaled.jpg","datePublished":"2022-08-25T17:37:52+00:00","description":"Nos lacets plats cir\u00e9s en bourgogne avec pointes dor\u00e9es sont les lacets plats de luxe de la plus haute qualit\u00e9 sur le march\u00e9. Chaque lacet est livr\u00e9 avec un embout en or gaufr\u00e9.","breadcrumb":{"@id":"https:\/\/www.loopkinglaces.com\/fr\/products\/lacets-de-chaussures-plates-cirees-bourgogne-avec-aglets-dores\/#breadcrumb"},"inLanguage":"fr-FR","potentialAction":[{"@type":"ReadAction","target":["https:\/\/www.loopkinglaces.com\/fr\/products\/lacets-de-chaussures-plates-cirees-bourgogne-avec-aglets-dores\/"]}]},{"@type":"ImageObject","inLanguage":"fr-FR","@id":"https:\/\/www.loopkinglaces.com\/fr\/products\/lacets-de-chaussures-plates-cirees-bourgogne-avec-aglets-dores\/#primaryimage","url":"https:\/\/www.loopkinglaces.com\/wp-content\/uploads\/0803A-33-scaled.jpg","contentUrl":"https:\/\/www.loopkinglaces.com\/wp-content\/uploads\/0803A-33-scaled.jpg","width":1600,"height":1414},{"@type":"BreadcrumbList","@id":"https:\/\/www.loopkinglaces.com\/fr\/products\/lacets-de-chaussures-plates-cirees-bourgogne-avec-aglets-dores\/#breadcrumb","itemListElement":[{"@type":"ListItem","position":1,"name":"Home","item":"https:\/\/www.loopkinglaces.com\/fr\/"},{"@type":"ListItem","position":2,"name":"ACHETER DES LACES","item":"https:\/\/www.loopkinglaces.com\/fr\/acheter-des-laces\/"},{"@type":"ListItem","position":3,"name":"Lacets de chaussures plates cir\u00e9es bourgogne avec aglets dor\u00e9s"}]},{"@type":"WebSite","@id":"https:\/\/www.loopkinglaces.com\/fr\/#website","url":"https:\/\/www.loopkinglaces.com\/fr\/","name":"Luxury Gold Tip Shoelaces by Loop King Laces","description":"Rope Laces, Flat Waxed Laces and Leather Laces. All With Gold Tips.","publisher":{"@id":"https:\/\/www.loopkinglaces.com\/fr\/#organization"},"potentialAction":[{"@type":"SearchAction","target":{"@type":"EntryPoint","urlTemplate":"https:\/\/www.loopkinglaces.com\/fr\/?s={search_term_string}"},"query-input":{"@type":"PropertyValueSpecification","valueRequired":true,"valueName":"search_term_string"}}],"inLanguage":"fr-FR"},{"@type":"Organization","@id":"https:\/\/www.loopkinglaces.com\/fr\/#organization","name":"Loop King Laces","url":"https:\/\/www.loopkinglaces.com\/fr\/","logo":{"@type":"ImageObject","inLanguage":"fr-FR","@id":"https:\/\/www.loopkinglaces.com\/fr\/#\/schema\/logo\/image\/","url":"https:\/\/www.loopkinglaces.com\/wp-content\/uploads\/LOOP-KING-LACES.1.1-01-LOGO-HI-RES-OFFICIAL-1.png","contentUrl":"https:\/\/www.loopkinglaces.com\/wp-content\/uploads\/LOOP-KING-LACES.1.1-01-LOGO-HI-RES-OFFICIAL-1.png","width":128,"height":91,"caption":"Loop King Laces"},"image":{"@id":"https:\/\/www.loopkinglaces.com\/fr\/#\/schema\/logo\/image\/"},"sameAs":["https:\/\/www.facebook.com\/LoopKingLaces\/","https:\/\/x.com\/loopkinglaces","https:\/\/www.instagram.com\/loopkinglaces\/"]}]}},"_links":{"self":[{"href":"https:\/\/www.loopkinglaces.com\/fr\/wp-json\/wp\/v2\/product\/73385","targetHints":{"allow":["GET"]}}],"collection":[{"href":"https:\/\/www.loopkinglaces.com\/fr\/wp-json\/wp\/v2\/product"}],"about":[{"href":"https:\/\/www.loopkinglaces.com\/fr\/wp-json\/wp\/v2\/types\/product"}],"replies":[{"embeddable":true,"href":"https:\/\/www.loopkinglaces.com\/fr\/wp-json\/wp\/v2\/comments?post=73385"}],"wp:featuredmedia":[{"embeddable":true,"href":"https:\/\/www.loopkinglaces.com\/fr\/wp-json\/wp\/v2\/media\/73401"}],"wp:attachment":[{"href":"https:\/\/www.loopkinglaces.com\/fr\/wp-json\/wp\/v2\/media?parent=73385"}],"wp:term":[{"taxonomy":"product_brand","embeddable":true,"href":"https:\/\/www.loopkinglaces.com\/fr\/wp-json\/wp\/v2\/product_brand?post=73385"},{"taxonomy":"product_cat","embeddable":true,"href":"https:\/\/www.loopkinglaces.com\/fr\/wp-json\/wp\/v2\/product_cat?post=73385"},{"taxonomy":"product_tag","embeddable":true,"href":"https:\/\/www.loopkinglaces.com\/fr\/wp-json\/wp\/v2\/product_tag?post=73385"},{"taxonomy":"woo-feed-brand","embeddable":true,"href":"https:\/\/www.loopkinglaces.com\/fr\/wp-json\/wp\/v2\/woo-feed-brand?post=73385"}],"curies":[{"name":"wp","href":"https:\/\/api.w.org\/{rel}","templated":true}]}}