{"id":73291,"date":"2022-08-25T17:37:05","date_gmt":"2022-08-25T17:37:05","guid":{"rendered":"https:\/\/www.loopkinglaces.com\/products\/lacets-de-chaussures-plats-en-coton-phosphorescent-avec-aglets-dores\/"},"modified":"2022-08-25T17:37:05","modified_gmt":"2022-08-25T17:37:05","slug":"lacets-de-chaussures-plats-en-coton-phosphorescent-avec-aglets-dores","status":"publish","type":"product","link":"https:\/\/www.loopkinglaces.com\/fr\/products\/lacets-de-chaussures-plats-en-coton-phosphorescent-avec-aglets-dores\/","title":{"rendered":"Lacets de chaussures plats en coton phosphorescent avec aglets dor\u00e9s"},"content":{"rendered":"<h3><a href=\"https:\/\/www.loopkinglaces.com\/\">Lacets de luxe pour baskets<\/a><\/h3>\n<p>  Loop King Laces ne fournit que des lacets de chaussures de luxe de la plus haute qualit\u00e9.<br \/>\nNos lacets plats en coton sont dot\u00e9s de pointes en m\u00e9tal gaufr\u00e9 sur lesquelles figurent LOOP KING et notre couronne symbolique.<br \/>\nChaque lacet plat en coton est fabriqu\u00e9 \u00e0 partir de coton de premi\u00e8re qualit\u00e9 pour emp\u00eacher le lacet de s&#8217;effilocher inopin\u00e9ment et pour augmenter la dur\u00e9e de vie du lacet, qui est plus de trois fois sup\u00e9rieure \u00e0 celle d&#8217;un lacet de qualit\u00e9 normale.<br \/>\nNos lacets s&#8217;adaptent \u00e0 tous les types de baskets et \u00e0 toutes les marques, y compris Adidas, Nike, VANS et ainsi de suite, visite notre <a href=\"\/shoelace-size-chart\/\">guide des tailles<\/a> o\u00f9 tu pourras trouver la taille de lacets parfaite pour tes chaussures.   <\/p>\n","protected":false},"excerpt":{"rendered":"<p><span style=\"font-weight: 400;\">Nos lacets de luxe en coton plat phosphorescent sont dot\u00e9s d&#8217;aglets dor\u00e9s en relief (pointes).<br \/>\nTous nos lacets de luxe sont fabriqu\u00e9s avec des mat\u00e9riaux de premi\u00e8re qualit\u00e9 et des pointes en m\u00e9tal de la plus haute qualit\u00e9.<br \/>\nNos lacets plats en coton sont con\u00e7us pour durer trois fois plus longtemps que les lacets de qualit\u00e9 ordinaire.   Regarde nos caract\u00e9ristiques compl\u00e8tes ci-dessous :<\/span><\/p>\n<ul>\n<li style=\"font-weight: 400;\" aria-level=\"1\"><span style=\"font-weight: 400;\">Largeur de 6 mm (plat)<\/span><\/li>\n<li style=\"font-weight: 400;\" aria-level=\"1\"><span style=\"font-weight: 400;\">Coton de qualit\u00e9 sup\u00e9rieure<\/span><\/li>\n<li style=\"font-weight: 400;\" aria-level=\"1\"><span style=\"font-weight: 400;\">Blanc le jour, vert la nuit (ou dans l&#8217;obscurit\u00e9)<\/span><\/li>\n<li style=\"font-weight: 400;\" aria-level=\"1\"><span style=\"font-weight: 400;\">Dur\u00e9e de vie 3 fois plus longue que les lacets ordinaires<\/span><\/li>\n<li style=\"font-weight: 400;\" aria-level=\"1\"><span style=\"font-weight: 400;\">Aglette d&#8217;or du roi des boucles<\/span><\/li>\n<li style=\"font-weight: 400;\" aria-level=\"1\"><span style=\"font-weight: 400;\">Un bel emballage<\/span><\/li>\n<\/ul>\n","protected":false},"featured_media":73309,"comment_status":"open","ping_status":"closed","template":"","meta":{"_acf_changed":false},"product_brand":[],"product_cat":[1210,1292,1185,1353,1714,1407,1795,1406,947],"product_tag":[],"woo-feed-brand":[],"class_list":{"0":"post-73291","1":"product","2":"type-product","3":"status-publish","4":"has-post-thumbnail","6":"product_cat-des-lacets-de-bottes-robustes-qui-ont-lair-incroyables-et-qui-durent-longtemps","7":"product_cat-des-lacets-verts-de-qualite-superieure-pour-ameliorer-tes-chaussures","8":"product_cat-lacets-a-pointe-dor","9":"product_cat-lacets-colores-a-la-mode-pour-chaussures-de-sport","10":"product_cat-lacets-de-chaussures-plates-haut-de-gamme-pour-ajouter-une-touche-visuelle-a-tes-chaussures","11":"product_cat-lacets-nike-blancs-aussi-brillants-quune-etoile","12":"product_cat-lacets-phosphorescents-pour-samuser-et-rester-en-securite-la-nuit","13":"product_cat-selection-de-lacets-blancs-classiques-et-premium","14":"product_cat-tous-les-lacets","16":"first","17":"instock","18":"taxable","19":"shipping-taxable","20":"purchasable","21":"product-type-variable"},"acf":[],"yoast_head":"<!-- This site is optimized with the Yoast SEO plugin v27.4 - https:\/\/yoast.com\/product\/yoast-seo-wordpress\/ -->\n<title>Lacets plats cir\u00e9s phosphorescents avec agrafes dor\u00e9es<\/title>\n<meta name=\"description\" content=\"Nos lacets plats cir\u00e9s phosphorescents \u00e0 bouts dor\u00e9s sont les lacets plats de luxe de la plus haute qualit\u00e9 sur le march\u00e9. Chaque lacet est muni d&#039;un embout en or gaufr\u00e9.\" \/>\n<meta name=\"robots\" content=\"index, follow, max-snippet:-1, max-image-preview:large, max-video-preview:-1\" \/>\n<link rel=\"canonical\" href=\"https:\/\/www.loopkinglaces.com\/fr\/products\/lacets-de-chaussures-plats-en-coton-phosphorescent-avec-aglets-dores\/\" \/>\n<meta property=\"og:locale\" content=\"fr_FR\" \/>\n<meta property=\"og:type\" content=\"article\" \/>\n<meta property=\"og:title\" content=\"Lacets plats cir\u00e9s phosphorescents avec agrafes dor\u00e9es\" \/>\n<meta property=\"og:description\" content=\"Nos lacets plats cir\u00e9s phosphorescents \u00e0 bouts dor\u00e9s sont les lacets plats de luxe de la plus haute qualit\u00e9 sur le march\u00e9. Chaque lacet est muni d&#039;un embout en or gaufr\u00e9.\" \/>\n<meta property=\"og:url\" content=\"https:\/\/www.loopkinglaces.com\/fr\/products\/lacets-de-chaussures-plats-en-coton-phosphorescent-avec-aglets-dores\/\" \/>\n<meta property=\"og:site_name\" content=\"Luxury Gold Tip Shoelaces by Loop King Laces\" \/>\n<meta property=\"article:publisher\" content=\"https:\/\/www.facebook.com\/LoopKingLaces\/\" \/>\n<meta property=\"og:image\" content=\"https:\/\/www.loopkinglaces.com\/wp-content\/uploads\/glow-in-the-dark-1-scaled.jpg\" \/>\n\t<meta property=\"og:image:width\" content=\"1600\" \/>\n\t<meta property=\"og:image:height\" content=\"1600\" \/>\n\t<meta property=\"og:image:type\" content=\"image\/jpeg\" \/>\n<meta name=\"twitter:card\" content=\"summary_large_image\" \/>\n<meta name=\"twitter:site\" content=\"@loopkinglaces\" \/>\n<meta name=\"twitter:label1\" content=\"Dur\u00e9e de lecture estim\u00e9e\" \/>\n\t<meta name=\"twitter:data1\" content=\"1 minute\" \/>\n<script type=\"application\/ld+json\" class=\"yoast-schema-graph\">{\"@context\":\"https:\\\/\\\/schema.org\",\"@graph\":[{\"@type\":[\"WebPage\",\"ItemPage\"],\"@id\":\"https:\\\/\\\/www.loopkinglaces.com\\\/fr\\\/products\\\/lacets-de-chaussures-plats-en-coton-phosphorescent-avec-aglets-dores\\\/\",\"url\":\"https:\\\/\\\/www.loopkinglaces.com\\\/fr\\\/products\\\/lacets-de-chaussures-plats-en-coton-phosphorescent-avec-aglets-dores\\\/\",\"name\":\"Lacets plats cir\u00e9s phosphorescents avec agrafes dor\u00e9es\",\"isPartOf\":{\"@id\":\"https:\\\/\\\/www.loopkinglaces.com\\\/fr\\\/#website\"},\"primaryImageOfPage\":{\"@id\":\"https:\\\/\\\/www.loopkinglaces.com\\\/fr\\\/products\\\/lacets-de-chaussures-plats-en-coton-phosphorescent-avec-aglets-dores\\\/#primaryimage\"},\"image\":{\"@id\":\"https:\\\/\\\/www.loopkinglaces.com\\\/fr\\\/products\\\/lacets-de-chaussures-plats-en-coton-phosphorescent-avec-aglets-dores\\\/#primaryimage\"},\"thumbnailUrl\":\"https:\\\/\\\/www.loopkinglaces.com\\\/wp-content\\\/uploads\\\/glow-in-the-dark-1-scaled.jpg\",\"datePublished\":\"2022-08-25T17:37:05+00:00\",\"description\":\"Nos lacets plats cir\u00e9s phosphorescents \u00e0 bouts dor\u00e9s sont les lacets plats de luxe de la plus haute qualit\u00e9 sur le march\u00e9. Chaque lacet est muni d'un embout en or gaufr\u00e9.\",\"breadcrumb\":{\"@id\":\"https:\\\/\\\/www.loopkinglaces.com\\\/fr\\\/products\\\/lacets-de-chaussures-plats-en-coton-phosphorescent-avec-aglets-dores\\\/#breadcrumb\"},\"inLanguage\":\"fr-FR\",\"potentialAction\":[{\"@type\":\"ReadAction\",\"target\":[\"https:\\\/\\\/www.loopkinglaces.com\\\/fr\\\/products\\\/lacets-de-chaussures-plats-en-coton-phosphorescent-avec-aglets-dores\\\/\"]}]},{\"@type\":\"ImageObject\",\"inLanguage\":\"fr-FR\",\"@id\":\"https:\\\/\\\/www.loopkinglaces.com\\\/fr\\\/products\\\/lacets-de-chaussures-plats-en-coton-phosphorescent-avec-aglets-dores\\\/#primaryimage\",\"url\":\"https:\\\/\\\/www.loopkinglaces.com\\\/wp-content\\\/uploads\\\/glow-in-the-dark-1-scaled.jpg\",\"contentUrl\":\"https:\\\/\\\/www.loopkinglaces.com\\\/wp-content\\\/uploads\\\/glow-in-the-dark-1-scaled.jpg\",\"width\":1600,\"height\":1600},{\"@type\":\"BreadcrumbList\",\"@id\":\"https:\\\/\\\/www.loopkinglaces.com\\\/fr\\\/products\\\/lacets-de-chaussures-plats-en-coton-phosphorescent-avec-aglets-dores\\\/#breadcrumb\",\"itemListElement\":[{\"@type\":\"ListItem\",\"position\":1,\"name\":\"Home\",\"item\":\"https:\\\/\\\/www.loopkinglaces.com\\\/fr\\\/\"},{\"@type\":\"ListItem\",\"position\":2,\"name\":\"ACHETER DES LACES\",\"item\":\"https:\\\/\\\/www.loopkinglaces.com\\\/fr\\\/acheter-des-laces\\\/\"},{\"@type\":\"ListItem\",\"position\":3,\"name\":\"Lacets de chaussures plats en coton phosphorescent avec aglets dor\u00e9s\"}]},{\"@type\":\"WebSite\",\"@id\":\"https:\\\/\\\/www.loopkinglaces.com\\\/fr\\\/#website\",\"url\":\"https:\\\/\\\/www.loopkinglaces.com\\\/fr\\\/\",\"name\":\"Luxury Gold Tip Shoelaces by Loop King Laces\",\"description\":\"Rope Laces, Flat Waxed Laces and Leather Laces. All With Gold Tips.\",\"publisher\":{\"@id\":\"https:\\\/\\\/www.loopkinglaces.com\\\/fr\\\/#organization\"},\"potentialAction\":[{\"@type\":\"SearchAction\",\"target\":{\"@type\":\"EntryPoint\",\"urlTemplate\":\"https:\\\/\\\/www.loopkinglaces.com\\\/fr\\\/?s={search_term_string}\"},\"query-input\":{\"@type\":\"PropertyValueSpecification\",\"valueRequired\":true,\"valueName\":\"search_term_string\"}}],\"inLanguage\":\"fr-FR\"},{\"@type\":\"Organization\",\"@id\":\"https:\\\/\\\/www.loopkinglaces.com\\\/fr\\\/#organization\",\"name\":\"Loop King Laces\",\"url\":\"https:\\\/\\\/www.loopkinglaces.com\\\/fr\\\/\",\"logo\":{\"@type\":\"ImageObject\",\"inLanguage\":\"fr-FR\",\"@id\":\"https:\\\/\\\/www.loopkinglaces.com\\\/fr\\\/#\\\/schema\\\/logo\\\/image\\\/\",\"url\":\"https:\\\/\\\/www.loopkinglaces.com\\\/wp-content\\\/uploads\\\/LOOP-KING-LACES.1.1-01-LOGO-HI-RES-OFFICIAL-1.png\",\"contentUrl\":\"https:\\\/\\\/www.loopkinglaces.com\\\/wp-content\\\/uploads\\\/LOOP-KING-LACES.1.1-01-LOGO-HI-RES-OFFICIAL-1.png\",\"width\":128,\"height\":91,\"caption\":\"Loop King Laces\"},\"image\":{\"@id\":\"https:\\\/\\\/www.loopkinglaces.com\\\/fr\\\/#\\\/schema\\\/logo\\\/image\\\/\"},\"sameAs\":[\"https:\\\/\\\/www.facebook.com\\\/LoopKingLaces\\\/\",\"https:\\\/\\\/x.com\\\/loopkinglaces\",\"https:\\\/\\\/www.instagram.com\\\/loopkinglaces\\\/\"]}]}<\/script>\n<!-- \/ Yoast SEO plugin. -->","yoast_head_json":{"title":"Lacets plats cir\u00e9s phosphorescents avec agrafes dor\u00e9es","description":"Nos lacets plats cir\u00e9s phosphorescents \u00e0 bouts dor\u00e9s sont les lacets plats de luxe de la plus haute qualit\u00e9 sur le march\u00e9. Chaque lacet est muni d'un embout en or gaufr\u00e9.","robots":{"index":"index","follow":"follow","max-snippet":"max-snippet:-1","max-image-preview":"max-image-preview:large","max-video-preview":"max-video-preview:-1"},"canonical":"https:\/\/www.loopkinglaces.com\/fr\/products\/lacets-de-chaussures-plats-en-coton-phosphorescent-avec-aglets-dores\/","og_locale":"fr_FR","og_type":"article","og_title":"Lacets plats cir\u00e9s phosphorescents avec agrafes dor\u00e9es","og_description":"Nos lacets plats cir\u00e9s phosphorescents \u00e0 bouts dor\u00e9s sont les lacets plats de luxe de la plus haute qualit\u00e9 sur le march\u00e9. Chaque lacet est muni d'un embout en or gaufr\u00e9.","og_url":"https:\/\/www.loopkinglaces.com\/fr\/products\/lacets-de-chaussures-plats-en-coton-phosphorescent-avec-aglets-dores\/","og_site_name":"Luxury Gold Tip Shoelaces by Loop King Laces","article_publisher":"https:\/\/www.facebook.com\/LoopKingLaces\/","og_image":[{"width":1600,"height":1600,"url":"https:\/\/www.loopkinglaces.com\/wp-content\/uploads\/glow-in-the-dark-1-scaled.jpg","type":"image\/jpeg"}],"twitter_card":"summary_large_image","twitter_site":"@loopkinglaces","twitter_misc":{"Dur\u00e9e de lecture estim\u00e9e":"1 minute"},"schema":{"@context":"https:\/\/schema.org","@graph":[{"@type":["WebPage","ItemPage"],"@id":"https:\/\/www.loopkinglaces.com\/fr\/products\/lacets-de-chaussures-plats-en-coton-phosphorescent-avec-aglets-dores\/","url":"https:\/\/www.loopkinglaces.com\/fr\/products\/lacets-de-chaussures-plats-en-coton-phosphorescent-avec-aglets-dores\/","name":"Lacets plats cir\u00e9s phosphorescents avec agrafes dor\u00e9es","isPartOf":{"@id":"https:\/\/www.loopkinglaces.com\/fr\/#website"},"primaryImageOfPage":{"@id":"https:\/\/www.loopkinglaces.com\/fr\/products\/lacets-de-chaussures-plats-en-coton-phosphorescent-avec-aglets-dores\/#primaryimage"},"image":{"@id":"https:\/\/www.loopkinglaces.com\/fr\/products\/lacets-de-chaussures-plats-en-coton-phosphorescent-avec-aglets-dores\/#primaryimage"},"thumbnailUrl":"https:\/\/www.loopkinglaces.com\/wp-content\/uploads\/glow-in-the-dark-1-scaled.jpg","datePublished":"2022-08-25T17:37:05+00:00","description":"Nos lacets plats cir\u00e9s phosphorescents \u00e0 bouts dor\u00e9s sont les lacets plats de luxe de la plus haute qualit\u00e9 sur le march\u00e9. Chaque lacet est muni d'un embout en or gaufr\u00e9.","breadcrumb":{"@id":"https:\/\/www.loopkinglaces.com\/fr\/products\/lacets-de-chaussures-plats-en-coton-phosphorescent-avec-aglets-dores\/#breadcrumb"},"inLanguage":"fr-FR","potentialAction":[{"@type":"ReadAction","target":["https:\/\/www.loopkinglaces.com\/fr\/products\/lacets-de-chaussures-plats-en-coton-phosphorescent-avec-aglets-dores\/"]}]},{"@type":"ImageObject","inLanguage":"fr-FR","@id":"https:\/\/www.loopkinglaces.com\/fr\/products\/lacets-de-chaussures-plats-en-coton-phosphorescent-avec-aglets-dores\/#primaryimage","url":"https:\/\/www.loopkinglaces.com\/wp-content\/uploads\/glow-in-the-dark-1-scaled.jpg","contentUrl":"https:\/\/www.loopkinglaces.com\/wp-content\/uploads\/glow-in-the-dark-1-scaled.jpg","width":1600,"height":1600},{"@type":"BreadcrumbList","@id":"https:\/\/www.loopkinglaces.com\/fr\/products\/lacets-de-chaussures-plats-en-coton-phosphorescent-avec-aglets-dores\/#breadcrumb","itemListElement":[{"@type":"ListItem","position":1,"name":"Home","item":"https:\/\/www.loopkinglaces.com\/fr\/"},{"@type":"ListItem","position":2,"name":"ACHETER DES LACES","item":"https:\/\/www.loopkinglaces.com\/fr\/acheter-des-laces\/"},{"@type":"ListItem","position":3,"name":"Lacets de chaussures plats en coton phosphorescent avec aglets dor\u00e9s"}]},{"@type":"WebSite","@id":"https:\/\/www.loopkinglaces.com\/fr\/#website","url":"https:\/\/www.loopkinglaces.com\/fr\/","name":"Luxury Gold Tip Shoelaces by Loop King Laces","description":"Rope Laces, Flat Waxed Laces and Leather Laces. All With Gold Tips.","publisher":{"@id":"https:\/\/www.loopkinglaces.com\/fr\/#organization"},"potentialAction":[{"@type":"SearchAction","target":{"@type":"EntryPoint","urlTemplate":"https:\/\/www.loopkinglaces.com\/fr\/?s={search_term_string}"},"query-input":{"@type":"PropertyValueSpecification","valueRequired":true,"valueName":"search_term_string"}}],"inLanguage":"fr-FR"},{"@type":"Organization","@id":"https:\/\/www.loopkinglaces.com\/fr\/#organization","name":"Loop King Laces","url":"https:\/\/www.loopkinglaces.com\/fr\/","logo":{"@type":"ImageObject","inLanguage":"fr-FR","@id":"https:\/\/www.loopkinglaces.com\/fr\/#\/schema\/logo\/image\/","url":"https:\/\/www.loopkinglaces.com\/wp-content\/uploads\/LOOP-KING-LACES.1.1-01-LOGO-HI-RES-OFFICIAL-1.png","contentUrl":"https:\/\/www.loopkinglaces.com\/wp-content\/uploads\/LOOP-KING-LACES.1.1-01-LOGO-HI-RES-OFFICIAL-1.png","width":128,"height":91,"caption":"Loop King Laces"},"image":{"@id":"https:\/\/www.loopkinglaces.com\/fr\/#\/schema\/logo\/image\/"},"sameAs":["https:\/\/www.facebook.com\/LoopKingLaces\/","https:\/\/x.com\/loopkinglaces","https:\/\/www.instagram.com\/loopkinglaces\/"]}]}},"_links":{"self":[{"href":"https:\/\/www.loopkinglaces.com\/fr\/wp-json\/wp\/v2\/product\/73291","targetHints":{"allow":["GET"]}}],"collection":[{"href":"https:\/\/www.loopkinglaces.com\/fr\/wp-json\/wp\/v2\/product"}],"about":[{"href":"https:\/\/www.loopkinglaces.com\/fr\/wp-json\/wp\/v2\/types\/product"}],"replies":[{"embeddable":true,"href":"https:\/\/www.loopkinglaces.com\/fr\/wp-json\/wp\/v2\/comments?post=73291"}],"wp:featuredmedia":[{"embeddable":true,"href":"https:\/\/www.loopkinglaces.com\/fr\/wp-json\/wp\/v2\/media\/73309"}],"wp:attachment":[{"href":"https:\/\/www.loopkinglaces.com\/fr\/wp-json\/wp\/v2\/media?parent=73291"}],"wp:term":[{"taxonomy":"product_brand","embeddable":true,"href":"https:\/\/www.loopkinglaces.com\/fr\/wp-json\/wp\/v2\/product_brand?post=73291"},{"taxonomy":"product_cat","embeddable":true,"href":"https:\/\/www.loopkinglaces.com\/fr\/wp-json\/wp\/v2\/product_cat?post=73291"},{"taxonomy":"product_tag","embeddable":true,"href":"https:\/\/www.loopkinglaces.com\/fr\/wp-json\/wp\/v2\/product_tag?post=73291"},{"taxonomy":"woo-feed-brand","embeddable":true,"href":"https:\/\/www.loopkinglaces.com\/fr\/wp-json\/wp\/v2\/woo-feed-brand?post=73291"}],"curies":[{"name":"wp","href":"https:\/\/api.w.org\/{rel}","templated":true}]}}