{"id":73195,"date":"2022-08-25T17:36:42","date_gmt":"2022-08-25T17:36:42","guid":{"rendered":"https:\/\/www.loopkinglaces.com\/products\/lacets-de-chaussures-en-corde-phosphorescente-avec-agrafes-dorees\/"},"modified":"2025-08-26T15:11:34","modified_gmt":"2025-08-26T15:11:34","slug":"lacets-de-chaussures-en-corde-phosphorescente-avec-agrafes-dorees","status":"publish","type":"product","link":"https:\/\/www.loopkinglaces.com\/fr\/products\/lacets-de-chaussures-en-corde-phosphorescente-avec-agrafes-dorees\/","title":{"rendered":"Lacets de chaussures en corde phosphorescente avec agrafes dor\u00e9es"},"content":{"rendered":"<h3><a href=\"https:\/\/www.loopkinglaces.com\/\">Lacets de luxe pour baskets<\/a><\/h3>\n<p>  Loop King Laces ne fournit que des lacets de chaussures de luxe de la plus haute qualit\u00e9.<br \/>\nNos lacets en corde sont fabriqu\u00e9s avec des pointes en m\u00e9tal gaufr\u00e9 repr\u00e9sentant LOOP KING et notre couronne symbolique.<br \/>\nChaque lacet de corde est fabriqu\u00e9 \u00e0 partir de coton de premi\u00e8re qualit\u00e9 pour emp\u00eacher le lacet de s&#8217;effilocher inopin\u00e9ment et pour augmenter la dur\u00e9e de vie du lacet, qui est plus de trois fois sup\u00e9rieure \u00e0 celle d&#8217;un lacet de chaussure de qualit\u00e9 normale.<br \/>\nNos lacets s&#8217;adaptent \u00e0 tous les types de baskets et de marques, y compris Adidas, Nike, VANS et ainsi de suite, visite notre <a href=\"\/shoelace-size-chart\/\">guide des tailles<\/a> o\u00f9 tu pourras trouver la taille de lacets parfaite pour tes chaussures.     &nbsp;<\/p>\n","protected":false},"excerpt":{"rendered":"<p><span style=\"font-weight: 400;\">Nos lacets de luxe en corde phosphorescente sont dot\u00e9s d&#8217;aglets dor\u00e9s en relief (pointes).<br \/>\nTous nos lacets de luxe sont fabriqu\u00e9s avec des mat\u00e9riaux de premi\u00e8re qualit\u00e9 et des pointes en m\u00e9tal de la plus haute qualit\u00e9.<br \/>\nNos lacets en corde sont con\u00e7us pour durer trois fois plus longtemps que les lacets de qualit\u00e9 normale.   Regarde nos caract\u00e9ristiques compl\u00e8tes ci-dessous :<\/span><\/p>\n<ul>\n<li style=\"font-weight: 400;\" aria-level=\"1\"><span style=\"font-weight: 400;\">Corde de premi\u00e8re qualit\u00e9<\/span><\/li>\n<li style=\"font-weight: 400;\" aria-level=\"1\"><span style=\"font-weight: 400;\">Blanc le jour, vert la nuit (ou dans l&#8217;obscurit\u00e9)<\/span><\/li>\n<li style=\"font-weight: 400;\" aria-level=\"1\"><span style=\"font-weight: 400;\">Dur\u00e9e de vie 3 fois plus longue que les lacets ordinaires<\/span><\/li>\n<li style=\"font-weight: 400;\" aria-level=\"1\"><span style=\"font-weight: 400;\">Aglette d&#8217;or du roi des boucles<\/span><\/li>\n<li style=\"font-weight: 400;\" aria-level=\"1\"><span style=\"font-weight: 400;\">Un bel emballage<\/span><\/li>\n<\/ul>\n","protected":false},"featured_media":73213,"comment_status":"open","ping_status":"closed","template":"","meta":{"_acf_changed":false},"product_brand":[],"product_cat":[1292,1185,1353,1508,1667,1510,1407,1795,1444,1682,1406,947],"product_tag":[],"woo-feed-brand":[],"class_list":{"0":"post-73195","1":"product","2":"type-product","3":"status-publish","4":"has-post-thumbnail","6":"product_cat-des-lacets-verts-de-qualite-superieure-pour-ameliorer-tes-chaussures","7":"product_cat-lacets-a-pointe-dor","8":"product_cat-lacets-colores-a-la-mode-pour-chaussures-de-sport","9":"product_cat-lacets-de-chaussures-de-patins-a-roulettes-le-heros-meconnu-de-la-patinoire","10":"product_cat-lacets-de-chaussures-ugg-plus-quun-simple-detail","11":"product_cat-lacets-de-patinage-artistique-le-heros-meconnu-sur-la-glace","12":"product_cat-lacets-nike-blancs-aussi-brillants-quune-etoile","13":"product_cat-lacets-phosphorescents-pour-samuser-et-rester-en-securite-la-nuit","14":"product_cat-lacets-sympas-ameliore-ton-jeu-de-chaussures","15":"product_cat-renforce-ton-style-avec-des-lacets-de-chaussures-bicolores","16":"product_cat-selection-de-lacets-blancs-classiques-et-premium","17":"product_cat-tous-les-lacets","19":"first","20":"instock","21":"taxable","22":"shipping-taxable","23":"purchasable","24":"product-type-variable"},"acf":[],"yoast_head":"<!-- This site is optimized with the Yoast SEO plugin v27.4 - https:\/\/yoast.com\/product\/yoast-seo-wordpress\/ -->\n<title>Lacets de chaussures en corde phosphorescente avec agrafes dor\u00e9es<\/title>\n<meta name=\"description\" content=\"Nos lacets de chaussure phosphorescents \u00e0 bouts dor\u00e9s sont les lacets de corde de luxe de la plus haute qualit\u00e9 sur le march\u00e9. Chaque lacet est muni d&#039;un embout en or gaufr\u00e9.\" \/>\n<meta name=\"robots\" content=\"index, follow, max-snippet:-1, max-image-preview:large, max-video-preview:-1\" \/>\n<link rel=\"canonical\" href=\"https:\/\/www.loopkinglaces.com\/fr\/products\/lacets-de-chaussures-en-corde-phosphorescente-avec-agrafes-dorees\/\" \/>\n<meta property=\"og:locale\" content=\"fr_FR\" \/>\n<meta property=\"og:type\" content=\"article\" \/>\n<meta property=\"og:title\" content=\"Lacets de chaussures en corde phosphorescente avec agrafes dor\u00e9es\" \/>\n<meta property=\"og:description\" content=\"Nos lacets de chaussure phosphorescents \u00e0 bouts dor\u00e9s sont les lacets de corde de luxe de la plus haute qualit\u00e9 sur le march\u00e9. Chaque lacet est muni d&#039;un embout en or gaufr\u00e9.\" \/>\n<meta property=\"og:url\" content=\"https:\/\/www.loopkinglaces.com\/fr\/products\/lacets-de-chaussures-en-corde-phosphorescente-avec-agrafes-dorees\/\" \/>\n<meta property=\"og:site_name\" content=\"Luxury Gold Tip Shoelaces by Loop King Laces\" \/>\n<meta property=\"article:publisher\" content=\"https:\/\/www.facebook.com\/LoopKingLaces\/\" \/>\n<meta property=\"article:modified_time\" content=\"2025-08-26T15:11:34+00:00\" \/>\n<meta property=\"og:image\" content=\"https:\/\/www.loopkinglaces.com\/wp-content\/uploads\/glow-in-the-dark-5-scaled.jpg\" \/>\n\t<meta property=\"og:image:width\" content=\"1600\" \/>\n\t<meta property=\"og:image:height\" content=\"1600\" \/>\n\t<meta property=\"og:image:type\" content=\"image\/jpeg\" \/>\n<meta name=\"twitter:card\" content=\"summary_large_image\" \/>\n<meta name=\"twitter:site\" content=\"@loopkinglaces\" \/>\n<meta name=\"twitter:label1\" content=\"Dur\u00e9e de lecture estim\u00e9e\" \/>\n\t<meta name=\"twitter:data1\" content=\"1 minute\" \/>\n<script type=\"application\/ld+json\" class=\"yoast-schema-graph\">{\"@context\":\"https:\\\/\\\/schema.org\",\"@graph\":[{\"@type\":[\"WebPage\",\"ItemPage\"],\"@id\":\"https:\\\/\\\/www.loopkinglaces.com\\\/fr\\\/products\\\/lacets-de-chaussures-en-corde-phosphorescente-avec-agrafes-dorees\\\/\",\"url\":\"https:\\\/\\\/www.loopkinglaces.com\\\/fr\\\/products\\\/lacets-de-chaussures-en-corde-phosphorescente-avec-agrafes-dorees\\\/\",\"name\":\"Lacets de chaussures en corde phosphorescente avec agrafes dor\u00e9es\",\"isPartOf\":{\"@id\":\"https:\\\/\\\/www.loopkinglaces.com\\\/fr\\\/#website\"},\"primaryImageOfPage\":{\"@id\":\"https:\\\/\\\/www.loopkinglaces.com\\\/fr\\\/products\\\/lacets-de-chaussures-en-corde-phosphorescente-avec-agrafes-dorees\\\/#primaryimage\"},\"image\":{\"@id\":\"https:\\\/\\\/www.loopkinglaces.com\\\/fr\\\/products\\\/lacets-de-chaussures-en-corde-phosphorescente-avec-agrafes-dorees\\\/#primaryimage\"},\"thumbnailUrl\":\"https:\\\/\\\/www.loopkinglaces.com\\\/wp-content\\\/uploads\\\/glow-in-the-dark-5-scaled.jpg\",\"datePublished\":\"2022-08-25T17:36:42+00:00\",\"dateModified\":\"2025-08-26T15:11:34+00:00\",\"description\":\"Nos lacets de chaussure phosphorescents \u00e0 bouts dor\u00e9s sont les lacets de corde de luxe de la plus haute qualit\u00e9 sur le march\u00e9. Chaque lacet est muni d'un embout en or gaufr\u00e9.\",\"breadcrumb\":{\"@id\":\"https:\\\/\\\/www.loopkinglaces.com\\\/fr\\\/products\\\/lacets-de-chaussures-en-corde-phosphorescente-avec-agrafes-dorees\\\/#breadcrumb\"},\"inLanguage\":\"fr-FR\",\"potentialAction\":[{\"@type\":\"ReadAction\",\"target\":[\"https:\\\/\\\/www.loopkinglaces.com\\\/fr\\\/products\\\/lacets-de-chaussures-en-corde-phosphorescente-avec-agrafes-dorees\\\/\"]}]},{\"@type\":\"ImageObject\",\"inLanguage\":\"fr-FR\",\"@id\":\"https:\\\/\\\/www.loopkinglaces.com\\\/fr\\\/products\\\/lacets-de-chaussures-en-corde-phosphorescente-avec-agrafes-dorees\\\/#primaryimage\",\"url\":\"https:\\\/\\\/www.loopkinglaces.com\\\/wp-content\\\/uploads\\\/glow-in-the-dark-5-scaled.jpg\",\"contentUrl\":\"https:\\\/\\\/www.loopkinglaces.com\\\/wp-content\\\/uploads\\\/glow-in-the-dark-5-scaled.jpg\",\"width\":1600,\"height\":1600},{\"@type\":\"BreadcrumbList\",\"@id\":\"https:\\\/\\\/www.loopkinglaces.com\\\/fr\\\/products\\\/lacets-de-chaussures-en-corde-phosphorescente-avec-agrafes-dorees\\\/#breadcrumb\",\"itemListElement\":[{\"@type\":\"ListItem\",\"position\":1,\"name\":\"Home\",\"item\":\"https:\\\/\\\/www.loopkinglaces.com\\\/fr\\\/\"},{\"@type\":\"ListItem\",\"position\":2,\"name\":\"ACHETER DES LACES\",\"item\":\"https:\\\/\\\/www.loopkinglaces.com\\\/fr\\\/acheter-des-laces\\\/\"},{\"@type\":\"ListItem\",\"position\":3,\"name\":\"Lacets de chaussures en corde phosphorescente avec agrafes dor\u00e9es\"}]},{\"@type\":\"WebSite\",\"@id\":\"https:\\\/\\\/www.loopkinglaces.com\\\/fr\\\/#website\",\"url\":\"https:\\\/\\\/www.loopkinglaces.com\\\/fr\\\/\",\"name\":\"Luxury Gold Tip Shoelaces by Loop King Laces\",\"description\":\"Rope Laces, Flat Waxed Laces and Leather Laces. All With Gold Tips.\",\"publisher\":{\"@id\":\"https:\\\/\\\/www.loopkinglaces.com\\\/fr\\\/#organization\"},\"potentialAction\":[{\"@type\":\"SearchAction\",\"target\":{\"@type\":\"EntryPoint\",\"urlTemplate\":\"https:\\\/\\\/www.loopkinglaces.com\\\/fr\\\/?s={search_term_string}\"},\"query-input\":{\"@type\":\"PropertyValueSpecification\",\"valueRequired\":true,\"valueName\":\"search_term_string\"}}],\"inLanguage\":\"fr-FR\"},{\"@type\":\"Organization\",\"@id\":\"https:\\\/\\\/www.loopkinglaces.com\\\/fr\\\/#organization\",\"name\":\"Loop King Laces\",\"url\":\"https:\\\/\\\/www.loopkinglaces.com\\\/fr\\\/\",\"logo\":{\"@type\":\"ImageObject\",\"inLanguage\":\"fr-FR\",\"@id\":\"https:\\\/\\\/www.loopkinglaces.com\\\/fr\\\/#\\\/schema\\\/logo\\\/image\\\/\",\"url\":\"https:\\\/\\\/www.loopkinglaces.com\\\/wp-content\\\/uploads\\\/LOOP-KING-LACES.1.1-01-LOGO-HI-RES-OFFICIAL-1.png\",\"contentUrl\":\"https:\\\/\\\/www.loopkinglaces.com\\\/wp-content\\\/uploads\\\/LOOP-KING-LACES.1.1-01-LOGO-HI-RES-OFFICIAL-1.png\",\"width\":128,\"height\":91,\"caption\":\"Loop King Laces\"},\"image\":{\"@id\":\"https:\\\/\\\/www.loopkinglaces.com\\\/fr\\\/#\\\/schema\\\/logo\\\/image\\\/\"},\"sameAs\":[\"https:\\\/\\\/www.facebook.com\\\/LoopKingLaces\\\/\",\"https:\\\/\\\/x.com\\\/loopkinglaces\",\"https:\\\/\\\/www.instagram.com\\\/loopkinglaces\\\/\"]}]}<\/script>\n<!-- \/ Yoast SEO plugin. -->","yoast_head_json":{"title":"Lacets de chaussures en corde phosphorescente avec agrafes dor\u00e9es","description":"Nos lacets de chaussure phosphorescents \u00e0 bouts dor\u00e9s sont les lacets de corde de luxe de la plus haute qualit\u00e9 sur le march\u00e9. Chaque lacet est muni d'un embout en or gaufr\u00e9.","robots":{"index":"index","follow":"follow","max-snippet":"max-snippet:-1","max-image-preview":"max-image-preview:large","max-video-preview":"max-video-preview:-1"},"canonical":"https:\/\/www.loopkinglaces.com\/fr\/products\/lacets-de-chaussures-en-corde-phosphorescente-avec-agrafes-dorees\/","og_locale":"fr_FR","og_type":"article","og_title":"Lacets de chaussures en corde phosphorescente avec agrafes dor\u00e9es","og_description":"Nos lacets de chaussure phosphorescents \u00e0 bouts dor\u00e9s sont les lacets de corde de luxe de la plus haute qualit\u00e9 sur le march\u00e9. Chaque lacet est muni d'un embout en or gaufr\u00e9.","og_url":"https:\/\/www.loopkinglaces.com\/fr\/products\/lacets-de-chaussures-en-corde-phosphorescente-avec-agrafes-dorees\/","og_site_name":"Luxury Gold Tip Shoelaces by Loop King Laces","article_publisher":"https:\/\/www.facebook.com\/LoopKingLaces\/","article_modified_time":"2025-08-26T15:11:34+00:00","og_image":[{"width":1600,"height":1600,"url":"https:\/\/www.loopkinglaces.com\/wp-content\/uploads\/glow-in-the-dark-5-scaled.jpg","type":"image\/jpeg"}],"twitter_card":"summary_large_image","twitter_site":"@loopkinglaces","twitter_misc":{"Dur\u00e9e de lecture estim\u00e9e":"1 minute"},"schema":{"@context":"https:\/\/schema.org","@graph":[{"@type":["WebPage","ItemPage"],"@id":"https:\/\/www.loopkinglaces.com\/fr\/products\/lacets-de-chaussures-en-corde-phosphorescente-avec-agrafes-dorees\/","url":"https:\/\/www.loopkinglaces.com\/fr\/products\/lacets-de-chaussures-en-corde-phosphorescente-avec-agrafes-dorees\/","name":"Lacets de chaussures en corde phosphorescente avec agrafes dor\u00e9es","isPartOf":{"@id":"https:\/\/www.loopkinglaces.com\/fr\/#website"},"primaryImageOfPage":{"@id":"https:\/\/www.loopkinglaces.com\/fr\/products\/lacets-de-chaussures-en-corde-phosphorescente-avec-agrafes-dorees\/#primaryimage"},"image":{"@id":"https:\/\/www.loopkinglaces.com\/fr\/products\/lacets-de-chaussures-en-corde-phosphorescente-avec-agrafes-dorees\/#primaryimage"},"thumbnailUrl":"https:\/\/www.loopkinglaces.com\/wp-content\/uploads\/glow-in-the-dark-5-scaled.jpg","datePublished":"2022-08-25T17:36:42+00:00","dateModified":"2025-08-26T15:11:34+00:00","description":"Nos lacets de chaussure phosphorescents \u00e0 bouts dor\u00e9s sont les lacets de corde de luxe de la plus haute qualit\u00e9 sur le march\u00e9. Chaque lacet est muni d'un embout en or gaufr\u00e9.","breadcrumb":{"@id":"https:\/\/www.loopkinglaces.com\/fr\/products\/lacets-de-chaussures-en-corde-phosphorescente-avec-agrafes-dorees\/#breadcrumb"},"inLanguage":"fr-FR","potentialAction":[{"@type":"ReadAction","target":["https:\/\/www.loopkinglaces.com\/fr\/products\/lacets-de-chaussures-en-corde-phosphorescente-avec-agrafes-dorees\/"]}]},{"@type":"ImageObject","inLanguage":"fr-FR","@id":"https:\/\/www.loopkinglaces.com\/fr\/products\/lacets-de-chaussures-en-corde-phosphorescente-avec-agrafes-dorees\/#primaryimage","url":"https:\/\/www.loopkinglaces.com\/wp-content\/uploads\/glow-in-the-dark-5-scaled.jpg","contentUrl":"https:\/\/www.loopkinglaces.com\/wp-content\/uploads\/glow-in-the-dark-5-scaled.jpg","width":1600,"height":1600},{"@type":"BreadcrumbList","@id":"https:\/\/www.loopkinglaces.com\/fr\/products\/lacets-de-chaussures-en-corde-phosphorescente-avec-agrafes-dorees\/#breadcrumb","itemListElement":[{"@type":"ListItem","position":1,"name":"Home","item":"https:\/\/www.loopkinglaces.com\/fr\/"},{"@type":"ListItem","position":2,"name":"ACHETER DES LACES","item":"https:\/\/www.loopkinglaces.com\/fr\/acheter-des-laces\/"},{"@type":"ListItem","position":3,"name":"Lacets de chaussures en corde phosphorescente avec agrafes dor\u00e9es"}]},{"@type":"WebSite","@id":"https:\/\/www.loopkinglaces.com\/fr\/#website","url":"https:\/\/www.loopkinglaces.com\/fr\/","name":"Luxury Gold Tip Shoelaces by Loop King Laces","description":"Rope Laces, Flat Waxed Laces and Leather Laces. All With Gold Tips.","publisher":{"@id":"https:\/\/www.loopkinglaces.com\/fr\/#organization"},"potentialAction":[{"@type":"SearchAction","target":{"@type":"EntryPoint","urlTemplate":"https:\/\/www.loopkinglaces.com\/fr\/?s={search_term_string}"},"query-input":{"@type":"PropertyValueSpecification","valueRequired":true,"valueName":"search_term_string"}}],"inLanguage":"fr-FR"},{"@type":"Organization","@id":"https:\/\/www.loopkinglaces.com\/fr\/#organization","name":"Loop King Laces","url":"https:\/\/www.loopkinglaces.com\/fr\/","logo":{"@type":"ImageObject","inLanguage":"fr-FR","@id":"https:\/\/www.loopkinglaces.com\/fr\/#\/schema\/logo\/image\/","url":"https:\/\/www.loopkinglaces.com\/wp-content\/uploads\/LOOP-KING-LACES.1.1-01-LOGO-HI-RES-OFFICIAL-1.png","contentUrl":"https:\/\/www.loopkinglaces.com\/wp-content\/uploads\/LOOP-KING-LACES.1.1-01-LOGO-HI-RES-OFFICIAL-1.png","width":128,"height":91,"caption":"Loop King Laces"},"image":{"@id":"https:\/\/www.loopkinglaces.com\/fr\/#\/schema\/logo\/image\/"},"sameAs":["https:\/\/www.facebook.com\/LoopKingLaces\/","https:\/\/x.com\/loopkinglaces","https:\/\/www.instagram.com\/loopkinglaces\/"]}]}},"_links":{"self":[{"href":"https:\/\/www.loopkinglaces.com\/fr\/wp-json\/wp\/v2\/product\/73195","targetHints":{"allow":["GET"]}}],"collection":[{"href":"https:\/\/www.loopkinglaces.com\/fr\/wp-json\/wp\/v2\/product"}],"about":[{"href":"https:\/\/www.loopkinglaces.com\/fr\/wp-json\/wp\/v2\/types\/product"}],"replies":[{"embeddable":true,"href":"https:\/\/www.loopkinglaces.com\/fr\/wp-json\/wp\/v2\/comments?post=73195"}],"wp:featuredmedia":[{"embeddable":true,"href":"https:\/\/www.loopkinglaces.com\/fr\/wp-json\/wp\/v2\/media\/73213"}],"wp:attachment":[{"href":"https:\/\/www.loopkinglaces.com\/fr\/wp-json\/wp\/v2\/media?parent=73195"}],"wp:term":[{"taxonomy":"product_brand","embeddable":true,"href":"https:\/\/www.loopkinglaces.com\/fr\/wp-json\/wp\/v2\/product_brand?post=73195"},{"taxonomy":"product_cat","embeddable":true,"href":"https:\/\/www.loopkinglaces.com\/fr\/wp-json\/wp\/v2\/product_cat?post=73195"},{"taxonomy":"product_tag","embeddable":true,"href":"https:\/\/www.loopkinglaces.com\/fr\/wp-json\/wp\/v2\/product_tag?post=73195"},{"taxonomy":"woo-feed-brand","embeddable":true,"href":"https:\/\/www.loopkinglaces.com\/fr\/wp-json\/wp\/v2\/woo-feed-brand?post=73195"}],"curies":[{"name":"wp","href":"https:\/\/api.w.org\/{rel}","templated":true}]}}