{"id":72751,"date":"2018-12-13T19:06:38","date_gmt":"2018-12-13T19:06:38","guid":{"rendered":"https:\/\/www.loopkinglaces.com\/products\/style-off-white-blanc-shoelaces-avec-des-pointes-dorees\/"},"modified":"2026-02-10T15:11:37","modified_gmt":"2026-02-10T15:11:37","slug":"style-off-white-blanc-shoelaces-avec-des-pointes-dorees","status":"publish","type":"product","link":"https:\/\/www.loopkinglaces.com\/fr\/products\/style-off-white-blanc-shoelaces-avec-des-pointes-dorees\/","title":{"rendered":"Style Off-White blanc &#8220;SHOELACES&#8221; avec des pointes dor\u00e9es"},"content":{"rendered":"<h3><a href=\"https:\/\/www.loopkinglaces.com\/\">Lacets de luxe pour baskets<\/a><\/h3>\n<p>  Loop King Laces ne fournit que des lacets de chaussures de luxe de la plus haute qualit\u00e9.<br \/>\nNos lacets de chaussures \u00e9crus sont fabriqu\u00e9s avec des embouts m\u00e9talliques gaufr\u00e9s portant l&#8217;inscription LOOP KING et notre couronne symbolique.<br \/>\nChaque lacet de chaussure \u00e9cru est fabriqu\u00e9 en coton de premi\u00e8re qualit\u00e9 pour emp\u00eacher le lacet de s&#8217;effilocher inopin\u00e9ment et pour augmenter la dur\u00e9e de vie du lacet, qui est plus de trois fois sup\u00e9rieure \u00e0 celle d&#8217;un lacet de chaussure de qualit\u00e9 normale.<br \/>\nNos lacets s&#8217;adaptent \u00e0 tous les types de baskets et de marques, y compris Adidas, Nike, VANS et ainsi de suite, visite notre <a href=\"\/shoelace-size-chart\/\">guide des tailles<\/a> o\u00f9 tu pourras trouver la taille de lacets parfaite pour tes chaussures.   <\/p>\n","protected":false},"excerpt":{"rendered":"<p>Lacets de <strong>style &#8220;SHOELACES&#8221; avec pointes dor\u00e9es<\/strong> &#8211; Nos &#8220;SHOELACES&#8221; de style blanc cass\u00e9 sont dot\u00e9s de pointes dor\u00e9es en relief.<br \/>\nTous nos lacets de luxe sont fabriqu\u00e9s \u00e0 partir de mat\u00e9riaux de premi\u00e8re qualit\u00e9 avec des pointes en m\u00e9tal de la plus haute qualit\u00e9.<br \/>\nNos lacets de style blanc cass\u00e9 sont faits \u00e0 100 % de coton.   Regarde nos caract\u00e9ristiques compl\u00e8tes ci-dessous :  <\/p>\n<ul>\n<li>Largeur de 6 mm (plat)<\/li>\n<li>Coton de qualit\u00e9 sup\u00e9rieure<\/li>\n<li>Le style Off-White<\/li>\n<li>Aglette d&#8217;or du roi des boucles<\/li>\n<li>Beautiful Loop King Emballage par lacet<\/li>\n<\/ul>\n<p><em>Remarque : Loop King Laces n&#8217;est pas affili\u00e9 \u00e0 Off-White.<br \/>\nCe produit n&#8217;est qu&#8217;un mod\u00e8le de lacet de Off-White auquel s&#8217;ajoutent les pointes dor\u00e9es de Loop King. <\/em><\/p>\n","protected":false},"featured_media":72766,"comment_status":"open","ping_status":"closed","template":"","meta":{"_acf_changed":false},"product_brand":[],"product_cat":[1654,1751,1429,1660,1185,1061,1238,1659,1407,1750,1759,1356,1505,1214,1068,1199,1711,1406,1187,947],"product_tag":[1704,1753,962,966,961,985,963],"woo-feed-brand":[],"class_list":{"0":"post-72751","1":"product","2":"type-product","3":"status-publish","4":"has-post-thumbnail","6":"product_cat-des-lacets-de-bottes-timberland-etonnants-qui-ne-te-laisseront-pas-tomber","7":"product_cat-des-lacets-de-dunk-off-white-incroyables-pour-un-style-impeccable","8":"product_cat-des-lacets-noirs-et-blancs-de-premiere-qualite-pour-un-look-elegant","9":"product_cat-des-lacets-ultraboost-de-premiere-qualite-pour-electrifier-tes-chaussures","10":"product_cat-lacets-a-pointe-dor","11":"product_cat-lacets-air-max","12":"product_cat-lacets-de-bottes-de-60-pouces-des-lacets-plus-longs-pour-une-declaration-de-style-ultime","13":"product_cat-lacets-footjoy-de-niveau-elite-qui-ameliorent-ton-jeu","14":"product_cat-lacets-nike-blancs-aussi-brillants-quune-etoile","15":"product_cat-lacets-off-white-qualite-superieure-pour-tes-chaussures","16":"product_cat-lacets-presto-off-white-authentiques-qui-sadaptent-et-ont-lair-elegants","17":"product_cat-les-lacets-delite-de-jordan-1-bordeaux-white-qui-ont-lair-luxueux","18":"product_cat-les-lacets-de-travis-scott-lengouement-lamour-et-tout-le-reste","19":"product_cat-les-meilleurs-lacets-alexander-mcqueen-pour-tes-baskets-haut-de-gamme","20":"product_cat-magnifiques-lacets-air-max-270-qui-sadaptent-parfaitement-et-durent-longtemps","21":"product_cat-puma-fat-laces-haut-de-gamme","22":"product_cat-remplacement-des-lacets-de-roshe-mise-a-niveau-de-haute-qualite","23":"product_cat-selection-de-lacets-blancs-classiques-et-premium","24":"product_cat-tes-nouveaux-lacets-de-jordan-1-materiaux-de-premiere-qualite-et-de-luxe","25":"product_cat-tous-les-lacets","26":"product_tag-blanc","27":"product_tag-blanc-casse","28":"product_tag-lacets","29":"product_tag-lacets-a-pointe-dor","30":"product_tag-loop-king-fr","31":"product_tag-plat","32":"product_tag-pointe-en-metal","34":"first","35":"instock","36":"taxable","37":"shipping-taxable","38":"purchasable","39":"product-type-variable"},"acf":[],"yoast_head":"<!-- This site is optimized with the Yoast SEO plugin v27.4 - https:\/\/yoast.com\/product\/yoast-seo-wordpress\/ -->\n<title>Lacets de style blanc cass\u00e9 avec des pointes dor\u00e9es<\/title>\n<meta name=\"description\" content=\"Nos &quot;SHOELAES&quot; de style blanc cass\u00e9 sont dot\u00e9s de pointes dor\u00e9es et constituent un article de luxe. Chaque lacet est muni d&#039;une pointe en m\u00e9tal gaufr\u00e9. Livraison rapide dans le monde entier.\" \/>\n<meta name=\"robots\" content=\"index, follow, max-snippet:-1, max-image-preview:large, max-video-preview:-1\" \/>\n<link rel=\"canonical\" href=\"https:\/\/www.loopkinglaces.com\/fr\/products\/style-off-white-blanc-shoelaces-avec-des-pointes-dorees\/\" \/>\n<meta property=\"og:locale\" content=\"fr_FR\" \/>\n<meta property=\"og:type\" content=\"article\" \/>\n<meta property=\"og:title\" content=\"Lacets de style blanc cass\u00e9 avec des pointes dor\u00e9es\" \/>\n<meta property=\"og:description\" content=\"Nos &quot;SHOELAES&quot; de style blanc cass\u00e9 sont dot\u00e9s de pointes dor\u00e9es et constituent un article de luxe. Chaque lacet est muni d&#039;une pointe en m\u00e9tal gaufr\u00e9. Livraison rapide dans le monde entier.\" \/>\n<meta property=\"og:url\" content=\"https:\/\/www.loopkinglaces.com\/fr\/products\/style-off-white-blanc-shoelaces-avec-des-pointes-dorees\/\" \/>\n<meta property=\"og:site_name\" content=\"Luxury Gold Tip Shoelaces by Loop King Laces\" \/>\n<meta property=\"article:publisher\" content=\"https:\/\/www.facebook.com\/LoopKingLaces\/\" \/>\n<meta property=\"article:modified_time\" content=\"2026-02-10T15:11:37+00:00\" \/>\n<meta property=\"og:image\" content=\"https:\/\/www.loopkinglaces.com\/wp-content\/uploads\/white-off-white-shoelaces-gold-tips.jpg\" \/>\n\t<meta property=\"og:image:width\" content=\"1000\" \/>\n\t<meta property=\"og:image:height\" content=\"1000\" \/>\n\t<meta property=\"og:image:type\" content=\"image\/jpeg\" \/>\n<meta name=\"twitter:card\" content=\"summary_large_image\" \/>\n<meta name=\"twitter:site\" content=\"@loopkinglaces\" \/>\n<meta name=\"twitter:label1\" content=\"Dur\u00e9e de lecture estim\u00e9e\" \/>\n\t<meta name=\"twitter:data1\" content=\"1 minute\" \/>\n<script type=\"application\/ld+json\" class=\"yoast-schema-graph\">{\"@context\":\"https:\\\/\\\/schema.org\",\"@graph\":[{\"@type\":[\"WebPage\",\"ItemPage\"],\"@id\":\"https:\\\/\\\/www.loopkinglaces.com\\\/fr\\\/products\\\/style-off-white-blanc-shoelaces-avec-des-pointes-dorees\\\/\",\"url\":\"https:\\\/\\\/www.loopkinglaces.com\\\/fr\\\/products\\\/style-off-white-blanc-shoelaces-avec-des-pointes-dorees\\\/\",\"name\":\"Lacets de style blanc cass\u00e9 avec des pointes dor\u00e9es\",\"isPartOf\":{\"@id\":\"https:\\\/\\\/www.loopkinglaces.com\\\/fr\\\/#website\"},\"primaryImageOfPage\":{\"@id\":\"https:\\\/\\\/www.loopkinglaces.com\\\/fr\\\/products\\\/style-off-white-blanc-shoelaces-avec-des-pointes-dorees\\\/#primaryimage\"},\"image\":{\"@id\":\"https:\\\/\\\/www.loopkinglaces.com\\\/fr\\\/products\\\/style-off-white-blanc-shoelaces-avec-des-pointes-dorees\\\/#primaryimage\"},\"thumbnailUrl\":\"https:\\\/\\\/www.loopkinglaces.com\\\/wp-content\\\/uploads\\\/white-off-white-shoelaces-gold-tips.jpg\",\"datePublished\":\"2018-12-13T19:06:38+00:00\",\"dateModified\":\"2026-02-10T15:11:37+00:00\",\"description\":\"Nos \\\"SHOELAES\\\" de style blanc cass\u00e9 sont dot\u00e9s de pointes dor\u00e9es et constituent un article de luxe. Chaque lacet est muni d'une pointe en m\u00e9tal gaufr\u00e9. Livraison rapide dans le monde entier.\",\"breadcrumb\":{\"@id\":\"https:\\\/\\\/www.loopkinglaces.com\\\/fr\\\/products\\\/style-off-white-blanc-shoelaces-avec-des-pointes-dorees\\\/#breadcrumb\"},\"inLanguage\":\"fr-FR\",\"potentialAction\":[{\"@type\":\"ReadAction\",\"target\":[\"https:\\\/\\\/www.loopkinglaces.com\\\/fr\\\/products\\\/style-off-white-blanc-shoelaces-avec-des-pointes-dorees\\\/\"]}]},{\"@type\":\"ImageObject\",\"inLanguage\":\"fr-FR\",\"@id\":\"https:\\\/\\\/www.loopkinglaces.com\\\/fr\\\/products\\\/style-off-white-blanc-shoelaces-avec-des-pointes-dorees\\\/#primaryimage\",\"url\":\"https:\\\/\\\/www.loopkinglaces.com\\\/wp-content\\\/uploads\\\/white-off-white-shoelaces-gold-tips.jpg\",\"contentUrl\":\"https:\\\/\\\/www.loopkinglaces.com\\\/wp-content\\\/uploads\\\/white-off-white-shoelaces-gold-tips.jpg\",\"width\":1000,\"height\":1000},{\"@type\":\"BreadcrumbList\",\"@id\":\"https:\\\/\\\/www.loopkinglaces.com\\\/fr\\\/products\\\/style-off-white-blanc-shoelaces-avec-des-pointes-dorees\\\/#breadcrumb\",\"itemListElement\":[{\"@type\":\"ListItem\",\"position\":1,\"name\":\"Home\",\"item\":\"https:\\\/\\\/www.loopkinglaces.com\\\/fr\\\/\"},{\"@type\":\"ListItem\",\"position\":2,\"name\":\"ACHETER DES LACES\",\"item\":\"https:\\\/\\\/www.loopkinglaces.com\\\/fr\\\/acheter-des-laces\\\/\"},{\"@type\":\"ListItem\",\"position\":3,\"name\":\"Style Off-White blanc &#8220;SHOELACES&#8221; avec des pointes dor\u00e9es\"}]},{\"@type\":\"WebSite\",\"@id\":\"https:\\\/\\\/www.loopkinglaces.com\\\/fr\\\/#website\",\"url\":\"https:\\\/\\\/www.loopkinglaces.com\\\/fr\\\/\",\"name\":\"Luxury Gold Tip Shoelaces by Loop King Laces\",\"description\":\"Rope Laces, Flat Waxed Laces and Leather Laces. All With Gold Tips.\",\"publisher\":{\"@id\":\"https:\\\/\\\/www.loopkinglaces.com\\\/fr\\\/#organization\"},\"potentialAction\":[{\"@type\":\"SearchAction\",\"target\":{\"@type\":\"EntryPoint\",\"urlTemplate\":\"https:\\\/\\\/www.loopkinglaces.com\\\/fr\\\/?s={search_term_string}\"},\"query-input\":{\"@type\":\"PropertyValueSpecification\",\"valueRequired\":true,\"valueName\":\"search_term_string\"}}],\"inLanguage\":\"fr-FR\"},{\"@type\":\"Organization\",\"@id\":\"https:\\\/\\\/www.loopkinglaces.com\\\/fr\\\/#organization\",\"name\":\"Loop King Laces\",\"url\":\"https:\\\/\\\/www.loopkinglaces.com\\\/fr\\\/\",\"logo\":{\"@type\":\"ImageObject\",\"inLanguage\":\"fr-FR\",\"@id\":\"https:\\\/\\\/www.loopkinglaces.com\\\/fr\\\/#\\\/schema\\\/logo\\\/image\\\/\",\"url\":\"https:\\\/\\\/www.loopkinglaces.com\\\/wp-content\\\/uploads\\\/LOOP-KING-LACES.1.1-01-LOGO-HI-RES-OFFICIAL-1.png\",\"contentUrl\":\"https:\\\/\\\/www.loopkinglaces.com\\\/wp-content\\\/uploads\\\/LOOP-KING-LACES.1.1-01-LOGO-HI-RES-OFFICIAL-1.png\",\"width\":128,\"height\":91,\"caption\":\"Loop King Laces\"},\"image\":{\"@id\":\"https:\\\/\\\/www.loopkinglaces.com\\\/fr\\\/#\\\/schema\\\/logo\\\/image\\\/\"},\"sameAs\":[\"https:\\\/\\\/www.facebook.com\\\/LoopKingLaces\\\/\",\"https:\\\/\\\/x.com\\\/loopkinglaces\",\"https:\\\/\\\/www.instagram.com\\\/loopkinglaces\\\/\"]}]}<\/script>\n<!-- \/ Yoast SEO plugin. -->","yoast_head_json":{"title":"Lacets de style blanc cass\u00e9 avec des pointes dor\u00e9es","description":"Nos \"SHOELAES\" de style blanc cass\u00e9 sont dot\u00e9s de pointes dor\u00e9es et constituent un article de luxe. Chaque lacet est muni d'une pointe en m\u00e9tal gaufr\u00e9. Livraison rapide dans le monde entier.","robots":{"index":"index","follow":"follow","max-snippet":"max-snippet:-1","max-image-preview":"max-image-preview:large","max-video-preview":"max-video-preview:-1"},"canonical":"https:\/\/www.loopkinglaces.com\/fr\/products\/style-off-white-blanc-shoelaces-avec-des-pointes-dorees\/","og_locale":"fr_FR","og_type":"article","og_title":"Lacets de style blanc cass\u00e9 avec des pointes dor\u00e9es","og_description":"Nos \"SHOELAES\" de style blanc cass\u00e9 sont dot\u00e9s de pointes dor\u00e9es et constituent un article de luxe. Chaque lacet est muni d'une pointe en m\u00e9tal gaufr\u00e9. Livraison rapide dans le monde entier.","og_url":"https:\/\/www.loopkinglaces.com\/fr\/products\/style-off-white-blanc-shoelaces-avec-des-pointes-dorees\/","og_site_name":"Luxury Gold Tip Shoelaces by Loop King Laces","article_publisher":"https:\/\/www.facebook.com\/LoopKingLaces\/","article_modified_time":"2026-02-10T15:11:37+00:00","og_image":[{"width":1000,"height":1000,"url":"https:\/\/www.loopkinglaces.com\/wp-content\/uploads\/white-off-white-shoelaces-gold-tips.jpg","type":"image\/jpeg"}],"twitter_card":"summary_large_image","twitter_site":"@loopkinglaces","twitter_misc":{"Dur\u00e9e de lecture estim\u00e9e":"1 minute"},"schema":{"@context":"https:\/\/schema.org","@graph":[{"@type":["WebPage","ItemPage"],"@id":"https:\/\/www.loopkinglaces.com\/fr\/products\/style-off-white-blanc-shoelaces-avec-des-pointes-dorees\/","url":"https:\/\/www.loopkinglaces.com\/fr\/products\/style-off-white-blanc-shoelaces-avec-des-pointes-dorees\/","name":"Lacets de style blanc cass\u00e9 avec des pointes dor\u00e9es","isPartOf":{"@id":"https:\/\/www.loopkinglaces.com\/fr\/#website"},"primaryImageOfPage":{"@id":"https:\/\/www.loopkinglaces.com\/fr\/products\/style-off-white-blanc-shoelaces-avec-des-pointes-dorees\/#primaryimage"},"image":{"@id":"https:\/\/www.loopkinglaces.com\/fr\/products\/style-off-white-blanc-shoelaces-avec-des-pointes-dorees\/#primaryimage"},"thumbnailUrl":"https:\/\/www.loopkinglaces.com\/wp-content\/uploads\/white-off-white-shoelaces-gold-tips.jpg","datePublished":"2018-12-13T19:06:38+00:00","dateModified":"2026-02-10T15:11:37+00:00","description":"Nos \"SHOELAES\" de style blanc cass\u00e9 sont dot\u00e9s de pointes dor\u00e9es et constituent un article de luxe. Chaque lacet est muni d'une pointe en m\u00e9tal gaufr\u00e9. Livraison rapide dans le monde entier.","breadcrumb":{"@id":"https:\/\/www.loopkinglaces.com\/fr\/products\/style-off-white-blanc-shoelaces-avec-des-pointes-dorees\/#breadcrumb"},"inLanguage":"fr-FR","potentialAction":[{"@type":"ReadAction","target":["https:\/\/www.loopkinglaces.com\/fr\/products\/style-off-white-blanc-shoelaces-avec-des-pointes-dorees\/"]}]},{"@type":"ImageObject","inLanguage":"fr-FR","@id":"https:\/\/www.loopkinglaces.com\/fr\/products\/style-off-white-blanc-shoelaces-avec-des-pointes-dorees\/#primaryimage","url":"https:\/\/www.loopkinglaces.com\/wp-content\/uploads\/white-off-white-shoelaces-gold-tips.jpg","contentUrl":"https:\/\/www.loopkinglaces.com\/wp-content\/uploads\/white-off-white-shoelaces-gold-tips.jpg","width":1000,"height":1000},{"@type":"BreadcrumbList","@id":"https:\/\/www.loopkinglaces.com\/fr\/products\/style-off-white-blanc-shoelaces-avec-des-pointes-dorees\/#breadcrumb","itemListElement":[{"@type":"ListItem","position":1,"name":"Home","item":"https:\/\/www.loopkinglaces.com\/fr\/"},{"@type":"ListItem","position":2,"name":"ACHETER DES LACES","item":"https:\/\/www.loopkinglaces.com\/fr\/acheter-des-laces\/"},{"@type":"ListItem","position":3,"name":"Style Off-White blanc &#8220;SHOELACES&#8221; avec des pointes dor\u00e9es"}]},{"@type":"WebSite","@id":"https:\/\/www.loopkinglaces.com\/fr\/#website","url":"https:\/\/www.loopkinglaces.com\/fr\/","name":"Luxury Gold Tip Shoelaces by Loop King Laces","description":"Rope Laces, Flat Waxed Laces and Leather Laces. All With Gold Tips.","publisher":{"@id":"https:\/\/www.loopkinglaces.com\/fr\/#organization"},"potentialAction":[{"@type":"SearchAction","target":{"@type":"EntryPoint","urlTemplate":"https:\/\/www.loopkinglaces.com\/fr\/?s={search_term_string}"},"query-input":{"@type":"PropertyValueSpecification","valueRequired":true,"valueName":"search_term_string"}}],"inLanguage":"fr-FR"},{"@type":"Organization","@id":"https:\/\/www.loopkinglaces.com\/fr\/#organization","name":"Loop King Laces","url":"https:\/\/www.loopkinglaces.com\/fr\/","logo":{"@type":"ImageObject","inLanguage":"fr-FR","@id":"https:\/\/www.loopkinglaces.com\/fr\/#\/schema\/logo\/image\/","url":"https:\/\/www.loopkinglaces.com\/wp-content\/uploads\/LOOP-KING-LACES.1.1-01-LOGO-HI-RES-OFFICIAL-1.png","contentUrl":"https:\/\/www.loopkinglaces.com\/wp-content\/uploads\/LOOP-KING-LACES.1.1-01-LOGO-HI-RES-OFFICIAL-1.png","width":128,"height":91,"caption":"Loop King Laces"},"image":{"@id":"https:\/\/www.loopkinglaces.com\/fr\/#\/schema\/logo\/image\/"},"sameAs":["https:\/\/www.facebook.com\/LoopKingLaces\/","https:\/\/x.com\/loopkinglaces","https:\/\/www.instagram.com\/loopkinglaces\/"]}]}},"_links":{"self":[{"href":"https:\/\/www.loopkinglaces.com\/fr\/wp-json\/wp\/v2\/product\/72751","targetHints":{"allow":["GET"]}}],"collection":[{"href":"https:\/\/www.loopkinglaces.com\/fr\/wp-json\/wp\/v2\/product"}],"about":[{"href":"https:\/\/www.loopkinglaces.com\/fr\/wp-json\/wp\/v2\/types\/product"}],"replies":[{"embeddable":true,"href":"https:\/\/www.loopkinglaces.com\/fr\/wp-json\/wp\/v2\/comments?post=72751"}],"wp:featuredmedia":[{"embeddable":true,"href":"https:\/\/www.loopkinglaces.com\/fr\/wp-json\/wp\/v2\/media\/72766"}],"wp:attachment":[{"href":"https:\/\/www.loopkinglaces.com\/fr\/wp-json\/wp\/v2\/media?parent=72751"}],"wp:term":[{"taxonomy":"product_brand","embeddable":true,"href":"https:\/\/www.loopkinglaces.com\/fr\/wp-json\/wp\/v2\/product_brand?post=72751"},{"taxonomy":"product_cat","embeddable":true,"href":"https:\/\/www.loopkinglaces.com\/fr\/wp-json\/wp\/v2\/product_cat?post=72751"},{"taxonomy":"product_tag","embeddable":true,"href":"https:\/\/www.loopkinglaces.com\/fr\/wp-json\/wp\/v2\/product_tag?post=72751"},{"taxonomy":"woo-feed-brand","embeddable":true,"href":"https:\/\/www.loopkinglaces.com\/fr\/wp-json\/wp\/v2\/woo-feed-brand?post=72751"}],"curies":[{"name":"wp","href":"https:\/\/api.w.org\/{rel}","templated":true}]}}