{"id":72575,"date":"2018-06-27T13:19:03","date_gmt":"2018-06-27T13:19:03","guid":{"rendered":"https:\/\/www.loopkinglaces.com\/products\/pack-de-demarrage-cire-plat-monochrome-4-en-1\/"},"modified":"2024-10-03T20:51:19","modified_gmt":"2024-10-03T20:51:19","slug":"pack-de-demarrage-cire-plat-monochrome-4-en-1","status":"publish","type":"product","link":"https:\/\/www.loopkinglaces.com\/fr\/products\/pack-de-demarrage-cire-plat-monochrome-4-en-1\/","title":{"rendered":"Pack de d\u00e9marrage cir\u00e9 plat monochrome (4 en 1)"},"content":{"rendered":"<h3>Paquet de d\u00e9part de lacets (cir\u00e9 plat monochrome)<\/h3>\n<p>  Loop King Laces ne propose que des lacets de luxe de la plus haute qualit\u00e9.<br \/>\nNos lacets plats cir\u00e9s sont fabriqu\u00e9s avec des embouts m\u00e9talliques gaufr\u00e9s portant l&#8217;inscription LOOP KING et notre couronne symbolique.<br \/>\nChaque lacet plat cir\u00e9 est fabriqu\u00e9 \u00e0 partir d&#8217;une cire de premi\u00e8re qualit\u00e9 et d&#8217;une couche de coton de premi\u00e8re qualit\u00e9 pour emp\u00eacher le lacet de s&#8217;effilocher de fa\u00e7on inattendue et pour augmenter la dur\u00e9e de vie du lacet de plus du triple de celle d&#8217;un lacet de qualit\u00e9 ordinaire.<br \/>\nNos lacets s&#8217;adaptent \u00e0 tous les types de baskets et \u00e0 toutes les marques, y compris Adidas, Nike, VANS et ainsi de suite, visite notre <a href=\"\/shoelace-size-chart\/\">guide des tailles<\/a> o\u00f9 tu pourras trouver la taille de lacets parfaite pour tes chaussures.     &nbsp;<\/p>\n","protected":false},"excerpt":{"rendered":"<p>Monochrome <strong>Flat Waxed Starter Pack<\/strong> \u00c9CONOMISE <strong> 15,00 $<\/strong> et b\u00e9n\u00e9ficie de la <strong>LIVRAISON GRATUITE<\/strong> avec ce pack de d\u00e9marrage.<br \/>\nComprend 4 lacets cir\u00e9s plats de luxe (le pack de d\u00e9marrage cir\u00e9 plat monochrome).<br \/>\nListe compl\u00e8te des couleurs ci-dessous.<br \/>\nTous nos lacets de luxe en cire plate sont fabriqu\u00e9s avec de la cire de premi\u00e8re qualit\u00e9 et des mat\u00e9riaux de la plus haute qualit\u00e9 pour le lacet et l&#8217;embout m\u00e9tallique.     <\/p>\n<ul>\n<li>1x lacet plat cir\u00e9 de luxe <strong>gris<\/strong> <\/li>\n<li>1x lacet plat cir\u00e9 de luxe <b>marron <\/b> <strong>fonc\u00e9<\/strong> <\/li>\n<li>1x lacet plat cir\u00e9 de luxe <b>marron clair<\/b> <\/li>\n<li>1x lacet plat cir\u00e9 de luxe <strong>tan <\/strong><\/li>\n<li>Beautiful Loop King Emballage par lacet<\/li>\n<\/ul>\n","protected":false},"featured_media":72581,"comment_status":"open","ping_status":"closed","template":"","meta":{"_acf_changed":false},"product_brand":[],"product_cat":[1710,1366,1185,1353,1056,947],"product_tag":[1072,984,962,961,963],"woo-feed-brand":[],"class_list":{"0":"post-72575","1":"product","2":"type-product","3":"status-publish","4":"has-post-thumbnail","6":"product_cat-collection-de-lacets-cires-de-luxe","7":"product_cat-collection-de-lacets-de-chaussures-grises-classiques","8":"product_cat-lacets-a-pointe-dor","9":"product_cat-lacets-colores-a-la-mode-pour-chaussures-de-sport","10":"product_cat-paquets-de-depart-de-lacets","11":"product_cat-tous-les-lacets","12":"product_tag-chaussures","13":"product_tag-cire-plat","14":"product_tag-lacets","15":"product_tag-loop-king-fr","16":"product_tag-pointe-en-metal","18":"first","19":"instock","20":"taxable","21":"shipping-taxable","22":"purchasable","23":"product-type-variable"},"acf":[],"yoast_head":"<!-- This site is optimized with the Yoast SEO plugin v27.4 - https:\/\/yoast.com\/product\/yoast-seo-wordpress\/ -->\n<title>Paquet de lacet de d\u00e9part | Monochrome plat cir\u00e9 - Loop King<\/title>\n<meta name=\"description\" content=\"Loop King Laces Monochrome Starter Pack, comprenant des lacets en cire plate gris, marron fonc\u00e9, marron clair et marron fonc\u00e9. Un pack de 4 pour le prix de 3 ! Livraison dans le monde entier !\" \/>\n<meta name=\"robots\" content=\"index, follow, max-snippet:-1, max-image-preview:large, max-video-preview:-1\" \/>\n<link rel=\"canonical\" href=\"https:\/\/www.loopkinglaces.com\/fr\/products\/pack-de-demarrage-cire-plat-monochrome-4-en-1\/\" \/>\n<meta property=\"og:locale\" content=\"fr_FR\" \/>\n<meta property=\"og:type\" content=\"article\" \/>\n<meta property=\"og:title\" content=\"Paquet de lacet de d\u00e9part | Monochrome plat cir\u00e9 - Loop King\" \/>\n<meta property=\"og:description\" content=\"Loop King Laces Monochrome Starter Pack, comprenant des lacets en cire plate gris, marron fonc\u00e9, marron clair et marron fonc\u00e9. Un pack de 4 pour le prix de 3 ! Livraison dans le monde entier !\" \/>\n<meta property=\"og:url\" content=\"https:\/\/www.loopkinglaces.com\/fr\/products\/pack-de-demarrage-cire-plat-monochrome-4-en-1\/\" \/>\n<meta property=\"og:site_name\" content=\"Luxury Gold Tip Shoelaces by Loop King Laces\" \/>\n<meta property=\"article:publisher\" content=\"https:\/\/www.facebook.com\/LoopKingLaces\/\" \/>\n<meta property=\"article:modified_time\" content=\"2024-10-03T20:51:19+00:00\" \/>\n<meta property=\"og:image\" content=\"https:\/\/www.loopkinglaces.com\/wp-content\/uploads\/Monotone-Flat-Waxed-Starter-Pack-Bundle.jpg\" \/>\n\t<meta property=\"og:image:width\" content=\"1000\" \/>\n\t<meta property=\"og:image:height\" content=\"1000\" \/>\n\t<meta property=\"og:image:type\" content=\"image\/jpeg\" \/>\n<meta name=\"twitter:card\" content=\"summary_large_image\" \/>\n<meta name=\"twitter:site\" content=\"@loopkinglaces\" \/>\n<meta name=\"twitter:label1\" content=\"Dur\u00e9e de lecture estim\u00e9e\" \/>\n\t<meta name=\"twitter:data1\" content=\"1 minute\" \/>\n<script type=\"application\/ld+json\" class=\"yoast-schema-graph\">{\"@context\":\"https:\\\/\\\/schema.org\",\"@graph\":[{\"@type\":[\"WebPage\",\"ItemPage\"],\"@id\":\"https:\\\/\\\/www.loopkinglaces.com\\\/fr\\\/products\\\/pack-de-demarrage-cire-plat-monochrome-4-en-1\\\/\",\"url\":\"https:\\\/\\\/www.loopkinglaces.com\\\/fr\\\/products\\\/pack-de-demarrage-cire-plat-monochrome-4-en-1\\\/\",\"name\":\"Paquet de lacet de d\u00e9part | Monochrome plat cir\u00e9 - Loop King\",\"isPartOf\":{\"@id\":\"https:\\\/\\\/www.loopkinglaces.com\\\/fr\\\/#website\"},\"primaryImageOfPage\":{\"@id\":\"https:\\\/\\\/www.loopkinglaces.com\\\/fr\\\/products\\\/pack-de-demarrage-cire-plat-monochrome-4-en-1\\\/#primaryimage\"},\"image\":{\"@id\":\"https:\\\/\\\/www.loopkinglaces.com\\\/fr\\\/products\\\/pack-de-demarrage-cire-plat-monochrome-4-en-1\\\/#primaryimage\"},\"thumbnailUrl\":\"https:\\\/\\\/www.loopkinglaces.com\\\/wp-content\\\/uploads\\\/Monotone-Flat-Waxed-Starter-Pack-Bundle.jpg\",\"datePublished\":\"2018-06-27T13:19:03+00:00\",\"dateModified\":\"2024-10-03T20:51:19+00:00\",\"description\":\"Loop King Laces Monochrome Starter Pack, comprenant des lacets en cire plate gris, marron fonc\u00e9, marron clair et marron fonc\u00e9. Un pack de 4 pour le prix de 3 ! Livraison dans le monde entier !\",\"breadcrumb\":{\"@id\":\"https:\\\/\\\/www.loopkinglaces.com\\\/fr\\\/products\\\/pack-de-demarrage-cire-plat-monochrome-4-en-1\\\/#breadcrumb\"},\"inLanguage\":\"fr-FR\",\"potentialAction\":[{\"@type\":\"ReadAction\",\"target\":[\"https:\\\/\\\/www.loopkinglaces.com\\\/fr\\\/products\\\/pack-de-demarrage-cire-plat-monochrome-4-en-1\\\/\"]}]},{\"@type\":\"ImageObject\",\"inLanguage\":\"fr-FR\",\"@id\":\"https:\\\/\\\/www.loopkinglaces.com\\\/fr\\\/products\\\/pack-de-demarrage-cire-plat-monochrome-4-en-1\\\/#primaryimage\",\"url\":\"https:\\\/\\\/www.loopkinglaces.com\\\/wp-content\\\/uploads\\\/Monotone-Flat-Waxed-Starter-Pack-Bundle.jpg\",\"contentUrl\":\"https:\\\/\\\/www.loopkinglaces.com\\\/wp-content\\\/uploads\\\/Monotone-Flat-Waxed-Starter-Pack-Bundle.jpg\",\"width\":1000,\"height\":1000},{\"@type\":\"BreadcrumbList\",\"@id\":\"https:\\\/\\\/www.loopkinglaces.com\\\/fr\\\/products\\\/pack-de-demarrage-cire-plat-monochrome-4-en-1\\\/#breadcrumb\",\"itemListElement\":[{\"@type\":\"ListItem\",\"position\":1,\"name\":\"Home\",\"item\":\"https:\\\/\\\/www.loopkinglaces.com\\\/fr\\\/\"},{\"@type\":\"ListItem\",\"position\":2,\"name\":\"ACHETER DES LACES\",\"item\":\"https:\\\/\\\/www.loopkinglaces.com\\\/fr\\\/acheter-des-laces\\\/\"},{\"@type\":\"ListItem\",\"position\":3,\"name\":\"Pack de d\u00e9marrage cir\u00e9 plat monochrome (4 en 1)\"}]},{\"@type\":\"WebSite\",\"@id\":\"https:\\\/\\\/www.loopkinglaces.com\\\/fr\\\/#website\",\"url\":\"https:\\\/\\\/www.loopkinglaces.com\\\/fr\\\/\",\"name\":\"Luxury Gold Tip Shoelaces by Loop King Laces\",\"description\":\"Rope Laces, Flat Waxed Laces and Leather Laces. All With Gold Tips.\",\"publisher\":{\"@id\":\"https:\\\/\\\/www.loopkinglaces.com\\\/fr\\\/#organization\"},\"potentialAction\":[{\"@type\":\"SearchAction\",\"target\":{\"@type\":\"EntryPoint\",\"urlTemplate\":\"https:\\\/\\\/www.loopkinglaces.com\\\/fr\\\/?s={search_term_string}\"},\"query-input\":{\"@type\":\"PropertyValueSpecification\",\"valueRequired\":true,\"valueName\":\"search_term_string\"}}],\"inLanguage\":\"fr-FR\"},{\"@type\":\"Organization\",\"@id\":\"https:\\\/\\\/www.loopkinglaces.com\\\/fr\\\/#organization\",\"name\":\"Loop King Laces\",\"url\":\"https:\\\/\\\/www.loopkinglaces.com\\\/fr\\\/\",\"logo\":{\"@type\":\"ImageObject\",\"inLanguage\":\"fr-FR\",\"@id\":\"https:\\\/\\\/www.loopkinglaces.com\\\/fr\\\/#\\\/schema\\\/logo\\\/image\\\/\",\"url\":\"https:\\\/\\\/www.loopkinglaces.com\\\/wp-content\\\/uploads\\\/LOOP-KING-LACES.1.1-01-LOGO-HI-RES-OFFICIAL-1.png\",\"contentUrl\":\"https:\\\/\\\/www.loopkinglaces.com\\\/wp-content\\\/uploads\\\/LOOP-KING-LACES.1.1-01-LOGO-HI-RES-OFFICIAL-1.png\",\"width\":128,\"height\":91,\"caption\":\"Loop King Laces\"},\"image\":{\"@id\":\"https:\\\/\\\/www.loopkinglaces.com\\\/fr\\\/#\\\/schema\\\/logo\\\/image\\\/\"},\"sameAs\":[\"https:\\\/\\\/www.facebook.com\\\/LoopKingLaces\\\/\",\"https:\\\/\\\/x.com\\\/loopkinglaces\",\"https:\\\/\\\/www.instagram.com\\\/loopkinglaces\\\/\"]}]}<\/script>\n<!-- \/ Yoast SEO plugin. -->","yoast_head_json":{"title":"Paquet de lacet de d\u00e9part | Monochrome plat cir\u00e9 - Loop King","description":"Loop King Laces Monochrome Starter Pack, comprenant des lacets en cire plate gris, marron fonc\u00e9, marron clair et marron fonc\u00e9. Un pack de 4 pour le prix de 3 ! Livraison dans le monde entier !","robots":{"index":"index","follow":"follow","max-snippet":"max-snippet:-1","max-image-preview":"max-image-preview:large","max-video-preview":"max-video-preview:-1"},"canonical":"https:\/\/www.loopkinglaces.com\/fr\/products\/pack-de-demarrage-cire-plat-monochrome-4-en-1\/","og_locale":"fr_FR","og_type":"article","og_title":"Paquet de lacet de d\u00e9part | Monochrome plat cir\u00e9 - Loop King","og_description":"Loop King Laces Monochrome Starter Pack, comprenant des lacets en cire plate gris, marron fonc\u00e9, marron clair et marron fonc\u00e9. Un pack de 4 pour le prix de 3 ! Livraison dans le monde entier !","og_url":"https:\/\/www.loopkinglaces.com\/fr\/products\/pack-de-demarrage-cire-plat-monochrome-4-en-1\/","og_site_name":"Luxury Gold Tip Shoelaces by Loop King Laces","article_publisher":"https:\/\/www.facebook.com\/LoopKingLaces\/","article_modified_time":"2024-10-03T20:51:19+00:00","og_image":[{"width":1000,"height":1000,"url":"https:\/\/www.loopkinglaces.com\/wp-content\/uploads\/Monotone-Flat-Waxed-Starter-Pack-Bundle.jpg","type":"image\/jpeg"}],"twitter_card":"summary_large_image","twitter_site":"@loopkinglaces","twitter_misc":{"Dur\u00e9e de lecture estim\u00e9e":"1 minute"},"schema":{"@context":"https:\/\/schema.org","@graph":[{"@type":["WebPage","ItemPage"],"@id":"https:\/\/www.loopkinglaces.com\/fr\/products\/pack-de-demarrage-cire-plat-monochrome-4-en-1\/","url":"https:\/\/www.loopkinglaces.com\/fr\/products\/pack-de-demarrage-cire-plat-monochrome-4-en-1\/","name":"Paquet de lacet de d\u00e9part | Monochrome plat cir\u00e9 - Loop King","isPartOf":{"@id":"https:\/\/www.loopkinglaces.com\/fr\/#website"},"primaryImageOfPage":{"@id":"https:\/\/www.loopkinglaces.com\/fr\/products\/pack-de-demarrage-cire-plat-monochrome-4-en-1\/#primaryimage"},"image":{"@id":"https:\/\/www.loopkinglaces.com\/fr\/products\/pack-de-demarrage-cire-plat-monochrome-4-en-1\/#primaryimage"},"thumbnailUrl":"https:\/\/www.loopkinglaces.com\/wp-content\/uploads\/Monotone-Flat-Waxed-Starter-Pack-Bundle.jpg","datePublished":"2018-06-27T13:19:03+00:00","dateModified":"2024-10-03T20:51:19+00:00","description":"Loop King Laces Monochrome Starter Pack, comprenant des lacets en cire plate gris, marron fonc\u00e9, marron clair et marron fonc\u00e9. Un pack de 4 pour le prix de 3 ! Livraison dans le monde entier !","breadcrumb":{"@id":"https:\/\/www.loopkinglaces.com\/fr\/products\/pack-de-demarrage-cire-plat-monochrome-4-en-1\/#breadcrumb"},"inLanguage":"fr-FR","potentialAction":[{"@type":"ReadAction","target":["https:\/\/www.loopkinglaces.com\/fr\/products\/pack-de-demarrage-cire-plat-monochrome-4-en-1\/"]}]},{"@type":"ImageObject","inLanguage":"fr-FR","@id":"https:\/\/www.loopkinglaces.com\/fr\/products\/pack-de-demarrage-cire-plat-monochrome-4-en-1\/#primaryimage","url":"https:\/\/www.loopkinglaces.com\/wp-content\/uploads\/Monotone-Flat-Waxed-Starter-Pack-Bundle.jpg","contentUrl":"https:\/\/www.loopkinglaces.com\/wp-content\/uploads\/Monotone-Flat-Waxed-Starter-Pack-Bundle.jpg","width":1000,"height":1000},{"@type":"BreadcrumbList","@id":"https:\/\/www.loopkinglaces.com\/fr\/products\/pack-de-demarrage-cire-plat-monochrome-4-en-1\/#breadcrumb","itemListElement":[{"@type":"ListItem","position":1,"name":"Home","item":"https:\/\/www.loopkinglaces.com\/fr\/"},{"@type":"ListItem","position":2,"name":"ACHETER DES LACES","item":"https:\/\/www.loopkinglaces.com\/fr\/acheter-des-laces\/"},{"@type":"ListItem","position":3,"name":"Pack de d\u00e9marrage cir\u00e9 plat monochrome (4 en 1)"}]},{"@type":"WebSite","@id":"https:\/\/www.loopkinglaces.com\/fr\/#website","url":"https:\/\/www.loopkinglaces.com\/fr\/","name":"Luxury Gold Tip Shoelaces by Loop King Laces","description":"Rope Laces, Flat Waxed Laces and Leather Laces. All With Gold Tips.","publisher":{"@id":"https:\/\/www.loopkinglaces.com\/fr\/#organization"},"potentialAction":[{"@type":"SearchAction","target":{"@type":"EntryPoint","urlTemplate":"https:\/\/www.loopkinglaces.com\/fr\/?s={search_term_string}"},"query-input":{"@type":"PropertyValueSpecification","valueRequired":true,"valueName":"search_term_string"}}],"inLanguage":"fr-FR"},{"@type":"Organization","@id":"https:\/\/www.loopkinglaces.com\/fr\/#organization","name":"Loop King Laces","url":"https:\/\/www.loopkinglaces.com\/fr\/","logo":{"@type":"ImageObject","inLanguage":"fr-FR","@id":"https:\/\/www.loopkinglaces.com\/fr\/#\/schema\/logo\/image\/","url":"https:\/\/www.loopkinglaces.com\/wp-content\/uploads\/LOOP-KING-LACES.1.1-01-LOGO-HI-RES-OFFICIAL-1.png","contentUrl":"https:\/\/www.loopkinglaces.com\/wp-content\/uploads\/LOOP-KING-LACES.1.1-01-LOGO-HI-RES-OFFICIAL-1.png","width":128,"height":91,"caption":"Loop King Laces"},"image":{"@id":"https:\/\/www.loopkinglaces.com\/fr\/#\/schema\/logo\/image\/"},"sameAs":["https:\/\/www.facebook.com\/LoopKingLaces\/","https:\/\/x.com\/loopkinglaces","https:\/\/www.instagram.com\/loopkinglaces\/"]}]}},"_links":{"self":[{"href":"https:\/\/www.loopkinglaces.com\/fr\/wp-json\/wp\/v2\/product\/72575","targetHints":{"allow":["GET"]}}],"collection":[{"href":"https:\/\/www.loopkinglaces.com\/fr\/wp-json\/wp\/v2\/product"}],"about":[{"href":"https:\/\/www.loopkinglaces.com\/fr\/wp-json\/wp\/v2\/types\/product"}],"replies":[{"embeddable":true,"href":"https:\/\/www.loopkinglaces.com\/fr\/wp-json\/wp\/v2\/comments?post=72575"}],"wp:featuredmedia":[{"embeddable":true,"href":"https:\/\/www.loopkinglaces.com\/fr\/wp-json\/wp\/v2\/media\/72581"}],"wp:attachment":[{"href":"https:\/\/www.loopkinglaces.com\/fr\/wp-json\/wp\/v2\/media?parent=72575"}],"wp:term":[{"taxonomy":"product_brand","embeddable":true,"href":"https:\/\/www.loopkinglaces.com\/fr\/wp-json\/wp\/v2\/product_brand?post=72575"},{"taxonomy":"product_cat","embeddable":true,"href":"https:\/\/www.loopkinglaces.com\/fr\/wp-json\/wp\/v2\/product_cat?post=72575"},{"taxonomy":"product_tag","embeddable":true,"href":"https:\/\/www.loopkinglaces.com\/fr\/wp-json\/wp\/v2\/product_tag?post=72575"},{"taxonomy":"woo-feed-brand","embeddable":true,"href":"https:\/\/www.loopkinglaces.com\/fr\/wp-json\/wp\/v2\/woo-feed-brand?post=72575"}],"curies":[{"name":"wp","href":"https:\/\/api.w.org\/{rel}","templated":true}]}}