{"id":72122,"date":"2018-06-23T07:43:40","date_gmt":"2018-06-23T07:43:40","guid":{"rendered":"https:\/\/www.loopkinglaces.com\/products\/lacets-plats-cires-noirs-avec-pointes-dorees\/"},"modified":"2026-02-10T15:11:39","modified_gmt":"2026-02-10T15:11:39","slug":"lacets-plats-cires-noirs-avec-pointes-dorees","status":"publish","type":"product","link":"https:\/\/www.loopkinglaces.com\/fr\/products\/lacets-plats-cires-noirs-avec-pointes-dorees\/","title":{"rendered":"Lacets plats cir\u00e9s noirs avec pointes dor\u00e9es"},"content":{"rendered":"<h3><a href=\"https:\/\/www.loopkinglaces.com\/\">Lacets de luxe pour baskets<\/a><\/h3>\n<p>  Loop King Laces ne propose que des lacets de luxe de la plus haute qualit\u00e9.<br \/>\nNos lacets plats cir\u00e9s sont fabriqu\u00e9s avec des embouts m\u00e9talliques gaufr\u00e9s portant l&#8217;inscription LOOP KING et notre couronne symbolique.<br \/>\nChaque lacet plat cir\u00e9 est fabriqu\u00e9 \u00e0 partir d&#8217;une cire de premi\u00e8re qualit\u00e9 et d&#8217;une couche de coton de premi\u00e8re qualit\u00e9 pour emp\u00eacher le lacet de s&#8217;effilocher de fa\u00e7on inattendue et pour augmenter la dur\u00e9e de vie du lacet de plus du triple de celle d&#8217;un lacet de qualit\u00e9 ordinaire.<br \/>\nNos lacets s&#8217;adaptent \u00e0 tous les types de baskets et \u00e0 toutes les marques, y compris Adidas, Nike, VANS et ainsi de suite, visite notre <a href=\"\/shoelace-size-chart\/\">guide des tailles<\/a> o\u00f9 tu pourras trouver la taille de lacets parfaite pour tes chaussures.     &nbsp;<\/p>\n","protected":false},"excerpt":{"rendered":"<p><strong>Lacets plats cir\u00e9s noirs avec pointes dor\u00e9es<\/strong> Loop King Laces &#8211; Nos lacets plats cir\u00e9s noirs de luxe sont dot\u00e9s de pointes dor\u00e9es en relief.<br \/>\nTous nos lacets de luxe sont fabriqu\u00e9s \u00e0 partir de mat\u00e9riaux de premi\u00e8re qualit\u00e9 avec des pointes en m\u00e9tal de la plus haute qualit\u00e9.<br \/>\nNos lacets plats cir\u00e9s sont con\u00e7us pour durer trois fois plus longtemps que les lacets de qualit\u00e9 ordinaire.   Regarde nos caract\u00e9ristiques compl\u00e8tes ci-dessous :  <\/p>\n<ul>\n<li>Largeur de 6 mm (plat)<\/li>\n<li>Premium Waxed<\/li>\n<li>Dur\u00e9e de vie <strong>3 fois plus longue<\/strong> que les lacets ordinaires<\/li>\n<li>Aglette d&#8217;or du roi des boucles<\/li>\n<li>Beautiful Loop King Emballage par lacet<\/li>\n<\/ul>\n","protected":false},"featured_media":72141,"comment_status":"open","ping_status":"closed","template":"","meta":{"_acf_changed":false},"product_brand":[],"product_cat":[1710,1429,1185,1715,1230,1231,1427,1195,1431,1507,1068,1228,1226,947],"product_tag":[986,984,962,966,961,964,985,963],"woo-feed-brand":[],"class_list":{"0":"post-72122","1":"product","2":"type-product","3":"status-publish","4":"has-post-thumbnail","6":"product_cat-collection-de-lacets-cires-de-luxe","7":"product_cat-des-lacets-noirs-et-blancs-de-premiere-qualite-pour-un-look-elegant","8":"product_cat-lacets-a-pointe-dor","9":"product_cat-lacets-de-chaussures-de-bateau-tout-est-dans-les-details","10":"product_cat-lacets-de-chaussures-keen-maitriser-lart-du-noir-et-du-gris","11":"product_cat-lacets-de-chaussures-kiwi-plus-quune-simple-tendance","12":"product_cat-lacets-de-chaussures-noirs-de-qualite-superieure-elegants-et-luxueux","13":"product_cat-lacets-nike-sb-modernes-et-haut-de-gamme","14":"product_cat-lacets-noirs-et-jaunes-de-qualite-superieure-parfaits-pour-tous-les-styles","15":"product_cat-les-lacets-de-gavi-lhistoire-des-lacets-defaits-dune-star-du-football-du-fc-barcelone","16":"product_cat-magnifiques-lacets-air-max-270-qui-sadaptent-parfaitement-et-durent-longtemps","17":"product_cat-remplacement-des-lacets-supreme-qui-va-te-faire-tomber-les-chaussettes","18":"product_cat-superbes-lacets-jordan-pour-rafraichir-tes-chaussures-dans-de-nombreuses-couleurs","19":"product_cat-tous-les-lacets","20":"product_tag-cire","21":"product_tag-cire-plat","22":"product_tag-lacets","23":"product_tag-lacets-a-pointe-dor","24":"product_tag-loop-king-fr","25":"product_tag-noir","26":"product_tag-plat","27":"product_tag-pointe-en-metal","29":"first","30":"instock","31":"taxable","32":"shipping-taxable","33":"purchasable","34":"product-type-variable"},"acf":[],"yoast_head":"<!-- This site is optimized with the Yoast SEO plugin v27.4 - https:\/\/yoast.com\/product\/yoast-seo-wordpress\/ -->\n<title>Lacets noirs avec pointes dor\u00e9es - Meilleur style de chaussures<\/title>\n<meta name=\"description\" content=\"Le noir ne se d\u00e9mode jamais. Procure-toi nos lacets de chaussures noirs avec pointes dor\u00e9es si tu veux que tes baskets restent simples mais classiques et \u00e9l\u00e9gantes. Ach\u00e8te maintenant.\" \/>\n<meta name=\"robots\" content=\"index, follow, max-snippet:-1, max-image-preview:large, max-video-preview:-1\" \/>\n<link rel=\"canonical\" href=\"https:\/\/www.loopkinglaces.com\/fr\/products\/lacets-plats-cires-noirs-avec-pointes-dorees\/\" \/>\n<meta property=\"og:locale\" content=\"fr_FR\" \/>\n<meta property=\"og:type\" content=\"article\" \/>\n<meta property=\"og:title\" content=\"Lacets noirs avec pointes dor\u00e9es - Meilleur style de chaussures\" \/>\n<meta property=\"og:description\" content=\"Le noir ne se d\u00e9mode jamais. Procure-toi nos lacets de chaussures noirs avec pointes dor\u00e9es si tu veux que tes baskets restent simples mais classiques et \u00e9l\u00e9gantes. Ach\u00e8te maintenant.\" \/>\n<meta property=\"og:url\" content=\"https:\/\/www.loopkinglaces.com\/fr\/products\/lacets-plats-cires-noirs-avec-pointes-dorees\/\" \/>\n<meta property=\"og:site_name\" content=\"Luxury Gold Tip Shoelaces by Loop King Laces\" \/>\n<meta property=\"article:publisher\" content=\"https:\/\/www.facebook.com\/LoopKingLaces\/\" \/>\n<meta property=\"article:modified_time\" content=\"2026-02-10T15:11:39+00:00\" \/>\n<meta property=\"og:image\" content=\"https:\/\/www.loopkinglaces.com\/wp-content\/uploads\/flat-waxed-black-shoe-laces.jpg\" \/>\n\t<meta property=\"og:image:width\" content=\"1000\" \/>\n\t<meta property=\"og:image:height\" content=\"1000\" \/>\n\t<meta property=\"og:image:type\" content=\"image\/jpeg\" \/>\n<meta name=\"twitter:card\" content=\"summary_large_image\" \/>\n<meta name=\"twitter:site\" content=\"@loopkinglaces\" \/>\n<meta name=\"twitter:label1\" content=\"Dur\u00e9e de lecture estim\u00e9e\" \/>\n\t<meta name=\"twitter:data1\" content=\"1 minute\" \/>\n<script type=\"application\/ld+json\" class=\"yoast-schema-graph\">{\"@context\":\"https:\\\/\\\/schema.org\",\"@graph\":[{\"@type\":[\"WebPage\",\"ItemPage\"],\"@id\":\"https:\\\/\\\/www.loopkinglaces.com\\\/fr\\\/products\\\/lacets-plats-cires-noirs-avec-pointes-dorees\\\/\",\"url\":\"https:\\\/\\\/www.loopkinglaces.com\\\/fr\\\/products\\\/lacets-plats-cires-noirs-avec-pointes-dorees\\\/\",\"name\":\"Lacets noirs avec pointes dor\u00e9es - Meilleur style de chaussures\",\"isPartOf\":{\"@id\":\"https:\\\/\\\/www.loopkinglaces.com\\\/fr\\\/#website\"},\"primaryImageOfPage\":{\"@id\":\"https:\\\/\\\/www.loopkinglaces.com\\\/fr\\\/products\\\/lacets-plats-cires-noirs-avec-pointes-dorees\\\/#primaryimage\"},\"image\":{\"@id\":\"https:\\\/\\\/www.loopkinglaces.com\\\/fr\\\/products\\\/lacets-plats-cires-noirs-avec-pointes-dorees\\\/#primaryimage\"},\"thumbnailUrl\":\"https:\\\/\\\/www.loopkinglaces.com\\\/wp-content\\\/uploads\\\/flat-waxed-black-shoe-laces.jpg\",\"datePublished\":\"2018-06-23T07:43:40+00:00\",\"dateModified\":\"2026-02-10T15:11:39+00:00\",\"description\":\"Le noir ne se d\u00e9mode jamais. Procure-toi nos lacets de chaussures noirs avec pointes dor\u00e9es si tu veux que tes baskets restent simples mais classiques et \u00e9l\u00e9gantes. Ach\u00e8te maintenant.\",\"breadcrumb\":{\"@id\":\"https:\\\/\\\/www.loopkinglaces.com\\\/fr\\\/products\\\/lacets-plats-cires-noirs-avec-pointes-dorees\\\/#breadcrumb\"},\"inLanguage\":\"fr-FR\",\"potentialAction\":[{\"@type\":\"ReadAction\",\"target\":[\"https:\\\/\\\/www.loopkinglaces.com\\\/fr\\\/products\\\/lacets-plats-cires-noirs-avec-pointes-dorees\\\/\"]}]},{\"@type\":\"ImageObject\",\"inLanguage\":\"fr-FR\",\"@id\":\"https:\\\/\\\/www.loopkinglaces.com\\\/fr\\\/products\\\/lacets-plats-cires-noirs-avec-pointes-dorees\\\/#primaryimage\",\"url\":\"https:\\\/\\\/www.loopkinglaces.com\\\/wp-content\\\/uploads\\\/flat-waxed-black-shoe-laces.jpg\",\"contentUrl\":\"https:\\\/\\\/www.loopkinglaces.com\\\/wp-content\\\/uploads\\\/flat-waxed-black-shoe-laces.jpg\",\"width\":1000,\"height\":1000},{\"@type\":\"BreadcrumbList\",\"@id\":\"https:\\\/\\\/www.loopkinglaces.com\\\/fr\\\/products\\\/lacets-plats-cires-noirs-avec-pointes-dorees\\\/#breadcrumb\",\"itemListElement\":[{\"@type\":\"ListItem\",\"position\":1,\"name\":\"Home\",\"item\":\"https:\\\/\\\/www.loopkinglaces.com\\\/fr\\\/\"},{\"@type\":\"ListItem\",\"position\":2,\"name\":\"ACHETER DES LACES\",\"item\":\"https:\\\/\\\/www.loopkinglaces.com\\\/fr\\\/acheter-des-laces\\\/\"},{\"@type\":\"ListItem\",\"position\":3,\"name\":\"Lacets plats cir\u00e9s noirs avec pointes dor\u00e9es\"}]},{\"@type\":\"WebSite\",\"@id\":\"https:\\\/\\\/www.loopkinglaces.com\\\/fr\\\/#website\",\"url\":\"https:\\\/\\\/www.loopkinglaces.com\\\/fr\\\/\",\"name\":\"Luxury Gold Tip Shoelaces by Loop King Laces\",\"description\":\"Rope Laces, Flat Waxed Laces and Leather Laces. All With Gold Tips.\",\"publisher\":{\"@id\":\"https:\\\/\\\/www.loopkinglaces.com\\\/fr\\\/#organization\"},\"potentialAction\":[{\"@type\":\"SearchAction\",\"target\":{\"@type\":\"EntryPoint\",\"urlTemplate\":\"https:\\\/\\\/www.loopkinglaces.com\\\/fr\\\/?s={search_term_string}\"},\"query-input\":{\"@type\":\"PropertyValueSpecification\",\"valueRequired\":true,\"valueName\":\"search_term_string\"}}],\"inLanguage\":\"fr-FR\"},{\"@type\":\"Organization\",\"@id\":\"https:\\\/\\\/www.loopkinglaces.com\\\/fr\\\/#organization\",\"name\":\"Loop King Laces\",\"url\":\"https:\\\/\\\/www.loopkinglaces.com\\\/fr\\\/\",\"logo\":{\"@type\":\"ImageObject\",\"inLanguage\":\"fr-FR\",\"@id\":\"https:\\\/\\\/www.loopkinglaces.com\\\/fr\\\/#\\\/schema\\\/logo\\\/image\\\/\",\"url\":\"https:\\\/\\\/www.loopkinglaces.com\\\/wp-content\\\/uploads\\\/LOOP-KING-LACES.1.1-01-LOGO-HI-RES-OFFICIAL-1.png\",\"contentUrl\":\"https:\\\/\\\/www.loopkinglaces.com\\\/wp-content\\\/uploads\\\/LOOP-KING-LACES.1.1-01-LOGO-HI-RES-OFFICIAL-1.png\",\"width\":128,\"height\":91,\"caption\":\"Loop King Laces\"},\"image\":{\"@id\":\"https:\\\/\\\/www.loopkinglaces.com\\\/fr\\\/#\\\/schema\\\/logo\\\/image\\\/\"},\"sameAs\":[\"https:\\\/\\\/www.facebook.com\\\/LoopKingLaces\\\/\",\"https:\\\/\\\/x.com\\\/loopkinglaces\",\"https:\\\/\\\/www.instagram.com\\\/loopkinglaces\\\/\"]}]}<\/script>\n<!-- \/ Yoast SEO plugin. -->","yoast_head_json":{"title":"Lacets noirs avec pointes dor\u00e9es - Meilleur style de chaussures","description":"Le noir ne se d\u00e9mode jamais. Procure-toi nos lacets de chaussures noirs avec pointes dor\u00e9es si tu veux que tes baskets restent simples mais classiques et \u00e9l\u00e9gantes. Ach\u00e8te maintenant.","robots":{"index":"index","follow":"follow","max-snippet":"max-snippet:-1","max-image-preview":"max-image-preview:large","max-video-preview":"max-video-preview:-1"},"canonical":"https:\/\/www.loopkinglaces.com\/fr\/products\/lacets-plats-cires-noirs-avec-pointes-dorees\/","og_locale":"fr_FR","og_type":"article","og_title":"Lacets noirs avec pointes dor\u00e9es - Meilleur style de chaussures","og_description":"Le noir ne se d\u00e9mode jamais. Procure-toi nos lacets de chaussures noirs avec pointes dor\u00e9es si tu veux que tes baskets restent simples mais classiques et \u00e9l\u00e9gantes. Ach\u00e8te maintenant.","og_url":"https:\/\/www.loopkinglaces.com\/fr\/products\/lacets-plats-cires-noirs-avec-pointes-dorees\/","og_site_name":"Luxury Gold Tip Shoelaces by Loop King Laces","article_publisher":"https:\/\/www.facebook.com\/LoopKingLaces\/","article_modified_time":"2026-02-10T15:11:39+00:00","og_image":[{"width":1000,"height":1000,"url":"https:\/\/www.loopkinglaces.com\/wp-content\/uploads\/flat-waxed-black-shoe-laces.jpg","type":"image\/jpeg"}],"twitter_card":"summary_large_image","twitter_site":"@loopkinglaces","twitter_misc":{"Dur\u00e9e de lecture estim\u00e9e":"1 minute"},"schema":{"@context":"https:\/\/schema.org","@graph":[{"@type":["WebPage","ItemPage"],"@id":"https:\/\/www.loopkinglaces.com\/fr\/products\/lacets-plats-cires-noirs-avec-pointes-dorees\/","url":"https:\/\/www.loopkinglaces.com\/fr\/products\/lacets-plats-cires-noirs-avec-pointes-dorees\/","name":"Lacets noirs avec pointes dor\u00e9es - Meilleur style de chaussures","isPartOf":{"@id":"https:\/\/www.loopkinglaces.com\/fr\/#website"},"primaryImageOfPage":{"@id":"https:\/\/www.loopkinglaces.com\/fr\/products\/lacets-plats-cires-noirs-avec-pointes-dorees\/#primaryimage"},"image":{"@id":"https:\/\/www.loopkinglaces.com\/fr\/products\/lacets-plats-cires-noirs-avec-pointes-dorees\/#primaryimage"},"thumbnailUrl":"https:\/\/www.loopkinglaces.com\/wp-content\/uploads\/flat-waxed-black-shoe-laces.jpg","datePublished":"2018-06-23T07:43:40+00:00","dateModified":"2026-02-10T15:11:39+00:00","description":"Le noir ne se d\u00e9mode jamais. Procure-toi nos lacets de chaussures noirs avec pointes dor\u00e9es si tu veux que tes baskets restent simples mais classiques et \u00e9l\u00e9gantes. Ach\u00e8te maintenant.","breadcrumb":{"@id":"https:\/\/www.loopkinglaces.com\/fr\/products\/lacets-plats-cires-noirs-avec-pointes-dorees\/#breadcrumb"},"inLanguage":"fr-FR","potentialAction":[{"@type":"ReadAction","target":["https:\/\/www.loopkinglaces.com\/fr\/products\/lacets-plats-cires-noirs-avec-pointes-dorees\/"]}]},{"@type":"ImageObject","inLanguage":"fr-FR","@id":"https:\/\/www.loopkinglaces.com\/fr\/products\/lacets-plats-cires-noirs-avec-pointes-dorees\/#primaryimage","url":"https:\/\/www.loopkinglaces.com\/wp-content\/uploads\/flat-waxed-black-shoe-laces.jpg","contentUrl":"https:\/\/www.loopkinglaces.com\/wp-content\/uploads\/flat-waxed-black-shoe-laces.jpg","width":1000,"height":1000},{"@type":"BreadcrumbList","@id":"https:\/\/www.loopkinglaces.com\/fr\/products\/lacets-plats-cires-noirs-avec-pointes-dorees\/#breadcrumb","itemListElement":[{"@type":"ListItem","position":1,"name":"Home","item":"https:\/\/www.loopkinglaces.com\/fr\/"},{"@type":"ListItem","position":2,"name":"ACHETER DES LACES","item":"https:\/\/www.loopkinglaces.com\/fr\/acheter-des-laces\/"},{"@type":"ListItem","position":3,"name":"Lacets plats cir\u00e9s noirs avec pointes dor\u00e9es"}]},{"@type":"WebSite","@id":"https:\/\/www.loopkinglaces.com\/fr\/#website","url":"https:\/\/www.loopkinglaces.com\/fr\/","name":"Luxury Gold Tip Shoelaces by Loop King Laces","description":"Rope Laces, Flat Waxed Laces and Leather Laces. All With Gold Tips.","publisher":{"@id":"https:\/\/www.loopkinglaces.com\/fr\/#organization"},"potentialAction":[{"@type":"SearchAction","target":{"@type":"EntryPoint","urlTemplate":"https:\/\/www.loopkinglaces.com\/fr\/?s={search_term_string}"},"query-input":{"@type":"PropertyValueSpecification","valueRequired":true,"valueName":"search_term_string"}}],"inLanguage":"fr-FR"},{"@type":"Organization","@id":"https:\/\/www.loopkinglaces.com\/fr\/#organization","name":"Loop King Laces","url":"https:\/\/www.loopkinglaces.com\/fr\/","logo":{"@type":"ImageObject","inLanguage":"fr-FR","@id":"https:\/\/www.loopkinglaces.com\/fr\/#\/schema\/logo\/image\/","url":"https:\/\/www.loopkinglaces.com\/wp-content\/uploads\/LOOP-KING-LACES.1.1-01-LOGO-HI-RES-OFFICIAL-1.png","contentUrl":"https:\/\/www.loopkinglaces.com\/wp-content\/uploads\/LOOP-KING-LACES.1.1-01-LOGO-HI-RES-OFFICIAL-1.png","width":128,"height":91,"caption":"Loop King Laces"},"image":{"@id":"https:\/\/www.loopkinglaces.com\/fr\/#\/schema\/logo\/image\/"},"sameAs":["https:\/\/www.facebook.com\/LoopKingLaces\/","https:\/\/x.com\/loopkinglaces","https:\/\/www.instagram.com\/loopkinglaces\/"]}]}},"_links":{"self":[{"href":"https:\/\/www.loopkinglaces.com\/fr\/wp-json\/wp\/v2\/product\/72122","targetHints":{"allow":["GET"]}}],"collection":[{"href":"https:\/\/www.loopkinglaces.com\/fr\/wp-json\/wp\/v2\/product"}],"about":[{"href":"https:\/\/www.loopkinglaces.com\/fr\/wp-json\/wp\/v2\/types\/product"}],"replies":[{"embeddable":true,"href":"https:\/\/www.loopkinglaces.com\/fr\/wp-json\/wp\/v2\/comments?post=72122"}],"wp:featuredmedia":[{"embeddable":true,"href":"https:\/\/www.loopkinglaces.com\/fr\/wp-json\/wp\/v2\/media\/72141"}],"wp:attachment":[{"href":"https:\/\/www.loopkinglaces.com\/fr\/wp-json\/wp\/v2\/media?parent=72122"}],"wp:term":[{"taxonomy":"product_brand","embeddable":true,"href":"https:\/\/www.loopkinglaces.com\/fr\/wp-json\/wp\/v2\/product_brand?post=72122"},{"taxonomy":"product_cat","embeddable":true,"href":"https:\/\/www.loopkinglaces.com\/fr\/wp-json\/wp\/v2\/product_cat?post=72122"},{"taxonomy":"product_tag","embeddable":true,"href":"https:\/\/www.loopkinglaces.com\/fr\/wp-json\/wp\/v2\/product_tag?post=72122"},{"taxonomy":"woo-feed-brand","embeddable":true,"href":"https:\/\/www.loopkinglaces.com\/fr\/wp-json\/wp\/v2\/woo-feed-brand?post=72122"}],"curies":[{"name":"wp","href":"https:\/\/api.w.org\/{rel}","templated":true}]}}