{"id":71680,"date":"2023-04-30T18:39:43","date_gmt":"2023-04-30T18:39:43","guid":{"rendered":"https:\/\/www.loopkinglaces.com\/products\/lacets-plats-en-coton-rose-avec-embouts-en-plastique-transparent\/"},"modified":"2023-04-30T18:39:43","modified_gmt":"2023-04-30T18:39:43","slug":"lacets-plats-en-coton-rose-avec-embouts-en-plastique-transparent","status":"publish","type":"product","link":"https:\/\/www.loopkinglaces.com\/fr\/products\/lacets-plats-en-coton-rose-avec-embouts-en-plastique-transparent\/","title":{"rendered":"Lacets plats en coton rose avec embouts en plastique transparent"},"content":{"rendered":"<p>Am\u00e9liore ton jeu de style avec nos lacets plats en coton de haute qualit\u00e9.<br \/>\nDot\u00e9s de pointes en plastique \u00e9l\u00e9gantes et d&#8217;un toucher doux, ces lacets sont parfaits pour les bottes, les chaussures habill\u00e9es, les baskets &#8211; et j&#8217;en passe !<br \/>\nAvec un minimum d&#8217;effort n\u00e9cessaire pour changer de marque gr\u00e2ce \u00e0 leur compatibilit\u00e9 polyvalente &#8211; ne reste pas immobile ; commen\u00e7ons \u00e0 courir vers la ligne d&#8217;arriv\u00e9e dans la mode ultime !  <\/p>\n","protected":false},"excerpt":{"rendered":"<p><strong>Lacets plats en coton rose avec embouts en plastique transparent<\/strong> Tu en as assez de tes vieux lacets ?<br \/>\nTu es pr\u00eat \u00e0 te donner un nouveau style ?<br \/>\nNos lacets plats en coton rose avec embouts en plastique transparent pr\u00e9sentent un design \u00e9l\u00e9gant, avec des embouts en plastique transparent et un tissu super doux au toucher.<br \/>\nIls ajoutent instantan\u00e9ment du style \u00e0 n&#8217;importe quelle paire de bottes ou de chaussures &#8211; parfaits pour s&#8217;habiller ou se d\u00e9guiser !<br \/>\nDe plus, leur compatibilit\u00e9 universelle permet de les changer facilement.     Les principales caract\u00e9ristiques sont les suivantes :  <\/p>\n<ul>\n<li style=\"font-weight: 400;\" aria-level=\"1\">Mat\u00e9riaux de premi\u00e8re qualit\u00e9<\/li>\n<li style=\"font-weight: 400;\" aria-level=\"1\">Emballage scell\u00e9 et superbe<\/li>\n<li style=\"font-weight: 400;\" aria-level=\"1\">Diff\u00e9rentes longueurs sont disponibles<\/li>\n<li style=\"font-weight: 400;\" aria-level=\"1\">Convient \u00e0 toutes les grandes marques (Nike, Adidas, Reebok, Converse, Vans)<\/li>\n<li style=\"font-weight: 400;\" aria-level=\"1\">Embouts en plastique transparent<\/li>\n<\/ul>\n","protected":false},"featured_media":71690,"comment_status":"open","ping_status":"closed","template":"","meta":{"_acf_changed":false},"product_brand":[],"product_cat":[1087,1419,1351,1062,1353,1217,1060,1238,1317,1215,1319,1219,1191,1064,947,1318],"product_tag":[986,984,962,966,961,964,985,963],"woo-feed-brand":[],"class_list":{"0":"post-71680","1":"product","2":"type-product","3":"status-publish","4":"has-post-thumbnail","6":"product_cat-des-lacets-en-coton-de-premiere-qualite-qui-surpassent-en-tous-points-les-autres-marques","7":"product_cat-jordan-1-mocha-pink-laces-pour-un-nouveau-look-excitant","8":"product_cat-lacets-asics-personnalise-tes-chaussures","9":"product_cat-lacets-balenciaga-lacets-haut-de-gamme-et-tendance","10":"product_cat-lacets-colores-a-la-mode-pour-chaussures-de-sport","11":"product_cat-lacets-colores-de-converse-high-top-qui-ont-lair-fabuleux-et-volants","12":"product_cat-lacets-converse-pour-remettre-tes-chucks-au-gout-du-jour","13":"product_cat-lacets-de-bottes-de-60-pouces-des-lacets-plus-longs-pour-une-declaration-de-style-ultime","14":"product_cat-lacets-de-chaussures-roses","15":"product_cat-lacets-nike-blazer-pour-un-style-superieur-et-des-tendances","16":"product_cat-lacets-nike-roses-pour-donner-a-tes-chaussures-une-touche-de-couleur","17":"product_cat-lacets-premium-yeezy-380-pour-ajouter-du-style-du-confort-et-de-la-durabilite","18":"product_cat-lacets-vans-fantastiques-pour-tes-baskets","19":"product_cat-premier-doc-marten-laces-remise-a-neuf-de-tes-chaussures","20":"product_cat-tous-les-lacets","21":"product_cat-une-mise-a-niveau-spectaculaire-jordan-1-biohack-superieur-a-lacets-roses","22":"product_tag-cire","23":"product_tag-cire-plat","24":"product_tag-lacets","25":"product_tag-lacets-a-pointe-dor","26":"product_tag-loop-king-fr","27":"product_tag-noir","28":"product_tag-plat","29":"product_tag-pointe-en-metal","31":"first","32":"instock","33":"taxable","34":"shipping-taxable","35":"product-type-variable"},"acf":[],"yoast_head":"<!-- This site is optimized with the Yoast SEO plugin v27.4 - https:\/\/yoast.com\/product\/yoast-seo-wordpress\/ -->\n<title>Lacets plats en coton rose avec embouts en plastique transparent<\/title>\n<meta name=\"description\" content=\"Rafra\u00eechis ton look en apportant une touche finale parfaite \u00e0 n&#039;importe quelle tenue gr\u00e2ce \u00e0 nos lacets plats en coton rose, dot\u00e9s de pointes en plastique transparent pour une esth\u00e9tique \u00e9pur\u00e9e.\" \/>\n<meta name=\"robots\" content=\"index, follow, max-snippet:-1, max-image-preview:large, max-video-preview:-1\" \/>\n<link rel=\"canonical\" href=\"https:\/\/www.loopkinglaces.com\/fr\/products\/lacets-plats-en-coton-rose-avec-embouts-en-plastique-transparent\/\" \/>\n<meta property=\"og:locale\" content=\"fr_FR\" \/>\n<meta property=\"og:type\" content=\"article\" \/>\n<meta property=\"og:title\" content=\"Lacets plats en coton rose avec embouts en plastique transparent\" \/>\n<meta property=\"og:description\" content=\"Rafra\u00eechis ton look en apportant une touche finale parfaite \u00e0 n&#039;importe quelle tenue gr\u00e2ce \u00e0 nos lacets plats en coton rose, dot\u00e9s de pointes en plastique transparent pour une esth\u00e9tique \u00e9pur\u00e9e.\" \/>\n<meta property=\"og:url\" content=\"https:\/\/www.loopkinglaces.com\/fr\/products\/lacets-plats-en-coton-rose-avec-embouts-en-plastique-transparent\/\" \/>\n<meta property=\"og:site_name\" content=\"Luxury Gold Tip Shoelaces by Loop King Laces\" \/>\n<meta property=\"article:publisher\" content=\"https:\/\/www.facebook.com\/LoopKingLaces\/\" \/>\n<meta property=\"og:image\" content=\"https:\/\/www.loopkinglaces.com\/wp-content\/uploads\/MG_1545.jpg\" \/>\n\t<meta property=\"og:image:width\" content=\"993\" \/>\n\t<meta property=\"og:image:height\" content=\"1000\" \/>\n\t<meta property=\"og:image:type\" content=\"image\/jpeg\" \/>\n<meta name=\"twitter:card\" content=\"summary_large_image\" \/>\n<meta name=\"twitter:site\" content=\"@loopkinglaces\" \/>\n<script type=\"application\/ld+json\" class=\"yoast-schema-graph\">{\"@context\":\"https:\\\/\\\/schema.org\",\"@graph\":[{\"@type\":[\"WebPage\",\"ItemPage\"],\"@id\":\"https:\\\/\\\/www.loopkinglaces.com\\\/fr\\\/products\\\/lacets-plats-en-coton-rose-avec-embouts-en-plastique-transparent\\\/\",\"url\":\"https:\\\/\\\/www.loopkinglaces.com\\\/fr\\\/products\\\/lacets-plats-en-coton-rose-avec-embouts-en-plastique-transparent\\\/\",\"name\":\"Lacets plats en coton rose avec embouts en plastique transparent\",\"isPartOf\":{\"@id\":\"https:\\\/\\\/www.loopkinglaces.com\\\/fr\\\/#website\"},\"primaryImageOfPage\":{\"@id\":\"https:\\\/\\\/www.loopkinglaces.com\\\/fr\\\/products\\\/lacets-plats-en-coton-rose-avec-embouts-en-plastique-transparent\\\/#primaryimage\"},\"image\":{\"@id\":\"https:\\\/\\\/www.loopkinglaces.com\\\/fr\\\/products\\\/lacets-plats-en-coton-rose-avec-embouts-en-plastique-transparent\\\/#primaryimage\"},\"thumbnailUrl\":\"https:\\\/\\\/www.loopkinglaces.com\\\/wp-content\\\/uploads\\\/MG_1545.jpg\",\"datePublished\":\"2023-04-30T18:39:43+00:00\",\"description\":\"Rafra\u00eechis ton look en apportant une touche finale parfaite \u00e0 n'importe quelle tenue gr\u00e2ce \u00e0 nos lacets plats en coton rose, dot\u00e9s de pointes en plastique transparent pour une esth\u00e9tique \u00e9pur\u00e9e.\",\"breadcrumb\":{\"@id\":\"https:\\\/\\\/www.loopkinglaces.com\\\/fr\\\/products\\\/lacets-plats-en-coton-rose-avec-embouts-en-plastique-transparent\\\/#breadcrumb\"},\"inLanguage\":\"fr-FR\",\"potentialAction\":[{\"@type\":\"ReadAction\",\"target\":[\"https:\\\/\\\/www.loopkinglaces.com\\\/fr\\\/products\\\/lacets-plats-en-coton-rose-avec-embouts-en-plastique-transparent\\\/\"]}]},{\"@type\":\"ImageObject\",\"inLanguage\":\"fr-FR\",\"@id\":\"https:\\\/\\\/www.loopkinglaces.com\\\/fr\\\/products\\\/lacets-plats-en-coton-rose-avec-embouts-en-plastique-transparent\\\/#primaryimage\",\"url\":\"https:\\\/\\\/www.loopkinglaces.com\\\/wp-content\\\/uploads\\\/MG_1545.jpg\",\"contentUrl\":\"https:\\\/\\\/www.loopkinglaces.com\\\/wp-content\\\/uploads\\\/MG_1545.jpg\",\"width\":993,\"height\":1000},{\"@type\":\"BreadcrumbList\",\"@id\":\"https:\\\/\\\/www.loopkinglaces.com\\\/fr\\\/products\\\/lacets-plats-en-coton-rose-avec-embouts-en-plastique-transparent\\\/#breadcrumb\",\"itemListElement\":[{\"@type\":\"ListItem\",\"position\":1,\"name\":\"Home\",\"item\":\"https:\\\/\\\/www.loopkinglaces.com\\\/fr\\\/\"},{\"@type\":\"ListItem\",\"position\":2,\"name\":\"ACHETER DES LACES\",\"item\":\"https:\\\/\\\/www.loopkinglaces.com\\\/fr\\\/acheter-des-laces\\\/\"},{\"@type\":\"ListItem\",\"position\":3,\"name\":\"Lacets plats en coton rose avec embouts en plastique transparent\"}]},{\"@type\":\"WebSite\",\"@id\":\"https:\\\/\\\/www.loopkinglaces.com\\\/fr\\\/#website\",\"url\":\"https:\\\/\\\/www.loopkinglaces.com\\\/fr\\\/\",\"name\":\"Luxury Gold Tip Shoelaces by Loop King Laces\",\"description\":\"Rope Laces, Flat Waxed Laces and Leather Laces. All With Gold Tips.\",\"publisher\":{\"@id\":\"https:\\\/\\\/www.loopkinglaces.com\\\/fr\\\/#organization\"},\"potentialAction\":[{\"@type\":\"SearchAction\",\"target\":{\"@type\":\"EntryPoint\",\"urlTemplate\":\"https:\\\/\\\/www.loopkinglaces.com\\\/fr\\\/?s={search_term_string}\"},\"query-input\":{\"@type\":\"PropertyValueSpecification\",\"valueRequired\":true,\"valueName\":\"search_term_string\"}}],\"inLanguage\":\"fr-FR\"},{\"@type\":\"Organization\",\"@id\":\"https:\\\/\\\/www.loopkinglaces.com\\\/fr\\\/#organization\",\"name\":\"Loop King Laces\",\"url\":\"https:\\\/\\\/www.loopkinglaces.com\\\/fr\\\/\",\"logo\":{\"@type\":\"ImageObject\",\"inLanguage\":\"fr-FR\",\"@id\":\"https:\\\/\\\/www.loopkinglaces.com\\\/fr\\\/#\\\/schema\\\/logo\\\/image\\\/\",\"url\":\"https:\\\/\\\/www.loopkinglaces.com\\\/wp-content\\\/uploads\\\/LOOP-KING-LACES.1.1-01-LOGO-HI-RES-OFFICIAL-1.png\",\"contentUrl\":\"https:\\\/\\\/www.loopkinglaces.com\\\/wp-content\\\/uploads\\\/LOOP-KING-LACES.1.1-01-LOGO-HI-RES-OFFICIAL-1.png\",\"width\":128,\"height\":91,\"caption\":\"Loop King Laces\"},\"image\":{\"@id\":\"https:\\\/\\\/www.loopkinglaces.com\\\/fr\\\/#\\\/schema\\\/logo\\\/image\\\/\"},\"sameAs\":[\"https:\\\/\\\/www.facebook.com\\\/LoopKingLaces\\\/\",\"https:\\\/\\\/x.com\\\/loopkinglaces\",\"https:\\\/\\\/www.instagram.com\\\/loopkinglaces\\\/\"]}]}<\/script>\n<!-- \/ Yoast SEO plugin. -->","yoast_head_json":{"title":"Lacets plats en coton rose avec embouts en plastique transparent","description":"Rafra\u00eechis ton look en apportant une touche finale parfaite \u00e0 n'importe quelle tenue gr\u00e2ce \u00e0 nos lacets plats en coton rose, dot\u00e9s de pointes en plastique transparent pour une esth\u00e9tique \u00e9pur\u00e9e.","robots":{"index":"index","follow":"follow","max-snippet":"max-snippet:-1","max-image-preview":"max-image-preview:large","max-video-preview":"max-video-preview:-1"},"canonical":"https:\/\/www.loopkinglaces.com\/fr\/products\/lacets-plats-en-coton-rose-avec-embouts-en-plastique-transparent\/","og_locale":"fr_FR","og_type":"article","og_title":"Lacets plats en coton rose avec embouts en plastique transparent","og_description":"Rafra\u00eechis ton look en apportant une touche finale parfaite \u00e0 n'importe quelle tenue gr\u00e2ce \u00e0 nos lacets plats en coton rose, dot\u00e9s de pointes en plastique transparent pour une esth\u00e9tique \u00e9pur\u00e9e.","og_url":"https:\/\/www.loopkinglaces.com\/fr\/products\/lacets-plats-en-coton-rose-avec-embouts-en-plastique-transparent\/","og_site_name":"Luxury Gold Tip Shoelaces by Loop King Laces","article_publisher":"https:\/\/www.facebook.com\/LoopKingLaces\/","og_image":[{"width":993,"height":1000,"url":"https:\/\/www.loopkinglaces.com\/wp-content\/uploads\/MG_1545.jpg","type":"image\/jpeg"}],"twitter_card":"summary_large_image","twitter_site":"@loopkinglaces","schema":{"@context":"https:\/\/schema.org","@graph":[{"@type":["WebPage","ItemPage"],"@id":"https:\/\/www.loopkinglaces.com\/fr\/products\/lacets-plats-en-coton-rose-avec-embouts-en-plastique-transparent\/","url":"https:\/\/www.loopkinglaces.com\/fr\/products\/lacets-plats-en-coton-rose-avec-embouts-en-plastique-transparent\/","name":"Lacets plats en coton rose avec embouts en plastique transparent","isPartOf":{"@id":"https:\/\/www.loopkinglaces.com\/fr\/#website"},"primaryImageOfPage":{"@id":"https:\/\/www.loopkinglaces.com\/fr\/products\/lacets-plats-en-coton-rose-avec-embouts-en-plastique-transparent\/#primaryimage"},"image":{"@id":"https:\/\/www.loopkinglaces.com\/fr\/products\/lacets-plats-en-coton-rose-avec-embouts-en-plastique-transparent\/#primaryimage"},"thumbnailUrl":"https:\/\/www.loopkinglaces.com\/wp-content\/uploads\/MG_1545.jpg","datePublished":"2023-04-30T18:39:43+00:00","description":"Rafra\u00eechis ton look en apportant une touche finale parfaite \u00e0 n'importe quelle tenue gr\u00e2ce \u00e0 nos lacets plats en coton rose, dot\u00e9s de pointes en plastique transparent pour une esth\u00e9tique \u00e9pur\u00e9e.","breadcrumb":{"@id":"https:\/\/www.loopkinglaces.com\/fr\/products\/lacets-plats-en-coton-rose-avec-embouts-en-plastique-transparent\/#breadcrumb"},"inLanguage":"fr-FR","potentialAction":[{"@type":"ReadAction","target":["https:\/\/www.loopkinglaces.com\/fr\/products\/lacets-plats-en-coton-rose-avec-embouts-en-plastique-transparent\/"]}]},{"@type":"ImageObject","inLanguage":"fr-FR","@id":"https:\/\/www.loopkinglaces.com\/fr\/products\/lacets-plats-en-coton-rose-avec-embouts-en-plastique-transparent\/#primaryimage","url":"https:\/\/www.loopkinglaces.com\/wp-content\/uploads\/MG_1545.jpg","contentUrl":"https:\/\/www.loopkinglaces.com\/wp-content\/uploads\/MG_1545.jpg","width":993,"height":1000},{"@type":"BreadcrumbList","@id":"https:\/\/www.loopkinglaces.com\/fr\/products\/lacets-plats-en-coton-rose-avec-embouts-en-plastique-transparent\/#breadcrumb","itemListElement":[{"@type":"ListItem","position":1,"name":"Home","item":"https:\/\/www.loopkinglaces.com\/fr\/"},{"@type":"ListItem","position":2,"name":"ACHETER DES LACES","item":"https:\/\/www.loopkinglaces.com\/fr\/acheter-des-laces\/"},{"@type":"ListItem","position":3,"name":"Lacets plats en coton rose avec embouts en plastique transparent"}]},{"@type":"WebSite","@id":"https:\/\/www.loopkinglaces.com\/fr\/#website","url":"https:\/\/www.loopkinglaces.com\/fr\/","name":"Luxury Gold Tip Shoelaces by Loop King Laces","description":"Rope Laces, Flat Waxed Laces and Leather Laces. All With Gold Tips.","publisher":{"@id":"https:\/\/www.loopkinglaces.com\/fr\/#organization"},"potentialAction":[{"@type":"SearchAction","target":{"@type":"EntryPoint","urlTemplate":"https:\/\/www.loopkinglaces.com\/fr\/?s={search_term_string}"},"query-input":{"@type":"PropertyValueSpecification","valueRequired":true,"valueName":"search_term_string"}}],"inLanguage":"fr-FR"},{"@type":"Organization","@id":"https:\/\/www.loopkinglaces.com\/fr\/#organization","name":"Loop King Laces","url":"https:\/\/www.loopkinglaces.com\/fr\/","logo":{"@type":"ImageObject","inLanguage":"fr-FR","@id":"https:\/\/www.loopkinglaces.com\/fr\/#\/schema\/logo\/image\/","url":"https:\/\/www.loopkinglaces.com\/wp-content\/uploads\/LOOP-KING-LACES.1.1-01-LOGO-HI-RES-OFFICIAL-1.png","contentUrl":"https:\/\/www.loopkinglaces.com\/wp-content\/uploads\/LOOP-KING-LACES.1.1-01-LOGO-HI-RES-OFFICIAL-1.png","width":128,"height":91,"caption":"Loop King Laces"},"image":{"@id":"https:\/\/www.loopkinglaces.com\/fr\/#\/schema\/logo\/image\/"},"sameAs":["https:\/\/www.facebook.com\/LoopKingLaces\/","https:\/\/x.com\/loopkinglaces","https:\/\/www.instagram.com\/loopkinglaces\/"]}]}},"_links":{"self":[{"href":"https:\/\/www.loopkinglaces.com\/fr\/wp-json\/wp\/v2\/product\/71680","targetHints":{"allow":["GET"]}}],"collection":[{"href":"https:\/\/www.loopkinglaces.com\/fr\/wp-json\/wp\/v2\/product"}],"about":[{"href":"https:\/\/www.loopkinglaces.com\/fr\/wp-json\/wp\/v2\/types\/product"}],"replies":[{"embeddable":true,"href":"https:\/\/www.loopkinglaces.com\/fr\/wp-json\/wp\/v2\/comments?post=71680"}],"wp:featuredmedia":[{"embeddable":true,"href":"https:\/\/www.loopkinglaces.com\/fr\/wp-json\/wp\/v2\/media\/71690"}],"wp:attachment":[{"href":"https:\/\/www.loopkinglaces.com\/fr\/wp-json\/wp\/v2\/media?parent=71680"}],"wp:term":[{"taxonomy":"product_brand","embeddable":true,"href":"https:\/\/www.loopkinglaces.com\/fr\/wp-json\/wp\/v2\/product_brand?post=71680"},{"taxonomy":"product_cat","embeddable":true,"href":"https:\/\/www.loopkinglaces.com\/fr\/wp-json\/wp\/v2\/product_cat?post=71680"},{"taxonomy":"product_tag","embeddable":true,"href":"https:\/\/www.loopkinglaces.com\/fr\/wp-json\/wp\/v2\/product_tag?post=71680"},{"taxonomy":"woo-feed-brand","embeddable":true,"href":"https:\/\/www.loopkinglaces.com\/fr\/wp-json\/wp\/v2\/woo-feed-brand?post=71680"}],"curies":[{"name":"wp","href":"https:\/\/api.w.org\/{rel}","templated":true}]}}