{"id":71362,"date":"2023-03-22T17:50:21","date_gmt":"2023-03-22T17:50:21","guid":{"rendered":"https:\/\/www.loopkinglaces.com\/products\/lacets-ovales-rouges-de-premiere-qualite-avec-pointes-dorees\/"},"modified":"2026-02-10T15:11:36","modified_gmt":"2026-02-10T15:11:36","slug":"lacets-ovales-rouges-de-premiere-qualite-avec-pointes-dorees","status":"publish","type":"product","link":"https:\/\/www.loopkinglaces.com\/fr\/products\/lacets-ovales-rouges-de-premiere-qualite-avec-pointes-dorees\/","title":{"rendered":"Lacets ovales rouges de premi\u00e8re qualit\u00e9 avec pointes dor\u00e9es"},"content":{"rendered":"<p>Fais l&#8217;exp\u00e9rience d&#8217;un voyage captivant dans le monde des options circulaires, \u00e9pur\u00e9es et luxueusement incurv\u00e9es.<br \/>\nSois hypnotis\u00e9 par l&#8217;union magique du confort et de la r\u00e9silience, magistralement entrelac\u00e9s dans chaque brin \u00e9blouissant de nos lacets ovales rouges de qualit\u00e9 sup\u00e9rieure.<br \/>\nMonte en fl\u00e8che vers de nouveaux sommets inconnus dans tes activit\u00e9s athl\u00e9tiques gr\u00e2ce \u00e0 cette r\u00e9volution de la\u00e7age imbattable, rayonnant d&#8217;un style in\u00e9gal\u00e9 et d&#8217;une grande confiance en soi.  <\/p>\n","protected":false},"excerpt":{"rendered":"<p><strong>Lacets ovales rouges de qualit\u00e9 sup\u00e9rieure avec pointes dor\u00e9es<\/strong> Sois \u00e9merveill\u00e9 par le m\u00e9lange magique de confort et de r\u00e9silience, magistralement entrelac\u00e9 dans chaque brin splendide de nos lacets ovales rouges exquis.<br \/>\nPr\u00e9pare-toi \u00e0 triompher dans tes activit\u00e9s sportives, arm\u00e9 de cette cr\u00e9ation r\u00e9volutionnaire en dentelle qui rayonne d&#8217;un style et d&#8217;une assurance in\u00e9gal\u00e9s.  Les principales caract\u00e9ristiques sont les suivantes :  <\/p>\n<ul>\n<li style=\"font-weight: 400;\" aria-level=\"1\">Mat\u00e9riaux de premi\u00e8re qualit\u00e9<\/li>\n<li style=\"font-weight: 400;\" aria-level=\"1\">Pointes d&#8217;aiguille en or gaufr\u00e9<\/li>\n<li style=\"font-weight: 400;\" aria-level=\"1\">Construit pour durer 3x plus longtemps que les lacets traditionnels.<\/li>\n<li style=\"font-weight: 400;\" aria-level=\"1\">Emballage scell\u00e9 et superbe<\/li>\n<li style=\"font-weight: 400;\" aria-level=\"1\">Plusieurs longueurs sont disponibles<\/li>\n<\/ul>\n","protected":false},"featured_media":71370,"comment_status":"open","ping_status":"closed","template":"","meta":{"_acf_changed":false},"product_brand":[],"product_cat":[1084,1669,1212,1185,1061,1353,1670,1712,1195,1057,1513,1671,1068,1227,1187,947],"product_tag":[986,984,962,966,961,964,985,963],"woo-feed-brand":[],"class_list":{"0":"post-71362","1":"product","2":"type-product","3":"status-publish","4":"has-post-thumbnail","6":"product_cat-des-lacets-ovales-qui-atteignent-lequilibre-parfait-entre-le-plat-et-le-rond","7":"product_cat-des-lacets-yeezy-380-pepper-red-etonnants-qui-ont-lair-remarquables","8":"product_cat-des-options-de-remplacement-de-dentelle-de-qualite-superieure-qui-sont-superbes-et-durables","9":"product_cat-lacets-a-pointe-dor","10":"product_cat-lacets-air-max","11":"product_cat-lacets-colores-a-la-mode-pour-chaussures-de-sport","12":"product_cat-lacets-de-bottes-de-randonnee-rouges-luxuriants-qui-resistent-aux-elements-agressifs","13":"product_cat-lacets-en-tricot-nike-fly","14":"product_cat-lacets-nike-sb-modernes-et-haut-de-gamme","15":"product_cat-lacets-rouges-pour-chaussures","16":"product_cat-lacets-union-ameliore-ton-union-jordan-1","17":"product_cat-le-jordan-1-vert-pin-a-lacets-rouges-pour-sortir-du-lot","18":"product_cat-magnifiques-lacets-air-max-270-qui-sadaptent-parfaitement-et-durent-longtemps","19":"product_cat-remplacement-des-lacets-golden-goose-pour-tes-chaussures-preferees","20":"product_cat-tes-nouveaux-lacets-de-jordan-1-materiaux-de-premiere-qualite-et-de-luxe","21":"product_cat-tous-les-lacets","22":"product_tag-cire","23":"product_tag-cire-plat","24":"product_tag-lacets","25":"product_tag-lacets-a-pointe-dor","26":"product_tag-loop-king-fr","27":"product_tag-noir","28":"product_tag-plat","29":"product_tag-pointe-en-metal","31":"first","32":"instock","33":"taxable","34":"shipping-taxable","35":"purchasable","36":"product-type-variable"},"acf":[],"yoast_head":"<!-- This site is optimized with the Yoast SEO plugin v27.5 - https:\/\/yoast.com\/product\/yoast-seo-wordpress\/ -->\n<title>Lacets ovales rouges de premi\u00e8re qualit\u00e9 avec pointes dor\u00e9es<\/title>\n<meta name=\"description\" content=\"Lorsque les lacets ronds ou plats ordinaires ne suffisent pas, nos lacets ovales exceptionnels sont l\u00e0 pour sauver la situation. Fais l&#039;exp\u00e9rience de la fusion parfaite des deux mondes !\" \/>\n<meta name=\"robots\" content=\"index, follow, max-snippet:-1, max-image-preview:large, max-video-preview:-1\" \/>\n<link rel=\"canonical\" href=\"https:\/\/www.loopkinglaces.com\/fr\/products\/lacets-ovales-rouges-de-premiere-qualite-avec-pointes-dorees\/\" \/>\n<meta property=\"og:locale\" content=\"fr_FR\" \/>\n<meta property=\"og:type\" content=\"article\" \/>\n<meta property=\"og:title\" content=\"Lacets ovales rouges de premi\u00e8re qualit\u00e9 avec pointes dor\u00e9es\" \/>\n<meta property=\"og:description\" content=\"Lorsque les lacets ronds ou plats ordinaires ne suffisent pas, nos lacets ovales exceptionnels sont l\u00e0 pour sauver la situation. Fais l&#039;exp\u00e9rience de la fusion parfaite des deux mondes !\" \/>\n<meta property=\"og:url\" content=\"https:\/\/www.loopkinglaces.com\/fr\/products\/lacets-ovales-rouges-de-premiere-qualite-avec-pointes-dorees\/\" \/>\n<meta property=\"og:site_name\" content=\"Luxury Gold Tip Shoelaces by Loop King Laces\" \/>\n<meta property=\"article:publisher\" content=\"https:\/\/www.facebook.com\/LoopKingLaces\/\" \/>\n<meta property=\"article:modified_time\" content=\"2026-02-10T15:11:36+00:00\" \/>\n<meta property=\"og:image\" content=\"https:\/\/www.loopkinglaces.com\/wp-content\/uploads\/IMG_2266.jpg\" \/>\n\t<meta property=\"og:image:width\" content=\"961\" \/>\n\t<meta property=\"og:image:height\" content=\"913\" \/>\n\t<meta property=\"og:image:type\" content=\"image\/jpeg\" \/>\n<meta name=\"twitter:card\" content=\"summary_large_image\" \/>\n<meta name=\"twitter:site\" content=\"@loopkinglaces\" \/>\n<script type=\"application\/ld+json\" class=\"yoast-schema-graph\">{\"@context\":\"https:\\\/\\\/schema.org\",\"@graph\":[{\"@type\":[\"WebPage\",\"ItemPage\"],\"@id\":\"https:\\\/\\\/www.loopkinglaces.com\\\/fr\\\/products\\\/lacets-ovales-rouges-de-premiere-qualite-avec-pointes-dorees\\\/\",\"url\":\"https:\\\/\\\/www.loopkinglaces.com\\\/fr\\\/products\\\/lacets-ovales-rouges-de-premiere-qualite-avec-pointes-dorees\\\/\",\"name\":\"Lacets ovales rouges de premi\u00e8re qualit\u00e9 avec pointes dor\u00e9es\",\"isPartOf\":{\"@id\":\"https:\\\/\\\/www.loopkinglaces.com\\\/fr\\\/#website\"},\"primaryImageOfPage\":{\"@id\":\"https:\\\/\\\/www.loopkinglaces.com\\\/fr\\\/products\\\/lacets-ovales-rouges-de-premiere-qualite-avec-pointes-dorees\\\/#primaryimage\"},\"image\":{\"@id\":\"https:\\\/\\\/www.loopkinglaces.com\\\/fr\\\/products\\\/lacets-ovales-rouges-de-premiere-qualite-avec-pointes-dorees\\\/#primaryimage\"},\"thumbnailUrl\":\"https:\\\/\\\/www.loopkinglaces.com\\\/wp-content\\\/uploads\\\/IMG_2266.jpg\",\"datePublished\":\"2023-03-22T17:50:21+00:00\",\"dateModified\":\"2026-02-10T15:11:36+00:00\",\"description\":\"Lorsque les lacets ronds ou plats ordinaires ne suffisent pas, nos lacets ovales exceptionnels sont l\u00e0 pour sauver la situation. Fais l'exp\u00e9rience de la fusion parfaite des deux mondes !\",\"breadcrumb\":{\"@id\":\"https:\\\/\\\/www.loopkinglaces.com\\\/fr\\\/products\\\/lacets-ovales-rouges-de-premiere-qualite-avec-pointes-dorees\\\/#breadcrumb\"},\"inLanguage\":\"fr-FR\",\"potentialAction\":[{\"@type\":\"ReadAction\",\"target\":[\"https:\\\/\\\/www.loopkinglaces.com\\\/fr\\\/products\\\/lacets-ovales-rouges-de-premiere-qualite-avec-pointes-dorees\\\/\"]}]},{\"@type\":\"ImageObject\",\"inLanguage\":\"fr-FR\",\"@id\":\"https:\\\/\\\/www.loopkinglaces.com\\\/fr\\\/products\\\/lacets-ovales-rouges-de-premiere-qualite-avec-pointes-dorees\\\/#primaryimage\",\"url\":\"https:\\\/\\\/www.loopkinglaces.com\\\/wp-content\\\/uploads\\\/IMG_2266.jpg\",\"contentUrl\":\"https:\\\/\\\/www.loopkinglaces.com\\\/wp-content\\\/uploads\\\/IMG_2266.jpg\",\"width\":961,\"height\":913},{\"@type\":\"BreadcrumbList\",\"@id\":\"https:\\\/\\\/www.loopkinglaces.com\\\/fr\\\/products\\\/lacets-ovales-rouges-de-premiere-qualite-avec-pointes-dorees\\\/#breadcrumb\",\"itemListElement\":[{\"@type\":\"ListItem\",\"position\":1,\"name\":\"Home\",\"item\":\"https:\\\/\\\/www.loopkinglaces.com\\\/fr\\\/\"},{\"@type\":\"ListItem\",\"position\":2,\"name\":\"ACHETER DES LACES\",\"item\":\"https:\\\/\\\/www.loopkinglaces.com\\\/fr\\\/acheter-des-laces\\\/\"},{\"@type\":\"ListItem\",\"position\":3,\"name\":\"Lacets ovales rouges de premi\u00e8re qualit\u00e9 avec pointes dor\u00e9es\"}]},{\"@type\":\"WebSite\",\"@id\":\"https:\\\/\\\/www.loopkinglaces.com\\\/fr\\\/#website\",\"url\":\"https:\\\/\\\/www.loopkinglaces.com\\\/fr\\\/\",\"name\":\"Luxury Gold Tip Shoelaces by Loop King Laces\",\"description\":\"Rope Laces, Flat Waxed Laces and Leather Laces. All With Gold Tips.\",\"publisher\":{\"@id\":\"https:\\\/\\\/www.loopkinglaces.com\\\/fr\\\/#organization\"},\"potentialAction\":[{\"@type\":\"SearchAction\",\"target\":{\"@type\":\"EntryPoint\",\"urlTemplate\":\"https:\\\/\\\/www.loopkinglaces.com\\\/fr\\\/?s={search_term_string}\"},\"query-input\":{\"@type\":\"PropertyValueSpecification\",\"valueRequired\":true,\"valueName\":\"search_term_string\"}}],\"inLanguage\":\"fr-FR\"},{\"@type\":\"Organization\",\"@id\":\"https:\\\/\\\/www.loopkinglaces.com\\\/fr\\\/#organization\",\"name\":\"Loop King Laces\",\"url\":\"https:\\\/\\\/www.loopkinglaces.com\\\/fr\\\/\",\"logo\":{\"@type\":\"ImageObject\",\"inLanguage\":\"fr-FR\",\"@id\":\"https:\\\/\\\/www.loopkinglaces.com\\\/fr\\\/#\\\/schema\\\/logo\\\/image\\\/\",\"url\":\"https:\\\/\\\/www.loopkinglaces.com\\\/wp-content\\\/uploads\\\/LOOP-KING-LACES.1.1-01-LOGO-HI-RES-OFFICIAL-1.png\",\"contentUrl\":\"https:\\\/\\\/www.loopkinglaces.com\\\/wp-content\\\/uploads\\\/LOOP-KING-LACES.1.1-01-LOGO-HI-RES-OFFICIAL-1.png\",\"width\":128,\"height\":91,\"caption\":\"Loop King Laces\"},\"image\":{\"@id\":\"https:\\\/\\\/www.loopkinglaces.com\\\/fr\\\/#\\\/schema\\\/logo\\\/image\\\/\"},\"sameAs\":[\"https:\\\/\\\/www.facebook.com\\\/LoopKingLaces\\\/\",\"https:\\\/\\\/x.com\\\/loopkinglaces\",\"https:\\\/\\\/www.instagram.com\\\/loopkinglaces\\\/\"]}]}<\/script>\n<!-- \/ Yoast SEO plugin. -->","yoast_head_json":{"title":"Lacets ovales rouges de premi\u00e8re qualit\u00e9 avec pointes dor\u00e9es","description":"Lorsque les lacets ronds ou plats ordinaires ne suffisent pas, nos lacets ovales exceptionnels sont l\u00e0 pour sauver la situation. Fais l'exp\u00e9rience de la fusion parfaite des deux mondes !","robots":{"index":"index","follow":"follow","max-snippet":"max-snippet:-1","max-image-preview":"max-image-preview:large","max-video-preview":"max-video-preview:-1"},"canonical":"https:\/\/www.loopkinglaces.com\/fr\/products\/lacets-ovales-rouges-de-premiere-qualite-avec-pointes-dorees\/","og_locale":"fr_FR","og_type":"article","og_title":"Lacets ovales rouges de premi\u00e8re qualit\u00e9 avec pointes dor\u00e9es","og_description":"Lorsque les lacets ronds ou plats ordinaires ne suffisent pas, nos lacets ovales exceptionnels sont l\u00e0 pour sauver la situation. Fais l'exp\u00e9rience de la fusion parfaite des deux mondes !","og_url":"https:\/\/www.loopkinglaces.com\/fr\/products\/lacets-ovales-rouges-de-premiere-qualite-avec-pointes-dorees\/","og_site_name":"Luxury Gold Tip Shoelaces by Loop King Laces","article_publisher":"https:\/\/www.facebook.com\/LoopKingLaces\/","article_modified_time":"2026-02-10T15:11:36+00:00","og_image":[{"width":961,"height":913,"url":"https:\/\/www.loopkinglaces.com\/wp-content\/uploads\/IMG_2266.jpg","type":"image\/jpeg"}],"twitter_card":"summary_large_image","twitter_site":"@loopkinglaces","schema":{"@context":"https:\/\/schema.org","@graph":[{"@type":["WebPage","ItemPage"],"@id":"https:\/\/www.loopkinglaces.com\/fr\/products\/lacets-ovales-rouges-de-premiere-qualite-avec-pointes-dorees\/","url":"https:\/\/www.loopkinglaces.com\/fr\/products\/lacets-ovales-rouges-de-premiere-qualite-avec-pointes-dorees\/","name":"Lacets ovales rouges de premi\u00e8re qualit\u00e9 avec pointes dor\u00e9es","isPartOf":{"@id":"https:\/\/www.loopkinglaces.com\/fr\/#website"},"primaryImageOfPage":{"@id":"https:\/\/www.loopkinglaces.com\/fr\/products\/lacets-ovales-rouges-de-premiere-qualite-avec-pointes-dorees\/#primaryimage"},"image":{"@id":"https:\/\/www.loopkinglaces.com\/fr\/products\/lacets-ovales-rouges-de-premiere-qualite-avec-pointes-dorees\/#primaryimage"},"thumbnailUrl":"https:\/\/www.loopkinglaces.com\/wp-content\/uploads\/IMG_2266.jpg","datePublished":"2023-03-22T17:50:21+00:00","dateModified":"2026-02-10T15:11:36+00:00","description":"Lorsque les lacets ronds ou plats ordinaires ne suffisent pas, nos lacets ovales exceptionnels sont l\u00e0 pour sauver la situation. Fais l'exp\u00e9rience de la fusion parfaite des deux mondes !","breadcrumb":{"@id":"https:\/\/www.loopkinglaces.com\/fr\/products\/lacets-ovales-rouges-de-premiere-qualite-avec-pointes-dorees\/#breadcrumb"},"inLanguage":"fr-FR","potentialAction":[{"@type":"ReadAction","target":["https:\/\/www.loopkinglaces.com\/fr\/products\/lacets-ovales-rouges-de-premiere-qualite-avec-pointes-dorees\/"]}]},{"@type":"ImageObject","inLanguage":"fr-FR","@id":"https:\/\/www.loopkinglaces.com\/fr\/products\/lacets-ovales-rouges-de-premiere-qualite-avec-pointes-dorees\/#primaryimage","url":"https:\/\/www.loopkinglaces.com\/wp-content\/uploads\/IMG_2266.jpg","contentUrl":"https:\/\/www.loopkinglaces.com\/wp-content\/uploads\/IMG_2266.jpg","width":961,"height":913},{"@type":"BreadcrumbList","@id":"https:\/\/www.loopkinglaces.com\/fr\/products\/lacets-ovales-rouges-de-premiere-qualite-avec-pointes-dorees\/#breadcrumb","itemListElement":[{"@type":"ListItem","position":1,"name":"Home","item":"https:\/\/www.loopkinglaces.com\/fr\/"},{"@type":"ListItem","position":2,"name":"ACHETER DES LACES","item":"https:\/\/www.loopkinglaces.com\/fr\/acheter-des-laces\/"},{"@type":"ListItem","position":3,"name":"Lacets ovales rouges de premi\u00e8re qualit\u00e9 avec pointes dor\u00e9es"}]},{"@type":"WebSite","@id":"https:\/\/www.loopkinglaces.com\/fr\/#website","url":"https:\/\/www.loopkinglaces.com\/fr\/","name":"Luxury Gold Tip Shoelaces by Loop King Laces","description":"Rope Laces, Flat Waxed Laces and Leather Laces. All With Gold Tips.","publisher":{"@id":"https:\/\/www.loopkinglaces.com\/fr\/#organization"},"potentialAction":[{"@type":"SearchAction","target":{"@type":"EntryPoint","urlTemplate":"https:\/\/www.loopkinglaces.com\/fr\/?s={search_term_string}"},"query-input":{"@type":"PropertyValueSpecification","valueRequired":true,"valueName":"search_term_string"}}],"inLanguage":"fr-FR"},{"@type":"Organization","@id":"https:\/\/www.loopkinglaces.com\/fr\/#organization","name":"Loop King Laces","url":"https:\/\/www.loopkinglaces.com\/fr\/","logo":{"@type":"ImageObject","inLanguage":"fr-FR","@id":"https:\/\/www.loopkinglaces.com\/fr\/#\/schema\/logo\/image\/","url":"https:\/\/www.loopkinglaces.com\/wp-content\/uploads\/LOOP-KING-LACES.1.1-01-LOGO-HI-RES-OFFICIAL-1.png","contentUrl":"https:\/\/www.loopkinglaces.com\/wp-content\/uploads\/LOOP-KING-LACES.1.1-01-LOGO-HI-RES-OFFICIAL-1.png","width":128,"height":91,"caption":"Loop King Laces"},"image":{"@id":"https:\/\/www.loopkinglaces.com\/fr\/#\/schema\/logo\/image\/"},"sameAs":["https:\/\/www.facebook.com\/LoopKingLaces\/","https:\/\/x.com\/loopkinglaces","https:\/\/www.instagram.com\/loopkinglaces\/"]}]}},"_links":{"self":[{"href":"https:\/\/www.loopkinglaces.com\/fr\/wp-json\/wp\/v2\/product\/71362","targetHints":{"allow":["GET"]}}],"collection":[{"href":"https:\/\/www.loopkinglaces.com\/fr\/wp-json\/wp\/v2\/product"}],"about":[{"href":"https:\/\/www.loopkinglaces.com\/fr\/wp-json\/wp\/v2\/types\/product"}],"replies":[{"embeddable":true,"href":"https:\/\/www.loopkinglaces.com\/fr\/wp-json\/wp\/v2\/comments?post=71362"}],"wp:featuredmedia":[{"embeddable":true,"href":"https:\/\/www.loopkinglaces.com\/fr\/wp-json\/wp\/v2\/media\/71370"}],"wp:attachment":[{"href":"https:\/\/www.loopkinglaces.com\/fr\/wp-json\/wp\/v2\/media?parent=71362"}],"wp:term":[{"taxonomy":"product_brand","embeddable":true,"href":"https:\/\/www.loopkinglaces.com\/fr\/wp-json\/wp\/v2\/product_brand?post=71362"},{"taxonomy":"product_cat","embeddable":true,"href":"https:\/\/www.loopkinglaces.com\/fr\/wp-json\/wp\/v2\/product_cat?post=71362"},{"taxonomy":"product_tag","embeddable":true,"href":"https:\/\/www.loopkinglaces.com\/fr\/wp-json\/wp\/v2\/product_tag?post=71362"},{"taxonomy":"woo-feed-brand","embeddable":true,"href":"https:\/\/www.loopkinglaces.com\/fr\/wp-json\/wp\/v2\/woo-feed-brand?post=71362"}],"curies":[{"name":"wp","href":"https:\/\/api.w.org\/{rel}","templated":true}]}}