{"id":71323,"date":"2023-03-22T17:22:12","date_gmt":"2023-03-22T17:22:12","guid":{"rendered":"https:\/\/www.loopkinglaces.com\/products\/lacets-ovales-blancs-de-premiere-qualite-avec-pointes-dorees\/"},"modified":"2024-10-03T20:47:38","modified_gmt":"2024-10-03T20:47:38","slug":"lacets-ovales-blancs-de-premiere-qualite-avec-pointes-dorees","status":"publish","type":"product","link":"https:\/\/www.loopkinglaces.com\/fr\/products\/lacets-ovales-blancs-de-premiere-qualite-avec-pointes-dorees\/","title":{"rendered":"Lacets ovales blancs de premi\u00e8re qualit\u00e9 avec pointes dor\u00e9es"},"content":{"rendered":"<p>Embarque pour une mission \u00e9pique afin de d\u00e9nicher le lacet ultime !<br \/>\nNavigue \u00e0 travers d&#8217;\u00e9tranges terres de lacets ronds et plats, avant de d\u00e9couvrir un myst\u00e9rieux royaume rempli de merveilles de forme ovale.<br \/>\nD\u00e9voile ses secrets en te d\u00e9lectant du m\u00e9lange parfait de confort et de force &#8211; \u00e9quipe tes chaussures pour la bataille puis sois pr\u00eat \u00e0 atteindre de nouveaux sommets tout en faisant tourner les t\u00eates en chemin.  <\/p>\n","protected":false},"excerpt":{"rendered":"<p><strong>Lacets ovales blancs de premi\u00e8re qualit\u00e9 avec pointes dor\u00e9es<\/strong> Plonge dans une qu\u00eate passionnante du lacet parfait en explorant les dimensions captivantes des lacets ronds, plats et ovales luxueux.<br \/>\nAssiste \u00e0 la fusion envo\u00fbtante du confort et de l&#8217;endurance fa\u00e7onn\u00e9e dans chaque brin exquis.<br \/>\nPr\u00e9pare-toi \u00e0 escalader de nouveaux sommets dans tes activit\u00e9s athl\u00e9tiques, arm\u00e9 de cette technologie de la\u00e7age invincible infus\u00e9e d&#8217;un style et d&#8217;une assurance in\u00e9gal\u00e9s.   Les principales caract\u00e9ristiques sont les suivantes :  <\/p>\n<ul>\n<li style=\"font-weight: 400;\" aria-level=\"1\">Mat\u00e9riaux de premi\u00e8re qualit\u00e9<\/li>\n<li style=\"font-weight: 400;\" aria-level=\"1\">Pointes d&#8217;aiguille en or gaufr\u00e9<\/li>\n<li style=\"font-weight: 400;\" aria-level=\"1\">Construit pour durer 3x plus longtemps que les lacets traditionnels.<\/li>\n<li style=\"font-weight: 400;\" aria-level=\"1\">Emballage scell\u00e9 et superbe<\/li>\n<li style=\"font-weight: 400;\" aria-level=\"1\">Plusieurs longueurs sont disponibles<\/li>\n<\/ul>\n","protected":false},"featured_media":71335,"comment_status":"open","ping_status":"closed","template":"","meta":{"_acf_changed":false},"product_brand":[],"product_cat":[1084,1185,1058,1353,950,1239,1356,1406,947],"product_tag":[986,984,962,966,961,964,985,963],"woo-feed-brand":[],"class_list":{"0":"post-71323","1":"product","2":"type-product","3":"status-publish","4":"has-post-thumbnail","6":"product_cat-des-lacets-ovales-qui-atteignent-lequilibre-parfait-entre-le-plat-et-le-rond","7":"product_cat-lacets-a-pointe-dor","8":"product_cat-lacets-adidas-pour-ultraboost-superior-laces","9":"product_cat-lacets-colores-a-la-mode-pour-chaussures-de-sport","10":"product_cat-lacets-de-48-pouces","11":"product_cat-lacets-de-bottes-de-63-pouces-faire-le-noeud-avec-style","12":"product_cat-les-lacets-delite-de-jordan-1-bordeaux-white-qui-ont-lair-luxueux","13":"product_cat-selection-de-lacets-blancs-classiques-et-premium","14":"product_cat-tous-les-lacets","15":"product_tag-cire","16":"product_tag-cire-plat","17":"product_tag-lacets","18":"product_tag-lacets-a-pointe-dor","19":"product_tag-loop-king-fr","20":"product_tag-noir","21":"product_tag-plat","22":"product_tag-pointe-en-metal","24":"first","25":"instock","26":"taxable","27":"shipping-taxable","28":"purchasable","29":"product-type-variable"},"acf":[],"yoast_head":"<!-- This site is optimized with the Yoast SEO plugin v27.4 - https:\/\/yoast.com\/product\/yoast-seo-wordpress\/ -->\n<title>Lacets ovales blancs de premi\u00e8re qualit\u00e9 avec pointes dor\u00e9es<\/title>\n<meta name=\"description\" content=\"D\u00e9couvre l&#039;exp\u00e9rience ultime en mati\u00e8re de lacets avec nos exceptionnels lacets ovales, qui m\u00e9langent ing\u00e9nieusement les qualit\u00e9s d&#039;une fonctionnalit\u00e9 et d&#039;un flair in\u00e9gal\u00e9s.\" \/>\n<meta name=\"robots\" content=\"index, follow, max-snippet:-1, max-image-preview:large, max-video-preview:-1\" \/>\n<link rel=\"canonical\" href=\"https:\/\/www.loopkinglaces.com\/fr\/products\/lacets-ovales-blancs-de-premiere-qualite-avec-pointes-dorees\/\" \/>\n<meta property=\"og:locale\" content=\"fr_FR\" \/>\n<meta property=\"og:type\" content=\"article\" \/>\n<meta property=\"og:title\" content=\"Lacets ovales blancs de premi\u00e8re qualit\u00e9 avec pointes dor\u00e9es\" \/>\n<meta property=\"og:description\" content=\"D\u00e9couvre l&#039;exp\u00e9rience ultime en mati\u00e8re de lacets avec nos exceptionnels lacets ovales, qui m\u00e9langent ing\u00e9nieusement les qualit\u00e9s d&#039;une fonctionnalit\u00e9 et d&#039;un flair in\u00e9gal\u00e9s.\" \/>\n<meta property=\"og:url\" content=\"https:\/\/www.loopkinglaces.com\/fr\/products\/lacets-ovales-blancs-de-premiere-qualite-avec-pointes-dorees\/\" \/>\n<meta property=\"og:site_name\" content=\"Luxury Gold Tip Shoelaces by Loop King Laces\" \/>\n<meta property=\"article:publisher\" content=\"https:\/\/www.facebook.com\/LoopKingLaces\/\" \/>\n<meta property=\"article:modified_time\" content=\"2024-10-03T20:47:38+00:00\" \/>\n<meta property=\"og:image\" content=\"https:\/\/www.loopkinglaces.com\/wp-content\/uploads\/IMG_2262.jpg\" \/>\n\t<meta property=\"og:image:width\" content=\"964\" \/>\n\t<meta property=\"og:image:height\" content=\"857\" \/>\n\t<meta property=\"og:image:type\" content=\"image\/jpeg\" \/>\n<meta name=\"twitter:card\" content=\"summary_large_image\" \/>\n<meta name=\"twitter:site\" content=\"@loopkinglaces\" \/>\n<script type=\"application\/ld+json\" class=\"yoast-schema-graph\">{\"@context\":\"https:\\\/\\\/schema.org\",\"@graph\":[{\"@type\":[\"WebPage\",\"ItemPage\"],\"@id\":\"https:\\\/\\\/www.loopkinglaces.com\\\/fr\\\/products\\\/lacets-ovales-blancs-de-premiere-qualite-avec-pointes-dorees\\\/\",\"url\":\"https:\\\/\\\/www.loopkinglaces.com\\\/fr\\\/products\\\/lacets-ovales-blancs-de-premiere-qualite-avec-pointes-dorees\\\/\",\"name\":\"Lacets ovales blancs de premi\u00e8re qualit\u00e9 avec pointes dor\u00e9es\",\"isPartOf\":{\"@id\":\"https:\\\/\\\/www.loopkinglaces.com\\\/fr\\\/#website\"},\"primaryImageOfPage\":{\"@id\":\"https:\\\/\\\/www.loopkinglaces.com\\\/fr\\\/products\\\/lacets-ovales-blancs-de-premiere-qualite-avec-pointes-dorees\\\/#primaryimage\"},\"image\":{\"@id\":\"https:\\\/\\\/www.loopkinglaces.com\\\/fr\\\/products\\\/lacets-ovales-blancs-de-premiere-qualite-avec-pointes-dorees\\\/#primaryimage\"},\"thumbnailUrl\":\"https:\\\/\\\/www.loopkinglaces.com\\\/wp-content\\\/uploads\\\/IMG_2262.jpg\",\"datePublished\":\"2023-03-22T17:22:12+00:00\",\"dateModified\":\"2024-10-03T20:47:38+00:00\",\"description\":\"D\u00e9couvre l'exp\u00e9rience ultime en mati\u00e8re de lacets avec nos exceptionnels lacets ovales, qui m\u00e9langent ing\u00e9nieusement les qualit\u00e9s d'une fonctionnalit\u00e9 et d'un flair in\u00e9gal\u00e9s.\",\"breadcrumb\":{\"@id\":\"https:\\\/\\\/www.loopkinglaces.com\\\/fr\\\/products\\\/lacets-ovales-blancs-de-premiere-qualite-avec-pointes-dorees\\\/#breadcrumb\"},\"inLanguage\":\"fr-FR\",\"potentialAction\":[{\"@type\":\"ReadAction\",\"target\":[\"https:\\\/\\\/www.loopkinglaces.com\\\/fr\\\/products\\\/lacets-ovales-blancs-de-premiere-qualite-avec-pointes-dorees\\\/\"]}]},{\"@type\":\"ImageObject\",\"inLanguage\":\"fr-FR\",\"@id\":\"https:\\\/\\\/www.loopkinglaces.com\\\/fr\\\/products\\\/lacets-ovales-blancs-de-premiere-qualite-avec-pointes-dorees\\\/#primaryimage\",\"url\":\"https:\\\/\\\/www.loopkinglaces.com\\\/wp-content\\\/uploads\\\/IMG_2262.jpg\",\"contentUrl\":\"https:\\\/\\\/www.loopkinglaces.com\\\/wp-content\\\/uploads\\\/IMG_2262.jpg\",\"width\":964,\"height\":857},{\"@type\":\"BreadcrumbList\",\"@id\":\"https:\\\/\\\/www.loopkinglaces.com\\\/fr\\\/products\\\/lacets-ovales-blancs-de-premiere-qualite-avec-pointes-dorees\\\/#breadcrumb\",\"itemListElement\":[{\"@type\":\"ListItem\",\"position\":1,\"name\":\"Home\",\"item\":\"https:\\\/\\\/www.loopkinglaces.com\\\/fr\\\/\"},{\"@type\":\"ListItem\",\"position\":2,\"name\":\"ACHETER DES LACES\",\"item\":\"https:\\\/\\\/www.loopkinglaces.com\\\/fr\\\/acheter-des-laces\\\/\"},{\"@type\":\"ListItem\",\"position\":3,\"name\":\"Lacets ovales blancs de premi\u00e8re qualit\u00e9 avec pointes dor\u00e9es\"}]},{\"@type\":\"WebSite\",\"@id\":\"https:\\\/\\\/www.loopkinglaces.com\\\/fr\\\/#website\",\"url\":\"https:\\\/\\\/www.loopkinglaces.com\\\/fr\\\/\",\"name\":\"Luxury Gold Tip Shoelaces by Loop King Laces\",\"description\":\"Rope Laces, Flat Waxed Laces and Leather Laces. All With Gold Tips.\",\"publisher\":{\"@id\":\"https:\\\/\\\/www.loopkinglaces.com\\\/fr\\\/#organization\"},\"potentialAction\":[{\"@type\":\"SearchAction\",\"target\":{\"@type\":\"EntryPoint\",\"urlTemplate\":\"https:\\\/\\\/www.loopkinglaces.com\\\/fr\\\/?s={search_term_string}\"},\"query-input\":{\"@type\":\"PropertyValueSpecification\",\"valueRequired\":true,\"valueName\":\"search_term_string\"}}],\"inLanguage\":\"fr-FR\"},{\"@type\":\"Organization\",\"@id\":\"https:\\\/\\\/www.loopkinglaces.com\\\/fr\\\/#organization\",\"name\":\"Loop King Laces\",\"url\":\"https:\\\/\\\/www.loopkinglaces.com\\\/fr\\\/\",\"logo\":{\"@type\":\"ImageObject\",\"inLanguage\":\"fr-FR\",\"@id\":\"https:\\\/\\\/www.loopkinglaces.com\\\/fr\\\/#\\\/schema\\\/logo\\\/image\\\/\",\"url\":\"https:\\\/\\\/www.loopkinglaces.com\\\/wp-content\\\/uploads\\\/LOOP-KING-LACES.1.1-01-LOGO-HI-RES-OFFICIAL-1.png\",\"contentUrl\":\"https:\\\/\\\/www.loopkinglaces.com\\\/wp-content\\\/uploads\\\/LOOP-KING-LACES.1.1-01-LOGO-HI-RES-OFFICIAL-1.png\",\"width\":128,\"height\":91,\"caption\":\"Loop King Laces\"},\"image\":{\"@id\":\"https:\\\/\\\/www.loopkinglaces.com\\\/fr\\\/#\\\/schema\\\/logo\\\/image\\\/\"},\"sameAs\":[\"https:\\\/\\\/www.facebook.com\\\/LoopKingLaces\\\/\",\"https:\\\/\\\/x.com\\\/loopkinglaces\",\"https:\\\/\\\/www.instagram.com\\\/loopkinglaces\\\/\"]}]}<\/script>\n<!-- \/ Yoast SEO plugin. -->","yoast_head_json":{"title":"Lacets ovales blancs de premi\u00e8re qualit\u00e9 avec pointes dor\u00e9es","description":"D\u00e9couvre l'exp\u00e9rience ultime en mati\u00e8re de lacets avec nos exceptionnels lacets ovales, qui m\u00e9langent ing\u00e9nieusement les qualit\u00e9s d'une fonctionnalit\u00e9 et d'un flair in\u00e9gal\u00e9s.","robots":{"index":"index","follow":"follow","max-snippet":"max-snippet:-1","max-image-preview":"max-image-preview:large","max-video-preview":"max-video-preview:-1"},"canonical":"https:\/\/www.loopkinglaces.com\/fr\/products\/lacets-ovales-blancs-de-premiere-qualite-avec-pointes-dorees\/","og_locale":"fr_FR","og_type":"article","og_title":"Lacets ovales blancs de premi\u00e8re qualit\u00e9 avec pointes dor\u00e9es","og_description":"D\u00e9couvre l'exp\u00e9rience ultime en mati\u00e8re de lacets avec nos exceptionnels lacets ovales, qui m\u00e9langent ing\u00e9nieusement les qualit\u00e9s d'une fonctionnalit\u00e9 et d'un flair in\u00e9gal\u00e9s.","og_url":"https:\/\/www.loopkinglaces.com\/fr\/products\/lacets-ovales-blancs-de-premiere-qualite-avec-pointes-dorees\/","og_site_name":"Luxury Gold Tip Shoelaces by Loop King Laces","article_publisher":"https:\/\/www.facebook.com\/LoopKingLaces\/","article_modified_time":"2024-10-03T20:47:38+00:00","og_image":[{"width":964,"height":857,"url":"https:\/\/www.loopkinglaces.com\/wp-content\/uploads\/IMG_2262.jpg","type":"image\/jpeg"}],"twitter_card":"summary_large_image","twitter_site":"@loopkinglaces","schema":{"@context":"https:\/\/schema.org","@graph":[{"@type":["WebPage","ItemPage"],"@id":"https:\/\/www.loopkinglaces.com\/fr\/products\/lacets-ovales-blancs-de-premiere-qualite-avec-pointes-dorees\/","url":"https:\/\/www.loopkinglaces.com\/fr\/products\/lacets-ovales-blancs-de-premiere-qualite-avec-pointes-dorees\/","name":"Lacets ovales blancs de premi\u00e8re qualit\u00e9 avec pointes dor\u00e9es","isPartOf":{"@id":"https:\/\/www.loopkinglaces.com\/fr\/#website"},"primaryImageOfPage":{"@id":"https:\/\/www.loopkinglaces.com\/fr\/products\/lacets-ovales-blancs-de-premiere-qualite-avec-pointes-dorees\/#primaryimage"},"image":{"@id":"https:\/\/www.loopkinglaces.com\/fr\/products\/lacets-ovales-blancs-de-premiere-qualite-avec-pointes-dorees\/#primaryimage"},"thumbnailUrl":"https:\/\/www.loopkinglaces.com\/wp-content\/uploads\/IMG_2262.jpg","datePublished":"2023-03-22T17:22:12+00:00","dateModified":"2024-10-03T20:47:38+00:00","description":"D\u00e9couvre l'exp\u00e9rience ultime en mati\u00e8re de lacets avec nos exceptionnels lacets ovales, qui m\u00e9langent ing\u00e9nieusement les qualit\u00e9s d'une fonctionnalit\u00e9 et d'un flair in\u00e9gal\u00e9s.","breadcrumb":{"@id":"https:\/\/www.loopkinglaces.com\/fr\/products\/lacets-ovales-blancs-de-premiere-qualite-avec-pointes-dorees\/#breadcrumb"},"inLanguage":"fr-FR","potentialAction":[{"@type":"ReadAction","target":["https:\/\/www.loopkinglaces.com\/fr\/products\/lacets-ovales-blancs-de-premiere-qualite-avec-pointes-dorees\/"]}]},{"@type":"ImageObject","inLanguage":"fr-FR","@id":"https:\/\/www.loopkinglaces.com\/fr\/products\/lacets-ovales-blancs-de-premiere-qualite-avec-pointes-dorees\/#primaryimage","url":"https:\/\/www.loopkinglaces.com\/wp-content\/uploads\/IMG_2262.jpg","contentUrl":"https:\/\/www.loopkinglaces.com\/wp-content\/uploads\/IMG_2262.jpg","width":964,"height":857},{"@type":"BreadcrumbList","@id":"https:\/\/www.loopkinglaces.com\/fr\/products\/lacets-ovales-blancs-de-premiere-qualite-avec-pointes-dorees\/#breadcrumb","itemListElement":[{"@type":"ListItem","position":1,"name":"Home","item":"https:\/\/www.loopkinglaces.com\/fr\/"},{"@type":"ListItem","position":2,"name":"ACHETER DES LACES","item":"https:\/\/www.loopkinglaces.com\/fr\/acheter-des-laces\/"},{"@type":"ListItem","position":3,"name":"Lacets ovales blancs de premi\u00e8re qualit\u00e9 avec pointes dor\u00e9es"}]},{"@type":"WebSite","@id":"https:\/\/www.loopkinglaces.com\/fr\/#website","url":"https:\/\/www.loopkinglaces.com\/fr\/","name":"Luxury Gold Tip Shoelaces by Loop King Laces","description":"Rope Laces, Flat Waxed Laces and Leather Laces. All With Gold Tips.","publisher":{"@id":"https:\/\/www.loopkinglaces.com\/fr\/#organization"},"potentialAction":[{"@type":"SearchAction","target":{"@type":"EntryPoint","urlTemplate":"https:\/\/www.loopkinglaces.com\/fr\/?s={search_term_string}"},"query-input":{"@type":"PropertyValueSpecification","valueRequired":true,"valueName":"search_term_string"}}],"inLanguage":"fr-FR"},{"@type":"Organization","@id":"https:\/\/www.loopkinglaces.com\/fr\/#organization","name":"Loop King Laces","url":"https:\/\/www.loopkinglaces.com\/fr\/","logo":{"@type":"ImageObject","inLanguage":"fr-FR","@id":"https:\/\/www.loopkinglaces.com\/fr\/#\/schema\/logo\/image\/","url":"https:\/\/www.loopkinglaces.com\/wp-content\/uploads\/LOOP-KING-LACES.1.1-01-LOGO-HI-RES-OFFICIAL-1.png","contentUrl":"https:\/\/www.loopkinglaces.com\/wp-content\/uploads\/LOOP-KING-LACES.1.1-01-LOGO-HI-RES-OFFICIAL-1.png","width":128,"height":91,"caption":"Loop King Laces"},"image":{"@id":"https:\/\/www.loopkinglaces.com\/fr\/#\/schema\/logo\/image\/"},"sameAs":["https:\/\/www.facebook.com\/LoopKingLaces\/","https:\/\/x.com\/loopkinglaces","https:\/\/www.instagram.com\/loopkinglaces\/"]}]}},"_links":{"self":[{"href":"https:\/\/www.loopkinglaces.com\/fr\/wp-json\/wp\/v2\/product\/71323","targetHints":{"allow":["GET"]}}],"collection":[{"href":"https:\/\/www.loopkinglaces.com\/fr\/wp-json\/wp\/v2\/product"}],"about":[{"href":"https:\/\/www.loopkinglaces.com\/fr\/wp-json\/wp\/v2\/types\/product"}],"replies":[{"embeddable":true,"href":"https:\/\/www.loopkinglaces.com\/fr\/wp-json\/wp\/v2\/comments?post=71323"}],"wp:featuredmedia":[{"embeddable":true,"href":"https:\/\/www.loopkinglaces.com\/fr\/wp-json\/wp\/v2\/media\/71335"}],"wp:attachment":[{"href":"https:\/\/www.loopkinglaces.com\/fr\/wp-json\/wp\/v2\/media?parent=71323"}],"wp:term":[{"taxonomy":"product_brand","embeddable":true,"href":"https:\/\/www.loopkinglaces.com\/fr\/wp-json\/wp\/v2\/product_brand?post=71323"},{"taxonomy":"product_cat","embeddable":true,"href":"https:\/\/www.loopkinglaces.com\/fr\/wp-json\/wp\/v2\/product_cat?post=71323"},{"taxonomy":"product_tag","embeddable":true,"href":"https:\/\/www.loopkinglaces.com\/fr\/wp-json\/wp\/v2\/product_tag?post=71323"},{"taxonomy":"woo-feed-brand","embeddable":true,"href":"https:\/\/www.loopkinglaces.com\/fr\/wp-json\/wp\/v2\/woo-feed-brand?post=71323"}],"curies":[{"name":"wp","href":"https:\/\/api.w.org\/{rel}","templated":true}]}}