{"id":71222,"date":"2023-03-22T15:50:25","date_gmt":"2023-03-22T15:50:25","guid":{"rendered":"https:\/\/www.loopkinglaces.com\/products\/lacets-plats-en-coton-bleu-marine-avec-pointes-dorees\/"},"modified":"2024-10-03T20:47:16","modified_gmt":"2024-10-03T20:47:16","slug":"lacets-plats-en-coton-bleu-marine-avec-pointes-dorees","status":"publish","type":"product","link":"https:\/\/www.loopkinglaces.com\/fr\/products\/lacets-plats-en-coton-bleu-marine-avec-pointes-dorees\/","title":{"rendered":"Lacets plats en coton bleu marine avec pointes dor\u00e9es"},"content":{"rendered":"<p>Plonge dans le monde des pimpants lacets plats en coton bleu marine, couronn\u00e9s d&#8217;\u00e9l\u00e9gantes pointes dor\u00e9es, fabriqu\u00e9s pour correspondre \u00e0 ton mode de vie dynamique.<br \/>\nFais-toi plaisir avec du coton souple de premi\u00e8re qualit\u00e9 lorsque tu affronteras le monde.<br \/>\nEffectue une transition fluide entre les bottes, les chaussures habill\u00e9es, les baskets et plus encore gr\u00e2ce \u00e0 ces lacets polyvalents qui s&#8217;harmonisent avec la plupart des grandes marques.<br \/>\nGarde ton flair intact et reste flexible avec ces lacets incontournables qui passent sans probl\u00e8me d&#8217;une chaussure \u00e0 l&#8217;autre.   <\/p>\n","protected":false},"excerpt":{"rendered":"<p><strong>Lacets plats en coton bleu marine avec pointes dor\u00e9es<\/strong> Pr\u00e9pare-toi \u00e0 te pavaner avec nos suaves lacets plats en coton bleu marine, couronn\u00e9s de pointes dor\u00e9es sophistiqu\u00e9es &#8211; l&#8217;accessoire parfait pour ta vie active.<br \/>\nProfite de la douceur du coton de premi\u00e8re qualit\u00e9 pour te lancer \u00e0 l&#8217;assaut du monde comme un patron.<br \/>\nGlisse sans probl\u00e8me entre les bottes, les chaussures habill\u00e9es et les baskets, car ces lacets polyvalents s&#8217;accordent sans effort avec les plus grandes marques.<br \/>\nGarde ton jeu de chaussures fort et polyvalent avec les lacets ultimes qui red\u00e9finissent l&#8217;adaptabilit\u00e9.    Les principales caract\u00e9ristiques sont les suivantes :  <\/p>\n<ul>\n<li style=\"font-weight: 400;\" aria-level=\"1\">Mat\u00e9riaux de premi\u00e8re qualit\u00e9<\/li>\n<li style=\"font-weight: 400;\" aria-level=\"1\">Emballage scell\u00e9 et superbe<\/li>\n<li style=\"font-weight: 400;\" aria-level=\"1\">Diff\u00e9rentes longueurs sont disponibles<\/li>\n<li style=\"font-weight: 400;\" aria-level=\"1\">Convient \u00e0 toutes les grandes marques (Nike, Adidas, Reebok, Converse, Vans)<\/li>\n<li style=\"font-weight: 400;\" aria-level=\"1\">Embouts dor\u00e9s gaufr\u00e9s<\/li>\n<li style=\"font-weight: 400;\" aria-level=\"1\">Une couleur bleu marine vibrante qui attire l&#8217;attention.<\/li>\n<\/ul>\n","protected":false},"featured_media":71233,"comment_status":"open","ping_status":"closed","template":"","meta":{"_acf_changed":false},"product_brand":[],"product_cat":[1207,1087,1185,1351,1222,1353,1240,1239,1508,1231,1216,1071,1713,1663,1064,1359,947],"product_tag":[986,984,962,966,961,964,985,963],"woo-feed-brand":[],"class_list":{"0":"post-71222","1":"product","2":"type-product","3":"status-publish","4":"has-post-thumbnail","6":"product_cat-des-lacets-de-chaussures-skechers-de-haut-niveau-qui-ajoutent-de-lintrigue-de-la-valeur-et-du-confort","7":"product_cat-des-lacets-en-coton-de-premiere-qualite-qui-surpassent-en-tous-points-les-autres-marques","8":"product_cat-lacets-a-pointe-dor","9":"product_cat-lacets-asics-personnalise-tes-chaussures","10":"product_cat-lacets-burberry-qui-amelioreront-tes-chaussures","11":"product_cat-lacets-colores-a-la-mode-pour-chaussures-de-sport","12":"product_cat-lacets-de-bottes-de-45-pouces-les-heros-meconnus-de-la-mode-de-tes-chaussures","13":"product_cat-lacets-de-bottes-de-63-pouces-faire-le-noeud-avec-style","14":"product_cat-lacets-de-chaussures-de-patins-a-roulettes-le-heros-meconnu-de-la-patinoire","15":"product_cat-lacets-de-chaussures-kiwi-plus-quune-simple-tendance","16":"product_cat-lacets-ecco-une-finition-parfaite-pour-tes-chaussures-de-prestige","17":"product_cat-lacets-lanvin-eleve-chaque-pas-que-tu-fais","18":"product_cat-lacets-pour-chaussures-new-balance-ameliore-ton-look","19":"product_cat-lacets-sperry-de-petits-details-pour-des-resultats-differents","20":"product_cat-premier-doc-marten-laces-remise-a-neuf-de-tes-chaussures","21":"product_cat-premium-blue-shoe-laces-voir-les-meilleures-ventes","22":"product_cat-tous-les-lacets","23":"product_tag-cire","24":"product_tag-cire-plat","25":"product_tag-lacets","26":"product_tag-lacets-a-pointe-dor","27":"product_tag-loop-king-fr","28":"product_tag-noir","29":"product_tag-plat","30":"product_tag-pointe-en-metal","32":"first","33":"instock","34":"taxable","35":"shipping-taxable","36":"purchasable","37":"product-type-variable"},"acf":[],"yoast_head":"<!-- This site is optimized with the Yoast SEO plugin v27.4 - https:\/\/yoast.com\/product\/yoast-seo-wordpress\/ -->\n<title>Lacets plats en coton bleu marine avec pointes dor\u00e9es<\/title>\n<meta name=\"description\" content=\"\u00c9l\u00e8ve ton jeu de chaussures avec nos \u00e9tonnants lacets plats en coton bleu marine qui transforment tes coups de pied en une \u0153uvre d&#039;art \u00e9blouissante, con\u00e7ue pour r\u00e9sister \u00e0 l&#039;\u00e9preuve du temps.\" \/>\n<meta name=\"robots\" content=\"index, follow, max-snippet:-1, max-image-preview:large, max-video-preview:-1\" \/>\n<link rel=\"canonical\" href=\"https:\/\/www.loopkinglaces.com\/fr\/products\/lacets-plats-en-coton-bleu-marine-avec-pointes-dorees\/\" \/>\n<meta property=\"og:locale\" content=\"fr_FR\" \/>\n<meta property=\"og:type\" content=\"article\" \/>\n<meta property=\"og:title\" content=\"Lacets plats en coton bleu marine avec pointes dor\u00e9es\" \/>\n<meta property=\"og:description\" content=\"\u00c9l\u00e8ve ton jeu de chaussures avec nos \u00e9tonnants lacets plats en coton bleu marine qui transforment tes coups de pied en une \u0153uvre d&#039;art \u00e9blouissante, con\u00e7ue pour r\u00e9sister \u00e0 l&#039;\u00e9preuve du temps.\" \/>\n<meta property=\"og:url\" content=\"https:\/\/www.loopkinglaces.com\/fr\/products\/lacets-plats-en-coton-bleu-marine-avec-pointes-dorees\/\" \/>\n<meta property=\"og:site_name\" content=\"Luxury Gold Tip Shoelaces by Loop King Laces\" \/>\n<meta property=\"article:publisher\" content=\"https:\/\/www.facebook.com\/LoopKingLaces\/\" \/>\n<meta property=\"article:modified_time\" content=\"2024-10-03T20:47:16+00:00\" \/>\n<meta property=\"og:image\" content=\"https:\/\/www.loopkinglaces.com\/wp-content\/uploads\/IMG_2259.jpg\" \/>\n\t<meta property=\"og:image:width\" content=\"876\" \/>\n\t<meta property=\"og:image:height\" content=\"884\" \/>\n\t<meta property=\"og:image:type\" content=\"image\/jpeg\" \/>\n<meta name=\"twitter:card\" content=\"summary_large_image\" \/>\n<meta name=\"twitter:site\" content=\"@loopkinglaces\" \/>\n<script type=\"application\/ld+json\" class=\"yoast-schema-graph\">{\"@context\":\"https:\\\/\\\/schema.org\",\"@graph\":[{\"@type\":[\"WebPage\",\"ItemPage\"],\"@id\":\"https:\\\/\\\/www.loopkinglaces.com\\\/fr\\\/products\\\/lacets-plats-en-coton-bleu-marine-avec-pointes-dorees\\\/\",\"url\":\"https:\\\/\\\/www.loopkinglaces.com\\\/fr\\\/products\\\/lacets-plats-en-coton-bleu-marine-avec-pointes-dorees\\\/\",\"name\":\"Lacets plats en coton bleu marine avec pointes dor\u00e9es\",\"isPartOf\":{\"@id\":\"https:\\\/\\\/www.loopkinglaces.com\\\/fr\\\/#website\"},\"primaryImageOfPage\":{\"@id\":\"https:\\\/\\\/www.loopkinglaces.com\\\/fr\\\/products\\\/lacets-plats-en-coton-bleu-marine-avec-pointes-dorees\\\/#primaryimage\"},\"image\":{\"@id\":\"https:\\\/\\\/www.loopkinglaces.com\\\/fr\\\/products\\\/lacets-plats-en-coton-bleu-marine-avec-pointes-dorees\\\/#primaryimage\"},\"thumbnailUrl\":\"https:\\\/\\\/www.loopkinglaces.com\\\/wp-content\\\/uploads\\\/IMG_2259.jpg\",\"datePublished\":\"2023-03-22T15:50:25+00:00\",\"dateModified\":\"2024-10-03T20:47:16+00:00\",\"description\":\"\u00c9l\u00e8ve ton jeu de chaussures avec nos \u00e9tonnants lacets plats en coton bleu marine qui transforment tes coups de pied en une \u0153uvre d'art \u00e9blouissante, con\u00e7ue pour r\u00e9sister \u00e0 l'\u00e9preuve du temps.\",\"breadcrumb\":{\"@id\":\"https:\\\/\\\/www.loopkinglaces.com\\\/fr\\\/products\\\/lacets-plats-en-coton-bleu-marine-avec-pointes-dorees\\\/#breadcrumb\"},\"inLanguage\":\"fr-FR\",\"potentialAction\":[{\"@type\":\"ReadAction\",\"target\":[\"https:\\\/\\\/www.loopkinglaces.com\\\/fr\\\/products\\\/lacets-plats-en-coton-bleu-marine-avec-pointes-dorees\\\/\"]}]},{\"@type\":\"ImageObject\",\"inLanguage\":\"fr-FR\",\"@id\":\"https:\\\/\\\/www.loopkinglaces.com\\\/fr\\\/products\\\/lacets-plats-en-coton-bleu-marine-avec-pointes-dorees\\\/#primaryimage\",\"url\":\"https:\\\/\\\/www.loopkinglaces.com\\\/wp-content\\\/uploads\\\/IMG_2259.jpg\",\"contentUrl\":\"https:\\\/\\\/www.loopkinglaces.com\\\/wp-content\\\/uploads\\\/IMG_2259.jpg\",\"width\":876,\"height\":884},{\"@type\":\"BreadcrumbList\",\"@id\":\"https:\\\/\\\/www.loopkinglaces.com\\\/fr\\\/products\\\/lacets-plats-en-coton-bleu-marine-avec-pointes-dorees\\\/#breadcrumb\",\"itemListElement\":[{\"@type\":\"ListItem\",\"position\":1,\"name\":\"Home\",\"item\":\"https:\\\/\\\/www.loopkinglaces.com\\\/fr\\\/\"},{\"@type\":\"ListItem\",\"position\":2,\"name\":\"ACHETER DES LACES\",\"item\":\"https:\\\/\\\/www.loopkinglaces.com\\\/fr\\\/acheter-des-laces\\\/\"},{\"@type\":\"ListItem\",\"position\":3,\"name\":\"Lacets plats en coton bleu marine avec pointes dor\u00e9es\"}]},{\"@type\":\"WebSite\",\"@id\":\"https:\\\/\\\/www.loopkinglaces.com\\\/fr\\\/#website\",\"url\":\"https:\\\/\\\/www.loopkinglaces.com\\\/fr\\\/\",\"name\":\"Luxury Gold Tip Shoelaces by Loop King Laces\",\"description\":\"Rope Laces, Flat Waxed Laces and Leather Laces. All With Gold Tips.\",\"publisher\":{\"@id\":\"https:\\\/\\\/www.loopkinglaces.com\\\/fr\\\/#organization\"},\"potentialAction\":[{\"@type\":\"SearchAction\",\"target\":{\"@type\":\"EntryPoint\",\"urlTemplate\":\"https:\\\/\\\/www.loopkinglaces.com\\\/fr\\\/?s={search_term_string}\"},\"query-input\":{\"@type\":\"PropertyValueSpecification\",\"valueRequired\":true,\"valueName\":\"search_term_string\"}}],\"inLanguage\":\"fr-FR\"},{\"@type\":\"Organization\",\"@id\":\"https:\\\/\\\/www.loopkinglaces.com\\\/fr\\\/#organization\",\"name\":\"Loop King Laces\",\"url\":\"https:\\\/\\\/www.loopkinglaces.com\\\/fr\\\/\",\"logo\":{\"@type\":\"ImageObject\",\"inLanguage\":\"fr-FR\",\"@id\":\"https:\\\/\\\/www.loopkinglaces.com\\\/fr\\\/#\\\/schema\\\/logo\\\/image\\\/\",\"url\":\"https:\\\/\\\/www.loopkinglaces.com\\\/wp-content\\\/uploads\\\/LOOP-KING-LACES.1.1-01-LOGO-HI-RES-OFFICIAL-1.png\",\"contentUrl\":\"https:\\\/\\\/www.loopkinglaces.com\\\/wp-content\\\/uploads\\\/LOOP-KING-LACES.1.1-01-LOGO-HI-RES-OFFICIAL-1.png\",\"width\":128,\"height\":91,\"caption\":\"Loop King Laces\"},\"image\":{\"@id\":\"https:\\\/\\\/www.loopkinglaces.com\\\/fr\\\/#\\\/schema\\\/logo\\\/image\\\/\"},\"sameAs\":[\"https:\\\/\\\/www.facebook.com\\\/LoopKingLaces\\\/\",\"https:\\\/\\\/x.com\\\/loopkinglaces\",\"https:\\\/\\\/www.instagram.com\\\/loopkinglaces\\\/\"]}]}<\/script>\n<!-- \/ Yoast SEO plugin. -->","yoast_head_json":{"title":"Lacets plats en coton bleu marine avec pointes dor\u00e9es","description":"\u00c9l\u00e8ve ton jeu de chaussures avec nos \u00e9tonnants lacets plats en coton bleu marine qui transforment tes coups de pied en une \u0153uvre d'art \u00e9blouissante, con\u00e7ue pour r\u00e9sister \u00e0 l'\u00e9preuve du temps.","robots":{"index":"index","follow":"follow","max-snippet":"max-snippet:-1","max-image-preview":"max-image-preview:large","max-video-preview":"max-video-preview:-1"},"canonical":"https:\/\/www.loopkinglaces.com\/fr\/products\/lacets-plats-en-coton-bleu-marine-avec-pointes-dorees\/","og_locale":"fr_FR","og_type":"article","og_title":"Lacets plats en coton bleu marine avec pointes dor\u00e9es","og_description":"\u00c9l\u00e8ve ton jeu de chaussures avec nos \u00e9tonnants lacets plats en coton bleu marine qui transforment tes coups de pied en une \u0153uvre d'art \u00e9blouissante, con\u00e7ue pour r\u00e9sister \u00e0 l'\u00e9preuve du temps.","og_url":"https:\/\/www.loopkinglaces.com\/fr\/products\/lacets-plats-en-coton-bleu-marine-avec-pointes-dorees\/","og_site_name":"Luxury Gold Tip Shoelaces by Loop King Laces","article_publisher":"https:\/\/www.facebook.com\/LoopKingLaces\/","article_modified_time":"2024-10-03T20:47:16+00:00","og_image":[{"width":876,"height":884,"url":"https:\/\/www.loopkinglaces.com\/wp-content\/uploads\/IMG_2259.jpg","type":"image\/jpeg"}],"twitter_card":"summary_large_image","twitter_site":"@loopkinglaces","schema":{"@context":"https:\/\/schema.org","@graph":[{"@type":["WebPage","ItemPage"],"@id":"https:\/\/www.loopkinglaces.com\/fr\/products\/lacets-plats-en-coton-bleu-marine-avec-pointes-dorees\/","url":"https:\/\/www.loopkinglaces.com\/fr\/products\/lacets-plats-en-coton-bleu-marine-avec-pointes-dorees\/","name":"Lacets plats en coton bleu marine avec pointes dor\u00e9es","isPartOf":{"@id":"https:\/\/www.loopkinglaces.com\/fr\/#website"},"primaryImageOfPage":{"@id":"https:\/\/www.loopkinglaces.com\/fr\/products\/lacets-plats-en-coton-bleu-marine-avec-pointes-dorees\/#primaryimage"},"image":{"@id":"https:\/\/www.loopkinglaces.com\/fr\/products\/lacets-plats-en-coton-bleu-marine-avec-pointes-dorees\/#primaryimage"},"thumbnailUrl":"https:\/\/www.loopkinglaces.com\/wp-content\/uploads\/IMG_2259.jpg","datePublished":"2023-03-22T15:50:25+00:00","dateModified":"2024-10-03T20:47:16+00:00","description":"\u00c9l\u00e8ve ton jeu de chaussures avec nos \u00e9tonnants lacets plats en coton bleu marine qui transforment tes coups de pied en une \u0153uvre d'art \u00e9blouissante, con\u00e7ue pour r\u00e9sister \u00e0 l'\u00e9preuve du temps.","breadcrumb":{"@id":"https:\/\/www.loopkinglaces.com\/fr\/products\/lacets-plats-en-coton-bleu-marine-avec-pointes-dorees\/#breadcrumb"},"inLanguage":"fr-FR","potentialAction":[{"@type":"ReadAction","target":["https:\/\/www.loopkinglaces.com\/fr\/products\/lacets-plats-en-coton-bleu-marine-avec-pointes-dorees\/"]}]},{"@type":"ImageObject","inLanguage":"fr-FR","@id":"https:\/\/www.loopkinglaces.com\/fr\/products\/lacets-plats-en-coton-bleu-marine-avec-pointes-dorees\/#primaryimage","url":"https:\/\/www.loopkinglaces.com\/wp-content\/uploads\/IMG_2259.jpg","contentUrl":"https:\/\/www.loopkinglaces.com\/wp-content\/uploads\/IMG_2259.jpg","width":876,"height":884},{"@type":"BreadcrumbList","@id":"https:\/\/www.loopkinglaces.com\/fr\/products\/lacets-plats-en-coton-bleu-marine-avec-pointes-dorees\/#breadcrumb","itemListElement":[{"@type":"ListItem","position":1,"name":"Home","item":"https:\/\/www.loopkinglaces.com\/fr\/"},{"@type":"ListItem","position":2,"name":"ACHETER DES LACES","item":"https:\/\/www.loopkinglaces.com\/fr\/acheter-des-laces\/"},{"@type":"ListItem","position":3,"name":"Lacets plats en coton bleu marine avec pointes dor\u00e9es"}]},{"@type":"WebSite","@id":"https:\/\/www.loopkinglaces.com\/fr\/#website","url":"https:\/\/www.loopkinglaces.com\/fr\/","name":"Luxury Gold Tip Shoelaces by Loop King Laces","description":"Rope Laces, Flat Waxed Laces and Leather Laces. All With Gold Tips.","publisher":{"@id":"https:\/\/www.loopkinglaces.com\/fr\/#organization"},"potentialAction":[{"@type":"SearchAction","target":{"@type":"EntryPoint","urlTemplate":"https:\/\/www.loopkinglaces.com\/fr\/?s={search_term_string}"},"query-input":{"@type":"PropertyValueSpecification","valueRequired":true,"valueName":"search_term_string"}}],"inLanguage":"fr-FR"},{"@type":"Organization","@id":"https:\/\/www.loopkinglaces.com\/fr\/#organization","name":"Loop King Laces","url":"https:\/\/www.loopkinglaces.com\/fr\/","logo":{"@type":"ImageObject","inLanguage":"fr-FR","@id":"https:\/\/www.loopkinglaces.com\/fr\/#\/schema\/logo\/image\/","url":"https:\/\/www.loopkinglaces.com\/wp-content\/uploads\/LOOP-KING-LACES.1.1-01-LOGO-HI-RES-OFFICIAL-1.png","contentUrl":"https:\/\/www.loopkinglaces.com\/wp-content\/uploads\/LOOP-KING-LACES.1.1-01-LOGO-HI-RES-OFFICIAL-1.png","width":128,"height":91,"caption":"Loop King Laces"},"image":{"@id":"https:\/\/www.loopkinglaces.com\/fr\/#\/schema\/logo\/image\/"},"sameAs":["https:\/\/www.facebook.com\/LoopKingLaces\/","https:\/\/x.com\/loopkinglaces","https:\/\/www.instagram.com\/loopkinglaces\/"]}]}},"_links":{"self":[{"href":"https:\/\/www.loopkinglaces.com\/fr\/wp-json\/wp\/v2\/product\/71222","targetHints":{"allow":["GET"]}}],"collection":[{"href":"https:\/\/www.loopkinglaces.com\/fr\/wp-json\/wp\/v2\/product"}],"about":[{"href":"https:\/\/www.loopkinglaces.com\/fr\/wp-json\/wp\/v2\/types\/product"}],"replies":[{"embeddable":true,"href":"https:\/\/www.loopkinglaces.com\/fr\/wp-json\/wp\/v2\/comments?post=71222"}],"wp:featuredmedia":[{"embeddable":true,"href":"https:\/\/www.loopkinglaces.com\/fr\/wp-json\/wp\/v2\/media\/71233"}],"wp:attachment":[{"href":"https:\/\/www.loopkinglaces.com\/fr\/wp-json\/wp\/v2\/media?parent=71222"}],"wp:term":[{"taxonomy":"product_brand","embeddable":true,"href":"https:\/\/www.loopkinglaces.com\/fr\/wp-json\/wp\/v2\/product_brand?post=71222"},{"taxonomy":"product_cat","embeddable":true,"href":"https:\/\/www.loopkinglaces.com\/fr\/wp-json\/wp\/v2\/product_cat?post=71222"},{"taxonomy":"product_tag","embeddable":true,"href":"https:\/\/www.loopkinglaces.com\/fr\/wp-json\/wp\/v2\/product_tag?post=71222"},{"taxonomy":"woo-feed-brand","embeddable":true,"href":"https:\/\/www.loopkinglaces.com\/fr\/wp-json\/wp\/v2\/woo-feed-brand?post=71222"}],"curies":[{"name":"wp","href":"https:\/\/api.w.org\/{rel}","templated":true}]}}