{"id":71141,"date":"2023-03-17T07:02:51","date_gmt":"2023-03-17T07:02:51","guid":{"rendered":"https:\/\/www.loopkinglaces.com\/products\/des-lacets-roses-lumineux-qui-redefiniront-tes-chaussures-preferees\/"},"modified":"2024-10-03T20:46:59","modified_gmt":"2024-10-03T20:46:59","slug":"des-lacets-roses-lumineux-qui-redefiniront-tes-chaussures-preferees","status":"publish","type":"product","link":"https:\/\/www.loopkinglaces.com\/fr\/products\/des-lacets-roses-lumineux-qui-redefiniront-tes-chaussures-preferees\/","title":{"rendered":"Des lacets roses lumineux qui red\u00e9finiront tes chaussures pr\u00e9f\u00e9r\u00e9es"},"content":{"rendered":"<p><span style=\"font-weight: 400;\">Tous nos lacets contiennent des mat\u00e9riaux de la plus haute qualit\u00e9 possible, ce qui garantit leur aspect immacul\u00e9 et leur durabilit\u00e9 rigide.<br \/>\nUn lacet LoopKing peut facilement   <\/span><b>durent trois fois plus longtemps que les autres marques<\/b><span style=\"font-weight: 400;\">.<br \/>\nBeyond that, many of our laces contain   <\/span><i><span style=\"font-weight: 400;\">embouts dor\u00e9s gaufr\u00e9s<\/span><\/i><span style=\"font-weight: 400;\"> pour une injection suppl\u00e9mentaire de style et une protection contre les extr\u00e9mit\u00e9s effiloch\u00e9es. <\/span>  <span style=\"font-weight: 400;\">Nos lacets en coton plat rose contiennent un rev\u00eatement qui les emp\u00eache d&#8217;accumuler la salet\u00e9 et la crasse, ils sont donc parfaits si tu passes beaucoup de temps \u00e0 l&#8217;ext\u00e9rieur.<br \/>\nIls ont \u00e9galement l&#8217;aspect visuel impeccable de nos autres lacets, ainsi que la durabilit\u00e9.   <\/span> <span style=\"font-weight: 400;\">Pour trouver la longueur dont tu as besoin, compte les \u0153illets de tes chaussures ou de tes bottes, puis consulte notre <a href=\"https:\/\/www.loopkinglaces.com\/shoelace-length-chart\/\"><b>guide des tailles<\/b><\/a>..  <\/span><\/p>\n","protected":false},"excerpt":{"rendered":"<p><strong>Des lacets de chaussures roses qui conviennent \u00e0 toutes les situations <\/strong> <i>Que tu sois fou de tout ce qui est rose ou que tu veuilles essayer un nouveau look excentrique (les lacets de chaussures roses conviennent tr\u00e8s bien aux Nikes), notre collection de lacets de chaussures roses de luxe a tout ce qu&#8217;il faut<\/i>. <strong>Si tu es plut\u00f4t du genre \u00e0 te d\u00e9placer, nos lacets en corde de coton rose ou nos lacets cir\u00e9s plats r\u00e9pondront parfaitement \u00e0 tes besoins. <\/strong> Nous utilisons du coton de haute qualit\u00e9 qui est doux au toucher et qui a une apparence incroyable.<br \/>\nIls sont assez fins pour s&#8217;adapter aux bottes, aux chaussures habill\u00e9es, aux baskets, aux coureurs, aux baskets, et plus encore.<br \/>\nComme ils s&#8217;adaptent \u00e0 la plupart des grandes marques sur le march\u00e9, tu peux facilement \u00e9changer tes lacets d&#8217;une paire de chaussures \u00e0 l&#8217;autre.   Les principales caract\u00e9ristiques sont les suivantes :  <\/p>\n<ul>\n<li style=\"font-weight: 400;\" aria-level=\"1\">Mat\u00e9riaux de premi\u00e8re qualit\u00e9<\/li>\n<li style=\"font-weight: 400;\" aria-level=\"1\">Emballage scell\u00e9 et superbe<\/li>\n<li style=\"font-weight: 400;\" aria-level=\"1\">Diff\u00e9rentes longueurs sont disponibles<\/li>\n<li style=\"font-weight: 400;\" aria-level=\"1\">Convient \u00e0 toutes les grandes marques (Nike, Adidas, Reebok, Converse, Vans)<\/li>\n<li style=\"font-weight: 400;\" aria-level=\"1\">Embouts dor\u00e9s gaufr\u00e9s<\/li>\n<li style=\"font-weight: 400;\" aria-level=\"1\">Une couleur rose vibrante qui attire l&#8217;attention<\/li>\n<\/ul>\n","protected":false},"featured_media":71148,"comment_status":"open","ping_status":"closed","template":"","meta":{"_acf_changed":false},"product_brand":[],"product_cat":[1207,1087,1419,1185,1353,1319,1206,947,1318],"product_tag":[986,984,962,966,961,964,985,963],"woo-feed-brand":[],"class_list":{"0":"post-71141","1":"product","2":"type-product","3":"status-publish","4":"has-post-thumbnail","6":"product_cat-des-lacets-de-chaussures-skechers-de-haut-niveau-qui-ajoutent-de-lintrigue-de-la-valeur-et-du-confort","7":"product_cat-des-lacets-en-coton-de-premiere-qualite-qui-surpassent-en-tous-points-les-autres-marques","8":"product_cat-jordan-1-mocha-pink-laces-pour-un-nouveau-look-excitant","9":"product_cat-lacets-a-pointe-dor","10":"product_cat-lacets-colores-a-la-mode-pour-chaussures-de-sport","11":"product_cat-lacets-nike-roses-pour-donner-a-tes-chaussures-une-touche-de-couleur","12":"product_cat-les-lacets-nike-dunk-parfaits-qui-ont-lair-incroyables-et-qui-durent-longtemps","13":"product_cat-tous-les-lacets","14":"product_cat-une-mise-a-niveau-spectaculaire-jordan-1-biohack-superieur-a-lacets-roses","15":"product_tag-cire","16":"product_tag-cire-plat","17":"product_tag-lacets","18":"product_tag-lacets-a-pointe-dor","19":"product_tag-loop-king-fr","20":"product_tag-noir","21":"product_tag-plat","22":"product_tag-pointe-en-metal","24":"first","25":"instock","26":"taxable","27":"shipping-taxable","28":"purchasable","29":"product-type-variable"},"acf":[],"yoast_head":"<!-- This site is optimized with the Yoast SEO plugin v27.4 - https:\/\/yoast.com\/product\/yoast-seo-wordpress\/ -->\n<title>Des lacets de chaussures roses qui conviennent \u00e0 toutes les situations<\/title>\n<meta name=\"description\" content=\"Pour transformer n&#039;importe quelle paire de chaussures en une superbe \u0153uvre d&#039;art, consulte notre collection premium de lacets roses avec des mat\u00e9riaux de premi\u00e8re qualit\u00e9 qui durent plus longtemps que les autres marques.\" \/>\n<meta name=\"robots\" content=\"index, follow, max-snippet:-1, max-image-preview:large, max-video-preview:-1\" \/>\n<link rel=\"canonical\" href=\"https:\/\/www.loopkinglaces.com\/fr\/products\/des-lacets-roses-lumineux-qui-redefiniront-tes-chaussures-preferees\/\" \/>\n<meta property=\"og:locale\" content=\"fr_FR\" \/>\n<meta property=\"og:type\" content=\"article\" \/>\n<meta property=\"og:title\" content=\"Des lacets de chaussures roses qui conviennent \u00e0 toutes les situations\" \/>\n<meta property=\"og:description\" content=\"Pour transformer n&#039;importe quelle paire de chaussures en une superbe \u0153uvre d&#039;art, consulte notre collection premium de lacets roses avec des mat\u00e9riaux de premi\u00e8re qualit\u00e9 qui durent plus longtemps que les autres marques.\" \/>\n<meta property=\"og:url\" content=\"https:\/\/www.loopkinglaces.com\/fr\/products\/des-lacets-roses-lumineux-qui-redefiniront-tes-chaussures-preferees\/\" \/>\n<meta property=\"og:site_name\" content=\"Luxury Gold Tip Shoelaces by Loop King Laces\" \/>\n<meta property=\"article:publisher\" content=\"https:\/\/www.facebook.com\/LoopKingLaces\/\" \/>\n<meta property=\"article:modified_time\" content=\"2024-10-03T20:46:59+00:00\" \/>\n<meta property=\"og:image\" content=\"https:\/\/www.loopkinglaces.com\/wp-content\/uploads\/IMG_2248.jpg\" \/>\n\t<meta property=\"og:image:width\" content=\"806\" \/>\n\t<meta property=\"og:image:height\" content=\"836\" \/>\n\t<meta property=\"og:image:type\" content=\"image\/jpeg\" \/>\n<meta name=\"twitter:card\" content=\"summary_large_image\" \/>\n<meta name=\"twitter:site\" content=\"@loopkinglaces\" \/>\n<meta name=\"twitter:label1\" content=\"Dur\u00e9e de lecture estim\u00e9e\" \/>\n\t<meta name=\"twitter:data1\" content=\"1 minute\" \/>\n<script type=\"application\/ld+json\" class=\"yoast-schema-graph\">{\"@context\":\"https:\\\/\\\/schema.org\",\"@graph\":[{\"@type\":[\"WebPage\",\"ItemPage\"],\"@id\":\"https:\\\/\\\/www.loopkinglaces.com\\\/fr\\\/products\\\/des-lacets-roses-lumineux-qui-redefiniront-tes-chaussures-preferees\\\/\",\"url\":\"https:\\\/\\\/www.loopkinglaces.com\\\/fr\\\/products\\\/des-lacets-roses-lumineux-qui-redefiniront-tes-chaussures-preferees\\\/\",\"name\":\"Des lacets de chaussures roses qui conviennent \u00e0 toutes les situations\",\"isPartOf\":{\"@id\":\"https:\\\/\\\/www.loopkinglaces.com\\\/fr\\\/#website\"},\"primaryImageOfPage\":{\"@id\":\"https:\\\/\\\/www.loopkinglaces.com\\\/fr\\\/products\\\/des-lacets-roses-lumineux-qui-redefiniront-tes-chaussures-preferees\\\/#primaryimage\"},\"image\":{\"@id\":\"https:\\\/\\\/www.loopkinglaces.com\\\/fr\\\/products\\\/des-lacets-roses-lumineux-qui-redefiniront-tes-chaussures-preferees\\\/#primaryimage\"},\"thumbnailUrl\":\"https:\\\/\\\/www.loopkinglaces.com\\\/wp-content\\\/uploads\\\/IMG_2248.jpg\",\"datePublished\":\"2023-03-17T07:02:51+00:00\",\"dateModified\":\"2024-10-03T20:46:59+00:00\",\"description\":\"Pour transformer n'importe quelle paire de chaussures en une superbe \u0153uvre d'art, consulte notre collection premium de lacets roses avec des mat\u00e9riaux de premi\u00e8re qualit\u00e9 qui durent plus longtemps que les autres marques.\",\"breadcrumb\":{\"@id\":\"https:\\\/\\\/www.loopkinglaces.com\\\/fr\\\/products\\\/des-lacets-roses-lumineux-qui-redefiniront-tes-chaussures-preferees\\\/#breadcrumb\"},\"inLanguage\":\"fr-FR\",\"potentialAction\":[{\"@type\":\"ReadAction\",\"target\":[\"https:\\\/\\\/www.loopkinglaces.com\\\/fr\\\/products\\\/des-lacets-roses-lumineux-qui-redefiniront-tes-chaussures-preferees\\\/\"]}]},{\"@type\":\"ImageObject\",\"inLanguage\":\"fr-FR\",\"@id\":\"https:\\\/\\\/www.loopkinglaces.com\\\/fr\\\/products\\\/des-lacets-roses-lumineux-qui-redefiniront-tes-chaussures-preferees\\\/#primaryimage\",\"url\":\"https:\\\/\\\/www.loopkinglaces.com\\\/wp-content\\\/uploads\\\/IMG_2248.jpg\",\"contentUrl\":\"https:\\\/\\\/www.loopkinglaces.com\\\/wp-content\\\/uploads\\\/IMG_2248.jpg\",\"width\":806,\"height\":836},{\"@type\":\"BreadcrumbList\",\"@id\":\"https:\\\/\\\/www.loopkinglaces.com\\\/fr\\\/products\\\/des-lacets-roses-lumineux-qui-redefiniront-tes-chaussures-preferees\\\/#breadcrumb\",\"itemListElement\":[{\"@type\":\"ListItem\",\"position\":1,\"name\":\"Home\",\"item\":\"https:\\\/\\\/www.loopkinglaces.com\\\/fr\\\/\"},{\"@type\":\"ListItem\",\"position\":2,\"name\":\"ACHETER DES LACES\",\"item\":\"https:\\\/\\\/www.loopkinglaces.com\\\/fr\\\/acheter-des-laces\\\/\"},{\"@type\":\"ListItem\",\"position\":3,\"name\":\"Des lacets roses lumineux qui red\u00e9finiront tes chaussures pr\u00e9f\u00e9r\u00e9es\"}]},{\"@type\":\"WebSite\",\"@id\":\"https:\\\/\\\/www.loopkinglaces.com\\\/fr\\\/#website\",\"url\":\"https:\\\/\\\/www.loopkinglaces.com\\\/fr\\\/\",\"name\":\"Luxury Gold Tip Shoelaces by Loop King Laces\",\"description\":\"Rope Laces, Flat Waxed Laces and Leather Laces. All With Gold Tips.\",\"publisher\":{\"@id\":\"https:\\\/\\\/www.loopkinglaces.com\\\/fr\\\/#organization\"},\"potentialAction\":[{\"@type\":\"SearchAction\",\"target\":{\"@type\":\"EntryPoint\",\"urlTemplate\":\"https:\\\/\\\/www.loopkinglaces.com\\\/fr\\\/?s={search_term_string}\"},\"query-input\":{\"@type\":\"PropertyValueSpecification\",\"valueRequired\":true,\"valueName\":\"search_term_string\"}}],\"inLanguage\":\"fr-FR\"},{\"@type\":\"Organization\",\"@id\":\"https:\\\/\\\/www.loopkinglaces.com\\\/fr\\\/#organization\",\"name\":\"Loop King Laces\",\"url\":\"https:\\\/\\\/www.loopkinglaces.com\\\/fr\\\/\",\"logo\":{\"@type\":\"ImageObject\",\"inLanguage\":\"fr-FR\",\"@id\":\"https:\\\/\\\/www.loopkinglaces.com\\\/fr\\\/#\\\/schema\\\/logo\\\/image\\\/\",\"url\":\"https:\\\/\\\/www.loopkinglaces.com\\\/wp-content\\\/uploads\\\/LOOP-KING-LACES.1.1-01-LOGO-HI-RES-OFFICIAL-1.png\",\"contentUrl\":\"https:\\\/\\\/www.loopkinglaces.com\\\/wp-content\\\/uploads\\\/LOOP-KING-LACES.1.1-01-LOGO-HI-RES-OFFICIAL-1.png\",\"width\":128,\"height\":91,\"caption\":\"Loop King Laces\"},\"image\":{\"@id\":\"https:\\\/\\\/www.loopkinglaces.com\\\/fr\\\/#\\\/schema\\\/logo\\\/image\\\/\"},\"sameAs\":[\"https:\\\/\\\/www.facebook.com\\\/LoopKingLaces\\\/\",\"https:\\\/\\\/x.com\\\/loopkinglaces\",\"https:\\\/\\\/www.instagram.com\\\/loopkinglaces\\\/\"]}]}<\/script>\n<!-- \/ Yoast SEO plugin. -->","yoast_head_json":{"title":"Des lacets de chaussures roses qui conviennent \u00e0 toutes les situations","description":"Pour transformer n'importe quelle paire de chaussures en une superbe \u0153uvre d'art, consulte notre collection premium de lacets roses avec des mat\u00e9riaux de premi\u00e8re qualit\u00e9 qui durent plus longtemps que les autres marques.","robots":{"index":"index","follow":"follow","max-snippet":"max-snippet:-1","max-image-preview":"max-image-preview:large","max-video-preview":"max-video-preview:-1"},"canonical":"https:\/\/www.loopkinglaces.com\/fr\/products\/des-lacets-roses-lumineux-qui-redefiniront-tes-chaussures-preferees\/","og_locale":"fr_FR","og_type":"article","og_title":"Des lacets de chaussures roses qui conviennent \u00e0 toutes les situations","og_description":"Pour transformer n'importe quelle paire de chaussures en une superbe \u0153uvre d'art, consulte notre collection premium de lacets roses avec des mat\u00e9riaux de premi\u00e8re qualit\u00e9 qui durent plus longtemps que les autres marques.","og_url":"https:\/\/www.loopkinglaces.com\/fr\/products\/des-lacets-roses-lumineux-qui-redefiniront-tes-chaussures-preferees\/","og_site_name":"Luxury Gold Tip Shoelaces by Loop King Laces","article_publisher":"https:\/\/www.facebook.com\/LoopKingLaces\/","article_modified_time":"2024-10-03T20:46:59+00:00","og_image":[{"width":806,"height":836,"url":"https:\/\/www.loopkinglaces.com\/wp-content\/uploads\/IMG_2248.jpg","type":"image\/jpeg"}],"twitter_card":"summary_large_image","twitter_site":"@loopkinglaces","twitter_misc":{"Dur\u00e9e de lecture estim\u00e9e":"1 minute"},"schema":{"@context":"https:\/\/schema.org","@graph":[{"@type":["WebPage","ItemPage"],"@id":"https:\/\/www.loopkinglaces.com\/fr\/products\/des-lacets-roses-lumineux-qui-redefiniront-tes-chaussures-preferees\/","url":"https:\/\/www.loopkinglaces.com\/fr\/products\/des-lacets-roses-lumineux-qui-redefiniront-tes-chaussures-preferees\/","name":"Des lacets de chaussures roses qui conviennent \u00e0 toutes les situations","isPartOf":{"@id":"https:\/\/www.loopkinglaces.com\/fr\/#website"},"primaryImageOfPage":{"@id":"https:\/\/www.loopkinglaces.com\/fr\/products\/des-lacets-roses-lumineux-qui-redefiniront-tes-chaussures-preferees\/#primaryimage"},"image":{"@id":"https:\/\/www.loopkinglaces.com\/fr\/products\/des-lacets-roses-lumineux-qui-redefiniront-tes-chaussures-preferees\/#primaryimage"},"thumbnailUrl":"https:\/\/www.loopkinglaces.com\/wp-content\/uploads\/IMG_2248.jpg","datePublished":"2023-03-17T07:02:51+00:00","dateModified":"2024-10-03T20:46:59+00:00","description":"Pour transformer n'importe quelle paire de chaussures en une superbe \u0153uvre d'art, consulte notre collection premium de lacets roses avec des mat\u00e9riaux de premi\u00e8re qualit\u00e9 qui durent plus longtemps que les autres marques.","breadcrumb":{"@id":"https:\/\/www.loopkinglaces.com\/fr\/products\/des-lacets-roses-lumineux-qui-redefiniront-tes-chaussures-preferees\/#breadcrumb"},"inLanguage":"fr-FR","potentialAction":[{"@type":"ReadAction","target":["https:\/\/www.loopkinglaces.com\/fr\/products\/des-lacets-roses-lumineux-qui-redefiniront-tes-chaussures-preferees\/"]}]},{"@type":"ImageObject","inLanguage":"fr-FR","@id":"https:\/\/www.loopkinglaces.com\/fr\/products\/des-lacets-roses-lumineux-qui-redefiniront-tes-chaussures-preferees\/#primaryimage","url":"https:\/\/www.loopkinglaces.com\/wp-content\/uploads\/IMG_2248.jpg","contentUrl":"https:\/\/www.loopkinglaces.com\/wp-content\/uploads\/IMG_2248.jpg","width":806,"height":836},{"@type":"BreadcrumbList","@id":"https:\/\/www.loopkinglaces.com\/fr\/products\/des-lacets-roses-lumineux-qui-redefiniront-tes-chaussures-preferees\/#breadcrumb","itemListElement":[{"@type":"ListItem","position":1,"name":"Home","item":"https:\/\/www.loopkinglaces.com\/fr\/"},{"@type":"ListItem","position":2,"name":"ACHETER DES LACES","item":"https:\/\/www.loopkinglaces.com\/fr\/acheter-des-laces\/"},{"@type":"ListItem","position":3,"name":"Des lacets roses lumineux qui red\u00e9finiront tes chaussures pr\u00e9f\u00e9r\u00e9es"}]},{"@type":"WebSite","@id":"https:\/\/www.loopkinglaces.com\/fr\/#website","url":"https:\/\/www.loopkinglaces.com\/fr\/","name":"Luxury Gold Tip Shoelaces by Loop King Laces","description":"Rope Laces, Flat Waxed Laces and Leather Laces. All With Gold Tips.","publisher":{"@id":"https:\/\/www.loopkinglaces.com\/fr\/#organization"},"potentialAction":[{"@type":"SearchAction","target":{"@type":"EntryPoint","urlTemplate":"https:\/\/www.loopkinglaces.com\/fr\/?s={search_term_string}"},"query-input":{"@type":"PropertyValueSpecification","valueRequired":true,"valueName":"search_term_string"}}],"inLanguage":"fr-FR"},{"@type":"Organization","@id":"https:\/\/www.loopkinglaces.com\/fr\/#organization","name":"Loop King Laces","url":"https:\/\/www.loopkinglaces.com\/fr\/","logo":{"@type":"ImageObject","inLanguage":"fr-FR","@id":"https:\/\/www.loopkinglaces.com\/fr\/#\/schema\/logo\/image\/","url":"https:\/\/www.loopkinglaces.com\/wp-content\/uploads\/LOOP-KING-LACES.1.1-01-LOGO-HI-RES-OFFICIAL-1.png","contentUrl":"https:\/\/www.loopkinglaces.com\/wp-content\/uploads\/LOOP-KING-LACES.1.1-01-LOGO-HI-RES-OFFICIAL-1.png","width":128,"height":91,"caption":"Loop King Laces"},"image":{"@id":"https:\/\/www.loopkinglaces.com\/fr\/#\/schema\/logo\/image\/"},"sameAs":["https:\/\/www.facebook.com\/LoopKingLaces\/","https:\/\/x.com\/loopkinglaces","https:\/\/www.instagram.com\/loopkinglaces\/"]}]}},"_links":{"self":[{"href":"https:\/\/www.loopkinglaces.com\/fr\/wp-json\/wp\/v2\/product\/71141","targetHints":{"allow":["GET"]}}],"collection":[{"href":"https:\/\/www.loopkinglaces.com\/fr\/wp-json\/wp\/v2\/product"}],"about":[{"href":"https:\/\/www.loopkinglaces.com\/fr\/wp-json\/wp\/v2\/types\/product"}],"replies":[{"embeddable":true,"href":"https:\/\/www.loopkinglaces.com\/fr\/wp-json\/wp\/v2\/comments?post=71141"}],"wp:featuredmedia":[{"embeddable":true,"href":"https:\/\/www.loopkinglaces.com\/fr\/wp-json\/wp\/v2\/media\/71148"}],"wp:attachment":[{"href":"https:\/\/www.loopkinglaces.com\/fr\/wp-json\/wp\/v2\/media?parent=71141"}],"wp:term":[{"taxonomy":"product_brand","embeddable":true,"href":"https:\/\/www.loopkinglaces.com\/fr\/wp-json\/wp\/v2\/product_brand?post=71141"},{"taxonomy":"product_cat","embeddable":true,"href":"https:\/\/www.loopkinglaces.com\/fr\/wp-json\/wp\/v2\/product_cat?post=71141"},{"taxonomy":"product_tag","embeddable":true,"href":"https:\/\/www.loopkinglaces.com\/fr\/wp-json\/wp\/v2\/product_tag?post=71141"},{"taxonomy":"woo-feed-brand","embeddable":true,"href":"https:\/\/www.loopkinglaces.com\/fr\/wp-json\/wp\/v2\/woo-feed-brand?post=71141"}],"curies":[{"name":"wp","href":"https:\/\/api.w.org\/{rel}","templated":true}]}}