{"id":70962,"date":"2023-01-16T13:56:47","date_gmt":"2023-01-16T13:56:47","guid":{"rendered":"https:\/\/www.loopkinglaces.com\/products\/lacets-noirs-sans-noeud-pour-bottes-71-pouces\/"},"modified":"2024-10-03T20:46:25","modified_gmt":"2024-10-03T20:46:25","slug":"lacets-noirs-sans-noeud-pour-bottes-71-pouces","status":"publish","type":"product","link":"https:\/\/www.loopkinglaces.com\/fr\/products\/lacets-noirs-sans-noeud-pour-bottes-71-pouces\/","title":{"rendered":"Lacets noirs sans noeud pour bottes &#8211; 71 pouces"},"content":{"rendered":"<p>Oublie les probl\u00e8mes de lacets l\u00e2ches pendant tes aventures en plein air !<br \/>\nNos lacets de bottes r\u00e9volutionnaires sans attache sont l\u00e0 pour te garder en s\u00e9curit\u00e9 et \u00e0 l&#8217;aise gr\u00e2ce \u00e0 leur m\u00e9canisme de verrouillage innovant.<br \/>\nIl suffit de tirer vers le haut et de verrouiller (comme une fermeture \u00e9clair) pour obtenir une s\u00e9curit\u00e9 optimale &#8211; c&#8217;est aussi simple que \u00e7a !<br \/>\nDe plus, ils offrent une tension r\u00e9glable par \u00e9lasticit\u00e9 pour que rien ne t&#8217;emp\u00eache de prendre en charge toutes tes randonn\u00e9es cette saison.   <\/p>\n","protected":false},"excerpt":{"rendered":"<p><strong>Lacets de bottes sans lacets noir et marron<\/strong> Pr\u00eat \u00e0 affronter les grands espaces ?<br \/>\nAvec nos lacets de bottes r\u00e9volutionnaires sans attache, tu peux oublier de t&#8217;inqui\u00e9ter des lacets d\u00e9faits et rester concentr\u00e9 sur ton voyage.<br \/>\nNotre syst\u00e8me de la\u00e7age est dot\u00e9 d&#8217;un m\u00e9canisme de verrouillage qui les maintient en place comme une fermeture \u00e9clair invisible &#8211; de plus, leur \u00e9lasticit\u00e9 assure un confort personnalis\u00e9 sans risque de tr\u00e9bucher !<br \/>\nMa\u00eetrise toutes tes aventures en plein air avec ces chaussures uniques &#8211; ne laisse plus jamais des lacets d\u00e9faits g\u00e2cher une autre randonn\u00e9e !     <\/p>\n<ul>\n<li>180 cm<\/li>\n<li>Mat\u00e9riaux de premi\u00e8re qualit\u00e9<\/li>\n<li>Dure <strong>3 fois plus longtemps<\/strong> que les autres marques<\/li>\n<li>Belle boucle d&#8217;emballage King<\/li>\n<\/ul>\n","protected":false},"featured_media":70966,"comment_status":"open","ping_status":"closed","template":"","meta":{"_acf_changed":false},"product_brand":[],"product_cat":[1106,1107,1557,981,958,1230,1105,1550,1431,983,1682,1552,947,1235,1436],"product_tag":[986,984,962,966,961,964,985,963],"woo-feed-brand":[],"class_list":{"0":"post-70962","1":"product","2":"type-product","3":"status-publish","4":"has-post-thumbnail","6":"product_cat-ancres-pour-lacets-plus-de-voyages-juste-des-astuces","7":"product_cat-des-lacets-de-bottes-de-72-pouces-pour-liberer-ton-style","8":"product_cat-des-lacets-de-bottes-sans-lacets-qui-font-gagner-du-temps-et-qui-ont-un-sens-du-style-epure","9":"product_cat-des-lacets-sans-fil-qui-te-font-gagner-du-temps-et-qui-sont-superbes","10":"product_cat-hey-dude-les-lacets-de-chaussures-sans-fil-cest-le-nouveau-cool","11":"product_cat-lacets-de-chaussures-keen-maitriser-lart-du-noir-et-du-gris","12":"product_cat-lacets-en-spirale-le-heros-meconnu-de-la-mode-des-chaussures","13":"product_cat-lacets-hickies-mon-petit-secret-pour-des-matins-sans-souci","14":"product_cat-lacets-noirs-et-jaunes-de-qualite-superieure-parfaits-pour-tous-les-styles","15":"product_cat-les-lacets-rapides-mettre-fin-aux-vieilles-habitudes-de-ligotage","16":"product_cat-renforce-ton-style-avec-des-lacets-de-chaussures-bicolores","17":"product_cat-speed-laces-la-revolution-dans-la-mode-des-chaussures","18":"product_cat-tous-les-lacets","19":"product_cat-trouver-la-correspondance-parfaite-la-revolution-des-lacets-de-72-pouces","20":"product_cat-tu-as-des-lacets-de-jordan-6-plus-besoin-dattacher-tes-chaussures","21":"product_tag-cire","22":"product_tag-cire-plat","23":"product_tag-lacets","24":"product_tag-lacets-a-pointe-dor","25":"product_tag-loop-king-fr","26":"product_tag-noir","27":"product_tag-plat","28":"product_tag-pointe-en-metal","30":"first","31":"instock","32":"taxable","33":"shipping-taxable","34":"purchasable","35":"product-type-variable"},"acf":[],"yoast_head":"<!-- This site is optimized with the Yoast SEO plugin v27.4 - https:\/\/yoast.com\/product\/yoast-seo-wordpress\/ -->\n<title>Lacets de bottes noirs sans noeud - From Loop King<\/title>\n<meta name=\"description\" content=\"Ne t&#039;inqui\u00e8te plus de tr\u00e9bucher sur tes lacets. Remplace tes lacets de bottes par ces alternatives noires sans lacets pour un maintien s\u00fbr qui a aussi fi\u00e8re allure.\" \/>\n<meta name=\"robots\" content=\"index, follow, max-snippet:-1, max-image-preview:large, max-video-preview:-1\" \/>\n<link rel=\"canonical\" href=\"https:\/\/www.loopkinglaces.com\/fr\/products\/lacets-noirs-sans-noeud-pour-bottes-71-pouces\/\" \/>\n<meta property=\"og:locale\" content=\"fr_FR\" \/>\n<meta property=\"og:type\" content=\"article\" \/>\n<meta property=\"og:title\" content=\"Lacets de bottes noirs sans noeud - From Loop King\" \/>\n<meta property=\"og:description\" content=\"Ne t&#039;inqui\u00e8te plus de tr\u00e9bucher sur tes lacets. Remplace tes lacets de bottes par ces alternatives noires sans lacets pour un maintien s\u00fbr qui a aussi fi\u00e8re allure.\" \/>\n<meta property=\"og:url\" content=\"https:\/\/www.loopkinglaces.com\/fr\/products\/lacets-noirs-sans-noeud-pour-bottes-71-pouces\/\" \/>\n<meta property=\"og:site_name\" content=\"Luxury Gold Tip Shoelaces by Loop King Laces\" \/>\n<meta property=\"article:publisher\" content=\"https:\/\/www.facebook.com\/LoopKingLaces\/\" \/>\n<meta property=\"article:modified_time\" content=\"2024-10-03T20:46:25+00:00\" \/>\n<meta property=\"og:image\" content=\"https:\/\/www.loopkinglaces.com\/wp-content\/uploads\/1216A-133-scaled.jpg\" \/>\n\t<meta property=\"og:image:width\" content=\"1600\" \/>\n\t<meta property=\"og:image:height\" content=\"1067\" \/>\n\t<meta property=\"og:image:type\" content=\"image\/jpeg\" \/>\n<meta name=\"twitter:card\" content=\"summary_large_image\" \/>\n<meta name=\"twitter:site\" content=\"@loopkinglaces\" \/>\n<script type=\"application\/ld+json\" class=\"yoast-schema-graph\">{\"@context\":\"https:\\\/\\\/schema.org\",\"@graph\":[{\"@type\":[\"WebPage\",\"ItemPage\"],\"@id\":\"https:\\\/\\\/www.loopkinglaces.com\\\/fr\\\/products\\\/lacets-noirs-sans-noeud-pour-bottes-71-pouces\\\/\",\"url\":\"https:\\\/\\\/www.loopkinglaces.com\\\/fr\\\/products\\\/lacets-noirs-sans-noeud-pour-bottes-71-pouces\\\/\",\"name\":\"Lacets de bottes noirs sans noeud - From Loop King\",\"isPartOf\":{\"@id\":\"https:\\\/\\\/www.loopkinglaces.com\\\/fr\\\/#website\"},\"primaryImageOfPage\":{\"@id\":\"https:\\\/\\\/www.loopkinglaces.com\\\/fr\\\/products\\\/lacets-noirs-sans-noeud-pour-bottes-71-pouces\\\/#primaryimage\"},\"image\":{\"@id\":\"https:\\\/\\\/www.loopkinglaces.com\\\/fr\\\/products\\\/lacets-noirs-sans-noeud-pour-bottes-71-pouces\\\/#primaryimage\"},\"thumbnailUrl\":\"https:\\\/\\\/www.loopkinglaces.com\\\/wp-content\\\/uploads\\\/1216A-133-scaled.jpg\",\"datePublished\":\"2023-01-16T13:56:47+00:00\",\"dateModified\":\"2024-10-03T20:46:25+00:00\",\"description\":\"Ne t'inqui\u00e8te plus de tr\u00e9bucher sur tes lacets. Remplace tes lacets de bottes par ces alternatives noires sans lacets pour un maintien s\u00fbr qui a aussi fi\u00e8re allure.\",\"breadcrumb\":{\"@id\":\"https:\\\/\\\/www.loopkinglaces.com\\\/fr\\\/products\\\/lacets-noirs-sans-noeud-pour-bottes-71-pouces\\\/#breadcrumb\"},\"inLanguage\":\"fr-FR\",\"potentialAction\":[{\"@type\":\"ReadAction\",\"target\":[\"https:\\\/\\\/www.loopkinglaces.com\\\/fr\\\/products\\\/lacets-noirs-sans-noeud-pour-bottes-71-pouces\\\/\"]}]},{\"@type\":\"ImageObject\",\"inLanguage\":\"fr-FR\",\"@id\":\"https:\\\/\\\/www.loopkinglaces.com\\\/fr\\\/products\\\/lacets-noirs-sans-noeud-pour-bottes-71-pouces\\\/#primaryimage\",\"url\":\"https:\\\/\\\/www.loopkinglaces.com\\\/wp-content\\\/uploads\\\/1216A-133-scaled.jpg\",\"contentUrl\":\"https:\\\/\\\/www.loopkinglaces.com\\\/wp-content\\\/uploads\\\/1216A-133-scaled.jpg\",\"width\":1600,\"height\":1067},{\"@type\":\"BreadcrumbList\",\"@id\":\"https:\\\/\\\/www.loopkinglaces.com\\\/fr\\\/products\\\/lacets-noirs-sans-noeud-pour-bottes-71-pouces\\\/#breadcrumb\",\"itemListElement\":[{\"@type\":\"ListItem\",\"position\":1,\"name\":\"Home\",\"item\":\"https:\\\/\\\/www.loopkinglaces.com\\\/fr\\\/\"},{\"@type\":\"ListItem\",\"position\":2,\"name\":\"ACHETER DES LACES\",\"item\":\"https:\\\/\\\/www.loopkinglaces.com\\\/fr\\\/acheter-des-laces\\\/\"},{\"@type\":\"ListItem\",\"position\":3,\"name\":\"Lacets noirs sans noeud pour bottes &#8211; 71 pouces\"}]},{\"@type\":\"WebSite\",\"@id\":\"https:\\\/\\\/www.loopkinglaces.com\\\/fr\\\/#website\",\"url\":\"https:\\\/\\\/www.loopkinglaces.com\\\/fr\\\/\",\"name\":\"Luxury Gold Tip Shoelaces by Loop King Laces\",\"description\":\"Rope Laces, Flat Waxed Laces and Leather Laces. All With Gold Tips.\",\"publisher\":{\"@id\":\"https:\\\/\\\/www.loopkinglaces.com\\\/fr\\\/#organization\"},\"potentialAction\":[{\"@type\":\"SearchAction\",\"target\":{\"@type\":\"EntryPoint\",\"urlTemplate\":\"https:\\\/\\\/www.loopkinglaces.com\\\/fr\\\/?s={search_term_string}\"},\"query-input\":{\"@type\":\"PropertyValueSpecification\",\"valueRequired\":true,\"valueName\":\"search_term_string\"}}],\"inLanguage\":\"fr-FR\"},{\"@type\":\"Organization\",\"@id\":\"https:\\\/\\\/www.loopkinglaces.com\\\/fr\\\/#organization\",\"name\":\"Loop King Laces\",\"url\":\"https:\\\/\\\/www.loopkinglaces.com\\\/fr\\\/\",\"logo\":{\"@type\":\"ImageObject\",\"inLanguage\":\"fr-FR\",\"@id\":\"https:\\\/\\\/www.loopkinglaces.com\\\/fr\\\/#\\\/schema\\\/logo\\\/image\\\/\",\"url\":\"https:\\\/\\\/www.loopkinglaces.com\\\/wp-content\\\/uploads\\\/LOOP-KING-LACES.1.1-01-LOGO-HI-RES-OFFICIAL-1.png\",\"contentUrl\":\"https:\\\/\\\/www.loopkinglaces.com\\\/wp-content\\\/uploads\\\/LOOP-KING-LACES.1.1-01-LOGO-HI-RES-OFFICIAL-1.png\",\"width\":128,\"height\":91,\"caption\":\"Loop King Laces\"},\"image\":{\"@id\":\"https:\\\/\\\/www.loopkinglaces.com\\\/fr\\\/#\\\/schema\\\/logo\\\/image\\\/\"},\"sameAs\":[\"https:\\\/\\\/www.facebook.com\\\/LoopKingLaces\\\/\",\"https:\\\/\\\/x.com\\\/loopkinglaces\",\"https:\\\/\\\/www.instagram.com\\\/loopkinglaces\\\/\"]}]}<\/script>\n<!-- \/ Yoast SEO plugin. -->","yoast_head_json":{"title":"Lacets de bottes noirs sans noeud - From Loop King","description":"Ne t'inqui\u00e8te plus de tr\u00e9bucher sur tes lacets. Remplace tes lacets de bottes par ces alternatives noires sans lacets pour un maintien s\u00fbr qui a aussi fi\u00e8re allure.","robots":{"index":"index","follow":"follow","max-snippet":"max-snippet:-1","max-image-preview":"max-image-preview:large","max-video-preview":"max-video-preview:-1"},"canonical":"https:\/\/www.loopkinglaces.com\/fr\/products\/lacets-noirs-sans-noeud-pour-bottes-71-pouces\/","og_locale":"fr_FR","og_type":"article","og_title":"Lacets de bottes noirs sans noeud - From Loop King","og_description":"Ne t'inqui\u00e8te plus de tr\u00e9bucher sur tes lacets. Remplace tes lacets de bottes par ces alternatives noires sans lacets pour un maintien s\u00fbr qui a aussi fi\u00e8re allure.","og_url":"https:\/\/www.loopkinglaces.com\/fr\/products\/lacets-noirs-sans-noeud-pour-bottes-71-pouces\/","og_site_name":"Luxury Gold Tip Shoelaces by Loop King Laces","article_publisher":"https:\/\/www.facebook.com\/LoopKingLaces\/","article_modified_time":"2024-10-03T20:46:25+00:00","og_image":[{"width":1600,"height":1067,"url":"https:\/\/www.loopkinglaces.com\/wp-content\/uploads\/1216A-133-scaled.jpg","type":"image\/jpeg"}],"twitter_card":"summary_large_image","twitter_site":"@loopkinglaces","schema":{"@context":"https:\/\/schema.org","@graph":[{"@type":["WebPage","ItemPage"],"@id":"https:\/\/www.loopkinglaces.com\/fr\/products\/lacets-noirs-sans-noeud-pour-bottes-71-pouces\/","url":"https:\/\/www.loopkinglaces.com\/fr\/products\/lacets-noirs-sans-noeud-pour-bottes-71-pouces\/","name":"Lacets de bottes noirs sans noeud - From Loop King","isPartOf":{"@id":"https:\/\/www.loopkinglaces.com\/fr\/#website"},"primaryImageOfPage":{"@id":"https:\/\/www.loopkinglaces.com\/fr\/products\/lacets-noirs-sans-noeud-pour-bottes-71-pouces\/#primaryimage"},"image":{"@id":"https:\/\/www.loopkinglaces.com\/fr\/products\/lacets-noirs-sans-noeud-pour-bottes-71-pouces\/#primaryimage"},"thumbnailUrl":"https:\/\/www.loopkinglaces.com\/wp-content\/uploads\/1216A-133-scaled.jpg","datePublished":"2023-01-16T13:56:47+00:00","dateModified":"2024-10-03T20:46:25+00:00","description":"Ne t'inqui\u00e8te plus de tr\u00e9bucher sur tes lacets. Remplace tes lacets de bottes par ces alternatives noires sans lacets pour un maintien s\u00fbr qui a aussi fi\u00e8re allure.","breadcrumb":{"@id":"https:\/\/www.loopkinglaces.com\/fr\/products\/lacets-noirs-sans-noeud-pour-bottes-71-pouces\/#breadcrumb"},"inLanguage":"fr-FR","potentialAction":[{"@type":"ReadAction","target":["https:\/\/www.loopkinglaces.com\/fr\/products\/lacets-noirs-sans-noeud-pour-bottes-71-pouces\/"]}]},{"@type":"ImageObject","inLanguage":"fr-FR","@id":"https:\/\/www.loopkinglaces.com\/fr\/products\/lacets-noirs-sans-noeud-pour-bottes-71-pouces\/#primaryimage","url":"https:\/\/www.loopkinglaces.com\/wp-content\/uploads\/1216A-133-scaled.jpg","contentUrl":"https:\/\/www.loopkinglaces.com\/wp-content\/uploads\/1216A-133-scaled.jpg","width":1600,"height":1067},{"@type":"BreadcrumbList","@id":"https:\/\/www.loopkinglaces.com\/fr\/products\/lacets-noirs-sans-noeud-pour-bottes-71-pouces\/#breadcrumb","itemListElement":[{"@type":"ListItem","position":1,"name":"Home","item":"https:\/\/www.loopkinglaces.com\/fr\/"},{"@type":"ListItem","position":2,"name":"ACHETER DES LACES","item":"https:\/\/www.loopkinglaces.com\/fr\/acheter-des-laces\/"},{"@type":"ListItem","position":3,"name":"Lacets noirs sans noeud pour bottes &#8211; 71 pouces"}]},{"@type":"WebSite","@id":"https:\/\/www.loopkinglaces.com\/fr\/#website","url":"https:\/\/www.loopkinglaces.com\/fr\/","name":"Luxury Gold Tip Shoelaces by Loop King Laces","description":"Rope Laces, Flat Waxed Laces and Leather Laces. All With Gold Tips.","publisher":{"@id":"https:\/\/www.loopkinglaces.com\/fr\/#organization"},"potentialAction":[{"@type":"SearchAction","target":{"@type":"EntryPoint","urlTemplate":"https:\/\/www.loopkinglaces.com\/fr\/?s={search_term_string}"},"query-input":{"@type":"PropertyValueSpecification","valueRequired":true,"valueName":"search_term_string"}}],"inLanguage":"fr-FR"},{"@type":"Organization","@id":"https:\/\/www.loopkinglaces.com\/fr\/#organization","name":"Loop King Laces","url":"https:\/\/www.loopkinglaces.com\/fr\/","logo":{"@type":"ImageObject","inLanguage":"fr-FR","@id":"https:\/\/www.loopkinglaces.com\/fr\/#\/schema\/logo\/image\/","url":"https:\/\/www.loopkinglaces.com\/wp-content\/uploads\/LOOP-KING-LACES.1.1-01-LOGO-HI-RES-OFFICIAL-1.png","contentUrl":"https:\/\/www.loopkinglaces.com\/wp-content\/uploads\/LOOP-KING-LACES.1.1-01-LOGO-HI-RES-OFFICIAL-1.png","width":128,"height":91,"caption":"Loop King Laces"},"image":{"@id":"https:\/\/www.loopkinglaces.com\/fr\/#\/schema\/logo\/image\/"},"sameAs":["https:\/\/www.facebook.com\/LoopKingLaces\/","https:\/\/x.com\/loopkinglaces","https:\/\/www.instagram.com\/loopkinglaces\/"]}]}},"_links":{"self":[{"href":"https:\/\/www.loopkinglaces.com\/fr\/wp-json\/wp\/v2\/product\/70962","targetHints":{"allow":["GET"]}}],"collection":[{"href":"https:\/\/www.loopkinglaces.com\/fr\/wp-json\/wp\/v2\/product"}],"about":[{"href":"https:\/\/www.loopkinglaces.com\/fr\/wp-json\/wp\/v2\/types\/product"}],"replies":[{"embeddable":true,"href":"https:\/\/www.loopkinglaces.com\/fr\/wp-json\/wp\/v2\/comments?post=70962"}],"wp:featuredmedia":[{"embeddable":true,"href":"https:\/\/www.loopkinglaces.com\/fr\/wp-json\/wp\/v2\/media\/70966"}],"wp:attachment":[{"href":"https:\/\/www.loopkinglaces.com\/fr\/wp-json\/wp\/v2\/media?parent=70962"}],"wp:term":[{"taxonomy":"product_brand","embeddable":true,"href":"https:\/\/www.loopkinglaces.com\/fr\/wp-json\/wp\/v2\/product_brand?post=70962"},{"taxonomy":"product_cat","embeddable":true,"href":"https:\/\/www.loopkinglaces.com\/fr\/wp-json\/wp\/v2\/product_cat?post=70962"},{"taxonomy":"product_tag","embeddable":true,"href":"https:\/\/www.loopkinglaces.com\/fr\/wp-json\/wp\/v2\/product_tag?post=70962"},{"taxonomy":"woo-feed-brand","embeddable":true,"href":"https:\/\/www.loopkinglaces.com\/fr\/wp-json\/wp\/v2\/woo-feed-brand?post=70962"}],"curies":[{"name":"wp","href":"https:\/\/api.w.org\/{rel}","templated":true}]}}