{"id":70924,"date":"2023-01-16T13:50:29","date_gmt":"2023-01-16T13:50:29","guid":{"rendered":"https:\/\/www.loopkinglaces.com\/products\/lacets-de-bottes-sans-attache-marron-clair-71-pouces\/"},"modified":"2024-10-03T20:46:17","modified_gmt":"2024-10-03T20:46:17","slug":"lacets-de-bottes-sans-attache-marron-clair-71-pouces","status":"publish","type":"product","link":"https:\/\/www.loopkinglaces.com\/fr\/products\/lacets-de-bottes-sans-attache-marron-clair-71-pouces\/","title":{"rendered":"Lacets de bottes sans attache marron clair &#8211; 71 pouces"},"content":{"rendered":"<p>Ne laisse pas des lacets mal attach\u00e9s g\u00e2cher ta prochaine randonn\u00e9e !<br \/>\nNos lacets de bottes innovants sans attache sont dot\u00e9s d&#8217;un m\u00e9canisme de verrouillage qui les maintiendra fermement en place pendant toute la dur\u00e9e de ton voyage.<br \/>\nTu n&#8217;auras jamais \u00e0 t&#8217;inqui\u00e9ter de t&#8217;arr\u00eater pour refaire tes lacets &#8211; il te suffit de les tirer vers le haut et de les verrouiller (comme une fermeture \u00e9clair) pour qu&#8217;ils soient bien en place, puis de les rel\u00e2cher une fois rentr\u00e9s \u00e0 la maison.<br \/>\nDe plus, leur \u00e9lasticit\u00e9 te permet de personnaliser la tension pour qu&#8217;ils soient aussi confortables que possible, sans risque de tr\u00e9bucher sur des lacets mal fix\u00e9s.<br \/>\nPrends le contr\u00f4le de toutes tes aventures en plein air avec nos lacets r\u00e9volutionnaires pour bottes sans lacets.    <\/p>\n","protected":false},"excerpt":{"rendered":"<p><strong>Lacets de bottes sans attaches marron clair<\/strong> Es-tu fatigu\u00e9 de t&#8217;arr\u00eater constamment sur le sentier pour refaire tes bottes de randonn\u00e9e ?<br \/>\nMets fin \u00e0 la lutte avec les lacets et essaie nos lacets de bottes innovants sans attache.<br \/>\nNotre m\u00e9canisme de verrouillage unique permet de garder les chaussures bien ajust\u00e9es, tout comme une fermeture \u00e9clair !<br \/>\nNe t&#8217;inqui\u00e8te plus jamais de tr\u00e9bucher sur des lacets de chaussures non attach\u00e9s &#8211; ces lacets \u00e9lastiques sont r\u00e9glables pour une tension parfaite \u00e0 chaque fois.<br \/>\nProfite d&#8217;une stabilit\u00e9 sans effort pour explorer les sentiers de la nature en toute confiance !      <\/p>\n<ul>\n<li>180 cm<\/li>\n<li>Mat\u00e9riaux de premi\u00e8re qualit\u00e9<\/li>\n<li>Dure <strong>3 fois plus longtemps<\/strong> que les autres marques<\/li>\n<li>Belle boucle d&#8217;emballage King<\/li>\n<\/ul>\n","protected":false},"featured_media":70929,"comment_status":"open","ping_status":"closed","template":"","meta":{"_acf_changed":false},"product_brand":[],"product_cat":[1106,1107,1557,1183,981,958,1104,1242,1105,1233,1550,1673,1506,983,1552,947,1436],"product_tag":[986,984,962,966,961,964,985,963],"woo-feed-brand":[],"class_list":{"0":"post-70924","1":"product","2":"type-product","3":"status-publish","4":"has-post-thumbnail","6":"product_cat-ancres-pour-lacets-plus-de-voyages-juste-des-astuces","7":"product_cat-des-lacets-de-bottes-de-72-pouces-pour-liberer-ton-style","8":"product_cat-des-lacets-de-bottes-sans-lacets-qui-font-gagner-du-temps-et-qui-ont-un-sens-du-style-epure","9":"product_cat-des-lacets-de-chaussures-marron-pour-rehausser-ton-style","10":"product_cat-des-lacets-sans-fil-qui-te-font-gagner-du-temps-et-qui-sont-superbes","11":"product_cat-hey-dude-les-lacets-de-chaussures-sans-fil-cest-le-nouveau-cool","12":"product_cat-la-magie-des-lacets-de-salomon-et-les-lacets-de-remplacement-sans-attache-de-loop-king","13":"product_cat-lacage-de-luxe-le-guide-ultime-des-lacets-de-bottes-de-84-pouces","14":"product_cat-lacets-en-spirale-le-heros-meconnu-de-la-mode-des-chaussures","15":"product_cat-lacets-extra-longs-plus-quune-tendance-un-mode-de-vie","16":"product_cat-lacets-hickies-mon-petit-secret-pour-des-matins-sans-souci","17":"product_cat-lacets-militaires-lacer-comme-un-pro","18":"product_cat-lacets-sorel-plus-quune-simple-corde-a-ta-semelle","19":"product_cat-les-lacets-rapides-mettre-fin-aux-vieilles-habitudes-de-ligotage","20":"product_cat-speed-laces-la-revolution-dans-la-mode-des-chaussures","21":"product_cat-tous-les-lacets","22":"product_cat-tu-as-des-lacets-de-jordan-6-plus-besoin-dattacher-tes-chaussures","23":"product_tag-cire","24":"product_tag-cire-plat","25":"product_tag-lacets","26":"product_tag-lacets-a-pointe-dor","27":"product_tag-loop-king-fr","28":"product_tag-noir","29":"product_tag-plat","30":"product_tag-pointe-en-metal","32":"first","33":"instock","34":"taxable","35":"shipping-taxable","36":"product-type-variable"},"acf":[],"yoast_head":"<!-- This site is optimized with the Yoast SEO plugin v27.4 - https:\/\/yoast.com\/product\/yoast-seo-wordpress\/ -->\n<title>Lacets de bottes sans attache marron clair - From Loop King<\/title>\n<meta name=\"description\" content=\"Plus besoin de faire un double n\u0153ud \u00e0 tes lacets, ni de t&#039;inqui\u00e9ter des tr\u00e9buchements et des chutes ; ces lacets de bottes marron clair sans n\u0153ud offrent un ajustement s\u00fbr qui a fi\u00e8re allure.\" \/>\n<meta name=\"robots\" content=\"index, follow, max-snippet:-1, max-image-preview:large, max-video-preview:-1\" \/>\n<link rel=\"canonical\" href=\"https:\/\/www.loopkinglaces.com\/fr\/products\/lacets-de-bottes-sans-attache-marron-clair-71-pouces\/\" \/>\n<meta property=\"og:locale\" content=\"fr_FR\" \/>\n<meta property=\"og:type\" content=\"article\" \/>\n<meta property=\"og:title\" content=\"Lacets de bottes sans attache marron clair - From Loop King\" \/>\n<meta property=\"og:description\" content=\"Plus besoin de faire un double n\u0153ud \u00e0 tes lacets, ni de t&#039;inqui\u00e9ter des tr\u00e9buchements et des chutes ; ces lacets de bottes marron clair sans n\u0153ud offrent un ajustement s\u00fbr qui a fi\u00e8re allure.\" \/>\n<meta property=\"og:url\" content=\"https:\/\/www.loopkinglaces.com\/fr\/products\/lacets-de-bottes-sans-attache-marron-clair-71-pouces\/\" \/>\n<meta property=\"og:site_name\" content=\"Luxury Gold Tip Shoelaces by Loop King Laces\" \/>\n<meta property=\"article:publisher\" content=\"https:\/\/www.facebook.com\/LoopKingLaces\/\" \/>\n<meta property=\"article:modified_time\" content=\"2024-10-03T20:46:17+00:00\" \/>\n<meta property=\"og:image\" content=\"https:\/\/www.loopkinglaces.com\/wp-content\/uploads\/1216A-128-scaled.jpg\" \/>\n\t<meta property=\"og:image:width\" content=\"1600\" \/>\n\t<meta property=\"og:image:height\" content=\"1067\" \/>\n\t<meta property=\"og:image:type\" content=\"image\/jpeg\" \/>\n<meta name=\"twitter:card\" content=\"summary_large_image\" \/>\n<meta name=\"twitter:site\" content=\"@loopkinglaces\" \/>\n<meta name=\"twitter:label1\" content=\"Dur\u00e9e de lecture estim\u00e9e\" \/>\n\t<meta name=\"twitter:data1\" content=\"1 minute\" \/>\n<script type=\"application\/ld+json\" class=\"yoast-schema-graph\">{\"@context\":\"https:\\\/\\\/schema.org\",\"@graph\":[{\"@type\":[\"WebPage\",\"ItemPage\"],\"@id\":\"https:\\\/\\\/www.loopkinglaces.com\\\/fr\\\/products\\\/lacets-de-bottes-sans-attache-marron-clair-71-pouces\\\/\",\"url\":\"https:\\\/\\\/www.loopkinglaces.com\\\/fr\\\/products\\\/lacets-de-bottes-sans-attache-marron-clair-71-pouces\\\/\",\"name\":\"Lacets de bottes sans attache marron clair - From Loop King\",\"isPartOf\":{\"@id\":\"https:\\\/\\\/www.loopkinglaces.com\\\/fr\\\/#website\"},\"primaryImageOfPage\":{\"@id\":\"https:\\\/\\\/www.loopkinglaces.com\\\/fr\\\/products\\\/lacets-de-bottes-sans-attache-marron-clair-71-pouces\\\/#primaryimage\"},\"image\":{\"@id\":\"https:\\\/\\\/www.loopkinglaces.com\\\/fr\\\/products\\\/lacets-de-bottes-sans-attache-marron-clair-71-pouces\\\/#primaryimage\"},\"thumbnailUrl\":\"https:\\\/\\\/www.loopkinglaces.com\\\/wp-content\\\/uploads\\\/1216A-128-scaled.jpg\",\"datePublished\":\"2023-01-16T13:50:29+00:00\",\"dateModified\":\"2024-10-03T20:46:17+00:00\",\"description\":\"Plus besoin de faire un double n\u0153ud \u00e0 tes lacets, ni de t'inqui\u00e9ter des tr\u00e9buchements et des chutes ; ces lacets de bottes marron clair sans n\u0153ud offrent un ajustement s\u00fbr qui a fi\u00e8re allure.\",\"breadcrumb\":{\"@id\":\"https:\\\/\\\/www.loopkinglaces.com\\\/fr\\\/products\\\/lacets-de-bottes-sans-attache-marron-clair-71-pouces\\\/#breadcrumb\"},\"inLanguage\":\"fr-FR\",\"potentialAction\":[{\"@type\":\"ReadAction\",\"target\":[\"https:\\\/\\\/www.loopkinglaces.com\\\/fr\\\/products\\\/lacets-de-bottes-sans-attache-marron-clair-71-pouces\\\/\"]}]},{\"@type\":\"ImageObject\",\"inLanguage\":\"fr-FR\",\"@id\":\"https:\\\/\\\/www.loopkinglaces.com\\\/fr\\\/products\\\/lacets-de-bottes-sans-attache-marron-clair-71-pouces\\\/#primaryimage\",\"url\":\"https:\\\/\\\/www.loopkinglaces.com\\\/wp-content\\\/uploads\\\/1216A-128-scaled.jpg\",\"contentUrl\":\"https:\\\/\\\/www.loopkinglaces.com\\\/wp-content\\\/uploads\\\/1216A-128-scaled.jpg\",\"width\":1600,\"height\":1067},{\"@type\":\"BreadcrumbList\",\"@id\":\"https:\\\/\\\/www.loopkinglaces.com\\\/fr\\\/products\\\/lacets-de-bottes-sans-attache-marron-clair-71-pouces\\\/#breadcrumb\",\"itemListElement\":[{\"@type\":\"ListItem\",\"position\":1,\"name\":\"Home\",\"item\":\"https:\\\/\\\/www.loopkinglaces.com\\\/fr\\\/\"},{\"@type\":\"ListItem\",\"position\":2,\"name\":\"ACHETER DES LACES\",\"item\":\"https:\\\/\\\/www.loopkinglaces.com\\\/fr\\\/acheter-des-laces\\\/\"},{\"@type\":\"ListItem\",\"position\":3,\"name\":\"Lacets de bottes sans attache marron clair &#8211; 71 pouces\"}]},{\"@type\":\"WebSite\",\"@id\":\"https:\\\/\\\/www.loopkinglaces.com\\\/fr\\\/#website\",\"url\":\"https:\\\/\\\/www.loopkinglaces.com\\\/fr\\\/\",\"name\":\"Luxury Gold Tip Shoelaces by Loop King Laces\",\"description\":\"Rope Laces, Flat Waxed Laces and Leather Laces. All With Gold Tips.\",\"publisher\":{\"@id\":\"https:\\\/\\\/www.loopkinglaces.com\\\/fr\\\/#organization\"},\"potentialAction\":[{\"@type\":\"SearchAction\",\"target\":{\"@type\":\"EntryPoint\",\"urlTemplate\":\"https:\\\/\\\/www.loopkinglaces.com\\\/fr\\\/?s={search_term_string}\"},\"query-input\":{\"@type\":\"PropertyValueSpecification\",\"valueRequired\":true,\"valueName\":\"search_term_string\"}}],\"inLanguage\":\"fr-FR\"},{\"@type\":\"Organization\",\"@id\":\"https:\\\/\\\/www.loopkinglaces.com\\\/fr\\\/#organization\",\"name\":\"Loop King Laces\",\"url\":\"https:\\\/\\\/www.loopkinglaces.com\\\/fr\\\/\",\"logo\":{\"@type\":\"ImageObject\",\"inLanguage\":\"fr-FR\",\"@id\":\"https:\\\/\\\/www.loopkinglaces.com\\\/fr\\\/#\\\/schema\\\/logo\\\/image\\\/\",\"url\":\"https:\\\/\\\/www.loopkinglaces.com\\\/wp-content\\\/uploads\\\/LOOP-KING-LACES.1.1-01-LOGO-HI-RES-OFFICIAL-1.png\",\"contentUrl\":\"https:\\\/\\\/www.loopkinglaces.com\\\/wp-content\\\/uploads\\\/LOOP-KING-LACES.1.1-01-LOGO-HI-RES-OFFICIAL-1.png\",\"width\":128,\"height\":91,\"caption\":\"Loop King Laces\"},\"image\":{\"@id\":\"https:\\\/\\\/www.loopkinglaces.com\\\/fr\\\/#\\\/schema\\\/logo\\\/image\\\/\"},\"sameAs\":[\"https:\\\/\\\/www.facebook.com\\\/LoopKingLaces\\\/\",\"https:\\\/\\\/x.com\\\/loopkinglaces\",\"https:\\\/\\\/www.instagram.com\\\/loopkinglaces\\\/\"]}]}<\/script>\n<!-- \/ Yoast SEO plugin. -->","yoast_head_json":{"title":"Lacets de bottes sans attache marron clair - From Loop King","description":"Plus besoin de faire un double n\u0153ud \u00e0 tes lacets, ni de t'inqui\u00e9ter des tr\u00e9buchements et des chutes ; ces lacets de bottes marron clair sans n\u0153ud offrent un ajustement s\u00fbr qui a fi\u00e8re allure.","robots":{"index":"index","follow":"follow","max-snippet":"max-snippet:-1","max-image-preview":"max-image-preview:large","max-video-preview":"max-video-preview:-1"},"canonical":"https:\/\/www.loopkinglaces.com\/fr\/products\/lacets-de-bottes-sans-attache-marron-clair-71-pouces\/","og_locale":"fr_FR","og_type":"article","og_title":"Lacets de bottes sans attache marron clair - From Loop King","og_description":"Plus besoin de faire un double n\u0153ud \u00e0 tes lacets, ni de t'inqui\u00e9ter des tr\u00e9buchements et des chutes ; ces lacets de bottes marron clair sans n\u0153ud offrent un ajustement s\u00fbr qui a fi\u00e8re allure.","og_url":"https:\/\/www.loopkinglaces.com\/fr\/products\/lacets-de-bottes-sans-attache-marron-clair-71-pouces\/","og_site_name":"Luxury Gold Tip Shoelaces by Loop King Laces","article_publisher":"https:\/\/www.facebook.com\/LoopKingLaces\/","article_modified_time":"2024-10-03T20:46:17+00:00","og_image":[{"width":1600,"height":1067,"url":"https:\/\/www.loopkinglaces.com\/wp-content\/uploads\/1216A-128-scaled.jpg","type":"image\/jpeg"}],"twitter_card":"summary_large_image","twitter_site":"@loopkinglaces","twitter_misc":{"Dur\u00e9e de lecture estim\u00e9e":"1 minute"},"schema":{"@context":"https:\/\/schema.org","@graph":[{"@type":["WebPage","ItemPage"],"@id":"https:\/\/www.loopkinglaces.com\/fr\/products\/lacets-de-bottes-sans-attache-marron-clair-71-pouces\/","url":"https:\/\/www.loopkinglaces.com\/fr\/products\/lacets-de-bottes-sans-attache-marron-clair-71-pouces\/","name":"Lacets de bottes sans attache marron clair - From Loop King","isPartOf":{"@id":"https:\/\/www.loopkinglaces.com\/fr\/#website"},"primaryImageOfPage":{"@id":"https:\/\/www.loopkinglaces.com\/fr\/products\/lacets-de-bottes-sans-attache-marron-clair-71-pouces\/#primaryimage"},"image":{"@id":"https:\/\/www.loopkinglaces.com\/fr\/products\/lacets-de-bottes-sans-attache-marron-clair-71-pouces\/#primaryimage"},"thumbnailUrl":"https:\/\/www.loopkinglaces.com\/wp-content\/uploads\/1216A-128-scaled.jpg","datePublished":"2023-01-16T13:50:29+00:00","dateModified":"2024-10-03T20:46:17+00:00","description":"Plus besoin de faire un double n\u0153ud \u00e0 tes lacets, ni de t'inqui\u00e9ter des tr\u00e9buchements et des chutes ; ces lacets de bottes marron clair sans n\u0153ud offrent un ajustement s\u00fbr qui a fi\u00e8re allure.","breadcrumb":{"@id":"https:\/\/www.loopkinglaces.com\/fr\/products\/lacets-de-bottes-sans-attache-marron-clair-71-pouces\/#breadcrumb"},"inLanguage":"fr-FR","potentialAction":[{"@type":"ReadAction","target":["https:\/\/www.loopkinglaces.com\/fr\/products\/lacets-de-bottes-sans-attache-marron-clair-71-pouces\/"]}]},{"@type":"ImageObject","inLanguage":"fr-FR","@id":"https:\/\/www.loopkinglaces.com\/fr\/products\/lacets-de-bottes-sans-attache-marron-clair-71-pouces\/#primaryimage","url":"https:\/\/www.loopkinglaces.com\/wp-content\/uploads\/1216A-128-scaled.jpg","contentUrl":"https:\/\/www.loopkinglaces.com\/wp-content\/uploads\/1216A-128-scaled.jpg","width":1600,"height":1067},{"@type":"BreadcrumbList","@id":"https:\/\/www.loopkinglaces.com\/fr\/products\/lacets-de-bottes-sans-attache-marron-clair-71-pouces\/#breadcrumb","itemListElement":[{"@type":"ListItem","position":1,"name":"Home","item":"https:\/\/www.loopkinglaces.com\/fr\/"},{"@type":"ListItem","position":2,"name":"ACHETER DES LACES","item":"https:\/\/www.loopkinglaces.com\/fr\/acheter-des-laces\/"},{"@type":"ListItem","position":3,"name":"Lacets de bottes sans attache marron clair &#8211; 71 pouces"}]},{"@type":"WebSite","@id":"https:\/\/www.loopkinglaces.com\/fr\/#website","url":"https:\/\/www.loopkinglaces.com\/fr\/","name":"Luxury Gold Tip Shoelaces by Loop King Laces","description":"Rope Laces, Flat Waxed Laces and Leather Laces. All With Gold Tips.","publisher":{"@id":"https:\/\/www.loopkinglaces.com\/fr\/#organization"},"potentialAction":[{"@type":"SearchAction","target":{"@type":"EntryPoint","urlTemplate":"https:\/\/www.loopkinglaces.com\/fr\/?s={search_term_string}"},"query-input":{"@type":"PropertyValueSpecification","valueRequired":true,"valueName":"search_term_string"}}],"inLanguage":"fr-FR"},{"@type":"Organization","@id":"https:\/\/www.loopkinglaces.com\/fr\/#organization","name":"Loop King Laces","url":"https:\/\/www.loopkinglaces.com\/fr\/","logo":{"@type":"ImageObject","inLanguage":"fr-FR","@id":"https:\/\/www.loopkinglaces.com\/fr\/#\/schema\/logo\/image\/","url":"https:\/\/www.loopkinglaces.com\/wp-content\/uploads\/LOOP-KING-LACES.1.1-01-LOGO-HI-RES-OFFICIAL-1.png","contentUrl":"https:\/\/www.loopkinglaces.com\/wp-content\/uploads\/LOOP-KING-LACES.1.1-01-LOGO-HI-RES-OFFICIAL-1.png","width":128,"height":91,"caption":"Loop King Laces"},"image":{"@id":"https:\/\/www.loopkinglaces.com\/fr\/#\/schema\/logo\/image\/"},"sameAs":["https:\/\/www.facebook.com\/LoopKingLaces\/","https:\/\/x.com\/loopkinglaces","https:\/\/www.instagram.com\/loopkinglaces\/"]}]}},"_links":{"self":[{"href":"https:\/\/www.loopkinglaces.com\/fr\/wp-json\/wp\/v2\/product\/70924","targetHints":{"allow":["GET"]}}],"collection":[{"href":"https:\/\/www.loopkinglaces.com\/fr\/wp-json\/wp\/v2\/product"}],"about":[{"href":"https:\/\/www.loopkinglaces.com\/fr\/wp-json\/wp\/v2\/types\/product"}],"replies":[{"embeddable":true,"href":"https:\/\/www.loopkinglaces.com\/fr\/wp-json\/wp\/v2\/comments?post=70924"}],"wp:featuredmedia":[{"embeddable":true,"href":"https:\/\/www.loopkinglaces.com\/fr\/wp-json\/wp\/v2\/media\/70929"}],"wp:attachment":[{"href":"https:\/\/www.loopkinglaces.com\/fr\/wp-json\/wp\/v2\/media?parent=70924"}],"wp:term":[{"taxonomy":"product_brand","embeddable":true,"href":"https:\/\/www.loopkinglaces.com\/fr\/wp-json\/wp\/v2\/product_brand?post=70924"},{"taxonomy":"product_cat","embeddable":true,"href":"https:\/\/www.loopkinglaces.com\/fr\/wp-json\/wp\/v2\/product_cat?post=70924"},{"taxonomy":"product_tag","embeddable":true,"href":"https:\/\/www.loopkinglaces.com\/fr\/wp-json\/wp\/v2\/product_tag?post=70924"},{"taxonomy":"woo-feed-brand","embeddable":true,"href":"https:\/\/www.loopkinglaces.com\/fr\/wp-json\/wp\/v2\/woo-feed-brand?post=70924"}],"curies":[{"name":"wp","href":"https:\/\/api.w.org\/{rel}","templated":true}]}}