{"id":70892,"date":"2023-01-16T13:28:55","date_gmt":"2023-01-16T13:28:55","guid":{"rendered":"https:\/\/www.loopkinglaces.com\/products\/lacets-de-bottes-sans-noeud-en-olive-71-pouces\/"},"modified":"2024-10-03T20:46:14","modified_gmt":"2024-10-03T20:46:14","slug":"lacets-de-bottes-sans-noeud-en-olive-71-pouces","status":"publish","type":"product","link":"https:\/\/www.loopkinglaces.com\/fr\/products\/lacets-de-bottes-sans-noeud-en-olive-71-pouces\/","title":{"rendered":"Lacets de bottes sans noeud en olive &#8211; 71 pouces"},"content":{"rendered":"<p>Donne un coup de jeune \u00e0 tes baskets avec les lacets r\u00e9volutionnaires sans lacets &#8211; parfaits pour la commodit\u00e9 et suffisamment \u00e9l\u00e9gants pour faire une impression durable.<br \/>\nLes lacets appartiennent d\u00e9sormais au pass\u00e9 ; il suffit de tirer vers le haut sur le verrou en haut, de les enfiler, puis de les desserrer en bas quand il est temps de les enlever !<br \/>\nCes lacets \u00e9tonnants sont \u00e9galement dot\u00e9s d&#8217;une qualit\u00e9 imbattable que tu ne trouveras pas ailleurs : ils sont con\u00e7us pour durer trois fois plus longtemps que les autres marques.<br \/>\nAvec ces lacets exceptionnels, il n&#8217;y a vraiment aucune limite de style ou de fonction.   <\/p>\n","protected":false},"excerpt":{"rendered":"<p><strong>Lacets de bottes sans lacets Olive<\/strong> Transforme la fa\u00e7on dont tu portes tes baskets avec des lacets sans lacets.<br \/>\nNon seulement ils te feront gagner du temps, mais ils te donneront un look unique pour toutes les occasions !<br \/>\nLe m\u00e9canisme de verrouillage fonctionne de la m\u00eame mani\u00e8re que celui d&#8217;une fermeture \u00e9clair sur ton manteau &#8211; tire-le vers le haut ou vers le bas selon que tu souhaites les s\u00e9curiser et les serrer en place ou les enlever rapidement et facilement.<br \/>\nDe plus, leur qualit\u00e9 sup\u00e9rieure assure une durabilit\u00e9 suppl\u00e9mentaire par rapport aux autres marques &#8211; ils durent 3 fois plus longtemps que les lacets habituels.     <\/p>\n<ul>\n<li>180 cm<\/li>\n<li>Mat\u00e9riaux de premi\u00e8re qualit\u00e9<\/li>\n<li>Dure <strong>3 fois plus longtemps<\/strong> que les autres marques<\/li>\n<li>Belle boucle d&#8217;emballage King<\/li>\n<\/ul>\n","protected":false},"featured_media":70901,"comment_status":"open","ping_status":"closed","template":"","meta":{"_acf_changed":false},"product_brand":[],"product_cat":[1106,1557,981,958,1242,1070,1105,1550,1673,1506,983,1552,947],"product_tag":[986,984,962,966,961,964,985,963],"woo-feed-brand":[],"class_list":{"0":"post-70892","1":"product","2":"type-product","3":"status-publish","4":"has-post-thumbnail","6":"product_cat-ancres-pour-lacets-plus-de-voyages-juste-des-astuces","7":"product_cat-des-lacets-de-bottes-sans-lacets-qui-font-gagner-du-temps-et-qui-ont-un-sens-du-style-epure","8":"product_cat-des-lacets-sans-fil-qui-te-font-gagner-du-temps-et-qui-sont-superbes","9":"product_cat-hey-dude-les-lacets-de-chaussures-sans-fil-cest-le-nouveau-cool","10":"product_cat-lacage-de-luxe-le-guide-ultime-des-lacets-de-bottes-de-84-pouces","11":"product_cat-lacets-brooks-une-touche-subtile-pour-ameliorer-ton-jeu-de-pieds","12":"product_cat-lacets-en-spirale-le-heros-meconnu-de-la-mode-des-chaussures","13":"product_cat-lacets-hickies-mon-petit-secret-pour-des-matins-sans-souci","14":"product_cat-lacets-militaires-lacer-comme-un-pro","15":"product_cat-lacets-sorel-plus-quune-simple-corde-a-ta-semelle","16":"product_cat-les-lacets-rapides-mettre-fin-aux-vieilles-habitudes-de-ligotage","17":"product_cat-speed-laces-la-revolution-dans-la-mode-des-chaussures","18":"product_cat-tous-les-lacets","19":"product_tag-cire","20":"product_tag-cire-plat","21":"product_tag-lacets","22":"product_tag-lacets-a-pointe-dor","23":"product_tag-loop-king-fr","24":"product_tag-noir","25":"product_tag-plat","26":"product_tag-pointe-en-metal","28":"first","29":"instock","30":"taxable","31":"shipping-taxable","32":"product-type-variable"},"acf":[],"yoast_head":"<!-- This site is optimized with the Yoast SEO plugin v27.4 - https:\/\/yoast.com\/product\/yoast-seo-wordpress\/ -->\n<title>Lacets de bottes sans noeud en olive - From Loop King<\/title>\n<meta name=\"description\" content=\"Gagne du temps et \u00e9vite les d\u00e9placements gr\u00e2ce \u00e0 ces lacets de bottes sans attache ! Leur design \u00e9l\u00e9gant te permet d&#039;avoir fi\u00e8re allure tout en restant \u00e0 l&#039;abri des chutes caus\u00e9es par des lacets non attach\u00e9s.\" \/>\n<meta name=\"robots\" content=\"index, follow, max-snippet:-1, max-image-preview:large, max-video-preview:-1\" \/>\n<link rel=\"canonical\" href=\"https:\/\/www.loopkinglaces.com\/fr\/products\/lacets-de-bottes-sans-noeud-en-olive-71-pouces\/\" \/>\n<meta property=\"og:locale\" content=\"fr_FR\" \/>\n<meta property=\"og:type\" content=\"article\" \/>\n<meta property=\"og:title\" content=\"Lacets de bottes sans noeud en olive - From Loop King\" \/>\n<meta property=\"og:description\" content=\"Gagne du temps et \u00e9vite les d\u00e9placements gr\u00e2ce \u00e0 ces lacets de bottes sans attache ! Leur design \u00e9l\u00e9gant te permet d&#039;avoir fi\u00e8re allure tout en restant \u00e0 l&#039;abri des chutes caus\u00e9es par des lacets non attach\u00e9s.\" \/>\n<meta property=\"og:url\" content=\"https:\/\/www.loopkinglaces.com\/fr\/products\/lacets-de-bottes-sans-noeud-en-olive-71-pouces\/\" \/>\n<meta property=\"og:site_name\" content=\"Luxury Gold Tip Shoelaces by Loop King Laces\" \/>\n<meta property=\"article:publisher\" content=\"https:\/\/www.facebook.com\/LoopKingLaces\/\" \/>\n<meta property=\"article:modified_time\" content=\"2024-10-03T20:46:14+00:00\" \/>\n<meta property=\"og:image\" content=\"https:\/\/www.loopkinglaces.com\/wp-content\/uploads\/1216A-131-scaled.jpg\" \/>\n\t<meta property=\"og:image:width\" content=\"1600\" \/>\n\t<meta property=\"og:image:height\" content=\"1067\" \/>\n\t<meta property=\"og:image:type\" content=\"image\/jpeg\" \/>\n<meta name=\"twitter:card\" content=\"summary_large_image\" \/>\n<meta name=\"twitter:site\" content=\"@loopkinglaces\" \/>\n<meta name=\"twitter:label1\" content=\"Dur\u00e9e de lecture estim\u00e9e\" \/>\n\t<meta name=\"twitter:data1\" content=\"1 minute\" \/>\n<script type=\"application\/ld+json\" class=\"yoast-schema-graph\">{\"@context\":\"https:\\\/\\\/schema.org\",\"@graph\":[{\"@type\":[\"WebPage\",\"ItemPage\"],\"@id\":\"https:\\\/\\\/www.loopkinglaces.com\\\/fr\\\/products\\\/lacets-de-bottes-sans-noeud-en-olive-71-pouces\\\/\",\"url\":\"https:\\\/\\\/www.loopkinglaces.com\\\/fr\\\/products\\\/lacets-de-bottes-sans-noeud-en-olive-71-pouces\\\/\",\"name\":\"Lacets de bottes sans noeud en olive - From Loop King\",\"isPartOf\":{\"@id\":\"https:\\\/\\\/www.loopkinglaces.com\\\/fr\\\/#website\"},\"primaryImageOfPage\":{\"@id\":\"https:\\\/\\\/www.loopkinglaces.com\\\/fr\\\/products\\\/lacets-de-bottes-sans-noeud-en-olive-71-pouces\\\/#primaryimage\"},\"image\":{\"@id\":\"https:\\\/\\\/www.loopkinglaces.com\\\/fr\\\/products\\\/lacets-de-bottes-sans-noeud-en-olive-71-pouces\\\/#primaryimage\"},\"thumbnailUrl\":\"https:\\\/\\\/www.loopkinglaces.com\\\/wp-content\\\/uploads\\\/1216A-131-scaled.jpg\",\"datePublished\":\"2023-01-16T13:28:55+00:00\",\"dateModified\":\"2024-10-03T20:46:14+00:00\",\"description\":\"Gagne du temps et \u00e9vite les d\u00e9placements gr\u00e2ce \u00e0 ces lacets de bottes sans attache ! Leur design \u00e9l\u00e9gant te permet d'avoir fi\u00e8re allure tout en restant \u00e0 l'abri des chutes caus\u00e9es par des lacets non attach\u00e9s.\",\"breadcrumb\":{\"@id\":\"https:\\\/\\\/www.loopkinglaces.com\\\/fr\\\/products\\\/lacets-de-bottes-sans-noeud-en-olive-71-pouces\\\/#breadcrumb\"},\"inLanguage\":\"fr-FR\",\"potentialAction\":[{\"@type\":\"ReadAction\",\"target\":[\"https:\\\/\\\/www.loopkinglaces.com\\\/fr\\\/products\\\/lacets-de-bottes-sans-noeud-en-olive-71-pouces\\\/\"]}]},{\"@type\":\"ImageObject\",\"inLanguage\":\"fr-FR\",\"@id\":\"https:\\\/\\\/www.loopkinglaces.com\\\/fr\\\/products\\\/lacets-de-bottes-sans-noeud-en-olive-71-pouces\\\/#primaryimage\",\"url\":\"https:\\\/\\\/www.loopkinglaces.com\\\/wp-content\\\/uploads\\\/1216A-131-scaled.jpg\",\"contentUrl\":\"https:\\\/\\\/www.loopkinglaces.com\\\/wp-content\\\/uploads\\\/1216A-131-scaled.jpg\",\"width\":1600,\"height\":1067},{\"@type\":\"BreadcrumbList\",\"@id\":\"https:\\\/\\\/www.loopkinglaces.com\\\/fr\\\/products\\\/lacets-de-bottes-sans-noeud-en-olive-71-pouces\\\/#breadcrumb\",\"itemListElement\":[{\"@type\":\"ListItem\",\"position\":1,\"name\":\"Home\",\"item\":\"https:\\\/\\\/www.loopkinglaces.com\\\/fr\\\/\"},{\"@type\":\"ListItem\",\"position\":2,\"name\":\"ACHETER DES LACES\",\"item\":\"https:\\\/\\\/www.loopkinglaces.com\\\/fr\\\/acheter-des-laces\\\/\"},{\"@type\":\"ListItem\",\"position\":3,\"name\":\"Lacets de bottes sans noeud en olive &#8211; 71 pouces\"}]},{\"@type\":\"WebSite\",\"@id\":\"https:\\\/\\\/www.loopkinglaces.com\\\/fr\\\/#website\",\"url\":\"https:\\\/\\\/www.loopkinglaces.com\\\/fr\\\/\",\"name\":\"Luxury Gold Tip Shoelaces by Loop King Laces\",\"description\":\"Rope Laces, Flat Waxed Laces and Leather Laces. All With Gold Tips.\",\"publisher\":{\"@id\":\"https:\\\/\\\/www.loopkinglaces.com\\\/fr\\\/#organization\"},\"potentialAction\":[{\"@type\":\"SearchAction\",\"target\":{\"@type\":\"EntryPoint\",\"urlTemplate\":\"https:\\\/\\\/www.loopkinglaces.com\\\/fr\\\/?s={search_term_string}\"},\"query-input\":{\"@type\":\"PropertyValueSpecification\",\"valueRequired\":true,\"valueName\":\"search_term_string\"}}],\"inLanguage\":\"fr-FR\"},{\"@type\":\"Organization\",\"@id\":\"https:\\\/\\\/www.loopkinglaces.com\\\/fr\\\/#organization\",\"name\":\"Loop King Laces\",\"url\":\"https:\\\/\\\/www.loopkinglaces.com\\\/fr\\\/\",\"logo\":{\"@type\":\"ImageObject\",\"inLanguage\":\"fr-FR\",\"@id\":\"https:\\\/\\\/www.loopkinglaces.com\\\/fr\\\/#\\\/schema\\\/logo\\\/image\\\/\",\"url\":\"https:\\\/\\\/www.loopkinglaces.com\\\/wp-content\\\/uploads\\\/LOOP-KING-LACES.1.1-01-LOGO-HI-RES-OFFICIAL-1.png\",\"contentUrl\":\"https:\\\/\\\/www.loopkinglaces.com\\\/wp-content\\\/uploads\\\/LOOP-KING-LACES.1.1-01-LOGO-HI-RES-OFFICIAL-1.png\",\"width\":128,\"height\":91,\"caption\":\"Loop King Laces\"},\"image\":{\"@id\":\"https:\\\/\\\/www.loopkinglaces.com\\\/fr\\\/#\\\/schema\\\/logo\\\/image\\\/\"},\"sameAs\":[\"https:\\\/\\\/www.facebook.com\\\/LoopKingLaces\\\/\",\"https:\\\/\\\/x.com\\\/loopkinglaces\",\"https:\\\/\\\/www.instagram.com\\\/loopkinglaces\\\/\"]}]}<\/script>\n<!-- \/ Yoast SEO plugin. -->","yoast_head_json":{"title":"Lacets de bottes sans noeud en olive - From Loop King","description":"Gagne du temps et \u00e9vite les d\u00e9placements gr\u00e2ce \u00e0 ces lacets de bottes sans attache ! Leur design \u00e9l\u00e9gant te permet d'avoir fi\u00e8re allure tout en restant \u00e0 l'abri des chutes caus\u00e9es par des lacets non attach\u00e9s.","robots":{"index":"index","follow":"follow","max-snippet":"max-snippet:-1","max-image-preview":"max-image-preview:large","max-video-preview":"max-video-preview:-1"},"canonical":"https:\/\/www.loopkinglaces.com\/fr\/products\/lacets-de-bottes-sans-noeud-en-olive-71-pouces\/","og_locale":"fr_FR","og_type":"article","og_title":"Lacets de bottes sans noeud en olive - From Loop King","og_description":"Gagne du temps et \u00e9vite les d\u00e9placements gr\u00e2ce \u00e0 ces lacets de bottes sans attache ! Leur design \u00e9l\u00e9gant te permet d'avoir fi\u00e8re allure tout en restant \u00e0 l'abri des chutes caus\u00e9es par des lacets non attach\u00e9s.","og_url":"https:\/\/www.loopkinglaces.com\/fr\/products\/lacets-de-bottes-sans-noeud-en-olive-71-pouces\/","og_site_name":"Luxury Gold Tip Shoelaces by Loop King Laces","article_publisher":"https:\/\/www.facebook.com\/LoopKingLaces\/","article_modified_time":"2024-10-03T20:46:14+00:00","og_image":[{"width":1600,"height":1067,"url":"https:\/\/www.loopkinglaces.com\/wp-content\/uploads\/1216A-131-scaled.jpg","type":"image\/jpeg"}],"twitter_card":"summary_large_image","twitter_site":"@loopkinglaces","twitter_misc":{"Dur\u00e9e de lecture estim\u00e9e":"1 minute"},"schema":{"@context":"https:\/\/schema.org","@graph":[{"@type":["WebPage","ItemPage"],"@id":"https:\/\/www.loopkinglaces.com\/fr\/products\/lacets-de-bottes-sans-noeud-en-olive-71-pouces\/","url":"https:\/\/www.loopkinglaces.com\/fr\/products\/lacets-de-bottes-sans-noeud-en-olive-71-pouces\/","name":"Lacets de bottes sans noeud en olive - From Loop King","isPartOf":{"@id":"https:\/\/www.loopkinglaces.com\/fr\/#website"},"primaryImageOfPage":{"@id":"https:\/\/www.loopkinglaces.com\/fr\/products\/lacets-de-bottes-sans-noeud-en-olive-71-pouces\/#primaryimage"},"image":{"@id":"https:\/\/www.loopkinglaces.com\/fr\/products\/lacets-de-bottes-sans-noeud-en-olive-71-pouces\/#primaryimage"},"thumbnailUrl":"https:\/\/www.loopkinglaces.com\/wp-content\/uploads\/1216A-131-scaled.jpg","datePublished":"2023-01-16T13:28:55+00:00","dateModified":"2024-10-03T20:46:14+00:00","description":"Gagne du temps et \u00e9vite les d\u00e9placements gr\u00e2ce \u00e0 ces lacets de bottes sans attache ! Leur design \u00e9l\u00e9gant te permet d'avoir fi\u00e8re allure tout en restant \u00e0 l'abri des chutes caus\u00e9es par des lacets non attach\u00e9s.","breadcrumb":{"@id":"https:\/\/www.loopkinglaces.com\/fr\/products\/lacets-de-bottes-sans-noeud-en-olive-71-pouces\/#breadcrumb"},"inLanguage":"fr-FR","potentialAction":[{"@type":"ReadAction","target":["https:\/\/www.loopkinglaces.com\/fr\/products\/lacets-de-bottes-sans-noeud-en-olive-71-pouces\/"]}]},{"@type":"ImageObject","inLanguage":"fr-FR","@id":"https:\/\/www.loopkinglaces.com\/fr\/products\/lacets-de-bottes-sans-noeud-en-olive-71-pouces\/#primaryimage","url":"https:\/\/www.loopkinglaces.com\/wp-content\/uploads\/1216A-131-scaled.jpg","contentUrl":"https:\/\/www.loopkinglaces.com\/wp-content\/uploads\/1216A-131-scaled.jpg","width":1600,"height":1067},{"@type":"BreadcrumbList","@id":"https:\/\/www.loopkinglaces.com\/fr\/products\/lacets-de-bottes-sans-noeud-en-olive-71-pouces\/#breadcrumb","itemListElement":[{"@type":"ListItem","position":1,"name":"Home","item":"https:\/\/www.loopkinglaces.com\/fr\/"},{"@type":"ListItem","position":2,"name":"ACHETER DES LACES","item":"https:\/\/www.loopkinglaces.com\/fr\/acheter-des-laces\/"},{"@type":"ListItem","position":3,"name":"Lacets de bottes sans noeud en olive &#8211; 71 pouces"}]},{"@type":"WebSite","@id":"https:\/\/www.loopkinglaces.com\/fr\/#website","url":"https:\/\/www.loopkinglaces.com\/fr\/","name":"Luxury Gold Tip Shoelaces by Loop King Laces","description":"Rope Laces, Flat Waxed Laces and Leather Laces. All With Gold Tips.","publisher":{"@id":"https:\/\/www.loopkinglaces.com\/fr\/#organization"},"potentialAction":[{"@type":"SearchAction","target":{"@type":"EntryPoint","urlTemplate":"https:\/\/www.loopkinglaces.com\/fr\/?s={search_term_string}"},"query-input":{"@type":"PropertyValueSpecification","valueRequired":true,"valueName":"search_term_string"}}],"inLanguage":"fr-FR"},{"@type":"Organization","@id":"https:\/\/www.loopkinglaces.com\/fr\/#organization","name":"Loop King Laces","url":"https:\/\/www.loopkinglaces.com\/fr\/","logo":{"@type":"ImageObject","inLanguage":"fr-FR","@id":"https:\/\/www.loopkinglaces.com\/fr\/#\/schema\/logo\/image\/","url":"https:\/\/www.loopkinglaces.com\/wp-content\/uploads\/LOOP-KING-LACES.1.1-01-LOGO-HI-RES-OFFICIAL-1.png","contentUrl":"https:\/\/www.loopkinglaces.com\/wp-content\/uploads\/LOOP-KING-LACES.1.1-01-LOGO-HI-RES-OFFICIAL-1.png","width":128,"height":91,"caption":"Loop King Laces"},"image":{"@id":"https:\/\/www.loopkinglaces.com\/fr\/#\/schema\/logo\/image\/"},"sameAs":["https:\/\/www.facebook.com\/LoopKingLaces\/","https:\/\/x.com\/loopkinglaces","https:\/\/www.instagram.com\/loopkinglaces\/"]}]}},"_links":{"self":[{"href":"https:\/\/www.loopkinglaces.com\/fr\/wp-json\/wp\/v2\/product\/70892","targetHints":{"allow":["GET"]}}],"collection":[{"href":"https:\/\/www.loopkinglaces.com\/fr\/wp-json\/wp\/v2\/product"}],"about":[{"href":"https:\/\/www.loopkinglaces.com\/fr\/wp-json\/wp\/v2\/types\/product"}],"replies":[{"embeddable":true,"href":"https:\/\/www.loopkinglaces.com\/fr\/wp-json\/wp\/v2\/comments?post=70892"}],"wp:featuredmedia":[{"embeddable":true,"href":"https:\/\/www.loopkinglaces.com\/fr\/wp-json\/wp\/v2\/media\/70901"}],"wp:attachment":[{"href":"https:\/\/www.loopkinglaces.com\/fr\/wp-json\/wp\/v2\/media?parent=70892"}],"wp:term":[{"taxonomy":"product_brand","embeddable":true,"href":"https:\/\/www.loopkinglaces.com\/fr\/wp-json\/wp\/v2\/product_brand?post=70892"},{"taxonomy":"product_cat","embeddable":true,"href":"https:\/\/www.loopkinglaces.com\/fr\/wp-json\/wp\/v2\/product_cat?post=70892"},{"taxonomy":"product_tag","embeddable":true,"href":"https:\/\/www.loopkinglaces.com\/fr\/wp-json\/wp\/v2\/product_tag?post=70892"},{"taxonomy":"woo-feed-brand","embeddable":true,"href":"https:\/\/www.loopkinglaces.com\/fr\/wp-json\/wp\/v2\/woo-feed-brand?post=70892"}],"curies":[{"name":"wp","href":"https:\/\/api.w.org\/{rel}","templated":true}]}}