{"id":70882,"date":"2023-01-16T13:40:04","date_gmt":"2023-01-16T13:40:04","guid":{"rendered":"https:\/\/www.loopkinglaces.com\/products\/lacets-de-bottes-sans-attache-marron-fonce-71-pouces\/"},"modified":"2024-10-03T20:46:18","modified_gmt":"2024-10-03T20:46:18","slug":"lacets-de-bottes-sans-attache-marron-fonce-71-pouces","status":"publish","type":"product","link":"https:\/\/www.loopkinglaces.com\/fr\/products\/lacets-de-bottes-sans-attache-marron-fonce-71-pouces\/","title":{"rendered":"Lacets de bottes sans attache marron fonc\u00e9 &#8211; 71 pouces"},"content":{"rendered":"<p>La randonn\u00e9e peut devenir un v\u00e9ritable casse-t\u00eate lorsque tes bottes ne cessent de se d\u00e9faire !<br \/>\nNe laisse pas la frustration de devoir constamment attacher tes lacets t&#8217;emp\u00eacher de t&#8217;amuser &#8211; essaie nos lacets de bottes r\u00e9volutionnaires sans attache.<br \/>\n\u00c9quip\u00e9s d&#8217;un m\u00e9canisme de verrouillage, ces lacets sont con\u00e7us pour rester solidement et confortablement attach\u00e9s pendant toute activit\u00e9 de plein air ; de plus, tu n&#8217;auras plus jamais \u00e0 les attacher !<br \/>\nProfite de la tranquillit\u00e9 d&#8217;esprit lors des randonn\u00e9es en sachant qu&#8217;il n&#8217;y a aucune chance que des lacets de chaussures non attach\u00e9s te fassent tr\u00e9bucher toutes les vingt minutes.<br \/>\nGr\u00e2ce \u00e0 leur \u00e9lasticit\u00e9 r\u00e9glable, il est facile de trouver exactement la bonne tension pour que ces chaussures s&#8217;ajustent parfaitement.    <\/p>\n","protected":false},"excerpt":{"rendered":"<p><strong>Lacets de bottes sans attache brun fonc\u00e9<\/strong> Tu en as assez que tes bottes de randonn\u00e9e se d\u00e9fassent sur le sentier ?<br \/>\nNos lacets de bottes innovants sans attache sont l\u00e0 pour te sauver !<br \/>\nAvec un m\u00e9canisme de verrouillage qui tient fermement en place, et une \u00e9lasticit\u00e9 permettant de r\u00e9gler la tension &#8211; ces lacets ne te laisseront pas tomber.<br \/>\nDe plus, une fois install\u00e9s, tu n&#8217;auras plus jamais besoin de les attacher &#8211; il te suffit de les remonter comme une fermeture \u00e9clair et de te sentir en s\u00e9curit\u00e9 en sachant qu&#8217;ils resteront en place jusqu&#8217;\u00e0 ce qu&#8217;il soit temps de les enlever !<br \/>\nProfite des sentiers en toute s\u00e9r\u00e9nit\u00e9 gr\u00e2ce \u00e0 notre nouvelle solution r\u00e9volutionnaire.      <\/p>\n<ul>\n<li>180 cm<\/li>\n<li>Mat\u00e9riaux de premi\u00e8re qualit\u00e9<\/li>\n<li>Dure <strong>3 fois plus longtemps<\/strong> que les autres marques<\/li>\n<li>Belle boucle d&#8217;emballage King<\/li>\n<\/ul>\n","protected":false},"featured_media":70885,"comment_status":"open","ping_status":"closed","template":"","meta":{"_acf_changed":false},"product_brand":[],"product_cat":[1512,1106,1210,1557,1183,981,1241,958,1242,1105,1550,983,1509,1552,947,1235,1234,1436],"product_tag":[986,984,962,966,961,964,985,963],"woo-feed-brand":[],"class_list":{"0":"post-70882","1":"product","2":"type-product","3":"status-publish","4":"has-post-thumbnail","6":"product_cat-ameliore-ton-jeu-de-chaussures-avec-les-lacets-de-bottes-columbia","7":"product_cat-ancres-pour-lacets-plus-de-voyages-juste-des-astuces","8":"product_cat-des-lacets-de-bottes-robustes-qui-ont-lair-incroyables-et-qui-durent-longtemps","9":"product_cat-des-lacets-de-bottes-sans-lacets-qui-font-gagner-du-temps-et-qui-ont-un-sens-du-style-epure","10":"product_cat-des-lacets-de-chaussures-marron-pour-rehausser-ton-style","11":"product_cat-des-lacets-sans-fil-qui-te-font-gagner-du-temps-et-qui-sont-superbes","12":"product_cat-donne-une-seconde-chance-a-tes-bottes-avec-les-lacets-de-80-pouces","13":"product_cat-hey-dude-les-lacets-de-chaussures-sans-fil-cest-le-nouveau-cool","14":"product_cat-lacage-de-luxe-le-guide-ultime-des-lacets-de-bottes-de-84-pouces","15":"product_cat-lacets-en-spirale-le-heros-meconnu-de-la-mode-des-chaussures","16":"product_cat-lacets-hickies-mon-petit-secret-pour-des-matins-sans-souci","17":"product_cat-les-lacets-rapides-mettre-fin-aux-vieilles-habitudes-de-ligotage","18":"product_cat-pourquoi-les-lacets-de-course-a-pied-sont-plus-importants-que-tu-ne-le-penses","19":"product_cat-speed-laces-la-revolution-dans-la-mode-des-chaussures","20":"product_cat-tous-les-lacets","21":"product_cat-trouver-la-correspondance-parfaite-la-revolution-des-lacets-de-72-pouces","22":"product_cat-trouver-les-lacets-parfaits-de-60-pouces-une-aventure-dans-le-monde-reel","23":"product_cat-tu-as-des-lacets-de-jordan-6-plus-besoin-dattacher-tes-chaussures","24":"product_tag-cire","25":"product_tag-cire-plat","26":"product_tag-lacets","27":"product_tag-lacets-a-pointe-dor","28":"product_tag-loop-king-fr","29":"product_tag-noir","30":"product_tag-plat","31":"product_tag-pointe-en-metal","33":"first","34":"instock","35":"taxable","36":"shipping-taxable","37":"product-type-variable"},"acf":[],"yoast_head":"<!-- This site is optimized with the Yoast SEO plugin v27.4 - https:\/\/yoast.com\/product\/yoast-seo-wordpress\/ -->\n<title>Lacets de bottes marron fonc\u00e9 sans attache - From Loop King<\/title>\n<meta name=\"description\" content=\"Am\u00e9liore ton jeu de chaussures avec ces lacets de bottes sans attache marron fonc\u00e9, \u00e9l\u00e9gants et pratiques, qui te permettent d&#039;avoir une belle allure, de rester en s\u00e9curit\u00e9 et de gagner du temps.\" \/>\n<meta name=\"robots\" content=\"index, follow, max-snippet:-1, max-image-preview:large, max-video-preview:-1\" \/>\n<link rel=\"canonical\" href=\"https:\/\/www.loopkinglaces.com\/fr\/products\/lacets-de-bottes-sans-attache-marron-fonce-71-pouces\/\" \/>\n<meta property=\"og:locale\" content=\"fr_FR\" \/>\n<meta property=\"og:type\" content=\"article\" \/>\n<meta property=\"og:title\" content=\"Lacets de bottes marron fonc\u00e9 sans attache - From Loop King\" \/>\n<meta property=\"og:description\" content=\"Am\u00e9liore ton jeu de chaussures avec ces lacets de bottes sans attache marron fonc\u00e9, \u00e9l\u00e9gants et pratiques, qui te permettent d&#039;avoir une belle allure, de rester en s\u00e9curit\u00e9 et de gagner du temps.\" \/>\n<meta property=\"og:url\" content=\"https:\/\/www.loopkinglaces.com\/fr\/products\/lacets-de-bottes-sans-attache-marron-fonce-71-pouces\/\" \/>\n<meta property=\"og:site_name\" content=\"Luxury Gold Tip Shoelaces by Loop King Laces\" \/>\n<meta property=\"article:publisher\" content=\"https:\/\/www.facebook.com\/LoopKingLaces\/\" \/>\n<meta property=\"article:modified_time\" content=\"2024-10-03T20:46:18+00:00\" \/>\n<meta property=\"og:image\" content=\"https:\/\/www.loopkinglaces.com\/wp-content\/uploads\/1216A-134-scaled.jpg\" \/>\n\t<meta property=\"og:image:width\" content=\"1600\" \/>\n\t<meta property=\"og:image:height\" content=\"1067\" \/>\n\t<meta property=\"og:image:type\" content=\"image\/jpeg\" \/>\n<meta name=\"twitter:card\" content=\"summary_large_image\" \/>\n<meta name=\"twitter:site\" content=\"@loopkinglaces\" \/>\n<meta name=\"twitter:label1\" content=\"Dur\u00e9e de lecture estim\u00e9e\" \/>\n\t<meta name=\"twitter:data1\" content=\"1 minute\" \/>\n<script type=\"application\/ld+json\" class=\"yoast-schema-graph\">{\"@context\":\"https:\\\/\\\/schema.org\",\"@graph\":[{\"@type\":[\"WebPage\",\"ItemPage\"],\"@id\":\"https:\\\/\\\/www.loopkinglaces.com\\\/fr\\\/products\\\/lacets-de-bottes-sans-attache-marron-fonce-71-pouces\\\/\",\"url\":\"https:\\\/\\\/www.loopkinglaces.com\\\/fr\\\/products\\\/lacets-de-bottes-sans-attache-marron-fonce-71-pouces\\\/\",\"name\":\"Lacets de bottes marron fonc\u00e9 sans attache - From Loop King\",\"isPartOf\":{\"@id\":\"https:\\\/\\\/www.loopkinglaces.com\\\/fr\\\/#website\"},\"primaryImageOfPage\":{\"@id\":\"https:\\\/\\\/www.loopkinglaces.com\\\/fr\\\/products\\\/lacets-de-bottes-sans-attache-marron-fonce-71-pouces\\\/#primaryimage\"},\"image\":{\"@id\":\"https:\\\/\\\/www.loopkinglaces.com\\\/fr\\\/products\\\/lacets-de-bottes-sans-attache-marron-fonce-71-pouces\\\/#primaryimage\"},\"thumbnailUrl\":\"https:\\\/\\\/www.loopkinglaces.com\\\/wp-content\\\/uploads\\\/1216A-134-scaled.jpg\",\"datePublished\":\"2023-01-16T13:40:04+00:00\",\"dateModified\":\"2024-10-03T20:46:18+00:00\",\"description\":\"Am\u00e9liore ton jeu de chaussures avec ces lacets de bottes sans attache marron fonc\u00e9, \u00e9l\u00e9gants et pratiques, qui te permettent d'avoir une belle allure, de rester en s\u00e9curit\u00e9 et de gagner du temps.\",\"breadcrumb\":{\"@id\":\"https:\\\/\\\/www.loopkinglaces.com\\\/fr\\\/products\\\/lacets-de-bottes-sans-attache-marron-fonce-71-pouces\\\/#breadcrumb\"},\"inLanguage\":\"fr-FR\",\"potentialAction\":[{\"@type\":\"ReadAction\",\"target\":[\"https:\\\/\\\/www.loopkinglaces.com\\\/fr\\\/products\\\/lacets-de-bottes-sans-attache-marron-fonce-71-pouces\\\/\"]}]},{\"@type\":\"ImageObject\",\"inLanguage\":\"fr-FR\",\"@id\":\"https:\\\/\\\/www.loopkinglaces.com\\\/fr\\\/products\\\/lacets-de-bottes-sans-attache-marron-fonce-71-pouces\\\/#primaryimage\",\"url\":\"https:\\\/\\\/www.loopkinglaces.com\\\/wp-content\\\/uploads\\\/1216A-134-scaled.jpg\",\"contentUrl\":\"https:\\\/\\\/www.loopkinglaces.com\\\/wp-content\\\/uploads\\\/1216A-134-scaled.jpg\",\"width\":1600,\"height\":1067},{\"@type\":\"BreadcrumbList\",\"@id\":\"https:\\\/\\\/www.loopkinglaces.com\\\/fr\\\/products\\\/lacets-de-bottes-sans-attache-marron-fonce-71-pouces\\\/#breadcrumb\",\"itemListElement\":[{\"@type\":\"ListItem\",\"position\":1,\"name\":\"Home\",\"item\":\"https:\\\/\\\/www.loopkinglaces.com\\\/fr\\\/\"},{\"@type\":\"ListItem\",\"position\":2,\"name\":\"ACHETER DES LACES\",\"item\":\"https:\\\/\\\/www.loopkinglaces.com\\\/fr\\\/acheter-des-laces\\\/\"},{\"@type\":\"ListItem\",\"position\":3,\"name\":\"Lacets de bottes sans attache marron fonc\u00e9 &#8211; 71 pouces\"}]},{\"@type\":\"WebSite\",\"@id\":\"https:\\\/\\\/www.loopkinglaces.com\\\/fr\\\/#website\",\"url\":\"https:\\\/\\\/www.loopkinglaces.com\\\/fr\\\/\",\"name\":\"Luxury Gold Tip Shoelaces by Loop King Laces\",\"description\":\"Rope Laces, Flat Waxed Laces and Leather Laces. All With Gold Tips.\",\"publisher\":{\"@id\":\"https:\\\/\\\/www.loopkinglaces.com\\\/fr\\\/#organization\"},\"potentialAction\":[{\"@type\":\"SearchAction\",\"target\":{\"@type\":\"EntryPoint\",\"urlTemplate\":\"https:\\\/\\\/www.loopkinglaces.com\\\/fr\\\/?s={search_term_string}\"},\"query-input\":{\"@type\":\"PropertyValueSpecification\",\"valueRequired\":true,\"valueName\":\"search_term_string\"}}],\"inLanguage\":\"fr-FR\"},{\"@type\":\"Organization\",\"@id\":\"https:\\\/\\\/www.loopkinglaces.com\\\/fr\\\/#organization\",\"name\":\"Loop King Laces\",\"url\":\"https:\\\/\\\/www.loopkinglaces.com\\\/fr\\\/\",\"logo\":{\"@type\":\"ImageObject\",\"inLanguage\":\"fr-FR\",\"@id\":\"https:\\\/\\\/www.loopkinglaces.com\\\/fr\\\/#\\\/schema\\\/logo\\\/image\\\/\",\"url\":\"https:\\\/\\\/www.loopkinglaces.com\\\/wp-content\\\/uploads\\\/LOOP-KING-LACES.1.1-01-LOGO-HI-RES-OFFICIAL-1.png\",\"contentUrl\":\"https:\\\/\\\/www.loopkinglaces.com\\\/wp-content\\\/uploads\\\/LOOP-KING-LACES.1.1-01-LOGO-HI-RES-OFFICIAL-1.png\",\"width\":128,\"height\":91,\"caption\":\"Loop King Laces\"},\"image\":{\"@id\":\"https:\\\/\\\/www.loopkinglaces.com\\\/fr\\\/#\\\/schema\\\/logo\\\/image\\\/\"},\"sameAs\":[\"https:\\\/\\\/www.facebook.com\\\/LoopKingLaces\\\/\",\"https:\\\/\\\/x.com\\\/loopkinglaces\",\"https:\\\/\\\/www.instagram.com\\\/loopkinglaces\\\/\"]}]}<\/script>\n<!-- \/ Yoast SEO plugin. -->","yoast_head_json":{"title":"Lacets de bottes marron fonc\u00e9 sans attache - From Loop King","description":"Am\u00e9liore ton jeu de chaussures avec ces lacets de bottes sans attache marron fonc\u00e9, \u00e9l\u00e9gants et pratiques, qui te permettent d'avoir une belle allure, de rester en s\u00e9curit\u00e9 et de gagner du temps.","robots":{"index":"index","follow":"follow","max-snippet":"max-snippet:-1","max-image-preview":"max-image-preview:large","max-video-preview":"max-video-preview:-1"},"canonical":"https:\/\/www.loopkinglaces.com\/fr\/products\/lacets-de-bottes-sans-attache-marron-fonce-71-pouces\/","og_locale":"fr_FR","og_type":"article","og_title":"Lacets de bottes marron fonc\u00e9 sans attache - From Loop King","og_description":"Am\u00e9liore ton jeu de chaussures avec ces lacets de bottes sans attache marron fonc\u00e9, \u00e9l\u00e9gants et pratiques, qui te permettent d'avoir une belle allure, de rester en s\u00e9curit\u00e9 et de gagner du temps.","og_url":"https:\/\/www.loopkinglaces.com\/fr\/products\/lacets-de-bottes-sans-attache-marron-fonce-71-pouces\/","og_site_name":"Luxury Gold Tip Shoelaces by Loop King Laces","article_publisher":"https:\/\/www.facebook.com\/LoopKingLaces\/","article_modified_time":"2024-10-03T20:46:18+00:00","og_image":[{"width":1600,"height":1067,"url":"https:\/\/www.loopkinglaces.com\/wp-content\/uploads\/1216A-134-scaled.jpg","type":"image\/jpeg"}],"twitter_card":"summary_large_image","twitter_site":"@loopkinglaces","twitter_misc":{"Dur\u00e9e de lecture estim\u00e9e":"1 minute"},"schema":{"@context":"https:\/\/schema.org","@graph":[{"@type":["WebPage","ItemPage"],"@id":"https:\/\/www.loopkinglaces.com\/fr\/products\/lacets-de-bottes-sans-attache-marron-fonce-71-pouces\/","url":"https:\/\/www.loopkinglaces.com\/fr\/products\/lacets-de-bottes-sans-attache-marron-fonce-71-pouces\/","name":"Lacets de bottes marron fonc\u00e9 sans attache - From Loop King","isPartOf":{"@id":"https:\/\/www.loopkinglaces.com\/fr\/#website"},"primaryImageOfPage":{"@id":"https:\/\/www.loopkinglaces.com\/fr\/products\/lacets-de-bottes-sans-attache-marron-fonce-71-pouces\/#primaryimage"},"image":{"@id":"https:\/\/www.loopkinglaces.com\/fr\/products\/lacets-de-bottes-sans-attache-marron-fonce-71-pouces\/#primaryimage"},"thumbnailUrl":"https:\/\/www.loopkinglaces.com\/wp-content\/uploads\/1216A-134-scaled.jpg","datePublished":"2023-01-16T13:40:04+00:00","dateModified":"2024-10-03T20:46:18+00:00","description":"Am\u00e9liore ton jeu de chaussures avec ces lacets de bottes sans attache marron fonc\u00e9, \u00e9l\u00e9gants et pratiques, qui te permettent d'avoir une belle allure, de rester en s\u00e9curit\u00e9 et de gagner du temps.","breadcrumb":{"@id":"https:\/\/www.loopkinglaces.com\/fr\/products\/lacets-de-bottes-sans-attache-marron-fonce-71-pouces\/#breadcrumb"},"inLanguage":"fr-FR","potentialAction":[{"@type":"ReadAction","target":["https:\/\/www.loopkinglaces.com\/fr\/products\/lacets-de-bottes-sans-attache-marron-fonce-71-pouces\/"]}]},{"@type":"ImageObject","inLanguage":"fr-FR","@id":"https:\/\/www.loopkinglaces.com\/fr\/products\/lacets-de-bottes-sans-attache-marron-fonce-71-pouces\/#primaryimage","url":"https:\/\/www.loopkinglaces.com\/wp-content\/uploads\/1216A-134-scaled.jpg","contentUrl":"https:\/\/www.loopkinglaces.com\/wp-content\/uploads\/1216A-134-scaled.jpg","width":1600,"height":1067},{"@type":"BreadcrumbList","@id":"https:\/\/www.loopkinglaces.com\/fr\/products\/lacets-de-bottes-sans-attache-marron-fonce-71-pouces\/#breadcrumb","itemListElement":[{"@type":"ListItem","position":1,"name":"Home","item":"https:\/\/www.loopkinglaces.com\/fr\/"},{"@type":"ListItem","position":2,"name":"ACHETER DES LACES","item":"https:\/\/www.loopkinglaces.com\/fr\/acheter-des-laces\/"},{"@type":"ListItem","position":3,"name":"Lacets de bottes sans attache marron fonc\u00e9 &#8211; 71 pouces"}]},{"@type":"WebSite","@id":"https:\/\/www.loopkinglaces.com\/fr\/#website","url":"https:\/\/www.loopkinglaces.com\/fr\/","name":"Luxury Gold Tip Shoelaces by Loop King Laces","description":"Rope Laces, Flat Waxed Laces and Leather Laces. All With Gold Tips.","publisher":{"@id":"https:\/\/www.loopkinglaces.com\/fr\/#organization"},"potentialAction":[{"@type":"SearchAction","target":{"@type":"EntryPoint","urlTemplate":"https:\/\/www.loopkinglaces.com\/fr\/?s={search_term_string}"},"query-input":{"@type":"PropertyValueSpecification","valueRequired":true,"valueName":"search_term_string"}}],"inLanguage":"fr-FR"},{"@type":"Organization","@id":"https:\/\/www.loopkinglaces.com\/fr\/#organization","name":"Loop King Laces","url":"https:\/\/www.loopkinglaces.com\/fr\/","logo":{"@type":"ImageObject","inLanguage":"fr-FR","@id":"https:\/\/www.loopkinglaces.com\/fr\/#\/schema\/logo\/image\/","url":"https:\/\/www.loopkinglaces.com\/wp-content\/uploads\/LOOP-KING-LACES.1.1-01-LOGO-HI-RES-OFFICIAL-1.png","contentUrl":"https:\/\/www.loopkinglaces.com\/wp-content\/uploads\/LOOP-KING-LACES.1.1-01-LOGO-HI-RES-OFFICIAL-1.png","width":128,"height":91,"caption":"Loop King Laces"},"image":{"@id":"https:\/\/www.loopkinglaces.com\/fr\/#\/schema\/logo\/image\/"},"sameAs":["https:\/\/www.facebook.com\/LoopKingLaces\/","https:\/\/x.com\/loopkinglaces","https:\/\/www.instagram.com\/loopkinglaces\/"]}]}},"_links":{"self":[{"href":"https:\/\/www.loopkinglaces.com\/fr\/wp-json\/wp\/v2\/product\/70882","targetHints":{"allow":["GET"]}}],"collection":[{"href":"https:\/\/www.loopkinglaces.com\/fr\/wp-json\/wp\/v2\/product"}],"about":[{"href":"https:\/\/www.loopkinglaces.com\/fr\/wp-json\/wp\/v2\/types\/product"}],"replies":[{"embeddable":true,"href":"https:\/\/www.loopkinglaces.com\/fr\/wp-json\/wp\/v2\/comments?post=70882"}],"wp:featuredmedia":[{"embeddable":true,"href":"https:\/\/www.loopkinglaces.com\/fr\/wp-json\/wp\/v2\/media\/70885"}],"wp:attachment":[{"href":"https:\/\/www.loopkinglaces.com\/fr\/wp-json\/wp\/v2\/media?parent=70882"}],"wp:term":[{"taxonomy":"product_brand","embeddable":true,"href":"https:\/\/www.loopkinglaces.com\/fr\/wp-json\/wp\/v2\/product_brand?post=70882"},{"taxonomy":"product_cat","embeddable":true,"href":"https:\/\/www.loopkinglaces.com\/fr\/wp-json\/wp\/v2\/product_cat?post=70882"},{"taxonomy":"product_tag","embeddable":true,"href":"https:\/\/www.loopkinglaces.com\/fr\/wp-json\/wp\/v2\/product_tag?post=70882"},{"taxonomy":"woo-feed-brand","embeddable":true,"href":"https:\/\/www.loopkinglaces.com\/fr\/wp-json\/wp\/v2\/woo-feed-brand?post=70882"}],"curies":[{"name":"wp","href":"https:\/\/api.w.org\/{rel}","templated":true}]}}