{"id":70863,"date":"2023-01-13T15:58:18","date_gmt":"2023-01-13T15:58:18","guid":{"rendered":"https:\/\/www.loopkinglaces.com\/products\/lacets-de-boot-beige-sans-noeud-71-pouces\/"},"modified":"2023-01-13T15:58:18","modified_gmt":"2023-01-13T15:58:18","slug":"lacets-de-boot-beige-sans-noeud-71-pouces","status":"publish","type":"product","link":"https:\/\/www.loopkinglaces.com\/fr\/products\/lacets-de-boot-beige-sans-noeud-71-pouces\/","title":{"rendered":"Lacets de BOOT beige sans noeud &#8211; 71 pouces"},"content":{"rendered":"<p>En particulier lors d&#8217;une longue randonn\u00e9e, les lacets de bottes l\u00e2ches sont la derni\u00e8re chose dont tu veux te pr\u00e9occuper.<br \/>\nAu lieu de refaire continuellement tes chaussures lorsque tu es dans la nature, essaie nos lacets de bottes r\u00e9volutionnaires sans attache &#8211; qui permettent aux aventuriers les plus audacieux d&#8217;\u00eatre en s\u00e9curit\u00e9 et \u00e0 l&#8217;aise.<br \/>\nNotre syst\u00e8me de verrouillage magn\u00e9tique gardera n&#8217;importe quelle paire de bottes fermement attach\u00e9e sans avoir \u00e0 \u00eatre ajust\u00e9e ; comme une fermeture \u00e9clair, il se resserre ou se desserre d&#8217;une simple traction !<br \/>\nProfite d&#8217;une libert\u00e9 totale et d&#8217;une tranquillit\u00e9 d&#8217;esprit en sachant que tr\u00e9bucher sur des lacets dangereux n&#8217;est plus qu&#8217;un mauvais souvenir pour les explorations en plein air.   <\/p>\n","protected":false},"excerpt":{"rendered":"<p><strong>Beige No-Tie Boot Laces<\/strong> Dis adieu aux lacets de chaussures peu pratiques lors de tes randonn\u00e9es !<br \/>\nNos lacets de bottes sans attache sont dot\u00e9s d&#8217;un m\u00e9canisme de verrouillage qui assurera une s\u00e9curit\u00e9 maximale et les maintiendra bien en place.<br \/>\nD&#8217;une simple traction vers le haut ou vers le bas, tu peux ajuster la tension pour une commodit\u00e9 in\u00e9gal\u00e9e &#8211; ne t&#8217;inqui\u00e8te plus jamais de tr\u00e9bucher sur des lacets mal attach\u00e9s pendant que tu explores les merveilles de la nature.<br \/>\nPr\u00e9pare-toi \u00e0 vivre une exp\u00e9rience de facilit\u00e9 comme jamais auparavant avec notre produit innovant !     <\/p>\n<ul>\n<li>180 cm<\/li>\n<li>Mat\u00e9riaux de premi\u00e8re qualit\u00e9<\/li>\n<li>Dure <strong>3 fois plus longtemps<\/strong> que les autres marques<\/li>\n<li>Belle boucle d&#8217;emballage King<\/li>\n<\/ul>\n","protected":false},"featured_media":70865,"comment_status":"open","ping_status":"closed","template":"","meta":{"_acf_changed":false},"product_brand":[],"product_cat":[1106,1386,1557,1385,981,1241,958,1104,1105,1233,1550,983,1232,1711,1552,947,1235,1436],"product_tag":[986,984,962,966,961,964,985,963],"woo-feed-brand":[],"class_list":{"0":"post-70863","1":"product","2":"type-product","3":"status-publish","4":"has-post-thumbnail","6":"product_cat-ancres-pour-lacets-plus-de-voyages-juste-des-astuces","7":"product_cat-de-magnifiques-lacets-en-creme-pour-reinventer-tes-chaussures-preferees","8":"product_cat-des-lacets-de-bottes-sans-lacets-qui-font-gagner-du-temps-et-qui-ont-un-sens-du-style-epure","9":"product_cat-des-lacets-de-voile-qui-ajoutent-une-touche-retro-a-nimporte-quelle-paire-de-baskets","10":"product_cat-des-lacets-sans-fil-qui-te-font-gagner-du-temps-et-qui-sont-superbes","11":"product_cat-donne-une-seconde-chance-a-tes-bottes-avec-les-lacets-de-80-pouces","12":"product_cat-hey-dude-les-lacets-de-chaussures-sans-fil-cest-le-nouveau-cool","13":"product_cat-la-magie-des-lacets-de-salomon-et-les-lacets-de-remplacement-sans-attache-de-loop-king","14":"product_cat-lacets-en-spirale-le-heros-meconnu-de-la-mode-des-chaussures","15":"product_cat-lacets-extra-longs-plus-quune-tendance-un-mode-de-vie","16":"product_cat-lacets-hickies-mon-petit-secret-pour-des-matins-sans-souci","17":"product_cat-les-lacets-rapides-mettre-fin-aux-vieilles-habitudes-de-ligotage","18":"product_cat-longs-lacets-de-chaussures-pourquoi-la-longueur-est-elle-importante","19":"product_cat-remplacement-des-lacets-de-roshe-mise-a-niveau-de-haute-qualite","20":"product_cat-speed-laces-la-revolution-dans-la-mode-des-chaussures","21":"product_cat-tous-les-lacets","22":"product_cat-trouver-la-correspondance-parfaite-la-revolution-des-lacets-de-72-pouces","23":"product_cat-tu-as-des-lacets-de-jordan-6-plus-besoin-dattacher-tes-chaussures","24":"product_tag-cire","25":"product_tag-cire-plat","26":"product_tag-lacets","27":"product_tag-lacets-a-pointe-dor","28":"product_tag-loop-king-fr","29":"product_tag-noir","30":"product_tag-plat","31":"product_tag-pointe-en-metal","33":"first","34":"instock","35":"taxable","36":"shipping-taxable","37":"purchasable","38":"product-type-variable"},"acf":[],"yoast_head":"<!-- This site is optimized with the Yoast SEO plugin v27.3 - https:\/\/yoast.com\/product\/yoast-seo-wordpress\/ -->\n<title>Lacets de bottes beige sans attache - From Loop King<\/title>\n<meta name=\"description\" content=\"Ne laisse pas les lacets de tes bottes te faire courir le risque de tr\u00e9bucher et de tomber - opte pour ces lacets beiges sans lacets pour s\u00e9curiser tes chaussures tout en leur donnant une allure incroyable !\" \/>\n<meta name=\"robots\" content=\"index, follow, max-snippet:-1, max-image-preview:large, max-video-preview:-1\" \/>\n<link rel=\"canonical\" href=\"https:\/\/www.loopkinglaces.com\/fr\/products\/lacets-de-boot-beige-sans-noeud-71-pouces\/\" \/>\n<meta property=\"og:locale\" content=\"fr_FR\" \/>\n<meta property=\"og:type\" content=\"article\" \/>\n<meta property=\"og:title\" content=\"Lacets de bottes beige sans attache - From Loop King\" \/>\n<meta property=\"og:description\" content=\"Ne laisse pas les lacets de tes bottes te faire courir le risque de tr\u00e9bucher et de tomber - opte pour ces lacets beiges sans lacets pour s\u00e9curiser tes chaussures tout en leur donnant une allure incroyable !\" \/>\n<meta property=\"og:url\" content=\"https:\/\/www.loopkinglaces.com\/fr\/products\/lacets-de-boot-beige-sans-noeud-71-pouces\/\" \/>\n<meta property=\"og:site_name\" content=\"Luxury Gold Tip Shoelaces by Loop King Laces\" \/>\n<meta property=\"article:publisher\" content=\"https:\/\/www.facebook.com\/LoopKingLaces\/\" \/>\n<meta property=\"og:image\" content=\"https:\/\/www.loopkinglaces.com\/wp-content\/uploads\/1216A-129-scaled.jpg\" \/>\n\t<meta property=\"og:image:width\" content=\"1600\" \/>\n\t<meta property=\"og:image:height\" content=\"1067\" \/>\n\t<meta property=\"og:image:type\" content=\"image\/jpeg\" \/>\n<meta name=\"twitter:card\" content=\"summary_large_image\" \/>\n<meta name=\"twitter:site\" content=\"@loopkinglaces\" \/>\n<meta name=\"twitter:label1\" content=\"Dur\u00e9e de lecture estim\u00e9e\" \/>\n\t<meta name=\"twitter:data1\" content=\"1 minute\" \/>\n<script type=\"application\/ld+json\" class=\"yoast-schema-graph\">{\"@context\":\"https:\\\/\\\/schema.org\",\"@graph\":[{\"@type\":[\"WebPage\",\"ItemPage\"],\"@id\":\"https:\\\/\\\/www.loopkinglaces.com\\\/fr\\\/products\\\/lacets-de-boot-beige-sans-noeud-71-pouces\\\/\",\"url\":\"https:\\\/\\\/www.loopkinglaces.com\\\/fr\\\/products\\\/lacets-de-boot-beige-sans-noeud-71-pouces\\\/\",\"name\":\"Lacets de bottes beige sans attache - From Loop King\",\"isPartOf\":{\"@id\":\"https:\\\/\\\/www.loopkinglaces.com\\\/fr\\\/#website\"},\"primaryImageOfPage\":{\"@id\":\"https:\\\/\\\/www.loopkinglaces.com\\\/fr\\\/products\\\/lacets-de-boot-beige-sans-noeud-71-pouces\\\/#primaryimage\"},\"image\":{\"@id\":\"https:\\\/\\\/www.loopkinglaces.com\\\/fr\\\/products\\\/lacets-de-boot-beige-sans-noeud-71-pouces\\\/#primaryimage\"},\"thumbnailUrl\":\"https:\\\/\\\/www.loopkinglaces.com\\\/wp-content\\\/uploads\\\/1216A-129-scaled.jpg\",\"datePublished\":\"2023-01-13T15:58:18+00:00\",\"description\":\"Ne laisse pas les lacets de tes bottes te faire courir le risque de tr\u00e9bucher et de tomber - opte pour ces lacets beiges sans lacets pour s\u00e9curiser tes chaussures tout en leur donnant une allure incroyable !\",\"breadcrumb\":{\"@id\":\"https:\\\/\\\/www.loopkinglaces.com\\\/fr\\\/products\\\/lacets-de-boot-beige-sans-noeud-71-pouces\\\/#breadcrumb\"},\"inLanguage\":\"fr-FR\",\"potentialAction\":[{\"@type\":\"ReadAction\",\"target\":[\"https:\\\/\\\/www.loopkinglaces.com\\\/fr\\\/products\\\/lacets-de-boot-beige-sans-noeud-71-pouces\\\/\"]}]},{\"@type\":\"ImageObject\",\"inLanguage\":\"fr-FR\",\"@id\":\"https:\\\/\\\/www.loopkinglaces.com\\\/fr\\\/products\\\/lacets-de-boot-beige-sans-noeud-71-pouces\\\/#primaryimage\",\"url\":\"https:\\\/\\\/www.loopkinglaces.com\\\/wp-content\\\/uploads\\\/1216A-129-scaled.jpg\",\"contentUrl\":\"https:\\\/\\\/www.loopkinglaces.com\\\/wp-content\\\/uploads\\\/1216A-129-scaled.jpg\",\"width\":1600,\"height\":1067},{\"@type\":\"BreadcrumbList\",\"@id\":\"https:\\\/\\\/www.loopkinglaces.com\\\/fr\\\/products\\\/lacets-de-boot-beige-sans-noeud-71-pouces\\\/#breadcrumb\",\"itemListElement\":[{\"@type\":\"ListItem\",\"position\":1,\"name\":\"Home\",\"item\":\"https:\\\/\\\/www.loopkinglaces.com\\\/fr\\\/\"},{\"@type\":\"ListItem\",\"position\":2,\"name\":\"ACHETER DES LACES\",\"item\":\"https:\\\/\\\/www.loopkinglaces.com\\\/fr\\\/acheter-des-laces\\\/\"},{\"@type\":\"ListItem\",\"position\":3,\"name\":\"Lacets de BOOT beige sans noeud &#8211; 71 pouces\"}]},{\"@type\":\"WebSite\",\"@id\":\"https:\\\/\\\/www.loopkinglaces.com\\\/fr\\\/#website\",\"url\":\"https:\\\/\\\/www.loopkinglaces.com\\\/fr\\\/\",\"name\":\"Luxury Gold Tip Shoelaces by Loop King Laces\",\"description\":\"Rope Laces, Flat Waxed Laces and Leather Laces. All With Gold Tips.\",\"publisher\":{\"@id\":\"https:\\\/\\\/www.loopkinglaces.com\\\/fr\\\/#organization\"},\"potentialAction\":[{\"@type\":\"SearchAction\",\"target\":{\"@type\":\"EntryPoint\",\"urlTemplate\":\"https:\\\/\\\/www.loopkinglaces.com\\\/fr\\\/?s={search_term_string}\"},\"query-input\":{\"@type\":\"PropertyValueSpecification\",\"valueRequired\":true,\"valueName\":\"search_term_string\"}}],\"inLanguage\":\"fr-FR\"},{\"@type\":\"Organization\",\"@id\":\"https:\\\/\\\/www.loopkinglaces.com\\\/fr\\\/#organization\",\"name\":\"Loop King Laces\",\"url\":\"https:\\\/\\\/www.loopkinglaces.com\\\/fr\\\/\",\"logo\":{\"@type\":\"ImageObject\",\"inLanguage\":\"fr-FR\",\"@id\":\"https:\\\/\\\/www.loopkinglaces.com\\\/fr\\\/#\\\/schema\\\/logo\\\/image\\\/\",\"url\":\"https:\\\/\\\/www.loopkinglaces.com\\\/wp-content\\\/uploads\\\/LOOP-KING-LACES.1.1-01-LOGO-HI-RES-OFFICIAL-1.png\",\"contentUrl\":\"https:\\\/\\\/www.loopkinglaces.com\\\/wp-content\\\/uploads\\\/LOOP-KING-LACES.1.1-01-LOGO-HI-RES-OFFICIAL-1.png\",\"width\":128,\"height\":91,\"caption\":\"Loop King Laces\"},\"image\":{\"@id\":\"https:\\\/\\\/www.loopkinglaces.com\\\/fr\\\/#\\\/schema\\\/logo\\\/image\\\/\"},\"sameAs\":[\"https:\\\/\\\/www.facebook.com\\\/LoopKingLaces\\\/\",\"https:\\\/\\\/x.com\\\/loopkinglaces\",\"https:\\\/\\\/www.instagram.com\\\/loopkinglaces\\\/\"]}]}<\/script>\n<!-- \/ Yoast SEO plugin. -->","yoast_head_json":{"title":"Lacets de bottes beige sans attache - From Loop King","description":"Ne laisse pas les lacets de tes bottes te faire courir le risque de tr\u00e9bucher et de tomber - opte pour ces lacets beiges sans lacets pour s\u00e9curiser tes chaussures tout en leur donnant une allure incroyable !","robots":{"index":"index","follow":"follow","max-snippet":"max-snippet:-1","max-image-preview":"max-image-preview:large","max-video-preview":"max-video-preview:-1"},"canonical":"https:\/\/www.loopkinglaces.com\/fr\/products\/lacets-de-boot-beige-sans-noeud-71-pouces\/","og_locale":"fr_FR","og_type":"article","og_title":"Lacets de bottes beige sans attache - From Loop King","og_description":"Ne laisse pas les lacets de tes bottes te faire courir le risque de tr\u00e9bucher et de tomber - opte pour ces lacets beiges sans lacets pour s\u00e9curiser tes chaussures tout en leur donnant une allure incroyable !","og_url":"https:\/\/www.loopkinglaces.com\/fr\/products\/lacets-de-boot-beige-sans-noeud-71-pouces\/","og_site_name":"Luxury Gold Tip Shoelaces by Loop King Laces","article_publisher":"https:\/\/www.facebook.com\/LoopKingLaces\/","og_image":[{"width":1600,"height":1067,"url":"https:\/\/www.loopkinglaces.com\/wp-content\/uploads\/1216A-129-scaled.jpg","type":"image\/jpeg"}],"twitter_card":"summary_large_image","twitter_site":"@loopkinglaces","twitter_misc":{"Dur\u00e9e de lecture estim\u00e9e":"1 minute"},"schema":{"@context":"https:\/\/schema.org","@graph":[{"@type":["WebPage","ItemPage"],"@id":"https:\/\/www.loopkinglaces.com\/fr\/products\/lacets-de-boot-beige-sans-noeud-71-pouces\/","url":"https:\/\/www.loopkinglaces.com\/fr\/products\/lacets-de-boot-beige-sans-noeud-71-pouces\/","name":"Lacets de bottes beige sans attache - From Loop King","isPartOf":{"@id":"https:\/\/www.loopkinglaces.com\/fr\/#website"},"primaryImageOfPage":{"@id":"https:\/\/www.loopkinglaces.com\/fr\/products\/lacets-de-boot-beige-sans-noeud-71-pouces\/#primaryimage"},"image":{"@id":"https:\/\/www.loopkinglaces.com\/fr\/products\/lacets-de-boot-beige-sans-noeud-71-pouces\/#primaryimage"},"thumbnailUrl":"https:\/\/www.loopkinglaces.com\/wp-content\/uploads\/1216A-129-scaled.jpg","datePublished":"2023-01-13T15:58:18+00:00","description":"Ne laisse pas les lacets de tes bottes te faire courir le risque de tr\u00e9bucher et de tomber - opte pour ces lacets beiges sans lacets pour s\u00e9curiser tes chaussures tout en leur donnant une allure incroyable !","breadcrumb":{"@id":"https:\/\/www.loopkinglaces.com\/fr\/products\/lacets-de-boot-beige-sans-noeud-71-pouces\/#breadcrumb"},"inLanguage":"fr-FR","potentialAction":[{"@type":"ReadAction","target":["https:\/\/www.loopkinglaces.com\/fr\/products\/lacets-de-boot-beige-sans-noeud-71-pouces\/"]}]},{"@type":"ImageObject","inLanguage":"fr-FR","@id":"https:\/\/www.loopkinglaces.com\/fr\/products\/lacets-de-boot-beige-sans-noeud-71-pouces\/#primaryimage","url":"https:\/\/www.loopkinglaces.com\/wp-content\/uploads\/1216A-129-scaled.jpg","contentUrl":"https:\/\/www.loopkinglaces.com\/wp-content\/uploads\/1216A-129-scaled.jpg","width":1600,"height":1067},{"@type":"BreadcrumbList","@id":"https:\/\/www.loopkinglaces.com\/fr\/products\/lacets-de-boot-beige-sans-noeud-71-pouces\/#breadcrumb","itemListElement":[{"@type":"ListItem","position":1,"name":"Home","item":"https:\/\/www.loopkinglaces.com\/fr\/"},{"@type":"ListItem","position":2,"name":"ACHETER DES LACES","item":"https:\/\/www.loopkinglaces.com\/fr\/acheter-des-laces\/"},{"@type":"ListItem","position":3,"name":"Lacets de BOOT beige sans noeud &#8211; 71 pouces"}]},{"@type":"WebSite","@id":"https:\/\/www.loopkinglaces.com\/fr\/#website","url":"https:\/\/www.loopkinglaces.com\/fr\/","name":"Luxury Gold Tip Shoelaces by Loop King Laces","description":"Rope Laces, Flat Waxed Laces and Leather Laces. All With Gold Tips.","publisher":{"@id":"https:\/\/www.loopkinglaces.com\/fr\/#organization"},"potentialAction":[{"@type":"SearchAction","target":{"@type":"EntryPoint","urlTemplate":"https:\/\/www.loopkinglaces.com\/fr\/?s={search_term_string}"},"query-input":{"@type":"PropertyValueSpecification","valueRequired":true,"valueName":"search_term_string"}}],"inLanguage":"fr-FR"},{"@type":"Organization","@id":"https:\/\/www.loopkinglaces.com\/fr\/#organization","name":"Loop King Laces","url":"https:\/\/www.loopkinglaces.com\/fr\/","logo":{"@type":"ImageObject","inLanguage":"fr-FR","@id":"https:\/\/www.loopkinglaces.com\/fr\/#\/schema\/logo\/image\/","url":"https:\/\/www.loopkinglaces.com\/wp-content\/uploads\/LOOP-KING-LACES.1.1-01-LOGO-HI-RES-OFFICIAL-1.png","contentUrl":"https:\/\/www.loopkinglaces.com\/wp-content\/uploads\/LOOP-KING-LACES.1.1-01-LOGO-HI-RES-OFFICIAL-1.png","width":128,"height":91,"caption":"Loop King Laces"},"image":{"@id":"https:\/\/www.loopkinglaces.com\/fr\/#\/schema\/logo\/image\/"},"sameAs":["https:\/\/www.facebook.com\/LoopKingLaces\/","https:\/\/x.com\/loopkinglaces","https:\/\/www.instagram.com\/loopkinglaces\/"]}]}},"_links":{"self":[{"href":"https:\/\/www.loopkinglaces.com\/fr\/wp-json\/wp\/v2\/product\/70863","targetHints":{"allow":["GET"]}}],"collection":[{"href":"https:\/\/www.loopkinglaces.com\/fr\/wp-json\/wp\/v2\/product"}],"about":[{"href":"https:\/\/www.loopkinglaces.com\/fr\/wp-json\/wp\/v2\/types\/product"}],"replies":[{"embeddable":true,"href":"https:\/\/www.loopkinglaces.com\/fr\/wp-json\/wp\/v2\/comments?post=70863"}],"wp:featuredmedia":[{"embeddable":true,"href":"https:\/\/www.loopkinglaces.com\/fr\/wp-json\/wp\/v2\/media\/70865"}],"wp:attachment":[{"href":"https:\/\/www.loopkinglaces.com\/fr\/wp-json\/wp\/v2\/media?parent=70863"}],"wp:term":[{"taxonomy":"product_brand","embeddable":true,"href":"https:\/\/www.loopkinglaces.com\/fr\/wp-json\/wp\/v2\/product_brand?post=70863"},{"taxonomy":"product_cat","embeddable":true,"href":"https:\/\/www.loopkinglaces.com\/fr\/wp-json\/wp\/v2\/product_cat?post=70863"},{"taxonomy":"product_tag","embeddable":true,"href":"https:\/\/www.loopkinglaces.com\/fr\/wp-json\/wp\/v2\/product_tag?post=70863"},{"taxonomy":"woo-feed-brand","embeddable":true,"href":"https:\/\/www.loopkinglaces.com\/fr\/wp-json\/wp\/v2\/woo-feed-brand?post=70863"}],"curies":[{"name":"wp","href":"https:\/\/api.w.org\/{rel}","templated":true}]}}