{"id":70838,"date":"2023-01-12T14:30:46","date_gmt":"2023-01-12T14:30:46","guid":{"rendered":"https:\/\/www.loopkinglaces.com\/products\/lacets-blancs-sans-noeud-pour-bottes-71-pouces\/"},"modified":"2023-01-12T14:30:46","modified_gmt":"2023-01-12T14:30:46","slug":"lacets-blancs-sans-noeud-pour-bottes-71-pouces","status":"publish","type":"product","link":"https:\/\/www.loopkinglaces.com\/fr\/products\/lacets-blancs-sans-noeud-pour-bottes-71-pouces\/","title":{"rendered":"Lacets blancs sans noeud pour bottes &#8211; 71 pouces"},"content":{"rendered":"<p>As-tu d\u00e9j\u00e0 d\u00fb t&#8217;arr\u00eater pour refaire tes chaussures de randonn\u00e9e toutes les 20 minutes au cours d&#8217;une excursion ?<br \/>\nNe laisse plus les lacets aga\u00e7ants t&#8217;emp\u00eacher de profiter de la nature.<br \/>\nNos lacets de bottes sans attache sont l\u00e0 pour sauver la situation !<br \/>\nDot\u00e9s d&#8217;un m\u00e9canisme de verrouillage innovant, ils resteront fermement en place tout en \u00e9tant suffisamment \u00e9lastiques pour \u00eatre bien ajust\u00e9s &#8211; comme si tu utilisais une fermeture \u00e9clair qui se resserre d&#8217;un seul coup.<br \/>\nEt une fois install\u00e9es, tu n&#8217;auras plus jamais \u00e0 te soucier de ces attaches g\u00eanantes !<br \/>\nPr\u00e9pare-toi \u00e0 explorer l&#8217;ext\u00e9rieur en toute confiance, sachant qu&#8217;il n&#8217;y a absolument aucune chance de tr\u00e9bucher sur des cordons de chaussures indisciplin\u00e9s ou non attach\u00e9s.     <\/p>\n","protected":false},"excerpt":{"rendered":"<p><strong>Lacets de bottes blancs sans attache<\/strong> Ne laisse pas des lacets mal attach\u00e9s entraver tes aventures en plein air !<br \/>\nEssaie nos nouveaux lacets de bottes sans attache pour les bloquer fermement en place et te permettre une exp\u00e9rience sans tracas.<br \/>\nNon seulement ils sont faciles \u00e0 utiliser &#8211; tout comme la fermeture \u00e9clair et le d\u00e9zippage &#8211; mais ils offrent aussi une grande \u00e9lasticit\u00e9 pour un ajustement confortable sans avoir de bouts l\u00e2ches sur tes sentiers.<br \/>\nAssure-toi que chaque pas est plus l\u00e9ger gr\u00e2ce \u00e0 des solutions de la\u00e7age fiables afin que tu puisses te concentrer sur ce qui est important : le sentier qui t&#8217;attend.     <\/p>\n<ul>\n<li>180 cm<\/li>\n<li>Mat\u00e9riaux de premi\u00e8re qualit\u00e9<\/li>\n<li>Dure <strong>3 fois plus longtemps<\/strong> que les autres marques<\/li>\n<li>Belle boucle d&#8217;emballage King<\/li>\n<\/ul>\n","protected":false},"featured_media":70840,"comment_status":"open","ping_status":"closed","template":"","meta":{"_acf_changed":false},"product_brand":[],"product_cat":[1106,1210,1557,981,1241,958,1242,1105,1550,1407,1356,983,1682,1552,947],"product_tag":[986,984,962,966,961,964,985,963],"woo-feed-brand":[],"class_list":{"0":"post-70838","1":"product","2":"type-product","3":"status-publish","4":"has-post-thumbnail","6":"product_cat-ancres-pour-lacets-plus-de-voyages-juste-des-astuces","7":"product_cat-des-lacets-de-bottes-robustes-qui-ont-lair-incroyables-et-qui-durent-longtemps","8":"product_cat-des-lacets-de-bottes-sans-lacets-qui-font-gagner-du-temps-et-qui-ont-un-sens-du-style-epure","9":"product_cat-des-lacets-sans-fil-qui-te-font-gagner-du-temps-et-qui-sont-superbes","10":"product_cat-donne-une-seconde-chance-a-tes-bottes-avec-les-lacets-de-80-pouces","11":"product_cat-hey-dude-les-lacets-de-chaussures-sans-fil-cest-le-nouveau-cool","12":"product_cat-lacage-de-luxe-le-guide-ultime-des-lacets-de-bottes-de-84-pouces","13":"product_cat-lacets-en-spirale-le-heros-meconnu-de-la-mode-des-chaussures","14":"product_cat-lacets-hickies-mon-petit-secret-pour-des-matins-sans-souci","15":"product_cat-lacets-nike-blancs-aussi-brillants-quune-etoile","16":"product_cat-les-lacets-delite-de-jordan-1-bordeaux-white-qui-ont-lair-luxueux","17":"product_cat-les-lacets-rapides-mettre-fin-aux-vieilles-habitudes-de-ligotage","18":"product_cat-renforce-ton-style-avec-des-lacets-de-chaussures-bicolores","19":"product_cat-speed-laces-la-revolution-dans-la-mode-des-chaussures","20":"product_cat-tous-les-lacets","21":"product_tag-cire","22":"product_tag-cire-plat","23":"product_tag-lacets","24":"product_tag-lacets-a-pointe-dor","25":"product_tag-loop-king-fr","26":"product_tag-noir","27":"product_tag-plat","28":"product_tag-pointe-en-metal","30":"first","31":"instock","32":"taxable","33":"shipping-taxable","34":"product-type-variable"},"acf":[],"yoast_head":"<!-- This site is optimized with the Yoast SEO plugin v27.4 - https:\/\/yoast.com\/product\/yoast-seo-wordpress\/ -->\n<title>Lacets de bottes blancs sans attache - From Loop King<\/title>\n<meta name=\"description\" content=\"Utilise des lacets sans attache pour tes bottes ! Ces lacets r\u00e9volutionnaires r\u00e9solvent le probl\u00e8me des lacets l\u00e2ches ou non attach\u00e9s, \u00e9vitant ainsi les tr\u00e9buchements et les chutes tout en restant \u00e9l\u00e9gants.\" \/>\n<meta name=\"robots\" content=\"index, follow, max-snippet:-1, max-image-preview:large, max-video-preview:-1\" \/>\n<link rel=\"canonical\" href=\"https:\/\/www.loopkinglaces.com\/fr\/products\/lacets-blancs-sans-noeud-pour-bottes-71-pouces\/\" \/>\n<meta property=\"og:locale\" content=\"fr_FR\" \/>\n<meta property=\"og:type\" content=\"article\" \/>\n<meta property=\"og:title\" content=\"Lacets de bottes blancs sans attache - From Loop King\" \/>\n<meta property=\"og:description\" content=\"Utilise des lacets sans attache pour tes bottes ! Ces lacets r\u00e9volutionnaires r\u00e9solvent le probl\u00e8me des lacets l\u00e2ches ou non attach\u00e9s, \u00e9vitant ainsi les tr\u00e9buchements et les chutes tout en restant \u00e9l\u00e9gants.\" \/>\n<meta property=\"og:url\" content=\"https:\/\/www.loopkinglaces.com\/fr\/products\/lacets-blancs-sans-noeud-pour-bottes-71-pouces\/\" \/>\n<meta property=\"og:site_name\" content=\"Luxury Gold Tip Shoelaces by Loop King Laces\" \/>\n<meta property=\"article:publisher\" content=\"https:\/\/www.facebook.com\/LoopKingLaces\/\" \/>\n<meta property=\"og:image\" content=\"https:\/\/www.loopkinglaces.com\/wp-content\/uploads\/1216A-147.jpg\" \/>\n\t<meta property=\"og:image:width\" content=\"1392\" \/>\n\t<meta property=\"og:image:height\" content=\"928\" \/>\n\t<meta property=\"og:image:type\" content=\"image\/jpeg\" \/>\n<meta name=\"twitter:card\" content=\"summary_large_image\" \/>\n<meta name=\"twitter:site\" content=\"@loopkinglaces\" \/>\n<meta name=\"twitter:label1\" content=\"Dur\u00e9e de lecture estim\u00e9e\" \/>\n\t<meta name=\"twitter:data1\" content=\"1 minute\" \/>\n<script type=\"application\/ld+json\" class=\"yoast-schema-graph\">{\"@context\":\"https:\\\/\\\/schema.org\",\"@graph\":[{\"@type\":[\"WebPage\",\"ItemPage\"],\"@id\":\"https:\\\/\\\/www.loopkinglaces.com\\\/fr\\\/products\\\/lacets-blancs-sans-noeud-pour-bottes-71-pouces\\\/\",\"url\":\"https:\\\/\\\/www.loopkinglaces.com\\\/fr\\\/products\\\/lacets-blancs-sans-noeud-pour-bottes-71-pouces\\\/\",\"name\":\"Lacets de bottes blancs sans attache - From Loop King\",\"isPartOf\":{\"@id\":\"https:\\\/\\\/www.loopkinglaces.com\\\/fr\\\/#website\"},\"primaryImageOfPage\":{\"@id\":\"https:\\\/\\\/www.loopkinglaces.com\\\/fr\\\/products\\\/lacets-blancs-sans-noeud-pour-bottes-71-pouces\\\/#primaryimage\"},\"image\":{\"@id\":\"https:\\\/\\\/www.loopkinglaces.com\\\/fr\\\/products\\\/lacets-blancs-sans-noeud-pour-bottes-71-pouces\\\/#primaryimage\"},\"thumbnailUrl\":\"https:\\\/\\\/www.loopkinglaces.com\\\/wp-content\\\/uploads\\\/1216A-147.jpg\",\"datePublished\":\"2023-01-12T14:30:46+00:00\",\"description\":\"Utilise des lacets sans attache pour tes bottes ! Ces lacets r\u00e9volutionnaires r\u00e9solvent le probl\u00e8me des lacets l\u00e2ches ou non attach\u00e9s, \u00e9vitant ainsi les tr\u00e9buchements et les chutes tout en restant \u00e9l\u00e9gants.\",\"breadcrumb\":{\"@id\":\"https:\\\/\\\/www.loopkinglaces.com\\\/fr\\\/products\\\/lacets-blancs-sans-noeud-pour-bottes-71-pouces\\\/#breadcrumb\"},\"inLanguage\":\"fr-FR\",\"potentialAction\":[{\"@type\":\"ReadAction\",\"target\":[\"https:\\\/\\\/www.loopkinglaces.com\\\/fr\\\/products\\\/lacets-blancs-sans-noeud-pour-bottes-71-pouces\\\/\"]}]},{\"@type\":\"ImageObject\",\"inLanguage\":\"fr-FR\",\"@id\":\"https:\\\/\\\/www.loopkinglaces.com\\\/fr\\\/products\\\/lacets-blancs-sans-noeud-pour-bottes-71-pouces\\\/#primaryimage\",\"url\":\"https:\\\/\\\/www.loopkinglaces.com\\\/wp-content\\\/uploads\\\/1216A-147.jpg\",\"contentUrl\":\"https:\\\/\\\/www.loopkinglaces.com\\\/wp-content\\\/uploads\\\/1216A-147.jpg\",\"width\":1392,\"height\":928},{\"@type\":\"BreadcrumbList\",\"@id\":\"https:\\\/\\\/www.loopkinglaces.com\\\/fr\\\/products\\\/lacets-blancs-sans-noeud-pour-bottes-71-pouces\\\/#breadcrumb\",\"itemListElement\":[{\"@type\":\"ListItem\",\"position\":1,\"name\":\"Home\",\"item\":\"https:\\\/\\\/www.loopkinglaces.com\\\/fr\\\/\"},{\"@type\":\"ListItem\",\"position\":2,\"name\":\"ACHETER DES LACES\",\"item\":\"https:\\\/\\\/www.loopkinglaces.com\\\/fr\\\/acheter-des-laces\\\/\"},{\"@type\":\"ListItem\",\"position\":3,\"name\":\"Lacets blancs sans noeud pour bottes &#8211; 71 pouces\"}]},{\"@type\":\"WebSite\",\"@id\":\"https:\\\/\\\/www.loopkinglaces.com\\\/fr\\\/#website\",\"url\":\"https:\\\/\\\/www.loopkinglaces.com\\\/fr\\\/\",\"name\":\"Luxury Gold Tip Shoelaces by Loop King Laces\",\"description\":\"Rope Laces, Flat Waxed Laces and Leather Laces. All With Gold Tips.\",\"publisher\":{\"@id\":\"https:\\\/\\\/www.loopkinglaces.com\\\/fr\\\/#organization\"},\"potentialAction\":[{\"@type\":\"SearchAction\",\"target\":{\"@type\":\"EntryPoint\",\"urlTemplate\":\"https:\\\/\\\/www.loopkinglaces.com\\\/fr\\\/?s={search_term_string}\"},\"query-input\":{\"@type\":\"PropertyValueSpecification\",\"valueRequired\":true,\"valueName\":\"search_term_string\"}}],\"inLanguage\":\"fr-FR\"},{\"@type\":\"Organization\",\"@id\":\"https:\\\/\\\/www.loopkinglaces.com\\\/fr\\\/#organization\",\"name\":\"Loop King Laces\",\"url\":\"https:\\\/\\\/www.loopkinglaces.com\\\/fr\\\/\",\"logo\":{\"@type\":\"ImageObject\",\"inLanguage\":\"fr-FR\",\"@id\":\"https:\\\/\\\/www.loopkinglaces.com\\\/fr\\\/#\\\/schema\\\/logo\\\/image\\\/\",\"url\":\"https:\\\/\\\/www.loopkinglaces.com\\\/wp-content\\\/uploads\\\/LOOP-KING-LACES.1.1-01-LOGO-HI-RES-OFFICIAL-1.png\",\"contentUrl\":\"https:\\\/\\\/www.loopkinglaces.com\\\/wp-content\\\/uploads\\\/LOOP-KING-LACES.1.1-01-LOGO-HI-RES-OFFICIAL-1.png\",\"width\":128,\"height\":91,\"caption\":\"Loop King Laces\"},\"image\":{\"@id\":\"https:\\\/\\\/www.loopkinglaces.com\\\/fr\\\/#\\\/schema\\\/logo\\\/image\\\/\"},\"sameAs\":[\"https:\\\/\\\/www.facebook.com\\\/LoopKingLaces\\\/\",\"https:\\\/\\\/x.com\\\/loopkinglaces\",\"https:\\\/\\\/www.instagram.com\\\/loopkinglaces\\\/\"]}]}<\/script>\n<!-- \/ Yoast SEO plugin. -->","yoast_head_json":{"title":"Lacets de bottes blancs sans attache - From Loop King","description":"Utilise des lacets sans attache pour tes bottes ! Ces lacets r\u00e9volutionnaires r\u00e9solvent le probl\u00e8me des lacets l\u00e2ches ou non attach\u00e9s, \u00e9vitant ainsi les tr\u00e9buchements et les chutes tout en restant \u00e9l\u00e9gants.","robots":{"index":"index","follow":"follow","max-snippet":"max-snippet:-1","max-image-preview":"max-image-preview:large","max-video-preview":"max-video-preview:-1"},"canonical":"https:\/\/www.loopkinglaces.com\/fr\/products\/lacets-blancs-sans-noeud-pour-bottes-71-pouces\/","og_locale":"fr_FR","og_type":"article","og_title":"Lacets de bottes blancs sans attache - From Loop King","og_description":"Utilise des lacets sans attache pour tes bottes ! Ces lacets r\u00e9volutionnaires r\u00e9solvent le probl\u00e8me des lacets l\u00e2ches ou non attach\u00e9s, \u00e9vitant ainsi les tr\u00e9buchements et les chutes tout en restant \u00e9l\u00e9gants.","og_url":"https:\/\/www.loopkinglaces.com\/fr\/products\/lacets-blancs-sans-noeud-pour-bottes-71-pouces\/","og_site_name":"Luxury Gold Tip Shoelaces by Loop King Laces","article_publisher":"https:\/\/www.facebook.com\/LoopKingLaces\/","og_image":[{"width":1392,"height":928,"url":"https:\/\/www.loopkinglaces.com\/wp-content\/uploads\/1216A-147.jpg","type":"image\/jpeg"}],"twitter_card":"summary_large_image","twitter_site":"@loopkinglaces","twitter_misc":{"Dur\u00e9e de lecture estim\u00e9e":"1 minute"},"schema":{"@context":"https:\/\/schema.org","@graph":[{"@type":["WebPage","ItemPage"],"@id":"https:\/\/www.loopkinglaces.com\/fr\/products\/lacets-blancs-sans-noeud-pour-bottes-71-pouces\/","url":"https:\/\/www.loopkinglaces.com\/fr\/products\/lacets-blancs-sans-noeud-pour-bottes-71-pouces\/","name":"Lacets de bottes blancs sans attache - From Loop King","isPartOf":{"@id":"https:\/\/www.loopkinglaces.com\/fr\/#website"},"primaryImageOfPage":{"@id":"https:\/\/www.loopkinglaces.com\/fr\/products\/lacets-blancs-sans-noeud-pour-bottes-71-pouces\/#primaryimage"},"image":{"@id":"https:\/\/www.loopkinglaces.com\/fr\/products\/lacets-blancs-sans-noeud-pour-bottes-71-pouces\/#primaryimage"},"thumbnailUrl":"https:\/\/www.loopkinglaces.com\/wp-content\/uploads\/1216A-147.jpg","datePublished":"2023-01-12T14:30:46+00:00","description":"Utilise des lacets sans attache pour tes bottes ! Ces lacets r\u00e9volutionnaires r\u00e9solvent le probl\u00e8me des lacets l\u00e2ches ou non attach\u00e9s, \u00e9vitant ainsi les tr\u00e9buchements et les chutes tout en restant \u00e9l\u00e9gants.","breadcrumb":{"@id":"https:\/\/www.loopkinglaces.com\/fr\/products\/lacets-blancs-sans-noeud-pour-bottes-71-pouces\/#breadcrumb"},"inLanguage":"fr-FR","potentialAction":[{"@type":"ReadAction","target":["https:\/\/www.loopkinglaces.com\/fr\/products\/lacets-blancs-sans-noeud-pour-bottes-71-pouces\/"]}]},{"@type":"ImageObject","inLanguage":"fr-FR","@id":"https:\/\/www.loopkinglaces.com\/fr\/products\/lacets-blancs-sans-noeud-pour-bottes-71-pouces\/#primaryimage","url":"https:\/\/www.loopkinglaces.com\/wp-content\/uploads\/1216A-147.jpg","contentUrl":"https:\/\/www.loopkinglaces.com\/wp-content\/uploads\/1216A-147.jpg","width":1392,"height":928},{"@type":"BreadcrumbList","@id":"https:\/\/www.loopkinglaces.com\/fr\/products\/lacets-blancs-sans-noeud-pour-bottes-71-pouces\/#breadcrumb","itemListElement":[{"@type":"ListItem","position":1,"name":"Home","item":"https:\/\/www.loopkinglaces.com\/fr\/"},{"@type":"ListItem","position":2,"name":"ACHETER DES LACES","item":"https:\/\/www.loopkinglaces.com\/fr\/acheter-des-laces\/"},{"@type":"ListItem","position":3,"name":"Lacets blancs sans noeud pour bottes &#8211; 71 pouces"}]},{"@type":"WebSite","@id":"https:\/\/www.loopkinglaces.com\/fr\/#website","url":"https:\/\/www.loopkinglaces.com\/fr\/","name":"Luxury Gold Tip Shoelaces by Loop King Laces","description":"Rope Laces, Flat Waxed Laces and Leather Laces. All With Gold Tips.","publisher":{"@id":"https:\/\/www.loopkinglaces.com\/fr\/#organization"},"potentialAction":[{"@type":"SearchAction","target":{"@type":"EntryPoint","urlTemplate":"https:\/\/www.loopkinglaces.com\/fr\/?s={search_term_string}"},"query-input":{"@type":"PropertyValueSpecification","valueRequired":true,"valueName":"search_term_string"}}],"inLanguage":"fr-FR"},{"@type":"Organization","@id":"https:\/\/www.loopkinglaces.com\/fr\/#organization","name":"Loop King Laces","url":"https:\/\/www.loopkinglaces.com\/fr\/","logo":{"@type":"ImageObject","inLanguage":"fr-FR","@id":"https:\/\/www.loopkinglaces.com\/fr\/#\/schema\/logo\/image\/","url":"https:\/\/www.loopkinglaces.com\/wp-content\/uploads\/LOOP-KING-LACES.1.1-01-LOGO-HI-RES-OFFICIAL-1.png","contentUrl":"https:\/\/www.loopkinglaces.com\/wp-content\/uploads\/LOOP-KING-LACES.1.1-01-LOGO-HI-RES-OFFICIAL-1.png","width":128,"height":91,"caption":"Loop King Laces"},"image":{"@id":"https:\/\/www.loopkinglaces.com\/fr\/#\/schema\/logo\/image\/"},"sameAs":["https:\/\/www.facebook.com\/LoopKingLaces\/","https:\/\/x.com\/loopkinglaces","https:\/\/www.instagram.com\/loopkinglaces\/"]}]}},"_links":{"self":[{"href":"https:\/\/www.loopkinglaces.com\/fr\/wp-json\/wp\/v2\/product\/70838","targetHints":{"allow":["GET"]}}],"collection":[{"href":"https:\/\/www.loopkinglaces.com\/fr\/wp-json\/wp\/v2\/product"}],"about":[{"href":"https:\/\/www.loopkinglaces.com\/fr\/wp-json\/wp\/v2\/types\/product"}],"replies":[{"embeddable":true,"href":"https:\/\/www.loopkinglaces.com\/fr\/wp-json\/wp\/v2\/comments?post=70838"}],"wp:featuredmedia":[{"embeddable":true,"href":"https:\/\/www.loopkinglaces.com\/fr\/wp-json\/wp\/v2\/media\/70840"}],"wp:attachment":[{"href":"https:\/\/www.loopkinglaces.com\/fr\/wp-json\/wp\/v2\/media?parent=70838"}],"wp:term":[{"taxonomy":"product_brand","embeddable":true,"href":"https:\/\/www.loopkinglaces.com\/fr\/wp-json\/wp\/v2\/product_brand?post=70838"},{"taxonomy":"product_cat","embeddable":true,"href":"https:\/\/www.loopkinglaces.com\/fr\/wp-json\/wp\/v2\/product_cat?post=70838"},{"taxonomy":"product_tag","embeddable":true,"href":"https:\/\/www.loopkinglaces.com\/fr\/wp-json\/wp\/v2\/product_tag?post=70838"},{"taxonomy":"woo-feed-brand","embeddable":true,"href":"https:\/\/www.loopkinglaces.com\/fr\/wp-json\/wp\/v2\/woo-feed-brand?post=70838"}],"curies":[{"name":"wp","href":"https:\/\/api.w.org\/{rel}","templated":true}]}}