{"id":70787,"date":"2023-01-07T10:36:15","date_gmt":"2023-01-07T10:36:15","guid":{"rendered":"https:\/\/www.loopkinglaces.com\/products\/lacets-sans-attache-rose-vif-rayes-47-pouces\/"},"modified":"2023-01-07T10:36:15","modified_gmt":"2023-01-07T10:36:15","slug":"lacets-sans-attache-rose-vif-rayes-47-pouces","status":"publish","type":"product","link":"https:\/\/www.loopkinglaces.com\/fr\/products\/lacets-sans-attache-rose-vif-rayes-47-pouces\/","title":{"rendered":"Lacets sans attache rose vif ray\u00e9s &#8211; 47 pouces"},"content":{"rendered":"<p>Fini le temps perdu : les lacets tieless r\u00e9volutionnent la rapidit\u00e9 avec laquelle tu peux enfiler et enlever tes chaussures.<br \/>\nGr\u00e2ce \u00e0 des m\u00e9canismes de verrouillage innovants qui fonctionnent comme une fermeture \u00e9clair, ces lacets offrent une s\u00e9curit\u00e9 in\u00e9gal\u00e9e pour un style dynamique sans risque qu&#8217;ils se d\u00e9fassent &#8211; tout en \u00e9tant dot\u00e9s de mat\u00e9riaux de premi\u00e8re qualit\u00e9 qui durent 3x plus longtemps que les autres marques. <\/p>\n","protected":false},"excerpt":{"rendered":"<p><strong>Lacets sans lacets ray\u00e9s rose vif<\/strong> D\u00e9bloque la commodit\u00e9 des baskets \u00e0 enfiler gr\u00e2ce aux lacets sans lacets !<br \/>\nCes lacets sont con\u00e7us pour offrir un attrait visuel dynamique et un ajustement s\u00fbr qui ne se d\u00e9fait pas pendant le jogging ou la marche.<br \/>\nLe m\u00e9canisme de verrouillage fonctionne comme une fermeture \u00e9clair sur ton manteau &#8211; tire-le vers le haut pour une prise extra ferme, et vers le bas pour enlever les chaussures facilement.<br \/>\nFabriqu\u00e9s \u00e0 partir de mat\u00e9riaux de premi\u00e8re qualit\u00e9, ces lacets avanc\u00e9s b\u00e9n\u00e9ficient d&#8217;une durabilit\u00e9 sup\u00e9rieure \u00e0 celle des autres marques sur le march\u00e9 &#8211; ils durent trois fois plus longtemps.     <\/p>\n<ul>\n<li>120 cm<\/li>\n<li>Mat\u00e9riaux de premi\u00e8re qualit\u00e9<\/li>\n<li>Dure <strong>3 fois plus longtemps<\/strong> que les autres marques<\/li>\n<li>Belle boucle d&#8217;emballage King<\/li>\n<\/ul>\n","protected":false},"featured_media":70790,"comment_status":"open","ping_status":"closed","template":"","meta":{"_acf_changed":false},"product_brand":[],"product_cat":[1106,1557,981,958,1104,1105,1319,1553,983,1320,1552,947,1436,1318],"product_tag":[986,984,962,966,961,964,985,963],"woo-feed-brand":[],"class_list":{"0":"post-70787","1":"product","2":"type-product","3":"status-publish","4":"has-post-thumbnail","6":"product_cat-ancres-pour-lacets-plus-de-voyages-juste-des-astuces","7":"product_cat-des-lacets-de-bottes-sans-lacets-qui-font-gagner-du-temps-et-qui-ont-un-sens-du-style-epure","8":"product_cat-des-lacets-sans-fil-qui-te-font-gagner-du-temps-et-qui-sont-superbes","9":"product_cat-hey-dude-les-lacets-de-chaussures-sans-fil-cest-le-nouveau-cool","10":"product_cat-la-magie-des-lacets-de-salomon-et-les-lacets-de-remplacement-sans-attache-de-loop-king","11":"product_cat-lacets-en-spirale-le-heros-meconnu-de-la-mode-des-chaussures","12":"product_cat-lacets-nike-roses-pour-donner-a-tes-chaussures-une-touche-de-couleur","13":"product_cat-lacets-pour-enfants-les-baskets-des-enfants-silluminent","14":"product_cat-les-lacets-rapides-mettre-fin-aux-vieilles-habitudes-de-ligotage","15":"product_cat-les-lacets-roses-de-travis-scott-pour-une-mise-a-jour-vibrante-des-chaussures","16":"product_cat-speed-laces-la-revolution-dans-la-mode-des-chaussures","17":"product_cat-tous-les-lacets","18":"product_cat-tu-as-des-lacets-de-jordan-6-plus-besoin-dattacher-tes-chaussures","19":"product_cat-une-mise-a-niveau-spectaculaire-jordan-1-biohack-superieur-a-lacets-roses","20":"product_tag-cire","21":"product_tag-cire-plat","22":"product_tag-lacets","23":"product_tag-lacets-a-pointe-dor","24":"product_tag-loop-king-fr","25":"product_tag-noir","26":"product_tag-plat","27":"product_tag-pointe-en-metal","29":"first","30":"instock","31":"taxable","32":"shipping-taxable","33":"purchasable","34":"product-type-variable"},"acf":[],"yoast_head":"<!-- This site is optimized with the Yoast SEO plugin v27.4 - https:\/\/yoast.com\/product\/yoast-seo-wordpress\/ -->\n<title>Lacets sans noeuds ray\u00e9s rose vif - From Loop King<\/title>\n<meta name=\"description\" content=\"Ne te d\u00e9bats plus avec des lacets frustrants et d\u00e9faits pendant que tu fais ton jogging - passe aux lacets sans fil de premi\u00e8re qualit\u00e9 et fais de ton exp\u00e9rience de course un moment confortable et s\u00fbr.\" \/>\n<meta name=\"robots\" content=\"index, follow, max-snippet:-1, max-image-preview:large, max-video-preview:-1\" \/>\n<link rel=\"canonical\" href=\"https:\/\/www.loopkinglaces.com\/fr\/products\/lacets-sans-attache-rose-vif-rayes-47-pouces\/\" \/>\n<meta property=\"og:locale\" content=\"fr_FR\" \/>\n<meta property=\"og:type\" content=\"article\" \/>\n<meta property=\"og:title\" content=\"Lacets sans noeuds ray\u00e9s rose vif - From Loop King\" \/>\n<meta property=\"og:description\" content=\"Ne te d\u00e9bats plus avec des lacets frustrants et d\u00e9faits pendant que tu fais ton jogging - passe aux lacets sans fil de premi\u00e8re qualit\u00e9 et fais de ton exp\u00e9rience de course un moment confortable et s\u00fbr.\" \/>\n<meta property=\"og:url\" content=\"https:\/\/www.loopkinglaces.com\/fr\/products\/lacets-sans-attache-rose-vif-rayes-47-pouces\/\" \/>\n<meta property=\"og:site_name\" content=\"Luxury Gold Tip Shoelaces by Loop King Laces\" \/>\n<meta property=\"article:publisher\" content=\"https:\/\/www.facebook.com\/LoopKingLaces\/\" \/>\n<meta property=\"og:image\" content=\"https:\/\/www.loopkinglaces.com\/wp-content\/uploads\/1216A-141-scaled.jpg\" \/>\n\t<meta property=\"og:image:width\" content=\"1600\" \/>\n\t<meta property=\"og:image:height\" content=\"1067\" \/>\n\t<meta property=\"og:image:type\" content=\"image\/jpeg\" \/>\n<meta name=\"twitter:card\" content=\"summary_large_image\" \/>\n<meta name=\"twitter:site\" content=\"@loopkinglaces\" \/>\n<script type=\"application\/ld+json\" class=\"yoast-schema-graph\">{\"@context\":\"https:\\\/\\\/schema.org\",\"@graph\":[{\"@type\":[\"WebPage\",\"ItemPage\"],\"@id\":\"https:\\\/\\\/www.loopkinglaces.com\\\/fr\\\/products\\\/lacets-sans-attache-rose-vif-rayes-47-pouces\\\/\",\"url\":\"https:\\\/\\\/www.loopkinglaces.com\\\/fr\\\/products\\\/lacets-sans-attache-rose-vif-rayes-47-pouces\\\/\",\"name\":\"Lacets sans noeuds ray\u00e9s rose vif - From Loop King\",\"isPartOf\":{\"@id\":\"https:\\\/\\\/www.loopkinglaces.com\\\/fr\\\/#website\"},\"primaryImageOfPage\":{\"@id\":\"https:\\\/\\\/www.loopkinglaces.com\\\/fr\\\/products\\\/lacets-sans-attache-rose-vif-rayes-47-pouces\\\/#primaryimage\"},\"image\":{\"@id\":\"https:\\\/\\\/www.loopkinglaces.com\\\/fr\\\/products\\\/lacets-sans-attache-rose-vif-rayes-47-pouces\\\/#primaryimage\"},\"thumbnailUrl\":\"https:\\\/\\\/www.loopkinglaces.com\\\/wp-content\\\/uploads\\\/1216A-141-scaled.jpg\",\"datePublished\":\"2023-01-07T10:36:15+00:00\",\"description\":\"Ne te d\u00e9bats plus avec des lacets frustrants et d\u00e9faits pendant que tu fais ton jogging - passe aux lacets sans fil de premi\u00e8re qualit\u00e9 et fais de ton exp\u00e9rience de course un moment confortable et s\u00fbr.\",\"breadcrumb\":{\"@id\":\"https:\\\/\\\/www.loopkinglaces.com\\\/fr\\\/products\\\/lacets-sans-attache-rose-vif-rayes-47-pouces\\\/#breadcrumb\"},\"inLanguage\":\"fr-FR\",\"potentialAction\":[{\"@type\":\"ReadAction\",\"target\":[\"https:\\\/\\\/www.loopkinglaces.com\\\/fr\\\/products\\\/lacets-sans-attache-rose-vif-rayes-47-pouces\\\/\"]}]},{\"@type\":\"ImageObject\",\"inLanguage\":\"fr-FR\",\"@id\":\"https:\\\/\\\/www.loopkinglaces.com\\\/fr\\\/products\\\/lacets-sans-attache-rose-vif-rayes-47-pouces\\\/#primaryimage\",\"url\":\"https:\\\/\\\/www.loopkinglaces.com\\\/wp-content\\\/uploads\\\/1216A-141-scaled.jpg\",\"contentUrl\":\"https:\\\/\\\/www.loopkinglaces.com\\\/wp-content\\\/uploads\\\/1216A-141-scaled.jpg\",\"width\":1600,\"height\":1067},{\"@type\":\"BreadcrumbList\",\"@id\":\"https:\\\/\\\/www.loopkinglaces.com\\\/fr\\\/products\\\/lacets-sans-attache-rose-vif-rayes-47-pouces\\\/#breadcrumb\",\"itemListElement\":[{\"@type\":\"ListItem\",\"position\":1,\"name\":\"Home\",\"item\":\"https:\\\/\\\/www.loopkinglaces.com\\\/fr\\\/\"},{\"@type\":\"ListItem\",\"position\":2,\"name\":\"ACHETER DES LACES\",\"item\":\"https:\\\/\\\/www.loopkinglaces.com\\\/fr\\\/acheter-des-laces\\\/\"},{\"@type\":\"ListItem\",\"position\":3,\"name\":\"Lacets sans attache rose vif ray\u00e9s &#8211; 47 pouces\"}]},{\"@type\":\"WebSite\",\"@id\":\"https:\\\/\\\/www.loopkinglaces.com\\\/fr\\\/#website\",\"url\":\"https:\\\/\\\/www.loopkinglaces.com\\\/fr\\\/\",\"name\":\"Luxury Gold Tip Shoelaces by Loop King Laces\",\"description\":\"Rope Laces, Flat Waxed Laces and Leather Laces. All With Gold Tips.\",\"publisher\":{\"@id\":\"https:\\\/\\\/www.loopkinglaces.com\\\/fr\\\/#organization\"},\"potentialAction\":[{\"@type\":\"SearchAction\",\"target\":{\"@type\":\"EntryPoint\",\"urlTemplate\":\"https:\\\/\\\/www.loopkinglaces.com\\\/fr\\\/?s={search_term_string}\"},\"query-input\":{\"@type\":\"PropertyValueSpecification\",\"valueRequired\":true,\"valueName\":\"search_term_string\"}}],\"inLanguage\":\"fr-FR\"},{\"@type\":\"Organization\",\"@id\":\"https:\\\/\\\/www.loopkinglaces.com\\\/fr\\\/#organization\",\"name\":\"Loop King Laces\",\"url\":\"https:\\\/\\\/www.loopkinglaces.com\\\/fr\\\/\",\"logo\":{\"@type\":\"ImageObject\",\"inLanguage\":\"fr-FR\",\"@id\":\"https:\\\/\\\/www.loopkinglaces.com\\\/fr\\\/#\\\/schema\\\/logo\\\/image\\\/\",\"url\":\"https:\\\/\\\/www.loopkinglaces.com\\\/wp-content\\\/uploads\\\/LOOP-KING-LACES.1.1-01-LOGO-HI-RES-OFFICIAL-1.png\",\"contentUrl\":\"https:\\\/\\\/www.loopkinglaces.com\\\/wp-content\\\/uploads\\\/LOOP-KING-LACES.1.1-01-LOGO-HI-RES-OFFICIAL-1.png\",\"width\":128,\"height\":91,\"caption\":\"Loop King Laces\"},\"image\":{\"@id\":\"https:\\\/\\\/www.loopkinglaces.com\\\/fr\\\/#\\\/schema\\\/logo\\\/image\\\/\"},\"sameAs\":[\"https:\\\/\\\/www.facebook.com\\\/LoopKingLaces\\\/\",\"https:\\\/\\\/x.com\\\/loopkinglaces\",\"https:\\\/\\\/www.instagram.com\\\/loopkinglaces\\\/\"]}]}<\/script>\n<!-- \/ Yoast SEO plugin. -->","yoast_head_json":{"title":"Lacets sans noeuds ray\u00e9s rose vif - From Loop King","description":"Ne te d\u00e9bats plus avec des lacets frustrants et d\u00e9faits pendant que tu fais ton jogging - passe aux lacets sans fil de premi\u00e8re qualit\u00e9 et fais de ton exp\u00e9rience de course un moment confortable et s\u00fbr.","robots":{"index":"index","follow":"follow","max-snippet":"max-snippet:-1","max-image-preview":"max-image-preview:large","max-video-preview":"max-video-preview:-1"},"canonical":"https:\/\/www.loopkinglaces.com\/fr\/products\/lacets-sans-attache-rose-vif-rayes-47-pouces\/","og_locale":"fr_FR","og_type":"article","og_title":"Lacets sans noeuds ray\u00e9s rose vif - From Loop King","og_description":"Ne te d\u00e9bats plus avec des lacets frustrants et d\u00e9faits pendant que tu fais ton jogging - passe aux lacets sans fil de premi\u00e8re qualit\u00e9 et fais de ton exp\u00e9rience de course un moment confortable et s\u00fbr.","og_url":"https:\/\/www.loopkinglaces.com\/fr\/products\/lacets-sans-attache-rose-vif-rayes-47-pouces\/","og_site_name":"Luxury Gold Tip Shoelaces by Loop King Laces","article_publisher":"https:\/\/www.facebook.com\/LoopKingLaces\/","og_image":[{"width":1600,"height":1067,"url":"https:\/\/www.loopkinglaces.com\/wp-content\/uploads\/1216A-141-scaled.jpg","type":"image\/jpeg"}],"twitter_card":"summary_large_image","twitter_site":"@loopkinglaces","schema":{"@context":"https:\/\/schema.org","@graph":[{"@type":["WebPage","ItemPage"],"@id":"https:\/\/www.loopkinglaces.com\/fr\/products\/lacets-sans-attache-rose-vif-rayes-47-pouces\/","url":"https:\/\/www.loopkinglaces.com\/fr\/products\/lacets-sans-attache-rose-vif-rayes-47-pouces\/","name":"Lacets sans noeuds ray\u00e9s rose vif - From Loop King","isPartOf":{"@id":"https:\/\/www.loopkinglaces.com\/fr\/#website"},"primaryImageOfPage":{"@id":"https:\/\/www.loopkinglaces.com\/fr\/products\/lacets-sans-attache-rose-vif-rayes-47-pouces\/#primaryimage"},"image":{"@id":"https:\/\/www.loopkinglaces.com\/fr\/products\/lacets-sans-attache-rose-vif-rayes-47-pouces\/#primaryimage"},"thumbnailUrl":"https:\/\/www.loopkinglaces.com\/wp-content\/uploads\/1216A-141-scaled.jpg","datePublished":"2023-01-07T10:36:15+00:00","description":"Ne te d\u00e9bats plus avec des lacets frustrants et d\u00e9faits pendant que tu fais ton jogging - passe aux lacets sans fil de premi\u00e8re qualit\u00e9 et fais de ton exp\u00e9rience de course un moment confortable et s\u00fbr.","breadcrumb":{"@id":"https:\/\/www.loopkinglaces.com\/fr\/products\/lacets-sans-attache-rose-vif-rayes-47-pouces\/#breadcrumb"},"inLanguage":"fr-FR","potentialAction":[{"@type":"ReadAction","target":["https:\/\/www.loopkinglaces.com\/fr\/products\/lacets-sans-attache-rose-vif-rayes-47-pouces\/"]}]},{"@type":"ImageObject","inLanguage":"fr-FR","@id":"https:\/\/www.loopkinglaces.com\/fr\/products\/lacets-sans-attache-rose-vif-rayes-47-pouces\/#primaryimage","url":"https:\/\/www.loopkinglaces.com\/wp-content\/uploads\/1216A-141-scaled.jpg","contentUrl":"https:\/\/www.loopkinglaces.com\/wp-content\/uploads\/1216A-141-scaled.jpg","width":1600,"height":1067},{"@type":"BreadcrumbList","@id":"https:\/\/www.loopkinglaces.com\/fr\/products\/lacets-sans-attache-rose-vif-rayes-47-pouces\/#breadcrumb","itemListElement":[{"@type":"ListItem","position":1,"name":"Home","item":"https:\/\/www.loopkinglaces.com\/fr\/"},{"@type":"ListItem","position":2,"name":"ACHETER DES LACES","item":"https:\/\/www.loopkinglaces.com\/fr\/acheter-des-laces\/"},{"@type":"ListItem","position":3,"name":"Lacets sans attache rose vif ray\u00e9s &#8211; 47 pouces"}]},{"@type":"WebSite","@id":"https:\/\/www.loopkinglaces.com\/fr\/#website","url":"https:\/\/www.loopkinglaces.com\/fr\/","name":"Luxury Gold Tip Shoelaces by Loop King Laces","description":"Rope Laces, Flat Waxed Laces and Leather Laces. All With Gold Tips.","publisher":{"@id":"https:\/\/www.loopkinglaces.com\/fr\/#organization"},"potentialAction":[{"@type":"SearchAction","target":{"@type":"EntryPoint","urlTemplate":"https:\/\/www.loopkinglaces.com\/fr\/?s={search_term_string}"},"query-input":{"@type":"PropertyValueSpecification","valueRequired":true,"valueName":"search_term_string"}}],"inLanguage":"fr-FR"},{"@type":"Organization","@id":"https:\/\/www.loopkinglaces.com\/fr\/#organization","name":"Loop King Laces","url":"https:\/\/www.loopkinglaces.com\/fr\/","logo":{"@type":"ImageObject","inLanguage":"fr-FR","@id":"https:\/\/www.loopkinglaces.com\/fr\/#\/schema\/logo\/image\/","url":"https:\/\/www.loopkinglaces.com\/wp-content\/uploads\/LOOP-KING-LACES.1.1-01-LOGO-HI-RES-OFFICIAL-1.png","contentUrl":"https:\/\/www.loopkinglaces.com\/wp-content\/uploads\/LOOP-KING-LACES.1.1-01-LOGO-HI-RES-OFFICIAL-1.png","width":128,"height":91,"caption":"Loop King Laces"},"image":{"@id":"https:\/\/www.loopkinglaces.com\/fr\/#\/schema\/logo\/image\/"},"sameAs":["https:\/\/www.facebook.com\/LoopKingLaces\/","https:\/\/x.com\/loopkinglaces","https:\/\/www.instagram.com\/loopkinglaces\/"]}]}},"_links":{"self":[{"href":"https:\/\/www.loopkinglaces.com\/fr\/wp-json\/wp\/v2\/product\/70787","targetHints":{"allow":["GET"]}}],"collection":[{"href":"https:\/\/www.loopkinglaces.com\/fr\/wp-json\/wp\/v2\/product"}],"about":[{"href":"https:\/\/www.loopkinglaces.com\/fr\/wp-json\/wp\/v2\/types\/product"}],"replies":[{"embeddable":true,"href":"https:\/\/www.loopkinglaces.com\/fr\/wp-json\/wp\/v2\/comments?post=70787"}],"wp:featuredmedia":[{"embeddable":true,"href":"https:\/\/www.loopkinglaces.com\/fr\/wp-json\/wp\/v2\/media\/70790"}],"wp:attachment":[{"href":"https:\/\/www.loopkinglaces.com\/fr\/wp-json\/wp\/v2\/media?parent=70787"}],"wp:term":[{"taxonomy":"product_brand","embeddable":true,"href":"https:\/\/www.loopkinglaces.com\/fr\/wp-json\/wp\/v2\/product_brand?post=70787"},{"taxonomy":"product_cat","embeddable":true,"href":"https:\/\/www.loopkinglaces.com\/fr\/wp-json\/wp\/v2\/product_cat?post=70787"},{"taxonomy":"product_tag","embeddable":true,"href":"https:\/\/www.loopkinglaces.com\/fr\/wp-json\/wp\/v2\/product_tag?post=70787"},{"taxonomy":"woo-feed-brand","embeddable":true,"href":"https:\/\/www.loopkinglaces.com\/fr\/wp-json\/wp\/v2\/woo-feed-brand?post=70787"}],"curies":[{"name":"wp","href":"https:\/\/api.w.org\/{rel}","templated":true}]}}