{"id":70667,"date":"2023-01-03T05:33:46","date_gmt":"2023-01-03T05:33:46","guid":{"rendered":"https:\/\/www.loopkinglaces.com\/products\/cordes-a-capuche-en-cuir-de-luxe-avec-pointes-en-or\/"},"modified":"2023-01-03T05:33:46","modified_gmt":"2023-01-03T05:33:46","slug":"cordes-a-capuche-en-cuir-de-luxe-avec-pointes-en-or","status":"publish","type":"product","link":"https:\/\/www.loopkinglaces.com\/fr\/products\/cordes-a-capuche-en-cuir-de-luxe-avec-pointes-en-or\/","title":{"rendered":"Cordes \u00e0 capuche en cuir de luxe avec pointes en or"},"content":{"rendered":"<h3><a href=\"https:\/\/www.loopkinglaces.com\/\"><a href=\"https:\/\/www.loopkinglaces.com\/\">Dessins de luxe pour les pantalons et les shorts<\/a><\/a><\/h3>\n<p>  Loop King Laces ne fournit que des cordons \u00e0 pointe dor\u00e9e de la plus haute qualit\u00e9.<br \/>\nNos cordons en cuir v\u00e9ritable sont fabriqu\u00e9s avec des pointes en m\u00e9tal gaufr\u00e9 repr\u00e9sentant LOOP KING et notre couronne symbolique.<br \/>\nChaque cordon est 100 % r\u00e9sistant au feu, ce qui montre la qualit\u00e9 r\u00e9elle de nos cordons pour les pantalons et les shorts.  <\/p>\n","protected":false},"excerpt":{"rendered":"<p>Cordons <strong>en cuir dor\u00e9 avec pointes dor\u00e9es<\/strong> Loop King Laces &#8211; Nos cordons en cuir dor\u00e9 pour sweat \u00e0 capuche sont livr\u00e9s avec des pointes en m\u00e9tal gaufr\u00e9.<br \/>\nTous nos lacets de luxe pour sweat \u00e0 capuche en cuir sont fabriqu\u00e9s en cuir v\u00e9ritable avec des mat\u00e9riaux de la plus haute qualit\u00e9, tant pour les lacets que pour la pointe en m\u00e9tal.  Regarde nos caract\u00e9ristiques compl\u00e8tes ci-dessous :  <\/p>\n<ul>\n<li>Largeur de 6 mm (plat)<\/li>\n<li>Cuir v\u00e9ritable<\/li>\n<li>100% <strong>r\u00e9sistant \u00e0 la flamme<\/strong><\/li>\n<li>Aglette d&#8217;or du roi des boucles<\/li>\n<li>Belle boucle d&#8217;emballage King<\/li>\n<\/ul>\n","protected":false},"featured_media":74482,"comment_status":"open","ping_status":"closed","template":"","meta":{"_acf_changed":false},"product_brand":[],"product_cat":[1437,1712,1502],"product_tag":[1072,1530,962,1073,961,963],"woo-feed-brand":[],"class_list":{"0":"post-70667","1":"product","2":"type-product","3":"status-publish","4":"has-post-thumbnail","6":"product_cat-extremites-de-cordon-de-capuche-en-or-qui-prolongeront-la-duree-de-vie-de-tes-cordons-de-serrage","7":"product_cat-lacets-en-tricot-nike-fly","8":"product_cat-lacets-veja-quand-les-chaussures-parlent","9":"product_tag-chaussures","10":"product_tag-lor","11":"product_tag-lacets","12":"product_tag-lacets-en-cuir","13":"product_tag-loop-king-fr","14":"product_tag-pointe-en-metal","16":"first","17":"instock","18":"taxable","19":"shipping-taxable","20":"purchasable","21":"product-type-variable"},"acf":[],"yoast_head":"<!-- This site is optimized with the Yoast SEO plugin v27.4 - https:\/\/yoast.com\/product\/yoast-seo-wordpress\/ -->\n<title>Cordes \u00e0 capuchon en cuir de luxe avec pointes en or - From Loop King<\/title>\n<meta name=\"description\" content=\"Ach\u00e8te ici des ficelles dor\u00e9es pour hoodie et sweatshirt qui sont con\u00e7ues \u00e0 partir de mat\u00e9riaux de premi\u00e8re qualit\u00e9. Ces ficelles de luxe te feront d\u00e9border de fiert\u00e9.\" \/>\n<meta name=\"robots\" content=\"index, follow, max-snippet:-1, max-image-preview:large, max-video-preview:-1\" \/>\n<link rel=\"canonical\" href=\"https:\/\/www.loopkinglaces.com\/fr\/products\/cordes-a-capuche-en-cuir-de-luxe-avec-pointes-en-or\/\" \/>\n<meta property=\"og:locale\" content=\"fr_FR\" \/>\n<meta property=\"og:type\" content=\"article\" \/>\n<meta property=\"og:title\" content=\"Cordes \u00e0 capuchon en cuir de luxe avec pointes en or - From Loop King\" \/>\n<meta property=\"og:description\" content=\"Ach\u00e8te ici des ficelles dor\u00e9es pour hoodie et sweatshirt qui sont con\u00e7ues \u00e0 partir de mat\u00e9riaux de premi\u00e8re qualit\u00e9. Ces ficelles de luxe te feront d\u00e9border de fiert\u00e9.\" \/>\n<meta property=\"og:url\" content=\"https:\/\/www.loopkinglaces.com\/fr\/products\/cordes-a-capuche-en-cuir-de-luxe-avec-pointes-en-or\/\" \/>\n<meta property=\"og:site_name\" content=\"Luxury Gold Tip Shoelaces by Loop King Laces\" \/>\n<meta property=\"article:publisher\" content=\"https:\/\/www.facebook.com\/LoopKingLaces\/\" \/>\n<meta property=\"og:image\" content=\"https:\/\/www.loopkinglaces.com\/wp-content\/uploads\/Luxury-Gold-Leather-Shoe-Laces-With-Gold-Tips.jpg\" \/>\n\t<meta property=\"og:image:width\" content=\"1000\" \/>\n\t<meta property=\"og:image:height\" content=\"1000\" \/>\n\t<meta property=\"og:image:type\" content=\"image\/jpeg\" \/>\n<meta name=\"twitter:card\" content=\"summary_large_image\" \/>\n<meta name=\"twitter:site\" content=\"@loopkinglaces\" \/>\n<script type=\"application\/ld+json\" class=\"yoast-schema-graph\">{\"@context\":\"https:\\\/\\\/schema.org\",\"@graph\":[{\"@type\":[\"WebPage\",\"ItemPage\"],\"@id\":\"https:\\\/\\\/www.loopkinglaces.com\\\/fr\\\/products\\\/cordes-a-capuche-en-cuir-de-luxe-avec-pointes-en-or\\\/\",\"url\":\"https:\\\/\\\/www.loopkinglaces.com\\\/fr\\\/products\\\/cordes-a-capuche-en-cuir-de-luxe-avec-pointes-en-or\\\/\",\"name\":\"Cordes \u00e0 capuchon en cuir de luxe avec pointes en or - From Loop King\",\"isPartOf\":{\"@id\":\"https:\\\/\\\/www.loopkinglaces.com\\\/fr\\\/#website\"},\"primaryImageOfPage\":{\"@id\":\"https:\\\/\\\/www.loopkinglaces.com\\\/fr\\\/products\\\/cordes-a-capuche-en-cuir-de-luxe-avec-pointes-en-or\\\/#primaryimage\"},\"image\":{\"@id\":\"https:\\\/\\\/www.loopkinglaces.com\\\/fr\\\/products\\\/cordes-a-capuche-en-cuir-de-luxe-avec-pointes-en-or\\\/#primaryimage\"},\"thumbnailUrl\":\"https:\\\/\\\/www.loopkinglaces.com\\\/wp-content\\\/uploads\\\/Luxury-Gold-Leather-Shoe-Laces-With-Gold-Tips.jpg\",\"datePublished\":\"2023-01-03T05:33:46+00:00\",\"description\":\"Ach\u00e8te ici des ficelles dor\u00e9es pour hoodie et sweatshirt qui sont con\u00e7ues \u00e0 partir de mat\u00e9riaux de premi\u00e8re qualit\u00e9. Ces ficelles de luxe te feront d\u00e9border de fiert\u00e9.\",\"breadcrumb\":{\"@id\":\"https:\\\/\\\/www.loopkinglaces.com\\\/fr\\\/products\\\/cordes-a-capuche-en-cuir-de-luxe-avec-pointes-en-or\\\/#breadcrumb\"},\"inLanguage\":\"fr-FR\",\"potentialAction\":[{\"@type\":\"ReadAction\",\"target\":[\"https:\\\/\\\/www.loopkinglaces.com\\\/fr\\\/products\\\/cordes-a-capuche-en-cuir-de-luxe-avec-pointes-en-or\\\/\"]}]},{\"@type\":\"ImageObject\",\"inLanguage\":\"fr-FR\",\"@id\":\"https:\\\/\\\/www.loopkinglaces.com\\\/fr\\\/products\\\/cordes-a-capuche-en-cuir-de-luxe-avec-pointes-en-or\\\/#primaryimage\",\"url\":\"https:\\\/\\\/www.loopkinglaces.com\\\/wp-content\\\/uploads\\\/Luxury-Gold-Leather-Shoe-Laces-With-Gold-Tips.jpg\",\"contentUrl\":\"https:\\\/\\\/www.loopkinglaces.com\\\/wp-content\\\/uploads\\\/Luxury-Gold-Leather-Shoe-Laces-With-Gold-Tips.jpg\",\"width\":1000,\"height\":1000},{\"@type\":\"BreadcrumbList\",\"@id\":\"https:\\\/\\\/www.loopkinglaces.com\\\/fr\\\/products\\\/cordes-a-capuche-en-cuir-de-luxe-avec-pointes-en-or\\\/#breadcrumb\",\"itemListElement\":[{\"@type\":\"ListItem\",\"position\":1,\"name\":\"Home\",\"item\":\"https:\\\/\\\/www.loopkinglaces.com\\\/fr\\\/\"},{\"@type\":\"ListItem\",\"position\":2,\"name\":\"ACHETER DES LACES\",\"item\":\"https:\\\/\\\/www.loopkinglaces.com\\\/fr\\\/acheter-des-laces\\\/\"},{\"@type\":\"ListItem\",\"position\":3,\"name\":\"Cordes \u00e0 capuche en cuir de luxe avec pointes en or\"}]},{\"@type\":\"WebSite\",\"@id\":\"https:\\\/\\\/www.loopkinglaces.com\\\/fr\\\/#website\",\"url\":\"https:\\\/\\\/www.loopkinglaces.com\\\/fr\\\/\",\"name\":\"Luxury Gold Tip Shoelaces by Loop King Laces\",\"description\":\"Rope Laces, Flat Waxed Laces and Leather Laces. All With Gold Tips.\",\"publisher\":{\"@id\":\"https:\\\/\\\/www.loopkinglaces.com\\\/fr\\\/#organization\"},\"potentialAction\":[{\"@type\":\"SearchAction\",\"target\":{\"@type\":\"EntryPoint\",\"urlTemplate\":\"https:\\\/\\\/www.loopkinglaces.com\\\/fr\\\/?s={search_term_string}\"},\"query-input\":{\"@type\":\"PropertyValueSpecification\",\"valueRequired\":true,\"valueName\":\"search_term_string\"}}],\"inLanguage\":\"fr-FR\"},{\"@type\":\"Organization\",\"@id\":\"https:\\\/\\\/www.loopkinglaces.com\\\/fr\\\/#organization\",\"name\":\"Loop King Laces\",\"url\":\"https:\\\/\\\/www.loopkinglaces.com\\\/fr\\\/\",\"logo\":{\"@type\":\"ImageObject\",\"inLanguage\":\"fr-FR\",\"@id\":\"https:\\\/\\\/www.loopkinglaces.com\\\/fr\\\/#\\\/schema\\\/logo\\\/image\\\/\",\"url\":\"https:\\\/\\\/www.loopkinglaces.com\\\/wp-content\\\/uploads\\\/LOOP-KING-LACES.1.1-01-LOGO-HI-RES-OFFICIAL-1.png\",\"contentUrl\":\"https:\\\/\\\/www.loopkinglaces.com\\\/wp-content\\\/uploads\\\/LOOP-KING-LACES.1.1-01-LOGO-HI-RES-OFFICIAL-1.png\",\"width\":128,\"height\":91,\"caption\":\"Loop King Laces\"},\"image\":{\"@id\":\"https:\\\/\\\/www.loopkinglaces.com\\\/fr\\\/#\\\/schema\\\/logo\\\/image\\\/\"},\"sameAs\":[\"https:\\\/\\\/www.facebook.com\\\/LoopKingLaces\\\/\",\"https:\\\/\\\/x.com\\\/loopkinglaces\",\"https:\\\/\\\/www.instagram.com\\\/loopkinglaces\\\/\"]}]}<\/script>\n<!-- \/ Yoast SEO plugin. -->","yoast_head_json":{"title":"Cordes \u00e0 capuchon en cuir de luxe avec pointes en or - From Loop King","description":"Ach\u00e8te ici des ficelles dor\u00e9es pour hoodie et sweatshirt qui sont con\u00e7ues \u00e0 partir de mat\u00e9riaux de premi\u00e8re qualit\u00e9. Ces ficelles de luxe te feront d\u00e9border de fiert\u00e9.","robots":{"index":"index","follow":"follow","max-snippet":"max-snippet:-1","max-image-preview":"max-image-preview:large","max-video-preview":"max-video-preview:-1"},"canonical":"https:\/\/www.loopkinglaces.com\/fr\/products\/cordes-a-capuche-en-cuir-de-luxe-avec-pointes-en-or\/","og_locale":"fr_FR","og_type":"article","og_title":"Cordes \u00e0 capuchon en cuir de luxe avec pointes en or - From Loop King","og_description":"Ach\u00e8te ici des ficelles dor\u00e9es pour hoodie et sweatshirt qui sont con\u00e7ues \u00e0 partir de mat\u00e9riaux de premi\u00e8re qualit\u00e9. Ces ficelles de luxe te feront d\u00e9border de fiert\u00e9.","og_url":"https:\/\/www.loopkinglaces.com\/fr\/products\/cordes-a-capuche-en-cuir-de-luxe-avec-pointes-en-or\/","og_site_name":"Luxury Gold Tip Shoelaces by Loop King Laces","article_publisher":"https:\/\/www.facebook.com\/LoopKingLaces\/","og_image":[{"width":1000,"height":1000,"url":"https:\/\/www.loopkinglaces.com\/wp-content\/uploads\/Luxury-Gold-Leather-Shoe-Laces-With-Gold-Tips.jpg","type":"image\/jpeg"}],"twitter_card":"summary_large_image","twitter_site":"@loopkinglaces","schema":{"@context":"https:\/\/schema.org","@graph":[{"@type":["WebPage","ItemPage"],"@id":"https:\/\/www.loopkinglaces.com\/fr\/products\/cordes-a-capuche-en-cuir-de-luxe-avec-pointes-en-or\/","url":"https:\/\/www.loopkinglaces.com\/fr\/products\/cordes-a-capuche-en-cuir-de-luxe-avec-pointes-en-or\/","name":"Cordes \u00e0 capuchon en cuir de luxe avec pointes en or - From Loop King","isPartOf":{"@id":"https:\/\/www.loopkinglaces.com\/fr\/#website"},"primaryImageOfPage":{"@id":"https:\/\/www.loopkinglaces.com\/fr\/products\/cordes-a-capuche-en-cuir-de-luxe-avec-pointes-en-or\/#primaryimage"},"image":{"@id":"https:\/\/www.loopkinglaces.com\/fr\/products\/cordes-a-capuche-en-cuir-de-luxe-avec-pointes-en-or\/#primaryimage"},"thumbnailUrl":"https:\/\/www.loopkinglaces.com\/wp-content\/uploads\/Luxury-Gold-Leather-Shoe-Laces-With-Gold-Tips.jpg","datePublished":"2023-01-03T05:33:46+00:00","description":"Ach\u00e8te ici des ficelles dor\u00e9es pour hoodie et sweatshirt qui sont con\u00e7ues \u00e0 partir de mat\u00e9riaux de premi\u00e8re qualit\u00e9. Ces ficelles de luxe te feront d\u00e9border de fiert\u00e9.","breadcrumb":{"@id":"https:\/\/www.loopkinglaces.com\/fr\/products\/cordes-a-capuche-en-cuir-de-luxe-avec-pointes-en-or\/#breadcrumb"},"inLanguage":"fr-FR","potentialAction":[{"@type":"ReadAction","target":["https:\/\/www.loopkinglaces.com\/fr\/products\/cordes-a-capuche-en-cuir-de-luxe-avec-pointes-en-or\/"]}]},{"@type":"ImageObject","inLanguage":"fr-FR","@id":"https:\/\/www.loopkinglaces.com\/fr\/products\/cordes-a-capuche-en-cuir-de-luxe-avec-pointes-en-or\/#primaryimage","url":"https:\/\/www.loopkinglaces.com\/wp-content\/uploads\/Luxury-Gold-Leather-Shoe-Laces-With-Gold-Tips.jpg","contentUrl":"https:\/\/www.loopkinglaces.com\/wp-content\/uploads\/Luxury-Gold-Leather-Shoe-Laces-With-Gold-Tips.jpg","width":1000,"height":1000},{"@type":"BreadcrumbList","@id":"https:\/\/www.loopkinglaces.com\/fr\/products\/cordes-a-capuche-en-cuir-de-luxe-avec-pointes-en-or\/#breadcrumb","itemListElement":[{"@type":"ListItem","position":1,"name":"Home","item":"https:\/\/www.loopkinglaces.com\/fr\/"},{"@type":"ListItem","position":2,"name":"ACHETER DES LACES","item":"https:\/\/www.loopkinglaces.com\/fr\/acheter-des-laces\/"},{"@type":"ListItem","position":3,"name":"Cordes \u00e0 capuche en cuir de luxe avec pointes en or"}]},{"@type":"WebSite","@id":"https:\/\/www.loopkinglaces.com\/fr\/#website","url":"https:\/\/www.loopkinglaces.com\/fr\/","name":"Luxury Gold Tip Shoelaces by Loop King Laces","description":"Rope Laces, Flat Waxed Laces and Leather Laces. All With Gold Tips.","publisher":{"@id":"https:\/\/www.loopkinglaces.com\/fr\/#organization"},"potentialAction":[{"@type":"SearchAction","target":{"@type":"EntryPoint","urlTemplate":"https:\/\/www.loopkinglaces.com\/fr\/?s={search_term_string}"},"query-input":{"@type":"PropertyValueSpecification","valueRequired":true,"valueName":"search_term_string"}}],"inLanguage":"fr-FR"},{"@type":"Organization","@id":"https:\/\/www.loopkinglaces.com\/fr\/#organization","name":"Loop King Laces","url":"https:\/\/www.loopkinglaces.com\/fr\/","logo":{"@type":"ImageObject","inLanguage":"fr-FR","@id":"https:\/\/www.loopkinglaces.com\/fr\/#\/schema\/logo\/image\/","url":"https:\/\/www.loopkinglaces.com\/wp-content\/uploads\/LOOP-KING-LACES.1.1-01-LOGO-HI-RES-OFFICIAL-1.png","contentUrl":"https:\/\/www.loopkinglaces.com\/wp-content\/uploads\/LOOP-KING-LACES.1.1-01-LOGO-HI-RES-OFFICIAL-1.png","width":128,"height":91,"caption":"Loop King Laces"},"image":{"@id":"https:\/\/www.loopkinglaces.com\/fr\/#\/schema\/logo\/image\/"},"sameAs":["https:\/\/www.facebook.com\/LoopKingLaces\/","https:\/\/x.com\/loopkinglaces","https:\/\/www.instagram.com\/loopkinglaces\/"]}]}},"_links":{"self":[{"href":"https:\/\/www.loopkinglaces.com\/fr\/wp-json\/wp\/v2\/product\/70667","targetHints":{"allow":["GET"]}}],"collection":[{"href":"https:\/\/www.loopkinglaces.com\/fr\/wp-json\/wp\/v2\/product"}],"about":[{"href":"https:\/\/www.loopkinglaces.com\/fr\/wp-json\/wp\/v2\/types\/product"}],"replies":[{"embeddable":true,"href":"https:\/\/www.loopkinglaces.com\/fr\/wp-json\/wp\/v2\/comments?post=70667"}],"wp:featuredmedia":[{"embeddable":true,"href":"https:\/\/www.loopkinglaces.com\/fr\/wp-json\/wp\/v2\/media\/74482"}],"wp:attachment":[{"href":"https:\/\/www.loopkinglaces.com\/fr\/wp-json\/wp\/v2\/media?parent=70667"}],"wp:term":[{"taxonomy":"product_brand","embeddable":true,"href":"https:\/\/www.loopkinglaces.com\/fr\/wp-json\/wp\/v2\/product_brand?post=70667"},{"taxonomy":"product_cat","embeddable":true,"href":"https:\/\/www.loopkinglaces.com\/fr\/wp-json\/wp\/v2\/product_cat?post=70667"},{"taxonomy":"product_tag","embeddable":true,"href":"https:\/\/www.loopkinglaces.com\/fr\/wp-json\/wp\/v2\/product_tag?post=70667"},{"taxonomy":"woo-feed-brand","embeddable":true,"href":"https:\/\/www.loopkinglaces.com\/fr\/wp-json\/wp\/v2\/woo-feed-brand?post=70667"}],"curies":[{"name":"wp","href":"https:\/\/api.w.org\/{rel}","templated":true}]}}